{"id":52711,"date":"2021-08-24T15:52:28","date_gmt":"2021-08-24T13:52:28","guid":{"rendered":"https:\/\/www.eliassen.nl\/?product=tafellamp-glas-casper-murrina-45cm"},"modified":"2024-12-05T15:53:02","modified_gmt":"2024-12-05T14:53:02","slug":"glastischlampe-casper-murrina-45cm","status":"publish","type":"product","link":"https:\/\/dev.eliassen.nl\/de\/glastischlampe-casper-murrina-45cm\/","title":{"rendered":"Glastischlampe Casper Murrina 45cm"},"content":{"rendered":"<p>Diese dicke Glaslampe wird eine Bereicherung f\u00fcr Ihr Zuhause oder Ihr Unternehmen sein. Es handelt sich um ein einzigartiges St\u00fcck Glas, da dieses Modell mundgeblasen ist und daher jedes St\u00fcck ein Unikat in Farbe und Form ist. Die Farben mit dem wei\u00dfen Glas erzeugen einen wunderbar sch\u00f6nen Lichteffekt. Da bei diesen Glaslampen keine W\u00e4rme entstehen sollte, sollten Sie in diesen Lampen auf LED-Lampen zur\u00fcckgreifen, da dieser Lampentyp kaum W\u00e4rme erzeugt. Diese Glaslampe hat eine E27-Fassung und ein 1,5 m langes Kabel mit Schalter.<\/p>\n<p><strong>Sie k\u00f6nnen diese Lampenserie auch live in unserem Shop betrachten<\/strong><\/p>\n<ul>\n<li>Marke: Loranto<\/li>\n<li>Gr\u00f6\u00dfe ca.: 19x45cm<\/li>\n<li>Material: B\u00f6hmisches Glas, mundgeblasen.<\/li>\n<li>Jedes Exemplar ist in Form und Farbe einzigartig<\/li>\n<li>Schnell geliefert.<\/li>\n<li>Bei mundgeblasenen Glasartikeln kann es immer zu Unebenheiten wie kleinen Punkten oder Luftbl\u00e4schen kommen, die nicht beanstandet werden k\u00f6nnen.<\/li>\n<\/ul>\n","protected":false},"excerpt":{"rendered":"<p>Glaslampe aus Bohemia-Glas, mundgeblasen von der Marke Loranto.<\/p>\n","protected":false},"featured_media":52702,"template":"","meta":{"_acf_changed":false},"product_brand":[],"product_cat":[800,809,749,746],"product_tag":[],"class_list":{"0":"post-52711","1":"product","2":"type-product","3":"status-publish","4":"has-post-thumbnail","6":"product_cat-glaskunst","7":"product_cat-glaslampen","9":"product_cat-stimmungsvolle-beleuchtung","11":"first","12":"instock","13":"taxable","14":"shipping-taxable","15":"purchasable","16":"product-type-simple"},"acf":[],"yoast_head":"<!-- This site is optimized with the Yoast SEO plugin v23.8 - https:\/\/yoast.com\/wordpress\/plugins\/seo\/ -->\n<title>Glastischlampe Casper Murrina 45cm<\/title>\n<meta name=\"description\" content=\"Auf der Suche nach einer sch\u00f6nen Stimmungslampe? Sehen Sie sich diese wundersch\u00f6ne mundgeblasene Glaslampe in Punktform und wundersch\u00f6nen Farben an. Live zu ...\" \/>\n<meta name=\"robots\" content=\"noindex, follow, max-snippet:-1, max-image-preview:large, max-video-preview:-1\" \/>\n<meta property=\"og:locale\" content=\"de_DE\" \/>\n<meta property=\"og:type\" content=\"article\" \/>\n<meta property=\"og:title\" content=\"Glastischlampe Casper Murrina 45cm\" \/>\n<meta property=\"og:description\" content=\"Auf der Suche nach einer sch\u00f6nen Stimmungslampe? Sehen Sie sich diese wundersch\u00f6ne mundgeblasene Glaslampe in Punktform und wundersch\u00f6nen Farben an. Live zu ...\" \/>\n<meta property=\"og:url\" content=\"https:\/\/dev.eliassen.nl\/de\/glastischlampe-casper-murrina-45cm\/\" \/>\n<meta property=\"og:site_name\" content=\"Eliassen.nl\" \/>\n<meta property=\"article:publisher\" content=\"https:\/\/www.facebook.com\/TuincentrumEliassenAmmerzoden\" \/>\n<meta property=\"article:modified_time\" content=\"2024-12-05T14:53:02+00:00\" \/>\n<meta property=\"og:image\" content=\"https:\/\/dev.eliassen.nl\/wp-content\/uploads\/2024\/01\/mijnproject_160nd.png\" \/>\n\t<meta property=\"og:image:width\" content=\"491\" \/>\n\t<meta property=\"og:image:height\" content=\"999\" \/>\n\t<meta property=\"og:image:type\" content=\"image\/png\" \/>\n<meta name=\"twitter:card\" content=\"summary_large_image\" \/>\n<script type=\"application\/ld+json\" class=\"yoast-schema-graph\">{\"@context\":\"https:\/\/schema.org\",\"@graph\":[{\"@type\":\"WebPage\",\"@id\":\"https:\/\/dev.eliassen.nl\/de\/glastischlampe-casper-murrina-45cm\/\",\"url\":\"https:\/\/dev.eliassen.nl\/de\/glastischlampe-casper-murrina-45cm\/\",\"name\":\"Glastischlampe Casper Murrina 45cm\",\"isPartOf\":{\"@id\":\"https:\/\/dev.eliassen.nl\/de\/#website\"},\"primaryImageOfPage\":{\"@id\":\"https:\/\/dev.eliassen.nl\/de\/glastischlampe-casper-murrina-45cm\/#primaryimage\"},\"image\":{\"@id\":\"https:\/\/dev.eliassen.nl\/de\/glastischlampe-casper-murrina-45cm\/#primaryimage\"},\"thumbnailUrl\":\"https:\/\/dev.eliassen.nl\/wp-content\/uploads\/2024\/01\/mijnproject_160nd.png\",\"datePublished\":\"2021-08-24T13:52:28+00:00\",\"dateModified\":\"2024-12-05T14:53:02+00:00\",\"description\":\"Auf der Suche nach einer sch\u00f6nen Stimmungslampe? Sehen Sie sich diese wundersch\u00f6ne mundgeblasene Glaslampe in Punktform und wundersch\u00f6nen Farben an. Live zu ...\",\"breadcrumb\":{\"@id\":\"https:\/\/dev.eliassen.nl\/de\/glastischlampe-casper-murrina-45cm\/#breadcrumb\"},\"inLanguage\":\"de\",\"potentialAction\":[{\"@type\":\"ReadAction\",\"target\":[\"https:\/\/dev.eliassen.nl\/de\/glastischlampe-casper-murrina-45cm\/\"]}]},{\"@type\":\"ImageObject\",\"inLanguage\":\"de\",\"@id\":\"https:\/\/dev.eliassen.nl\/de\/glastischlampe-casper-murrina-45cm\/#primaryimage\",\"url\":\"https:\/\/dev.eliassen.nl\/wp-content\/uploads\/2024\/01\/mijnproject_160nd.png\",\"contentUrl\":\"https:\/\/dev.eliassen.nl\/wp-content\/uploads\/2024\/01\/mijnproject_160nd.png\",\"width\":491,\"height\":999,\"caption\":\"Mijn project\"},{\"@type\":\"BreadcrumbList\",\"@id\":\"https:\/\/dev.eliassen.nl\/de\/glastischlampe-casper-murrina-45cm\/#breadcrumb\",\"itemListElement\":[{\"@type\":\"ListItem\",\"position\":1,\"name\":\"Home\",\"item\":\"https:\/\/dev.eliassen.nl\/de\/\"},{\"@type\":\"ListItem\",\"position\":2,\"name\":\"Shop\",\"item\":\"https:\/\/dev.eliassen.nl\/nl\/winkel\/\"},{\"@type\":\"ListItem\",\"position\":3,\"name\":\"Glaskunst\",\"item\":\"https:\/\/dev.eliassen.nl\/de\/glaskunst\/\"},{\"@type\":\"ListItem\",\"position\":4,\"name\":\"Glaslampen\",\"item\":\"https:\/\/dev.eliassen.nl\/de\/glaskunst\/glaslampen\/\"},{\"@type\":\"ListItem\",\"position\":5,\"name\":\"Glastischlampe Casper Murrina 45cm\"}]},{\"@type\":\"WebSite\",\"@id\":\"https:\/\/dev.eliassen.nl\/de\/#website\",\"url\":\"https:\/\/dev.eliassen.nl\/de\/\",\"name\":\"Eliassen Home & Garden Pleasure\",\"description\":\"\",\"publisher\":{\"@id\":\"https:\/\/dev.eliassen.nl\/de\/#organization\"},\"alternateName\":\"Eliassen.nl\",\"potentialAction\":[{\"@type\":\"SearchAction\",\"target\":{\"@type\":\"EntryPoint\",\"urlTemplate\":\"https:\/\/dev.eliassen.nl\/de\/?s={search_term_string}\"},\"query-input\":{\"@type\":\"PropertyValueSpecification\",\"valueRequired\":true,\"valueName\":\"search_term_string\"}}],\"inLanguage\":\"de\"},{\"@type\":\"Organization\",\"@id\":\"https:\/\/dev.eliassen.nl\/de\/#organization\",\"name\":\"Eliassen Home & Garden Pleasure\",\"url\":\"https:\/\/dev.eliassen.nl\/de\/\",\"logo\":{\"@type\":\"ImageObject\",\"inLanguage\":\"de\",\"@id\":\"https:\/\/dev.eliassen.nl\/de\/#\/schema\/logo\/image\/\",\"url\":\"https:\/\/www.eliassen.nl\/wp-content\/uploads\/2024\/01\/logo_4nd.jpg\",\"contentUrl\":\"https:\/\/www.eliassen.nl\/wp-content\/uploads\/2024\/01\/logo_4nd.jpg\",\"width\":500,\"height\":500,\"caption\":\"Eliassen Home & Garden Pleasure\"},\"image\":{\"@id\":\"https:\/\/dev.eliassen.nl\/de\/#\/schema\/logo\/image\/\"},\"sameAs\":[\"https:\/\/www.facebook.com\/TuincentrumEliassenAmmerzoden\",\"https:\/\/www.instagram.com\/eliassenhomeandgarden\/\",\"https:\/\/nl.pinterest.com\/eliassenhomeandgarden\/\",\"https:\/\/www.youtube.com\/@eliassenhomegardenpleasure4558\"]}]}<\/script>\n<!-- \/ Yoast SEO plugin. -->","yoast_head_json":{"title":"Glastischlampe Casper Murrina 45cm","description":"Auf der Suche nach einer sch\u00f6nen Stimmungslampe? Sehen Sie sich diese wundersch\u00f6ne mundgeblasene Glaslampe in Punktform und wundersch\u00f6nen Farben an. Live zu ...","robots":{"index":"noindex","follow":"follow","max-snippet":"max-snippet:-1","max-image-preview":"max-image-preview:large","max-video-preview":"max-video-preview:-1"},"og_locale":"de_DE","og_type":"article","og_title":"Glastischlampe Casper Murrina 45cm","og_description":"Auf der Suche nach einer sch\u00f6nen Stimmungslampe? Sehen Sie sich diese wundersch\u00f6ne mundgeblasene Glaslampe in Punktform und wundersch\u00f6nen Farben an. Live zu ...","og_url":"https:\/\/dev.eliassen.nl\/de\/glastischlampe-casper-murrina-45cm\/","og_site_name":"Eliassen.nl","article_publisher":"https:\/\/www.facebook.com\/TuincentrumEliassenAmmerzoden","article_modified_time":"2024-12-05T14:53:02+00:00","og_image":[{"width":491,"height":999,"url":"https:\/\/dev.eliassen.nl\/wp-content\/uploads\/2024\/01\/mijnproject_160nd.png","type":"image\/png"}],"twitter_card":"summary_large_image","schema":{"@context":"https:\/\/schema.org","@graph":[{"@type":"WebPage","@id":"https:\/\/dev.eliassen.nl\/de\/glastischlampe-casper-murrina-45cm\/","url":"https:\/\/dev.eliassen.nl\/de\/glastischlampe-casper-murrina-45cm\/","name":"Glastischlampe Casper Murrina 45cm","isPartOf":{"@id":"https:\/\/dev.eliassen.nl\/de\/#website"},"primaryImageOfPage":{"@id":"https:\/\/dev.eliassen.nl\/de\/glastischlampe-casper-murrina-45cm\/#primaryimage"},"image":{"@id":"https:\/\/dev.eliassen.nl\/de\/glastischlampe-casper-murrina-45cm\/#primaryimage"},"thumbnailUrl":"https:\/\/dev.eliassen.nl\/wp-content\/uploads\/2024\/01\/mijnproject_160nd.png","datePublished":"2021-08-24T13:52:28+00:00","dateModified":"2024-12-05T14:53:02+00:00","description":"Auf der Suche nach einer sch\u00f6nen Stimmungslampe? Sehen Sie sich diese wundersch\u00f6ne mundgeblasene Glaslampe in Punktform und wundersch\u00f6nen Farben an. Live zu ...","breadcrumb":{"@id":"https:\/\/dev.eliassen.nl\/de\/glastischlampe-casper-murrina-45cm\/#breadcrumb"},"inLanguage":"de","potentialAction":[{"@type":"ReadAction","target":["https:\/\/dev.eliassen.nl\/de\/glastischlampe-casper-murrina-45cm\/"]}]},{"@type":"ImageObject","inLanguage":"de","@id":"https:\/\/dev.eliassen.nl\/de\/glastischlampe-casper-murrina-45cm\/#primaryimage","url":"https:\/\/dev.eliassen.nl\/wp-content\/uploads\/2024\/01\/mijnproject_160nd.png","contentUrl":"https:\/\/dev.eliassen.nl\/wp-content\/uploads\/2024\/01\/mijnproject_160nd.png","width":491,"height":999,"caption":"Mijn project"},{"@type":"BreadcrumbList","@id":"https:\/\/dev.eliassen.nl\/de\/glastischlampe-casper-murrina-45cm\/#breadcrumb","itemListElement":[{"@type":"ListItem","position":1,"name":"Home","item":"https:\/\/dev.eliassen.nl\/de\/"},{"@type":"ListItem","position":2,"name":"Shop","item":"https:\/\/dev.eliassen.nl\/nl\/winkel\/"},{"@type":"ListItem","position":3,"name":"Glaskunst","item":"https:\/\/dev.eliassen.nl\/de\/glaskunst\/"},{"@type":"ListItem","position":4,"name":"Glaslampen","item":"https:\/\/dev.eliassen.nl\/de\/glaskunst\/glaslampen\/"},{"@type":"ListItem","position":5,"name":"Glastischlampe Casper Murrina 45cm"}]},{"@type":"WebSite","@id":"https:\/\/dev.eliassen.nl\/de\/#website","url":"https:\/\/dev.eliassen.nl\/de\/","name":"Eliassen Home & Garden Pleasure","description":"","publisher":{"@id":"https:\/\/dev.eliassen.nl\/de\/#organization"},"alternateName":"Eliassen.nl","potentialAction":[{"@type":"SearchAction","target":{"@type":"EntryPoint","urlTemplate":"https:\/\/dev.eliassen.nl\/de\/?s={search_term_string}"},"query-input":{"@type":"PropertyValueSpecification","valueRequired":true,"valueName":"search_term_string"}}],"inLanguage":"de"},{"@type":"Organization","@id":"https:\/\/dev.eliassen.nl\/de\/#organization","name":"Eliassen Home & Garden Pleasure","url":"https:\/\/dev.eliassen.nl\/de\/","logo":{"@type":"ImageObject","inLanguage":"de","@id":"https:\/\/dev.eliassen.nl\/de\/#\/schema\/logo\/image\/","url":"https:\/\/www.eliassen.nl\/wp-content\/uploads\/2024\/01\/logo_4nd.jpg","contentUrl":"https:\/\/www.eliassen.nl\/wp-content\/uploads\/2024\/01\/logo_4nd.jpg","width":500,"height":500,"caption":"Eliassen Home & Garden Pleasure"},"image":{"@id":"https:\/\/dev.eliassen.nl\/de\/#\/schema\/logo\/image\/"},"sameAs":["https:\/\/www.facebook.com\/TuincentrumEliassenAmmerzoden","https:\/\/www.instagram.com\/eliassenhomeandgarden\/","https:\/\/nl.pinterest.com\/eliassenhomeandgarden\/","https:\/\/www.youtube.com\/@eliassenhomegardenpleasure4558"]}]}},"df_price":159.5,"df_sale_price":"","df_regular_price":159.5,"df_image_link":"https:\/\/dev.eliassen.nl\/wp-content\/uploads\/2024\/01\/mijnproject_160nd.png","image":"https:\/\/dev.eliassen.nl\/wp-content\/uploads\/2024\/01\/mijnproject_160nd.png","price_search":"<span class=\"woocommerce-Price-amount amount\"><bdi><span class=\"woocommerce-Price-currencySymbol\">&euro;<\/span>&nbsp;159,50<\/bdi><\/span>","category":"Glaskunst","_links":{"self":[{"href":"https:\/\/dev.eliassen.nl\/de\/wp-json\/wp\/v2\/product\/52711","targetHints":{"allow":["GET"]}}],"collection":[{"href":"https:\/\/dev.eliassen.nl\/de\/wp-json\/wp\/v2\/product"}],"about":[{"href":"https:\/\/dev.eliassen.nl\/de\/wp-json\/wp\/v2\/types\/product"}],"wp:featuredmedia":[{"embeddable":true,"href":"https:\/\/dev.eliassen.nl\/de\/wp-json\/wp\/v2\/media\/52702"}],"wp:attachment":[{"href":"https:\/\/dev.eliassen.nl\/de\/wp-json\/wp\/v2\/media?parent=52711"}],"wp:term":[{"taxonomy":"product_brand","embeddable":true,"href":"https:\/\/dev.eliassen.nl\/de\/wp-json\/wp\/v2\/product_brand?post=52711"},{"taxonomy":"product_cat","embeddable":true,"href":"https:\/\/dev.eliassen.nl\/de\/wp-json\/wp\/v2\/product_cat?post=52711"},{"taxonomy":"product_tag","embeddable":true,"href":"https:\/\/dev.eliassen.nl\/de\/wp-json\/wp\/v2\/product_tag?post=52711"}],"curies":[{"name":"wp","href":"https:\/\/api.w.org\/{rel}","templated":true}]}}