{"id":52756,"date":"2021-08-25T16:46:15","date_gmt":"2021-08-25T14:46:15","guid":{"rendered":"https:\/\/www.eliassen.nl\/?product=waterornament-giant-solist-140cm"},"modified":"2024-12-05T15:53:11","modified_gmt":"2024-12-05T14:53:11","slug":"grosse-wassersaule-giant-soloist-140cm","status":"publish","type":"product","link":"https:\/\/dev.eliassen.nl\/de\/grosse-wassersaule-giant-soloist-140cm\/","title":{"rendered":"Gro\u00dfe Wassers\u00e4ule aus Basaltstein Giant Soloist 140cm"},"content":{"rendered":"<p><strong>Dies ist ein separates Ornament. Bitte erkundigen Sie sich nach weiteren ben\u00f6tigten Teilen.<\/strong><\/p>\n<p>Wundersch\u00f6ne gro\u00dfe Wassers\u00e4ule, nur bei uns zu verkaufen. Aus Basaltstein in verspielter, aber nat\u00fcrlicher Form, oben poliert und konvex. Die Form dieser S\u00e4ulen wird immer vom Foto abweichen, da diese S\u00e4ulen der Natur entnommen sind und diese nat\u00fcrliche Form nicht bearbeitet wird. Die Breite dieser Basalts\u00e4ulen variiert zwischen 35 und 45 cm und die H\u00f6he betr\u00e4gt 140 cm.<\/p>\n<ul>\n<li>Massiver Basaltstein<\/li>\n<li>Polierte Oberseite<\/li>\n<li>Bleibt sch\u00f6n<\/li>\n<li>Gewicht ca. 300kg<\/li>\n<li>Sch\u00f6nes Einzelst\u00fcck als Gartendekoration, auch wenn diese Zierde ausgeschaltet ist<\/li>\n<li>Sehr einzigartiges Design, nur bei uns erh\u00e4ltlich<br \/>Haben Sie Fragen zu diesem Artikel oder ben\u00f6tigen Sie Ratschl\u00e4ge, wie Sie dieses Modell mit allen anderen Notwendigkeiten erg\u00e4nzen k\u00f6nnen? Sie k\u00f6nnen uns gerne kontaktieren.<\/li>\n<\/ul>\n","protected":false},"excerpt":{"rendered":"<p>Dies ist ein separates Ornament. Bitte erkundigen Sie sich nach weiteren ben\u00f6tigten Teilen. erh\u00e4ltlich in 60 cm, 80 cm, 100 cm, 120 cm und 140 cm<\/p>\n","protected":false},"featured_media":52747,"template":"","meta":{"_acf_changed":false},"product_brand":[],"product_cat":[539,551,536],"product_tag":[],"class_list":{"0":"post-52756","1":"product","2":"type-product","3":"status-publish","4":"has-post-thumbnail","6":"product_cat-einzigartige-eigene-modelle-von-losen-wasserspiele","7":"product_cat-lose-wasserspiele","8":"product_cat-wassereigenschaften","10":"first","11":"instock","12":"taxable","13":"shipping-taxable","14":"purchasable","15":"product-type-simple"},"acf":[],"yoast_head":"<!-- This site is optimized with the Yoast SEO plugin v23.8 - https:\/\/yoast.com\/wordpress\/plugins\/seo\/ -->\n<title>Gro\u00dfe Wassers\u00e4ule Giant Soloist | 140cm | Eliassen.nl<\/title>\n<meta name=\"description\" content=\"Gro\u00dfe Wassers\u00e4ule 140cm aus massivem Basaltstein. Polierte Oberseite. Nur bei uns erh\u00e4ltlich! Sehen Sie sich \u00fcber 300 Wasserspiele an. Viele Models LIVE zu s...\" \/>\n<meta name=\"robots\" content=\"noindex, follow, max-snippet:-1, max-image-preview:large, max-video-preview:-1\" \/>\n<meta property=\"og:locale\" content=\"de_DE\" \/>\n<meta property=\"og:type\" content=\"article\" \/>\n<meta property=\"og:title\" content=\"Gro\u00dfe Wassers\u00e4ule Giant Soloist | 140cm | Eliassen.nl\" \/>\n<meta property=\"og:description\" content=\"Gro\u00dfe Wassers\u00e4ule 140cm aus massivem Basaltstein. Polierte Oberseite. Nur bei uns erh\u00e4ltlich! Sehen Sie sich \u00fcber 300 Wasserspiele an. Viele Models LIVE zu s...\" \/>\n<meta property=\"og:url\" content=\"https:\/\/dev.eliassen.nl\/de\/grosse-wassersaule-giant-soloist-140cm\/\" \/>\n<meta property=\"og:site_name\" content=\"Eliassen.nl\" \/>\n<meta property=\"article:publisher\" content=\"https:\/\/www.facebook.com\/TuincentrumEliassenAmmerzoden\" \/>\n<meta property=\"article:modified_time\" content=\"2024-12-05T14:53:11+00:00\" \/>\n<meta property=\"og:image\" content=\"https:\/\/dev.eliassen.nl\/wp-content\/uploads\/2024\/01\/mijnproject1_10nd.png\" \/>\n\t<meta property=\"og:image:width\" content=\"563\" \/>\n\t<meta property=\"og:image:height\" content=\"1000\" \/>\n\t<meta property=\"og:image:type\" content=\"image\/png\" \/>\n<meta name=\"twitter:card\" content=\"summary_large_image\" \/>\n<script type=\"application\/ld+json\" class=\"yoast-schema-graph\">{\"@context\":\"https:\/\/schema.org\",\"@graph\":[{\"@type\":\"WebPage\",\"@id\":\"https:\/\/dev.eliassen.nl\/de\/grosse-wassersaule-giant-soloist-140cm\/\",\"url\":\"https:\/\/dev.eliassen.nl\/de\/grosse-wassersaule-giant-soloist-140cm\/\",\"name\":\"Gro\u00dfe Wassers\u00e4ule Giant Soloist | 140cm | Eliassen.nl\",\"isPartOf\":{\"@id\":\"https:\/\/dev.eliassen.nl\/de\/#website\"},\"primaryImageOfPage\":{\"@id\":\"https:\/\/dev.eliassen.nl\/de\/grosse-wassersaule-giant-soloist-140cm\/#primaryimage\"},\"image\":{\"@id\":\"https:\/\/dev.eliassen.nl\/de\/grosse-wassersaule-giant-soloist-140cm\/#primaryimage\"},\"thumbnailUrl\":\"https:\/\/dev.eliassen.nl\/wp-content\/uploads\/2024\/01\/mijnproject1_10nd.png\",\"datePublished\":\"2021-08-25T14:46:15+00:00\",\"dateModified\":\"2024-12-05T14:53:11+00:00\",\"description\":\"Gro\u00dfe Wassers\u00e4ule 140cm aus massivem Basaltstein. Polierte Oberseite. Nur bei uns erh\u00e4ltlich! Sehen Sie sich \u00fcber 300 Wasserspiele an. Viele Models LIVE zu s...\",\"breadcrumb\":{\"@id\":\"https:\/\/dev.eliassen.nl\/de\/grosse-wassersaule-giant-soloist-140cm\/#breadcrumb\"},\"inLanguage\":\"de\",\"potentialAction\":[{\"@type\":\"ReadAction\",\"target\":[\"https:\/\/dev.eliassen.nl\/de\/grosse-wassersaule-giant-soloist-140cm\/\"]}]},{\"@type\":\"ImageObject\",\"inLanguage\":\"de\",\"@id\":\"https:\/\/dev.eliassen.nl\/de\/grosse-wassersaule-giant-soloist-140cm\/#primaryimage\",\"url\":\"https:\/\/dev.eliassen.nl\/wp-content\/uploads\/2024\/01\/mijnproject1_10nd.png\",\"contentUrl\":\"https:\/\/dev.eliassen.nl\/wp-content\/uploads\/2024\/01\/mijnproject1_10nd.png\",\"width\":563,\"height\":1000,\"caption\":\"Mijn project (1)\"},{\"@type\":\"BreadcrumbList\",\"@id\":\"https:\/\/dev.eliassen.nl\/de\/grosse-wassersaule-giant-soloist-140cm\/#breadcrumb\",\"itemListElement\":[{\"@type\":\"ListItem\",\"position\":1,\"name\":\"Home\",\"item\":\"https:\/\/dev.eliassen.nl\/de\/\"},{\"@type\":\"ListItem\",\"position\":2,\"name\":\"Shop\",\"item\":\"https:\/\/dev.eliassen.nl\/nl\/winkel\/\"},{\"@type\":\"ListItem\",\"position\":3,\"name\":\"Wasserspiele\",\"item\":\"https:\/\/dev.eliassen.nl\/de\/wassereigenschaften\/\"},{\"@type\":\"ListItem\",\"position\":4,\"name\":\"Einzigartige eigene Modelle von losen Wasserspielen\",\"item\":\"https:\/\/dev.eliassen.nl\/de\/wassereigenschaften\/einzigartige-eigene-modelle-von-losen-wasserspiele\/\"},{\"@type\":\"ListItem\",\"position\":5,\"name\":\"Gro\u00dfe Wassers\u00e4ule aus Basaltstein Giant Soloist 140cm\"}]},{\"@type\":\"WebSite\",\"@id\":\"https:\/\/dev.eliassen.nl\/de\/#website\",\"url\":\"https:\/\/dev.eliassen.nl\/de\/\",\"name\":\"Eliassen Home & Garden Pleasure\",\"description\":\"\",\"publisher\":{\"@id\":\"https:\/\/dev.eliassen.nl\/de\/#organization\"},\"alternateName\":\"Eliassen.nl\",\"potentialAction\":[{\"@type\":\"SearchAction\",\"target\":{\"@type\":\"EntryPoint\",\"urlTemplate\":\"https:\/\/dev.eliassen.nl\/de\/?s={search_term_string}\"},\"query-input\":{\"@type\":\"PropertyValueSpecification\",\"valueRequired\":true,\"valueName\":\"search_term_string\"}}],\"inLanguage\":\"de\"},{\"@type\":\"Organization\",\"@id\":\"https:\/\/dev.eliassen.nl\/de\/#organization\",\"name\":\"Eliassen Home & Garden Pleasure\",\"url\":\"https:\/\/dev.eliassen.nl\/de\/\",\"logo\":{\"@type\":\"ImageObject\",\"inLanguage\":\"de\",\"@id\":\"https:\/\/dev.eliassen.nl\/de\/#\/schema\/logo\/image\/\",\"url\":\"https:\/\/www.eliassen.nl\/wp-content\/uploads\/2024\/01\/logo_4nd.jpg\",\"contentUrl\":\"https:\/\/www.eliassen.nl\/wp-content\/uploads\/2024\/01\/logo_4nd.jpg\",\"width\":500,\"height\":500,\"caption\":\"Eliassen Home & Garden Pleasure\"},\"image\":{\"@id\":\"https:\/\/dev.eliassen.nl\/de\/#\/schema\/logo\/image\/\"},\"sameAs\":[\"https:\/\/www.facebook.com\/TuincentrumEliassenAmmerzoden\",\"https:\/\/www.instagram.com\/eliassenhomeandgarden\/\",\"https:\/\/nl.pinterest.com\/eliassenhomeandgarden\/\",\"https:\/\/www.youtube.com\/@eliassenhomegardenpleasure4558\"]}]}<\/script>\n<!-- \/ Yoast SEO plugin. -->","yoast_head_json":{"title":"Gro\u00dfe Wassers\u00e4ule Giant Soloist | 140cm | Eliassen.nl","description":"Gro\u00dfe Wassers\u00e4ule 140cm aus massivem Basaltstein. Polierte Oberseite. Nur bei uns erh\u00e4ltlich! Sehen Sie sich \u00fcber 300 Wasserspiele an. Viele Models LIVE zu s...","robots":{"index":"noindex","follow":"follow","max-snippet":"max-snippet:-1","max-image-preview":"max-image-preview:large","max-video-preview":"max-video-preview:-1"},"og_locale":"de_DE","og_type":"article","og_title":"Gro\u00dfe Wassers\u00e4ule Giant Soloist | 140cm | Eliassen.nl","og_description":"Gro\u00dfe Wassers\u00e4ule 140cm aus massivem Basaltstein. Polierte Oberseite. Nur bei uns erh\u00e4ltlich! Sehen Sie sich \u00fcber 300 Wasserspiele an. Viele Models LIVE zu s...","og_url":"https:\/\/dev.eliassen.nl\/de\/grosse-wassersaule-giant-soloist-140cm\/","og_site_name":"Eliassen.nl","article_publisher":"https:\/\/www.facebook.com\/TuincentrumEliassenAmmerzoden","article_modified_time":"2024-12-05T14:53:11+00:00","og_image":[{"width":563,"height":1000,"url":"https:\/\/dev.eliassen.nl\/wp-content\/uploads\/2024\/01\/mijnproject1_10nd.png","type":"image\/png"}],"twitter_card":"summary_large_image","schema":{"@context":"https:\/\/schema.org","@graph":[{"@type":"WebPage","@id":"https:\/\/dev.eliassen.nl\/de\/grosse-wassersaule-giant-soloist-140cm\/","url":"https:\/\/dev.eliassen.nl\/de\/grosse-wassersaule-giant-soloist-140cm\/","name":"Gro\u00dfe Wassers\u00e4ule Giant Soloist | 140cm | Eliassen.nl","isPartOf":{"@id":"https:\/\/dev.eliassen.nl\/de\/#website"},"primaryImageOfPage":{"@id":"https:\/\/dev.eliassen.nl\/de\/grosse-wassersaule-giant-soloist-140cm\/#primaryimage"},"image":{"@id":"https:\/\/dev.eliassen.nl\/de\/grosse-wassersaule-giant-soloist-140cm\/#primaryimage"},"thumbnailUrl":"https:\/\/dev.eliassen.nl\/wp-content\/uploads\/2024\/01\/mijnproject1_10nd.png","datePublished":"2021-08-25T14:46:15+00:00","dateModified":"2024-12-05T14:53:11+00:00","description":"Gro\u00dfe Wassers\u00e4ule 140cm aus massivem Basaltstein. Polierte Oberseite. Nur bei uns erh\u00e4ltlich! Sehen Sie sich \u00fcber 300 Wasserspiele an. Viele Models LIVE zu s...","breadcrumb":{"@id":"https:\/\/dev.eliassen.nl\/de\/grosse-wassersaule-giant-soloist-140cm\/#breadcrumb"},"inLanguage":"de","potentialAction":[{"@type":"ReadAction","target":["https:\/\/dev.eliassen.nl\/de\/grosse-wassersaule-giant-soloist-140cm\/"]}]},{"@type":"ImageObject","inLanguage":"de","@id":"https:\/\/dev.eliassen.nl\/de\/grosse-wassersaule-giant-soloist-140cm\/#primaryimage","url":"https:\/\/dev.eliassen.nl\/wp-content\/uploads\/2024\/01\/mijnproject1_10nd.png","contentUrl":"https:\/\/dev.eliassen.nl\/wp-content\/uploads\/2024\/01\/mijnproject1_10nd.png","width":563,"height":1000,"caption":"Mijn project (1)"},{"@type":"BreadcrumbList","@id":"https:\/\/dev.eliassen.nl\/de\/grosse-wassersaule-giant-soloist-140cm\/#breadcrumb","itemListElement":[{"@type":"ListItem","position":1,"name":"Home","item":"https:\/\/dev.eliassen.nl\/de\/"},{"@type":"ListItem","position":2,"name":"Shop","item":"https:\/\/dev.eliassen.nl\/nl\/winkel\/"},{"@type":"ListItem","position":3,"name":"Wasserspiele","item":"https:\/\/dev.eliassen.nl\/de\/wassereigenschaften\/"},{"@type":"ListItem","position":4,"name":"Einzigartige eigene Modelle von losen Wasserspielen","item":"https:\/\/dev.eliassen.nl\/de\/wassereigenschaften\/einzigartige-eigene-modelle-von-losen-wasserspiele\/"},{"@type":"ListItem","position":5,"name":"Gro\u00dfe Wassers\u00e4ule aus Basaltstein Giant Soloist 140cm"}]},{"@type":"WebSite","@id":"https:\/\/dev.eliassen.nl\/de\/#website","url":"https:\/\/dev.eliassen.nl\/de\/","name":"Eliassen Home & Garden Pleasure","description":"","publisher":{"@id":"https:\/\/dev.eliassen.nl\/de\/#organization"},"alternateName":"Eliassen.nl","potentialAction":[{"@type":"SearchAction","target":{"@type":"EntryPoint","urlTemplate":"https:\/\/dev.eliassen.nl\/de\/?s={search_term_string}"},"query-input":{"@type":"PropertyValueSpecification","valueRequired":true,"valueName":"search_term_string"}}],"inLanguage":"de"},{"@type":"Organization","@id":"https:\/\/dev.eliassen.nl\/de\/#organization","name":"Eliassen Home & Garden Pleasure","url":"https:\/\/dev.eliassen.nl\/de\/","logo":{"@type":"ImageObject","inLanguage":"de","@id":"https:\/\/dev.eliassen.nl\/de\/#\/schema\/logo\/image\/","url":"https:\/\/www.eliassen.nl\/wp-content\/uploads\/2024\/01\/logo_4nd.jpg","contentUrl":"https:\/\/www.eliassen.nl\/wp-content\/uploads\/2024\/01\/logo_4nd.jpg","width":500,"height":500,"caption":"Eliassen Home & Garden Pleasure"},"image":{"@id":"https:\/\/dev.eliassen.nl\/de\/#\/schema\/logo\/image\/"},"sameAs":["https:\/\/www.facebook.com\/TuincentrumEliassenAmmerzoden","https:\/\/www.instagram.com\/eliassenhomeandgarden\/","https:\/\/nl.pinterest.com\/eliassenhomeandgarden\/","https:\/\/www.youtube.com\/@eliassenhomegardenpleasure4558"]}]}},"df_price":599,"df_sale_price":"","df_regular_price":599,"df_image_link":"https:\/\/dev.eliassen.nl\/wp-content\/uploads\/2024\/01\/mijnproject1_10nd.png","image":"https:\/\/dev.eliassen.nl\/wp-content\/uploads\/2024\/01\/mijnproject1_10nd.png","price_search":"<span class=\"woocommerce-Price-amount amount\"><bdi><span class=\"woocommerce-Price-currencySymbol\">&euro;<\/span>&nbsp;599,00<\/bdi><\/span>","category":"Einzigartige eigene Modelle von losen Wasserspielen","_links":{"self":[{"href":"https:\/\/dev.eliassen.nl\/de\/wp-json\/wp\/v2\/product\/52756","targetHints":{"allow":["GET"]}}],"collection":[{"href":"https:\/\/dev.eliassen.nl\/de\/wp-json\/wp\/v2\/product"}],"about":[{"href":"https:\/\/dev.eliassen.nl\/de\/wp-json\/wp\/v2\/types\/product"}],"wp:featuredmedia":[{"embeddable":true,"href":"https:\/\/dev.eliassen.nl\/de\/wp-json\/wp\/v2\/media\/52747"}],"wp:attachment":[{"href":"https:\/\/dev.eliassen.nl\/de\/wp-json\/wp\/v2\/media?parent=52756"}],"wp:term":[{"taxonomy":"product_brand","embeddable":true,"href":"https:\/\/dev.eliassen.nl\/de\/wp-json\/wp\/v2\/product_brand?post=52756"},{"taxonomy":"product_cat","embeddable":true,"href":"https:\/\/dev.eliassen.nl\/de\/wp-json\/wp\/v2\/product_cat?post=52756"},{"taxonomy":"product_tag","embeddable":true,"href":"https:\/\/dev.eliassen.nl\/de\/wp-json\/wp\/v2\/product_tag?post=52756"}],"curies":[{"name":"wp","href":"https:\/\/api.w.org\/{rel}","templated":true}]}}