{"id":53005,"date":"2021-09-03T09:35:07","date_gmt":"2021-09-03T07:35:07","guid":{"rendered":"https:\/\/www.eliassen.nl\/?product=glasschilderij-vervallen-gebouw-110x160cm"},"modified":"2024-12-05T15:53:46","modified_gmt":"2024-12-05T14:53:46","slug":"glasmalerei-verfallenes-gebaude-110x160cm","status":"publish","type":"product","link":"https:\/\/dev.eliassen.nl\/de\/glasmalerei-verfallenes-gebaude-110x160cm\/","title":{"rendered":"Glasmalerei Verfallenes Geb\u00e4ude 110x160cm."},"content":{"rendered":"<p>Dieses sch\u00f6ne, sehr gro\u00dfe Glasgem\u00e4lde mit der Gr\u00f6\u00dfe 160x110cm ist eine sch\u00f6ne Wanddekoration f\u00fcr das Wohnzimmer, Schlafzimmer oder jeden anderen Raum mit schlichter Einrichtung. Dieses Glasgem\u00e4lde, das ein gro\u00dfes, verfallenes Geb\u00e4ude darstellt, ist ein gestochen scharfes Bild, das sich wunderbar als Wandkunst in einem modernen oder l\u00e4ndlichen Interieur widerspiegelt.<\/p>\n<p>Dieses wundersch\u00f6ne Glasbild verleiht als Wandschmuck einen wundersch\u00f6nen Glanz, da das Foto auf der R\u00fcckseite auf das 4 mm dicke Glas eingebrannt wird.<\/p>\n<p><strong>Wir haben fast die gesamte Gem\u00e4ldesammlung, die auf unserer Website aufgef\u00fchrt ist, in unserem Gesch\u00e4ft, was in den Niederlanden einzigartig ist!<\/strong><\/p>\n<ul>\n<li>Gr\u00f6\u00dfe 160 x 110 cm.<\/li>\n<li>Schnell geliefert<\/li>\n<li>Nahezu unzerbrechlich<\/li>\n<li>Superscharfes Bild<\/li>\n<li>4 mm dickes geh\u00e4rtetes Glas<\/li>\n<li>Nahezu unempfindlich gegen Kratzer<\/li>\n<li>Einfach aufzuh\u00e4ngen mit 2 Haken<\/li>\n<\/ul>\n","protected":false},"excerpt":{"rendered":"<p>Dieses sch\u00f6ne, sehr gro\u00dfe Glasgem\u00e4lde mit der Gr\u00f6\u00dfe 160x110cm ist eine sch\u00f6ne Wanddekoration f\u00fcr das Wohnzimmer, Schlafzimmer oder jeden anderen Raum mit schlichter Einrichtung. Dieses Glasgem\u00e4lde, das ein gro\u00dfes, verfallenes Geb\u00e4ude darstellt, ist ein gestochen scharfes Bild, das sich wunderbar als Wandkunst in einem modernen oder l\u00e4ndlichen Interieur widerspiegelt. Dieses wundersch\u00f6ne Glasbild verleiht als Wandschmuck &hellip;<\/p>\n","protected":false},"featured_media":52999,"template":"","meta":{"_acf_changed":false},"product_brand":[],"product_cat":[410,464,443],"product_tag":[7167],"class_list":{"0":"post-53005","1":"product","2":"type-product","3":"status-publish","4":"has-post-thumbnail","6":"product_cat-gemaelde","7":"product_cat-glasmalerei-im-format-110x160cm","8":"product_cat-glasmalereien","9":"product_tag-110x160cm-gemalde","11":"first","12":"instock","13":"sale","14":"taxable","15":"shipping-taxable","16":"purchasable","17":"product-type-simple"},"acf":[],"yoast_head":"<!-- This site is optimized with the Yoast SEO plugin v23.8 - https:\/\/yoast.com\/wordpress\/plugins\/seo\/ -->\n<title>Glasmalerei Verfallenes Geb\u00e4ude 110x160cm. \u2020 Eliassen<\/title>\n<meta name=\"description\" content=\"Bei Eliassen kaufen Sie Glasgem\u00e4lde Verfallenes Geb\u00e4ude 110x160cm. kann online oder live im Showroom angesehen werden. Direkt online bestellen.\" \/>\n<meta name=\"robots\" content=\"noindex, follow, max-snippet:-1, max-image-preview:large, max-video-preview:-1\" \/>\n<meta property=\"og:locale\" content=\"de_DE\" \/>\n<meta property=\"og:type\" content=\"article\" \/>\n<meta property=\"og:title\" content=\"Glasmalerei Verfallenes Geb\u00e4ude 110x160cm. \u2020 Eliassen\" \/>\n<meta property=\"og:description\" content=\"Bei Eliassen kaufen Sie Glasgem\u00e4lde Verfallenes Geb\u00e4ude 110x160cm. kann online oder live im Showroom angesehen werden. Direkt online bestellen.\" \/>\n<meta property=\"og:url\" content=\"https:\/\/dev.eliassen.nl\/de\/glasmalerei-verfallenes-gebaude-110x160cm\/\" \/>\n<meta property=\"og:site_name\" content=\"Eliassen.nl\" \/>\n<meta property=\"article:publisher\" content=\"https:\/\/www.facebook.com\/TuincentrumEliassenAmmerzoden\" \/>\n<meta property=\"article:modified_time\" content=\"2024-12-05T14:53:46+00:00\" \/>\n<meta property=\"og:image\" content=\"https:\/\/dev.eliassen.nl\/wp-content\/uploads\/2024\/01\/glas110160084.jpg\" \/>\n\t<meta property=\"og:image:width\" content=\"448\" \/>\n\t<meta property=\"og:image:height\" content=\"298\" \/>\n\t<meta property=\"og:image:type\" content=\"image\/jpeg\" \/>\n<meta name=\"twitter:card\" content=\"summary_large_image\" \/>\n<script type=\"application\/ld+json\" class=\"yoast-schema-graph\">{\"@context\":\"https:\/\/schema.org\",\"@graph\":[{\"@type\":\"WebPage\",\"@id\":\"https:\/\/dev.eliassen.nl\/de\/glasmalerei-verfallenes-gebaude-110x160cm\/\",\"url\":\"https:\/\/dev.eliassen.nl\/de\/glasmalerei-verfallenes-gebaude-110x160cm\/\",\"name\":\"Glasmalerei Verfallenes Geb\u00e4ude 110x160cm. \u2020 Eliassen\",\"isPartOf\":{\"@id\":\"https:\/\/dev.eliassen.nl\/de\/#website\"},\"primaryImageOfPage\":{\"@id\":\"https:\/\/dev.eliassen.nl\/de\/glasmalerei-verfallenes-gebaude-110x160cm\/#primaryimage\"},\"image\":{\"@id\":\"https:\/\/dev.eliassen.nl\/de\/glasmalerei-verfallenes-gebaude-110x160cm\/#primaryimage\"},\"thumbnailUrl\":\"https:\/\/dev.eliassen.nl\/wp-content\/uploads\/2024\/01\/glas110160084.jpg\",\"datePublished\":\"2021-09-03T07:35:07+00:00\",\"dateModified\":\"2024-12-05T14:53:46+00:00\",\"description\":\"Bei Eliassen kaufen Sie Glasgem\u00e4lde Verfallenes Geb\u00e4ude 110x160cm. kann online oder live im Showroom angesehen werden. Direkt online bestellen.\",\"breadcrumb\":{\"@id\":\"https:\/\/dev.eliassen.nl\/de\/glasmalerei-verfallenes-gebaude-110x160cm\/#breadcrumb\"},\"inLanguage\":\"de\",\"potentialAction\":[{\"@type\":\"ReadAction\",\"target\":[\"https:\/\/dev.eliassen.nl\/de\/glasmalerei-verfallenes-gebaude-110x160cm\/\"]}]},{\"@type\":\"ImageObject\",\"inLanguage\":\"de\",\"@id\":\"https:\/\/dev.eliassen.nl\/de\/glasmalerei-verfallenes-gebaude-110x160cm\/#primaryimage\",\"url\":\"https:\/\/dev.eliassen.nl\/wp-content\/uploads\/2024\/01\/glas110160084.jpg\",\"contentUrl\":\"https:\/\/dev.eliassen.nl\/wp-content\/uploads\/2024\/01\/glas110160084.jpg\",\"width\":448,\"height\":298,\"caption\":\"GLAS110160-084\"},{\"@type\":\"BreadcrumbList\",\"@id\":\"https:\/\/dev.eliassen.nl\/de\/glasmalerei-verfallenes-gebaude-110x160cm\/#breadcrumb\",\"itemListElement\":[{\"@type\":\"ListItem\",\"position\":1,\"name\":\"Home\",\"item\":\"https:\/\/dev.eliassen.nl\/de\/\"},{\"@type\":\"ListItem\",\"position\":2,\"name\":\"Shop\",\"item\":\"https:\/\/dev.eliassen.nl\/nl\/winkel\/\"},{\"@type\":\"ListItem\",\"position\":3,\"name\":\"Glasmalereien\",\"item\":\"https:\/\/dev.eliassen.nl\/de\/gemaelde\/glasmalereien\/\"},{\"@type\":\"ListItem\",\"position\":4,\"name\":\"Glasmalerei im Format 110x160cm\",\"item\":\"https:\/\/dev.eliassen.nl\/de\/gemaelde\/glasmalereien\/glasmalerei-im-format-110x160cm\/\"},{\"@type\":\"ListItem\",\"position\":5,\"name\":\"Glasmalerei Verfallenes Geb\u00e4ude 110x160cm.\"}]},{\"@type\":\"WebSite\",\"@id\":\"https:\/\/dev.eliassen.nl\/de\/#website\",\"url\":\"https:\/\/dev.eliassen.nl\/de\/\",\"name\":\"Eliassen Home & Garden Pleasure\",\"description\":\"\",\"publisher\":{\"@id\":\"https:\/\/dev.eliassen.nl\/de\/#organization\"},\"alternateName\":\"Eliassen.nl\",\"potentialAction\":[{\"@type\":\"SearchAction\",\"target\":{\"@type\":\"EntryPoint\",\"urlTemplate\":\"https:\/\/dev.eliassen.nl\/de\/?s={search_term_string}\"},\"query-input\":{\"@type\":\"PropertyValueSpecification\",\"valueRequired\":true,\"valueName\":\"search_term_string\"}}],\"inLanguage\":\"de\"},{\"@type\":\"Organization\",\"@id\":\"https:\/\/dev.eliassen.nl\/de\/#organization\",\"name\":\"Eliassen Home & Garden Pleasure\",\"url\":\"https:\/\/dev.eliassen.nl\/de\/\",\"logo\":{\"@type\":\"ImageObject\",\"inLanguage\":\"de\",\"@id\":\"https:\/\/dev.eliassen.nl\/de\/#\/schema\/logo\/image\/\",\"url\":\"https:\/\/www.eliassen.nl\/wp-content\/uploads\/2024\/01\/logo_4nd.jpg\",\"contentUrl\":\"https:\/\/www.eliassen.nl\/wp-content\/uploads\/2024\/01\/logo_4nd.jpg\",\"width\":500,\"height\":500,\"caption\":\"Eliassen Home & Garden Pleasure\"},\"image\":{\"@id\":\"https:\/\/dev.eliassen.nl\/de\/#\/schema\/logo\/image\/\"},\"sameAs\":[\"https:\/\/www.facebook.com\/TuincentrumEliassenAmmerzoden\",\"https:\/\/www.instagram.com\/eliassenhomeandgarden\/\",\"https:\/\/nl.pinterest.com\/eliassenhomeandgarden\/\",\"https:\/\/www.youtube.com\/@eliassenhomegardenpleasure4558\"]}]}<\/script>\n<!-- \/ Yoast SEO plugin. -->","yoast_head_json":{"title":"Glasmalerei Verfallenes Geb\u00e4ude 110x160cm. \u2020 Eliassen","description":"Bei Eliassen kaufen Sie Glasgem\u00e4lde Verfallenes Geb\u00e4ude 110x160cm. kann online oder live im Showroom angesehen werden. Direkt online bestellen.","robots":{"index":"noindex","follow":"follow","max-snippet":"max-snippet:-1","max-image-preview":"max-image-preview:large","max-video-preview":"max-video-preview:-1"},"og_locale":"de_DE","og_type":"article","og_title":"Glasmalerei Verfallenes Geb\u00e4ude 110x160cm. \u2020 Eliassen","og_description":"Bei Eliassen kaufen Sie Glasgem\u00e4lde Verfallenes Geb\u00e4ude 110x160cm. kann online oder live im Showroom angesehen werden. Direkt online bestellen.","og_url":"https:\/\/dev.eliassen.nl\/de\/glasmalerei-verfallenes-gebaude-110x160cm\/","og_site_name":"Eliassen.nl","article_publisher":"https:\/\/www.facebook.com\/TuincentrumEliassenAmmerzoden","article_modified_time":"2024-12-05T14:53:46+00:00","og_image":[{"width":448,"height":298,"url":"https:\/\/dev.eliassen.nl\/wp-content\/uploads\/2024\/01\/glas110160084.jpg","type":"image\/jpeg"}],"twitter_card":"summary_large_image","schema":{"@context":"https:\/\/schema.org","@graph":[{"@type":"WebPage","@id":"https:\/\/dev.eliassen.nl\/de\/glasmalerei-verfallenes-gebaude-110x160cm\/","url":"https:\/\/dev.eliassen.nl\/de\/glasmalerei-verfallenes-gebaude-110x160cm\/","name":"Glasmalerei Verfallenes Geb\u00e4ude 110x160cm. \u2020 Eliassen","isPartOf":{"@id":"https:\/\/dev.eliassen.nl\/de\/#website"},"primaryImageOfPage":{"@id":"https:\/\/dev.eliassen.nl\/de\/glasmalerei-verfallenes-gebaude-110x160cm\/#primaryimage"},"image":{"@id":"https:\/\/dev.eliassen.nl\/de\/glasmalerei-verfallenes-gebaude-110x160cm\/#primaryimage"},"thumbnailUrl":"https:\/\/dev.eliassen.nl\/wp-content\/uploads\/2024\/01\/glas110160084.jpg","datePublished":"2021-09-03T07:35:07+00:00","dateModified":"2024-12-05T14:53:46+00:00","description":"Bei Eliassen kaufen Sie Glasgem\u00e4lde Verfallenes Geb\u00e4ude 110x160cm. kann online oder live im Showroom angesehen werden. Direkt online bestellen.","breadcrumb":{"@id":"https:\/\/dev.eliassen.nl\/de\/glasmalerei-verfallenes-gebaude-110x160cm\/#breadcrumb"},"inLanguage":"de","potentialAction":[{"@type":"ReadAction","target":["https:\/\/dev.eliassen.nl\/de\/glasmalerei-verfallenes-gebaude-110x160cm\/"]}]},{"@type":"ImageObject","inLanguage":"de","@id":"https:\/\/dev.eliassen.nl\/de\/glasmalerei-verfallenes-gebaude-110x160cm\/#primaryimage","url":"https:\/\/dev.eliassen.nl\/wp-content\/uploads\/2024\/01\/glas110160084.jpg","contentUrl":"https:\/\/dev.eliassen.nl\/wp-content\/uploads\/2024\/01\/glas110160084.jpg","width":448,"height":298,"caption":"GLAS110160-084"},{"@type":"BreadcrumbList","@id":"https:\/\/dev.eliassen.nl\/de\/glasmalerei-verfallenes-gebaude-110x160cm\/#breadcrumb","itemListElement":[{"@type":"ListItem","position":1,"name":"Home","item":"https:\/\/dev.eliassen.nl\/de\/"},{"@type":"ListItem","position":2,"name":"Shop","item":"https:\/\/dev.eliassen.nl\/nl\/winkel\/"},{"@type":"ListItem","position":3,"name":"Glasmalereien","item":"https:\/\/dev.eliassen.nl\/de\/gemaelde\/glasmalereien\/"},{"@type":"ListItem","position":4,"name":"Glasmalerei im Format 110x160cm","item":"https:\/\/dev.eliassen.nl\/de\/gemaelde\/glasmalereien\/glasmalerei-im-format-110x160cm\/"},{"@type":"ListItem","position":5,"name":"Glasmalerei Verfallenes Geb\u00e4ude 110x160cm."}]},{"@type":"WebSite","@id":"https:\/\/dev.eliassen.nl\/de\/#website","url":"https:\/\/dev.eliassen.nl\/de\/","name":"Eliassen Home & Garden Pleasure","description":"","publisher":{"@id":"https:\/\/dev.eliassen.nl\/de\/#organization"},"alternateName":"Eliassen.nl","potentialAction":[{"@type":"SearchAction","target":{"@type":"EntryPoint","urlTemplate":"https:\/\/dev.eliassen.nl\/de\/?s={search_term_string}"},"query-input":{"@type":"PropertyValueSpecification","valueRequired":true,"valueName":"search_term_string"}}],"inLanguage":"de"},{"@type":"Organization","@id":"https:\/\/dev.eliassen.nl\/de\/#organization","name":"Eliassen Home & Garden Pleasure","url":"https:\/\/dev.eliassen.nl\/de\/","logo":{"@type":"ImageObject","inLanguage":"de","@id":"https:\/\/dev.eliassen.nl\/de\/#\/schema\/logo\/image\/","url":"https:\/\/www.eliassen.nl\/wp-content\/uploads\/2024\/01\/logo_4nd.jpg","contentUrl":"https:\/\/www.eliassen.nl\/wp-content\/uploads\/2024\/01\/logo_4nd.jpg","width":500,"height":500,"caption":"Eliassen Home & Garden Pleasure"},"image":{"@id":"https:\/\/dev.eliassen.nl\/de\/#\/schema\/logo\/image\/"},"sameAs":["https:\/\/www.facebook.com\/TuincentrumEliassenAmmerzoden","https:\/\/www.instagram.com\/eliassenhomeandgarden\/","https:\/\/nl.pinterest.com\/eliassenhomeandgarden\/","https:\/\/www.youtube.com\/@eliassenhomegardenpleasure4558"]}]}},"df_price":200,"df_sale_price":200,"df_regular_price":279,"df_image_link":"https:\/\/dev.eliassen.nl\/wp-content\/uploads\/2024\/01\/glas110160084.jpg","image":"https:\/\/dev.eliassen.nl\/wp-content\/uploads\/2024\/01\/glas110160084.jpg","price_search":"<span class=\"woocommerce-Price-amount amount\"><bdi><span class=\"woocommerce-Price-currencySymbol\">&euro;<\/span>&nbsp;200,00<\/bdi><\/span>","category":"Gem\u00e4lde","_links":{"self":[{"href":"https:\/\/dev.eliassen.nl\/de\/wp-json\/wp\/v2\/product\/53005","targetHints":{"allow":["GET"]}}],"collection":[{"href":"https:\/\/dev.eliassen.nl\/de\/wp-json\/wp\/v2\/product"}],"about":[{"href":"https:\/\/dev.eliassen.nl\/de\/wp-json\/wp\/v2\/types\/product"}],"wp:featuredmedia":[{"embeddable":true,"href":"https:\/\/dev.eliassen.nl\/de\/wp-json\/wp\/v2\/media\/52999"}],"wp:attachment":[{"href":"https:\/\/dev.eliassen.nl\/de\/wp-json\/wp\/v2\/media?parent=53005"}],"wp:term":[{"taxonomy":"product_brand","embeddable":true,"href":"https:\/\/dev.eliassen.nl\/de\/wp-json\/wp\/v2\/product_brand?post=53005"},{"taxonomy":"product_cat","embeddable":true,"href":"https:\/\/dev.eliassen.nl\/de\/wp-json\/wp\/v2\/product_cat?post=53005"},{"taxonomy":"product_tag","embeddable":true,"href":"https:\/\/dev.eliassen.nl\/de\/wp-json\/wp\/v2\/product_tag?post=53005"}],"curies":[{"name":"wp","href":"https:\/\/api.w.org\/{rel}","templated":true}]}}