{"id":53062,"date":"2021-09-06T14:41:24","date_gmt":"2021-09-06T12:41:24","guid":{"rendered":"https:\/\/www.eliassen.nl\/?product=waterornament-vierkant-zwart-jeroen"},"modified":"2024-12-05T15:53:49","modified_gmt":"2024-12-05T14:53:49","slug":"moderner-wassertisch-aus-granit-quadratisch-schwarz-zoe","status":"publish","type":"product","link":"https:\/\/dev.eliassen.nl\/de\/moderner-wassertisch-aus-granit-quadratisch-schwarz-zoe\/","title":{"rendered":"Moderner Wassertisch aus Granit quadratisch schwarz Zo\u00eb"},"content":{"rendered":"<p>Ein wundersch\u00f6n schlanker moderner Wassertisch f\u00fcr Ihren Garten oder auf der Terrasse, der im eigenen Haus entwickelt wurde und nirgendwo anders erh\u00e4ltlich ist. Alles ist aus massivem, pechschwarzem, poliertem Granit, was eine sehr elegante und moderne Atmosph\u00e4re schafft. Bei diesem Modell ist kein Graben erforderlich, da sich die Wasserversorgung im Eimer befindet. Lieferung komplett mit Pumpe, Schlauch, Wasserverteiler, LEDs und Gebrauchsanweisung. F\u00fcr den kompletten Betrieb ben\u00f6tigen Sie 2 Steckdosen.<\/p>\n<p><strong>Vergessen Sie nicht, unseren Showroom mit 300 Modellen zu besuchen, wo Sie auch gut beraten werden!<\/strong><\/p>\n<ul>\n<li>Gr\u00f6\u00dfe 80x80x35cm hoch<\/li>\n<li>Material: Granit poliert, schwarz<\/li>\n<li>Inklusive Pumpe, Schlauch, Verteiler, LEDs und Gebrauchsanweisung<\/li>\n<li>Pumpenkabell\u00e4nge 10 Meter und LEDs 7,5 Meter<\/li>\n<li>Mit Ablassschraube<\/li>\n<li>Gew\u00e4hrleistung 1 Jahr (Trockenlaufsch\u00e4den der Pumpe und Frostsch\u00e4den ausgenommen)<\/li>\n<li>Verpackt in Holzkiste<\/li>\n<li>Schnell geliefert<\/li>\n<li>Nirgendwo sonst zu verkaufen.<\/li>\n<\/ul>\n","protected":false},"excerpt":{"rendered":"<p>Ein wundersch\u00f6n schlanker moderner Wassertisch f\u00fcr Ihren Garten oder auf der Terrasse, der im eigenen Haus entwickelt wurde und nirgendwo anders erh\u00e4ltlich ist. Alles ist aus massivem, pechschwarzem, poliertem Granit, was eine sehr elegante und moderne Atmosph\u00e4re schafft. Bei diesem Modell ist kein Graben erforderlich, da sich die Wasserversorgung im Eimer befindet. Lieferung komplett mit &hellip;<\/p>\n","protected":false},"featured_media":53053,"template":"","meta":{"_acf_changed":false},"product_brand":[],"product_cat":[539,548,536],"product_tag":[],"class_list":{"0":"post-53062","1":"product","2":"type-product","3":"status-publish","4":"has-post-thumbnail","6":"product_cat-einzigartige-eigene-modelle-von-losen-wasserspiele","7":"product_cat-terrassenbrunnen","8":"product_cat-wassereigenschaften","10":"first","11":"instock","12":"taxable","13":"shipping-taxable","14":"purchasable","15":"product-type-simple"},"acf":[],"yoast_head":"<!-- This site is optimized with the Yoast SEO plugin v23.8 - https:\/\/yoast.com\/wordpress\/plugins\/seo\/ -->\n<title>Moderner Wassertisch aus Granit quadratisch schwarz - Eliassen.nl<\/title>\n<meta name=\"description\" content=\"M\u00f6chten Sie einen sch\u00f6nen modernen Wassertisch aus Granit quadratisch schwarz kaufen? Sehen Sie sich diese Kopie an. NIRGENDWO ANDERS ZU VERKAUFEN! inkl. Pum...\" \/>\n<meta name=\"robots\" content=\"noindex, follow, max-snippet:-1, max-image-preview:large, max-video-preview:-1\" \/>\n<meta property=\"og:locale\" content=\"de_DE\" \/>\n<meta property=\"og:type\" content=\"article\" \/>\n<meta property=\"og:title\" content=\"Moderner Wassertisch aus Granit quadratisch schwarz - Eliassen.nl\" \/>\n<meta property=\"og:description\" content=\"M\u00f6chten Sie einen sch\u00f6nen modernen Wassertisch aus Granit quadratisch schwarz kaufen? Sehen Sie sich diese Kopie an. NIRGENDWO ANDERS ZU VERKAUFEN! inkl. Pum...\" \/>\n<meta property=\"og:url\" content=\"https:\/\/dev.eliassen.nl\/de\/moderner-wassertisch-aus-granit-quadratisch-schwarz-zoe\/\" \/>\n<meta property=\"og:site_name\" content=\"Eliassen.nl\" \/>\n<meta property=\"article:publisher\" content=\"https:\/\/www.facebook.com\/TuincentrumEliassenAmmerzoden\" \/>\n<meta property=\"article:modified_time\" content=\"2024-12-05T14:53:49+00:00\" \/>\n<meta property=\"og:image\" content=\"https:\/\/dev.eliassen.nl\/wp-content\/uploads\/2024\/01\/modernewatertafelgranietvierkantzwartzoelias.jpg\" \/>\n\t<meta property=\"og:image:width\" content=\"2048\" \/>\n\t<meta property=\"og:image:height\" content=\"1536\" \/>\n\t<meta property=\"og:image:type\" content=\"image\/jpeg\" \/>\n<meta name=\"twitter:card\" content=\"summary_large_image\" \/>\n<script type=\"application\/ld+json\" class=\"yoast-schema-graph\">{\"@context\":\"https:\/\/schema.org\",\"@graph\":[{\"@type\":\"WebPage\",\"@id\":\"https:\/\/dev.eliassen.nl\/de\/moderner-wassertisch-aus-granit-quadratisch-schwarz-zoe\/\",\"url\":\"https:\/\/dev.eliassen.nl\/de\/moderner-wassertisch-aus-granit-quadratisch-schwarz-zoe\/\",\"name\":\"Moderner Wassertisch aus Granit quadratisch schwarz - Eliassen.nl\",\"isPartOf\":{\"@id\":\"https:\/\/dev.eliassen.nl\/de\/#website\"},\"primaryImageOfPage\":{\"@id\":\"https:\/\/dev.eliassen.nl\/de\/moderner-wassertisch-aus-granit-quadratisch-schwarz-zoe\/#primaryimage\"},\"image\":{\"@id\":\"https:\/\/dev.eliassen.nl\/de\/moderner-wassertisch-aus-granit-quadratisch-schwarz-zoe\/#primaryimage\"},\"thumbnailUrl\":\"https:\/\/dev.eliassen.nl\/wp-content\/uploads\/2024\/01\/modernewatertafelgranietvierkantzwartzoelias.jpg\",\"datePublished\":\"2021-09-06T12:41:24+00:00\",\"dateModified\":\"2024-12-05T14:53:49+00:00\",\"description\":\"M\u00f6chten Sie einen sch\u00f6nen modernen Wassertisch aus Granit quadratisch schwarz kaufen? Sehen Sie sich diese Kopie an. NIRGENDWO ANDERS ZU VERKAUFEN! inkl. Pum...\",\"breadcrumb\":{\"@id\":\"https:\/\/dev.eliassen.nl\/de\/moderner-wassertisch-aus-granit-quadratisch-schwarz-zoe\/#breadcrumb\"},\"inLanguage\":\"de\",\"potentialAction\":[{\"@type\":\"ReadAction\",\"target\":[\"https:\/\/dev.eliassen.nl\/de\/moderner-wassertisch-aus-granit-quadratisch-schwarz-zoe\/\"]}]},{\"@type\":\"ImageObject\",\"inLanguage\":\"de\",\"@id\":\"https:\/\/dev.eliassen.nl\/de\/moderner-wassertisch-aus-granit-quadratisch-schwarz-zoe\/#primaryimage\",\"url\":\"https:\/\/dev.eliassen.nl\/wp-content\/uploads\/2024\/01\/modernewatertafelgranietvierkantzwartzoelias.jpg\",\"contentUrl\":\"https:\/\/dev.eliassen.nl\/wp-content\/uploads\/2024\/01\/modernewatertafelgranietvierkantzwartzoelias.jpg\",\"width\":2048,\"height\":1536,\"caption\":\"Moderne watertafel graniet vierkant zwart Zo\u00eb | Eliassen.nl\"},{\"@type\":\"BreadcrumbList\",\"@id\":\"https:\/\/dev.eliassen.nl\/de\/moderner-wassertisch-aus-granit-quadratisch-schwarz-zoe\/#breadcrumb\",\"itemListElement\":[{\"@type\":\"ListItem\",\"position\":1,\"name\":\"Home\",\"item\":\"https:\/\/dev.eliassen.nl\/de\/\"},{\"@type\":\"ListItem\",\"position\":2,\"name\":\"Shop\",\"item\":\"https:\/\/dev.eliassen.nl\/nl\/winkel\/\"},{\"@type\":\"ListItem\",\"position\":3,\"name\":\"Wasserspiele\",\"item\":\"https:\/\/dev.eliassen.nl\/de\/wassereigenschaften\/\"},{\"@type\":\"ListItem\",\"position\":4,\"name\":\"Einzigartige eigene Modelle von losen Wasserspielen\",\"item\":\"https:\/\/dev.eliassen.nl\/de\/wassereigenschaften\/einzigartige-eigene-modelle-von-losen-wasserspiele\/\"},{\"@type\":\"ListItem\",\"position\":5,\"name\":\"Moderner Wassertisch aus Granit quadratisch schwarz Zo\u00eb\"}]},{\"@type\":\"WebSite\",\"@id\":\"https:\/\/dev.eliassen.nl\/de\/#website\",\"url\":\"https:\/\/dev.eliassen.nl\/de\/\",\"name\":\"Eliassen Home & Garden Pleasure\",\"description\":\"\",\"publisher\":{\"@id\":\"https:\/\/dev.eliassen.nl\/de\/#organization\"},\"alternateName\":\"Eliassen.nl\",\"potentialAction\":[{\"@type\":\"SearchAction\",\"target\":{\"@type\":\"EntryPoint\",\"urlTemplate\":\"https:\/\/dev.eliassen.nl\/de\/?s={search_term_string}\"},\"query-input\":{\"@type\":\"PropertyValueSpecification\",\"valueRequired\":true,\"valueName\":\"search_term_string\"}}],\"inLanguage\":\"de\"},{\"@type\":\"Organization\",\"@id\":\"https:\/\/dev.eliassen.nl\/de\/#organization\",\"name\":\"Eliassen Home & Garden Pleasure\",\"url\":\"https:\/\/dev.eliassen.nl\/de\/\",\"logo\":{\"@type\":\"ImageObject\",\"inLanguage\":\"de\",\"@id\":\"https:\/\/dev.eliassen.nl\/de\/#\/schema\/logo\/image\/\",\"url\":\"https:\/\/www.eliassen.nl\/wp-content\/uploads\/2024\/01\/logo_4nd.jpg\",\"contentUrl\":\"https:\/\/www.eliassen.nl\/wp-content\/uploads\/2024\/01\/logo_4nd.jpg\",\"width\":500,\"height\":500,\"caption\":\"Eliassen Home & Garden Pleasure\"},\"image\":{\"@id\":\"https:\/\/dev.eliassen.nl\/de\/#\/schema\/logo\/image\/\"},\"sameAs\":[\"https:\/\/www.facebook.com\/TuincentrumEliassenAmmerzoden\",\"https:\/\/www.instagram.com\/eliassenhomeandgarden\/\",\"https:\/\/nl.pinterest.com\/eliassenhomeandgarden\/\",\"https:\/\/www.youtube.com\/@eliassenhomegardenpleasure4558\"]}]}<\/script>\n<!-- \/ Yoast SEO plugin. -->","yoast_head_json":{"title":"Moderner Wassertisch aus Granit quadratisch schwarz - Eliassen.nl","description":"M\u00f6chten Sie einen sch\u00f6nen modernen Wassertisch aus Granit quadratisch schwarz kaufen? Sehen Sie sich diese Kopie an. NIRGENDWO ANDERS ZU VERKAUFEN! inkl. Pum...","robots":{"index":"noindex","follow":"follow","max-snippet":"max-snippet:-1","max-image-preview":"max-image-preview:large","max-video-preview":"max-video-preview:-1"},"og_locale":"de_DE","og_type":"article","og_title":"Moderner Wassertisch aus Granit quadratisch schwarz - Eliassen.nl","og_description":"M\u00f6chten Sie einen sch\u00f6nen modernen Wassertisch aus Granit quadratisch schwarz kaufen? Sehen Sie sich diese Kopie an. NIRGENDWO ANDERS ZU VERKAUFEN! inkl. Pum...","og_url":"https:\/\/dev.eliassen.nl\/de\/moderner-wassertisch-aus-granit-quadratisch-schwarz-zoe\/","og_site_name":"Eliassen.nl","article_publisher":"https:\/\/www.facebook.com\/TuincentrumEliassenAmmerzoden","article_modified_time":"2024-12-05T14:53:49+00:00","og_image":[{"width":2048,"height":1536,"url":"https:\/\/dev.eliassen.nl\/wp-content\/uploads\/2024\/01\/modernewatertafelgranietvierkantzwartzoelias.jpg","type":"image\/jpeg"}],"twitter_card":"summary_large_image","schema":{"@context":"https:\/\/schema.org","@graph":[{"@type":"WebPage","@id":"https:\/\/dev.eliassen.nl\/de\/moderner-wassertisch-aus-granit-quadratisch-schwarz-zoe\/","url":"https:\/\/dev.eliassen.nl\/de\/moderner-wassertisch-aus-granit-quadratisch-schwarz-zoe\/","name":"Moderner Wassertisch aus Granit quadratisch schwarz - Eliassen.nl","isPartOf":{"@id":"https:\/\/dev.eliassen.nl\/de\/#website"},"primaryImageOfPage":{"@id":"https:\/\/dev.eliassen.nl\/de\/moderner-wassertisch-aus-granit-quadratisch-schwarz-zoe\/#primaryimage"},"image":{"@id":"https:\/\/dev.eliassen.nl\/de\/moderner-wassertisch-aus-granit-quadratisch-schwarz-zoe\/#primaryimage"},"thumbnailUrl":"https:\/\/dev.eliassen.nl\/wp-content\/uploads\/2024\/01\/modernewatertafelgranietvierkantzwartzoelias.jpg","datePublished":"2021-09-06T12:41:24+00:00","dateModified":"2024-12-05T14:53:49+00:00","description":"M\u00f6chten Sie einen sch\u00f6nen modernen Wassertisch aus Granit quadratisch schwarz kaufen? Sehen Sie sich diese Kopie an. NIRGENDWO ANDERS ZU VERKAUFEN! inkl. Pum...","breadcrumb":{"@id":"https:\/\/dev.eliassen.nl\/de\/moderner-wassertisch-aus-granit-quadratisch-schwarz-zoe\/#breadcrumb"},"inLanguage":"de","potentialAction":[{"@type":"ReadAction","target":["https:\/\/dev.eliassen.nl\/de\/moderner-wassertisch-aus-granit-quadratisch-schwarz-zoe\/"]}]},{"@type":"ImageObject","inLanguage":"de","@id":"https:\/\/dev.eliassen.nl\/de\/moderner-wassertisch-aus-granit-quadratisch-schwarz-zoe\/#primaryimage","url":"https:\/\/dev.eliassen.nl\/wp-content\/uploads\/2024\/01\/modernewatertafelgranietvierkantzwartzoelias.jpg","contentUrl":"https:\/\/dev.eliassen.nl\/wp-content\/uploads\/2024\/01\/modernewatertafelgranietvierkantzwartzoelias.jpg","width":2048,"height":1536,"caption":"Moderne watertafel graniet vierkant zwart Zo\u00eb | Eliassen.nl"},{"@type":"BreadcrumbList","@id":"https:\/\/dev.eliassen.nl\/de\/moderner-wassertisch-aus-granit-quadratisch-schwarz-zoe\/#breadcrumb","itemListElement":[{"@type":"ListItem","position":1,"name":"Home","item":"https:\/\/dev.eliassen.nl\/de\/"},{"@type":"ListItem","position":2,"name":"Shop","item":"https:\/\/dev.eliassen.nl\/nl\/winkel\/"},{"@type":"ListItem","position":3,"name":"Wasserspiele","item":"https:\/\/dev.eliassen.nl\/de\/wassereigenschaften\/"},{"@type":"ListItem","position":4,"name":"Einzigartige eigene Modelle von losen Wasserspielen","item":"https:\/\/dev.eliassen.nl\/de\/wassereigenschaften\/einzigartige-eigene-modelle-von-losen-wasserspiele\/"},{"@type":"ListItem","position":5,"name":"Moderner Wassertisch aus Granit quadratisch schwarz Zo\u00eb"}]},{"@type":"WebSite","@id":"https:\/\/dev.eliassen.nl\/de\/#website","url":"https:\/\/dev.eliassen.nl\/de\/","name":"Eliassen Home & Garden Pleasure","description":"","publisher":{"@id":"https:\/\/dev.eliassen.nl\/de\/#organization"},"alternateName":"Eliassen.nl","potentialAction":[{"@type":"SearchAction","target":{"@type":"EntryPoint","urlTemplate":"https:\/\/dev.eliassen.nl\/de\/?s={search_term_string}"},"query-input":{"@type":"PropertyValueSpecification","valueRequired":true,"valueName":"search_term_string"}}],"inLanguage":"de"},{"@type":"Organization","@id":"https:\/\/dev.eliassen.nl\/de\/#organization","name":"Eliassen Home & Garden Pleasure","url":"https:\/\/dev.eliassen.nl\/de\/","logo":{"@type":"ImageObject","inLanguage":"de","@id":"https:\/\/dev.eliassen.nl\/de\/#\/schema\/logo\/image\/","url":"https:\/\/www.eliassen.nl\/wp-content\/uploads\/2024\/01\/logo_4nd.jpg","contentUrl":"https:\/\/www.eliassen.nl\/wp-content\/uploads\/2024\/01\/logo_4nd.jpg","width":500,"height":500,"caption":"Eliassen Home & Garden Pleasure"},"image":{"@id":"https:\/\/dev.eliassen.nl\/de\/#\/schema\/logo\/image\/"},"sameAs":["https:\/\/www.facebook.com\/TuincentrumEliassenAmmerzoden","https:\/\/www.instagram.com\/eliassenhomeandgarden\/","https:\/\/nl.pinterest.com\/eliassenhomeandgarden\/","https:\/\/www.youtube.com\/@eliassenhomegardenpleasure4558"]}]}},"df_price":795,"df_sale_price":"","df_regular_price":795,"df_image_link":"https:\/\/dev.eliassen.nl\/wp-content\/uploads\/2024\/01\/modernewatertafelgranietvierkantzwartzoelias.jpg","image":"https:\/\/dev.eliassen.nl\/wp-content\/uploads\/2024\/01\/modernewatertafelgranietvierkantzwartzoelias.jpg","price_search":"<span class=\"woocommerce-Price-amount amount\"><bdi><span class=\"woocommerce-Price-currencySymbol\">&euro;<\/span>&nbsp;795,00<\/bdi><\/span>","category":"Einzigartige eigene Modelle von losen Wasserspielen","_links":{"self":[{"href":"https:\/\/dev.eliassen.nl\/de\/wp-json\/wp\/v2\/product\/53062","targetHints":{"allow":["GET"]}}],"collection":[{"href":"https:\/\/dev.eliassen.nl\/de\/wp-json\/wp\/v2\/product"}],"about":[{"href":"https:\/\/dev.eliassen.nl\/de\/wp-json\/wp\/v2\/types\/product"}],"wp:featuredmedia":[{"embeddable":true,"href":"https:\/\/dev.eliassen.nl\/de\/wp-json\/wp\/v2\/media\/53053"}],"wp:attachment":[{"href":"https:\/\/dev.eliassen.nl\/de\/wp-json\/wp\/v2\/media?parent=53062"}],"wp:term":[{"taxonomy":"product_brand","embeddable":true,"href":"https:\/\/dev.eliassen.nl\/de\/wp-json\/wp\/v2\/product_brand?post=53062"},{"taxonomy":"product_cat","embeddable":true,"href":"https:\/\/dev.eliassen.nl\/de\/wp-json\/wp\/v2\/product_cat?post=53062"},{"taxonomy":"product_tag","embeddable":true,"href":"https:\/\/dev.eliassen.nl\/de\/wp-json\/wp\/v2\/product_tag?post=53062"}],"curies":[{"name":"wp","href":"https:\/\/api.w.org\/{rel}","templated":true}]}}