{"id":53143,"date":"2021-09-06T16:32:16","date_gmt":"2021-09-06T14:32:16","guid":{"rendered":"https:\/\/www.eliassen.nl\/?product=japanse-lamp-natuur-90cm"},"modified":"2024-12-05T15:53:57","modified_gmt":"2024-12-05T14:53:57","slug":"japanische-lampe-naturstein-100-110cm","status":"publish","type":"product","link":"https:\/\/dev.eliassen.nl\/de\/japanische-lampe-naturstein-100-110cm\/","title":{"rendered":"Japanische Lampe Naturstein 100-110cm"},"content":{"rendered":"<p>Diese japanische Pagodenlampe kommt in Ihrem orientalischen Garten besonders gut zur Geltung. Dieses Modell einer japanischen Gartenlampe besteht aus gestapelten geschnittenen Flusskieseln, auf deren Oberseite sich eine Lampe aus genau passenden Kieselsteinen der gleichen Art befindet. Die Findlinge sollen vor Ort im Garten zusammengeklebt werden. Alle Exemplare dieser japanischen Laternen weichen vom Foto ab, da es sich um ein Naturprodukt handelt: Kein Stein gleicht dem anderen.<\/p>\n<p>In die Leuchte kann eine Leuchte eingebaut werden, die nicht im Lieferumfang enthalten ist.<\/p>\n<ul>\n<li>Material: Naturstein<\/li>\n<li>Farbe: Braunt\u00f6ne<\/li>\n<li>Gr\u00f6\u00dfe: ca. 100\u2013110 cm hoch<\/li>\n<li>Auch live bei uns zu sehen<\/li>\n<li>Eigener Bestand.<\/li>\n<\/ul>\n","protected":false},"excerpt":{"rendered":"<p>Diese japanische Pagodenlampe kommt in Ihrem orientalischen Garten besonders gut zur Geltung. Dieses Modell einer japanischen Gartenlampe besteht aus gestapelten geschnittenen Flusskieseln, auf deren Oberseite sich eine Lampe aus genau passenden Kieselsteinen der gleichen Art befindet. Die Findlinge sollen vor Ort im Garten zusammengeklebt werden. Alle Exemplare dieser japanischen Laternen weichen vom Foto ab, da &hellip;<\/p>\n","protected":false},"featured_media":53131,"template":"","meta":{"_acf_changed":false},"product_brand":[],"product_cat":[719,7076],"product_tag":[],"class_list":{"0":"post-53143","1":"product","2":"type-product","3":"status-publish","4":"has-post-thumbnail","6":"product_cat-statuen-aus-naturstein","7":"product_cat-statues-figures","9":"first","10":"instock","11":"taxable","12":"shipping-taxable","13":"purchasable","14":"product-type-simple"},"acf":[],"yoast_head":"<!-- This site is optimized with the Yoast SEO plugin v23.8 - https:\/\/yoast.com\/wordpress\/plugins\/seo\/ -->\n<title>Japanische Steinlampe | Naturstein | 90cm | Eliassen.nl<\/title>\n<meta name=\"description\" content=\"M\u00f6chten Sie eine japanische Lampe als sch\u00f6ne, stimmungsvolle Gartenlampe kaufen? Dieses Exemplar besteht aus geschnitzten Flussbrocken. Hat Braunt\u00f6ne und kan...\" \/>\n<meta name=\"robots\" content=\"noindex, follow, max-snippet:-1, max-image-preview:large, max-video-preview:-1\" \/>\n<meta property=\"og:locale\" content=\"de_DE\" \/>\n<meta property=\"og:type\" content=\"article\" \/>\n<meta property=\"og:title\" content=\"Japanische Steinlampe | Naturstein | 90cm | Eliassen.nl\" \/>\n<meta property=\"og:description\" content=\"M\u00f6chten Sie eine japanische Lampe als sch\u00f6ne, stimmungsvolle Gartenlampe kaufen? Dieses Exemplar besteht aus geschnitzten Flussbrocken. Hat Braunt\u00f6ne und kan...\" \/>\n<meta property=\"og:url\" content=\"https:\/\/dev.eliassen.nl\/de\/japanische-lampe-naturstein-100-110cm\/\" \/>\n<meta property=\"og:site_name\" content=\"Eliassen.nl\" \/>\n<meta property=\"article:publisher\" content=\"https:\/\/www.facebook.com\/TuincentrumEliassenAmmerzoden\" \/>\n<meta property=\"article:modified_time\" content=\"2024-12-05T14:53:57+00:00\" \/>\n<meta property=\"og:image\" content=\"https:\/\/dev.eliassen.nl\/wp-content\/uploads\/2024\/01\/japanselampnatuursteen100110cmeliassennl.png\" \/>\n\t<meta property=\"og:image:width\" content=\"563\" \/>\n\t<meta property=\"og:image:height\" content=\"1000\" \/>\n\t<meta property=\"og:image:type\" content=\"image\/png\" \/>\n<meta name=\"twitter:card\" content=\"summary_large_image\" \/>\n<script type=\"application\/ld+json\" class=\"yoast-schema-graph\">{\"@context\":\"https:\/\/schema.org\",\"@graph\":[{\"@type\":\"WebPage\",\"@id\":\"https:\/\/dev.eliassen.nl\/de\/japanische-lampe-naturstein-100-110cm\/\",\"url\":\"https:\/\/dev.eliassen.nl\/de\/japanische-lampe-naturstein-100-110cm\/\",\"name\":\"Japanische Steinlampe | Naturstein | 90cm | Eliassen.nl\",\"isPartOf\":{\"@id\":\"https:\/\/dev.eliassen.nl\/de\/#website\"},\"primaryImageOfPage\":{\"@id\":\"https:\/\/dev.eliassen.nl\/de\/japanische-lampe-naturstein-100-110cm\/#primaryimage\"},\"image\":{\"@id\":\"https:\/\/dev.eliassen.nl\/de\/japanische-lampe-naturstein-100-110cm\/#primaryimage\"},\"thumbnailUrl\":\"https:\/\/dev.eliassen.nl\/wp-content\/uploads\/2024\/01\/japanselampnatuursteen100110cmeliassennl.png\",\"datePublished\":\"2021-09-06T14:32:16+00:00\",\"dateModified\":\"2024-12-05T14:53:57+00:00\",\"description\":\"M\u00f6chten Sie eine japanische Lampe als sch\u00f6ne, stimmungsvolle Gartenlampe kaufen? Dieses Exemplar besteht aus geschnitzten Flussbrocken. Hat Braunt\u00f6ne und kan...\",\"breadcrumb\":{\"@id\":\"https:\/\/dev.eliassen.nl\/de\/japanische-lampe-naturstein-100-110cm\/#breadcrumb\"},\"inLanguage\":\"de\",\"potentialAction\":[{\"@type\":\"ReadAction\",\"target\":[\"https:\/\/dev.eliassen.nl\/de\/japanische-lampe-naturstein-100-110cm\/\"]}]},{\"@type\":\"ImageObject\",\"inLanguage\":\"de\",\"@id\":\"https:\/\/dev.eliassen.nl\/de\/japanische-lampe-naturstein-100-110cm\/#primaryimage\",\"url\":\"https:\/\/dev.eliassen.nl\/wp-content\/uploads\/2024\/01\/japanselampnatuursteen100110cmeliassennl.png\",\"contentUrl\":\"https:\/\/dev.eliassen.nl\/wp-content\/uploads\/2024\/01\/japanselampnatuursteen100110cmeliassennl.png\",\"width\":563,\"height\":1000,\"caption\":\"Japanse lamp natuursteen 100-110cm eliassen.nl\"},{\"@type\":\"BreadcrumbList\",\"@id\":\"https:\/\/dev.eliassen.nl\/de\/japanische-lampe-naturstein-100-110cm\/#breadcrumb\",\"itemListElement\":[{\"@type\":\"ListItem\",\"position\":1,\"name\":\"Home\",\"item\":\"https:\/\/dev.eliassen.nl\/de\/\"},{\"@type\":\"ListItem\",\"position\":2,\"name\":\"Shop\",\"item\":\"https:\/\/dev.eliassen.nl\/nl\/winkel\/\"},{\"@type\":\"ListItem\",\"position\":3,\"name\":\"Statuen-Skulpturen\",\"item\":\"https:\/\/dev.eliassen.nl\/de\/statuen-skulpturen\/\"},{\"@type\":\"ListItem\",\"position\":4,\"name\":\"Statuen aus Naturstein\",\"item\":\"https:\/\/dev.eliassen.nl\/de\/bilder\/statuen-aus-naturstein\/\"},{\"@type\":\"ListItem\",\"position\":5,\"name\":\"Japanische Lampe Naturstein 100-110cm\"}]},{\"@type\":\"WebSite\",\"@id\":\"https:\/\/dev.eliassen.nl\/de\/#website\",\"url\":\"https:\/\/dev.eliassen.nl\/de\/\",\"name\":\"Eliassen Home & Garden Pleasure\",\"description\":\"\",\"publisher\":{\"@id\":\"https:\/\/dev.eliassen.nl\/de\/#organization\"},\"alternateName\":\"Eliassen.nl\",\"potentialAction\":[{\"@type\":\"SearchAction\",\"target\":{\"@type\":\"EntryPoint\",\"urlTemplate\":\"https:\/\/dev.eliassen.nl\/de\/?s={search_term_string}\"},\"query-input\":{\"@type\":\"PropertyValueSpecification\",\"valueRequired\":true,\"valueName\":\"search_term_string\"}}],\"inLanguage\":\"de\"},{\"@type\":\"Organization\",\"@id\":\"https:\/\/dev.eliassen.nl\/de\/#organization\",\"name\":\"Eliassen Home & Garden Pleasure\",\"url\":\"https:\/\/dev.eliassen.nl\/de\/\",\"logo\":{\"@type\":\"ImageObject\",\"inLanguage\":\"de\",\"@id\":\"https:\/\/dev.eliassen.nl\/de\/#\/schema\/logo\/image\/\",\"url\":\"https:\/\/www.eliassen.nl\/wp-content\/uploads\/2024\/01\/logo_4nd.jpg\",\"contentUrl\":\"https:\/\/www.eliassen.nl\/wp-content\/uploads\/2024\/01\/logo_4nd.jpg\",\"width\":500,\"height\":500,\"caption\":\"Eliassen Home & Garden Pleasure\"},\"image\":{\"@id\":\"https:\/\/dev.eliassen.nl\/de\/#\/schema\/logo\/image\/\"},\"sameAs\":[\"https:\/\/www.facebook.com\/TuincentrumEliassenAmmerzoden\",\"https:\/\/www.instagram.com\/eliassenhomeandgarden\/\",\"https:\/\/nl.pinterest.com\/eliassenhomeandgarden\/\",\"https:\/\/www.youtube.com\/@eliassenhomegardenpleasure4558\"]}]}<\/script>\n<!-- \/ Yoast SEO plugin. -->","yoast_head_json":{"title":"Japanische Steinlampe | Naturstein | 90cm | Eliassen.nl","description":"M\u00f6chten Sie eine japanische Lampe als sch\u00f6ne, stimmungsvolle Gartenlampe kaufen? Dieses Exemplar besteht aus geschnitzten Flussbrocken. Hat Braunt\u00f6ne und kan...","robots":{"index":"noindex","follow":"follow","max-snippet":"max-snippet:-1","max-image-preview":"max-image-preview:large","max-video-preview":"max-video-preview:-1"},"og_locale":"de_DE","og_type":"article","og_title":"Japanische Steinlampe | Naturstein | 90cm | Eliassen.nl","og_description":"M\u00f6chten Sie eine japanische Lampe als sch\u00f6ne, stimmungsvolle Gartenlampe kaufen? Dieses Exemplar besteht aus geschnitzten Flussbrocken. Hat Braunt\u00f6ne und kan...","og_url":"https:\/\/dev.eliassen.nl\/de\/japanische-lampe-naturstein-100-110cm\/","og_site_name":"Eliassen.nl","article_publisher":"https:\/\/www.facebook.com\/TuincentrumEliassenAmmerzoden","article_modified_time":"2024-12-05T14:53:57+00:00","og_image":[{"width":563,"height":1000,"url":"https:\/\/dev.eliassen.nl\/wp-content\/uploads\/2024\/01\/japanselampnatuursteen100110cmeliassennl.png","type":"image\/png"}],"twitter_card":"summary_large_image","schema":{"@context":"https:\/\/schema.org","@graph":[{"@type":"WebPage","@id":"https:\/\/dev.eliassen.nl\/de\/japanische-lampe-naturstein-100-110cm\/","url":"https:\/\/dev.eliassen.nl\/de\/japanische-lampe-naturstein-100-110cm\/","name":"Japanische Steinlampe | Naturstein | 90cm | Eliassen.nl","isPartOf":{"@id":"https:\/\/dev.eliassen.nl\/de\/#website"},"primaryImageOfPage":{"@id":"https:\/\/dev.eliassen.nl\/de\/japanische-lampe-naturstein-100-110cm\/#primaryimage"},"image":{"@id":"https:\/\/dev.eliassen.nl\/de\/japanische-lampe-naturstein-100-110cm\/#primaryimage"},"thumbnailUrl":"https:\/\/dev.eliassen.nl\/wp-content\/uploads\/2024\/01\/japanselampnatuursteen100110cmeliassennl.png","datePublished":"2021-09-06T14:32:16+00:00","dateModified":"2024-12-05T14:53:57+00:00","description":"M\u00f6chten Sie eine japanische Lampe als sch\u00f6ne, stimmungsvolle Gartenlampe kaufen? Dieses Exemplar besteht aus geschnitzten Flussbrocken. Hat Braunt\u00f6ne und kan...","breadcrumb":{"@id":"https:\/\/dev.eliassen.nl\/de\/japanische-lampe-naturstein-100-110cm\/#breadcrumb"},"inLanguage":"de","potentialAction":[{"@type":"ReadAction","target":["https:\/\/dev.eliassen.nl\/de\/japanische-lampe-naturstein-100-110cm\/"]}]},{"@type":"ImageObject","inLanguage":"de","@id":"https:\/\/dev.eliassen.nl\/de\/japanische-lampe-naturstein-100-110cm\/#primaryimage","url":"https:\/\/dev.eliassen.nl\/wp-content\/uploads\/2024\/01\/japanselampnatuursteen100110cmeliassennl.png","contentUrl":"https:\/\/dev.eliassen.nl\/wp-content\/uploads\/2024\/01\/japanselampnatuursteen100110cmeliassennl.png","width":563,"height":1000,"caption":"Japanse lamp natuursteen 100-110cm eliassen.nl"},{"@type":"BreadcrumbList","@id":"https:\/\/dev.eliassen.nl\/de\/japanische-lampe-naturstein-100-110cm\/#breadcrumb","itemListElement":[{"@type":"ListItem","position":1,"name":"Home","item":"https:\/\/dev.eliassen.nl\/de\/"},{"@type":"ListItem","position":2,"name":"Shop","item":"https:\/\/dev.eliassen.nl\/nl\/winkel\/"},{"@type":"ListItem","position":3,"name":"Statuen-Skulpturen","item":"https:\/\/dev.eliassen.nl\/de\/statuen-skulpturen\/"},{"@type":"ListItem","position":4,"name":"Statuen aus Naturstein","item":"https:\/\/dev.eliassen.nl\/de\/bilder\/statuen-aus-naturstein\/"},{"@type":"ListItem","position":5,"name":"Japanische Lampe Naturstein 100-110cm"}]},{"@type":"WebSite","@id":"https:\/\/dev.eliassen.nl\/de\/#website","url":"https:\/\/dev.eliassen.nl\/de\/","name":"Eliassen Home & Garden Pleasure","description":"","publisher":{"@id":"https:\/\/dev.eliassen.nl\/de\/#organization"},"alternateName":"Eliassen.nl","potentialAction":[{"@type":"SearchAction","target":{"@type":"EntryPoint","urlTemplate":"https:\/\/dev.eliassen.nl\/de\/?s={search_term_string}"},"query-input":{"@type":"PropertyValueSpecification","valueRequired":true,"valueName":"search_term_string"}}],"inLanguage":"de"},{"@type":"Organization","@id":"https:\/\/dev.eliassen.nl\/de\/#organization","name":"Eliassen Home & Garden Pleasure","url":"https:\/\/dev.eliassen.nl\/de\/","logo":{"@type":"ImageObject","inLanguage":"de","@id":"https:\/\/dev.eliassen.nl\/de\/#\/schema\/logo\/image\/","url":"https:\/\/www.eliassen.nl\/wp-content\/uploads\/2024\/01\/logo_4nd.jpg","contentUrl":"https:\/\/www.eliassen.nl\/wp-content\/uploads\/2024\/01\/logo_4nd.jpg","width":500,"height":500,"caption":"Eliassen Home & Garden Pleasure"},"image":{"@id":"https:\/\/dev.eliassen.nl\/de\/#\/schema\/logo\/image\/"},"sameAs":["https:\/\/www.facebook.com\/TuincentrumEliassenAmmerzoden","https:\/\/www.instagram.com\/eliassenhomeandgarden\/","https:\/\/nl.pinterest.com\/eliassenhomeandgarden\/","https:\/\/www.youtube.com\/@eliassenhomegardenpleasure4558"]}]}},"df_price":299,"df_sale_price":"","df_regular_price":299,"df_image_link":"https:\/\/dev.eliassen.nl\/wp-content\/uploads\/2024\/01\/japanselampnatuursteen100110cmeliassennl.png","image":"https:\/\/dev.eliassen.nl\/wp-content\/uploads\/2024\/01\/japanselampnatuursteen100110cmeliassennl.png","price_search":"<span class=\"woocommerce-Price-amount amount\"><bdi><span class=\"woocommerce-Price-currencySymbol\">&euro;<\/span>&nbsp;299,00<\/bdi><\/span>","category":"Statuen aus Naturstein","_links":{"self":[{"href":"https:\/\/dev.eliassen.nl\/de\/wp-json\/wp\/v2\/product\/53143","targetHints":{"allow":["GET"]}}],"collection":[{"href":"https:\/\/dev.eliassen.nl\/de\/wp-json\/wp\/v2\/product"}],"about":[{"href":"https:\/\/dev.eliassen.nl\/de\/wp-json\/wp\/v2\/types\/product"}],"wp:featuredmedia":[{"embeddable":true,"href":"https:\/\/dev.eliassen.nl\/de\/wp-json\/wp\/v2\/media\/53131"}],"wp:attachment":[{"href":"https:\/\/dev.eliassen.nl\/de\/wp-json\/wp\/v2\/media?parent=53143"}],"wp:term":[{"taxonomy":"product_brand","embeddable":true,"href":"https:\/\/dev.eliassen.nl\/de\/wp-json\/wp\/v2\/product_brand?post=53143"},{"taxonomy":"product_cat","embeddable":true,"href":"https:\/\/dev.eliassen.nl\/de\/wp-json\/wp\/v2\/product_cat?post=53143"},{"taxonomy":"product_tag","embeddable":true,"href":"https:\/\/dev.eliassen.nl\/de\/wp-json\/wp\/v2\/product_tag?post=53143"}],"curies":[{"name":"wp","href":"https:\/\/api.w.org\/{rel}","templated":true}]}}