{"id":53194,"date":"2021-09-07T14:18:25","date_gmt":"2021-09-07T12:18:25","guid":{"rendered":"https:\/\/www.eliassen.nl\/?product=as-urn-vlinder-in-steen-15cm"},"modified":"2024-12-05T15:54:06","modified_gmt":"2024-12-05T14:54:06","slug":"urne-schmetterling-auf-stein-15cm","status":"publish","type":"product","link":"https:\/\/dev.eliassen.nl\/de\/urne-schmetterling-auf-stein-15cm\/","title":{"rendered":"Urne Schmetterling auf Stein 15cm"},"content":{"rendered":"<p><video controls=\"controls\" width=\"300\" height=\"150\"><source src=\"https:\/\/cdn.webshopapp.com\/shops\/289658\/files\/419730193\/urn-vlinder-op-steen-15cm-eliassennl.mp4\" type=\"video\/mp4\" \/><\/video><br \/>Tierurne, mit einem sch\u00f6nen Bild eines Schmetterlings auf Stein, von Hand auf einem ca. 15 cm gro\u00dfen Felsbrocken gefertigt. Ausgestattet mit kleinem Edelstahlkanister 45x30mm mit Schraubdeckel, zur feuchtigkeitsgesch\u00fctzten Aufbewahrung der Asche, die Sie im Boden befestigen k\u00f6nnen, zur Aufbewahrung der Asche f\u00fcr Ihr geliebtes verstorbenes Haustier. Zuerst wird das Bild auf den Findling gezeichnet, danach werden die Linien und einige Fl\u00e4chen mit einem Mei\u00dfel herausgearbeitet, sodass Tiefenunterschiede entstehen. Die h\u00f6chsten Teile werden dann sorgf\u00e4ltig poliert. Eine riesige Arbeit, aber das Ergebnis kann da sein.<\/p>\n<p>Diese handgefertigte Steinurne mit Urne kann drinnen, aber nat\u00fcrlich auch drau\u00dfen verwendet werden, denn diese Ascheurne bleibt auch drau\u00dfen sch\u00f6n, Sie k\u00f6nnen gerne einen sch\u00f6nen und unvergesslichen Platz daf\u00fcr finden.<\/p>\n<p><strong>Das Foto ist nur ein Beispiel, da es sich um ein Naturprodukt handelt und jedes Exemplar anders in Form, Farbe oder Aussehen ist. Dies kann nicht geltend gemacht werden.<\/strong><\/p>\n<ul>\n<li>Gr\u00f6\u00dfe: Ca. 17 x 17 x 9 cm hoch<\/li>\n<li>Ungef\u00e4hres Gewicht. 3,4 kg<\/li>\n<li>Material: Granit<\/li>\n<li>Farbe: Braun in verschiedenen Farbt\u00f6nen<\/li>\n<li>Nirgendwo sonst zu verkaufen<\/li>\n<li>Eigener begrenzter Vorrat.<\/li>\n<\/ul>\n<p>Schmetterlinge sind das ultimative Symbol f\u00fcr Leben, Tod und Wiedergeburt.<\/p>\n<p>Raupen kriechen auf dem Boden und wissen nur, was sich in ihrem eigenen Lebensraum befindet. Kein \u00dcberblick, keine Vergangenheit und schon gar kein Ausblick auf die Zukunft. Ganz im Hier und Jetzt bereitet er sich unbewusst auf den langen Weg vor, den er gehen muss, um endlich zu sterben.<\/p>\n","protected":false},"excerpt":{"rendered":"<p>Tierurne, mit einem sch\u00f6nen Bild eines Schmetterlings auf Stein, von Hand auf einem ca. 15 cm gro\u00dfen Felsbrocken gefertigt. Ausgestattet mit kleinem Edelstahlkanister 45x30mm mit Schraubdeckel, zur feuchtigkeitsgesch\u00fctzten Aufbewahrung der Asche, die Sie im Boden befestigen k\u00f6nnen, zur Aufbewahrung der Asche f\u00fcr Ihr geliebtes verstorbenes Haustier. Zuerst wird das Bild auf den Findling gezeichnet, danach &hellip;<\/p>\n","protected":false},"featured_media":53185,"template":"","meta":{"_acf_changed":false},"product_brand":[],"product_cat":[7076,1001],"product_tag":[],"class_list":{"0":"post-53194","1":"product","2":"type-product","3":"status-publish","4":"has-post-thumbnail","6":"product_cat-statues-figures","7":"product_cat-tierische-urne","9":"first","10":"instock","11":"taxable","12":"shipping-taxable","13":"purchasable","14":"product-type-simple"},"acf":[],"yoast_head":"<!-- This site is optimized with the Yoast SEO plugin v23.8 - https:\/\/yoast.com\/wordpress\/plugins\/seo\/ -->\n<title>Ascheurne Schmetterling auf Stein 15cm | Gedenkstatue | Eliassen.nl<\/title>\n<meta name=\"description\" content=\"Schmetterling auf Stein als Tierurne. Handgemacht! Sie k\u00f6nnen diese Ascheurne sowohl drinnen als auch drau\u00dfen aufstellen. Nirgendwo anders zu verkaufen! Mate...\" \/>\n<meta name=\"robots\" content=\"noindex, follow, max-snippet:-1, max-image-preview:large, max-video-preview:-1\" \/>\n<meta property=\"og:locale\" content=\"de_DE\" \/>\n<meta property=\"og:type\" content=\"article\" \/>\n<meta property=\"og:title\" content=\"Ascheurne Schmetterling auf Stein 15cm | Gedenkstatue | Eliassen.nl\" \/>\n<meta property=\"og:description\" content=\"Schmetterling auf Stein als Tierurne. Handgemacht! Sie k\u00f6nnen diese Ascheurne sowohl drinnen als auch drau\u00dfen aufstellen. Nirgendwo anders zu verkaufen! Mate...\" \/>\n<meta property=\"og:url\" content=\"https:\/\/dev.eliassen.nl\/de\/urne-schmetterling-auf-stein-15cm\/\" \/>\n<meta property=\"og:site_name\" content=\"Eliassen.nl\" \/>\n<meta property=\"article:publisher\" content=\"https:\/\/www.facebook.com\/TuincentrumEliassenAmmerzoden\" \/>\n<meta property=\"article:modified_time\" content=\"2024-12-05T14:54:06+00:00\" \/>\n<meta property=\"og:image\" content=\"https:\/\/dev.eliassen.nl\/wp-content\/uploads\/2024\/01\/asurnvlinderopsteen15cmeliassennl.jpg\" \/>\n\t<meta property=\"og:image:width\" content=\"1617\" \/>\n\t<meta property=\"og:image:height\" content=\"1491\" \/>\n\t<meta property=\"og:image:type\" content=\"image\/jpeg\" \/>\n<meta name=\"twitter:card\" content=\"summary_large_image\" \/>\n<script type=\"application\/ld+json\" class=\"yoast-schema-graph\">{\"@context\":\"https:\/\/schema.org\",\"@graph\":[{\"@type\":\"WebPage\",\"@id\":\"https:\/\/dev.eliassen.nl\/de\/urne-schmetterling-auf-stein-15cm\/\",\"url\":\"https:\/\/dev.eliassen.nl\/de\/urne-schmetterling-auf-stein-15cm\/\",\"name\":\"Ascheurne Schmetterling auf Stein 15cm | Gedenkstatue | Eliassen.nl\",\"isPartOf\":{\"@id\":\"https:\/\/dev.eliassen.nl\/de\/#website\"},\"primaryImageOfPage\":{\"@id\":\"https:\/\/dev.eliassen.nl\/de\/urne-schmetterling-auf-stein-15cm\/#primaryimage\"},\"image\":{\"@id\":\"https:\/\/dev.eliassen.nl\/de\/urne-schmetterling-auf-stein-15cm\/#primaryimage\"},\"thumbnailUrl\":\"https:\/\/dev.eliassen.nl\/wp-content\/uploads\/2024\/01\/asurnvlinderopsteen15cmeliassennl.jpg\",\"datePublished\":\"2021-09-07T12:18:25+00:00\",\"dateModified\":\"2024-12-05T14:54:06+00:00\",\"description\":\"Schmetterling auf Stein als Tierurne. Handgemacht! Sie k\u00f6nnen diese Ascheurne sowohl drinnen als auch drau\u00dfen aufstellen. Nirgendwo anders zu verkaufen! Mate...\",\"breadcrumb\":{\"@id\":\"https:\/\/dev.eliassen.nl\/de\/urne-schmetterling-auf-stein-15cm\/#breadcrumb\"},\"inLanguage\":\"de\",\"potentialAction\":[{\"@type\":\"ReadAction\",\"target\":[\"https:\/\/dev.eliassen.nl\/de\/urne-schmetterling-auf-stein-15cm\/\"]}]},{\"@type\":\"ImageObject\",\"inLanguage\":\"de\",\"@id\":\"https:\/\/dev.eliassen.nl\/de\/urne-schmetterling-auf-stein-15cm\/#primaryimage\",\"url\":\"https:\/\/dev.eliassen.nl\/wp-content\/uploads\/2024\/01\/asurnvlinderopsteen15cmeliassennl.jpg\",\"contentUrl\":\"https:\/\/dev.eliassen.nl\/wp-content\/uploads\/2024\/01\/asurnvlinderopsteen15cmeliassennl.jpg\",\"width\":1617,\"height\":1491,\"caption\":\"As urn Vlinder op steen 15cm - Eliassen.nl\"},{\"@type\":\"BreadcrumbList\",\"@id\":\"https:\/\/dev.eliassen.nl\/de\/urne-schmetterling-auf-stein-15cm\/#breadcrumb\",\"itemListElement\":[{\"@type\":\"ListItem\",\"position\":1,\"name\":\"Home\",\"item\":\"https:\/\/dev.eliassen.nl\/de\/\"},{\"@type\":\"ListItem\",\"position\":2,\"name\":\"Shop\",\"item\":\"https:\/\/dev.eliassen.nl\/nl\/winkel\/\"},{\"@type\":\"ListItem\",\"position\":3,\"name\":\"Statuen-Skulpturen\",\"item\":\"https:\/\/dev.eliassen.nl\/de\/statuen-skulpturen\/\"},{\"@type\":\"ListItem\",\"position\":4,\"name\":\"tierische Urne\",\"item\":\"https:\/\/dev.eliassen.nl\/de\/bilder\/tierische-urne\/\"},{\"@type\":\"ListItem\",\"position\":5,\"name\":\"Urne Schmetterling auf Stein 15cm\"}]},{\"@type\":\"WebSite\",\"@id\":\"https:\/\/dev.eliassen.nl\/de\/#website\",\"url\":\"https:\/\/dev.eliassen.nl\/de\/\",\"name\":\"Eliassen Home & Garden Pleasure\",\"description\":\"\",\"publisher\":{\"@id\":\"https:\/\/dev.eliassen.nl\/de\/#organization\"},\"alternateName\":\"Eliassen.nl\",\"potentialAction\":[{\"@type\":\"SearchAction\",\"target\":{\"@type\":\"EntryPoint\",\"urlTemplate\":\"https:\/\/dev.eliassen.nl\/de\/?s={search_term_string}\"},\"query-input\":{\"@type\":\"PropertyValueSpecification\",\"valueRequired\":true,\"valueName\":\"search_term_string\"}}],\"inLanguage\":\"de\"},{\"@type\":\"Organization\",\"@id\":\"https:\/\/dev.eliassen.nl\/de\/#organization\",\"name\":\"Eliassen Home & Garden Pleasure\",\"url\":\"https:\/\/dev.eliassen.nl\/de\/\",\"logo\":{\"@type\":\"ImageObject\",\"inLanguage\":\"de\",\"@id\":\"https:\/\/dev.eliassen.nl\/de\/#\/schema\/logo\/image\/\",\"url\":\"https:\/\/www.eliassen.nl\/wp-content\/uploads\/2024\/01\/logo_4nd.jpg\",\"contentUrl\":\"https:\/\/www.eliassen.nl\/wp-content\/uploads\/2024\/01\/logo_4nd.jpg\",\"width\":500,\"height\":500,\"caption\":\"Eliassen Home & Garden Pleasure\"},\"image\":{\"@id\":\"https:\/\/dev.eliassen.nl\/de\/#\/schema\/logo\/image\/\"},\"sameAs\":[\"https:\/\/www.facebook.com\/TuincentrumEliassenAmmerzoden\",\"https:\/\/www.instagram.com\/eliassenhomeandgarden\/\",\"https:\/\/nl.pinterest.com\/eliassenhomeandgarden\/\",\"https:\/\/www.youtube.com\/@eliassenhomegardenpleasure4558\"]}]}<\/script>\n<!-- \/ Yoast SEO plugin. -->","yoast_head_json":{"title":"Ascheurne Schmetterling auf Stein 15cm | Gedenkstatue | Eliassen.nl","description":"Schmetterling auf Stein als Tierurne. Handgemacht! Sie k\u00f6nnen diese Ascheurne sowohl drinnen als auch drau\u00dfen aufstellen. Nirgendwo anders zu verkaufen! Mate...","robots":{"index":"noindex","follow":"follow","max-snippet":"max-snippet:-1","max-image-preview":"max-image-preview:large","max-video-preview":"max-video-preview:-1"},"og_locale":"de_DE","og_type":"article","og_title":"Ascheurne Schmetterling auf Stein 15cm | Gedenkstatue | Eliassen.nl","og_description":"Schmetterling auf Stein als Tierurne. Handgemacht! Sie k\u00f6nnen diese Ascheurne sowohl drinnen als auch drau\u00dfen aufstellen. Nirgendwo anders zu verkaufen! Mate...","og_url":"https:\/\/dev.eliassen.nl\/de\/urne-schmetterling-auf-stein-15cm\/","og_site_name":"Eliassen.nl","article_publisher":"https:\/\/www.facebook.com\/TuincentrumEliassenAmmerzoden","article_modified_time":"2024-12-05T14:54:06+00:00","og_image":[{"width":1617,"height":1491,"url":"https:\/\/dev.eliassen.nl\/wp-content\/uploads\/2024\/01\/asurnvlinderopsteen15cmeliassennl.jpg","type":"image\/jpeg"}],"twitter_card":"summary_large_image","schema":{"@context":"https:\/\/schema.org","@graph":[{"@type":"WebPage","@id":"https:\/\/dev.eliassen.nl\/de\/urne-schmetterling-auf-stein-15cm\/","url":"https:\/\/dev.eliassen.nl\/de\/urne-schmetterling-auf-stein-15cm\/","name":"Ascheurne Schmetterling auf Stein 15cm | Gedenkstatue | Eliassen.nl","isPartOf":{"@id":"https:\/\/dev.eliassen.nl\/de\/#website"},"primaryImageOfPage":{"@id":"https:\/\/dev.eliassen.nl\/de\/urne-schmetterling-auf-stein-15cm\/#primaryimage"},"image":{"@id":"https:\/\/dev.eliassen.nl\/de\/urne-schmetterling-auf-stein-15cm\/#primaryimage"},"thumbnailUrl":"https:\/\/dev.eliassen.nl\/wp-content\/uploads\/2024\/01\/asurnvlinderopsteen15cmeliassennl.jpg","datePublished":"2021-09-07T12:18:25+00:00","dateModified":"2024-12-05T14:54:06+00:00","description":"Schmetterling auf Stein als Tierurne. Handgemacht! Sie k\u00f6nnen diese Ascheurne sowohl drinnen als auch drau\u00dfen aufstellen. Nirgendwo anders zu verkaufen! Mate...","breadcrumb":{"@id":"https:\/\/dev.eliassen.nl\/de\/urne-schmetterling-auf-stein-15cm\/#breadcrumb"},"inLanguage":"de","potentialAction":[{"@type":"ReadAction","target":["https:\/\/dev.eliassen.nl\/de\/urne-schmetterling-auf-stein-15cm\/"]}]},{"@type":"ImageObject","inLanguage":"de","@id":"https:\/\/dev.eliassen.nl\/de\/urne-schmetterling-auf-stein-15cm\/#primaryimage","url":"https:\/\/dev.eliassen.nl\/wp-content\/uploads\/2024\/01\/asurnvlinderopsteen15cmeliassennl.jpg","contentUrl":"https:\/\/dev.eliassen.nl\/wp-content\/uploads\/2024\/01\/asurnvlinderopsteen15cmeliassennl.jpg","width":1617,"height":1491,"caption":"As urn Vlinder op steen 15cm - Eliassen.nl"},{"@type":"BreadcrumbList","@id":"https:\/\/dev.eliassen.nl\/de\/urne-schmetterling-auf-stein-15cm\/#breadcrumb","itemListElement":[{"@type":"ListItem","position":1,"name":"Home","item":"https:\/\/dev.eliassen.nl\/de\/"},{"@type":"ListItem","position":2,"name":"Shop","item":"https:\/\/dev.eliassen.nl\/nl\/winkel\/"},{"@type":"ListItem","position":3,"name":"Statuen-Skulpturen","item":"https:\/\/dev.eliassen.nl\/de\/statuen-skulpturen\/"},{"@type":"ListItem","position":4,"name":"tierische Urne","item":"https:\/\/dev.eliassen.nl\/de\/bilder\/tierische-urne\/"},{"@type":"ListItem","position":5,"name":"Urne Schmetterling auf Stein 15cm"}]},{"@type":"WebSite","@id":"https:\/\/dev.eliassen.nl\/de\/#website","url":"https:\/\/dev.eliassen.nl\/de\/","name":"Eliassen Home & Garden Pleasure","description":"","publisher":{"@id":"https:\/\/dev.eliassen.nl\/de\/#organization"},"alternateName":"Eliassen.nl","potentialAction":[{"@type":"SearchAction","target":{"@type":"EntryPoint","urlTemplate":"https:\/\/dev.eliassen.nl\/de\/?s={search_term_string}"},"query-input":{"@type":"PropertyValueSpecification","valueRequired":true,"valueName":"search_term_string"}}],"inLanguage":"de"},{"@type":"Organization","@id":"https:\/\/dev.eliassen.nl\/de\/#organization","name":"Eliassen Home & Garden Pleasure","url":"https:\/\/dev.eliassen.nl\/de\/","logo":{"@type":"ImageObject","inLanguage":"de","@id":"https:\/\/dev.eliassen.nl\/de\/#\/schema\/logo\/image\/","url":"https:\/\/www.eliassen.nl\/wp-content\/uploads\/2024\/01\/logo_4nd.jpg","contentUrl":"https:\/\/www.eliassen.nl\/wp-content\/uploads\/2024\/01\/logo_4nd.jpg","width":500,"height":500,"caption":"Eliassen Home & Garden Pleasure"},"image":{"@id":"https:\/\/dev.eliassen.nl\/de\/#\/schema\/logo\/image\/"},"sameAs":["https:\/\/www.facebook.com\/TuincentrumEliassenAmmerzoden","https:\/\/www.instagram.com\/eliassenhomeandgarden\/","https:\/\/nl.pinterest.com\/eliassenhomeandgarden\/","https:\/\/www.youtube.com\/@eliassenhomegardenpleasure4558"]}]}},"df_price":69.5,"df_sale_price":"","df_regular_price":69.5,"df_image_link":"https:\/\/dev.eliassen.nl\/wp-content\/uploads\/2024\/01\/asurnvlinderopsteen15cmeliassennl.jpg","image":"https:\/\/dev.eliassen.nl\/wp-content\/uploads\/2024\/01\/asurnvlinderopsteen15cmeliassennl.jpg","price_search":"<span class=\"woocommerce-Price-amount amount\"><bdi><span class=\"woocommerce-Price-currencySymbol\">&euro;<\/span>&nbsp;69,50<\/bdi><\/span>","category":"Statues-figures","_links":{"self":[{"href":"https:\/\/dev.eliassen.nl\/de\/wp-json\/wp\/v2\/product\/53194","targetHints":{"allow":["GET"]}}],"collection":[{"href":"https:\/\/dev.eliassen.nl\/de\/wp-json\/wp\/v2\/product"}],"about":[{"href":"https:\/\/dev.eliassen.nl\/de\/wp-json\/wp\/v2\/types\/product"}],"wp:featuredmedia":[{"embeddable":true,"href":"https:\/\/dev.eliassen.nl\/de\/wp-json\/wp\/v2\/media\/53185"}],"wp:attachment":[{"href":"https:\/\/dev.eliassen.nl\/de\/wp-json\/wp\/v2\/media?parent=53194"}],"wp:term":[{"taxonomy":"product_brand","embeddable":true,"href":"https:\/\/dev.eliassen.nl\/de\/wp-json\/wp\/v2\/product_brand?post=53194"},{"taxonomy":"product_cat","embeddable":true,"href":"https:\/\/dev.eliassen.nl\/de\/wp-json\/wp\/v2\/product_cat?post=53194"},{"taxonomy":"product_tag","embeddable":true,"href":"https:\/\/dev.eliassen.nl\/de\/wp-json\/wp\/v2\/product_tag?post=53194"}],"curies":[{"name":"wp","href":"https:\/\/api.w.org\/{rel}","templated":true}]}}