{"id":5320,"date":"2019-10-28T15:51:09","date_gmt":"2019-10-28T14:51:09","guid":{"rendered":"https:\/\/www.eliassen.nl\/?product=moai-statue-200cm"},"modified":"2024-12-05T15:10:48","modified_gmt":"2024-12-05T14:10:48","slug":"schone-statue-200-cm","status":"publish","type":"product","link":"https:\/\/dev.eliassen.nl\/de\/schone-statue-200-cm\/","title":{"rendered":"Wundersch\u00f6ne Statue 200cm"},"content":{"rendered":"<p>Ihr Garten, Ihre Firma oder Ihr Zuhause erhalten eine besondere Atmosph\u00e4re mit dieser Moai-Statue aus hochwertigem Kunststein, nicht weniger als 200 cm hoch und 91 cm breit. Die Statue ist von der geheimnisvollen Osterinsel bekannt, wo diese Statuen im Boden entdeckt wurden vor langer Zeit. Das Bild kann drinnen und drau\u00dfen platziert werden.<br \/>Schwarzbraun gef\u00e4rbt. Foto kann in Form und Farbe immer abweichen.<br \/>Kommen Sie gerne vorbei und schauen Sie sich diese Serie in unserem B\u00fcro an, am besten nach Ihrem Anruf.<\/p>\n<p>Die Moai sind Darstellungen von Vorfahren, die um Fruchtbarkeit betteln. Auf einer extrem isolierten Insel wie dieser war die Fortpflanzung \u00fcberlebenswichtig. Viele Ahnenstatuen wurden wieder aufgerichtet und viele sind zu ihren durchdringenden Augen zur\u00fcckgekehrt, die zum Himmel blicken. Die hervortretenden Lippen waren vermutlich mit einem Bart geschm\u00fcckt. Auff\u00e4llig sind auch die verl\u00e4ngerten Ohrl\u00e4ppchen. Moai sind gro\u00dfe Steinstatuen, die auf der Osterinsel gefunden werden.<\/p>\n<ul>\n<li>H\u00f6he: 200 cm<\/li>\n<li>OPP-Gr\u00f6\u00dfe: 91 x 85 cm<\/li>\n<li>Farbe: Schwarz\/Grau<\/li>\n<li>Hochwertiger Kunststein<\/li>\n<li>Geeignet f\u00fcr den Innen- und Au\u00dfenbereich<\/li>\n<li>Handgefertigt<\/li>\n<li>Schnell geliefert<\/li>\n<li><strong>Viele dieser Serien k\u00f6nnen auch in unserem Shop besichtigt werden<\/strong><\/li>\n<\/ul>\n<p><strong><iframe loading=\"lazy\" src=\"\/\/www.youtube.com\/embed\/S0gTFnsRDJg\" width=\"560\" height=\"314\" allowfullscreen=\"allowfullscreen\"><\/iframe><\/strong><\/p>\n","protected":false},"excerpt":{"rendered":"<p>\u2713 91x85x200cm hoch \u2713 Supergro\u00df<\/p>\n","protected":false},"featured_media":5287,"template":"","meta":{"_acf_changed":false},"product_brand":[6916],"product_cat":[677,689,7076,7239],"product_tag":[],"class_list":{"0":"post-5320","1":"product","2":"type-product","3":"status-publish","4":"has-post-thumbnail","6":"product_brand-eliassen-de","7":"product_cat-betonstatuen","8":"product_cat-moai-bilder","9":"product_cat-statues-figures","10":"product_cat-statuen-skulpturen","12":"first","13":"outofstock","14":"taxable","15":"shipping-taxable","16":"purchasable","17":"product-type-simple"},"acf":[],"yoast_head":"<!-- This site is optimized with the Yoast SEO plugin v23.8 - https:\/\/yoast.com\/wordpress\/plugins\/seo\/ -->\n<title>Sch\u00f6ne Statue 200cm | Eliassen<\/title>\n<meta name=\"description\" content=\"Bei Eliassen k\u00f6nnen Sie die Moai-Statue 200 cm online kaufen oder live im Showroom ansehen. Wir haben die sch\u00f6nsten Steinstatuen, Moai-Statuen\" \/>\n<meta name=\"robots\" content=\"noindex, follow, max-snippet:-1, max-image-preview:large, max-video-preview:-1\" \/>\n<meta property=\"og:locale\" content=\"de_DE\" \/>\n<meta property=\"og:type\" content=\"article\" \/>\n<meta property=\"og:title\" content=\"Sch\u00f6ne Statue 200cm | Eliassen\" \/>\n<meta property=\"og:description\" content=\"Bei Eliassen k\u00f6nnen Sie die Moai-Statue 200 cm online kaufen oder live im Showroom ansehen. Wir haben die sch\u00f6nsten Steinstatuen, Moai-Statuen\" \/>\n<meta property=\"og:url\" content=\"https:\/\/dev.eliassen.nl\/de\/schone-statue-200-cm\/\" \/>\n<meta property=\"og:site_name\" content=\"Eliassen.nl\" \/>\n<meta property=\"article:publisher\" content=\"https:\/\/www.facebook.com\/TuincentrumEliassenAmmerzoden\" \/>\n<meta property=\"article:modified_time\" content=\"2024-12-05T14:10:48+00:00\" \/>\n<meta property=\"og:image\" content=\"https:\/\/dev.eliassen.nl\/wp-content\/uploads\/2024\/01\/moaicastingjpg.jpg\" \/>\n\t<meta property=\"og:image:width\" content=\"749\" \/>\n\t<meta property=\"og:image:height\" content=\"1024\" \/>\n\t<meta property=\"og:image:type\" content=\"image\/jpeg\" \/>\n<meta name=\"twitter:card\" content=\"summary_large_image\" \/>\n<script type=\"application\/ld+json\" class=\"yoast-schema-graph\">{\"@context\":\"https:\/\/schema.org\",\"@graph\":[{\"@type\":\"WebPage\",\"@id\":\"https:\/\/dev.eliassen.nl\/de\/schone-statue-200-cm\/\",\"url\":\"https:\/\/dev.eliassen.nl\/de\/schone-statue-200-cm\/\",\"name\":\"Sch\u00f6ne Statue 200cm | Eliassen\",\"isPartOf\":{\"@id\":\"https:\/\/dev.eliassen.nl\/de\/#website\"},\"primaryImageOfPage\":{\"@id\":\"https:\/\/dev.eliassen.nl\/de\/schone-statue-200-cm\/#primaryimage\"},\"image\":{\"@id\":\"https:\/\/dev.eliassen.nl\/de\/schone-statue-200-cm\/#primaryimage\"},\"thumbnailUrl\":\"https:\/\/dev.eliassen.nl\/wp-content\/uploads\/2024\/01\/moaicastingjpg.jpg\",\"datePublished\":\"2019-10-28T14:51:09+00:00\",\"dateModified\":\"2024-12-05T14:10:48+00:00\",\"description\":\"Bei Eliassen k\u00f6nnen Sie die Moai-Statue 200 cm online kaufen oder live im Showroom ansehen. Wir haben die sch\u00f6nsten Steinstatuen, Moai-Statuen\",\"breadcrumb\":{\"@id\":\"https:\/\/dev.eliassen.nl\/de\/schone-statue-200-cm\/#breadcrumb\"},\"inLanguage\":\"de\",\"potentialAction\":[{\"@type\":\"ReadAction\",\"target\":[\"https:\/\/dev.eliassen.nl\/de\/schone-statue-200-cm\/\"]}]},{\"@type\":\"ImageObject\",\"inLanguage\":\"de\",\"@id\":\"https:\/\/dev.eliassen.nl\/de\/schone-statue-200-cm\/#primaryimage\",\"url\":\"https:\/\/dev.eliassen.nl\/wp-content\/uploads\/2024\/01\/moaicastingjpg.jpg\",\"contentUrl\":\"https:\/\/dev.eliassen.nl\/wp-content\/uploads\/2024\/01\/moaicastingjpg.jpg\",\"width\":749,\"height\":1024,\"caption\":\"moai-castingjpg\"},{\"@type\":\"BreadcrumbList\",\"@id\":\"https:\/\/dev.eliassen.nl\/de\/schone-statue-200-cm\/#breadcrumb\",\"itemListElement\":[{\"@type\":\"ListItem\",\"position\":1,\"name\":\"Home\",\"item\":\"https:\/\/dev.eliassen.nl\/de\/\"},{\"@type\":\"ListItem\",\"position\":2,\"name\":\"Shop\",\"item\":\"https:\/\/dev.eliassen.nl\/nl\/winkel\/\"},{\"@type\":\"ListItem\",\"position\":3,\"name\":\"Statuen-Skulpturen\",\"item\":\"https:\/\/dev.eliassen.nl\/de\/statuen-skulpturen\/\"},{\"@type\":\"ListItem\",\"position\":4,\"name\":\"Betonstatuen\",\"item\":\"https:\/\/dev.eliassen.nl\/de\/bilder\/betonstatuen\/\"},{\"@type\":\"ListItem\",\"position\":5,\"name\":\"Moai-Bilder\",\"item\":\"https:\/\/dev.eliassen.nl\/de\/bilder\/betonstatuen\/moai-bilder\/\"},{\"@type\":\"ListItem\",\"position\":6,\"name\":\"Wundersch\u00f6ne Statue 200cm\"}]},{\"@type\":\"WebSite\",\"@id\":\"https:\/\/dev.eliassen.nl\/de\/#website\",\"url\":\"https:\/\/dev.eliassen.nl\/de\/\",\"name\":\"Eliassen Home & Garden Pleasure\",\"description\":\"\",\"publisher\":{\"@id\":\"https:\/\/dev.eliassen.nl\/de\/#organization\"},\"alternateName\":\"Eliassen.nl\",\"potentialAction\":[{\"@type\":\"SearchAction\",\"target\":{\"@type\":\"EntryPoint\",\"urlTemplate\":\"https:\/\/dev.eliassen.nl\/de\/?s={search_term_string}\"},\"query-input\":{\"@type\":\"PropertyValueSpecification\",\"valueRequired\":true,\"valueName\":\"search_term_string\"}}],\"inLanguage\":\"de\"},{\"@type\":\"Organization\",\"@id\":\"https:\/\/dev.eliassen.nl\/de\/#organization\",\"name\":\"Eliassen Home & Garden Pleasure\",\"url\":\"https:\/\/dev.eliassen.nl\/de\/\",\"logo\":{\"@type\":\"ImageObject\",\"inLanguage\":\"de\",\"@id\":\"https:\/\/dev.eliassen.nl\/de\/#\/schema\/logo\/image\/\",\"url\":\"https:\/\/www.eliassen.nl\/wp-content\/uploads\/2024\/01\/logo_4nd.jpg\",\"contentUrl\":\"https:\/\/www.eliassen.nl\/wp-content\/uploads\/2024\/01\/logo_4nd.jpg\",\"width\":500,\"height\":500,\"caption\":\"Eliassen Home & Garden Pleasure\"},\"image\":{\"@id\":\"https:\/\/dev.eliassen.nl\/de\/#\/schema\/logo\/image\/\"},\"sameAs\":[\"https:\/\/www.facebook.com\/TuincentrumEliassenAmmerzoden\",\"https:\/\/www.instagram.com\/eliassenhomeandgarden\/\",\"https:\/\/nl.pinterest.com\/eliassenhomeandgarden\/\",\"https:\/\/www.youtube.com\/@eliassenhomegardenpleasure4558\"]}]}<\/script>\n<!-- \/ Yoast SEO plugin. -->","yoast_head_json":{"title":"Sch\u00f6ne Statue 200cm | Eliassen","description":"Bei Eliassen k\u00f6nnen Sie die Moai-Statue 200 cm online kaufen oder live im Showroom ansehen. Wir haben die sch\u00f6nsten Steinstatuen, Moai-Statuen","robots":{"index":"noindex","follow":"follow","max-snippet":"max-snippet:-1","max-image-preview":"max-image-preview:large","max-video-preview":"max-video-preview:-1"},"og_locale":"de_DE","og_type":"article","og_title":"Sch\u00f6ne Statue 200cm | Eliassen","og_description":"Bei Eliassen k\u00f6nnen Sie die Moai-Statue 200 cm online kaufen oder live im Showroom ansehen. Wir haben die sch\u00f6nsten Steinstatuen, Moai-Statuen","og_url":"https:\/\/dev.eliassen.nl\/de\/schone-statue-200-cm\/","og_site_name":"Eliassen.nl","article_publisher":"https:\/\/www.facebook.com\/TuincentrumEliassenAmmerzoden","article_modified_time":"2024-12-05T14:10:48+00:00","og_image":[{"width":749,"height":1024,"url":"https:\/\/dev.eliassen.nl\/wp-content\/uploads\/2024\/01\/moaicastingjpg.jpg","type":"image\/jpeg"}],"twitter_card":"summary_large_image","schema":{"@context":"https:\/\/schema.org","@graph":[{"@type":"WebPage","@id":"https:\/\/dev.eliassen.nl\/de\/schone-statue-200-cm\/","url":"https:\/\/dev.eliassen.nl\/de\/schone-statue-200-cm\/","name":"Sch\u00f6ne Statue 200cm | Eliassen","isPartOf":{"@id":"https:\/\/dev.eliassen.nl\/de\/#website"},"primaryImageOfPage":{"@id":"https:\/\/dev.eliassen.nl\/de\/schone-statue-200-cm\/#primaryimage"},"image":{"@id":"https:\/\/dev.eliassen.nl\/de\/schone-statue-200-cm\/#primaryimage"},"thumbnailUrl":"https:\/\/dev.eliassen.nl\/wp-content\/uploads\/2024\/01\/moaicastingjpg.jpg","datePublished":"2019-10-28T14:51:09+00:00","dateModified":"2024-12-05T14:10:48+00:00","description":"Bei Eliassen k\u00f6nnen Sie die Moai-Statue 200 cm online kaufen oder live im Showroom ansehen. Wir haben die sch\u00f6nsten Steinstatuen, Moai-Statuen","breadcrumb":{"@id":"https:\/\/dev.eliassen.nl\/de\/schone-statue-200-cm\/#breadcrumb"},"inLanguage":"de","potentialAction":[{"@type":"ReadAction","target":["https:\/\/dev.eliassen.nl\/de\/schone-statue-200-cm\/"]}]},{"@type":"ImageObject","inLanguage":"de","@id":"https:\/\/dev.eliassen.nl\/de\/schone-statue-200-cm\/#primaryimage","url":"https:\/\/dev.eliassen.nl\/wp-content\/uploads\/2024\/01\/moaicastingjpg.jpg","contentUrl":"https:\/\/dev.eliassen.nl\/wp-content\/uploads\/2024\/01\/moaicastingjpg.jpg","width":749,"height":1024,"caption":"moai-castingjpg"},{"@type":"BreadcrumbList","@id":"https:\/\/dev.eliassen.nl\/de\/schone-statue-200-cm\/#breadcrumb","itemListElement":[{"@type":"ListItem","position":1,"name":"Home","item":"https:\/\/dev.eliassen.nl\/de\/"},{"@type":"ListItem","position":2,"name":"Shop","item":"https:\/\/dev.eliassen.nl\/nl\/winkel\/"},{"@type":"ListItem","position":3,"name":"Statuen-Skulpturen","item":"https:\/\/dev.eliassen.nl\/de\/statuen-skulpturen\/"},{"@type":"ListItem","position":4,"name":"Betonstatuen","item":"https:\/\/dev.eliassen.nl\/de\/bilder\/betonstatuen\/"},{"@type":"ListItem","position":5,"name":"Moai-Bilder","item":"https:\/\/dev.eliassen.nl\/de\/bilder\/betonstatuen\/moai-bilder\/"},{"@type":"ListItem","position":6,"name":"Wundersch\u00f6ne Statue 200cm"}]},{"@type":"WebSite","@id":"https:\/\/dev.eliassen.nl\/de\/#website","url":"https:\/\/dev.eliassen.nl\/de\/","name":"Eliassen Home & Garden Pleasure","description":"","publisher":{"@id":"https:\/\/dev.eliassen.nl\/de\/#organization"},"alternateName":"Eliassen.nl","potentialAction":[{"@type":"SearchAction","target":{"@type":"EntryPoint","urlTemplate":"https:\/\/dev.eliassen.nl\/de\/?s={search_term_string}"},"query-input":{"@type":"PropertyValueSpecification","valueRequired":true,"valueName":"search_term_string"}}],"inLanguage":"de"},{"@type":"Organization","@id":"https:\/\/dev.eliassen.nl\/de\/#organization","name":"Eliassen Home & Garden Pleasure","url":"https:\/\/dev.eliassen.nl\/de\/","logo":{"@type":"ImageObject","inLanguage":"de","@id":"https:\/\/dev.eliassen.nl\/de\/#\/schema\/logo\/image\/","url":"https:\/\/www.eliassen.nl\/wp-content\/uploads\/2024\/01\/logo_4nd.jpg","contentUrl":"https:\/\/www.eliassen.nl\/wp-content\/uploads\/2024\/01\/logo_4nd.jpg","width":500,"height":500,"caption":"Eliassen Home & Garden Pleasure"},"image":{"@id":"https:\/\/dev.eliassen.nl\/de\/#\/schema\/logo\/image\/"},"sameAs":["https:\/\/www.facebook.com\/TuincentrumEliassenAmmerzoden","https:\/\/www.instagram.com\/eliassenhomeandgarden\/","https:\/\/nl.pinterest.com\/eliassenhomeandgarden\/","https:\/\/www.youtube.com\/@eliassenhomegardenpleasure4558"]}]}},"df_price":1250,"df_sale_price":"","df_regular_price":1250,"df_image_link":"https:\/\/dev.eliassen.nl\/wp-content\/uploads\/2024\/01\/moaicastingjpg.jpg","image":"https:\/\/dev.eliassen.nl\/wp-content\/uploads\/2024\/01\/moaicastingjpg.jpg","price_search":"<span class=\"woocommerce-Price-amount amount\"><bdi><span class=\"woocommerce-Price-currencySymbol\">&euro;<\/span>&nbsp;1.250,00<\/bdi><\/span>","category":"Betonstatuen","_links":{"self":[{"href":"https:\/\/dev.eliassen.nl\/de\/wp-json\/wp\/v2\/product\/5320","targetHints":{"allow":["GET"]}}],"collection":[{"href":"https:\/\/dev.eliassen.nl\/de\/wp-json\/wp\/v2\/product"}],"about":[{"href":"https:\/\/dev.eliassen.nl\/de\/wp-json\/wp\/v2\/types\/product"}],"wp:featuredmedia":[{"embeddable":true,"href":"https:\/\/dev.eliassen.nl\/de\/wp-json\/wp\/v2\/media\/5287"}],"wp:attachment":[{"href":"https:\/\/dev.eliassen.nl\/de\/wp-json\/wp\/v2\/media?parent=5320"}],"wp:term":[{"taxonomy":"product_brand","embeddable":true,"href":"https:\/\/dev.eliassen.nl\/de\/wp-json\/wp\/v2\/product_brand?post=5320"},{"taxonomy":"product_cat","embeddable":true,"href":"https:\/\/dev.eliassen.nl\/de\/wp-json\/wp\/v2\/product_cat?post=5320"},{"taxonomy":"product_tag","embeddable":true,"href":"https:\/\/dev.eliassen.nl\/de\/wp-json\/wp\/v2\/product_tag?post=5320"}],"curies":[{"name":"wp","href":"https:\/\/api.w.org\/{rel}","templated":true}]}}