{"id":5332,"date":"2019-10-28T15:51:13","date_gmt":"2019-10-28T14:51:13","guid":{"rendered":"https:\/\/www.eliassen.nl\/?product=maria-statue-mit-gefalteten-haenden-hoch"},"modified":"2024-12-05T15:10:51","modified_gmt":"2024-12-05T14:10:51","slug":"grosse-marienstatue-mit-gefalteten-handen","status":"publish","type":"product","link":"https:\/\/dev.eliassen.nl\/de\/grosse-marienstatue-mit-gefalteten-handen\/","title":{"rendered":"Gro\u00dfe Marienstatue mit gefalteten H\u00e4nden"},"content":{"rendered":"<p>Wundersch\u00f6n detaillierte gro\u00dfe Marienstatue mit gefalteten H\u00e4nden. Die Statue besteht aus Beton und kann drinnen oder drau\u00dfen aufgestellt werden. H\u00f6he 130cm.<\/p>\n","protected":false},"excerpt":{"rendered":"<p>Wundersch\u00f6n detaillierte gro\u00dfe Marienstatue mit gefalteten H\u00e4nden. Die Statue besteht aus Beton und kann drinnen oder drau\u00dfen aufgestellt werden. H\u00f6he 130cm.<\/p>\n","protected":false},"featured_media":5329,"template":"","meta":{"_acf_changed":false},"product_brand":[],"product_cat":[677,695,7239],"product_tag":[],"class_list":{"0":"post-5332","1":"product","2":"type-product","3":"status-publish","4":"has-post-thumbnail","6":"product_cat-betonstatuen","7":"product_cat-engels-und-marienstatuen","8":"product_cat-statuen-skulpturen","10":"first","11":"outofstock","12":"taxable","13":"shipping-taxable","14":"purchasable","15":"product-type-simple"},"acf":[],"yoast_head":"<!-- This site is optimized with the Yoast SEO plugin v23.8 - https:\/\/yoast.com\/wordpress\/plugins\/seo\/ -->\n<title>Maria-Statue mit gefalteten H\u00e4nden hoch<\/title>\n<meta name=\"description\" content=\"Groot betonnen beeld Maria met gevouwen handen, geschikt voor binnen en buiten. Bezoek onze showroom voor onze grote collectie Heilige Maria beelden!\" \/>\n<meta name=\"robots\" content=\"noindex, follow, max-snippet:-1, max-image-preview:large, max-video-preview:-1\" \/>\n<meta property=\"og:locale\" content=\"de_DE\" \/>\n<meta property=\"og:type\" content=\"article\" \/>\n<meta property=\"og:title\" content=\"Maria-Statue mit gefalteten H\u00e4nden hoch\" \/>\n<meta property=\"og:description\" content=\"Groot betonnen beeld Maria met gevouwen handen, geschikt voor binnen en buiten. Bezoek onze showroom voor onze grote collectie Heilige Maria beelden!\" \/>\n<meta property=\"og:url\" content=\"https:\/\/dev.eliassen.nl\/de\/grosse-marienstatue-mit-gefalteten-handen\/\" \/>\n<meta property=\"og:site_name\" content=\"Eliassen.nl\" \/>\n<meta property=\"article:publisher\" content=\"https:\/\/www.facebook.com\/TuincentrumEliassenAmmerzoden\" \/>\n<meta property=\"article:modified_time\" content=\"2024-12-05T14:10:51+00:00\" \/>\n<meta property=\"og:image\" content=\"https:\/\/dev.eliassen.nl\/wp-content\/uploads\/2024\/01\/grootmariabeeldmetgevouwenhanden.jpg\" \/>\n\t<meta property=\"og:image:width\" content=\"422\" \/>\n\t<meta property=\"og:image:height\" content=\"618\" \/>\n\t<meta property=\"og:image:type\" content=\"image\/jpeg\" \/>\n<meta name=\"twitter:card\" content=\"summary_large_image\" \/>\n<script type=\"application\/ld+json\" class=\"yoast-schema-graph\">{\"@context\":\"https:\/\/schema.org\",\"@graph\":[{\"@type\":\"WebPage\",\"@id\":\"https:\/\/dev.eliassen.nl\/de\/grosse-marienstatue-mit-gefalteten-handen\/\",\"url\":\"https:\/\/dev.eliassen.nl\/de\/grosse-marienstatue-mit-gefalteten-handen\/\",\"name\":\"Maria-Statue mit gefalteten H\u00e4nden hoch\",\"isPartOf\":{\"@id\":\"https:\/\/dev.eliassen.nl\/de\/#website\"},\"primaryImageOfPage\":{\"@id\":\"https:\/\/dev.eliassen.nl\/de\/grosse-marienstatue-mit-gefalteten-handen\/#primaryimage\"},\"image\":{\"@id\":\"https:\/\/dev.eliassen.nl\/de\/grosse-marienstatue-mit-gefalteten-handen\/#primaryimage\"},\"thumbnailUrl\":\"https:\/\/dev.eliassen.nl\/wp-content\/uploads\/2024\/01\/grootmariabeeldmetgevouwenhanden.jpg\",\"datePublished\":\"2019-10-28T14:51:13+00:00\",\"dateModified\":\"2024-12-05T14:10:51+00:00\",\"description\":\"Groot betonnen beeld Maria met gevouwen handen, geschikt voor binnen en buiten. Bezoek onze showroom voor onze grote collectie Heilige Maria beelden!\",\"breadcrumb\":{\"@id\":\"https:\/\/dev.eliassen.nl\/de\/grosse-marienstatue-mit-gefalteten-handen\/#breadcrumb\"},\"inLanguage\":\"de\",\"potentialAction\":[{\"@type\":\"ReadAction\",\"target\":[\"https:\/\/dev.eliassen.nl\/de\/grosse-marienstatue-mit-gefalteten-handen\/\"]}]},{\"@type\":\"ImageObject\",\"inLanguage\":\"de\",\"@id\":\"https:\/\/dev.eliassen.nl\/de\/grosse-marienstatue-mit-gefalteten-handen\/#primaryimage\",\"url\":\"https:\/\/dev.eliassen.nl\/wp-content\/uploads\/2024\/01\/grootmariabeeldmetgevouwenhanden.jpg\",\"contentUrl\":\"https:\/\/dev.eliassen.nl\/wp-content\/uploads\/2024\/01\/grootmariabeeldmetgevouwenhanden.jpg\",\"width\":422,\"height\":618,\"caption\":\"Groot Maria beeld met gevouwen handen\"},{\"@type\":\"BreadcrumbList\",\"@id\":\"https:\/\/dev.eliassen.nl\/de\/grosse-marienstatue-mit-gefalteten-handen\/#breadcrumb\",\"itemListElement\":[{\"@type\":\"ListItem\",\"position\":1,\"name\":\"Home\",\"item\":\"https:\/\/dev.eliassen.nl\/de\/\"},{\"@type\":\"ListItem\",\"position\":2,\"name\":\"Shop\",\"item\":\"https:\/\/dev.eliassen.nl\/nl\/winkel\/\"},{\"@type\":\"ListItem\",\"position\":3,\"name\":\"Statuen-Skulpturen\",\"item\":\"https:\/\/dev.eliassen.nl\/de\/statuen-skulpturen\/\"},{\"@type\":\"ListItem\",\"position\":4,\"name\":\"Betonstatuen\",\"item\":\"https:\/\/dev.eliassen.nl\/de\/bilder\/betonstatuen\/\"},{\"@type\":\"ListItem\",\"position\":5,\"name\":\"Engels- und Marienstatuen\",\"item\":\"https:\/\/dev.eliassen.nl\/de\/bilder\/betonstatuen\/engels-und-marienstatuen\/\"},{\"@type\":\"ListItem\",\"position\":6,\"name\":\"Gro\u00dfe Marienstatue mit gefalteten H\u00e4nden\"}]},{\"@type\":\"WebSite\",\"@id\":\"https:\/\/dev.eliassen.nl\/de\/#website\",\"url\":\"https:\/\/dev.eliassen.nl\/de\/\",\"name\":\"Eliassen Home & Garden Pleasure\",\"description\":\"\",\"publisher\":{\"@id\":\"https:\/\/dev.eliassen.nl\/de\/#organization\"},\"alternateName\":\"Eliassen.nl\",\"potentialAction\":[{\"@type\":\"SearchAction\",\"target\":{\"@type\":\"EntryPoint\",\"urlTemplate\":\"https:\/\/dev.eliassen.nl\/de\/?s={search_term_string}\"},\"query-input\":{\"@type\":\"PropertyValueSpecification\",\"valueRequired\":true,\"valueName\":\"search_term_string\"}}],\"inLanguage\":\"de\"},{\"@type\":\"Organization\",\"@id\":\"https:\/\/dev.eliassen.nl\/de\/#organization\",\"name\":\"Eliassen Home & Garden Pleasure\",\"url\":\"https:\/\/dev.eliassen.nl\/de\/\",\"logo\":{\"@type\":\"ImageObject\",\"inLanguage\":\"de\",\"@id\":\"https:\/\/dev.eliassen.nl\/de\/#\/schema\/logo\/image\/\",\"url\":\"https:\/\/www.eliassen.nl\/wp-content\/uploads\/2024\/01\/logo_4nd.jpg\",\"contentUrl\":\"https:\/\/www.eliassen.nl\/wp-content\/uploads\/2024\/01\/logo_4nd.jpg\",\"width\":500,\"height\":500,\"caption\":\"Eliassen Home & Garden Pleasure\"},\"image\":{\"@id\":\"https:\/\/dev.eliassen.nl\/de\/#\/schema\/logo\/image\/\"},\"sameAs\":[\"https:\/\/www.facebook.com\/TuincentrumEliassenAmmerzoden\",\"https:\/\/www.instagram.com\/eliassenhomeandgarden\/\",\"https:\/\/nl.pinterest.com\/eliassenhomeandgarden\/\",\"https:\/\/www.youtube.com\/@eliassenhomegardenpleasure4558\"]}]}<\/script>\n<!-- \/ Yoast SEO plugin. -->","yoast_head_json":{"title":"Maria-Statue mit gefalteten H\u00e4nden hoch","description":"Groot betonnen beeld Maria met gevouwen handen, geschikt voor binnen en buiten. Bezoek onze showroom voor onze grote collectie Heilige Maria beelden!","robots":{"index":"noindex","follow":"follow","max-snippet":"max-snippet:-1","max-image-preview":"max-image-preview:large","max-video-preview":"max-video-preview:-1"},"og_locale":"de_DE","og_type":"article","og_title":"Maria-Statue mit gefalteten H\u00e4nden hoch","og_description":"Groot betonnen beeld Maria met gevouwen handen, geschikt voor binnen en buiten. Bezoek onze showroom voor onze grote collectie Heilige Maria beelden!","og_url":"https:\/\/dev.eliassen.nl\/de\/grosse-marienstatue-mit-gefalteten-handen\/","og_site_name":"Eliassen.nl","article_publisher":"https:\/\/www.facebook.com\/TuincentrumEliassenAmmerzoden","article_modified_time":"2024-12-05T14:10:51+00:00","og_image":[{"width":422,"height":618,"url":"https:\/\/dev.eliassen.nl\/wp-content\/uploads\/2024\/01\/grootmariabeeldmetgevouwenhanden.jpg","type":"image\/jpeg"}],"twitter_card":"summary_large_image","schema":{"@context":"https:\/\/schema.org","@graph":[{"@type":"WebPage","@id":"https:\/\/dev.eliassen.nl\/de\/grosse-marienstatue-mit-gefalteten-handen\/","url":"https:\/\/dev.eliassen.nl\/de\/grosse-marienstatue-mit-gefalteten-handen\/","name":"Maria-Statue mit gefalteten H\u00e4nden hoch","isPartOf":{"@id":"https:\/\/dev.eliassen.nl\/de\/#website"},"primaryImageOfPage":{"@id":"https:\/\/dev.eliassen.nl\/de\/grosse-marienstatue-mit-gefalteten-handen\/#primaryimage"},"image":{"@id":"https:\/\/dev.eliassen.nl\/de\/grosse-marienstatue-mit-gefalteten-handen\/#primaryimage"},"thumbnailUrl":"https:\/\/dev.eliassen.nl\/wp-content\/uploads\/2024\/01\/grootmariabeeldmetgevouwenhanden.jpg","datePublished":"2019-10-28T14:51:13+00:00","dateModified":"2024-12-05T14:10:51+00:00","description":"Groot betonnen beeld Maria met gevouwen handen, geschikt voor binnen en buiten. Bezoek onze showroom voor onze grote collectie Heilige Maria beelden!","breadcrumb":{"@id":"https:\/\/dev.eliassen.nl\/de\/grosse-marienstatue-mit-gefalteten-handen\/#breadcrumb"},"inLanguage":"de","potentialAction":[{"@type":"ReadAction","target":["https:\/\/dev.eliassen.nl\/de\/grosse-marienstatue-mit-gefalteten-handen\/"]}]},{"@type":"ImageObject","inLanguage":"de","@id":"https:\/\/dev.eliassen.nl\/de\/grosse-marienstatue-mit-gefalteten-handen\/#primaryimage","url":"https:\/\/dev.eliassen.nl\/wp-content\/uploads\/2024\/01\/grootmariabeeldmetgevouwenhanden.jpg","contentUrl":"https:\/\/dev.eliassen.nl\/wp-content\/uploads\/2024\/01\/grootmariabeeldmetgevouwenhanden.jpg","width":422,"height":618,"caption":"Groot Maria beeld met gevouwen handen"},{"@type":"BreadcrumbList","@id":"https:\/\/dev.eliassen.nl\/de\/grosse-marienstatue-mit-gefalteten-handen\/#breadcrumb","itemListElement":[{"@type":"ListItem","position":1,"name":"Home","item":"https:\/\/dev.eliassen.nl\/de\/"},{"@type":"ListItem","position":2,"name":"Shop","item":"https:\/\/dev.eliassen.nl\/nl\/winkel\/"},{"@type":"ListItem","position":3,"name":"Statuen-Skulpturen","item":"https:\/\/dev.eliassen.nl\/de\/statuen-skulpturen\/"},{"@type":"ListItem","position":4,"name":"Betonstatuen","item":"https:\/\/dev.eliassen.nl\/de\/bilder\/betonstatuen\/"},{"@type":"ListItem","position":5,"name":"Engels- und Marienstatuen","item":"https:\/\/dev.eliassen.nl\/de\/bilder\/betonstatuen\/engels-und-marienstatuen\/"},{"@type":"ListItem","position":6,"name":"Gro\u00dfe Marienstatue mit gefalteten H\u00e4nden"}]},{"@type":"WebSite","@id":"https:\/\/dev.eliassen.nl\/de\/#website","url":"https:\/\/dev.eliassen.nl\/de\/","name":"Eliassen Home & Garden Pleasure","description":"","publisher":{"@id":"https:\/\/dev.eliassen.nl\/de\/#organization"},"alternateName":"Eliassen.nl","potentialAction":[{"@type":"SearchAction","target":{"@type":"EntryPoint","urlTemplate":"https:\/\/dev.eliassen.nl\/de\/?s={search_term_string}"},"query-input":{"@type":"PropertyValueSpecification","valueRequired":true,"valueName":"search_term_string"}}],"inLanguage":"de"},{"@type":"Organization","@id":"https:\/\/dev.eliassen.nl\/de\/#organization","name":"Eliassen Home & Garden Pleasure","url":"https:\/\/dev.eliassen.nl\/de\/","logo":{"@type":"ImageObject","inLanguage":"de","@id":"https:\/\/dev.eliassen.nl\/de\/#\/schema\/logo\/image\/","url":"https:\/\/www.eliassen.nl\/wp-content\/uploads\/2024\/01\/logo_4nd.jpg","contentUrl":"https:\/\/www.eliassen.nl\/wp-content\/uploads\/2024\/01\/logo_4nd.jpg","width":500,"height":500,"caption":"Eliassen Home & Garden Pleasure"},"image":{"@id":"https:\/\/dev.eliassen.nl\/de\/#\/schema\/logo\/image\/"},"sameAs":["https:\/\/www.facebook.com\/TuincentrumEliassenAmmerzoden","https:\/\/www.instagram.com\/eliassenhomeandgarden\/","https:\/\/nl.pinterest.com\/eliassenhomeandgarden\/","https:\/\/www.youtube.com\/@eliassenhomegardenpleasure4558"]}]}},"df_price":195,"df_sale_price":"","df_regular_price":195,"df_image_link":"https:\/\/dev.eliassen.nl\/wp-content\/uploads\/2024\/01\/grootmariabeeldmetgevouwenhanden.jpg","image":"https:\/\/dev.eliassen.nl\/wp-content\/uploads\/2024\/01\/grootmariabeeldmetgevouwenhanden.jpg","price_search":"<span class=\"woocommerce-Price-amount amount\"><bdi><span class=\"woocommerce-Price-currencySymbol\">&euro;<\/span>&nbsp;195,00<\/bdi><\/span>","category":"Betonstatuen","_links":{"self":[{"href":"https:\/\/dev.eliassen.nl\/de\/wp-json\/wp\/v2\/product\/5332","targetHints":{"allow":["GET"]}}],"collection":[{"href":"https:\/\/dev.eliassen.nl\/de\/wp-json\/wp\/v2\/product"}],"about":[{"href":"https:\/\/dev.eliassen.nl\/de\/wp-json\/wp\/v2\/types\/product"}],"wp:featuredmedia":[{"embeddable":true,"href":"https:\/\/dev.eliassen.nl\/de\/wp-json\/wp\/v2\/media\/5329"}],"wp:attachment":[{"href":"https:\/\/dev.eliassen.nl\/de\/wp-json\/wp\/v2\/media?parent=5332"}],"wp:term":[{"taxonomy":"product_brand","embeddable":true,"href":"https:\/\/dev.eliassen.nl\/de\/wp-json\/wp\/v2\/product_brand?post=5332"},{"taxonomy":"product_cat","embeddable":true,"href":"https:\/\/dev.eliassen.nl\/de\/wp-json\/wp\/v2\/product_cat?post=5332"},{"taxonomy":"product_tag","embeddable":true,"href":"https:\/\/dev.eliassen.nl\/de\/wp-json\/wp\/v2\/product_tag?post=5332"}],"curies":[{"name":"wp","href":"https:\/\/api.w.org\/{rel}","templated":true}]}}