{"id":53356,"date":"2021-09-09T11:29:27","date_gmt":"2021-09-09T09:29:27","guid":{"rendered":"https:\/\/www.eliassen.nl\/?product=stenen-beeld-vlinder-15cm"},"modified":"2024-12-05T15:54:23","modified_gmt":"2024-12-05T14:54:23","slug":"steinstatue-schmetterling-15cm","status":"publish","type":"product","link":"https:\/\/dev.eliassen.nl\/de\/steinstatue-schmetterling-15cm\/","title":{"rendered":"Steinstatue Schmetterling 15cm"},"content":{"rendered":"<p>Sch\u00f6ner Boulder mit Schmetterling, handgefertigt auf einem ca. 15 cm gro\u00dfen Boulder. Zuerst wird das Bild auf den Felsbrocken gezeichnet, danach werden die Linien und einige Fl\u00e4chen mit einem Mei\u00dfel ausgeschnitten, so dass Tiefenunterschiede entstehen. Die h\u00f6chsten Teile werden dann sorgf\u00e4ltig poliert. Eine riesige Arbeit, aber das Ergebnis kann da sein.<\/p>\n<p>Dieser handgefertigte Boulder ist drinnen, aber sicherlich auch drau\u00dfen erlaubt. Drau\u00dfen wird es sch\u00f6n bleiben, such dir gerne einen sch\u00f6nen Platz daf\u00fcr. Da dieser Findling mit gr\u00f6\u00dfter Sorgfalt hergestellt wird, werden diese Steine oft als Gedenkstein verwendet.<\/p>\n<p>Das Foto ist nur ein Beispiel, da es sich um ein Naturprodukt handelt und jeder Artikel in Form, Farbe oder Aussehen anders ist.<\/p>\n<ul>\n<li>Gr\u00f6\u00dfe: ca. 15cm<\/li>\n<li>Material: Granit<\/li>\n<li>Farbe: Braun in verschiedenen Nuancen<\/li>\n<li>Nirgendwo sonst zu verkaufen<\/li>\n<li>Sch\u00f6n zu verschenken<\/li>\n<li>Eigenes begrenztes Lager.<\/li>\n<\/ul>\n","protected":false},"excerpt":{"rendered":"<p>Sch\u00f6ner Boulder mit Schmetterling, handgefertigt auf einem ca. 15 cm gro\u00dfen Boulder. Zuerst wird das Bild auf den Felsbrocken gezeichnet, danach werden die Linien und einige Fl\u00e4chen mit einem Mei\u00dfel ausgeschnitten, so dass Tiefenunterschiede entstehen. Die h\u00f6chsten Teile werden dann sorgf\u00e4ltig poliert. Eine riesige Arbeit, aber das Ergebnis kann da sein. Dieser handgefertigte Boulder ist &hellip;<\/p>\n","protected":false},"featured_media":53350,"template":"","meta":{"_acf_changed":false},"product_brand":[],"product_cat":[719,7076,7239],"product_tag":[],"class_list":{"0":"post-53356","1":"product","2":"type-product","3":"status-publish","4":"has-post-thumbnail","6":"product_cat-statuen-aus-naturstein","7":"product_cat-statues-figures","8":"product_cat-statuen-skulpturen","10":"first","11":"instock","12":"taxable","13":"shipping-taxable","14":"purchasable","15":"product-type-simple"},"acf":[],"yoast_head":"<!-- This site is optimized with the Yoast SEO plugin v23.8 - https:\/\/yoast.com\/wordpress\/plugins\/seo\/ -->\n<title>Steinstatue Schmetterling 15cm - Eliassen<\/title>\n<meta name=\"description\" content=\"Auf der Suche nach einem Stein? Jetzt bestellen Steinstatue Schmetterling 15cm. Auf unserer Seite k\u00f6nnen Sie ganz einfach Boulder kaufen. \u2713 Gro\u00dfes Sortiment ...\" \/>\n<meta name=\"robots\" content=\"noindex, follow, max-snippet:-1, max-image-preview:large, max-video-preview:-1\" \/>\n<meta property=\"og:locale\" content=\"de_DE\" \/>\n<meta property=\"og:type\" content=\"article\" \/>\n<meta property=\"og:title\" content=\"Steinstatue Schmetterling 15cm - Eliassen\" \/>\n<meta property=\"og:description\" content=\"Auf der Suche nach einem Stein? Jetzt bestellen Steinstatue Schmetterling 15cm. Auf unserer Seite k\u00f6nnen Sie ganz einfach Boulder kaufen. \u2713 Gro\u00dfes Sortiment ...\" \/>\n<meta property=\"og:url\" content=\"https:\/\/dev.eliassen.nl\/de\/steinstatue-schmetterling-15cm\/\" \/>\n<meta property=\"og:site_name\" content=\"Eliassen.nl\" \/>\n<meta property=\"article:publisher\" content=\"https:\/\/www.facebook.com\/TuincentrumEliassenAmmerzoden\" \/>\n<meta property=\"article:modified_time\" content=\"2024-12-05T14:54:23+00:00\" \/>\n<meta property=\"og:image\" content=\"https:\/\/dev.eliassen.nl\/wp-content\/uploads\/2024\/01\/stenenbeeldvlinder15cmeliassennl.jpg\" \/>\n\t<meta property=\"og:image:width\" content=\"1617\" \/>\n\t<meta property=\"og:image:height\" content=\"1491\" \/>\n\t<meta property=\"og:image:type\" content=\"image\/jpeg\" \/>\n<meta name=\"twitter:card\" content=\"summary_large_image\" \/>\n<script type=\"application\/ld+json\" class=\"yoast-schema-graph\">{\"@context\":\"https:\/\/schema.org\",\"@graph\":[{\"@type\":\"WebPage\",\"@id\":\"https:\/\/dev.eliassen.nl\/de\/steinstatue-schmetterling-15cm\/\",\"url\":\"https:\/\/dev.eliassen.nl\/de\/steinstatue-schmetterling-15cm\/\",\"name\":\"Steinstatue Schmetterling 15cm - Eliassen\",\"isPartOf\":{\"@id\":\"https:\/\/dev.eliassen.nl\/de\/#website\"},\"primaryImageOfPage\":{\"@id\":\"https:\/\/dev.eliassen.nl\/de\/steinstatue-schmetterling-15cm\/#primaryimage\"},\"image\":{\"@id\":\"https:\/\/dev.eliassen.nl\/de\/steinstatue-schmetterling-15cm\/#primaryimage\"},\"thumbnailUrl\":\"https:\/\/dev.eliassen.nl\/wp-content\/uploads\/2024\/01\/stenenbeeldvlinder15cmeliassennl.jpg\",\"datePublished\":\"2021-09-09T09:29:27+00:00\",\"dateModified\":\"2024-12-05T14:54:23+00:00\",\"description\":\"Auf der Suche nach einem Stein? Jetzt bestellen Steinstatue Schmetterling 15cm. Auf unserer Seite k\u00f6nnen Sie ganz einfach Boulder kaufen. \u2713 Gro\u00dfes Sortiment ...\",\"breadcrumb\":{\"@id\":\"https:\/\/dev.eliassen.nl\/de\/steinstatue-schmetterling-15cm\/#breadcrumb\"},\"inLanguage\":\"de\",\"potentialAction\":[{\"@type\":\"ReadAction\",\"target\":[\"https:\/\/dev.eliassen.nl\/de\/steinstatue-schmetterling-15cm\/\"]}]},{\"@type\":\"ImageObject\",\"inLanguage\":\"de\",\"@id\":\"https:\/\/dev.eliassen.nl\/de\/steinstatue-schmetterling-15cm\/#primaryimage\",\"url\":\"https:\/\/dev.eliassen.nl\/wp-content\/uploads\/2024\/01\/stenenbeeldvlinder15cmeliassennl.jpg\",\"contentUrl\":\"https:\/\/dev.eliassen.nl\/wp-content\/uploads\/2024\/01\/stenenbeeldvlinder15cmeliassennl.jpg\",\"width\":1617,\"height\":1491,\"caption\":\"Stenen beeld Vlinder 15cm - Eliassen.nl\"},{\"@type\":\"BreadcrumbList\",\"@id\":\"https:\/\/dev.eliassen.nl\/de\/steinstatue-schmetterling-15cm\/#breadcrumb\",\"itemListElement\":[{\"@type\":\"ListItem\",\"position\":1,\"name\":\"Home\",\"item\":\"https:\/\/dev.eliassen.nl\/de\/\"},{\"@type\":\"ListItem\",\"position\":2,\"name\":\"Shop\",\"item\":\"https:\/\/dev.eliassen.nl\/nl\/winkel\/\"},{\"@type\":\"ListItem\",\"position\":3,\"name\":\"Statuen-Skulpturen\",\"item\":\"https:\/\/dev.eliassen.nl\/de\/statuen-skulpturen\/\"},{\"@type\":\"ListItem\",\"position\":4,\"name\":\"Statuen aus Naturstein\",\"item\":\"https:\/\/dev.eliassen.nl\/de\/bilder\/statuen-aus-naturstein\/\"},{\"@type\":\"ListItem\",\"position\":5,\"name\":\"Steinstatue Schmetterling 15cm\"}]},{\"@type\":\"WebSite\",\"@id\":\"https:\/\/dev.eliassen.nl\/de\/#website\",\"url\":\"https:\/\/dev.eliassen.nl\/de\/\",\"name\":\"Eliassen Home & Garden Pleasure\",\"description\":\"\",\"publisher\":{\"@id\":\"https:\/\/dev.eliassen.nl\/de\/#organization\"},\"alternateName\":\"Eliassen.nl\",\"potentialAction\":[{\"@type\":\"SearchAction\",\"target\":{\"@type\":\"EntryPoint\",\"urlTemplate\":\"https:\/\/dev.eliassen.nl\/de\/?s={search_term_string}\"},\"query-input\":{\"@type\":\"PropertyValueSpecification\",\"valueRequired\":true,\"valueName\":\"search_term_string\"}}],\"inLanguage\":\"de\"},{\"@type\":\"Organization\",\"@id\":\"https:\/\/dev.eliassen.nl\/de\/#organization\",\"name\":\"Eliassen Home & Garden Pleasure\",\"url\":\"https:\/\/dev.eliassen.nl\/de\/\",\"logo\":{\"@type\":\"ImageObject\",\"inLanguage\":\"de\",\"@id\":\"https:\/\/dev.eliassen.nl\/de\/#\/schema\/logo\/image\/\",\"url\":\"https:\/\/www.eliassen.nl\/wp-content\/uploads\/2024\/01\/logo_4nd.jpg\",\"contentUrl\":\"https:\/\/www.eliassen.nl\/wp-content\/uploads\/2024\/01\/logo_4nd.jpg\",\"width\":500,\"height\":500,\"caption\":\"Eliassen Home & Garden Pleasure\"},\"image\":{\"@id\":\"https:\/\/dev.eliassen.nl\/de\/#\/schema\/logo\/image\/\"},\"sameAs\":[\"https:\/\/www.facebook.com\/TuincentrumEliassenAmmerzoden\",\"https:\/\/www.instagram.com\/eliassenhomeandgarden\/\",\"https:\/\/nl.pinterest.com\/eliassenhomeandgarden\/\",\"https:\/\/www.youtube.com\/@eliassenhomegardenpleasure4558\"]}]}<\/script>\n<!-- \/ Yoast SEO plugin. -->","yoast_head_json":{"title":"Steinstatue Schmetterling 15cm - Eliassen","description":"Auf der Suche nach einem Stein? Jetzt bestellen Steinstatue Schmetterling 15cm. Auf unserer Seite k\u00f6nnen Sie ganz einfach Boulder kaufen. \u2713 Gro\u00dfes Sortiment ...","robots":{"index":"noindex","follow":"follow","max-snippet":"max-snippet:-1","max-image-preview":"max-image-preview:large","max-video-preview":"max-video-preview:-1"},"og_locale":"de_DE","og_type":"article","og_title":"Steinstatue Schmetterling 15cm - Eliassen","og_description":"Auf der Suche nach einem Stein? Jetzt bestellen Steinstatue Schmetterling 15cm. Auf unserer Seite k\u00f6nnen Sie ganz einfach Boulder kaufen. \u2713 Gro\u00dfes Sortiment ...","og_url":"https:\/\/dev.eliassen.nl\/de\/steinstatue-schmetterling-15cm\/","og_site_name":"Eliassen.nl","article_publisher":"https:\/\/www.facebook.com\/TuincentrumEliassenAmmerzoden","article_modified_time":"2024-12-05T14:54:23+00:00","og_image":[{"width":1617,"height":1491,"url":"https:\/\/dev.eliassen.nl\/wp-content\/uploads\/2024\/01\/stenenbeeldvlinder15cmeliassennl.jpg","type":"image\/jpeg"}],"twitter_card":"summary_large_image","schema":{"@context":"https:\/\/schema.org","@graph":[{"@type":"WebPage","@id":"https:\/\/dev.eliassen.nl\/de\/steinstatue-schmetterling-15cm\/","url":"https:\/\/dev.eliassen.nl\/de\/steinstatue-schmetterling-15cm\/","name":"Steinstatue Schmetterling 15cm - Eliassen","isPartOf":{"@id":"https:\/\/dev.eliassen.nl\/de\/#website"},"primaryImageOfPage":{"@id":"https:\/\/dev.eliassen.nl\/de\/steinstatue-schmetterling-15cm\/#primaryimage"},"image":{"@id":"https:\/\/dev.eliassen.nl\/de\/steinstatue-schmetterling-15cm\/#primaryimage"},"thumbnailUrl":"https:\/\/dev.eliassen.nl\/wp-content\/uploads\/2024\/01\/stenenbeeldvlinder15cmeliassennl.jpg","datePublished":"2021-09-09T09:29:27+00:00","dateModified":"2024-12-05T14:54:23+00:00","description":"Auf der Suche nach einem Stein? Jetzt bestellen Steinstatue Schmetterling 15cm. Auf unserer Seite k\u00f6nnen Sie ganz einfach Boulder kaufen. \u2713 Gro\u00dfes Sortiment ...","breadcrumb":{"@id":"https:\/\/dev.eliassen.nl\/de\/steinstatue-schmetterling-15cm\/#breadcrumb"},"inLanguage":"de","potentialAction":[{"@type":"ReadAction","target":["https:\/\/dev.eliassen.nl\/de\/steinstatue-schmetterling-15cm\/"]}]},{"@type":"ImageObject","inLanguage":"de","@id":"https:\/\/dev.eliassen.nl\/de\/steinstatue-schmetterling-15cm\/#primaryimage","url":"https:\/\/dev.eliassen.nl\/wp-content\/uploads\/2024\/01\/stenenbeeldvlinder15cmeliassennl.jpg","contentUrl":"https:\/\/dev.eliassen.nl\/wp-content\/uploads\/2024\/01\/stenenbeeldvlinder15cmeliassennl.jpg","width":1617,"height":1491,"caption":"Stenen beeld Vlinder 15cm - Eliassen.nl"},{"@type":"BreadcrumbList","@id":"https:\/\/dev.eliassen.nl\/de\/steinstatue-schmetterling-15cm\/#breadcrumb","itemListElement":[{"@type":"ListItem","position":1,"name":"Home","item":"https:\/\/dev.eliassen.nl\/de\/"},{"@type":"ListItem","position":2,"name":"Shop","item":"https:\/\/dev.eliassen.nl\/nl\/winkel\/"},{"@type":"ListItem","position":3,"name":"Statuen-Skulpturen","item":"https:\/\/dev.eliassen.nl\/de\/statuen-skulpturen\/"},{"@type":"ListItem","position":4,"name":"Statuen aus Naturstein","item":"https:\/\/dev.eliassen.nl\/de\/bilder\/statuen-aus-naturstein\/"},{"@type":"ListItem","position":5,"name":"Steinstatue Schmetterling 15cm"}]},{"@type":"WebSite","@id":"https:\/\/dev.eliassen.nl\/de\/#website","url":"https:\/\/dev.eliassen.nl\/de\/","name":"Eliassen Home & Garden Pleasure","description":"","publisher":{"@id":"https:\/\/dev.eliassen.nl\/de\/#organization"},"alternateName":"Eliassen.nl","potentialAction":[{"@type":"SearchAction","target":{"@type":"EntryPoint","urlTemplate":"https:\/\/dev.eliassen.nl\/de\/?s={search_term_string}"},"query-input":{"@type":"PropertyValueSpecification","valueRequired":true,"valueName":"search_term_string"}}],"inLanguage":"de"},{"@type":"Organization","@id":"https:\/\/dev.eliassen.nl\/de\/#organization","name":"Eliassen Home & Garden Pleasure","url":"https:\/\/dev.eliassen.nl\/de\/","logo":{"@type":"ImageObject","inLanguage":"de","@id":"https:\/\/dev.eliassen.nl\/de\/#\/schema\/logo\/image\/","url":"https:\/\/www.eliassen.nl\/wp-content\/uploads\/2024\/01\/logo_4nd.jpg","contentUrl":"https:\/\/www.eliassen.nl\/wp-content\/uploads\/2024\/01\/logo_4nd.jpg","width":500,"height":500,"caption":"Eliassen Home & Garden Pleasure"},"image":{"@id":"https:\/\/dev.eliassen.nl\/de\/#\/schema\/logo\/image\/"},"sameAs":["https:\/\/www.facebook.com\/TuincentrumEliassenAmmerzoden","https:\/\/www.instagram.com\/eliassenhomeandgarden\/","https:\/\/nl.pinterest.com\/eliassenhomeandgarden\/","https:\/\/www.youtube.com\/@eliassenhomegardenpleasure4558"]}]}},"df_price":17.5,"df_sale_price":"","df_regular_price":17.5,"df_image_link":"https:\/\/dev.eliassen.nl\/wp-content\/uploads\/2024\/01\/stenenbeeldvlinder15cmeliassennl.jpg","image":"https:\/\/dev.eliassen.nl\/wp-content\/uploads\/2024\/01\/stenenbeeldvlinder15cmeliassennl.jpg","price_search":"<span class=\"woocommerce-Price-amount amount\"><bdi><span class=\"woocommerce-Price-currencySymbol\">&euro;<\/span>&nbsp;17,50<\/bdi><\/span>","category":"Statuen aus Naturstein","_links":{"self":[{"href":"https:\/\/dev.eliassen.nl\/de\/wp-json\/wp\/v2\/product\/53356","targetHints":{"allow":["GET"]}}],"collection":[{"href":"https:\/\/dev.eliassen.nl\/de\/wp-json\/wp\/v2\/product"}],"about":[{"href":"https:\/\/dev.eliassen.nl\/de\/wp-json\/wp\/v2\/types\/product"}],"wp:featuredmedia":[{"embeddable":true,"href":"https:\/\/dev.eliassen.nl\/de\/wp-json\/wp\/v2\/media\/53350"}],"wp:attachment":[{"href":"https:\/\/dev.eliassen.nl\/de\/wp-json\/wp\/v2\/media?parent=53356"}],"wp:term":[{"taxonomy":"product_brand","embeddable":true,"href":"https:\/\/dev.eliassen.nl\/de\/wp-json\/wp\/v2\/product_brand?post=53356"},{"taxonomy":"product_cat","embeddable":true,"href":"https:\/\/dev.eliassen.nl\/de\/wp-json\/wp\/v2\/product_cat?post=53356"},{"taxonomy":"product_tag","embeddable":true,"href":"https:\/\/dev.eliassen.nl\/de\/wp-json\/wp\/v2\/product_tag?post=53356"}],"curies":[{"name":"wp","href":"https:\/\/api.w.org\/{rel}","templated":true}]}}