{"id":5677,"date":"2019-10-28T15:53:19","date_gmt":"2019-10-28T14:53:19","guid":{"rendered":"https:\/\/www.eliassen.nl\/?product=shiva-bueste-68cm-copy"},"modified":"2024-12-05T15:11:38","modified_gmt":"2024-12-05T14:11:38","slug":"shiva-buste-150cm","status":"publish","type":"product","link":"https:\/\/dev.eliassen.nl\/de\/shiva-buste-150cm\/","title":{"rendered":"Shiva B\u00fcste 150cm"},"content":{"rendered":"<p>Sch\u00f6n f\u00fcr innen und au\u00dfen, dieser gro\u00dfe Shiva-Eyecatcher, 68 cm breit, 50 cm breit, aus hochwertigem Gussstein, schwarz \/ braun verw\u00f6hnt. <br \/>H\u00f6hengr\u00f6\u00dfe: 150cm<\/p>\n<ul>\n<li>Gegengr\u00f6\u00dfe: 120x75cm<\/li>\n<li>Farbe: schwarz \/ grau<\/li>\n<li>Hochwertiger Gussstein<\/li>\n<li>Geeignet f\u00fcr innen und au\u00dfen<\/li>\n<li>Handgefertigt<\/li>\n<li>Schnell geliefert<\/li>\n<li><strong>Sehr viel von dieser Serie auch in unserer Fallansicht<\/strong><\/li>\n<li>Shiva ist einer der wichtigsten G\u00f6tter des Hinduismus. Er wird oft als Askese dargestellt. Er ist in Tigerfell oder in Elefantenfell gekleidet, beides verweist auf zwei D\u00e4monen, die er je zerst\u00f6rt hat. Sein K\u00f6rper ist grau oder wei\u00df gef\u00e4rbt, weil er sich mit der Asche der Verbrennungsstellen reibt. Er tr\u00e4gt sein Haar in langen geflochtenen Locken, wie viele Asketen in Indien. Er hat drei Augen, das dritte schm\u00fcckt seine Stirn. Von diesem dritten Auge aus kann er das Feuer zulassen und damit zerst\u00f6rt es das Universum, wenn die Sch\u00f6pfung zu Ende geht. Shiva vereint in seiner Gr\u00f6\u00dfe und in den Attributen, die er mit sich bringt, viele Widerspr\u00fcche. Das erkl\u00e4ren die Hindus, denn er ist ein Gott, der das gesamte Universum von hoch nach niedrig, von rein bis unrein umarmt. Zum Beispiel tr\u00e4gt er in seinem einen Ohr einen Ohrring, der ausschlie\u00dflich von Frauen mit niedrigem Brustumfang getragen wird, w\u00e4hrend in seinem anderen Ohr ein Ohrring in Form eines mythischen Krokodils h\u00e4ngt, wie es nur Brahmanen tragen. In einer Hand tr\u00e4gt er eine Trommel, Damaroe, die wie eine Sanduhr aussieht. Mit dieser Trommel gibt er den Rhythmus der Sch\u00f6pfung an. Eine andere Hand tr\u00e4gt ein loderndes Feuer, mit dem er die Welt zerst\u00f6rt. Auf seinem Kopf tr\u00e4gt er Blumen einschlie\u00dflich der hochgiftigen Stechapfel, eine Blume, aus der halluzinogene Substanzen destilliert werden k\u00f6nnen. Um seinen Hals tr\u00e4gt er giftige Schlangen, Symbole des Todes. Auf dem Kopf tr\u00e4gt er auch einen Halbmond, ein Todeszeichen. Sein Reittier ist der Bulle Nandi. Nandi ist fast immer vor dem Eingang eines Shiva-Tempels. Shiva ist traditionell der Gott der Asketen. Viele seiner Anh\u00e4nger sind Saddhus (heilige M\u00e4nner), die allein oder in Gruppen in ganz Indien wandern, ihre K\u00f6rper mit Asche verschmieren, oft bizarre Bu\u00dfe tun und an den drei horizontalen Streifen auf der Stirn erkennbar sind. . Ihr Attribut ist der Dreizack. Die Frauen von Shiva sind durch viele Formen und Namen bekannt. Parvati ist der ber\u00fchmteste Eega von Shiva, der zum Symbol der f\u00fcgsamen Frau geworden ist. Sie musste geduldig zusehen, wie Shiva mit sauberen Damen Ehebruch machte, aber er kam immer zu ihr zur\u00fcck. Parvati ist die friedliche Form des Konzepts von Shakti (weibliche Energie). Es kann sich aber auch in anderen wilden Formen manifestieren: Durga, Chamunda oder Kali. Durga wird oft als unabh\u00e4ngige G\u00f6ttin verehrt, die an sich nichts mit Shiva zu tun hat. Sie wurde speziell mit ihren eigenen Waffen geschaffen, um die G\u00f6tter vor einer schrecklichen Katastrophe zu retten. Als Kali (&#8220;der Schwarze&#8221;) erscheint Parvati in ihrer schrecklichsten Form. Sie ist schwarz, ihre Zunge h\u00e4ngt aus ihrem blutigen Mund, h\u00e4ngt mit abgetrennten menschlichen K\u00f6pfen und Sch\u00e4deln und wandert \u00fcber schreckliche Todessucher. Es wird erwartet, dass sie Hilfe anbietet, wo kein Gott mehr Macht hat. Auffallend ist auch, dass die niedrigsten Kabinette sie anbeten d\u00fcrfen, was ihre Anh\u00e4nger so gro\u00dfartig macht. Sie ist die einzige, die Blutopfer erh\u00e4lt; W\u00e4hrend ihres Festivals werden ihr unz\u00e4hlige schwarze, m\u00e4nnliche Tiere von Katzen bis B\u00fcffel geopfert.<\/li>\n<\/ul>\n<ul>\n<li>H\u00f6hengr\u00f6\u00dfe: 68cm<\/li>\n<li>Gegengr\u00f6\u00dfe: 50 x 27 cm<\/li>\n<li>Farbe: schwarz \/ grau<\/li>\n<li>Hochwertiger Gussstein<\/li>\n<li>Geeignet f\u00fcr innen und au\u00dfen<\/li>\n<li>Handgefertigt<\/li>\n<li>Schnell geliefert<\/li>\n<li><strong>Sehr viel von dieser Serie auch in unserer Fallansicht<\/strong><\/li>\n<\/ul>\n<p><strong><iframe loading=\"lazy\" src=\"\/\/www.youtube.com\/embed\/S0gTFnsRDJg\" width=\"560\" height=\"314\" allowfullscreen=\"allowfullscreen\"><\/iframe><\/strong><\/p>\n","protected":false},"excerpt":{"rendered":"<p>Sch\u00f6n f\u00fcr innen und au\u00dfen, dieser gro\u00dfe Shiva-Eyecatcher, 68 cm breit, 50 cm breit, aus hochwertigem Gussstein, schwarz \/ braun verw\u00f6hnt. H\u00f6hengr\u00f6\u00dfe: 150cm Gegengr\u00f6\u00dfe: 120x75cm Farbe: schwarz \/ grau Hochwertiger Gussstein Geeignet f\u00fcr innen und au\u00dfen Handgefertigt Schnell geliefert Sehr viel von dieser Serie auch in unserer Fallansicht Shiva ist einer der wichtigsten G\u00f6tter des &hellip;<\/p>\n","protected":false},"featured_media":5665,"template":"","meta":{"_acf_changed":false},"product_brand":[6916],"product_cat":[677,686,7239],"product_tag":[],"class_list":{"0":"post-5677","1":"product","2":"type-product","3":"status-publish","4":"has-post-thumbnail","6":"product_brand-eliassen-de","7":"product_cat-betonstatuen","8":"product_cat-hinduistische-bilder","9":"product_cat-statuen-skulpturen","11":"first","12":"instock","13":"taxable","14":"shipping-taxable","15":"purchasable","16":"product-type-simple"},"acf":[],"yoast_head":"<!-- This site is optimized with the Yoast SEO plugin v23.8 - https:\/\/yoast.com\/wordpress\/plugins\/seo\/ -->\n<title>Shiva B\u00fcste 68cm<\/title>\n<meta name=\"description\" content=\"Bij Eliassen koopt u Shiva borstbeeld 150cm online of live te bekijken in de showroom. Wij hebben de mooiste stenen beelden, hindoe beelden\" \/>\n<meta name=\"robots\" content=\"noindex, follow, max-snippet:-1, max-image-preview:large, max-video-preview:-1\" \/>\n<meta property=\"og:locale\" content=\"de_DE\" \/>\n<meta property=\"og:type\" content=\"article\" \/>\n<meta property=\"og:title\" content=\"Shiva B\u00fcste 68cm\" \/>\n<meta property=\"og:description\" content=\"Bij Eliassen koopt u Shiva borstbeeld 150cm online of live te bekijken in de showroom. Wij hebben de mooiste stenen beelden, hindoe beelden\" \/>\n<meta property=\"og:url\" content=\"https:\/\/dev.eliassen.nl\/de\/shiva-buste-150cm\/\" \/>\n<meta property=\"og:site_name\" content=\"Eliassen.nl\" \/>\n<meta property=\"article:publisher\" content=\"https:\/\/www.facebook.com\/TuincentrumEliassenAmmerzoden\" \/>\n<meta property=\"article:modified_time\" content=\"2024-12-05T14:11:38+00:00\" \/>\n<meta property=\"og:image\" content=\"https:\/\/dev.eliassen.nl\/wp-content\/uploads\/2024\/01\/mijnproject72.png\" \/>\n\t<meta property=\"og:image:width\" content=\"741\" \/>\n\t<meta property=\"og:image:height\" content=\"733\" \/>\n\t<meta property=\"og:image:type\" content=\"image\/png\" \/>\n<meta name=\"twitter:card\" content=\"summary_large_image\" \/>\n<script type=\"application\/ld+json\" class=\"yoast-schema-graph\">{\"@context\":\"https:\/\/schema.org\",\"@graph\":[{\"@type\":\"WebPage\",\"@id\":\"https:\/\/dev.eliassen.nl\/de\/shiva-buste-150cm\/\",\"url\":\"https:\/\/dev.eliassen.nl\/de\/shiva-buste-150cm\/\",\"name\":\"Shiva B\u00fcste 68cm\",\"isPartOf\":{\"@id\":\"https:\/\/dev.eliassen.nl\/de\/#website\"},\"primaryImageOfPage\":{\"@id\":\"https:\/\/dev.eliassen.nl\/de\/shiva-buste-150cm\/#primaryimage\"},\"image\":{\"@id\":\"https:\/\/dev.eliassen.nl\/de\/shiva-buste-150cm\/#primaryimage\"},\"thumbnailUrl\":\"https:\/\/dev.eliassen.nl\/wp-content\/uploads\/2024\/01\/mijnproject72.png\",\"datePublished\":\"2019-10-28T14:53:19+00:00\",\"dateModified\":\"2024-12-05T14:11:38+00:00\",\"description\":\"Bij Eliassen koopt u Shiva borstbeeld 150cm online of live te bekijken in de showroom. Wij hebben de mooiste stenen beelden, hindoe beelden\",\"breadcrumb\":{\"@id\":\"https:\/\/dev.eliassen.nl\/de\/shiva-buste-150cm\/#breadcrumb\"},\"inLanguage\":\"de\",\"potentialAction\":[{\"@type\":\"ReadAction\",\"target\":[\"https:\/\/dev.eliassen.nl\/de\/shiva-buste-150cm\/\"]}]},{\"@type\":\"ImageObject\",\"inLanguage\":\"de\",\"@id\":\"https:\/\/dev.eliassen.nl\/de\/shiva-buste-150cm\/#primaryimage\",\"url\":\"https:\/\/dev.eliassen.nl\/wp-content\/uploads\/2024\/01\/mijnproject72.png\",\"contentUrl\":\"https:\/\/dev.eliassen.nl\/wp-content\/uploads\/2024\/01\/mijnproject72.png\",\"width\":741,\"height\":733,\"caption\":\"Mijn project (72)\"},{\"@type\":\"BreadcrumbList\",\"@id\":\"https:\/\/dev.eliassen.nl\/de\/shiva-buste-150cm\/#breadcrumb\",\"itemListElement\":[{\"@type\":\"ListItem\",\"position\":1,\"name\":\"Home\",\"item\":\"https:\/\/dev.eliassen.nl\/de\/\"},{\"@type\":\"ListItem\",\"position\":2,\"name\":\"Shop\",\"item\":\"https:\/\/dev.eliassen.nl\/nl\/winkel\/\"},{\"@type\":\"ListItem\",\"position\":3,\"name\":\"Statuen-Skulpturen\",\"item\":\"https:\/\/dev.eliassen.nl\/de\/statuen-skulpturen\/\"},{\"@type\":\"ListItem\",\"position\":4,\"name\":\"Betonstatuen\",\"item\":\"https:\/\/dev.eliassen.nl\/de\/bilder\/betonstatuen\/\"},{\"@type\":\"ListItem\",\"position\":5,\"name\":\"Hinduistische Bilder\",\"item\":\"https:\/\/dev.eliassen.nl\/de\/bilder\/betonstatuen\/hinduistische-bilder\/\"},{\"@type\":\"ListItem\",\"position\":6,\"name\":\"Shiva B\u00fcste 150cm\"}]},{\"@type\":\"WebSite\",\"@id\":\"https:\/\/dev.eliassen.nl\/de\/#website\",\"url\":\"https:\/\/dev.eliassen.nl\/de\/\",\"name\":\"Eliassen Home & Garden Pleasure\",\"description\":\"\",\"publisher\":{\"@id\":\"https:\/\/dev.eliassen.nl\/de\/#organization\"},\"alternateName\":\"Eliassen.nl\",\"potentialAction\":[{\"@type\":\"SearchAction\",\"target\":{\"@type\":\"EntryPoint\",\"urlTemplate\":\"https:\/\/dev.eliassen.nl\/de\/?s={search_term_string}\"},\"query-input\":{\"@type\":\"PropertyValueSpecification\",\"valueRequired\":true,\"valueName\":\"search_term_string\"}}],\"inLanguage\":\"de\"},{\"@type\":\"Organization\",\"@id\":\"https:\/\/dev.eliassen.nl\/de\/#organization\",\"name\":\"Eliassen Home & Garden Pleasure\",\"url\":\"https:\/\/dev.eliassen.nl\/de\/\",\"logo\":{\"@type\":\"ImageObject\",\"inLanguage\":\"de\",\"@id\":\"https:\/\/dev.eliassen.nl\/de\/#\/schema\/logo\/image\/\",\"url\":\"https:\/\/www.eliassen.nl\/wp-content\/uploads\/2024\/01\/logo_4nd.jpg\",\"contentUrl\":\"https:\/\/www.eliassen.nl\/wp-content\/uploads\/2024\/01\/logo_4nd.jpg\",\"width\":500,\"height\":500,\"caption\":\"Eliassen Home & Garden Pleasure\"},\"image\":{\"@id\":\"https:\/\/dev.eliassen.nl\/de\/#\/schema\/logo\/image\/\"},\"sameAs\":[\"https:\/\/www.facebook.com\/TuincentrumEliassenAmmerzoden\",\"https:\/\/www.instagram.com\/eliassenhomeandgarden\/\",\"https:\/\/nl.pinterest.com\/eliassenhomeandgarden\/\",\"https:\/\/www.youtube.com\/@eliassenhomegardenpleasure4558\"]}]}<\/script>\n<!-- \/ Yoast SEO plugin. -->","yoast_head_json":{"title":"Shiva B\u00fcste 68cm","description":"Bij Eliassen koopt u Shiva borstbeeld 150cm online of live te bekijken in de showroom. Wij hebben de mooiste stenen beelden, hindoe beelden","robots":{"index":"noindex","follow":"follow","max-snippet":"max-snippet:-1","max-image-preview":"max-image-preview:large","max-video-preview":"max-video-preview:-1"},"og_locale":"de_DE","og_type":"article","og_title":"Shiva B\u00fcste 68cm","og_description":"Bij Eliassen koopt u Shiva borstbeeld 150cm online of live te bekijken in de showroom. Wij hebben de mooiste stenen beelden, hindoe beelden","og_url":"https:\/\/dev.eliassen.nl\/de\/shiva-buste-150cm\/","og_site_name":"Eliassen.nl","article_publisher":"https:\/\/www.facebook.com\/TuincentrumEliassenAmmerzoden","article_modified_time":"2024-12-05T14:11:38+00:00","og_image":[{"width":741,"height":733,"url":"https:\/\/dev.eliassen.nl\/wp-content\/uploads\/2024\/01\/mijnproject72.png","type":"image\/png"}],"twitter_card":"summary_large_image","schema":{"@context":"https:\/\/schema.org","@graph":[{"@type":"WebPage","@id":"https:\/\/dev.eliassen.nl\/de\/shiva-buste-150cm\/","url":"https:\/\/dev.eliassen.nl\/de\/shiva-buste-150cm\/","name":"Shiva B\u00fcste 68cm","isPartOf":{"@id":"https:\/\/dev.eliassen.nl\/de\/#website"},"primaryImageOfPage":{"@id":"https:\/\/dev.eliassen.nl\/de\/shiva-buste-150cm\/#primaryimage"},"image":{"@id":"https:\/\/dev.eliassen.nl\/de\/shiva-buste-150cm\/#primaryimage"},"thumbnailUrl":"https:\/\/dev.eliassen.nl\/wp-content\/uploads\/2024\/01\/mijnproject72.png","datePublished":"2019-10-28T14:53:19+00:00","dateModified":"2024-12-05T14:11:38+00:00","description":"Bij Eliassen koopt u Shiva borstbeeld 150cm online of live te bekijken in de showroom. Wij hebben de mooiste stenen beelden, hindoe beelden","breadcrumb":{"@id":"https:\/\/dev.eliassen.nl\/de\/shiva-buste-150cm\/#breadcrumb"},"inLanguage":"de","potentialAction":[{"@type":"ReadAction","target":["https:\/\/dev.eliassen.nl\/de\/shiva-buste-150cm\/"]}]},{"@type":"ImageObject","inLanguage":"de","@id":"https:\/\/dev.eliassen.nl\/de\/shiva-buste-150cm\/#primaryimage","url":"https:\/\/dev.eliassen.nl\/wp-content\/uploads\/2024\/01\/mijnproject72.png","contentUrl":"https:\/\/dev.eliassen.nl\/wp-content\/uploads\/2024\/01\/mijnproject72.png","width":741,"height":733,"caption":"Mijn project (72)"},{"@type":"BreadcrumbList","@id":"https:\/\/dev.eliassen.nl\/de\/shiva-buste-150cm\/#breadcrumb","itemListElement":[{"@type":"ListItem","position":1,"name":"Home","item":"https:\/\/dev.eliassen.nl\/de\/"},{"@type":"ListItem","position":2,"name":"Shop","item":"https:\/\/dev.eliassen.nl\/nl\/winkel\/"},{"@type":"ListItem","position":3,"name":"Statuen-Skulpturen","item":"https:\/\/dev.eliassen.nl\/de\/statuen-skulpturen\/"},{"@type":"ListItem","position":4,"name":"Betonstatuen","item":"https:\/\/dev.eliassen.nl\/de\/bilder\/betonstatuen\/"},{"@type":"ListItem","position":5,"name":"Hinduistische Bilder","item":"https:\/\/dev.eliassen.nl\/de\/bilder\/betonstatuen\/hinduistische-bilder\/"},{"@type":"ListItem","position":6,"name":"Shiva B\u00fcste 150cm"}]},{"@type":"WebSite","@id":"https:\/\/dev.eliassen.nl\/de\/#website","url":"https:\/\/dev.eliassen.nl\/de\/","name":"Eliassen Home & Garden Pleasure","description":"","publisher":{"@id":"https:\/\/dev.eliassen.nl\/de\/#organization"},"alternateName":"Eliassen.nl","potentialAction":[{"@type":"SearchAction","target":{"@type":"EntryPoint","urlTemplate":"https:\/\/dev.eliassen.nl\/de\/?s={search_term_string}"},"query-input":{"@type":"PropertyValueSpecification","valueRequired":true,"valueName":"search_term_string"}}],"inLanguage":"de"},{"@type":"Organization","@id":"https:\/\/dev.eliassen.nl\/de\/#organization","name":"Eliassen Home & Garden Pleasure","url":"https:\/\/dev.eliassen.nl\/de\/","logo":{"@type":"ImageObject","inLanguage":"de","@id":"https:\/\/dev.eliassen.nl\/de\/#\/schema\/logo\/image\/","url":"https:\/\/www.eliassen.nl\/wp-content\/uploads\/2024\/01\/logo_4nd.jpg","contentUrl":"https:\/\/www.eliassen.nl\/wp-content\/uploads\/2024\/01\/logo_4nd.jpg","width":500,"height":500,"caption":"Eliassen Home & Garden Pleasure"},"image":{"@id":"https:\/\/dev.eliassen.nl\/de\/#\/schema\/logo\/image\/"},"sameAs":["https:\/\/www.facebook.com\/TuincentrumEliassenAmmerzoden","https:\/\/www.instagram.com\/eliassenhomeandgarden\/","https:\/\/nl.pinterest.com\/eliassenhomeandgarden\/","https:\/\/www.youtube.com\/@eliassenhomegardenpleasure4558"]}]}},"df_price":1195,"df_sale_price":"","df_regular_price":1195,"df_image_link":"https:\/\/dev.eliassen.nl\/wp-content\/uploads\/2024\/01\/mijnproject72.png","image":"https:\/\/dev.eliassen.nl\/wp-content\/uploads\/2024\/01\/mijnproject72.png","price_search":"<span class=\"woocommerce-Price-amount amount\"><bdi><span class=\"woocommerce-Price-currencySymbol\">&euro;<\/span>&nbsp;1.195,00<\/bdi><\/span>","category":"Betonstatuen","_links":{"self":[{"href":"https:\/\/dev.eliassen.nl\/de\/wp-json\/wp\/v2\/product\/5677","targetHints":{"allow":["GET"]}}],"collection":[{"href":"https:\/\/dev.eliassen.nl\/de\/wp-json\/wp\/v2\/product"}],"about":[{"href":"https:\/\/dev.eliassen.nl\/de\/wp-json\/wp\/v2\/types\/product"}],"wp:featuredmedia":[{"embeddable":true,"href":"https:\/\/dev.eliassen.nl\/de\/wp-json\/wp\/v2\/media\/5665"}],"wp:attachment":[{"href":"https:\/\/dev.eliassen.nl\/de\/wp-json\/wp\/v2\/media?parent=5677"}],"wp:term":[{"taxonomy":"product_brand","embeddable":true,"href":"https:\/\/dev.eliassen.nl\/de\/wp-json\/wp\/v2\/product_brand?post=5677"},{"taxonomy":"product_cat","embeddable":true,"href":"https:\/\/dev.eliassen.nl\/de\/wp-json\/wp\/v2\/product_cat?post=5677"},{"taxonomy":"product_tag","embeddable":true,"href":"https:\/\/dev.eliassen.nl\/de\/wp-json\/wp\/v2\/product_tag?post=5677"}],"curies":[{"name":"wp","href":"https:\/\/api.w.org\/{rel}","templated":true}]}}