{"id":5689,"date":"2019-10-28T15:53:21","date_gmt":"2019-10-28T14:53:21","guid":{"rendered":"https:\/\/www.eliassen.nl\/?product=shiva-bueste-150cm-copy"},"modified":"2024-12-05T15:11:42","modified_gmt":"2024-12-05T14:11:42","slug":"shiva-statue-super-gross","status":"publish","type":"product","link":"https:\/\/dev.eliassen.nl\/de\/shiva-statue-super-gross\/","title":{"rendered":"Shiva-Statue Supergro\u00df 240cm"},"content":{"rendered":"<p>Wundersch\u00f6n f\u00fcr drinnen und drau\u00dfen, dieser gro\u00dfe Shiva-Hingucker, 85cm tief, 123cm breit, aus hochwertigem Steinguss, schwarz\/braun patiniert.<br \/>H\u00f6he: 240 cm<\/p>\n<ul>\n<li>OPP-Gr\u00f6\u00dfe: 123 x 85 cm<\/li>\n<li>Farbe: Schwarz\/Grau<\/li>\n<li>Hochwertiger Kunststein<\/li>\n<li>Geeignet f\u00fcr den Innen- und Au\u00dfenbereich<\/li>\n<li>Handgefertigt<\/li>\n<li>Schnell geliefert<\/li>\n<li><strong>Viele dieser Serien k\u00f6nnen auch in unserem Shop besichtigt werden<\/strong><\/li>\n<li>Shiva ist einer der wichtigsten G\u00f6tter des Hinduismus. Er wird oft als Asket dargestellt. Er ist in ein Tigerfell oder ein Elefantenfell gekleidet, was beides eine Anspielung auf zwei D\u00e4monen ist, die er einst vernichtete. Sein K\u00f6rper hat eine gr\u00e4uliche oder wei\u00dfe Farbe, da er sich mit der Asche der Ein\u00e4scherungsst\u00e4tten verschmiert. Er tr\u00e4gt sein Haar in langen geflochtenen Locken, wie es viele Asketen in Indien tragen. Er hat drei Augen, das dritte ziert seine Stirn. Von diesem dritten Auge aus kann er Feuer entfachen und das Universum zerst\u00f6ren, wenn die Sch\u00f6pfung zu Ende geht. Shiva vereint in seiner Figur und den Attributen, die er tr\u00e4gt, viele Gegens\u00e4tze. Das liegt daran, erkl\u00e4ren Hindus, weil er ein Gott ist, der das gesamte Universum umfasst, von hoch bis niedrig, von rein bis unrein. Beispielsweise tr\u00e4gt er in einem Ohr einen Ohrring, der nur von Dorffrauen aus niederen Kasten getragen wird, w\u00e4hrend im anderen Ohr ein Ohrring in Form eines mythischen Krokodils h\u00e4ngt, den nur Brahmanen tragen. In einer seiner H\u00e4nde tr\u00e4gt er eine Trommel, Damaroe, die einer Sanduhr \u00e4hnelt. Mit dieser Trommel gibt er den Rhythmus der Sch\u00f6pfung an. Eine seiner anderen H\u00e4nde tr\u00e4gt ein loderndes Feuer, mit dem er die Welt zerst\u00f6rt. Auf seinem Kopf tr\u00e4gt er Blumen, darunter die hochgiftige Datura, eine Blume, aus der halluzinogene Substanzen destilliert werden k\u00f6nnen. Um seinen Hals tr\u00e4gt er giftige Schlangen, Symbole des Todes. Auf seinem Kopf tr\u00e4gt er au\u00dferdem eine Mondsichel, ein Todessymbol. Sein Reittier ist der Bulle Nandi. Nandi befindet sich fast immer vor dem Eingang eines Shiva-Tempels. Shiva ist traditionell der Gott der Asketen. Viele seiner Anh\u00e4nger sind Saddhus (heilige M\u00e4nner), die allein oder in Gruppen durch Indien reisen, ihre K\u00f6rper mit Asche beschmieren lassen, oft auf bizarre Weise Bu\u00dfe tun und an den drei horizontalen Streifen zu erkennen sind, die sie auf ihre Stirn gemalt haben. Ihr Attribut ist der Dreizack. Die Frauen Shivas sind unter vielen Formen und Namen bekannt. Parvati ist die ber\u00fchmteste Gattin Shivas, die zum Symbol der f\u00fcgsamen, unterw\u00fcrfigen Frau geworden ist. Sie musste die ganze Zeit passiv zusehen, wie Shiva mit sch\u00f6nen Damen Ehebruch beging, aber er kam immer wieder zu ihr zur\u00fcck. Parvati ist die friedliche Form des Konzepts von Shakti (weibliche Energie). Es kann sich jedoch auch in anderen heftigen Formen manifestieren: Durga, Chamunda oder Kali. Durga wird oft als eigenst\u00e4ndige G\u00f6ttin verehrt, die nichts mehr mit Shiva zu tun hat. Sie wurde speziell mit ihren eigenen Waffen geschaffen, um die G\u00f6tter vor einer schrecklichen Katastrophe zu retten. Als Kali (\u201edie Schwarze\u201c) erscheint Parvati in ihrer schrecklichsten Form. Sie ist schwarz, ihre Zunge h\u00e4ngt aus ihrem blutigen Mund, bedeckt mit abgetrennten Menschenk\u00f6pfen und Sch\u00e4deln, und wandert durch abscheuliche Totenfelder. Von ihr wird erwartet, dass sie dort hilft, wo kein Gott mehr Macht hat. Auff\u00e4llig ist auch, dass die untersten Kasten sie verehren d\u00fcrfen, was ihre Anh\u00e4ngerschaft so gro\u00df macht. Sie ist die Einzige, die Blutopfer erh\u00e4lt; W\u00e4hrend ihres Festes werden ihr zahlreiche schwarze m\u00e4nnliche Tiere geopfert, von der Katze bis zum B\u00fcffel.<\/li>\n<\/ul>\n<ul>\n<li>H\u00f6he: 68 cm<\/li>\n<li>OPP-Gr\u00f6\u00dfe: 50 x 27 cm<\/li>\n<li>Farbe: Schwarz\/Grau<\/li>\n<li>Hochwertiger Kunststein<\/li>\n<li>Geeignet f\u00fcr den Innen- und Au\u00dfenbereich<\/li>\n<li>Handgefertigt<\/li>\n<li>Schnell geliefert<\/li>\n<li><strong>Viele dieser Serien k\u00f6nnen auch in unserem Shop besichtigt werden<\/strong><\/li>\n<\/ul>\n<p><strong><iframe loading=\"lazy\" src=\"\/\/www.youtube.com\/embed\/S0gTFnsRDJg\" width=\"560\" height=\"314\" allowfullscreen=\"allowfullscreen\"><\/iframe><\/strong><\/p>\n","protected":false},"excerpt":{"rendered":"<p>\u2713 123x85x240cm hoch \u2713 Hochwertiger Kunststein<\/p>\n","protected":false},"featured_media":5680,"template":"","meta":{"_acf_changed":false},"product_brand":[6916],"product_cat":[677,686,7239],"product_tag":[],"class_list":{"0":"post-5689","1":"product","2":"type-product","3":"status-publish","4":"has-post-thumbnail","6":"product_brand-eliassen-de","7":"product_cat-betonstatuen","8":"product_cat-hinduistische-bilder","9":"product_cat-statuen-skulpturen","11":"first","12":"instock","13":"sale","14":"taxable","15":"shipping-taxable","16":"purchasable","17":"product-type-simple"},"acf":[],"yoast_head":"<!-- This site is optimized with the Yoast SEO plugin v23.8 - https:\/\/yoast.com\/wordpress\/plugins\/seo\/ -->\n<title>Shiva-Statue Super gro\u00df | Eliassen<\/title>\n<meta name=\"description\" content=\"Bei Eliassen k\u00f6nnen Sie die Shiva Statue Super large online kaufen oder live im Showroom ansehen. Wir haben die sch\u00f6nsten Steinstatuen, Hindu-Statuen\" \/>\n<meta name=\"robots\" content=\"noindex, follow, max-snippet:-1, max-image-preview:large, max-video-preview:-1\" \/>\n<meta property=\"og:locale\" content=\"de_DE\" \/>\n<meta property=\"og:type\" content=\"article\" \/>\n<meta property=\"og:title\" content=\"Shiva-Statue Super gro\u00df | Eliassen\" \/>\n<meta property=\"og:description\" content=\"Bei Eliassen k\u00f6nnen Sie die Shiva Statue Super large online kaufen oder live im Showroom ansehen. Wir haben die sch\u00f6nsten Steinstatuen, Hindu-Statuen\" \/>\n<meta property=\"og:url\" content=\"https:\/\/dev.eliassen.nl\/de\/shiva-statue-super-gross\/\" \/>\n<meta property=\"og:site_name\" content=\"Eliassen.nl\" \/>\n<meta property=\"article:publisher\" content=\"https:\/\/www.facebook.com\/TuincentrumEliassenAmmerzoden\" \/>\n<meta property=\"article:modified_time\" content=\"2024-12-05T14:11:42+00:00\" \/>\n<meta property=\"og:image\" content=\"https:\/\/dev.eliassen.nl\/wp-content\/uploads\/2024\/01\/mijnproject71.png\" \/>\n\t<meta property=\"og:image:width\" content=\"750\" \/>\n\t<meta property=\"og:image:height\" content=\"1000\" \/>\n\t<meta property=\"og:image:type\" content=\"image\/png\" \/>\n<meta name=\"twitter:card\" content=\"summary_large_image\" \/>\n<script type=\"application\/ld+json\" class=\"yoast-schema-graph\">{\"@context\":\"https:\/\/schema.org\",\"@graph\":[{\"@type\":\"WebPage\",\"@id\":\"https:\/\/dev.eliassen.nl\/de\/shiva-statue-super-gross\/\",\"url\":\"https:\/\/dev.eliassen.nl\/de\/shiva-statue-super-gross\/\",\"name\":\"Shiva-Statue Super gro\u00df | Eliassen\",\"isPartOf\":{\"@id\":\"https:\/\/dev.eliassen.nl\/de\/#website\"},\"primaryImageOfPage\":{\"@id\":\"https:\/\/dev.eliassen.nl\/de\/shiva-statue-super-gross\/#primaryimage\"},\"image\":{\"@id\":\"https:\/\/dev.eliassen.nl\/de\/shiva-statue-super-gross\/#primaryimage\"},\"thumbnailUrl\":\"https:\/\/dev.eliassen.nl\/wp-content\/uploads\/2024\/01\/mijnproject71.png\",\"datePublished\":\"2019-10-28T14:53:21+00:00\",\"dateModified\":\"2024-12-05T14:11:42+00:00\",\"description\":\"Bei Eliassen k\u00f6nnen Sie die Shiva Statue Super large online kaufen oder live im Showroom ansehen. Wir haben die sch\u00f6nsten Steinstatuen, Hindu-Statuen\",\"breadcrumb\":{\"@id\":\"https:\/\/dev.eliassen.nl\/de\/shiva-statue-super-gross\/#breadcrumb\"},\"inLanguage\":\"de\",\"potentialAction\":[{\"@type\":\"ReadAction\",\"target\":[\"https:\/\/dev.eliassen.nl\/de\/shiva-statue-super-gross\/\"]}]},{\"@type\":\"ImageObject\",\"inLanguage\":\"de\",\"@id\":\"https:\/\/dev.eliassen.nl\/de\/shiva-statue-super-gross\/#primaryimage\",\"url\":\"https:\/\/dev.eliassen.nl\/wp-content\/uploads\/2024\/01\/mijnproject71.png\",\"contentUrl\":\"https:\/\/dev.eliassen.nl\/wp-content\/uploads\/2024\/01\/mijnproject71.png\",\"width\":750,\"height\":1000,\"caption\":\"Mijn project (71)\"},{\"@type\":\"BreadcrumbList\",\"@id\":\"https:\/\/dev.eliassen.nl\/de\/shiva-statue-super-gross\/#breadcrumb\",\"itemListElement\":[{\"@type\":\"ListItem\",\"position\":1,\"name\":\"Home\",\"item\":\"https:\/\/dev.eliassen.nl\/de\/\"},{\"@type\":\"ListItem\",\"position\":2,\"name\":\"Shop\",\"item\":\"https:\/\/dev.eliassen.nl\/nl\/winkel\/\"},{\"@type\":\"ListItem\",\"position\":3,\"name\":\"Statuen-Skulpturen\",\"item\":\"https:\/\/dev.eliassen.nl\/de\/statuen-skulpturen\/\"},{\"@type\":\"ListItem\",\"position\":4,\"name\":\"Betonstatuen\",\"item\":\"https:\/\/dev.eliassen.nl\/de\/bilder\/betonstatuen\/\"},{\"@type\":\"ListItem\",\"position\":5,\"name\":\"Hinduistische Bilder\",\"item\":\"https:\/\/dev.eliassen.nl\/de\/bilder\/betonstatuen\/hinduistische-bilder\/\"},{\"@type\":\"ListItem\",\"position\":6,\"name\":\"Shiva-Statue Supergro\u00df 240cm\"}]},{\"@type\":\"WebSite\",\"@id\":\"https:\/\/dev.eliassen.nl\/de\/#website\",\"url\":\"https:\/\/dev.eliassen.nl\/de\/\",\"name\":\"Eliassen Home & Garden Pleasure\",\"description\":\"\",\"publisher\":{\"@id\":\"https:\/\/dev.eliassen.nl\/de\/#organization\"},\"alternateName\":\"Eliassen.nl\",\"potentialAction\":[{\"@type\":\"SearchAction\",\"target\":{\"@type\":\"EntryPoint\",\"urlTemplate\":\"https:\/\/dev.eliassen.nl\/de\/?s={search_term_string}\"},\"query-input\":{\"@type\":\"PropertyValueSpecification\",\"valueRequired\":true,\"valueName\":\"search_term_string\"}}],\"inLanguage\":\"de\"},{\"@type\":\"Organization\",\"@id\":\"https:\/\/dev.eliassen.nl\/de\/#organization\",\"name\":\"Eliassen Home & Garden Pleasure\",\"url\":\"https:\/\/dev.eliassen.nl\/de\/\",\"logo\":{\"@type\":\"ImageObject\",\"inLanguage\":\"de\",\"@id\":\"https:\/\/dev.eliassen.nl\/de\/#\/schema\/logo\/image\/\",\"url\":\"https:\/\/www.eliassen.nl\/wp-content\/uploads\/2024\/01\/logo_4nd.jpg\",\"contentUrl\":\"https:\/\/www.eliassen.nl\/wp-content\/uploads\/2024\/01\/logo_4nd.jpg\",\"width\":500,\"height\":500,\"caption\":\"Eliassen Home & Garden Pleasure\"},\"image\":{\"@id\":\"https:\/\/dev.eliassen.nl\/de\/#\/schema\/logo\/image\/\"},\"sameAs\":[\"https:\/\/www.facebook.com\/TuincentrumEliassenAmmerzoden\",\"https:\/\/www.instagram.com\/eliassenhomeandgarden\/\",\"https:\/\/nl.pinterest.com\/eliassenhomeandgarden\/\",\"https:\/\/www.youtube.com\/@eliassenhomegardenpleasure4558\"]}]}<\/script>\n<!-- \/ Yoast SEO plugin. -->","yoast_head_json":{"title":"Shiva-Statue Super gro\u00df | Eliassen","description":"Bei Eliassen k\u00f6nnen Sie die Shiva Statue Super large online kaufen oder live im Showroom ansehen. Wir haben die sch\u00f6nsten Steinstatuen, Hindu-Statuen","robots":{"index":"noindex","follow":"follow","max-snippet":"max-snippet:-1","max-image-preview":"max-image-preview:large","max-video-preview":"max-video-preview:-1"},"og_locale":"de_DE","og_type":"article","og_title":"Shiva-Statue Super gro\u00df | Eliassen","og_description":"Bei Eliassen k\u00f6nnen Sie die Shiva Statue Super large online kaufen oder live im Showroom ansehen. Wir haben die sch\u00f6nsten Steinstatuen, Hindu-Statuen","og_url":"https:\/\/dev.eliassen.nl\/de\/shiva-statue-super-gross\/","og_site_name":"Eliassen.nl","article_publisher":"https:\/\/www.facebook.com\/TuincentrumEliassenAmmerzoden","article_modified_time":"2024-12-05T14:11:42+00:00","og_image":[{"width":750,"height":1000,"url":"https:\/\/dev.eliassen.nl\/wp-content\/uploads\/2024\/01\/mijnproject71.png","type":"image\/png"}],"twitter_card":"summary_large_image","schema":{"@context":"https:\/\/schema.org","@graph":[{"@type":"WebPage","@id":"https:\/\/dev.eliassen.nl\/de\/shiva-statue-super-gross\/","url":"https:\/\/dev.eliassen.nl\/de\/shiva-statue-super-gross\/","name":"Shiva-Statue Super gro\u00df | Eliassen","isPartOf":{"@id":"https:\/\/dev.eliassen.nl\/de\/#website"},"primaryImageOfPage":{"@id":"https:\/\/dev.eliassen.nl\/de\/shiva-statue-super-gross\/#primaryimage"},"image":{"@id":"https:\/\/dev.eliassen.nl\/de\/shiva-statue-super-gross\/#primaryimage"},"thumbnailUrl":"https:\/\/dev.eliassen.nl\/wp-content\/uploads\/2024\/01\/mijnproject71.png","datePublished":"2019-10-28T14:53:21+00:00","dateModified":"2024-12-05T14:11:42+00:00","description":"Bei Eliassen k\u00f6nnen Sie die Shiva Statue Super large online kaufen oder live im Showroom ansehen. Wir haben die sch\u00f6nsten Steinstatuen, Hindu-Statuen","breadcrumb":{"@id":"https:\/\/dev.eliassen.nl\/de\/shiva-statue-super-gross\/#breadcrumb"},"inLanguage":"de","potentialAction":[{"@type":"ReadAction","target":["https:\/\/dev.eliassen.nl\/de\/shiva-statue-super-gross\/"]}]},{"@type":"ImageObject","inLanguage":"de","@id":"https:\/\/dev.eliassen.nl\/de\/shiva-statue-super-gross\/#primaryimage","url":"https:\/\/dev.eliassen.nl\/wp-content\/uploads\/2024\/01\/mijnproject71.png","contentUrl":"https:\/\/dev.eliassen.nl\/wp-content\/uploads\/2024\/01\/mijnproject71.png","width":750,"height":1000,"caption":"Mijn project (71)"},{"@type":"BreadcrumbList","@id":"https:\/\/dev.eliassen.nl\/de\/shiva-statue-super-gross\/#breadcrumb","itemListElement":[{"@type":"ListItem","position":1,"name":"Home","item":"https:\/\/dev.eliassen.nl\/de\/"},{"@type":"ListItem","position":2,"name":"Shop","item":"https:\/\/dev.eliassen.nl\/nl\/winkel\/"},{"@type":"ListItem","position":3,"name":"Statuen-Skulpturen","item":"https:\/\/dev.eliassen.nl\/de\/statuen-skulpturen\/"},{"@type":"ListItem","position":4,"name":"Betonstatuen","item":"https:\/\/dev.eliassen.nl\/de\/bilder\/betonstatuen\/"},{"@type":"ListItem","position":5,"name":"Hinduistische Bilder","item":"https:\/\/dev.eliassen.nl\/de\/bilder\/betonstatuen\/hinduistische-bilder\/"},{"@type":"ListItem","position":6,"name":"Shiva-Statue Supergro\u00df 240cm"}]},{"@type":"WebSite","@id":"https:\/\/dev.eliassen.nl\/de\/#website","url":"https:\/\/dev.eliassen.nl\/de\/","name":"Eliassen Home & Garden Pleasure","description":"","publisher":{"@id":"https:\/\/dev.eliassen.nl\/de\/#organization"},"alternateName":"Eliassen.nl","potentialAction":[{"@type":"SearchAction","target":{"@type":"EntryPoint","urlTemplate":"https:\/\/dev.eliassen.nl\/de\/?s={search_term_string}"},"query-input":{"@type":"PropertyValueSpecification","valueRequired":true,"valueName":"search_term_string"}}],"inLanguage":"de"},{"@type":"Organization","@id":"https:\/\/dev.eliassen.nl\/de\/#organization","name":"Eliassen Home & Garden Pleasure","url":"https:\/\/dev.eliassen.nl\/de\/","logo":{"@type":"ImageObject","inLanguage":"de","@id":"https:\/\/dev.eliassen.nl\/de\/#\/schema\/logo\/image\/","url":"https:\/\/www.eliassen.nl\/wp-content\/uploads\/2024\/01\/logo_4nd.jpg","contentUrl":"https:\/\/www.eliassen.nl\/wp-content\/uploads\/2024\/01\/logo_4nd.jpg","width":500,"height":500,"caption":"Eliassen Home & Garden Pleasure"},"image":{"@id":"https:\/\/dev.eliassen.nl\/de\/#\/schema\/logo\/image\/"},"sameAs":["https:\/\/www.facebook.com\/TuincentrumEliassenAmmerzoden","https:\/\/www.instagram.com\/eliassenhomeandgarden\/","https:\/\/nl.pinterest.com\/eliassenhomeandgarden\/","https:\/\/www.youtube.com\/@eliassenhomegardenpleasure4558"]}]}},"df_price":950,"df_sale_price":950,"df_regular_price":4200,"df_image_link":"https:\/\/dev.eliassen.nl\/wp-content\/uploads\/2024\/01\/mijnproject71.png","image":"https:\/\/dev.eliassen.nl\/wp-content\/uploads\/2024\/01\/mijnproject71.png","price_search":"<span class=\"woocommerce-Price-amount amount\"><bdi><span class=\"woocommerce-Price-currencySymbol\">&euro;<\/span>&nbsp;950,00<\/bdi><\/span>","category":"Betonstatuen","_links":{"self":[{"href":"https:\/\/dev.eliassen.nl\/de\/wp-json\/wp\/v2\/product\/5689","targetHints":{"allow":["GET"]}}],"collection":[{"href":"https:\/\/dev.eliassen.nl\/de\/wp-json\/wp\/v2\/product"}],"about":[{"href":"https:\/\/dev.eliassen.nl\/de\/wp-json\/wp\/v2\/types\/product"}],"wp:featuredmedia":[{"embeddable":true,"href":"https:\/\/dev.eliassen.nl\/de\/wp-json\/wp\/v2\/media\/5680"}],"wp:attachment":[{"href":"https:\/\/dev.eliassen.nl\/de\/wp-json\/wp\/v2\/media?parent=5689"}],"wp:term":[{"taxonomy":"product_brand","embeddable":true,"href":"https:\/\/dev.eliassen.nl\/de\/wp-json\/wp\/v2\/product_brand?post=5689"},{"taxonomy":"product_cat","embeddable":true,"href":"https:\/\/dev.eliassen.nl\/de\/wp-json\/wp\/v2\/product_cat?post=5689"},{"taxonomy":"product_tag","embeddable":true,"href":"https:\/\/dev.eliassen.nl\/de\/wp-json\/wp\/v2\/product_tag?post=5689"}],"curies":[{"name":"wp","href":"https:\/\/api.w.org\/{rel}","templated":true}]}}