{"id":5725,"date":"2019-10-28T15:53:25","date_gmt":"2019-10-28T14:53:25","guid":{"rendered":"https:\/\/www.eliassen.nl\/?product=buddha-wandrelief-wasserspiel-gross-copy"},"modified":"2024-12-05T15:11:44","modified_gmt":"2024-12-05T14:11:44","slug":"grosses-wandrelief-genesha-wasserspiel","status":"publish","type":"product","link":"https:\/\/dev.eliassen.nl\/de\/grosses-wandrelief-genesha-wasserspiel\/","title":{"rendered":"Gro\u00dfes Wandrelief Genesha Wasserspiel"},"content":{"rendered":"<p><strong>Dies ist ein separates Ornament. Bitte erkundigen Sie sich nach weiteren ben\u00f6tigten Teilen.<\/strong><\/p>\n<p>Wanddekoration, wundersch\u00f6n detaillierte Form eines Ganesha. Aus Kunststein in Schwarzbraun.<br \/>Die Gr\u00f6\u00dfe betr\u00e4gt mindestens 90 cm Breite x 25 cm Tiefe x 120 cm H\u00f6he. Auch ohne Wasser als Wandobjekt verwendbar. F\u00fcr weitere Erl\u00e4uterungen rufen Sie uns bitte an.<\/p>\n<ul>\n<li>H\u00f6he: 120 cm<\/li>\n<li>OPP-Gr\u00f6\u00dfe: 90 x 25 cm<\/li>\n<li>Farbe: schwarz\/braun<\/li>\n<li>Hochwertiger Kunststein<\/li>\n<li>Geeignet f\u00fcr den Innen- und Au\u00dfenbereich<\/li>\n<li>Handgefertigt<\/li>\n<li>Schnell geliefert<\/li>\n<li><strong>Viele dieser Serien k\u00f6nnen auch in unserem Shop besichtigt werden<\/strong><\/li>\n<\/ul>\n<p>Aufgrund eines tragischen Missverst\u00e4ndnisses hat Ganesha seinen Elefantenkopf verloren. An einem Tag, an dem Shiva (Vater) das Haus verl\u00e4sst, stellt Parvati (Mutter) ihrem Sohn Ganesha aus Hautschuppen und \u00d6len her. Als Shiva nach Hause kam, versperrte ihm der erwachende Ganesha den Weg. Shiva glaubte, es mit einem Rivalen zu tun zu haben und schnitt ihm den Kopf ab. Parvati war untr\u00f6stlich.<\/p>\n<p>Die Diener wurden angewiesen, bei Bedarf aus dem ersten Lebewesen, dem sie begegneten, einen neuen Kopf f\u00fcr den Ungl\u00fccklichen zu finden. Es stellte sich heraus, dass es sich um einen Elefanten handelte, sodass der Torso von Ganesha aus dem Kopf eines Elefanten besteht. So wurde er wieder lebendig, musste aber sein Leben mit einem neugierigen Geist verbringen.<\/p>\n<p>Ganesha wird oft als W\u00e4chter dargestellt. In seinen vier H\u00e4nden tr\u00e4gt er dann einen Stock oder eine Axt. Mit der Axt zerhackt er falsche Illusionen, mit dem Stock will er sie kontrollieren. In seiner Figur steckt eine interessantere Symbolik, wie es bei den meisten hinduistischen G\u00f6ttern der Fall ist.<\/p>\n<p>Dargestellt ist beispielsweise eine Seerose, die Ganeshas Furchtlosigkeit und Reinheit symbolisiert. Einer seiner Sto\u00dfz\u00e4hne ist manchmal gebrochen. Dies zeigt, dass selbst G\u00f6tter nicht perfekt sind. In einer seiner H\u00e4nde, oft Reis, ist ein Zeichen des \u00dcberflusses. Seine Krone ist nat\u00fcrlich ein Zeichen der Heiligkeit, und seine kleinen Augen symbolisieren das Bed\u00fcrfnis, nach innen zu schauen und sich selbst zu verstehen. Der Berg Ganesha ist eine Ratte, was zeigt, dass Gro\u00df und Klein in Frieden miteinander leben k\u00f6nnen.<br \/>Ganesha ist der Gott der Weisheit, der Gl\u00fccks- und Schutzbringer ist. Zu Beginn jeder Reise, jedes Rituals und jedes Gro\u00dfereignisses wird zun\u00e4chst Ganesha angerufen und verehrt.<\/p>\n<p><iframe loading=\"lazy\" src=\"\/\/www.youtube.com\/embed\/S0gTFnsRDJg\" width=\"560\" height=\"314\" allowfullscreen=\"allowfullscreen\"><\/iframe><\/p>\n","protected":false},"excerpt":{"rendered":"<p>Dies ist ein separates Ornament. Bitte erkundigen Sie sich nach weiteren ben\u00f6tigten Teilen.<\/p>\n","protected":false},"featured_media":5716,"template":"","meta":{"_acf_changed":false},"product_brand":[6916],"product_cat":[677,563,539,686,551,7076,572,536],"product_tag":[],"class_list":{"0":"post-5725","1":"product","2":"type-product","3":"status-publish","4":"has-post-thumbnail","6":"product_brand-eliassen-de","7":"product_cat-betonstatuen","8":"product_cat-buddha-brunnen","9":"product_cat-einzigartige-eigene-modelle-von-losen-wasserspiele","10":"product_cat-hinduistische-bilder","11":"product_cat-lose-wasserspiele","12":"product_cat-statues-figures","13":"product_cat-wandbrunnen","14":"product_cat-wassereigenschaften","16":"first","17":"instock","18":"taxable","19":"shipping-taxable","20":"purchasable","21":"product-type-simple"},"acf":[],"yoast_head":"<!-- This site is optimized with the Yoast SEO plugin v23.8 - https:\/\/yoast.com\/wordpress\/plugins\/seo\/ -->\n<title>Gro\u00dfes Wandrelief Genesha Wasserspiel | Eliassen.nl<\/title>\n<meta name=\"description\" content=\"Ein gro\u00dfes Wandornament aus Kunststein, auch ohne Wasser als Wandobjekt verwendbar. Dieses Wandrelief kann auch LIVE in unserem Showroom besichtigt werden!\" \/>\n<meta name=\"robots\" content=\"noindex, follow, max-snippet:-1, max-image-preview:large, max-video-preview:-1\" \/>\n<meta property=\"og:locale\" content=\"de_DE\" \/>\n<meta property=\"og:type\" content=\"article\" \/>\n<meta property=\"og:title\" content=\"Gro\u00dfes Wandrelief Genesha Wasserspiel | Eliassen.nl\" \/>\n<meta property=\"og:description\" content=\"Ein gro\u00dfes Wandornament aus Kunststein, auch ohne Wasser als Wandobjekt verwendbar. Dieses Wandrelief kann auch LIVE in unserem Showroom besichtigt werden!\" \/>\n<meta property=\"og:url\" content=\"https:\/\/dev.eliassen.nl\/de\/grosses-wandrelief-genesha-wasserspiel\/\" \/>\n<meta property=\"og:site_name\" content=\"Eliassen.nl\" \/>\n<meta property=\"article:publisher\" content=\"https:\/\/www.facebook.com\/TuincentrumEliassenAmmerzoden\" \/>\n<meta property=\"article:modified_time\" content=\"2024-12-05T14:11:44+00:00\" \/>\n<meta property=\"og:image\" content=\"https:\/\/dev.eliassen.nl\/wp-content\/uploads\/2024\/01\/mijnproject14.png\" \/>\n\t<meta property=\"og:image:width\" content=\"830\" \/>\n\t<meta property=\"og:image:height\" content=\"1000\" \/>\n\t<meta property=\"og:image:type\" content=\"image\/png\" \/>\n<meta name=\"twitter:card\" content=\"summary_large_image\" \/>\n<script type=\"application\/ld+json\" class=\"yoast-schema-graph\">{\"@context\":\"https:\/\/schema.org\",\"@graph\":[{\"@type\":\"WebPage\",\"@id\":\"https:\/\/dev.eliassen.nl\/de\/grosses-wandrelief-genesha-wasserspiel\/\",\"url\":\"https:\/\/dev.eliassen.nl\/de\/grosses-wandrelief-genesha-wasserspiel\/\",\"name\":\"Gro\u00dfes Wandrelief Genesha Wasserspiel | Eliassen.nl\",\"isPartOf\":{\"@id\":\"https:\/\/dev.eliassen.nl\/de\/#website\"},\"primaryImageOfPage\":{\"@id\":\"https:\/\/dev.eliassen.nl\/de\/grosses-wandrelief-genesha-wasserspiel\/#primaryimage\"},\"image\":{\"@id\":\"https:\/\/dev.eliassen.nl\/de\/grosses-wandrelief-genesha-wasserspiel\/#primaryimage\"},\"thumbnailUrl\":\"https:\/\/dev.eliassen.nl\/wp-content\/uploads\/2024\/01\/mijnproject14.png\",\"datePublished\":\"2019-10-28T14:53:25+00:00\",\"dateModified\":\"2024-12-05T14:11:44+00:00\",\"description\":\"Ein gro\u00dfes Wandornament aus Kunststein, auch ohne Wasser als Wandobjekt verwendbar. Dieses Wandrelief kann auch LIVE in unserem Showroom besichtigt werden!\",\"breadcrumb\":{\"@id\":\"https:\/\/dev.eliassen.nl\/de\/grosses-wandrelief-genesha-wasserspiel\/#breadcrumb\"},\"inLanguage\":\"de\",\"potentialAction\":[{\"@type\":\"ReadAction\",\"target\":[\"https:\/\/dev.eliassen.nl\/de\/grosses-wandrelief-genesha-wasserspiel\/\"]}]},{\"@type\":\"ImageObject\",\"inLanguage\":\"de\",\"@id\":\"https:\/\/dev.eliassen.nl\/de\/grosses-wandrelief-genesha-wasserspiel\/#primaryimage\",\"url\":\"https:\/\/dev.eliassen.nl\/wp-content\/uploads\/2024\/01\/mijnproject14.png\",\"contentUrl\":\"https:\/\/dev.eliassen.nl\/wp-content\/uploads\/2024\/01\/mijnproject14.png\",\"width\":830,\"height\":1000,\"caption\":\"Mijn project (14)\"},{\"@type\":\"BreadcrumbList\",\"@id\":\"https:\/\/dev.eliassen.nl\/de\/grosses-wandrelief-genesha-wasserspiel\/#breadcrumb\",\"itemListElement\":[{\"@type\":\"ListItem\",\"position\":1,\"name\":\"Home\",\"item\":\"https:\/\/dev.eliassen.nl\/de\/\"},{\"@type\":\"ListItem\",\"position\":2,\"name\":\"Shop\",\"item\":\"https:\/\/dev.eliassen.nl\/nl\/winkel\/\"},{\"@type\":\"ListItem\",\"position\":3,\"name\":\"Statuen-Skulpturen\",\"item\":\"https:\/\/dev.eliassen.nl\/de\/statuen-skulpturen\/\"},{\"@type\":\"ListItem\",\"position\":4,\"name\":\"Betonstatuen\",\"item\":\"https:\/\/dev.eliassen.nl\/de\/bilder\/betonstatuen\/\"},{\"@type\":\"ListItem\",\"position\":5,\"name\":\"Hinduistische Bilder\",\"item\":\"https:\/\/dev.eliassen.nl\/de\/bilder\/betonstatuen\/hinduistische-bilder\/\"},{\"@type\":\"ListItem\",\"position\":6,\"name\":\"Gro\u00dfes Wandrelief Genesha Wasserspiel\"}]},{\"@type\":\"WebSite\",\"@id\":\"https:\/\/dev.eliassen.nl\/de\/#website\",\"url\":\"https:\/\/dev.eliassen.nl\/de\/\",\"name\":\"Eliassen Home & Garden Pleasure\",\"description\":\"\",\"publisher\":{\"@id\":\"https:\/\/dev.eliassen.nl\/de\/#organization\"},\"alternateName\":\"Eliassen.nl\",\"potentialAction\":[{\"@type\":\"SearchAction\",\"target\":{\"@type\":\"EntryPoint\",\"urlTemplate\":\"https:\/\/dev.eliassen.nl\/de\/?s={search_term_string}\"},\"query-input\":{\"@type\":\"PropertyValueSpecification\",\"valueRequired\":true,\"valueName\":\"search_term_string\"}}],\"inLanguage\":\"de\"},{\"@type\":\"Organization\",\"@id\":\"https:\/\/dev.eliassen.nl\/de\/#organization\",\"name\":\"Eliassen Home & Garden Pleasure\",\"url\":\"https:\/\/dev.eliassen.nl\/de\/\",\"logo\":{\"@type\":\"ImageObject\",\"inLanguage\":\"de\",\"@id\":\"https:\/\/dev.eliassen.nl\/de\/#\/schema\/logo\/image\/\",\"url\":\"https:\/\/www.eliassen.nl\/wp-content\/uploads\/2024\/01\/logo_4nd.jpg\",\"contentUrl\":\"https:\/\/www.eliassen.nl\/wp-content\/uploads\/2024\/01\/logo_4nd.jpg\",\"width\":500,\"height\":500,\"caption\":\"Eliassen Home & Garden Pleasure\"},\"image\":{\"@id\":\"https:\/\/dev.eliassen.nl\/de\/#\/schema\/logo\/image\/\"},\"sameAs\":[\"https:\/\/www.facebook.com\/TuincentrumEliassenAmmerzoden\",\"https:\/\/www.instagram.com\/eliassenhomeandgarden\/\",\"https:\/\/nl.pinterest.com\/eliassenhomeandgarden\/\",\"https:\/\/www.youtube.com\/@eliassenhomegardenpleasure4558\"]}]}<\/script>\n<!-- \/ Yoast SEO plugin. -->","yoast_head_json":{"title":"Gro\u00dfes Wandrelief Genesha Wasserspiel | Eliassen.nl","description":"Ein gro\u00dfes Wandornament aus Kunststein, auch ohne Wasser als Wandobjekt verwendbar. Dieses Wandrelief kann auch LIVE in unserem Showroom besichtigt werden!","robots":{"index":"noindex","follow":"follow","max-snippet":"max-snippet:-1","max-image-preview":"max-image-preview:large","max-video-preview":"max-video-preview:-1"},"og_locale":"de_DE","og_type":"article","og_title":"Gro\u00dfes Wandrelief Genesha Wasserspiel | Eliassen.nl","og_description":"Ein gro\u00dfes Wandornament aus Kunststein, auch ohne Wasser als Wandobjekt verwendbar. Dieses Wandrelief kann auch LIVE in unserem Showroom besichtigt werden!","og_url":"https:\/\/dev.eliassen.nl\/de\/grosses-wandrelief-genesha-wasserspiel\/","og_site_name":"Eliassen.nl","article_publisher":"https:\/\/www.facebook.com\/TuincentrumEliassenAmmerzoden","article_modified_time":"2024-12-05T14:11:44+00:00","og_image":[{"width":830,"height":1000,"url":"https:\/\/dev.eliassen.nl\/wp-content\/uploads\/2024\/01\/mijnproject14.png","type":"image\/png"}],"twitter_card":"summary_large_image","schema":{"@context":"https:\/\/schema.org","@graph":[{"@type":"WebPage","@id":"https:\/\/dev.eliassen.nl\/de\/grosses-wandrelief-genesha-wasserspiel\/","url":"https:\/\/dev.eliassen.nl\/de\/grosses-wandrelief-genesha-wasserspiel\/","name":"Gro\u00dfes Wandrelief Genesha Wasserspiel | Eliassen.nl","isPartOf":{"@id":"https:\/\/dev.eliassen.nl\/de\/#website"},"primaryImageOfPage":{"@id":"https:\/\/dev.eliassen.nl\/de\/grosses-wandrelief-genesha-wasserspiel\/#primaryimage"},"image":{"@id":"https:\/\/dev.eliassen.nl\/de\/grosses-wandrelief-genesha-wasserspiel\/#primaryimage"},"thumbnailUrl":"https:\/\/dev.eliassen.nl\/wp-content\/uploads\/2024\/01\/mijnproject14.png","datePublished":"2019-10-28T14:53:25+00:00","dateModified":"2024-12-05T14:11:44+00:00","description":"Ein gro\u00dfes Wandornament aus Kunststein, auch ohne Wasser als Wandobjekt verwendbar. Dieses Wandrelief kann auch LIVE in unserem Showroom besichtigt werden!","breadcrumb":{"@id":"https:\/\/dev.eliassen.nl\/de\/grosses-wandrelief-genesha-wasserspiel\/#breadcrumb"},"inLanguage":"de","potentialAction":[{"@type":"ReadAction","target":["https:\/\/dev.eliassen.nl\/de\/grosses-wandrelief-genesha-wasserspiel\/"]}]},{"@type":"ImageObject","inLanguage":"de","@id":"https:\/\/dev.eliassen.nl\/de\/grosses-wandrelief-genesha-wasserspiel\/#primaryimage","url":"https:\/\/dev.eliassen.nl\/wp-content\/uploads\/2024\/01\/mijnproject14.png","contentUrl":"https:\/\/dev.eliassen.nl\/wp-content\/uploads\/2024\/01\/mijnproject14.png","width":830,"height":1000,"caption":"Mijn project (14)"},{"@type":"BreadcrumbList","@id":"https:\/\/dev.eliassen.nl\/de\/grosses-wandrelief-genesha-wasserspiel\/#breadcrumb","itemListElement":[{"@type":"ListItem","position":1,"name":"Home","item":"https:\/\/dev.eliassen.nl\/de\/"},{"@type":"ListItem","position":2,"name":"Shop","item":"https:\/\/dev.eliassen.nl\/nl\/winkel\/"},{"@type":"ListItem","position":3,"name":"Statuen-Skulpturen","item":"https:\/\/dev.eliassen.nl\/de\/statuen-skulpturen\/"},{"@type":"ListItem","position":4,"name":"Betonstatuen","item":"https:\/\/dev.eliassen.nl\/de\/bilder\/betonstatuen\/"},{"@type":"ListItem","position":5,"name":"Hinduistische Bilder","item":"https:\/\/dev.eliassen.nl\/de\/bilder\/betonstatuen\/hinduistische-bilder\/"},{"@type":"ListItem","position":6,"name":"Gro\u00dfes Wandrelief Genesha Wasserspiel"}]},{"@type":"WebSite","@id":"https:\/\/dev.eliassen.nl\/de\/#website","url":"https:\/\/dev.eliassen.nl\/de\/","name":"Eliassen Home & Garden Pleasure","description":"","publisher":{"@id":"https:\/\/dev.eliassen.nl\/de\/#organization"},"alternateName":"Eliassen.nl","potentialAction":[{"@type":"SearchAction","target":{"@type":"EntryPoint","urlTemplate":"https:\/\/dev.eliassen.nl\/de\/?s={search_term_string}"},"query-input":{"@type":"PropertyValueSpecification","valueRequired":true,"valueName":"search_term_string"}}],"inLanguage":"de"},{"@type":"Organization","@id":"https:\/\/dev.eliassen.nl\/de\/#organization","name":"Eliassen Home & Garden Pleasure","url":"https:\/\/dev.eliassen.nl\/de\/","logo":{"@type":"ImageObject","inLanguage":"de","@id":"https:\/\/dev.eliassen.nl\/de\/#\/schema\/logo\/image\/","url":"https:\/\/www.eliassen.nl\/wp-content\/uploads\/2024\/01\/logo_4nd.jpg","contentUrl":"https:\/\/www.eliassen.nl\/wp-content\/uploads\/2024\/01\/logo_4nd.jpg","width":500,"height":500,"caption":"Eliassen Home & Garden Pleasure"},"image":{"@id":"https:\/\/dev.eliassen.nl\/de\/#\/schema\/logo\/image\/"},"sameAs":["https:\/\/www.facebook.com\/TuincentrumEliassenAmmerzoden","https:\/\/www.instagram.com\/eliassenhomeandgarden\/","https:\/\/nl.pinterest.com\/eliassenhomeandgarden\/","https:\/\/www.youtube.com\/@eliassenhomegardenpleasure4558"]}]}},"df_price":399,"df_sale_price":"","df_regular_price":399,"df_image_link":"https:\/\/dev.eliassen.nl\/wp-content\/uploads\/2024\/01\/mijnproject14.png","image":"https:\/\/dev.eliassen.nl\/wp-content\/uploads\/2024\/01\/mijnproject14.png","price_search":"<span class=\"woocommerce-Price-amount amount\"><bdi><span class=\"woocommerce-Price-currencySymbol\">&euro;<\/span>&nbsp;399,00<\/bdi><\/span>","category":"Betonstatuen","_links":{"self":[{"href":"https:\/\/dev.eliassen.nl\/de\/wp-json\/wp\/v2\/product\/5725","targetHints":{"allow":["GET"]}}],"collection":[{"href":"https:\/\/dev.eliassen.nl\/de\/wp-json\/wp\/v2\/product"}],"about":[{"href":"https:\/\/dev.eliassen.nl\/de\/wp-json\/wp\/v2\/types\/product"}],"wp:featuredmedia":[{"embeddable":true,"href":"https:\/\/dev.eliassen.nl\/de\/wp-json\/wp\/v2\/media\/5716"}],"wp:attachment":[{"href":"https:\/\/dev.eliassen.nl\/de\/wp-json\/wp\/v2\/media?parent=5725"}],"wp:term":[{"taxonomy":"product_brand","embeddable":true,"href":"https:\/\/dev.eliassen.nl\/de\/wp-json\/wp\/v2\/product_brand?post=5725"},{"taxonomy":"product_cat","embeddable":true,"href":"https:\/\/dev.eliassen.nl\/de\/wp-json\/wp\/v2\/product_cat?post=5725"},{"taxonomy":"product_tag","embeddable":true,"href":"https:\/\/dev.eliassen.nl\/de\/wp-json\/wp\/v2\/product_tag?post=5725"}],"curies":[{"name":"wp","href":"https:\/\/api.w.org\/{rel}","templated":true}]}}