{"id":58006,"date":"2021-09-14T23:43:15","date_gmt":"2021-09-14T21:43:15","guid":{"rendered":"https:\/\/www.eliassen.nl\/?product=adezz-vijver-muren-vrij-incl-waterfall-6-125739149"},"modified":"2024-01-16T14:49:43","modified_gmt":"2024-01-16T14:49:43","slug":"adezz-teichwande-kostenlos-inkl-wasserfall-600-vp3-pumpe-cortenstahl-rechteck-150x25x60cm","status":"publish","type":"product","link":"https:\/\/dev.eliassen.nl\/de\/adezz-teichwande-kostenlos-inkl-wasserfall-600-vp3-pumpe-cortenstahl-rechteck-150x25x60cm\/","title":{"rendered":"Adezz Teichw\u00e4nde (kostenlos) (inkl. Wasserfall 600 + VP3 Pumpe) Cortenstahl Rechteck 150x25x60cm"},"content":{"rendered":"<p><a href=\"https:\/\/cdn.adezz.com\/production\/ERP_handleidingen\/Productmodellen\/140\/434\/ADEZZ%20Wasserelemente%20DE.pdf\"><strong><u>Handbuch<\/u><\/strong> <\/a><strong><u>|<\/u> <a href=\"https:\/\/cdn.adezz.com\/production\/ERP_handleidingen\/Producten\/5172\/2795\/VCM2.4.600-Sheet1.pdf\"><u>Skizzieren<\/u><\/a><\/strong><\/p>\n<p><strong><a href=\"https:\/\/www.youtube.com\/watch?v=zdflGbngZCM\" target=\"_blank\" rel=\"noopener\"><img decoding=\"async\" src=\"https:\/\/www.eliassen.nl\/wp-content\/uploads\/content\/youtube-play.png\" alt=\"\" width=\"27\" height=\"27\" \/><\/a><\/strong><strong><a href=\"https:\/\/www.youtube.com\/watch?v=zdflGbngZCM\" target=\"_blank\" rel=\"noopener\">Schau video<\/a><\/strong><\/p>\n<p>Sehr sch\u00f6ne traditionell gefertigte und massiv verarbeitete freie Teichwand aus 2 mm starkem Cortenstahl mit einem Edelstahl-Wasserfall. Diese Teichwand wird hinter dem Teich platziert.<\/p>\n<p>In Kombination mit einem Teichbecken und LED-Beleuchtung schafft diese Teichwand eine magische Atmosph\u00e4re im Dunkeln.<\/p>\n<p>Die Teichwand wird rostfrei geliefert, so dass der Rostvorgang dann beginnt. Dieser Vorgang dauert etwa 5 Monate. Wenn Sie diesen Rostprozess beschleunigen m\u00f6chten, k\u00f6nnen Sie den Rostbeschleuniger verwenden. Sie spr\u00fchen dies gelegentlich auf den Teichtank, danach ist der Rostvorgang innerhalb eines Monats abgeschlossen!<\/p>\n<ul>\n<li>Material: Cortenstahl 2mm<\/li>\n<li>Inklusive Pumpe<\/li>\n<li>5 Jahre Garantie<\/li>\n<\/ul>\n<ul>\n<li>Kostenloser Versand innerhalb der Niederlande<\/li>\n<\/ul>\n<p>Kommen Sie und sehen Sie sich einen gro\u00dfen Teil unserer Kollektion <strong>live<\/strong> in unserem Ausstellungsraum an!<\/p>\n<p>Haben Sie eine Frage zu diesem Produkt? <a href=\"mailto:info@eliassen.nl\">Mailen Sie<\/a> uns und stellen Sie Ihre Frage.<\/p>\n","protected":false},"excerpt":{"rendered":"<p>Rufen Sie uns an oder mailen Sie uns f\u00fcr den besten Preis!<\/p>\n","protected":false},"featured_media":57991,"template":"","meta":{"_acf_changed":false},"product_brand":[6920],"product_cat":[773,1448,536],"product_tag":[],"class_list":{"0":"post-58006","1":"product","2":"type-product","3":"status-publish","4":"has-post-thumbnail","6":"product_brand-adezz-de","7":"product_cat-adezz-produkte","8":"product_cat-teichtroege-adezz","9":"product_cat-wassereigenschaften","11":"first","12":"onbackorder","13":"taxable","14":"shipping-taxable","15":"purchasable","16":"product-type-simple"},"acf":[],"yoast_head":"<!-- This site is optimized with the Yoast SEO plugin v23.8 - https:\/\/yoast.com\/wordpress\/plugins\/seo\/ -->\n<title>Adezz Teichw\u00e4nde (kostenlos) (inkl. Wasserfall 600 + VP3 Pumpe) Cortenstahl Rechteck 150x25x60cm<\/title>\n<meta name=\"robots\" content=\"noindex, follow, max-snippet:-1, max-image-preview:large, max-video-preview:-1\" \/>\n<meta property=\"og:locale\" content=\"de_DE\" \/>\n<meta property=\"og:type\" content=\"article\" \/>\n<meta property=\"og:title\" content=\"Adezz Teichw\u00e4nde (kostenlos) (inkl. Wasserfall 600 + VP3 Pumpe) Cortenstahl Rechteck 150x25x60cm\" \/>\n<meta property=\"og:description\" content=\"Rufen Sie uns an oder mailen Sie uns f\u00fcr den besten Preis!\" \/>\n<meta property=\"og:url\" content=\"https:\/\/dev.eliassen.nl\/de\/adezz-teichwande-kostenlos-inkl-wasserfall-600-vp3-pumpe-cortenstahl-rechteck-150x25x60cm\/\" \/>\n<meta property=\"og:site_name\" content=\"Eliassen.nl\" \/>\n<meta property=\"article:publisher\" content=\"https:\/\/www.facebook.com\/TuincentrumEliassenAmmerzoden\" \/>\n<meta property=\"article:modified_time\" content=\"2024-01-16T14:49:43+00:00\" \/>\n<meta property=\"og:image\" content=\"https:\/\/dev.eliassen.nl\/wp-content\/uploads\/2024\/01\/eliassenvijvermurenvrijcortenstaal_10nd.png\" \/>\n\t<meta property=\"og:image:width\" content=\"699\" \/>\n\t<meta property=\"og:image:height\" content=\"699\" \/>\n\t<meta property=\"og:image:type\" content=\"image\/png\" \/>\n<meta name=\"twitter:card\" content=\"summary_large_image\" \/>\n<script type=\"application\/ld+json\" class=\"yoast-schema-graph\">{\"@context\":\"https:\/\/schema.org\",\"@graph\":[{\"@type\":\"WebPage\",\"@id\":\"https:\/\/dev.eliassen.nl\/de\/adezz-teichwande-kostenlos-inkl-wasserfall-600-vp3-pumpe-cortenstahl-rechteck-150x25x60cm\/\",\"url\":\"https:\/\/dev.eliassen.nl\/de\/adezz-teichwande-kostenlos-inkl-wasserfall-600-vp3-pumpe-cortenstahl-rechteck-150x25x60cm\/\",\"name\":\"Adezz Teichw\u00e4nde (kostenlos) (inkl. Wasserfall 600 + VP3 Pumpe) Cortenstahl Rechteck 150x25x60cm\",\"isPartOf\":{\"@id\":\"https:\/\/dev.eliassen.nl\/de\/#website\"},\"primaryImageOfPage\":{\"@id\":\"https:\/\/dev.eliassen.nl\/de\/adezz-teichwande-kostenlos-inkl-wasserfall-600-vp3-pumpe-cortenstahl-rechteck-150x25x60cm\/#primaryimage\"},\"image\":{\"@id\":\"https:\/\/dev.eliassen.nl\/de\/adezz-teichwande-kostenlos-inkl-wasserfall-600-vp3-pumpe-cortenstahl-rechteck-150x25x60cm\/#primaryimage\"},\"thumbnailUrl\":\"https:\/\/dev.eliassen.nl\/wp-content\/uploads\/2024\/01\/eliassenvijvermurenvrijcortenstaal_10nd.png\",\"datePublished\":\"2021-09-14T21:43:15+00:00\",\"dateModified\":\"2024-01-16T14:49:43+00:00\",\"breadcrumb\":{\"@id\":\"https:\/\/dev.eliassen.nl\/de\/adezz-teichwande-kostenlos-inkl-wasserfall-600-vp3-pumpe-cortenstahl-rechteck-150x25x60cm\/#breadcrumb\"},\"inLanguage\":\"de\",\"potentialAction\":[{\"@type\":\"ReadAction\",\"target\":[\"https:\/\/dev.eliassen.nl\/de\/adezz-teichwande-kostenlos-inkl-wasserfall-600-vp3-pumpe-cortenstahl-rechteck-150x25x60cm\/\"]}]},{\"@type\":\"ImageObject\",\"inLanguage\":\"de\",\"@id\":\"https:\/\/dev.eliassen.nl\/de\/adezz-teichwande-kostenlos-inkl-wasserfall-600-vp3-pumpe-cortenstahl-rechteck-150x25x60cm\/#primaryimage\",\"url\":\"https:\/\/dev.eliassen.nl\/wp-content\/uploads\/2024\/01\/eliassenvijvermurenvrijcortenstaal_10nd.png\",\"contentUrl\":\"https:\/\/dev.eliassen.nl\/wp-content\/uploads\/2024\/01\/eliassenvijvermurenvrijcortenstaal_10nd.png\",\"width\":699,\"height\":699,\"caption\":\"Eliassen Vijver Muren (Vrij) Cortenstaal\"},{\"@type\":\"BreadcrumbList\",\"@id\":\"https:\/\/dev.eliassen.nl\/de\/adezz-teichwande-kostenlos-inkl-wasserfall-600-vp3-pumpe-cortenstahl-rechteck-150x25x60cm\/#breadcrumb\",\"itemListElement\":[{\"@type\":\"ListItem\",\"position\":1,\"name\":\"Home\",\"item\":\"https:\/\/dev.eliassen.nl\/de\/\"},{\"@type\":\"ListItem\",\"position\":2,\"name\":\"Shop\",\"item\":\"https:\/\/dev.eliassen.nl\/nl\/winkel\/\"},{\"@type\":\"ListItem\",\"position\":3,\"name\":\"Wasserspiele\",\"item\":\"https:\/\/dev.eliassen.nl\/de\/wassereigenschaften\/\"},{\"@type\":\"ListItem\",\"position\":4,\"name\":\"Teichtr\u00f6ge Adezz\",\"item\":\"https:\/\/dev.eliassen.nl\/de\/wassereigenschaften\/teichtroege-adezz\/\"},{\"@type\":\"ListItem\",\"position\":5,\"name\":\"Adezz Teichw\u00e4nde (kostenlos) (inkl. Wasserfall 600 + VP3 Pumpe) Cortenstahl Rechteck 150x25x60cm\"}]},{\"@type\":\"WebSite\",\"@id\":\"https:\/\/dev.eliassen.nl\/de\/#website\",\"url\":\"https:\/\/dev.eliassen.nl\/de\/\",\"name\":\"Eliassen Home & Garden Pleasure\",\"description\":\"\",\"publisher\":{\"@id\":\"https:\/\/dev.eliassen.nl\/de\/#organization\"},\"alternateName\":\"Eliassen.nl\",\"potentialAction\":[{\"@type\":\"SearchAction\",\"target\":{\"@type\":\"EntryPoint\",\"urlTemplate\":\"https:\/\/dev.eliassen.nl\/de\/?s={search_term_string}\"},\"query-input\":{\"@type\":\"PropertyValueSpecification\",\"valueRequired\":true,\"valueName\":\"search_term_string\"}}],\"inLanguage\":\"de\"},{\"@type\":\"Organization\",\"@id\":\"https:\/\/dev.eliassen.nl\/de\/#organization\",\"name\":\"Eliassen Home & Garden Pleasure\",\"url\":\"https:\/\/dev.eliassen.nl\/de\/\",\"logo\":{\"@type\":\"ImageObject\",\"inLanguage\":\"de\",\"@id\":\"https:\/\/dev.eliassen.nl\/de\/#\/schema\/logo\/image\/\",\"url\":\"https:\/\/www.eliassen.nl\/wp-content\/uploads\/2024\/01\/logo_4nd.jpg\",\"contentUrl\":\"https:\/\/www.eliassen.nl\/wp-content\/uploads\/2024\/01\/logo_4nd.jpg\",\"width\":500,\"height\":500,\"caption\":\"Eliassen Home & Garden Pleasure\"},\"image\":{\"@id\":\"https:\/\/dev.eliassen.nl\/de\/#\/schema\/logo\/image\/\"},\"sameAs\":[\"https:\/\/www.facebook.com\/TuincentrumEliassenAmmerzoden\",\"https:\/\/www.instagram.com\/eliassenhomeandgarden\/\",\"https:\/\/nl.pinterest.com\/eliassenhomeandgarden\/\",\"https:\/\/www.youtube.com\/@eliassenhomegardenpleasure4558\"]}]}<\/script>\n<!-- \/ Yoast SEO plugin. -->","yoast_head_json":{"title":"Adezz Teichw\u00e4nde (kostenlos) (inkl. Wasserfall 600 + VP3 Pumpe) Cortenstahl Rechteck 150x25x60cm","robots":{"index":"noindex","follow":"follow","max-snippet":"max-snippet:-1","max-image-preview":"max-image-preview:large","max-video-preview":"max-video-preview:-1"},"og_locale":"de_DE","og_type":"article","og_title":"Adezz Teichw\u00e4nde (kostenlos) (inkl. Wasserfall 600 + VP3 Pumpe) Cortenstahl Rechteck 150x25x60cm","og_description":"Rufen Sie uns an oder mailen Sie uns f\u00fcr den besten Preis!","og_url":"https:\/\/dev.eliassen.nl\/de\/adezz-teichwande-kostenlos-inkl-wasserfall-600-vp3-pumpe-cortenstahl-rechteck-150x25x60cm\/","og_site_name":"Eliassen.nl","article_publisher":"https:\/\/www.facebook.com\/TuincentrumEliassenAmmerzoden","article_modified_time":"2024-01-16T14:49:43+00:00","og_image":[{"width":699,"height":699,"url":"https:\/\/dev.eliassen.nl\/wp-content\/uploads\/2024\/01\/eliassenvijvermurenvrijcortenstaal_10nd.png","type":"image\/png"}],"twitter_card":"summary_large_image","schema":{"@context":"https:\/\/schema.org","@graph":[{"@type":"WebPage","@id":"https:\/\/dev.eliassen.nl\/de\/adezz-teichwande-kostenlos-inkl-wasserfall-600-vp3-pumpe-cortenstahl-rechteck-150x25x60cm\/","url":"https:\/\/dev.eliassen.nl\/de\/adezz-teichwande-kostenlos-inkl-wasserfall-600-vp3-pumpe-cortenstahl-rechteck-150x25x60cm\/","name":"Adezz Teichw\u00e4nde (kostenlos) (inkl. Wasserfall 600 + VP3 Pumpe) Cortenstahl Rechteck 150x25x60cm","isPartOf":{"@id":"https:\/\/dev.eliassen.nl\/de\/#website"},"primaryImageOfPage":{"@id":"https:\/\/dev.eliassen.nl\/de\/adezz-teichwande-kostenlos-inkl-wasserfall-600-vp3-pumpe-cortenstahl-rechteck-150x25x60cm\/#primaryimage"},"image":{"@id":"https:\/\/dev.eliassen.nl\/de\/adezz-teichwande-kostenlos-inkl-wasserfall-600-vp3-pumpe-cortenstahl-rechteck-150x25x60cm\/#primaryimage"},"thumbnailUrl":"https:\/\/dev.eliassen.nl\/wp-content\/uploads\/2024\/01\/eliassenvijvermurenvrijcortenstaal_10nd.png","datePublished":"2021-09-14T21:43:15+00:00","dateModified":"2024-01-16T14:49:43+00:00","breadcrumb":{"@id":"https:\/\/dev.eliassen.nl\/de\/adezz-teichwande-kostenlos-inkl-wasserfall-600-vp3-pumpe-cortenstahl-rechteck-150x25x60cm\/#breadcrumb"},"inLanguage":"de","potentialAction":[{"@type":"ReadAction","target":["https:\/\/dev.eliassen.nl\/de\/adezz-teichwande-kostenlos-inkl-wasserfall-600-vp3-pumpe-cortenstahl-rechteck-150x25x60cm\/"]}]},{"@type":"ImageObject","inLanguage":"de","@id":"https:\/\/dev.eliassen.nl\/de\/adezz-teichwande-kostenlos-inkl-wasserfall-600-vp3-pumpe-cortenstahl-rechteck-150x25x60cm\/#primaryimage","url":"https:\/\/dev.eliassen.nl\/wp-content\/uploads\/2024\/01\/eliassenvijvermurenvrijcortenstaal_10nd.png","contentUrl":"https:\/\/dev.eliassen.nl\/wp-content\/uploads\/2024\/01\/eliassenvijvermurenvrijcortenstaal_10nd.png","width":699,"height":699,"caption":"Eliassen Vijver Muren (Vrij) Cortenstaal"},{"@type":"BreadcrumbList","@id":"https:\/\/dev.eliassen.nl\/de\/adezz-teichwande-kostenlos-inkl-wasserfall-600-vp3-pumpe-cortenstahl-rechteck-150x25x60cm\/#breadcrumb","itemListElement":[{"@type":"ListItem","position":1,"name":"Home","item":"https:\/\/dev.eliassen.nl\/de\/"},{"@type":"ListItem","position":2,"name":"Shop","item":"https:\/\/dev.eliassen.nl\/nl\/winkel\/"},{"@type":"ListItem","position":3,"name":"Wasserspiele","item":"https:\/\/dev.eliassen.nl\/de\/wassereigenschaften\/"},{"@type":"ListItem","position":4,"name":"Teichtr\u00f6ge Adezz","item":"https:\/\/dev.eliassen.nl\/de\/wassereigenschaften\/teichtroege-adezz\/"},{"@type":"ListItem","position":5,"name":"Adezz Teichw\u00e4nde (kostenlos) (inkl. Wasserfall 600 + VP3 Pumpe) Cortenstahl Rechteck 150x25x60cm"}]},{"@type":"WebSite","@id":"https:\/\/dev.eliassen.nl\/de\/#website","url":"https:\/\/dev.eliassen.nl\/de\/","name":"Eliassen Home & Garden Pleasure","description":"","publisher":{"@id":"https:\/\/dev.eliassen.nl\/de\/#organization"},"alternateName":"Eliassen.nl","potentialAction":[{"@type":"SearchAction","target":{"@type":"EntryPoint","urlTemplate":"https:\/\/dev.eliassen.nl\/de\/?s={search_term_string}"},"query-input":{"@type":"PropertyValueSpecification","valueRequired":true,"valueName":"search_term_string"}}],"inLanguage":"de"},{"@type":"Organization","@id":"https:\/\/dev.eliassen.nl\/de\/#organization","name":"Eliassen Home & Garden Pleasure","url":"https:\/\/dev.eliassen.nl\/de\/","logo":{"@type":"ImageObject","inLanguage":"de","@id":"https:\/\/dev.eliassen.nl\/de\/#\/schema\/logo\/image\/","url":"https:\/\/www.eliassen.nl\/wp-content\/uploads\/2024\/01\/logo_4nd.jpg","contentUrl":"https:\/\/www.eliassen.nl\/wp-content\/uploads\/2024\/01\/logo_4nd.jpg","width":500,"height":500,"caption":"Eliassen Home & Garden Pleasure"},"image":{"@id":"https:\/\/dev.eliassen.nl\/de\/#\/schema\/logo\/image\/"},"sameAs":["https:\/\/www.facebook.com\/TuincentrumEliassenAmmerzoden","https:\/\/www.instagram.com\/eliassenhomeandgarden\/","https:\/\/nl.pinterest.com\/eliassenhomeandgarden\/","https:\/\/www.youtube.com\/@eliassenhomegardenpleasure4558"]}]}},"df_price":1248,"df_sale_price":"","df_regular_price":1248,"df_image_link":"https:\/\/dev.eliassen.nl\/wp-content\/uploads\/2024\/01\/eliassenvijvermurenvrijcortenstaal_10nd.png","image":"https:\/\/dev.eliassen.nl\/wp-content\/uploads\/2024\/01\/eliassenvijvermurenvrijcortenstaal_10nd.png","price_search":"<span class=\"woocommerce-Price-amount amount\"><bdi><span class=\"woocommerce-Price-currencySymbol\">&euro;<\/span>&nbsp;1.248,00<\/bdi><\/span>","category":"Adezz-Produkte","_links":{"self":[{"href":"https:\/\/dev.eliassen.nl\/de\/wp-json\/wp\/v2\/product\/58006","targetHints":{"allow":["GET"]}}],"collection":[{"href":"https:\/\/dev.eliassen.nl\/de\/wp-json\/wp\/v2\/product"}],"about":[{"href":"https:\/\/dev.eliassen.nl\/de\/wp-json\/wp\/v2\/types\/product"}],"wp:featuredmedia":[{"embeddable":true,"href":"https:\/\/dev.eliassen.nl\/de\/wp-json\/wp\/v2\/media\/57991"}],"wp:attachment":[{"href":"https:\/\/dev.eliassen.nl\/de\/wp-json\/wp\/v2\/media?parent=58006"}],"wp:term":[{"taxonomy":"product_brand","embeddable":true,"href":"https:\/\/dev.eliassen.nl\/de\/wp-json\/wp\/v2\/product_brand?post=58006"},{"taxonomy":"product_cat","embeddable":true,"href":"https:\/\/dev.eliassen.nl\/de\/wp-json\/wp\/v2\/product_cat?post=58006"},{"taxonomy":"product_tag","embeddable":true,"href":"https:\/\/dev.eliassen.nl\/de\/wp-json\/wp\/v2\/product_tag?post=58006"}],"curies":[{"name":"wp","href":"https:\/\/api.w.org\/{rel}","templated":true}]}}