{"id":58660,"date":"2021-09-15T02:50:19","date_gmt":"2021-09-15T00:50:19","guid":{"rendered":"https:\/\/www.eliassen.nl\/?product=adezz-waterschaal-cortenstaal-80x21cm"},"modified":"2024-01-17T16:24:58","modified_gmt":"2024-01-17T16:24:58","slug":"wassernapf-stahl-adezz-80x21cm","status":"publish","type":"product","link":"https:\/\/dev.eliassen.nl\/de\/wassernapf-stahl-adezz-80x21cm\/","title":{"rendered":"Wassernapf Stahl Adezz 80x21cm"},"content":{"rendered":"<p><a href=\"https:\/\/cdn.adezz.com\/production\/ERP_handleidingen\/Productmodellen\/220\/444\/ADEZZ%20Waterelementen%20NL.pdf\"><strong><u>Handbuch<\/u><\/strong><\/a> <strong><u>|<\/u> <a href=\"https:\/\/cdn.adezz.com\/production\/ERP_handleidingen\/Producten\/1342\/732\/WNS2%20Sheet_1.PDF\"><u>Skizzieren<\/u><\/a><\/strong><\/p>\n<p><strong><a href=\"https:\/\/www.youtube.com\/watch?v=zdflGbngZCM\" target=\"_blank\" rel=\"noopener\"><img decoding=\"async\" src=\"https:\/\/www.eliassen.nl\/wp-content\/uploads\/content\/youtube-play.png\" alt=\"\" width=\"27\" height=\"27\" \/><\/a><\/strong> Sehen <strong><a href=\"https:\/\/www.youtube.com\/watch?v=zdflGbngZCM\" target=\"_blank\" rel=\"noopener\">Sie<\/a><\/strong> <strong><a href=\"https:\/\/www.youtube.com\/watch?v=zdflGbngZCM\" target=\"_blank\" rel=\"noopener\">sich das Video an<\/a><\/strong><\/p>\n<p>Mit dieser Wasserschale k\u00f6nnen Sie die sch\u00f6nsten Wasserkreationen in Ihrem Garten zaubern. Platzierung direkt auf einem Gitter oder auf einem Sockel oder mehreren Tabletts in unterschiedlichen S\u00e4ulenh\u00f6hen. Alles ist m\u00f6glich.<\/p>\n<p>Sie k\u00f6nnen den Rostprozess beschleunigen, wenn Sie dem Wasser Salz hinzuf\u00fcgen.<\/p>\n<ul>\n<li>Material: Stahl 4mm<\/li>\n<li>Sehr stark und verschlei\u00dffest<\/li>\n<li>Schlankes und zeitloses Design<\/li>\n<li>Wetterfestes und langlebiges Material<\/li>\n<li>Warmes und nat\u00fcrliches Aussehen<\/li>\n<\/ul>\n<ul>\n<li>5 Jahre Garantie<\/li>\n<\/ul>\n<p>Besuchen Sie uns und sehen Sie einen gro\u00dfen Teil unserer Kollektion <strong>live<\/strong> in unserem Showroom!<\/p>\n<p>Haben Sie eine Frage zu diesem Produkt? Schicken Sie uns <a href=\"mailto:info@eliassen.nl\">eine E-Mail<\/a> und stellen Sie Ihre Frage.<\/p>\n","protected":false},"excerpt":{"rendered":"<p>Handbuch | Skizzieren Sehen Sie sich das Video an Mit dieser Wasserschale k\u00f6nnen Sie die sch\u00f6nsten Wasserkreationen in Ihrem Garten zaubern. Platzierung direkt auf einem Gitter oder auf einem Sockel oder mehreren Tabletts in unterschiedlichen S\u00e4ulenh\u00f6hen. Alles ist m\u00f6glich. Sie k\u00f6nnen den Rostprozess beschleunigen, wenn Sie dem Wasser Salz hinzuf\u00fcgen. Material: Stahl 4mm Sehr stark &hellip;<\/p>\n","protected":false},"featured_media":177042,"template":"","meta":{"_acf_changed":false},"product_brand":[],"product_cat":[773,578,1199,1061],"product_tag":[],"class_list":{"0":"post-58660","1":"product","2":"type-product","3":"status-publish","4":"has-post-thumbnail","6":"product_cat-adezz-produkte","7":"product_cat-wasserfaelle-und-wasserschalen","8":"product_cat-wasserschalen-11087786","9":"product_cat-wasserschalen-aus-cortenstahl","11":"first","12":"instock","13":"taxable","14":"shipping-taxable","15":"purchasable","16":"product-type-simple"},"acf":[],"yoast_head":"<!-- This site is optimized with the Yoast SEO plugin v23.8 - https:\/\/yoast.com\/wordpress\/plugins\/seo\/ -->\n<title>Adezz Wassernapf aus Stahl, 80 x 21 cm<\/title>\n<meta name=\"robots\" content=\"noindex, follow, max-snippet:-1, max-image-preview:large, max-video-preview:-1\" \/>\n<meta property=\"og:locale\" content=\"de_DE\" \/>\n<meta property=\"og:type\" content=\"article\" \/>\n<meta property=\"og:title\" content=\"Adezz Wassernapf aus Stahl, 80 x 21 cm\" \/>\n<meta property=\"og:description\" content=\"Handbuch | Skizzieren Sehen Sie sich das Video an Mit dieser Wasserschale k\u00f6nnen Sie die sch\u00f6nsten Wasserkreationen in Ihrem Garten zaubern. Platzierung direkt auf einem Gitter oder auf einem Sockel oder mehreren Tabletts in unterschiedlichen S\u00e4ulenh\u00f6hen. Alles ist m\u00f6glich. Sie k\u00f6nnen den Rostprozess beschleunigen, wenn Sie dem Wasser Salz hinzuf\u00fcgen. Material: Stahl 4mm Sehr stark &hellip;\" \/>\n<meta property=\"og:url\" content=\"https:\/\/dev.eliassen.nl\/de\/wassernapf-stahl-adezz-80x21cm\/\" \/>\n<meta property=\"og:site_name\" content=\"Eliassen.nl\" \/>\n<meta property=\"article:publisher\" content=\"https:\/\/www.facebook.com\/TuincentrumEliassenAmmerzoden\" \/>\n<meta property=\"article:modified_time\" content=\"2024-01-17T16:24:58+00:00\" \/>\n<meta property=\"og:image\" content=\"https:\/\/dev.eliassen.nl\/wp-content\/uploads\/2021\/09\/Waterschaal-staal-Adezz-80x21cm-eliassen.nl_.webp\" \/>\n\t<meta property=\"og:image:width\" content=\"699\" \/>\n\t<meta property=\"og:image:height\" content=\"699\" \/>\n\t<meta property=\"og:image:type\" content=\"image\/webp\" \/>\n<meta name=\"twitter:card\" content=\"summary_large_image\" \/>\n<script type=\"application\/ld+json\" class=\"yoast-schema-graph\">{\"@context\":\"https:\/\/schema.org\",\"@graph\":[{\"@type\":\"WebPage\",\"@id\":\"https:\/\/dev.eliassen.nl\/de\/wassernapf-stahl-adezz-80x21cm\/\",\"url\":\"https:\/\/dev.eliassen.nl\/de\/wassernapf-stahl-adezz-80x21cm\/\",\"name\":\"Adezz Wassernapf aus Stahl, 80 x 21 cm\",\"isPartOf\":{\"@id\":\"https:\/\/dev.eliassen.nl\/de\/#website\"},\"primaryImageOfPage\":{\"@id\":\"https:\/\/dev.eliassen.nl\/de\/wassernapf-stahl-adezz-80x21cm\/#primaryimage\"},\"image\":{\"@id\":\"https:\/\/dev.eliassen.nl\/de\/wassernapf-stahl-adezz-80x21cm\/#primaryimage\"},\"thumbnailUrl\":\"https:\/\/dev.eliassen.nl\/wp-content\/uploads\/2021\/09\/Waterschaal-staal-Adezz-80x21cm-eliassen.nl_.webp\",\"datePublished\":\"2021-09-15T00:50:19+00:00\",\"dateModified\":\"2024-01-17T16:24:58+00:00\",\"breadcrumb\":{\"@id\":\"https:\/\/dev.eliassen.nl\/de\/wassernapf-stahl-adezz-80x21cm\/#breadcrumb\"},\"inLanguage\":\"de\",\"potentialAction\":[{\"@type\":\"ReadAction\",\"target\":[\"https:\/\/dev.eliassen.nl\/de\/wassernapf-stahl-adezz-80x21cm\/\"]}]},{\"@type\":\"ImageObject\",\"inLanguage\":\"de\",\"@id\":\"https:\/\/dev.eliassen.nl\/de\/wassernapf-stahl-adezz-80x21cm\/#primaryimage\",\"url\":\"https:\/\/dev.eliassen.nl\/wp-content\/uploads\/2021\/09\/Waterschaal-staal-Adezz-80x21cm-eliassen.nl_.webp\",\"contentUrl\":\"https:\/\/dev.eliassen.nl\/wp-content\/uploads\/2021\/09\/Waterschaal-staal-Adezz-80x21cm-eliassen.nl_.webp\",\"width\":699,\"height\":699,\"caption\":\"Waterschaal staal Adezz 80x21cm eliassen.nl\"},{\"@type\":\"BreadcrumbList\",\"@id\":\"https:\/\/dev.eliassen.nl\/de\/wassernapf-stahl-adezz-80x21cm\/#breadcrumb\",\"itemListElement\":[{\"@type\":\"ListItem\",\"position\":1,\"name\":\"Home\",\"item\":\"https:\/\/dev.eliassen.nl\/de\/\"},{\"@type\":\"ListItem\",\"position\":2,\"name\":\"Shop\",\"item\":\"https:\/\/dev.eliassen.nl\/nl\/winkel\/\"},{\"@type\":\"ListItem\",\"position\":3,\"name\":\"Adezz-Produkte\",\"item\":\"https:\/\/dev.eliassen.nl\/de\/adezz-produkte\/\"},{\"@type\":\"ListItem\",\"position\":4,\"name\":\"Wasserschalen aus Cortenstahl\",\"item\":\"https:\/\/dev.eliassen.nl\/de\/adezz-produkte\/wasserschalen-aus-cortenstahl\/\"},{\"@type\":\"ListItem\",\"position\":5,\"name\":\"Wasserschalen\",\"item\":\"https:\/\/dev.eliassen.nl\/de\/adezz-produkte\/wasserschalen-aus-cortenstahl\/wasserschalen-11087786\/\"},{\"@type\":\"ListItem\",\"position\":6,\"name\":\"Wassernapf Stahl Adezz 80x21cm\"}]},{\"@type\":\"WebSite\",\"@id\":\"https:\/\/dev.eliassen.nl\/de\/#website\",\"url\":\"https:\/\/dev.eliassen.nl\/de\/\",\"name\":\"Eliassen Home & Garden Pleasure\",\"description\":\"\",\"publisher\":{\"@id\":\"https:\/\/dev.eliassen.nl\/de\/#organization\"},\"alternateName\":\"Eliassen.nl\",\"potentialAction\":[{\"@type\":\"SearchAction\",\"target\":{\"@type\":\"EntryPoint\",\"urlTemplate\":\"https:\/\/dev.eliassen.nl\/de\/?s={search_term_string}\"},\"query-input\":{\"@type\":\"PropertyValueSpecification\",\"valueRequired\":true,\"valueName\":\"search_term_string\"}}],\"inLanguage\":\"de\"},{\"@type\":\"Organization\",\"@id\":\"https:\/\/dev.eliassen.nl\/de\/#organization\",\"name\":\"Eliassen Home & Garden Pleasure\",\"url\":\"https:\/\/dev.eliassen.nl\/de\/\",\"logo\":{\"@type\":\"ImageObject\",\"inLanguage\":\"de\",\"@id\":\"https:\/\/dev.eliassen.nl\/de\/#\/schema\/logo\/image\/\",\"url\":\"https:\/\/www.eliassen.nl\/wp-content\/uploads\/2024\/01\/logo_4nd.jpg\",\"contentUrl\":\"https:\/\/www.eliassen.nl\/wp-content\/uploads\/2024\/01\/logo_4nd.jpg\",\"width\":500,\"height\":500,\"caption\":\"Eliassen Home & Garden Pleasure\"},\"image\":{\"@id\":\"https:\/\/dev.eliassen.nl\/de\/#\/schema\/logo\/image\/\"},\"sameAs\":[\"https:\/\/www.facebook.com\/TuincentrumEliassenAmmerzoden\",\"https:\/\/www.instagram.com\/eliassenhomeandgarden\/\",\"https:\/\/nl.pinterest.com\/eliassenhomeandgarden\/\",\"https:\/\/www.youtube.com\/@eliassenhomegardenpleasure4558\"]}]}<\/script>\n<!-- \/ Yoast SEO plugin. -->","yoast_head_json":{"title":"Adezz Wassernapf aus Stahl, 80 x 21 cm","robots":{"index":"noindex","follow":"follow","max-snippet":"max-snippet:-1","max-image-preview":"max-image-preview:large","max-video-preview":"max-video-preview:-1"},"og_locale":"de_DE","og_type":"article","og_title":"Adezz Wassernapf aus Stahl, 80 x 21 cm","og_description":"Handbuch | Skizzieren Sehen Sie sich das Video an Mit dieser Wasserschale k\u00f6nnen Sie die sch\u00f6nsten Wasserkreationen in Ihrem Garten zaubern. Platzierung direkt auf einem Gitter oder auf einem Sockel oder mehreren Tabletts in unterschiedlichen S\u00e4ulenh\u00f6hen. Alles ist m\u00f6glich. Sie k\u00f6nnen den Rostprozess beschleunigen, wenn Sie dem Wasser Salz hinzuf\u00fcgen. Material: Stahl 4mm Sehr stark &hellip;","og_url":"https:\/\/dev.eliassen.nl\/de\/wassernapf-stahl-adezz-80x21cm\/","og_site_name":"Eliassen.nl","article_publisher":"https:\/\/www.facebook.com\/TuincentrumEliassenAmmerzoden","article_modified_time":"2024-01-17T16:24:58+00:00","og_image":[{"width":699,"height":699,"url":"https:\/\/dev.eliassen.nl\/wp-content\/uploads\/2021\/09\/Waterschaal-staal-Adezz-80x21cm-eliassen.nl_.webp","type":"image\/webp"}],"twitter_card":"summary_large_image","schema":{"@context":"https:\/\/schema.org","@graph":[{"@type":"WebPage","@id":"https:\/\/dev.eliassen.nl\/de\/wassernapf-stahl-adezz-80x21cm\/","url":"https:\/\/dev.eliassen.nl\/de\/wassernapf-stahl-adezz-80x21cm\/","name":"Adezz Wassernapf aus Stahl, 80 x 21 cm","isPartOf":{"@id":"https:\/\/dev.eliassen.nl\/de\/#website"},"primaryImageOfPage":{"@id":"https:\/\/dev.eliassen.nl\/de\/wassernapf-stahl-adezz-80x21cm\/#primaryimage"},"image":{"@id":"https:\/\/dev.eliassen.nl\/de\/wassernapf-stahl-adezz-80x21cm\/#primaryimage"},"thumbnailUrl":"https:\/\/dev.eliassen.nl\/wp-content\/uploads\/2021\/09\/Waterschaal-staal-Adezz-80x21cm-eliassen.nl_.webp","datePublished":"2021-09-15T00:50:19+00:00","dateModified":"2024-01-17T16:24:58+00:00","breadcrumb":{"@id":"https:\/\/dev.eliassen.nl\/de\/wassernapf-stahl-adezz-80x21cm\/#breadcrumb"},"inLanguage":"de","potentialAction":[{"@type":"ReadAction","target":["https:\/\/dev.eliassen.nl\/de\/wassernapf-stahl-adezz-80x21cm\/"]}]},{"@type":"ImageObject","inLanguage":"de","@id":"https:\/\/dev.eliassen.nl\/de\/wassernapf-stahl-adezz-80x21cm\/#primaryimage","url":"https:\/\/dev.eliassen.nl\/wp-content\/uploads\/2021\/09\/Waterschaal-staal-Adezz-80x21cm-eliassen.nl_.webp","contentUrl":"https:\/\/dev.eliassen.nl\/wp-content\/uploads\/2021\/09\/Waterschaal-staal-Adezz-80x21cm-eliassen.nl_.webp","width":699,"height":699,"caption":"Waterschaal staal Adezz 80x21cm eliassen.nl"},{"@type":"BreadcrumbList","@id":"https:\/\/dev.eliassen.nl\/de\/wassernapf-stahl-adezz-80x21cm\/#breadcrumb","itemListElement":[{"@type":"ListItem","position":1,"name":"Home","item":"https:\/\/dev.eliassen.nl\/de\/"},{"@type":"ListItem","position":2,"name":"Shop","item":"https:\/\/dev.eliassen.nl\/nl\/winkel\/"},{"@type":"ListItem","position":3,"name":"Adezz-Produkte","item":"https:\/\/dev.eliassen.nl\/de\/adezz-produkte\/"},{"@type":"ListItem","position":4,"name":"Wasserschalen aus Cortenstahl","item":"https:\/\/dev.eliassen.nl\/de\/adezz-produkte\/wasserschalen-aus-cortenstahl\/"},{"@type":"ListItem","position":5,"name":"Wasserschalen","item":"https:\/\/dev.eliassen.nl\/de\/adezz-produkte\/wasserschalen-aus-cortenstahl\/wasserschalen-11087786\/"},{"@type":"ListItem","position":6,"name":"Wassernapf Stahl Adezz 80x21cm"}]},{"@type":"WebSite","@id":"https:\/\/dev.eliassen.nl\/de\/#website","url":"https:\/\/dev.eliassen.nl\/de\/","name":"Eliassen Home & Garden Pleasure","description":"","publisher":{"@id":"https:\/\/dev.eliassen.nl\/de\/#organization"},"alternateName":"Eliassen.nl","potentialAction":[{"@type":"SearchAction","target":{"@type":"EntryPoint","urlTemplate":"https:\/\/dev.eliassen.nl\/de\/?s={search_term_string}"},"query-input":{"@type":"PropertyValueSpecification","valueRequired":true,"valueName":"search_term_string"}}],"inLanguage":"de"},{"@type":"Organization","@id":"https:\/\/dev.eliassen.nl\/de\/#organization","name":"Eliassen Home & Garden Pleasure","url":"https:\/\/dev.eliassen.nl\/de\/","logo":{"@type":"ImageObject","inLanguage":"de","@id":"https:\/\/dev.eliassen.nl\/de\/#\/schema\/logo\/image\/","url":"https:\/\/www.eliassen.nl\/wp-content\/uploads\/2024\/01\/logo_4nd.jpg","contentUrl":"https:\/\/www.eliassen.nl\/wp-content\/uploads\/2024\/01\/logo_4nd.jpg","width":500,"height":500,"caption":"Eliassen Home & Garden Pleasure"},"image":{"@id":"https:\/\/dev.eliassen.nl\/de\/#\/schema\/logo\/image\/"},"sameAs":["https:\/\/www.facebook.com\/TuincentrumEliassenAmmerzoden","https:\/\/www.instagram.com\/eliassenhomeandgarden\/","https:\/\/nl.pinterest.com\/eliassenhomeandgarden\/","https:\/\/www.youtube.com\/@eliassenhomegardenpleasure4558"]}]}},"df_price":119,"df_sale_price":"","df_regular_price":119,"df_image_link":"https:\/\/dev.eliassen.nl\/wp-content\/uploads\/2021\/09\/Waterschaal-staal-Adezz-80x21cm-eliassen.nl_-300x300.webp","image":"https:\/\/dev.eliassen.nl\/wp-content\/uploads\/2021\/09\/Waterschaal-staal-Adezz-80x21cm-eliassen.nl_-150x150.webp","price_search":"<span class=\"woocommerce-Price-amount amount\"><bdi><span class=\"woocommerce-Price-currencySymbol\">&euro;<\/span>&nbsp;119,00<\/bdi><\/span>","category":"Adezz-Produkte","_links":{"self":[{"href":"https:\/\/dev.eliassen.nl\/de\/wp-json\/wp\/v2\/product\/58660","targetHints":{"allow":["GET"]}}],"collection":[{"href":"https:\/\/dev.eliassen.nl\/de\/wp-json\/wp\/v2\/product"}],"about":[{"href":"https:\/\/dev.eliassen.nl\/de\/wp-json\/wp\/v2\/types\/product"}],"wp:featuredmedia":[{"embeddable":true,"href":"https:\/\/dev.eliassen.nl\/de\/wp-json\/wp\/v2\/media\/177042"}],"wp:attachment":[{"href":"https:\/\/dev.eliassen.nl\/de\/wp-json\/wp\/v2\/media?parent=58660"}],"wp:term":[{"taxonomy":"product_brand","embeddable":true,"href":"https:\/\/dev.eliassen.nl\/de\/wp-json\/wp\/v2\/product_brand?post=58660"},{"taxonomy":"product_cat","embeddable":true,"href":"https:\/\/dev.eliassen.nl\/de\/wp-json\/wp\/v2\/product_cat?post=58660"},{"taxonomy":"product_tag","embeddable":true,"href":"https:\/\/dev.eliassen.nl\/de\/wp-json\/wp\/v2\/product_tag?post=58660"}],"curies":[{"name":"wp","href":"https:\/\/api.w.org\/{rel}","templated":true}]}}