{"id":58822,"date":"2021-09-15T02:50:35","date_gmt":"2021-09-15T00:50:35","guid":{"rendered":"https:\/\/www.eliassen.nl\/?product=adezz-waterschaal-cortenstaal-100x51cm"},"modified":"2024-01-10T11:28:34","modified_gmt":"2024-01-10T11:28:34","slug":"adezz-wasserschale-cortenstahl-100x51cm","status":"publish","type":"product","link":"https:\/\/dev.eliassen.nl\/de\/adezz-wasserschale-cortenstahl-100x51cm\/","title":{"rendered":"Adezz Wasserschale Cortenstahl 100x51cm"},"content":{"rendered":"<p><a href=\"https:\/\/cdn.adezz.com\/production\/ERP_handleidingen\/Productmodellen\/220\/443\/ADEZZ%20Wasserelemente%20DE.pdf\"><strong><u>Handbuch<\/u><\/strong><\/a><\/p>\n<p><strong><a href=\"https:\/\/www.youtube.com\/watch?v=zdflGbngZCM\" target=\"_blank\" rel=\"noopener\"><img decoding=\"async\" src=\"https:\/\/www.eliassen.nl\/wp-content\/uploads\/content\/youtube-play.png\" alt=\"\" width=\"27\" height=\"27\" \/><\/a><\/strong><strong><a href=\"https:\/\/www.youtube.com\/watch?v=zdflGbngZCM\" target=\"_blank\" rel=\"noopener\">Schau video<\/a><\/strong><\/p>\n<p>Mit dieser Wasserschale k\u00f6nnen Sie die sch\u00f6nsten Wasserkreationen in Ihrem Garten gestalten. Platzierung direkt auf einem Gitter oder auf einem Sockel oder mehreren Tabletts in unterschiedlichen S\u00e4ulenh\u00f6hen. Alles ist m\u00f6glich.<\/p>\n<p>Cortenstahl hat die Eigenschaft, dass er eine Rostschicht bildet, die auch als Schutz f\u00fcr die Unterlage dient. Cortenstahl ist daher ausgeschlossen, was Cortenstahl zu einer der langlebigsten Stahlsorten macht. Cortenstahl Modelle werden als blankes Eisen geliefert, die Rostbildung ist nach ca. 4-6 Monaten abgeschlossen, danach zeigt sich kein Rost mehr. Achten Sie am Anfang auf Ihr Zierpflaster.<\/p>\n<p>Sie k\u00f6nnen den Rostprozess beschleunigen, wenn Sie dem Wasser Salz hinzuf\u00fcgen.<\/p>\n<ul>\n<li>Material: Cortenstahl 4mm<\/li>\n<li>Sehr stark und verschlei\u00dffest<\/li>\n<li>Schlichtes und zeitloses Design<\/li>\n<li>Wetterfestes und strapazierf\u00e4higes Material<\/li>\n<li>Warmes und nat\u00fcrliches Aussehen<\/li>\n<\/ul>\n<ul>\n<li>5 Jahre Garantie<\/li>\n<\/ul>\n<ul>\n<li>Kostenloser Versand innerhalb der Niederlande<\/li>\n<\/ul>\n<p>Kommen Sie und sehen Sie sich einen gro\u00dfen Teil unserer Kollektion <strong>live<\/strong> in unserem Ausstellungsraum an!<\/p>\n<p>Haben Sie eine Frage zu diesem Produkt? <a href=\"mailto:info@eliassen.nl\">Mailen Sie<\/a> uns und stellen Sie Ihre Frage.<\/p>\n","protected":false},"excerpt":{"rendered":"<p>Rufen Sie uns an oder mailen Sie uns f\u00fcr den besten Preis!<\/p>\n","protected":false},"featured_media":58816,"template":"","meta":{"_acf_changed":false},"product_brand":[6920],"product_cat":[977,983,773,722,857,881,764,1196,1061,752],"product_tag":[],"class_list":{"0":"post-58822","1":"product","2":"type-product","3":"status-publish","4":"has-post-thumbnail","6":"product_brand-adezz-de","7":"product_cat-adezz-pflanzgefaesse-aus-cortenstahl","8":"product_cat-adezz-pflanzgefaesse-aus-cortenstahl-rund","9":"product_cat-adezz-produkte","10":"product_cat-blumentoepfe-und-pflanzgefaesse","11":"product_cat-pflanzgefaesse-aus-cortenstahl","12":"product_cat-runden","13":"product_cat-terrassenkamine-feuerstellen","14":"product_cat-wasserschalen","15":"product_cat-wasserschalen-aus-cortenstahl","16":"product_cat-weitere-artikel","18":"first","19":"onbackorder","20":"taxable","21":"shipping-taxable","22":"purchasable","23":"product-type-simple"},"acf":[],"yoast_head":"<!-- This site is optimized with the Yoast SEO plugin v23.8 - https:\/\/yoast.com\/wordpress\/plugins\/seo\/ -->\n<title>Adezz Wasserschale Cortenstahl 100x51cm<\/title>\n<meta name=\"robots\" content=\"noindex, follow, max-snippet:-1, max-image-preview:large, max-video-preview:-1\" \/>\n<meta property=\"og:locale\" content=\"de_DE\" \/>\n<meta property=\"og:type\" content=\"article\" \/>\n<meta property=\"og:title\" content=\"Adezz Wasserschale Cortenstahl 100x51cm\" \/>\n<meta property=\"og:description\" content=\"Rufen Sie uns an oder mailen Sie uns f\u00fcr den besten Preis!\" \/>\n<meta property=\"og:url\" content=\"https:\/\/dev.eliassen.nl\/de\/adezz-wasserschale-cortenstahl-100x51cm\/\" \/>\n<meta property=\"og:site_name\" content=\"Eliassen.nl\" \/>\n<meta property=\"article:publisher\" content=\"https:\/\/www.facebook.com\/TuincentrumEliassenAmmerzoden\" \/>\n<meta property=\"article:modified_time\" content=\"2024-01-10T11:28:34+00:00\" \/>\n<meta property=\"og:image\" content=\"https:\/\/dev.eliassen.nl\/wp-content\/uploads\/2024\/01\/eliassenwaterbowlcortenstaal.png\" \/>\n\t<meta property=\"og:image:width\" content=\"699\" \/>\n\t<meta property=\"og:image:height\" content=\"699\" \/>\n\t<meta property=\"og:image:type\" content=\"image\/png\" \/>\n<meta name=\"twitter:card\" content=\"summary_large_image\" \/>\n<script type=\"application\/ld+json\" class=\"yoast-schema-graph\">{\"@context\":\"https:\/\/schema.org\",\"@graph\":[{\"@type\":\"WebPage\",\"@id\":\"https:\/\/dev.eliassen.nl\/de\/adezz-wasserschale-cortenstahl-100x51cm\/\",\"url\":\"https:\/\/dev.eliassen.nl\/de\/adezz-wasserschale-cortenstahl-100x51cm\/\",\"name\":\"Adezz Wasserschale Cortenstahl 100x51cm\",\"isPartOf\":{\"@id\":\"https:\/\/dev.eliassen.nl\/de\/#website\"},\"primaryImageOfPage\":{\"@id\":\"https:\/\/dev.eliassen.nl\/de\/adezz-wasserschale-cortenstahl-100x51cm\/#primaryimage\"},\"image\":{\"@id\":\"https:\/\/dev.eliassen.nl\/de\/adezz-wasserschale-cortenstahl-100x51cm\/#primaryimage\"},\"thumbnailUrl\":\"https:\/\/dev.eliassen.nl\/wp-content\/uploads\/2024\/01\/eliassenwaterbowlcortenstaal.png\",\"datePublished\":\"2021-09-15T00:50:35+00:00\",\"dateModified\":\"2024-01-10T11:28:34+00:00\",\"breadcrumb\":{\"@id\":\"https:\/\/dev.eliassen.nl\/de\/adezz-wasserschale-cortenstahl-100x51cm\/#breadcrumb\"},\"inLanguage\":\"de\",\"potentialAction\":[{\"@type\":\"ReadAction\",\"target\":[\"https:\/\/dev.eliassen.nl\/de\/adezz-wasserschale-cortenstahl-100x51cm\/\"]}]},{\"@type\":\"ImageObject\",\"inLanguage\":\"de\",\"@id\":\"https:\/\/dev.eliassen.nl\/de\/adezz-wasserschale-cortenstahl-100x51cm\/#primaryimage\",\"url\":\"https:\/\/dev.eliassen.nl\/wp-content\/uploads\/2024\/01\/eliassenwaterbowlcortenstaal.png\",\"contentUrl\":\"https:\/\/dev.eliassen.nl\/wp-content\/uploads\/2024\/01\/eliassenwaterbowlcortenstaal.png\",\"width\":699,\"height\":699,\"caption\":\"Eliassen Waterbowl Cortenstaal\"},{\"@type\":\"BreadcrumbList\",\"@id\":\"https:\/\/dev.eliassen.nl\/de\/adezz-wasserschale-cortenstahl-100x51cm\/#breadcrumb\",\"itemListElement\":[{\"@type\":\"ListItem\",\"position\":1,\"name\":\"Home\",\"item\":\"https:\/\/dev.eliassen.nl\/de\/\"},{\"@type\":\"ListItem\",\"position\":2,\"name\":\"Shop\",\"item\":\"https:\/\/dev.eliassen.nl\/nl\/winkel\/\"},{\"@type\":\"ListItem\",\"position\":3,\"name\":\"Adezz-Produkte\",\"item\":\"https:\/\/dev.eliassen.nl\/de\/adezz-produkte\/\"},{\"@type\":\"ListItem\",\"position\":4,\"name\":\"ADEZZ Pflanzgef\u00e4\u00dfe aus Cortenstahl\",\"item\":\"https:\/\/dev.eliassen.nl\/de\/adezz-produkte\/adezz-pflanzgefaesse-aus-cortenstahl\/\"},{\"@type\":\"ListItem\",\"position\":5,\"name\":\"ADEZZ Pflanzgef\u00e4\u00dfe aus Cortenstahl rund\",\"item\":\"https:\/\/dev.eliassen.nl\/de\/adezz-produkte\/adezz-pflanzgefaesse-aus-cortenstahl\/adezz-pflanzgefaesse-aus-cortenstahl-rund\/\"},{\"@type\":\"ListItem\",\"position\":6,\"name\":\"Adezz Wasserschale Cortenstahl 100x51cm\"}]},{\"@type\":\"WebSite\",\"@id\":\"https:\/\/dev.eliassen.nl\/de\/#website\",\"url\":\"https:\/\/dev.eliassen.nl\/de\/\",\"name\":\"Eliassen Home & Garden Pleasure\",\"description\":\"\",\"publisher\":{\"@id\":\"https:\/\/dev.eliassen.nl\/de\/#organization\"},\"alternateName\":\"Eliassen.nl\",\"potentialAction\":[{\"@type\":\"SearchAction\",\"target\":{\"@type\":\"EntryPoint\",\"urlTemplate\":\"https:\/\/dev.eliassen.nl\/de\/?s={search_term_string}\"},\"query-input\":{\"@type\":\"PropertyValueSpecification\",\"valueRequired\":true,\"valueName\":\"search_term_string\"}}],\"inLanguage\":\"de\"},{\"@type\":\"Organization\",\"@id\":\"https:\/\/dev.eliassen.nl\/de\/#organization\",\"name\":\"Eliassen Home & Garden Pleasure\",\"url\":\"https:\/\/dev.eliassen.nl\/de\/\",\"logo\":{\"@type\":\"ImageObject\",\"inLanguage\":\"de\",\"@id\":\"https:\/\/dev.eliassen.nl\/de\/#\/schema\/logo\/image\/\",\"url\":\"https:\/\/www.eliassen.nl\/wp-content\/uploads\/2024\/01\/logo_4nd.jpg\",\"contentUrl\":\"https:\/\/www.eliassen.nl\/wp-content\/uploads\/2024\/01\/logo_4nd.jpg\",\"width\":500,\"height\":500,\"caption\":\"Eliassen Home & Garden Pleasure\"},\"image\":{\"@id\":\"https:\/\/dev.eliassen.nl\/de\/#\/schema\/logo\/image\/\"},\"sameAs\":[\"https:\/\/www.facebook.com\/TuincentrumEliassenAmmerzoden\",\"https:\/\/www.instagram.com\/eliassenhomeandgarden\/\",\"https:\/\/nl.pinterest.com\/eliassenhomeandgarden\/\",\"https:\/\/www.youtube.com\/@eliassenhomegardenpleasure4558\"]}]}<\/script>\n<!-- \/ Yoast SEO plugin. -->","yoast_head_json":{"title":"Adezz Wasserschale Cortenstahl 100x51cm","robots":{"index":"noindex","follow":"follow","max-snippet":"max-snippet:-1","max-image-preview":"max-image-preview:large","max-video-preview":"max-video-preview:-1"},"og_locale":"de_DE","og_type":"article","og_title":"Adezz Wasserschale Cortenstahl 100x51cm","og_description":"Rufen Sie uns an oder mailen Sie uns f\u00fcr den besten Preis!","og_url":"https:\/\/dev.eliassen.nl\/de\/adezz-wasserschale-cortenstahl-100x51cm\/","og_site_name":"Eliassen.nl","article_publisher":"https:\/\/www.facebook.com\/TuincentrumEliassenAmmerzoden","article_modified_time":"2024-01-10T11:28:34+00:00","og_image":[{"width":699,"height":699,"url":"https:\/\/dev.eliassen.nl\/wp-content\/uploads\/2024\/01\/eliassenwaterbowlcortenstaal.png","type":"image\/png"}],"twitter_card":"summary_large_image","schema":{"@context":"https:\/\/schema.org","@graph":[{"@type":"WebPage","@id":"https:\/\/dev.eliassen.nl\/de\/adezz-wasserschale-cortenstahl-100x51cm\/","url":"https:\/\/dev.eliassen.nl\/de\/adezz-wasserschale-cortenstahl-100x51cm\/","name":"Adezz Wasserschale Cortenstahl 100x51cm","isPartOf":{"@id":"https:\/\/dev.eliassen.nl\/de\/#website"},"primaryImageOfPage":{"@id":"https:\/\/dev.eliassen.nl\/de\/adezz-wasserschale-cortenstahl-100x51cm\/#primaryimage"},"image":{"@id":"https:\/\/dev.eliassen.nl\/de\/adezz-wasserschale-cortenstahl-100x51cm\/#primaryimage"},"thumbnailUrl":"https:\/\/dev.eliassen.nl\/wp-content\/uploads\/2024\/01\/eliassenwaterbowlcortenstaal.png","datePublished":"2021-09-15T00:50:35+00:00","dateModified":"2024-01-10T11:28:34+00:00","breadcrumb":{"@id":"https:\/\/dev.eliassen.nl\/de\/adezz-wasserschale-cortenstahl-100x51cm\/#breadcrumb"},"inLanguage":"de","potentialAction":[{"@type":"ReadAction","target":["https:\/\/dev.eliassen.nl\/de\/adezz-wasserschale-cortenstahl-100x51cm\/"]}]},{"@type":"ImageObject","inLanguage":"de","@id":"https:\/\/dev.eliassen.nl\/de\/adezz-wasserschale-cortenstahl-100x51cm\/#primaryimage","url":"https:\/\/dev.eliassen.nl\/wp-content\/uploads\/2024\/01\/eliassenwaterbowlcortenstaal.png","contentUrl":"https:\/\/dev.eliassen.nl\/wp-content\/uploads\/2024\/01\/eliassenwaterbowlcortenstaal.png","width":699,"height":699,"caption":"Eliassen Waterbowl Cortenstaal"},{"@type":"BreadcrumbList","@id":"https:\/\/dev.eliassen.nl\/de\/adezz-wasserschale-cortenstahl-100x51cm\/#breadcrumb","itemListElement":[{"@type":"ListItem","position":1,"name":"Home","item":"https:\/\/dev.eliassen.nl\/de\/"},{"@type":"ListItem","position":2,"name":"Shop","item":"https:\/\/dev.eliassen.nl\/nl\/winkel\/"},{"@type":"ListItem","position":3,"name":"Adezz-Produkte","item":"https:\/\/dev.eliassen.nl\/de\/adezz-produkte\/"},{"@type":"ListItem","position":4,"name":"ADEZZ Pflanzgef\u00e4\u00dfe aus Cortenstahl","item":"https:\/\/dev.eliassen.nl\/de\/adezz-produkte\/adezz-pflanzgefaesse-aus-cortenstahl\/"},{"@type":"ListItem","position":5,"name":"ADEZZ Pflanzgef\u00e4\u00dfe aus Cortenstahl rund","item":"https:\/\/dev.eliassen.nl\/de\/adezz-produkte\/adezz-pflanzgefaesse-aus-cortenstahl\/adezz-pflanzgefaesse-aus-cortenstahl-rund\/"},{"@type":"ListItem","position":6,"name":"Adezz Wasserschale Cortenstahl 100x51cm"}]},{"@type":"WebSite","@id":"https:\/\/dev.eliassen.nl\/de\/#website","url":"https:\/\/dev.eliassen.nl\/de\/","name":"Eliassen Home & Garden Pleasure","description":"","publisher":{"@id":"https:\/\/dev.eliassen.nl\/de\/#organization"},"alternateName":"Eliassen.nl","potentialAction":[{"@type":"SearchAction","target":{"@type":"EntryPoint","urlTemplate":"https:\/\/dev.eliassen.nl\/de\/?s={search_term_string}"},"query-input":{"@type":"PropertyValueSpecification","valueRequired":true,"valueName":"search_term_string"}}],"inLanguage":"de"},{"@type":"Organization","@id":"https:\/\/dev.eliassen.nl\/de\/#organization","name":"Eliassen Home & Garden Pleasure","url":"https:\/\/dev.eliassen.nl\/de\/","logo":{"@type":"ImageObject","inLanguage":"de","@id":"https:\/\/dev.eliassen.nl\/de\/#\/schema\/logo\/image\/","url":"https:\/\/www.eliassen.nl\/wp-content\/uploads\/2024\/01\/logo_4nd.jpg","contentUrl":"https:\/\/www.eliassen.nl\/wp-content\/uploads\/2024\/01\/logo_4nd.jpg","width":500,"height":500,"caption":"Eliassen Home & Garden Pleasure"},"image":{"@id":"https:\/\/dev.eliassen.nl\/de\/#\/schema\/logo\/image\/"},"sameAs":["https:\/\/www.facebook.com\/TuincentrumEliassenAmmerzoden","https:\/\/www.instagram.com\/eliassenhomeandgarden\/","https:\/\/nl.pinterest.com\/eliassenhomeandgarden\/","https:\/\/www.youtube.com\/@eliassenhomegardenpleasure4558"]}]}},"df_price":399,"df_sale_price":"","df_regular_price":399,"df_image_link":"https:\/\/dev.eliassen.nl\/wp-content\/uploads\/2024\/01\/eliassenwaterbowlcortenstaal.png","image":"https:\/\/dev.eliassen.nl\/wp-content\/uploads\/2024\/01\/eliassenwaterbowlcortenstaal.png","price_search":"<span class=\"woocommerce-Price-amount amount\"><bdi><span class=\"woocommerce-Price-currencySymbol\">&euro;<\/span>&nbsp;399,00<\/bdi><\/span>","category":"ADEZZ Pflanzgef\u00e4\u00dfe aus Cortenstahl","_links":{"self":[{"href":"https:\/\/dev.eliassen.nl\/de\/wp-json\/wp\/v2\/product\/58822","targetHints":{"allow":["GET"]}}],"collection":[{"href":"https:\/\/dev.eliassen.nl\/de\/wp-json\/wp\/v2\/product"}],"about":[{"href":"https:\/\/dev.eliassen.nl\/de\/wp-json\/wp\/v2\/types\/product"}],"wp:featuredmedia":[{"embeddable":true,"href":"https:\/\/dev.eliassen.nl\/de\/wp-json\/wp\/v2\/media\/58816"}],"wp:attachment":[{"href":"https:\/\/dev.eliassen.nl\/de\/wp-json\/wp\/v2\/media?parent=58822"}],"wp:term":[{"taxonomy":"product_brand","embeddable":true,"href":"https:\/\/dev.eliassen.nl\/de\/wp-json\/wp\/v2\/product_brand?post=58822"},{"taxonomy":"product_cat","embeddable":true,"href":"https:\/\/dev.eliassen.nl\/de\/wp-json\/wp\/v2\/product_cat?post=58822"},{"taxonomy":"product_tag","embeddable":true,"href":"https:\/\/dev.eliassen.nl\/de\/wp-json\/wp\/v2\/product_tag?post=58822"}],"curies":[{"name":"wp","href":"https:\/\/api.w.org\/{rel}","templated":true}]}}