{"id":58855,"date":"2021-09-15T03:30:37","date_gmt":"2021-09-15T01:30:37","guid":{"rendered":"https:\/\/www.eliassen.nl\/?product=adezz-waterschaal-gecoat-staal-60x14cm"},"modified":"2024-01-17T16:23:27","modified_gmt":"2024-01-17T16:23:27","slug":"adezz-wassernapf-beschichteter-stahl-60x14cm","status":"publish","type":"product","link":"https:\/\/dev.eliassen.nl\/de\/adezz-wassernapf-beschichteter-stahl-60x14cm\/","title":{"rendered":"Adezz Wassernapf Beschichteter Stahl 60x14cm"},"content":{"rendered":"<p><a href=\"https:\/\/cdn.adezz.com\/production\/ERP_handleidingen\/Productmodellen\/406\/448\/ADEZZ%20Wasserelemente%20DE.pdf\"><strong><u>Handbuch<\/u><\/strong> <\/a><strong><u>|<\/u> <a href=\"https:\/\/cdn.adezz.com\/production\/ERP_handleidingen\/Producten\/1340\/4201\/WNG1%20Sheet_1.PDF\"><u>Skizzieren<\/u><\/a><\/strong><\/p>\n<p><strong><a href=\"https:\/\/www.youtube.com\/watch?v=zdflGbngZCM\" target=\"_blank\" rel=\"noopener\"><img decoding=\"async\" src=\"https:\/\/www.eliassen.nl\/wp-content\/uploads\/content\/youtube-play.png\" alt=\"\" width=\"27\" height=\"27\" \/><\/a><\/strong><strong><a href=\"https:\/\/www.youtube.com\/watch?v=zdflGbngZCM\" target=\"_blank\" rel=\"noopener\">Schau video<\/a><\/strong><\/p>\n<p>Ein wundersch\u00f6n verarbeiteter Wassernapf aus beschichtetem Stahl. Pulverbeschichtete Wassern\u00e4pfe haben eine hochwertige und witterungsbest\u00e4ndige Beschichtung, um ein Rosten zu verhindern.<\/p>\n<p>Ein sch\u00f6nes St\u00fcck als Dekoration in vielen G\u00e4rten, die mittels LED-Licht in der Wasserschale auch im Dunkeln f\u00fcr eine sch\u00f6ne, lebendige Atmosph\u00e4re sorgen.<\/p>\n<p>Mit dieser Wasserschale k\u00f6nnen Sie die sch\u00f6nsten Wasserkreationen in Ihrem Garten gestalten. Platzierung direkt auf einem Gitter oder auf einem Sockel oder mehreren Tabletts in unterschiedlichen S\u00e4ulenh\u00f6hen. Alles ist m\u00f6glich.<\/p>\n<ul>\n<li>Material: Beschichteter Stahl<\/li>\n<li>Hochwertige und witterungsbest\u00e4ndige Beschichtung<\/li>\n<li>5 Jahre Garantie<\/li>\n<li>Kostenloser Versand innerhalb der Niederlande<\/li>\n<\/ul>\n<p>Kommen Sie und sehen Sie sich einen gro\u00dfen Teil unserer Kollektion <strong>live<\/strong> in unserem Ausstellungsraum an!<\/p>\n<p>Haben Sie eine Frage zu diesem Produkt? <a href=\"mailto:info@eliassen.nl\">Mailen Sie<\/a> uns und stellen Sie Ihre Frage.<\/p>\n","protected":false},"excerpt":{"rendered":"<p>Handbuch | Skizzieren Schau video Ein wundersch\u00f6n verarbeiteter Wassernapf aus beschichtetem Stahl. Pulverbeschichtete Wassern\u00e4pfe haben eine hochwertige und witterungsbest\u00e4ndige Beschichtung, um ein Rosten zu verhindern. Ein sch\u00f6nes St\u00fcck als Dekoration in vielen G\u00e4rten, die mittels LED-Licht in der Wasserschale auch im Dunkeln f\u00fcr eine sch\u00f6ne, lebendige Atmosph\u00e4re sorgen. Mit dieser Wasserschale k\u00f6nnen Sie die sch\u00f6nsten &hellip;<\/p>\n","protected":false},"featured_media":177036,"template":"","meta":{"_acf_changed":false},"product_brand":[6920],"product_cat":[1067,773],"product_tag":[],"class_list":{"0":"post-58855","1":"product","2":"type-product","3":"status-publish","4":"has-post-thumbnail","6":"product_brand-adezz-de","7":"product_cat-adezz-wassernaepfe-aus-beschichtetem-stahl","8":"product_cat-adezz-produkte","10":"first","11":"instock","12":"taxable","13":"shipping-taxable","14":"purchasable","15":"product-type-simple"},"acf":[],"yoast_head":"<!-- This site is optimized with the Yoast SEO plugin v23.8 - https:\/\/yoast.com\/wordpress\/plugins\/seo\/ -->\n<title>Adezz Wassernapf Beschichteter Stahl 60x14cm<\/title>\n<meta name=\"robots\" content=\"noindex, follow, max-snippet:-1, max-image-preview:large, max-video-preview:-1\" \/>\n<meta property=\"og:locale\" content=\"de_DE\" \/>\n<meta property=\"og:type\" content=\"article\" \/>\n<meta property=\"og:title\" content=\"Adezz Wassernapf Beschichteter Stahl 60x14cm\" \/>\n<meta property=\"og:description\" content=\"Handbuch | Skizzieren Schau video Ein wundersch\u00f6n verarbeiteter Wassernapf aus beschichtetem Stahl. Pulverbeschichtete Wassern\u00e4pfe haben eine hochwertige und witterungsbest\u00e4ndige Beschichtung, um ein Rosten zu verhindern. Ein sch\u00f6nes St\u00fcck als Dekoration in vielen G\u00e4rten, die mittels LED-Licht in der Wasserschale auch im Dunkeln f\u00fcr eine sch\u00f6ne, lebendige Atmosph\u00e4re sorgen. Mit dieser Wasserschale k\u00f6nnen Sie die sch\u00f6nsten &hellip;\" \/>\n<meta property=\"og:url\" content=\"https:\/\/dev.eliassen.nl\/de\/adezz-wassernapf-beschichteter-stahl-60x14cm\/\" \/>\n<meta property=\"og:site_name\" content=\"Eliassen.nl\" \/>\n<meta property=\"article:publisher\" content=\"https:\/\/www.facebook.com\/TuincentrumEliassenAmmerzoden\" \/>\n<meta property=\"article:modified_time\" content=\"2024-01-17T16:23:27+00:00\" \/>\n<meta property=\"og:image\" content=\"https:\/\/dev.eliassen.nl\/wp-content\/uploads\/2021\/09\/Waterschaal-Gecoat-Staal-Adezz-60x14cm-eliassen.nl_.webp\" \/>\n\t<meta property=\"og:image:width\" content=\"699\" \/>\n\t<meta property=\"og:image:height\" content=\"699\" \/>\n\t<meta property=\"og:image:type\" content=\"image\/webp\" \/>\n<meta name=\"twitter:card\" content=\"summary_large_image\" \/>\n<script type=\"application\/ld+json\" class=\"yoast-schema-graph\">{\"@context\":\"https:\/\/schema.org\",\"@graph\":[{\"@type\":\"WebPage\",\"@id\":\"https:\/\/dev.eliassen.nl\/de\/adezz-wassernapf-beschichteter-stahl-60x14cm\/\",\"url\":\"https:\/\/dev.eliassen.nl\/de\/adezz-wassernapf-beschichteter-stahl-60x14cm\/\",\"name\":\"Adezz Wassernapf Beschichteter Stahl 60x14cm\",\"isPartOf\":{\"@id\":\"https:\/\/dev.eliassen.nl\/de\/#website\"},\"primaryImageOfPage\":{\"@id\":\"https:\/\/dev.eliassen.nl\/de\/adezz-wassernapf-beschichteter-stahl-60x14cm\/#primaryimage\"},\"image\":{\"@id\":\"https:\/\/dev.eliassen.nl\/de\/adezz-wassernapf-beschichteter-stahl-60x14cm\/#primaryimage\"},\"thumbnailUrl\":\"https:\/\/dev.eliassen.nl\/wp-content\/uploads\/2021\/09\/Waterschaal-Gecoat-Staal-Adezz-60x14cm-eliassen.nl_.webp\",\"datePublished\":\"2021-09-15T01:30:37+00:00\",\"dateModified\":\"2024-01-17T16:23:27+00:00\",\"breadcrumb\":{\"@id\":\"https:\/\/dev.eliassen.nl\/de\/adezz-wassernapf-beschichteter-stahl-60x14cm\/#breadcrumb\"},\"inLanguage\":\"de\",\"potentialAction\":[{\"@type\":\"ReadAction\",\"target\":[\"https:\/\/dev.eliassen.nl\/de\/adezz-wassernapf-beschichteter-stahl-60x14cm\/\"]}]},{\"@type\":\"ImageObject\",\"inLanguage\":\"de\",\"@id\":\"https:\/\/dev.eliassen.nl\/de\/adezz-wassernapf-beschichteter-stahl-60x14cm\/#primaryimage\",\"url\":\"https:\/\/dev.eliassen.nl\/wp-content\/uploads\/2021\/09\/Waterschaal-Gecoat-Staal-Adezz-60x14cm-eliassen.nl_.webp\",\"contentUrl\":\"https:\/\/dev.eliassen.nl\/wp-content\/uploads\/2021\/09\/Waterschaal-Gecoat-Staal-Adezz-60x14cm-eliassen.nl_.webp\",\"width\":699,\"height\":699,\"caption\":\"Waterschaal Gecoat Staal Adezz 60x14cm eliassen.nl\"},{\"@type\":\"BreadcrumbList\",\"@id\":\"https:\/\/dev.eliassen.nl\/de\/adezz-wassernapf-beschichteter-stahl-60x14cm\/#breadcrumb\",\"itemListElement\":[{\"@type\":\"ListItem\",\"position\":1,\"name\":\"Home\",\"item\":\"https:\/\/dev.eliassen.nl\/de\/\"},{\"@type\":\"ListItem\",\"position\":2,\"name\":\"Shop\",\"item\":\"https:\/\/dev.eliassen.nl\/nl\/winkel\/\"},{\"@type\":\"ListItem\",\"position\":3,\"name\":\"Adezz-Produkte\",\"item\":\"https:\/\/dev.eliassen.nl\/de\/adezz-produkte\/\"},{\"@type\":\"ListItem\",\"position\":4,\"name\":\"ADEZZ Wassern\u00e4pfe aus beschichtetem Stahl\",\"item\":\"https:\/\/dev.eliassen.nl\/de\/adezz-produkte\/adezz-wassernaepfe-aus-beschichtetem-stahl\/\"},{\"@type\":\"ListItem\",\"position\":5,\"name\":\"Adezz Wassernapf Beschichteter Stahl 60x14cm\"}]},{\"@type\":\"WebSite\",\"@id\":\"https:\/\/dev.eliassen.nl\/de\/#website\",\"url\":\"https:\/\/dev.eliassen.nl\/de\/\",\"name\":\"Eliassen Home & Garden Pleasure\",\"description\":\"\",\"publisher\":{\"@id\":\"https:\/\/dev.eliassen.nl\/de\/#organization\"},\"alternateName\":\"Eliassen.nl\",\"potentialAction\":[{\"@type\":\"SearchAction\",\"target\":{\"@type\":\"EntryPoint\",\"urlTemplate\":\"https:\/\/dev.eliassen.nl\/de\/?s={search_term_string}\"},\"query-input\":{\"@type\":\"PropertyValueSpecification\",\"valueRequired\":true,\"valueName\":\"search_term_string\"}}],\"inLanguage\":\"de\"},{\"@type\":\"Organization\",\"@id\":\"https:\/\/dev.eliassen.nl\/de\/#organization\",\"name\":\"Eliassen Home & Garden Pleasure\",\"url\":\"https:\/\/dev.eliassen.nl\/de\/\",\"logo\":{\"@type\":\"ImageObject\",\"inLanguage\":\"de\",\"@id\":\"https:\/\/dev.eliassen.nl\/de\/#\/schema\/logo\/image\/\",\"url\":\"https:\/\/www.eliassen.nl\/wp-content\/uploads\/2024\/01\/logo_4nd.jpg\",\"contentUrl\":\"https:\/\/www.eliassen.nl\/wp-content\/uploads\/2024\/01\/logo_4nd.jpg\",\"width\":500,\"height\":500,\"caption\":\"Eliassen Home & Garden Pleasure\"},\"image\":{\"@id\":\"https:\/\/dev.eliassen.nl\/de\/#\/schema\/logo\/image\/\"},\"sameAs\":[\"https:\/\/www.facebook.com\/TuincentrumEliassenAmmerzoden\",\"https:\/\/www.instagram.com\/eliassenhomeandgarden\/\",\"https:\/\/nl.pinterest.com\/eliassenhomeandgarden\/\",\"https:\/\/www.youtube.com\/@eliassenhomegardenpleasure4558\"]}]}<\/script>\n<!-- \/ Yoast SEO plugin. -->","yoast_head_json":{"title":"Adezz Wassernapf Beschichteter Stahl 60x14cm","robots":{"index":"noindex","follow":"follow","max-snippet":"max-snippet:-1","max-image-preview":"max-image-preview:large","max-video-preview":"max-video-preview:-1"},"og_locale":"de_DE","og_type":"article","og_title":"Adezz Wassernapf Beschichteter Stahl 60x14cm","og_description":"Handbuch | Skizzieren Schau video Ein wundersch\u00f6n verarbeiteter Wassernapf aus beschichtetem Stahl. Pulverbeschichtete Wassern\u00e4pfe haben eine hochwertige und witterungsbest\u00e4ndige Beschichtung, um ein Rosten zu verhindern. Ein sch\u00f6nes St\u00fcck als Dekoration in vielen G\u00e4rten, die mittels LED-Licht in der Wasserschale auch im Dunkeln f\u00fcr eine sch\u00f6ne, lebendige Atmosph\u00e4re sorgen. Mit dieser Wasserschale k\u00f6nnen Sie die sch\u00f6nsten &hellip;","og_url":"https:\/\/dev.eliassen.nl\/de\/adezz-wassernapf-beschichteter-stahl-60x14cm\/","og_site_name":"Eliassen.nl","article_publisher":"https:\/\/www.facebook.com\/TuincentrumEliassenAmmerzoden","article_modified_time":"2024-01-17T16:23:27+00:00","og_image":[{"width":699,"height":699,"url":"https:\/\/dev.eliassen.nl\/wp-content\/uploads\/2021\/09\/Waterschaal-Gecoat-Staal-Adezz-60x14cm-eliassen.nl_.webp","type":"image\/webp"}],"twitter_card":"summary_large_image","schema":{"@context":"https:\/\/schema.org","@graph":[{"@type":"WebPage","@id":"https:\/\/dev.eliassen.nl\/de\/adezz-wassernapf-beschichteter-stahl-60x14cm\/","url":"https:\/\/dev.eliassen.nl\/de\/adezz-wassernapf-beschichteter-stahl-60x14cm\/","name":"Adezz Wassernapf Beschichteter Stahl 60x14cm","isPartOf":{"@id":"https:\/\/dev.eliassen.nl\/de\/#website"},"primaryImageOfPage":{"@id":"https:\/\/dev.eliassen.nl\/de\/adezz-wassernapf-beschichteter-stahl-60x14cm\/#primaryimage"},"image":{"@id":"https:\/\/dev.eliassen.nl\/de\/adezz-wassernapf-beschichteter-stahl-60x14cm\/#primaryimage"},"thumbnailUrl":"https:\/\/dev.eliassen.nl\/wp-content\/uploads\/2021\/09\/Waterschaal-Gecoat-Staal-Adezz-60x14cm-eliassen.nl_.webp","datePublished":"2021-09-15T01:30:37+00:00","dateModified":"2024-01-17T16:23:27+00:00","breadcrumb":{"@id":"https:\/\/dev.eliassen.nl\/de\/adezz-wassernapf-beschichteter-stahl-60x14cm\/#breadcrumb"},"inLanguage":"de","potentialAction":[{"@type":"ReadAction","target":["https:\/\/dev.eliassen.nl\/de\/adezz-wassernapf-beschichteter-stahl-60x14cm\/"]}]},{"@type":"ImageObject","inLanguage":"de","@id":"https:\/\/dev.eliassen.nl\/de\/adezz-wassernapf-beschichteter-stahl-60x14cm\/#primaryimage","url":"https:\/\/dev.eliassen.nl\/wp-content\/uploads\/2021\/09\/Waterschaal-Gecoat-Staal-Adezz-60x14cm-eliassen.nl_.webp","contentUrl":"https:\/\/dev.eliassen.nl\/wp-content\/uploads\/2021\/09\/Waterschaal-Gecoat-Staal-Adezz-60x14cm-eliassen.nl_.webp","width":699,"height":699,"caption":"Waterschaal Gecoat Staal Adezz 60x14cm eliassen.nl"},{"@type":"BreadcrumbList","@id":"https:\/\/dev.eliassen.nl\/de\/adezz-wassernapf-beschichteter-stahl-60x14cm\/#breadcrumb","itemListElement":[{"@type":"ListItem","position":1,"name":"Home","item":"https:\/\/dev.eliassen.nl\/de\/"},{"@type":"ListItem","position":2,"name":"Shop","item":"https:\/\/dev.eliassen.nl\/nl\/winkel\/"},{"@type":"ListItem","position":3,"name":"Adezz-Produkte","item":"https:\/\/dev.eliassen.nl\/de\/adezz-produkte\/"},{"@type":"ListItem","position":4,"name":"ADEZZ Wassern\u00e4pfe aus beschichtetem Stahl","item":"https:\/\/dev.eliassen.nl\/de\/adezz-produkte\/adezz-wassernaepfe-aus-beschichtetem-stahl\/"},{"@type":"ListItem","position":5,"name":"Adezz Wassernapf Beschichteter Stahl 60x14cm"}]},{"@type":"WebSite","@id":"https:\/\/dev.eliassen.nl\/de\/#website","url":"https:\/\/dev.eliassen.nl\/de\/","name":"Eliassen Home & Garden Pleasure","description":"","publisher":{"@id":"https:\/\/dev.eliassen.nl\/de\/#organization"},"alternateName":"Eliassen.nl","potentialAction":[{"@type":"SearchAction","target":{"@type":"EntryPoint","urlTemplate":"https:\/\/dev.eliassen.nl\/de\/?s={search_term_string}"},"query-input":{"@type":"PropertyValueSpecification","valueRequired":true,"valueName":"search_term_string"}}],"inLanguage":"de"},{"@type":"Organization","@id":"https:\/\/dev.eliassen.nl\/de\/#organization","name":"Eliassen Home & Garden Pleasure","url":"https:\/\/dev.eliassen.nl\/de\/","logo":{"@type":"ImageObject","inLanguage":"de","@id":"https:\/\/dev.eliassen.nl\/de\/#\/schema\/logo\/image\/","url":"https:\/\/www.eliassen.nl\/wp-content\/uploads\/2024\/01\/logo_4nd.jpg","contentUrl":"https:\/\/www.eliassen.nl\/wp-content\/uploads\/2024\/01\/logo_4nd.jpg","width":500,"height":500,"caption":"Eliassen Home & Garden Pleasure"},"image":{"@id":"https:\/\/dev.eliassen.nl\/de\/#\/schema\/logo\/image\/"},"sameAs":["https:\/\/www.facebook.com\/TuincentrumEliassenAmmerzoden","https:\/\/www.instagram.com\/eliassenhomeandgarden\/","https:\/\/nl.pinterest.com\/eliassenhomeandgarden\/","https:\/\/www.youtube.com\/@eliassenhomegardenpleasure4558"]}]}},"df_price":149,"df_sale_price":"","df_regular_price":149,"df_image_link":"https:\/\/dev.eliassen.nl\/wp-content\/uploads\/2021\/09\/Waterschaal-Gecoat-Staal-Adezz-60x14cm-eliassen.nl_-300x300.webp","image":"https:\/\/dev.eliassen.nl\/wp-content\/uploads\/2021\/09\/Waterschaal-Gecoat-Staal-Adezz-60x14cm-eliassen.nl_-150x150.webp","price_search":"<span class=\"woocommerce-Price-amount amount\"><bdi><span class=\"woocommerce-Price-currencySymbol\">&euro;<\/span>&nbsp;149,00<\/bdi><\/span>","category":"ADEZZ Wassern\u00e4pfe aus beschichtetem Stahl","_links":{"self":[{"href":"https:\/\/dev.eliassen.nl\/de\/wp-json\/wp\/v2\/product\/58855","targetHints":{"allow":["GET"]}}],"collection":[{"href":"https:\/\/dev.eliassen.nl\/de\/wp-json\/wp\/v2\/product"}],"about":[{"href":"https:\/\/dev.eliassen.nl\/de\/wp-json\/wp\/v2\/types\/product"}],"wp:featuredmedia":[{"embeddable":true,"href":"https:\/\/dev.eliassen.nl\/de\/wp-json\/wp\/v2\/media\/177036"}],"wp:attachment":[{"href":"https:\/\/dev.eliassen.nl\/de\/wp-json\/wp\/v2\/media?parent=58855"}],"wp:term":[{"taxonomy":"product_brand","embeddable":true,"href":"https:\/\/dev.eliassen.nl\/de\/wp-json\/wp\/v2\/product_brand?post=58855"},{"taxonomy":"product_cat","embeddable":true,"href":"https:\/\/dev.eliassen.nl\/de\/wp-json\/wp\/v2\/product_cat?post=58855"},{"taxonomy":"product_tag","embeddable":true,"href":"https:\/\/dev.eliassen.nl\/de\/wp-json\/wp\/v2\/product_tag?post=58855"}],"curies":[{"name":"wp","href":"https:\/\/api.w.org\/{rel}","templated":true}]}}