{"id":61528,"date":"2021-09-16T15:42:49","date_gmt":"2021-09-16T13:42:49","guid":{"rendered":"https:\/\/www.eliassen.nl\/?product=adezz-paneel-cortenstaal-paal-106x6x270cm"},"modified":"2024-01-12T13:47:38","modified_gmt":"2024-01-12T13:47:38","slug":"adezz-gartenpaneel-cortenstahlpfosten-10-6x6x270cm","status":"publish","type":"product","link":"https:\/\/dev.eliassen.nl\/de\/adezz-gartenpaneel-cortenstahlpfosten-10-6x6x270cm\/","title":{"rendered":"Adezz Gartenpaneel Cortenstahlpfosten 10.6x6x270cm"},"content":{"rendered":"<p><a href=\"https:\/\/cdn.adezz.com\/production\/ERP_handleidingen\/Productmodellen\/490\/757\/ADEZZ%20Dekorplatten_DE.pdf\"><strong><u>Handbuch<\/u><\/strong> <\/a><strong><u>|<\/u> <a href=\"https:\/\/cdn.adezz.com\/production\/ERP_handleidingen\/Producten\/2875\/902\/CPP1%20Sheet1.PDF\"><u>Skizzieren<\/u><\/a><\/strong><\/p>\n<p><strong><a href=\"https:\/\/www.youtube.com\/watch?v=zdflGbngZCM\" target=\"_blank\" rel=\"noopener\"><img decoding=\"async\" src=\"https:\/\/www.eliassen.nl\/wp-content\/uploads\/content\/youtube-play.png\" alt=\"\" width=\"27\" height=\"27\" \/><\/a><\/strong><strong><a href=\"https:\/\/www.youtube.com\/watch?v=zdflGbngZCM\" target=\"_blank\" rel=\"noopener\">Schau video<\/a><\/strong><\/p>\n<p>Diese Pfosten bestehen aus 6 mm Cortenstahl. Dank der Pfosten k\u00f6nnen die Paneele einfach montiert werden, ohne den Untergrund nivellieren zu m\u00fcssen.<\/p>\n<p>Die gelaserten Paneele helfen dabei, Ihrem Garten Struktur zu geben und abgeschirmte R\u00e4ume in Ihrem Garten zu schaffen. Auf diese Weise k\u00f6nnen Sie Privatsph\u00e4re realisieren und Wind und andere Einfl\u00fcsse abhalten.<\/p>\n<p>Cortenstahl, auch Verwitterungsstahl genannt, ist eine Metalllegierung aus Eisen, dem Kupfer, Silizium, Nickel und Chrom zugesetzt wurden. Cortenstahl ist an der Au\u00dfenluft mit einer sch\u00fctzenden Rostschicht \u00fcberzogen. Diese nat\u00fcrliche feste Rostschicht bildet den Schutz gegen weitere Korrosion. Cortenstahl zeichnet sich durch seine braun-orange Rostfarbe und seine lange Lebensdauer aus.<\/p>\n<ul>\n<li>Material: Cortenstahl 6mm<\/li>\n<li>5 Jahre Garantie<\/li>\n<li>Kostenloser Versand innerhalb der Niederlande<\/li>\n<\/ul>\n<p>Kommen Sie und sehen Sie sich einen gro\u00dfen Teil unserer Kollektion <strong>live<\/strong> in unserem Ausstellungsraum an!<\/p>\n<p>Haben Sie eine Frage zu diesem Produkt? <a href=\"mailto:info@eliassen.nl\">Mailen Sie<\/a> uns und stellen Sie Ihre Frage.<\/p>\n","protected":false},"excerpt":{"rendered":"<p>Rufen Sie uns an oder mailen Sie uns f\u00fcr den besten Preis!<\/p>\n","protected":false},"featured_media":176989,"template":"","meta":{"_acf_changed":false},"product_brand":[6920],"product_cat":[773,1094,1106],"product_tag":[],"class_list":{"0":"post-61528","1":"product","2":"type-product","3":"status-publish","4":"has-post-thumbnail","6":"product_brand-adezz-de","7":"product_cat-adezz-produkte","8":"product_cat-gartenpaneele-aus-cortenstahl","9":"product_cat-pfosten-fuer-corten-gartenpaneele-von-adezz","11":"first","12":"onbackorder","13":"taxable","14":"shipping-taxable","15":"purchasable","16":"product-type-simple"},"acf":[],"yoast_head":"<!-- This site is optimized with the Yoast SEO plugin v23.8 - https:\/\/yoast.com\/wordpress\/plugins\/seo\/ -->\n<title>Adezz Panel Cortenstahlpfosten 10.6x6x270cm<\/title>\n<meta name=\"robots\" content=\"noindex, follow, max-snippet:-1, max-image-preview:large, max-video-preview:-1\" \/>\n<meta property=\"og:locale\" content=\"de_DE\" \/>\n<meta property=\"og:type\" content=\"article\" \/>\n<meta property=\"og:title\" content=\"Adezz Panel Cortenstahlpfosten 10.6x6x270cm\" \/>\n<meta property=\"og:description\" content=\"Rufen Sie uns an oder mailen Sie uns f\u00fcr den besten Preis!\" \/>\n<meta property=\"og:url\" content=\"https:\/\/dev.eliassen.nl\/de\/adezz-gartenpaneel-cortenstahlpfosten-10-6x6x270cm\/\" \/>\n<meta property=\"og:site_name\" content=\"Eliassen.nl\" \/>\n<meta property=\"article:publisher\" content=\"https:\/\/www.facebook.com\/TuincentrumEliassenAmmerzoden\" \/>\n<meta property=\"article:modified_time\" content=\"2024-01-12T13:47:38+00:00\" \/>\n<meta property=\"og:image\" content=\"https:\/\/dev.eliassen.nl\/wp-content\/uploads\/2021\/09\/Adezz-Tuinpaneel-Cortenstaal-Paal-10.6x6x270cm-eliassen.nl_.webp\" \/>\n\t<meta property=\"og:image:width\" content=\"699\" \/>\n\t<meta property=\"og:image:height\" content=\"699\" \/>\n\t<meta property=\"og:image:type\" content=\"image\/webp\" \/>\n<meta name=\"twitter:card\" content=\"summary_large_image\" \/>\n<script type=\"application\/ld+json\" class=\"yoast-schema-graph\">{\"@context\":\"https:\/\/schema.org\",\"@graph\":[{\"@type\":\"WebPage\",\"@id\":\"https:\/\/dev.eliassen.nl\/de\/adezz-gartenpaneel-cortenstahlpfosten-10-6x6x270cm\/\",\"url\":\"https:\/\/dev.eliassen.nl\/de\/adezz-gartenpaneel-cortenstahlpfosten-10-6x6x270cm\/\",\"name\":\"Adezz Panel Cortenstahlpfosten 10.6x6x270cm\",\"isPartOf\":{\"@id\":\"https:\/\/dev.eliassen.nl\/de\/#website\"},\"primaryImageOfPage\":{\"@id\":\"https:\/\/dev.eliassen.nl\/de\/adezz-gartenpaneel-cortenstahlpfosten-10-6x6x270cm\/#primaryimage\"},\"image\":{\"@id\":\"https:\/\/dev.eliassen.nl\/de\/adezz-gartenpaneel-cortenstahlpfosten-10-6x6x270cm\/#primaryimage\"},\"thumbnailUrl\":\"https:\/\/dev.eliassen.nl\/wp-content\/uploads\/2021\/09\/Adezz-Tuinpaneel-Cortenstaal-Paal-10.6x6x270cm-eliassen.nl_.webp\",\"datePublished\":\"2021-09-16T13:42:49+00:00\",\"dateModified\":\"2024-01-12T13:47:38+00:00\",\"breadcrumb\":{\"@id\":\"https:\/\/dev.eliassen.nl\/de\/adezz-gartenpaneel-cortenstahlpfosten-10-6x6x270cm\/#breadcrumb\"},\"inLanguage\":\"de\",\"potentialAction\":[{\"@type\":\"ReadAction\",\"target\":[\"https:\/\/dev.eliassen.nl\/de\/adezz-gartenpaneel-cortenstahlpfosten-10-6x6x270cm\/\"]}]},{\"@type\":\"ImageObject\",\"inLanguage\":\"de\",\"@id\":\"https:\/\/dev.eliassen.nl\/de\/adezz-gartenpaneel-cortenstahlpfosten-10-6x6x270cm\/#primaryimage\",\"url\":\"https:\/\/dev.eliassen.nl\/wp-content\/uploads\/2021\/09\/Adezz-Tuinpaneel-Cortenstaal-Paal-10.6x6x270cm-eliassen.nl_.webp\",\"contentUrl\":\"https:\/\/dev.eliassen.nl\/wp-content\/uploads\/2021\/09\/Adezz-Tuinpaneel-Cortenstaal-Paal-10.6x6x270cm-eliassen.nl_.webp\",\"width\":699,\"height\":699,\"caption\":\"Adezz Tuinpaneel Cortenstaal Paal 10.6x6x270cm eliassen.nl\"},{\"@type\":\"BreadcrumbList\",\"@id\":\"https:\/\/dev.eliassen.nl\/de\/adezz-gartenpaneel-cortenstahlpfosten-10-6x6x270cm\/#breadcrumb\",\"itemListElement\":[{\"@type\":\"ListItem\",\"position\":1,\"name\":\"Home\",\"item\":\"https:\/\/dev.eliassen.nl\/de\/\"},{\"@type\":\"ListItem\",\"position\":2,\"name\":\"Shop\",\"item\":\"https:\/\/dev.eliassen.nl\/nl\/winkel\/\"},{\"@type\":\"ListItem\",\"position\":3,\"name\":\"Adezz-Produkte\",\"item\":\"https:\/\/dev.eliassen.nl\/de\/adezz-produkte\/\"},{\"@type\":\"ListItem\",\"position\":4,\"name\":\"Gartenpaneele aus Cortenstahl\",\"item\":\"https:\/\/dev.eliassen.nl\/de\/adezz-produkte\/gartenpaneele-aus-cortenstahl\/\"},{\"@type\":\"ListItem\",\"position\":5,\"name\":\"Pfosten f\u00fcr Corten-Gartenpaneele von adezz\",\"item\":\"https:\/\/dev.eliassen.nl\/de\/adezz-produkte\/gartenpaneele-aus-cortenstahl\/pfosten-fuer-corten-gartenpaneele-von-adezz\/\"},{\"@type\":\"ListItem\",\"position\":6,\"name\":\"Adezz Gartenpaneel Cortenstahlpfosten 10.6x6x270cm\"}]},{\"@type\":\"WebSite\",\"@id\":\"https:\/\/dev.eliassen.nl\/de\/#website\",\"url\":\"https:\/\/dev.eliassen.nl\/de\/\",\"name\":\"Eliassen Home & Garden Pleasure\",\"description\":\"\",\"publisher\":{\"@id\":\"https:\/\/dev.eliassen.nl\/de\/#organization\"},\"alternateName\":\"Eliassen.nl\",\"potentialAction\":[{\"@type\":\"SearchAction\",\"target\":{\"@type\":\"EntryPoint\",\"urlTemplate\":\"https:\/\/dev.eliassen.nl\/de\/?s={search_term_string}\"},\"query-input\":{\"@type\":\"PropertyValueSpecification\",\"valueRequired\":true,\"valueName\":\"search_term_string\"}}],\"inLanguage\":\"de\"},{\"@type\":\"Organization\",\"@id\":\"https:\/\/dev.eliassen.nl\/de\/#organization\",\"name\":\"Eliassen Home & Garden Pleasure\",\"url\":\"https:\/\/dev.eliassen.nl\/de\/\",\"logo\":{\"@type\":\"ImageObject\",\"inLanguage\":\"de\",\"@id\":\"https:\/\/dev.eliassen.nl\/de\/#\/schema\/logo\/image\/\",\"url\":\"https:\/\/www.eliassen.nl\/wp-content\/uploads\/2024\/01\/logo_4nd.jpg\",\"contentUrl\":\"https:\/\/www.eliassen.nl\/wp-content\/uploads\/2024\/01\/logo_4nd.jpg\",\"width\":500,\"height\":500,\"caption\":\"Eliassen Home & Garden Pleasure\"},\"image\":{\"@id\":\"https:\/\/dev.eliassen.nl\/de\/#\/schema\/logo\/image\/\"},\"sameAs\":[\"https:\/\/www.facebook.com\/TuincentrumEliassenAmmerzoden\",\"https:\/\/www.instagram.com\/eliassenhomeandgarden\/\",\"https:\/\/nl.pinterest.com\/eliassenhomeandgarden\/\",\"https:\/\/www.youtube.com\/@eliassenhomegardenpleasure4558\"]}]}<\/script>\n<!-- \/ Yoast SEO plugin. -->","yoast_head_json":{"title":"Adezz Panel Cortenstahlpfosten 10.6x6x270cm","robots":{"index":"noindex","follow":"follow","max-snippet":"max-snippet:-1","max-image-preview":"max-image-preview:large","max-video-preview":"max-video-preview:-1"},"og_locale":"de_DE","og_type":"article","og_title":"Adezz Panel Cortenstahlpfosten 10.6x6x270cm","og_description":"Rufen Sie uns an oder mailen Sie uns f\u00fcr den besten Preis!","og_url":"https:\/\/dev.eliassen.nl\/de\/adezz-gartenpaneel-cortenstahlpfosten-10-6x6x270cm\/","og_site_name":"Eliassen.nl","article_publisher":"https:\/\/www.facebook.com\/TuincentrumEliassenAmmerzoden","article_modified_time":"2024-01-12T13:47:38+00:00","og_image":[{"width":699,"height":699,"url":"https:\/\/dev.eliassen.nl\/wp-content\/uploads\/2021\/09\/Adezz-Tuinpaneel-Cortenstaal-Paal-10.6x6x270cm-eliassen.nl_.webp","type":"image\/webp"}],"twitter_card":"summary_large_image","schema":{"@context":"https:\/\/schema.org","@graph":[{"@type":"WebPage","@id":"https:\/\/dev.eliassen.nl\/de\/adezz-gartenpaneel-cortenstahlpfosten-10-6x6x270cm\/","url":"https:\/\/dev.eliassen.nl\/de\/adezz-gartenpaneel-cortenstahlpfosten-10-6x6x270cm\/","name":"Adezz Panel Cortenstahlpfosten 10.6x6x270cm","isPartOf":{"@id":"https:\/\/dev.eliassen.nl\/de\/#website"},"primaryImageOfPage":{"@id":"https:\/\/dev.eliassen.nl\/de\/adezz-gartenpaneel-cortenstahlpfosten-10-6x6x270cm\/#primaryimage"},"image":{"@id":"https:\/\/dev.eliassen.nl\/de\/adezz-gartenpaneel-cortenstahlpfosten-10-6x6x270cm\/#primaryimage"},"thumbnailUrl":"https:\/\/dev.eliassen.nl\/wp-content\/uploads\/2021\/09\/Adezz-Tuinpaneel-Cortenstaal-Paal-10.6x6x270cm-eliassen.nl_.webp","datePublished":"2021-09-16T13:42:49+00:00","dateModified":"2024-01-12T13:47:38+00:00","breadcrumb":{"@id":"https:\/\/dev.eliassen.nl\/de\/adezz-gartenpaneel-cortenstahlpfosten-10-6x6x270cm\/#breadcrumb"},"inLanguage":"de","potentialAction":[{"@type":"ReadAction","target":["https:\/\/dev.eliassen.nl\/de\/adezz-gartenpaneel-cortenstahlpfosten-10-6x6x270cm\/"]}]},{"@type":"ImageObject","inLanguage":"de","@id":"https:\/\/dev.eliassen.nl\/de\/adezz-gartenpaneel-cortenstahlpfosten-10-6x6x270cm\/#primaryimage","url":"https:\/\/dev.eliassen.nl\/wp-content\/uploads\/2021\/09\/Adezz-Tuinpaneel-Cortenstaal-Paal-10.6x6x270cm-eliassen.nl_.webp","contentUrl":"https:\/\/dev.eliassen.nl\/wp-content\/uploads\/2021\/09\/Adezz-Tuinpaneel-Cortenstaal-Paal-10.6x6x270cm-eliassen.nl_.webp","width":699,"height":699,"caption":"Adezz Tuinpaneel Cortenstaal Paal 10.6x6x270cm eliassen.nl"},{"@type":"BreadcrumbList","@id":"https:\/\/dev.eliassen.nl\/de\/adezz-gartenpaneel-cortenstahlpfosten-10-6x6x270cm\/#breadcrumb","itemListElement":[{"@type":"ListItem","position":1,"name":"Home","item":"https:\/\/dev.eliassen.nl\/de\/"},{"@type":"ListItem","position":2,"name":"Shop","item":"https:\/\/dev.eliassen.nl\/nl\/winkel\/"},{"@type":"ListItem","position":3,"name":"Adezz-Produkte","item":"https:\/\/dev.eliassen.nl\/de\/adezz-produkte\/"},{"@type":"ListItem","position":4,"name":"Gartenpaneele aus Cortenstahl","item":"https:\/\/dev.eliassen.nl\/de\/adezz-produkte\/gartenpaneele-aus-cortenstahl\/"},{"@type":"ListItem","position":5,"name":"Pfosten f\u00fcr Corten-Gartenpaneele von adezz","item":"https:\/\/dev.eliassen.nl\/de\/adezz-produkte\/gartenpaneele-aus-cortenstahl\/pfosten-fuer-corten-gartenpaneele-von-adezz\/"},{"@type":"ListItem","position":6,"name":"Adezz Gartenpaneel Cortenstahlpfosten 10.6x6x270cm"}]},{"@type":"WebSite","@id":"https:\/\/dev.eliassen.nl\/de\/#website","url":"https:\/\/dev.eliassen.nl\/de\/","name":"Eliassen Home & Garden Pleasure","description":"","publisher":{"@id":"https:\/\/dev.eliassen.nl\/de\/#organization"},"alternateName":"Eliassen.nl","potentialAction":[{"@type":"SearchAction","target":{"@type":"EntryPoint","urlTemplate":"https:\/\/dev.eliassen.nl\/de\/?s={search_term_string}"},"query-input":{"@type":"PropertyValueSpecification","valueRequired":true,"valueName":"search_term_string"}}],"inLanguage":"de"},{"@type":"Organization","@id":"https:\/\/dev.eliassen.nl\/de\/#organization","name":"Eliassen Home & Garden Pleasure","url":"https:\/\/dev.eliassen.nl\/de\/","logo":{"@type":"ImageObject","inLanguage":"de","@id":"https:\/\/dev.eliassen.nl\/de\/#\/schema\/logo\/image\/","url":"https:\/\/www.eliassen.nl\/wp-content\/uploads\/2024\/01\/logo_4nd.jpg","contentUrl":"https:\/\/www.eliassen.nl\/wp-content\/uploads\/2024\/01\/logo_4nd.jpg","width":500,"height":500,"caption":"Eliassen Home & Garden Pleasure"},"image":{"@id":"https:\/\/dev.eliassen.nl\/de\/#\/schema\/logo\/image\/"},"sameAs":["https:\/\/www.facebook.com\/TuincentrumEliassenAmmerzoden","https:\/\/www.instagram.com\/eliassenhomeandgarden\/","https:\/\/nl.pinterest.com\/eliassenhomeandgarden\/","https:\/\/www.youtube.com\/@eliassenhomegardenpleasure4558"]}]}},"df_price":149,"df_sale_price":"","df_regular_price":149,"df_image_link":"https:\/\/dev.eliassen.nl\/wp-content\/uploads\/2021\/09\/Adezz-Tuinpaneel-Cortenstaal-Paal-10.6x6x270cm-eliassen.nl_-300x300.webp","image":"https:\/\/dev.eliassen.nl\/wp-content\/uploads\/2021\/09\/Adezz-Tuinpaneel-Cortenstaal-Paal-10.6x6x270cm-eliassen.nl_-150x150.webp","price_search":"<span class=\"woocommerce-Price-amount amount\"><bdi><span class=\"woocommerce-Price-currencySymbol\">&euro;<\/span>&nbsp;149,00<\/bdi><\/span>","category":"Adezz-Produkte","_links":{"self":[{"href":"https:\/\/dev.eliassen.nl\/de\/wp-json\/wp\/v2\/product\/61528","targetHints":{"allow":["GET"]}}],"collection":[{"href":"https:\/\/dev.eliassen.nl\/de\/wp-json\/wp\/v2\/product"}],"about":[{"href":"https:\/\/dev.eliassen.nl\/de\/wp-json\/wp\/v2\/types\/product"}],"wp:featuredmedia":[{"embeddable":true,"href":"https:\/\/dev.eliassen.nl\/de\/wp-json\/wp\/v2\/media\/176989"}],"wp:attachment":[{"href":"https:\/\/dev.eliassen.nl\/de\/wp-json\/wp\/v2\/media?parent=61528"}],"wp:term":[{"taxonomy":"product_brand","embeddable":true,"href":"https:\/\/dev.eliassen.nl\/de\/wp-json\/wp\/v2\/product_brand?post=61528"},{"taxonomy":"product_cat","embeddable":true,"href":"https:\/\/dev.eliassen.nl\/de\/wp-json\/wp\/v2\/product_cat?post=61528"},{"taxonomy":"product_tag","embeddable":true,"href":"https:\/\/dev.eliassen.nl\/de\/wp-json\/wp\/v2\/product_tag?post=61528"}],"curies":[{"name":"wp","href":"https:\/\/api.w.org\/{rel}","templated":true}]}}