{"id":63268,"date":"2021-09-17T02:24:36","date_gmt":"2021-09-17T00:24:36","guid":{"rendered":"https:\/\/www.eliassen.nl\/?product=adezz-brievenbus-cortenstaal-paca-87x30x125cm"},"modified":"2024-01-16T13:31:53","modified_gmt":"2024-01-16T13:31:53","slug":"adezz-briefkasten-corten-steel-paca-87x30x125cm","status":"publish","type":"product","link":"https:\/\/dev.eliassen.nl\/de\/adezz-briefkasten-corten-steel-paca-87x30x125cm\/","title":{"rendered":"Adezz Briefkasten Corten Steel Paca 87x30x125cm"},"content":{"rendered":"<p><a href=\"https:\/\/cdn.adezz.com\/production\/ERP_handleidingen\/Productmodellen\/340\/469\/ADEZZ%20Paketbriefk%C3%A4sten_DE.pdf\"><strong><u>Handbuch<\/u><\/strong><\/a> <strong><u>|<\/u> <a href=\"https:\/\/cdn.adezz.com\/production\/ERP_handleidingen\/Producten\/2039\/717\/PACA%20PPS1%201sheet.PDF\"><u>Skizzieren<\/u><\/a><\/strong><\/p>\n<p><strong><a href=\"https:\/\/www.youtube.com\/watch?v=zdflGbngZCM\" target=\"_blank\" rel=\"noopener\"><img decoding=\"async\" src=\"https:\/\/www.eliassen.nl\/wp-content\/uploads\/content\/youtube-play.png\" alt=\"\" width=\"27\" height=\"27\" \/><\/a><\/strong><strong><a href=\"https:\/\/www.youtube.com\/watch?v=zdflGbngZCM\" target=\"_blank\" rel=\"noopener\">Schau video<\/a><\/strong><\/p>\n<p>Dieses Modell Paca ist ein sehr praktischer Briefkasten. In diesem Briefkasten k\u00f6nnen Pakete hinterlassen werden, die nach der Einlieferung nicht mehr entfernt werden k\u00f6nnen. Durch das interne Kippsystem fallen die Pakete auf den Boden des Briefkastens.<\/p>\n<p>Die maximale Paketgr\u00f6\u00dfe betr\u00e4gt 60x40x24cm. Der Briefkasten ist komplett aus 2mm starkem Cortenstahl gefertigt. Auf der R\u00fcckseite hat der Briefkasten eine abschlie\u00dfbare T\u00fcr und 2 Schl\u00fcssel sind im Lieferumfang enthalten. Die Schlitz\u00f6ffnung entspricht den PostNL-Standards.<\/p>\n<ul>\n<li>Material: Cortenstahl 2mm<\/li>\n<li>Das obere Ventil wird von Gasfedern unterst\u00fctzt<\/li>\n<li>Ausgestattet mit einem soliden Schloss<\/li>\n<li>Erf\u00fcllt den PostNL-Standard<\/li>\n<li>5 Jahre Garantie<\/li>\n<li>Kostenloser Versand innerhalb der Niederlande<\/li>\n<\/ul>\n<p>Kommen Sie und sehen Sie sich einen gro\u00dfen Teil unserer Kollektion <strong>live<\/strong> in unserem Ausstellungsraum an!<\/p>\n<p>Haben Sie eine Frage zu diesem Produkt? <a href=\"mailto:info@eliassen.nl\">Mailen Sie<\/a> uns und stellen Sie Ihre Frage.<\/p>\n","protected":false},"excerpt":{"rendered":"<p>Rufen Sie uns an oder mailen Sie uns f\u00fcr den besten Preis!<\/p>\n","protected":false},"featured_media":176983,"template":"","meta":{"_acf_changed":false},"product_brand":[6920],"product_cat":[773,758,1124,752],"product_tag":[],"class_list":{"0":"post-63268","1":"product","2":"type-product","3":"status-publish","4":"has-post-thumbnail","6":"product_brand-adezz-de","7":"product_cat-adezz-produkte","8":"product_cat-briefkaesten","9":"product_cat-briefkaesten-aus-cortenstahl","10":"product_cat-weitere-artikel","12":"first","13":"onbackorder","14":"taxable","15":"shipping-taxable","16":"purchasable","17":"product-type-simple"},"acf":[],"yoast_head":"<!-- This site is optimized with the Yoast SEO plugin v23.8 - https:\/\/yoast.com\/wordpress\/plugins\/seo\/ -->\n<title>Adezz Briefkasten Corten Steel Paca 87x30x125cm<\/title>\n<meta name=\"robots\" content=\"noindex, follow, max-snippet:-1, max-image-preview:large, max-video-preview:-1\" \/>\n<meta property=\"og:locale\" content=\"de_DE\" \/>\n<meta property=\"og:type\" content=\"article\" \/>\n<meta property=\"og:title\" content=\"Adezz Briefkasten Corten Steel Paca 87x30x125cm\" \/>\n<meta property=\"og:description\" content=\"Rufen Sie uns an oder mailen Sie uns f\u00fcr den besten Preis!\" \/>\n<meta property=\"og:url\" content=\"https:\/\/dev.eliassen.nl\/de\/adezz-briefkasten-corten-steel-paca-87x30x125cm\/\" \/>\n<meta property=\"og:site_name\" content=\"Eliassen.nl\" \/>\n<meta property=\"article:publisher\" content=\"https:\/\/www.facebook.com\/TuincentrumEliassenAmmerzoden\" \/>\n<meta property=\"article:modified_time\" content=\"2024-01-16T13:31:53+00:00\" \/>\n<meta property=\"og:image\" content=\"https:\/\/dev.eliassen.nl\/wp-content\/uploads\/2021\/09\/Adezz-Brievenbus-Cortenstaal-Paca-87x30x125cm-eliassen.nl_.webp\" \/>\n\t<meta property=\"og:image:width\" content=\"699\" \/>\n\t<meta property=\"og:image:height\" content=\"699\" \/>\n\t<meta property=\"og:image:type\" content=\"image\/webp\" \/>\n<meta name=\"twitter:card\" content=\"summary_large_image\" \/>\n<script type=\"application\/ld+json\" class=\"yoast-schema-graph\">{\"@context\":\"https:\/\/schema.org\",\"@graph\":[{\"@type\":\"WebPage\",\"@id\":\"https:\/\/dev.eliassen.nl\/de\/adezz-briefkasten-corten-steel-paca-87x30x125cm\/\",\"url\":\"https:\/\/dev.eliassen.nl\/de\/adezz-briefkasten-corten-steel-paca-87x30x125cm\/\",\"name\":\"Adezz Briefkasten Corten Steel Paca 87x30x125cm\",\"isPartOf\":{\"@id\":\"https:\/\/dev.eliassen.nl\/de\/#website\"},\"primaryImageOfPage\":{\"@id\":\"https:\/\/dev.eliassen.nl\/de\/adezz-briefkasten-corten-steel-paca-87x30x125cm\/#primaryimage\"},\"image\":{\"@id\":\"https:\/\/dev.eliassen.nl\/de\/adezz-briefkasten-corten-steel-paca-87x30x125cm\/#primaryimage\"},\"thumbnailUrl\":\"https:\/\/dev.eliassen.nl\/wp-content\/uploads\/2021\/09\/Adezz-Brievenbus-Cortenstaal-Paca-87x30x125cm-eliassen.nl_.webp\",\"datePublished\":\"2021-09-17T00:24:36+00:00\",\"dateModified\":\"2024-01-16T13:31:53+00:00\",\"breadcrumb\":{\"@id\":\"https:\/\/dev.eliassen.nl\/de\/adezz-briefkasten-corten-steel-paca-87x30x125cm\/#breadcrumb\"},\"inLanguage\":\"de\",\"potentialAction\":[{\"@type\":\"ReadAction\",\"target\":[\"https:\/\/dev.eliassen.nl\/de\/adezz-briefkasten-corten-steel-paca-87x30x125cm\/\"]}]},{\"@type\":\"ImageObject\",\"inLanguage\":\"de\",\"@id\":\"https:\/\/dev.eliassen.nl\/de\/adezz-briefkasten-corten-steel-paca-87x30x125cm\/#primaryimage\",\"url\":\"https:\/\/dev.eliassen.nl\/wp-content\/uploads\/2021\/09\/Adezz-Brievenbus-Cortenstaal-Paca-87x30x125cm-eliassen.nl_.webp\",\"contentUrl\":\"https:\/\/dev.eliassen.nl\/wp-content\/uploads\/2021\/09\/Adezz-Brievenbus-Cortenstaal-Paca-87x30x125cm-eliassen.nl_.webp\",\"width\":699,\"height\":699,\"caption\":\"Adezz Brievenbus Cortenstaal Paca 87x30x125cm eliassen.nl\"},{\"@type\":\"BreadcrumbList\",\"@id\":\"https:\/\/dev.eliassen.nl\/de\/adezz-briefkasten-corten-steel-paca-87x30x125cm\/#breadcrumb\",\"itemListElement\":[{\"@type\":\"ListItem\",\"position\":1,\"name\":\"Home\",\"item\":\"https:\/\/dev.eliassen.nl\/de\/\"},{\"@type\":\"ListItem\",\"position\":2,\"name\":\"Shop\",\"item\":\"https:\/\/dev.eliassen.nl\/nl\/winkel\/\"},{\"@type\":\"ListItem\",\"position\":3,\"name\":\"Weitere Artikel\",\"item\":\"https:\/\/dev.eliassen.nl\/de\/weitere-artikel\/\"},{\"@type\":\"ListItem\",\"position\":4,\"name\":\"Briefk\u00e4sten\",\"item\":\"https:\/\/dev.eliassen.nl\/de\/garten-andere\/briefkaesten\/\"},{\"@type\":\"ListItem\",\"position\":5,\"name\":\"Adezz Briefkasten Corten Steel Paca 87x30x125cm\"}]},{\"@type\":\"WebSite\",\"@id\":\"https:\/\/dev.eliassen.nl\/de\/#website\",\"url\":\"https:\/\/dev.eliassen.nl\/de\/\",\"name\":\"Eliassen Home & Garden Pleasure\",\"description\":\"\",\"publisher\":{\"@id\":\"https:\/\/dev.eliassen.nl\/de\/#organization\"},\"alternateName\":\"Eliassen.nl\",\"potentialAction\":[{\"@type\":\"SearchAction\",\"target\":{\"@type\":\"EntryPoint\",\"urlTemplate\":\"https:\/\/dev.eliassen.nl\/de\/?s={search_term_string}\"},\"query-input\":{\"@type\":\"PropertyValueSpecification\",\"valueRequired\":true,\"valueName\":\"search_term_string\"}}],\"inLanguage\":\"de\"},{\"@type\":\"Organization\",\"@id\":\"https:\/\/dev.eliassen.nl\/de\/#organization\",\"name\":\"Eliassen Home & Garden Pleasure\",\"url\":\"https:\/\/dev.eliassen.nl\/de\/\",\"logo\":{\"@type\":\"ImageObject\",\"inLanguage\":\"de\",\"@id\":\"https:\/\/dev.eliassen.nl\/de\/#\/schema\/logo\/image\/\",\"url\":\"https:\/\/www.eliassen.nl\/wp-content\/uploads\/2024\/01\/logo_4nd.jpg\",\"contentUrl\":\"https:\/\/www.eliassen.nl\/wp-content\/uploads\/2024\/01\/logo_4nd.jpg\",\"width\":500,\"height\":500,\"caption\":\"Eliassen Home & Garden Pleasure\"},\"image\":{\"@id\":\"https:\/\/dev.eliassen.nl\/de\/#\/schema\/logo\/image\/\"},\"sameAs\":[\"https:\/\/www.facebook.com\/TuincentrumEliassenAmmerzoden\",\"https:\/\/www.instagram.com\/eliassenhomeandgarden\/\",\"https:\/\/nl.pinterest.com\/eliassenhomeandgarden\/\",\"https:\/\/www.youtube.com\/@eliassenhomegardenpleasure4558\"]}]}<\/script>\n<!-- \/ Yoast SEO plugin. -->","yoast_head_json":{"title":"Adezz Briefkasten Corten Steel Paca 87x30x125cm","robots":{"index":"noindex","follow":"follow","max-snippet":"max-snippet:-1","max-image-preview":"max-image-preview:large","max-video-preview":"max-video-preview:-1"},"og_locale":"de_DE","og_type":"article","og_title":"Adezz Briefkasten Corten Steel Paca 87x30x125cm","og_description":"Rufen Sie uns an oder mailen Sie uns f\u00fcr den besten Preis!","og_url":"https:\/\/dev.eliassen.nl\/de\/adezz-briefkasten-corten-steel-paca-87x30x125cm\/","og_site_name":"Eliassen.nl","article_publisher":"https:\/\/www.facebook.com\/TuincentrumEliassenAmmerzoden","article_modified_time":"2024-01-16T13:31:53+00:00","og_image":[{"width":699,"height":699,"url":"https:\/\/dev.eliassen.nl\/wp-content\/uploads\/2021\/09\/Adezz-Brievenbus-Cortenstaal-Paca-87x30x125cm-eliassen.nl_.webp","type":"image\/webp"}],"twitter_card":"summary_large_image","schema":{"@context":"https:\/\/schema.org","@graph":[{"@type":"WebPage","@id":"https:\/\/dev.eliassen.nl\/de\/adezz-briefkasten-corten-steel-paca-87x30x125cm\/","url":"https:\/\/dev.eliassen.nl\/de\/adezz-briefkasten-corten-steel-paca-87x30x125cm\/","name":"Adezz Briefkasten Corten Steel Paca 87x30x125cm","isPartOf":{"@id":"https:\/\/dev.eliassen.nl\/de\/#website"},"primaryImageOfPage":{"@id":"https:\/\/dev.eliassen.nl\/de\/adezz-briefkasten-corten-steel-paca-87x30x125cm\/#primaryimage"},"image":{"@id":"https:\/\/dev.eliassen.nl\/de\/adezz-briefkasten-corten-steel-paca-87x30x125cm\/#primaryimage"},"thumbnailUrl":"https:\/\/dev.eliassen.nl\/wp-content\/uploads\/2021\/09\/Adezz-Brievenbus-Cortenstaal-Paca-87x30x125cm-eliassen.nl_.webp","datePublished":"2021-09-17T00:24:36+00:00","dateModified":"2024-01-16T13:31:53+00:00","breadcrumb":{"@id":"https:\/\/dev.eliassen.nl\/de\/adezz-briefkasten-corten-steel-paca-87x30x125cm\/#breadcrumb"},"inLanguage":"de","potentialAction":[{"@type":"ReadAction","target":["https:\/\/dev.eliassen.nl\/de\/adezz-briefkasten-corten-steel-paca-87x30x125cm\/"]}]},{"@type":"ImageObject","inLanguage":"de","@id":"https:\/\/dev.eliassen.nl\/de\/adezz-briefkasten-corten-steel-paca-87x30x125cm\/#primaryimage","url":"https:\/\/dev.eliassen.nl\/wp-content\/uploads\/2021\/09\/Adezz-Brievenbus-Cortenstaal-Paca-87x30x125cm-eliassen.nl_.webp","contentUrl":"https:\/\/dev.eliassen.nl\/wp-content\/uploads\/2021\/09\/Adezz-Brievenbus-Cortenstaal-Paca-87x30x125cm-eliassen.nl_.webp","width":699,"height":699,"caption":"Adezz Brievenbus Cortenstaal Paca 87x30x125cm eliassen.nl"},{"@type":"BreadcrumbList","@id":"https:\/\/dev.eliassen.nl\/de\/adezz-briefkasten-corten-steel-paca-87x30x125cm\/#breadcrumb","itemListElement":[{"@type":"ListItem","position":1,"name":"Home","item":"https:\/\/dev.eliassen.nl\/de\/"},{"@type":"ListItem","position":2,"name":"Shop","item":"https:\/\/dev.eliassen.nl\/nl\/winkel\/"},{"@type":"ListItem","position":3,"name":"Weitere Artikel","item":"https:\/\/dev.eliassen.nl\/de\/weitere-artikel\/"},{"@type":"ListItem","position":4,"name":"Briefk\u00e4sten","item":"https:\/\/dev.eliassen.nl\/de\/garten-andere\/briefkaesten\/"},{"@type":"ListItem","position":5,"name":"Adezz Briefkasten Corten Steel Paca 87x30x125cm"}]},{"@type":"WebSite","@id":"https:\/\/dev.eliassen.nl\/de\/#website","url":"https:\/\/dev.eliassen.nl\/de\/","name":"Eliassen Home & Garden Pleasure","description":"","publisher":{"@id":"https:\/\/dev.eliassen.nl\/de\/#organization"},"alternateName":"Eliassen.nl","potentialAction":[{"@type":"SearchAction","target":{"@type":"EntryPoint","urlTemplate":"https:\/\/dev.eliassen.nl\/de\/?s={search_term_string}"},"query-input":{"@type":"PropertyValueSpecification","valueRequired":true,"valueName":"search_term_string"}}],"inLanguage":"de"},{"@type":"Organization","@id":"https:\/\/dev.eliassen.nl\/de\/#organization","name":"Eliassen Home & Garden Pleasure","url":"https:\/\/dev.eliassen.nl\/de\/","logo":{"@type":"ImageObject","inLanguage":"de","@id":"https:\/\/dev.eliassen.nl\/de\/#\/schema\/logo\/image\/","url":"https:\/\/www.eliassen.nl\/wp-content\/uploads\/2024\/01\/logo_4nd.jpg","contentUrl":"https:\/\/www.eliassen.nl\/wp-content\/uploads\/2024\/01\/logo_4nd.jpg","width":500,"height":500,"caption":"Eliassen Home & Garden Pleasure"},"image":{"@id":"https:\/\/dev.eliassen.nl\/de\/#\/schema\/logo\/image\/"},"sameAs":["https:\/\/www.facebook.com\/TuincentrumEliassenAmmerzoden","https:\/\/www.instagram.com\/eliassenhomeandgarden\/","https:\/\/nl.pinterest.com\/eliassenhomeandgarden\/","https:\/\/www.youtube.com\/@eliassenhomegardenpleasure4558"]}]}},"df_price":1299,"df_sale_price":"","df_regular_price":1299,"df_image_link":"https:\/\/dev.eliassen.nl\/wp-content\/uploads\/2021\/09\/Adezz-Brievenbus-Cortenstaal-Paca-87x30x125cm-eliassen.nl_-300x300.webp","image":"https:\/\/dev.eliassen.nl\/wp-content\/uploads\/2021\/09\/Adezz-Brievenbus-Cortenstaal-Paca-87x30x125cm-eliassen.nl_-150x150.webp","price_search":"<span class=\"woocommerce-Price-amount amount\"><bdi><span class=\"woocommerce-Price-currencySymbol\">&euro;<\/span>&nbsp;1.299,00<\/bdi><\/span>","category":"Adezz-Produkte","_links":{"self":[{"href":"https:\/\/dev.eliassen.nl\/de\/wp-json\/wp\/v2\/product\/63268","targetHints":{"allow":["GET"]}}],"collection":[{"href":"https:\/\/dev.eliassen.nl\/de\/wp-json\/wp\/v2\/product"}],"about":[{"href":"https:\/\/dev.eliassen.nl\/de\/wp-json\/wp\/v2\/types\/product"}],"wp:featuredmedia":[{"embeddable":true,"href":"https:\/\/dev.eliassen.nl\/de\/wp-json\/wp\/v2\/media\/176983"}],"wp:attachment":[{"href":"https:\/\/dev.eliassen.nl\/de\/wp-json\/wp\/v2\/media?parent=63268"}],"wp:term":[{"taxonomy":"product_brand","embeddable":true,"href":"https:\/\/dev.eliassen.nl\/de\/wp-json\/wp\/v2\/product_brand?post=63268"},{"taxonomy":"product_cat","embeddable":true,"href":"https:\/\/dev.eliassen.nl\/de\/wp-json\/wp\/v2\/product_cat?post=63268"},{"taxonomy":"product_tag","embeddable":true,"href":"https:\/\/dev.eliassen.nl\/de\/wp-json\/wp\/v2\/product_tag?post=63268"}],"curies":[{"name":"wp","href":"https:\/\/api.w.org\/{rel}","templated":true}]}}