{"id":63946,"date":"2021-09-25T12:31:56","date_gmt":"2021-09-25T10:31:56","guid":{"rendered":"https:\/\/www.eliassen.nl\/?product=waterbol-set-rvs-rood-60cm"},"modified":"2024-12-05T15:54:42","modified_gmt":"2024-12-05T14:54:42","slug":"wasserkugel-set-edelstahl-rot-60cm","status":"publish","type":"product","link":"https:\/\/dev.eliassen.nl\/de\/wasserkugel-set-edelstahl-rot-60cm\/","title":{"rendered":"Wasserkugel-Set Edelstahl rot 60cm"},"content":{"rendered":"<p>So versch\u00f6nern Sie Ihren Garten! Eine gro\u00dfe auff\u00e4llige rote Wasserkugel aus Edelstahl mit einem Durchmesser von 60 cm, auf der eine sch\u00f6ne rote Beschichtung eingebrannt wurde. Dieses Set mit einem Bubble Ball ergibt einen sch\u00f6nen Wasserlauf, wenn es eingeschaltet ist.<\/p>\n<p>Dieses rote Wasserkugel-Set ist vollst\u00e4ndig, das hei\u00dft, Sie brauchen wirklich nichts mehr. Dieses Set wird Ihnen inklusive angeboten:<\/p>\n<ul>\n<li>Pumpe<\/li>\n<li>LED-Licht<\/li>\n<li>Wasserschale und Deckel<\/li>\n<li>Algo Wasserpflege<\/li>\n<li>20 kg rote Lavabrocken, um alles zu beenden, diese Felsen f\u00e4rben sich wundersch\u00f6n.<\/li>\n<\/ul>\n<p>Das Foto zeigt nur ein paar Felsbrocken in der N\u00e4he der Kugel; in Wirklichkeit kann man die Findlinge viel breiter bearbeiten.<\/p>\n<ul>\n<li>Komplett-Set<\/li>\n<li>Edelstahlbeschichtete Wasserkugel, Durchmesser 60 cm, Qualit\u00e4t 316<\/li>\n<li>inkl. exklusiven roten Felsbrocken<\/li>\n<li>inkl. Algo Wasserpflege<\/li>\n<li>Lieferung ab Lager<\/li>\n<li>Auch live bei uns zu sehen.<\/li>\n<\/ul>\n<p>\u00a0<\/p>\n","protected":false},"excerpt":{"rendered":"<p>So versch\u00f6nern Sie Ihren Garten! Eine gro\u00dfe auff\u00e4llige rote Wasserkugel aus Edelstahl mit einem Durchmesser von 60 cm, auf der eine sch\u00f6ne rote Beschichtung eingebrannt wurde. Dieses Set mit einem Bubble Ball ergibt einen sch\u00f6nen Wasserlauf, wenn es eingeschaltet ist. Dieses rote Wasserkugel-Set ist vollst\u00e4ndig, das hei\u00dft, Sie brauchen wirklich nichts mehr. Dieses Set wird &hellip;<\/p>\n","protected":false},"featured_media":63928,"template":"","meta":{"_acf_changed":false},"product_brand":[],"product_cat":[569,554,536],"product_tag":[],"class_list":{"0":"post-63946","1":"product","2":"type-product","3":"status-publish","4":"has-post-thumbnail","6":"product_cat-wasserbaelle","7":"product_cat-wasserspiel-mit-grabbecken","8":"product_cat-wassereigenschaften","10":"first","11":"instock","12":"sale","13":"taxable","14":"shipping-taxable","15":"purchasable","16":"product-type-simple"},"acf":[],"yoast_head":"<!-- This site is optimized with the Yoast SEO plugin v23.8 - https:\/\/yoast.com\/wordpress\/plugins\/seo\/ -->\n<title>Edelstahl-Wasserkugel-Set | FARBE ROT | 60cm | Eliassen.nl<\/title>\n<meta name=\"description\" content=\"Eine wundersch\u00f6ne Wasserkugel in Rot in Edelstahlqualit\u00e4t. Wird als komplettes Set geliefert. Ab Lager verf\u00fcgbar. Auch LIVE in unserem Showroom zu sehen!\" \/>\n<meta name=\"robots\" content=\"noindex, follow, max-snippet:-1, max-image-preview:large, max-video-preview:-1\" \/>\n<meta property=\"og:locale\" content=\"de_DE\" \/>\n<meta property=\"og:type\" content=\"article\" \/>\n<meta property=\"og:title\" content=\"Edelstahl-Wasserkugel-Set | FARBE ROT | 60cm | Eliassen.nl\" \/>\n<meta property=\"og:description\" content=\"Eine wundersch\u00f6ne Wasserkugel in Rot in Edelstahlqualit\u00e4t. Wird als komplettes Set geliefert. Ab Lager verf\u00fcgbar. Auch LIVE in unserem Showroom zu sehen!\" \/>\n<meta property=\"og:url\" content=\"https:\/\/dev.eliassen.nl\/de\/wasserkugel-set-edelstahl-rot-60cm\/\" \/>\n<meta property=\"og:site_name\" content=\"Eliassen.nl\" \/>\n<meta property=\"article:publisher\" content=\"https:\/\/www.facebook.com\/TuincentrumEliassenAmmerzoden\" \/>\n<meta property=\"article:modified_time\" content=\"2024-12-05T14:54:42+00:00\" \/>\n<meta property=\"og:image\" content=\"https:\/\/dev.eliassen.nl\/wp-content\/uploads\/2024\/01\/mijnproject20221004t113114969_2nd.png\" \/>\n\t<meta property=\"og:image:width\" content=\"781\" \/>\n\t<meta property=\"og:image:height\" content=\"1000\" \/>\n\t<meta property=\"og:image:type\" content=\"image\/png\" \/>\n<meta name=\"twitter:card\" content=\"summary_large_image\" \/>\n<script type=\"application\/ld+json\" class=\"yoast-schema-graph\">{\"@context\":\"https:\/\/schema.org\",\"@graph\":[{\"@type\":\"WebPage\",\"@id\":\"https:\/\/dev.eliassen.nl\/de\/wasserkugel-set-edelstahl-rot-60cm\/\",\"url\":\"https:\/\/dev.eliassen.nl\/de\/wasserkugel-set-edelstahl-rot-60cm\/\",\"name\":\"Edelstahl-Wasserkugel-Set | FARBE ROT | 60cm | Eliassen.nl\",\"isPartOf\":{\"@id\":\"https:\/\/dev.eliassen.nl\/de\/#website\"},\"primaryImageOfPage\":{\"@id\":\"https:\/\/dev.eliassen.nl\/de\/wasserkugel-set-edelstahl-rot-60cm\/#primaryimage\"},\"image\":{\"@id\":\"https:\/\/dev.eliassen.nl\/de\/wasserkugel-set-edelstahl-rot-60cm\/#primaryimage\"},\"thumbnailUrl\":\"https:\/\/dev.eliassen.nl\/wp-content\/uploads\/2024\/01\/mijnproject20221004t113114969_2nd.png\",\"datePublished\":\"2021-09-25T10:31:56+00:00\",\"dateModified\":\"2024-12-05T14:54:42+00:00\",\"description\":\"Eine wundersch\u00f6ne Wasserkugel in Rot in Edelstahlqualit\u00e4t. Wird als komplettes Set geliefert. Ab Lager verf\u00fcgbar. Auch LIVE in unserem Showroom zu sehen!\",\"breadcrumb\":{\"@id\":\"https:\/\/dev.eliassen.nl\/de\/wasserkugel-set-edelstahl-rot-60cm\/#breadcrumb\"},\"inLanguage\":\"de\",\"potentialAction\":[{\"@type\":\"ReadAction\",\"target\":[\"https:\/\/dev.eliassen.nl\/de\/wasserkugel-set-edelstahl-rot-60cm\/\"]}]},{\"@type\":\"ImageObject\",\"inLanguage\":\"de\",\"@id\":\"https:\/\/dev.eliassen.nl\/de\/wasserkugel-set-edelstahl-rot-60cm\/#primaryimage\",\"url\":\"https:\/\/dev.eliassen.nl\/wp-content\/uploads\/2024\/01\/mijnproject20221004t113114969_2nd.png\",\"contentUrl\":\"https:\/\/dev.eliassen.nl\/wp-content\/uploads\/2024\/01\/mijnproject20221004t113114969_2nd.png\",\"width\":781,\"height\":1000,\"caption\":\"Mijn project - 2022-10-04T113114.969\"},{\"@type\":\"BreadcrumbList\",\"@id\":\"https:\/\/dev.eliassen.nl\/de\/wasserkugel-set-edelstahl-rot-60cm\/#breadcrumb\",\"itemListElement\":[{\"@type\":\"ListItem\",\"position\":1,\"name\":\"Home\",\"item\":\"https:\/\/dev.eliassen.nl\/de\/\"},{\"@type\":\"ListItem\",\"position\":2,\"name\":\"Shop\",\"item\":\"https:\/\/dev.eliassen.nl\/nl\/winkel\/\"},{\"@type\":\"ListItem\",\"position\":3,\"name\":\"Wasserspiele\",\"item\":\"https:\/\/dev.eliassen.nl\/de\/wassereigenschaften\/\"},{\"@type\":\"ListItem\",\"position\":4,\"name\":\"Wasserb\u00e4lle\",\"item\":\"https:\/\/dev.eliassen.nl\/de\/wassereigenschaften\/wasserbaelle\/\"},{\"@type\":\"ListItem\",\"position\":5,\"name\":\"Wasserkugel-Set Edelstahl rot 60cm\"}]},{\"@type\":\"WebSite\",\"@id\":\"https:\/\/dev.eliassen.nl\/de\/#website\",\"url\":\"https:\/\/dev.eliassen.nl\/de\/\",\"name\":\"Eliassen Home & Garden Pleasure\",\"description\":\"\",\"publisher\":{\"@id\":\"https:\/\/dev.eliassen.nl\/de\/#organization\"},\"alternateName\":\"Eliassen.nl\",\"potentialAction\":[{\"@type\":\"SearchAction\",\"target\":{\"@type\":\"EntryPoint\",\"urlTemplate\":\"https:\/\/dev.eliassen.nl\/de\/?s={search_term_string}\"},\"query-input\":{\"@type\":\"PropertyValueSpecification\",\"valueRequired\":true,\"valueName\":\"search_term_string\"}}],\"inLanguage\":\"de\"},{\"@type\":\"Organization\",\"@id\":\"https:\/\/dev.eliassen.nl\/de\/#organization\",\"name\":\"Eliassen Home & Garden Pleasure\",\"url\":\"https:\/\/dev.eliassen.nl\/de\/\",\"logo\":{\"@type\":\"ImageObject\",\"inLanguage\":\"de\",\"@id\":\"https:\/\/dev.eliassen.nl\/de\/#\/schema\/logo\/image\/\",\"url\":\"https:\/\/www.eliassen.nl\/wp-content\/uploads\/2024\/01\/logo_4nd.jpg\",\"contentUrl\":\"https:\/\/www.eliassen.nl\/wp-content\/uploads\/2024\/01\/logo_4nd.jpg\",\"width\":500,\"height\":500,\"caption\":\"Eliassen Home & Garden Pleasure\"},\"image\":{\"@id\":\"https:\/\/dev.eliassen.nl\/de\/#\/schema\/logo\/image\/\"},\"sameAs\":[\"https:\/\/www.facebook.com\/TuincentrumEliassenAmmerzoden\",\"https:\/\/www.instagram.com\/eliassenhomeandgarden\/\",\"https:\/\/nl.pinterest.com\/eliassenhomeandgarden\/\",\"https:\/\/www.youtube.com\/@eliassenhomegardenpleasure4558\"]}]}<\/script>\n<!-- \/ Yoast SEO plugin. -->","yoast_head_json":{"title":"Edelstahl-Wasserkugel-Set | FARBE ROT | 60cm | Eliassen.nl","description":"Eine wundersch\u00f6ne Wasserkugel in Rot in Edelstahlqualit\u00e4t. Wird als komplettes Set geliefert. Ab Lager verf\u00fcgbar. Auch LIVE in unserem Showroom zu sehen!","robots":{"index":"noindex","follow":"follow","max-snippet":"max-snippet:-1","max-image-preview":"max-image-preview:large","max-video-preview":"max-video-preview:-1"},"og_locale":"de_DE","og_type":"article","og_title":"Edelstahl-Wasserkugel-Set | FARBE ROT | 60cm | Eliassen.nl","og_description":"Eine wundersch\u00f6ne Wasserkugel in Rot in Edelstahlqualit\u00e4t. Wird als komplettes Set geliefert. Ab Lager verf\u00fcgbar. Auch LIVE in unserem Showroom zu sehen!","og_url":"https:\/\/dev.eliassen.nl\/de\/wasserkugel-set-edelstahl-rot-60cm\/","og_site_name":"Eliassen.nl","article_publisher":"https:\/\/www.facebook.com\/TuincentrumEliassenAmmerzoden","article_modified_time":"2024-12-05T14:54:42+00:00","og_image":[{"width":781,"height":1000,"url":"https:\/\/dev.eliassen.nl\/wp-content\/uploads\/2024\/01\/mijnproject20221004t113114969_2nd.png","type":"image\/png"}],"twitter_card":"summary_large_image","schema":{"@context":"https:\/\/schema.org","@graph":[{"@type":"WebPage","@id":"https:\/\/dev.eliassen.nl\/de\/wasserkugel-set-edelstahl-rot-60cm\/","url":"https:\/\/dev.eliassen.nl\/de\/wasserkugel-set-edelstahl-rot-60cm\/","name":"Edelstahl-Wasserkugel-Set | FARBE ROT | 60cm | Eliassen.nl","isPartOf":{"@id":"https:\/\/dev.eliassen.nl\/de\/#website"},"primaryImageOfPage":{"@id":"https:\/\/dev.eliassen.nl\/de\/wasserkugel-set-edelstahl-rot-60cm\/#primaryimage"},"image":{"@id":"https:\/\/dev.eliassen.nl\/de\/wasserkugel-set-edelstahl-rot-60cm\/#primaryimage"},"thumbnailUrl":"https:\/\/dev.eliassen.nl\/wp-content\/uploads\/2024\/01\/mijnproject20221004t113114969_2nd.png","datePublished":"2021-09-25T10:31:56+00:00","dateModified":"2024-12-05T14:54:42+00:00","description":"Eine wundersch\u00f6ne Wasserkugel in Rot in Edelstahlqualit\u00e4t. Wird als komplettes Set geliefert. Ab Lager verf\u00fcgbar. Auch LIVE in unserem Showroom zu sehen!","breadcrumb":{"@id":"https:\/\/dev.eliassen.nl\/de\/wasserkugel-set-edelstahl-rot-60cm\/#breadcrumb"},"inLanguage":"de","potentialAction":[{"@type":"ReadAction","target":["https:\/\/dev.eliassen.nl\/de\/wasserkugel-set-edelstahl-rot-60cm\/"]}]},{"@type":"ImageObject","inLanguage":"de","@id":"https:\/\/dev.eliassen.nl\/de\/wasserkugel-set-edelstahl-rot-60cm\/#primaryimage","url":"https:\/\/dev.eliassen.nl\/wp-content\/uploads\/2024\/01\/mijnproject20221004t113114969_2nd.png","contentUrl":"https:\/\/dev.eliassen.nl\/wp-content\/uploads\/2024\/01\/mijnproject20221004t113114969_2nd.png","width":781,"height":1000,"caption":"Mijn project - 2022-10-04T113114.969"},{"@type":"BreadcrumbList","@id":"https:\/\/dev.eliassen.nl\/de\/wasserkugel-set-edelstahl-rot-60cm\/#breadcrumb","itemListElement":[{"@type":"ListItem","position":1,"name":"Home","item":"https:\/\/dev.eliassen.nl\/de\/"},{"@type":"ListItem","position":2,"name":"Shop","item":"https:\/\/dev.eliassen.nl\/nl\/winkel\/"},{"@type":"ListItem","position":3,"name":"Wasserspiele","item":"https:\/\/dev.eliassen.nl\/de\/wassereigenschaften\/"},{"@type":"ListItem","position":4,"name":"Wasserb\u00e4lle","item":"https:\/\/dev.eliassen.nl\/de\/wassereigenschaften\/wasserbaelle\/"},{"@type":"ListItem","position":5,"name":"Wasserkugel-Set Edelstahl rot 60cm"}]},{"@type":"WebSite","@id":"https:\/\/dev.eliassen.nl\/de\/#website","url":"https:\/\/dev.eliassen.nl\/de\/","name":"Eliassen Home & Garden Pleasure","description":"","publisher":{"@id":"https:\/\/dev.eliassen.nl\/de\/#organization"},"alternateName":"Eliassen.nl","potentialAction":[{"@type":"SearchAction","target":{"@type":"EntryPoint","urlTemplate":"https:\/\/dev.eliassen.nl\/de\/?s={search_term_string}"},"query-input":{"@type":"PropertyValueSpecification","valueRequired":true,"valueName":"search_term_string"}}],"inLanguage":"de"},{"@type":"Organization","@id":"https:\/\/dev.eliassen.nl\/de\/#organization","name":"Eliassen Home & Garden Pleasure","url":"https:\/\/dev.eliassen.nl\/de\/","logo":{"@type":"ImageObject","inLanguage":"de","@id":"https:\/\/dev.eliassen.nl\/de\/#\/schema\/logo\/image\/","url":"https:\/\/www.eliassen.nl\/wp-content\/uploads\/2024\/01\/logo_4nd.jpg","contentUrl":"https:\/\/www.eliassen.nl\/wp-content\/uploads\/2024\/01\/logo_4nd.jpg","width":500,"height":500,"caption":"Eliassen Home & Garden Pleasure"},"image":{"@id":"https:\/\/dev.eliassen.nl\/de\/#\/schema\/logo\/image\/"},"sameAs":["https:\/\/www.facebook.com\/TuincentrumEliassenAmmerzoden","https:\/\/www.instagram.com\/eliassenhomeandgarden\/","https:\/\/nl.pinterest.com\/eliassenhomeandgarden\/","https:\/\/www.youtube.com\/@eliassenhomegardenpleasure4558"]}]}},"df_price":249,"df_sale_price":249,"df_regular_price":399,"df_image_link":"https:\/\/dev.eliassen.nl\/wp-content\/uploads\/2024\/01\/mijnproject20221004t113114969_2nd.png","image":"https:\/\/dev.eliassen.nl\/wp-content\/uploads\/2024\/01\/mijnproject20221004t113114969_2nd.png","price_search":"<span class=\"woocommerce-Price-amount amount\"><bdi><span class=\"woocommerce-Price-currencySymbol\">&euro;<\/span>&nbsp;249,00<\/bdi><\/span>","category":"Wasserb\u00e4lle","_links":{"self":[{"href":"https:\/\/dev.eliassen.nl\/de\/wp-json\/wp\/v2\/product\/63946","targetHints":{"allow":["GET"]}}],"collection":[{"href":"https:\/\/dev.eliassen.nl\/de\/wp-json\/wp\/v2\/product"}],"about":[{"href":"https:\/\/dev.eliassen.nl\/de\/wp-json\/wp\/v2\/types\/product"}],"wp:featuredmedia":[{"embeddable":true,"href":"https:\/\/dev.eliassen.nl\/de\/wp-json\/wp\/v2\/media\/63928"}],"wp:attachment":[{"href":"https:\/\/dev.eliassen.nl\/de\/wp-json\/wp\/v2\/media?parent=63946"}],"wp:term":[{"taxonomy":"product_brand","embeddable":true,"href":"https:\/\/dev.eliassen.nl\/de\/wp-json\/wp\/v2\/product_brand?post=63946"},{"taxonomy":"product_cat","embeddable":true,"href":"https:\/\/dev.eliassen.nl\/de\/wp-json\/wp\/v2\/product_cat?post=63946"},{"taxonomy":"product_tag","embeddable":true,"href":"https:\/\/dev.eliassen.nl\/de\/wp-json\/wp\/v2\/product_tag?post=63946"}],"curies":[{"name":"wp","href":"https:\/\/api.w.org\/{rel}","templated":true}]}}