{"id":64081,"date":"2021-10-07T11:32:53","date_gmt":"2021-10-07T09:32:53","guid":{"rendered":"https:\/\/www.eliassen.nl\/?product=poezen-beeld-glas-18cm"},"modified":"2024-12-05T15:54:46","modified_gmt":"2024-12-05T14:54:46","slug":"katzenstatue-glas-18cm","status":"publish","type":"product","link":"https:\/\/dev.eliassen.nl\/de\/katzenstatue-glas-18cm\/","title":{"rendered":"Katzenstatue Glas 18cm"},"content":{"rendered":"<p>Dieses einzigartige Dekorationsobjekt aus Glas in Form eines Katzenpaares ist eine sch\u00f6ne Dekoration f\u00fcr Ihr Zuhause oder zum Verschenken. Dieses Glaskatzenpaar wird auf die gleiche Weise wie das alte und ber\u00fchmte Muranoglas aus Italien hergestellt. Authentisch mundgeblasen aus verschiedenen Glasfarben, die miteinander verschmolzen sind.<\/p>\n<p>Da diese Glasdekoration auf traditionelle Weise hergestellt wird, ist jedes St\u00fcck dieser Serie ein Unikat in Form und Farbe, sodass Ihre Glasdekoration vom Foto abweichen kann.<\/p>\n<p>Sie k\u00f6nnen diese Serie von Glaskunst auch in unserem Shop ansehen.<\/p>\n<ul>\n<li>Handgefertigt nach der alten Murano-Methode<\/li>\n<li>Aus massivem Glas<\/li>\n<li>Gr\u00f6\u00dfe: 20x6x18cm<\/li>\n<\/ul>\n","protected":false},"excerpt":{"rendered":"<p>Dieses einzigartige Dekorationsobjekt aus Glas in Form eines Katzenpaares ist eine sch\u00f6ne Dekoration f\u00fcr Ihr Zuhause oder zum Verschenken. Dieses Glaskatzenpaar wird auf die gleiche Weise wie das alte und ber\u00fchmte Muranoglas aus Italien hergestellt. Authentisch mundgeblasen aus verschiedenen Glasfarben, die miteinander verschmolzen sind. Da diese Glasdekoration auf traditionelle Weise hergestellt wird, ist jedes St\u00fcck &hellip;<\/p>\n","protected":false},"featured_media":64078,"template":"","meta":{"_acf_changed":false},"product_brand":[],"product_cat":[800,824],"product_tag":[],"class_list":{"0":"post-64081","1":"product","2":"type-product","3":"status-publish","4":"has-post-thumbnail","6":"product_cat-glaskunst","7":"product_cat-tierfiguren-aus-glas","9":"first","10":"instock","11":"taxable","12":"shipping-taxable","13":"purchasable","14":"product-type-simple"},"acf":[],"yoast_head":"<!-- This site is optimized with the Yoast SEO plugin v23.8 - https:\/\/yoast.com\/wordpress\/plugins\/seo\/ -->\n<title>Katzenstatue Glas 18cm<\/title>\n<meta name=\"description\" content=\"M\u00f6chten Sie eine Katzenfigur aus Glas kaufen? Eliassen bietet Ihnen eine gro\u00dfe Auswahl an Glasdosen zu attraktiven Preisen. Schnell geliefert. Gro\u00dfer Ausstel...\" \/>\n<meta name=\"robots\" content=\"noindex, follow, max-snippet:-1, max-image-preview:large, max-video-preview:-1\" \/>\n<meta property=\"og:locale\" content=\"de_DE\" \/>\n<meta property=\"og:type\" content=\"article\" \/>\n<meta property=\"og:title\" content=\"Katzenstatue Glas 18cm\" \/>\n<meta property=\"og:description\" content=\"M\u00f6chten Sie eine Katzenfigur aus Glas kaufen? Eliassen bietet Ihnen eine gro\u00dfe Auswahl an Glasdosen zu attraktiven Preisen. Schnell geliefert. Gro\u00dfer Ausstel...\" \/>\n<meta property=\"og:url\" content=\"https:\/\/dev.eliassen.nl\/de\/katzenstatue-glas-18cm\/\" \/>\n<meta property=\"og:site_name\" content=\"Eliassen.nl\" \/>\n<meta property=\"article:publisher\" content=\"https:\/\/www.facebook.com\/TuincentrumEliassenAmmerzoden\" \/>\n<meta property=\"article:modified_time\" content=\"2024-12-05T14:54:46+00:00\" \/>\n<meta property=\"og:image\" content=\"https:\/\/dev.eliassen.nl\/wp-content\/uploads\/2024\/01\/mg125560x560.jpg\" \/>\n\t<meta property=\"og:image:width\" content=\"560\" \/>\n\t<meta property=\"og:image:height\" content=\"560\" \/>\n\t<meta property=\"og:image:type\" content=\"image\/jpeg\" \/>\n<meta name=\"twitter:card\" content=\"summary_large_image\" \/>\n<script type=\"application\/ld+json\" class=\"yoast-schema-graph\">{\"@context\":\"https:\/\/schema.org\",\"@graph\":[{\"@type\":\"WebPage\",\"@id\":\"https:\/\/dev.eliassen.nl\/de\/katzenstatue-glas-18cm\/\",\"url\":\"https:\/\/dev.eliassen.nl\/de\/katzenstatue-glas-18cm\/\",\"name\":\"Katzenstatue Glas 18cm\",\"isPartOf\":{\"@id\":\"https:\/\/dev.eliassen.nl\/de\/#website\"},\"primaryImageOfPage\":{\"@id\":\"https:\/\/dev.eliassen.nl\/de\/katzenstatue-glas-18cm\/#primaryimage\"},\"image\":{\"@id\":\"https:\/\/dev.eliassen.nl\/de\/katzenstatue-glas-18cm\/#primaryimage\"},\"thumbnailUrl\":\"https:\/\/dev.eliassen.nl\/wp-content\/uploads\/2024\/01\/mg125560x560.jpg\",\"datePublished\":\"2021-10-07T09:32:53+00:00\",\"dateModified\":\"2024-12-05T14:54:46+00:00\",\"description\":\"M\u00f6chten Sie eine Katzenfigur aus Glas kaufen? Eliassen bietet Ihnen eine gro\u00dfe Auswahl an Glasdosen zu attraktiven Preisen. Schnell geliefert. Gro\u00dfer Ausstel...\",\"breadcrumb\":{\"@id\":\"https:\/\/dev.eliassen.nl\/de\/katzenstatue-glas-18cm\/#breadcrumb\"},\"inLanguage\":\"de\",\"potentialAction\":[{\"@type\":\"ReadAction\",\"target\":[\"https:\/\/dev.eliassen.nl\/de\/katzenstatue-glas-18cm\/\"]}]},{\"@type\":\"ImageObject\",\"inLanguage\":\"de\",\"@id\":\"https:\/\/dev.eliassen.nl\/de\/katzenstatue-glas-18cm\/#primaryimage\",\"url\":\"https:\/\/dev.eliassen.nl\/wp-content\/uploads\/2024\/01\/mg125560x560.jpg\",\"contentUrl\":\"https:\/\/dev.eliassen.nl\/wp-content\/uploads\/2024\/01\/mg125560x560.jpg\",\"width\":560,\"height\":560,\"caption\":\"MG-125!560x560\"},{\"@type\":\"BreadcrumbList\",\"@id\":\"https:\/\/dev.eliassen.nl\/de\/katzenstatue-glas-18cm\/#breadcrumb\",\"itemListElement\":[{\"@type\":\"ListItem\",\"position\":1,\"name\":\"Home\",\"item\":\"https:\/\/dev.eliassen.nl\/de\/\"},{\"@type\":\"ListItem\",\"position\":2,\"name\":\"Shop\",\"item\":\"https:\/\/dev.eliassen.nl\/nl\/winkel\/\"},{\"@type\":\"ListItem\",\"position\":3,\"name\":\"Glaskunst\",\"item\":\"https:\/\/dev.eliassen.nl\/de\/glaskunst\/\"},{\"@type\":\"ListItem\",\"position\":4,\"name\":\"Tierfiguren aus Glas\",\"item\":\"https:\/\/dev.eliassen.nl\/de\/glaskunst\/tierfiguren-aus-glas\/\"},{\"@type\":\"ListItem\",\"position\":5,\"name\":\"Katzenstatue Glas 18cm\"}]},{\"@type\":\"WebSite\",\"@id\":\"https:\/\/dev.eliassen.nl\/de\/#website\",\"url\":\"https:\/\/dev.eliassen.nl\/de\/\",\"name\":\"Eliassen Home & Garden Pleasure\",\"description\":\"\",\"publisher\":{\"@id\":\"https:\/\/dev.eliassen.nl\/de\/#organization\"},\"alternateName\":\"Eliassen.nl\",\"potentialAction\":[{\"@type\":\"SearchAction\",\"target\":{\"@type\":\"EntryPoint\",\"urlTemplate\":\"https:\/\/dev.eliassen.nl\/de\/?s={search_term_string}\"},\"query-input\":{\"@type\":\"PropertyValueSpecification\",\"valueRequired\":true,\"valueName\":\"search_term_string\"}}],\"inLanguage\":\"de\"},{\"@type\":\"Organization\",\"@id\":\"https:\/\/dev.eliassen.nl\/de\/#organization\",\"name\":\"Eliassen Home & Garden Pleasure\",\"url\":\"https:\/\/dev.eliassen.nl\/de\/\",\"logo\":{\"@type\":\"ImageObject\",\"inLanguage\":\"de\",\"@id\":\"https:\/\/dev.eliassen.nl\/de\/#\/schema\/logo\/image\/\",\"url\":\"https:\/\/www.eliassen.nl\/wp-content\/uploads\/2024\/01\/logo_4nd.jpg\",\"contentUrl\":\"https:\/\/www.eliassen.nl\/wp-content\/uploads\/2024\/01\/logo_4nd.jpg\",\"width\":500,\"height\":500,\"caption\":\"Eliassen Home & Garden Pleasure\"},\"image\":{\"@id\":\"https:\/\/dev.eliassen.nl\/de\/#\/schema\/logo\/image\/\"},\"sameAs\":[\"https:\/\/www.facebook.com\/TuincentrumEliassenAmmerzoden\",\"https:\/\/www.instagram.com\/eliassenhomeandgarden\/\",\"https:\/\/nl.pinterest.com\/eliassenhomeandgarden\/\",\"https:\/\/www.youtube.com\/@eliassenhomegardenpleasure4558\"]}]}<\/script>\n<!-- \/ Yoast SEO plugin. -->","yoast_head_json":{"title":"Katzenstatue Glas 18cm","description":"M\u00f6chten Sie eine Katzenfigur aus Glas kaufen? Eliassen bietet Ihnen eine gro\u00dfe Auswahl an Glasdosen zu attraktiven Preisen. Schnell geliefert. Gro\u00dfer Ausstel...","robots":{"index":"noindex","follow":"follow","max-snippet":"max-snippet:-1","max-image-preview":"max-image-preview:large","max-video-preview":"max-video-preview:-1"},"og_locale":"de_DE","og_type":"article","og_title":"Katzenstatue Glas 18cm","og_description":"M\u00f6chten Sie eine Katzenfigur aus Glas kaufen? Eliassen bietet Ihnen eine gro\u00dfe Auswahl an Glasdosen zu attraktiven Preisen. Schnell geliefert. Gro\u00dfer Ausstel...","og_url":"https:\/\/dev.eliassen.nl\/de\/katzenstatue-glas-18cm\/","og_site_name":"Eliassen.nl","article_publisher":"https:\/\/www.facebook.com\/TuincentrumEliassenAmmerzoden","article_modified_time":"2024-12-05T14:54:46+00:00","og_image":[{"width":560,"height":560,"url":"https:\/\/dev.eliassen.nl\/wp-content\/uploads\/2024\/01\/mg125560x560.jpg","type":"image\/jpeg"}],"twitter_card":"summary_large_image","schema":{"@context":"https:\/\/schema.org","@graph":[{"@type":"WebPage","@id":"https:\/\/dev.eliassen.nl\/de\/katzenstatue-glas-18cm\/","url":"https:\/\/dev.eliassen.nl\/de\/katzenstatue-glas-18cm\/","name":"Katzenstatue Glas 18cm","isPartOf":{"@id":"https:\/\/dev.eliassen.nl\/de\/#website"},"primaryImageOfPage":{"@id":"https:\/\/dev.eliassen.nl\/de\/katzenstatue-glas-18cm\/#primaryimage"},"image":{"@id":"https:\/\/dev.eliassen.nl\/de\/katzenstatue-glas-18cm\/#primaryimage"},"thumbnailUrl":"https:\/\/dev.eliassen.nl\/wp-content\/uploads\/2024\/01\/mg125560x560.jpg","datePublished":"2021-10-07T09:32:53+00:00","dateModified":"2024-12-05T14:54:46+00:00","description":"M\u00f6chten Sie eine Katzenfigur aus Glas kaufen? Eliassen bietet Ihnen eine gro\u00dfe Auswahl an Glasdosen zu attraktiven Preisen. Schnell geliefert. Gro\u00dfer Ausstel...","breadcrumb":{"@id":"https:\/\/dev.eliassen.nl\/de\/katzenstatue-glas-18cm\/#breadcrumb"},"inLanguage":"de","potentialAction":[{"@type":"ReadAction","target":["https:\/\/dev.eliassen.nl\/de\/katzenstatue-glas-18cm\/"]}]},{"@type":"ImageObject","inLanguage":"de","@id":"https:\/\/dev.eliassen.nl\/de\/katzenstatue-glas-18cm\/#primaryimage","url":"https:\/\/dev.eliassen.nl\/wp-content\/uploads\/2024\/01\/mg125560x560.jpg","contentUrl":"https:\/\/dev.eliassen.nl\/wp-content\/uploads\/2024\/01\/mg125560x560.jpg","width":560,"height":560,"caption":"MG-125!560x560"},{"@type":"BreadcrumbList","@id":"https:\/\/dev.eliassen.nl\/de\/katzenstatue-glas-18cm\/#breadcrumb","itemListElement":[{"@type":"ListItem","position":1,"name":"Home","item":"https:\/\/dev.eliassen.nl\/de\/"},{"@type":"ListItem","position":2,"name":"Shop","item":"https:\/\/dev.eliassen.nl\/nl\/winkel\/"},{"@type":"ListItem","position":3,"name":"Glaskunst","item":"https:\/\/dev.eliassen.nl\/de\/glaskunst\/"},{"@type":"ListItem","position":4,"name":"Tierfiguren aus Glas","item":"https:\/\/dev.eliassen.nl\/de\/glaskunst\/tierfiguren-aus-glas\/"},{"@type":"ListItem","position":5,"name":"Katzenstatue Glas 18cm"}]},{"@type":"WebSite","@id":"https:\/\/dev.eliassen.nl\/de\/#website","url":"https:\/\/dev.eliassen.nl\/de\/","name":"Eliassen Home & Garden Pleasure","description":"","publisher":{"@id":"https:\/\/dev.eliassen.nl\/de\/#organization"},"alternateName":"Eliassen.nl","potentialAction":[{"@type":"SearchAction","target":{"@type":"EntryPoint","urlTemplate":"https:\/\/dev.eliassen.nl\/de\/?s={search_term_string}"},"query-input":{"@type":"PropertyValueSpecification","valueRequired":true,"valueName":"search_term_string"}}],"inLanguage":"de"},{"@type":"Organization","@id":"https:\/\/dev.eliassen.nl\/de\/#organization","name":"Eliassen Home & Garden Pleasure","url":"https:\/\/dev.eliassen.nl\/de\/","logo":{"@type":"ImageObject","inLanguage":"de","@id":"https:\/\/dev.eliassen.nl\/de\/#\/schema\/logo\/image\/","url":"https:\/\/www.eliassen.nl\/wp-content\/uploads\/2024\/01\/logo_4nd.jpg","contentUrl":"https:\/\/www.eliassen.nl\/wp-content\/uploads\/2024\/01\/logo_4nd.jpg","width":500,"height":500,"caption":"Eliassen Home & Garden Pleasure"},"image":{"@id":"https:\/\/dev.eliassen.nl\/de\/#\/schema\/logo\/image\/"},"sameAs":["https:\/\/www.facebook.com\/TuincentrumEliassenAmmerzoden","https:\/\/www.instagram.com\/eliassenhomeandgarden\/","https:\/\/nl.pinterest.com\/eliassenhomeandgarden\/","https:\/\/www.youtube.com\/@eliassenhomegardenpleasure4558"]}]}},"df_price":48.5,"df_sale_price":"","df_regular_price":48.5,"df_image_link":"https:\/\/dev.eliassen.nl\/wp-content\/uploads\/2024\/01\/mg125560x560.jpg","image":"https:\/\/dev.eliassen.nl\/wp-content\/uploads\/2024\/01\/mg125560x560.jpg","price_search":"<span class=\"woocommerce-Price-amount amount\"><bdi><span class=\"woocommerce-Price-currencySymbol\">&euro;<\/span>&nbsp;48,50<\/bdi><\/span>","category":"Glaskunst","_links":{"self":[{"href":"https:\/\/dev.eliassen.nl\/de\/wp-json\/wp\/v2\/product\/64081","targetHints":{"allow":["GET"]}}],"collection":[{"href":"https:\/\/dev.eliassen.nl\/de\/wp-json\/wp\/v2\/product"}],"about":[{"href":"https:\/\/dev.eliassen.nl\/de\/wp-json\/wp\/v2\/types\/product"}],"wp:featuredmedia":[{"embeddable":true,"href":"https:\/\/dev.eliassen.nl\/de\/wp-json\/wp\/v2\/media\/64078"}],"wp:attachment":[{"href":"https:\/\/dev.eliassen.nl\/de\/wp-json\/wp\/v2\/media?parent=64081"}],"wp:term":[{"taxonomy":"product_brand","embeddable":true,"href":"https:\/\/dev.eliassen.nl\/de\/wp-json\/wp\/v2\/product_brand?post=64081"},{"taxonomy":"product_cat","embeddable":true,"href":"https:\/\/dev.eliassen.nl\/de\/wp-json\/wp\/v2\/product_cat?post=64081"},{"taxonomy":"product_tag","embeddable":true,"href":"https:\/\/dev.eliassen.nl\/de\/wp-json\/wp\/v2\/product_tag?post=64081"}],"curies":[{"name":"wp","href":"https:\/\/api.w.org\/{rel}","templated":true}]}}