{"id":64144,"date":"2021-10-08T09:41:43","date_gmt":"2021-10-08T07:41:43","guid":{"rendered":"https:\/\/www.eliassen.nl\/?product=mariabeeld-met-gespreide-armen-80cm-bronskleur"},"modified":"2024-12-11T05:40:29","modified_gmt":"2024-12-11T04:40:29","slug":"maria-statue-mit-ausgebreiteten-armen-80-cm-bronzefarbe","status":"publish","type":"product","link":"https:\/\/dev.eliassen.nl\/de\/maria-statue-mit-ausgebreiteten-armen-80-cm-bronzefarbe\/","title":{"rendered":"Maria-Statue mit ausgebreiteten Armen 80 cm Bronzefarbe"},"content":{"rendered":"<p>Wundersch\u00f6n gestaltete Statue der Jungfrau Maria aus hochwertigem Steinguss in Bronzefarbe. Die H\u00f6he betr\u00e4gt 80 cm und 33 kg schwer. Achten Sie auf Besch\u00e4digungen von au\u00dfen.<\/p>\n<ul>\n<li>massiver Steinguss<\/li>\n<li>Farbe Bronzefarbe<\/li>\n<li>Gr\u00f6\u00dfe: ca. 32cm breit und 79cm hoch<\/li>\n<li>33kg<\/li>\n<li>2 Jahre Garantie<\/li>\n<li>Wir bem\u00fchen uns, dieses Produkt immer in unserem Showroom zu haben, damit Sie dieses Modell live sehen k\u00f6nnen. Rufen Sie uns an oder mailen Sie uns, wenn Sie kommen m\u00f6chten, um Missverst\u00e4ndnisse zu vermeiden.<\/li>\n<\/ul>\n","protected":false},"excerpt":{"rendered":"<p>Wundersch\u00f6n gestaltete Statue der Jungfrau Maria aus hochwertigem Steinguss in Bronzefarbe. Die H\u00f6he betr\u00e4gt 80 cm und 33 kg schwer. Achten Sie auf Besch\u00e4digungen von au\u00dfen. massiver Steinguss Farbe Bronzefarbe Gr\u00f6\u00dfe: ca. 32cm breit und 79cm hoch 33kg 2 Jahre Garantie Wir bem\u00fchen uns, dieses Produkt immer in unserem Showroom zu haben, damit Sie dieses &hellip;<\/p>\n","protected":false},"featured_media":64126,"template":"","meta":{"_acf_changed":false},"product_brand":[],"product_cat":[677,695,7076],"product_tag":[],"class_list":{"0":"post-64144","1":"product","2":"type-product","3":"status-publish","4":"has-post-thumbnail","6":"product_cat-betonstatuen","7":"product_cat-engels-und-marienstatuen","8":"product_cat-statues-figures","10":"first","11":"instock","12":"taxable","13":"shipping-taxable","14":"purchasable","15":"product-type-simple"},"acf":[],"yoast_head":"<!-- This site is optimized with the Yoast SEO plugin v23.8 - https:\/\/yoast.com\/wordpress\/plugins\/seo\/ -->\n<title>Bronzefarbene Statue der Jungfrau Maria mit ausgebreiteten Armen | 80cm | Eliassen.nl<\/title>\n<meta name=\"description\" content=\"Bronzefarbene Marienstatue als Dekoration in Ihrem Haus oder Garten. Eine gro\u00dfe Sammlung von HEILIGEN BILDERN kann LIVE in unserem Showroom angesehen werden!\" \/>\n<meta name=\"robots\" content=\"noindex, follow, max-snippet:-1, max-image-preview:large, max-video-preview:-1\" \/>\n<meta property=\"og:locale\" content=\"de_DE\" \/>\n<meta property=\"og:type\" content=\"article\" \/>\n<meta property=\"og:title\" content=\"Bronzefarbene Statue der Jungfrau Maria mit ausgebreiteten Armen | 80cm | Eliassen.nl\" \/>\n<meta property=\"og:description\" content=\"Bronzefarbene Marienstatue als Dekoration in Ihrem Haus oder Garten. Eine gro\u00dfe Sammlung von HEILIGEN BILDERN kann LIVE in unserem Showroom angesehen werden!\" \/>\n<meta property=\"og:url\" content=\"https:\/\/dev.eliassen.nl\/de\/maria-statue-mit-ausgebreiteten-armen-80-cm-bronzefarbe\/\" \/>\n<meta property=\"og:site_name\" content=\"Eliassen.nl\" \/>\n<meta property=\"article:publisher\" content=\"https:\/\/www.facebook.com\/TuincentrumEliassenAmmerzoden\" \/>\n<meta property=\"article:modified_time\" content=\"2024-12-11T04:40:29+00:00\" \/>\n<meta property=\"og:image\" content=\"https:\/\/dev.eliassen.nl\/wp-content\/uploads\/2024\/01\/mijnproject53.png\" \/>\n\t<meta property=\"og:image:width\" content=\"510\" \/>\n\t<meta property=\"og:image:height\" content=\"1000\" \/>\n\t<meta property=\"og:image:type\" content=\"image\/png\" \/>\n<meta name=\"twitter:card\" content=\"summary_large_image\" \/>\n<script type=\"application\/ld+json\" class=\"yoast-schema-graph\">{\"@context\":\"https:\/\/schema.org\",\"@graph\":[{\"@type\":\"WebPage\",\"@id\":\"https:\/\/dev.eliassen.nl\/de\/maria-statue-mit-ausgebreiteten-armen-80-cm-bronzefarbe\/\",\"url\":\"https:\/\/dev.eliassen.nl\/de\/maria-statue-mit-ausgebreiteten-armen-80-cm-bronzefarbe\/\",\"name\":\"Bronzefarbene Statue der Jungfrau Maria mit ausgebreiteten Armen | 80cm | Eliassen.nl\",\"isPartOf\":{\"@id\":\"https:\/\/dev.eliassen.nl\/de\/#website\"},\"primaryImageOfPage\":{\"@id\":\"https:\/\/dev.eliassen.nl\/de\/maria-statue-mit-ausgebreiteten-armen-80-cm-bronzefarbe\/#primaryimage\"},\"image\":{\"@id\":\"https:\/\/dev.eliassen.nl\/de\/maria-statue-mit-ausgebreiteten-armen-80-cm-bronzefarbe\/#primaryimage\"},\"thumbnailUrl\":\"https:\/\/dev.eliassen.nl\/wp-content\/uploads\/2024\/01\/mijnproject53.png\",\"datePublished\":\"2021-10-08T07:41:43+00:00\",\"dateModified\":\"2024-12-11T04:40:29+00:00\",\"description\":\"Bronzefarbene Marienstatue als Dekoration in Ihrem Haus oder Garten. Eine gro\u00dfe Sammlung von HEILIGEN BILDERN kann LIVE in unserem Showroom angesehen werden!\",\"breadcrumb\":{\"@id\":\"https:\/\/dev.eliassen.nl\/de\/maria-statue-mit-ausgebreiteten-armen-80-cm-bronzefarbe\/#breadcrumb\"},\"inLanguage\":\"de\",\"potentialAction\":[{\"@type\":\"ReadAction\",\"target\":[\"https:\/\/dev.eliassen.nl\/de\/maria-statue-mit-ausgebreiteten-armen-80-cm-bronzefarbe\/\"]}]},{\"@type\":\"ImageObject\",\"inLanguage\":\"de\",\"@id\":\"https:\/\/dev.eliassen.nl\/de\/maria-statue-mit-ausgebreiteten-armen-80-cm-bronzefarbe\/#primaryimage\",\"url\":\"https:\/\/dev.eliassen.nl\/wp-content\/uploads\/2024\/01\/mijnproject53.png\",\"contentUrl\":\"https:\/\/dev.eliassen.nl\/wp-content\/uploads\/2024\/01\/mijnproject53.png\",\"width\":510,\"height\":1000,\"caption\":\"Mijn project (53)\"},{\"@type\":\"BreadcrumbList\",\"@id\":\"https:\/\/dev.eliassen.nl\/de\/maria-statue-mit-ausgebreiteten-armen-80-cm-bronzefarbe\/#breadcrumb\",\"itemListElement\":[{\"@type\":\"ListItem\",\"position\":1,\"name\":\"Home\",\"item\":\"https:\/\/dev.eliassen.nl\/de\/\"},{\"@type\":\"ListItem\",\"position\":2,\"name\":\"Shop\",\"item\":\"https:\/\/dev.eliassen.nl\/nl\/winkel\/\"},{\"@type\":\"ListItem\",\"position\":3,\"name\":\"Statuen-Skulpturen\",\"item\":\"https:\/\/dev.eliassen.nl\/de\/statuen-skulpturen\/\"},{\"@type\":\"ListItem\",\"position\":4,\"name\":\"Betonstatuen\",\"item\":\"https:\/\/dev.eliassen.nl\/de\/bilder\/betonstatuen\/\"},{\"@type\":\"ListItem\",\"position\":5,\"name\":\"Engels- und Marienstatuen\",\"item\":\"https:\/\/dev.eliassen.nl\/de\/bilder\/betonstatuen\/engels-und-marienstatuen\/\"},{\"@type\":\"ListItem\",\"position\":6,\"name\":\"Maria-Statue mit ausgebreiteten Armen 80 cm Bronzefarbe\"}]},{\"@type\":\"WebSite\",\"@id\":\"https:\/\/dev.eliassen.nl\/de\/#website\",\"url\":\"https:\/\/dev.eliassen.nl\/de\/\",\"name\":\"Eliassen Home & Garden Pleasure\",\"description\":\"\",\"publisher\":{\"@id\":\"https:\/\/dev.eliassen.nl\/de\/#organization\"},\"alternateName\":\"Eliassen.nl\",\"potentialAction\":[{\"@type\":\"SearchAction\",\"target\":{\"@type\":\"EntryPoint\",\"urlTemplate\":\"https:\/\/dev.eliassen.nl\/de\/?s={search_term_string}\"},\"query-input\":{\"@type\":\"PropertyValueSpecification\",\"valueRequired\":true,\"valueName\":\"search_term_string\"}}],\"inLanguage\":\"de\"},{\"@type\":\"Organization\",\"@id\":\"https:\/\/dev.eliassen.nl\/de\/#organization\",\"name\":\"Eliassen Home & Garden Pleasure\",\"url\":\"https:\/\/dev.eliassen.nl\/de\/\",\"logo\":{\"@type\":\"ImageObject\",\"inLanguage\":\"de\",\"@id\":\"https:\/\/dev.eliassen.nl\/de\/#\/schema\/logo\/image\/\",\"url\":\"https:\/\/www.eliassen.nl\/wp-content\/uploads\/2024\/01\/logo_4nd.jpg\",\"contentUrl\":\"https:\/\/www.eliassen.nl\/wp-content\/uploads\/2024\/01\/logo_4nd.jpg\",\"width\":500,\"height\":500,\"caption\":\"Eliassen Home & Garden Pleasure\"},\"image\":{\"@id\":\"https:\/\/dev.eliassen.nl\/de\/#\/schema\/logo\/image\/\"},\"sameAs\":[\"https:\/\/www.facebook.com\/TuincentrumEliassenAmmerzoden\",\"https:\/\/www.instagram.com\/eliassenhomeandgarden\/\",\"https:\/\/nl.pinterest.com\/eliassenhomeandgarden\/\",\"https:\/\/www.youtube.com\/@eliassenhomegardenpleasure4558\"]}]}<\/script>\n<!-- \/ Yoast SEO plugin. -->","yoast_head_json":{"title":"Bronzefarbene Statue der Jungfrau Maria mit ausgebreiteten Armen | 80cm | Eliassen.nl","description":"Bronzefarbene Marienstatue als Dekoration in Ihrem Haus oder Garten. Eine gro\u00dfe Sammlung von HEILIGEN BILDERN kann LIVE in unserem Showroom angesehen werden!","robots":{"index":"noindex","follow":"follow","max-snippet":"max-snippet:-1","max-image-preview":"max-image-preview:large","max-video-preview":"max-video-preview:-1"},"og_locale":"de_DE","og_type":"article","og_title":"Bronzefarbene Statue der Jungfrau Maria mit ausgebreiteten Armen | 80cm | Eliassen.nl","og_description":"Bronzefarbene Marienstatue als Dekoration in Ihrem Haus oder Garten. Eine gro\u00dfe Sammlung von HEILIGEN BILDERN kann LIVE in unserem Showroom angesehen werden!","og_url":"https:\/\/dev.eliassen.nl\/de\/maria-statue-mit-ausgebreiteten-armen-80-cm-bronzefarbe\/","og_site_name":"Eliassen.nl","article_publisher":"https:\/\/www.facebook.com\/TuincentrumEliassenAmmerzoden","article_modified_time":"2024-12-11T04:40:29+00:00","og_image":[{"width":510,"height":1000,"url":"https:\/\/dev.eliassen.nl\/wp-content\/uploads\/2024\/01\/mijnproject53.png","type":"image\/png"}],"twitter_card":"summary_large_image","schema":{"@context":"https:\/\/schema.org","@graph":[{"@type":"WebPage","@id":"https:\/\/dev.eliassen.nl\/de\/maria-statue-mit-ausgebreiteten-armen-80-cm-bronzefarbe\/","url":"https:\/\/dev.eliassen.nl\/de\/maria-statue-mit-ausgebreiteten-armen-80-cm-bronzefarbe\/","name":"Bronzefarbene Statue der Jungfrau Maria mit ausgebreiteten Armen | 80cm | Eliassen.nl","isPartOf":{"@id":"https:\/\/dev.eliassen.nl\/de\/#website"},"primaryImageOfPage":{"@id":"https:\/\/dev.eliassen.nl\/de\/maria-statue-mit-ausgebreiteten-armen-80-cm-bronzefarbe\/#primaryimage"},"image":{"@id":"https:\/\/dev.eliassen.nl\/de\/maria-statue-mit-ausgebreiteten-armen-80-cm-bronzefarbe\/#primaryimage"},"thumbnailUrl":"https:\/\/dev.eliassen.nl\/wp-content\/uploads\/2024\/01\/mijnproject53.png","datePublished":"2021-10-08T07:41:43+00:00","dateModified":"2024-12-11T04:40:29+00:00","description":"Bronzefarbene Marienstatue als Dekoration in Ihrem Haus oder Garten. Eine gro\u00dfe Sammlung von HEILIGEN BILDERN kann LIVE in unserem Showroom angesehen werden!","breadcrumb":{"@id":"https:\/\/dev.eliassen.nl\/de\/maria-statue-mit-ausgebreiteten-armen-80-cm-bronzefarbe\/#breadcrumb"},"inLanguage":"de","potentialAction":[{"@type":"ReadAction","target":["https:\/\/dev.eliassen.nl\/de\/maria-statue-mit-ausgebreiteten-armen-80-cm-bronzefarbe\/"]}]},{"@type":"ImageObject","inLanguage":"de","@id":"https:\/\/dev.eliassen.nl\/de\/maria-statue-mit-ausgebreiteten-armen-80-cm-bronzefarbe\/#primaryimage","url":"https:\/\/dev.eliassen.nl\/wp-content\/uploads\/2024\/01\/mijnproject53.png","contentUrl":"https:\/\/dev.eliassen.nl\/wp-content\/uploads\/2024\/01\/mijnproject53.png","width":510,"height":1000,"caption":"Mijn project (53)"},{"@type":"BreadcrumbList","@id":"https:\/\/dev.eliassen.nl\/de\/maria-statue-mit-ausgebreiteten-armen-80-cm-bronzefarbe\/#breadcrumb","itemListElement":[{"@type":"ListItem","position":1,"name":"Home","item":"https:\/\/dev.eliassen.nl\/de\/"},{"@type":"ListItem","position":2,"name":"Shop","item":"https:\/\/dev.eliassen.nl\/nl\/winkel\/"},{"@type":"ListItem","position":3,"name":"Statuen-Skulpturen","item":"https:\/\/dev.eliassen.nl\/de\/statuen-skulpturen\/"},{"@type":"ListItem","position":4,"name":"Betonstatuen","item":"https:\/\/dev.eliassen.nl\/de\/bilder\/betonstatuen\/"},{"@type":"ListItem","position":5,"name":"Engels- und Marienstatuen","item":"https:\/\/dev.eliassen.nl\/de\/bilder\/betonstatuen\/engels-und-marienstatuen\/"},{"@type":"ListItem","position":6,"name":"Maria-Statue mit ausgebreiteten Armen 80 cm Bronzefarbe"}]},{"@type":"WebSite","@id":"https:\/\/dev.eliassen.nl\/de\/#website","url":"https:\/\/dev.eliassen.nl\/de\/","name":"Eliassen Home & Garden Pleasure","description":"","publisher":{"@id":"https:\/\/dev.eliassen.nl\/de\/#organization"},"alternateName":"Eliassen.nl","potentialAction":[{"@type":"SearchAction","target":{"@type":"EntryPoint","urlTemplate":"https:\/\/dev.eliassen.nl\/de\/?s={search_term_string}"},"query-input":{"@type":"PropertyValueSpecification","valueRequired":true,"valueName":"search_term_string"}}],"inLanguage":"de"},{"@type":"Organization","@id":"https:\/\/dev.eliassen.nl\/de\/#organization","name":"Eliassen Home & Garden Pleasure","url":"https:\/\/dev.eliassen.nl\/de\/","logo":{"@type":"ImageObject","inLanguage":"de","@id":"https:\/\/dev.eliassen.nl\/de\/#\/schema\/logo\/image\/","url":"https:\/\/www.eliassen.nl\/wp-content\/uploads\/2024\/01\/logo_4nd.jpg","contentUrl":"https:\/\/www.eliassen.nl\/wp-content\/uploads\/2024\/01\/logo_4nd.jpg","width":500,"height":500,"caption":"Eliassen Home & Garden Pleasure"},"image":{"@id":"https:\/\/dev.eliassen.nl\/de\/#\/schema\/logo\/image\/"},"sameAs":["https:\/\/www.facebook.com\/TuincentrumEliassenAmmerzoden","https:\/\/www.instagram.com\/eliassenhomeandgarden\/","https:\/\/nl.pinterest.com\/eliassenhomeandgarden\/","https:\/\/www.youtube.com\/@eliassenhomegardenpleasure4558"]}]}},"df_price":105,"df_sale_price":"","df_regular_price":105,"df_image_link":"https:\/\/dev.eliassen.nl\/wp-content\/uploads\/2024\/01\/mijnproject53.png","image":"https:\/\/dev.eliassen.nl\/wp-content\/uploads\/2024\/01\/mijnproject53.png","price_search":"<span class=\"woocommerce-Price-amount amount\"><bdi><span class=\"woocommerce-Price-currencySymbol\">&euro;<\/span>&nbsp;105,00<\/bdi><\/span>","category":"Betonstatuen","_links":{"self":[{"href":"https:\/\/dev.eliassen.nl\/de\/wp-json\/wp\/v2\/product\/64144","targetHints":{"allow":["GET"]}}],"collection":[{"href":"https:\/\/dev.eliassen.nl\/de\/wp-json\/wp\/v2\/product"}],"about":[{"href":"https:\/\/dev.eliassen.nl\/de\/wp-json\/wp\/v2\/types\/product"}],"wp:featuredmedia":[{"embeddable":true,"href":"https:\/\/dev.eliassen.nl\/de\/wp-json\/wp\/v2\/media\/64126"}],"wp:attachment":[{"href":"https:\/\/dev.eliassen.nl\/de\/wp-json\/wp\/v2\/media?parent=64144"}],"wp:term":[{"taxonomy":"product_brand","embeddable":true,"href":"https:\/\/dev.eliassen.nl\/de\/wp-json\/wp\/v2\/product_brand?post=64144"},{"taxonomy":"product_cat","embeddable":true,"href":"https:\/\/dev.eliassen.nl\/de\/wp-json\/wp\/v2\/product_cat?post=64144"},{"taxonomy":"product_tag","embeddable":true,"href":"https:\/\/dev.eliassen.nl\/de\/wp-json\/wp\/v2\/product_tag?post=64144"}],"curies":[{"name":"wp","href":"https:\/\/api.w.org\/{rel}","templated":true}]}}