{"id":64168,"date":"2021-10-08T09:51:19","date_gmt":"2021-10-08T07:51:19","guid":{"rendered":"https:\/\/www.eliassen.nl\/?product=hondje-met-pup-21cm-126703243"},"modified":"2024-12-05T15:54:55","modified_gmt":"2024-12-05T14:54:55","slug":"hund-mit-welpen-21-cm-bronzefarbe","status":"publish","type":"product","link":"https:\/\/dev.eliassen.nl\/de\/hund-mit-welpen-21-cm-bronzefarbe\/","title":{"rendered":"Hund mit Welpen 21 cm Bronzefarbe"},"content":{"rendered":"<p>Diese kleine Statue eines Hundes mit Welpen in Bronzefarbe wird viele G\u00e4rten schm\u00fccken.<br \/>Hochwertiger Gussstein sorgt daf\u00fcr, dass Sie viele Jahre Freude an diesem Objekt haben.<br \/>F\u00fcr drinnen und drau\u00dfen.<\/p>\n<ul>\n<li>Hochwertiger Gussstein<\/li>\n<li>Farbe: Bronze<\/li>\n<li>Gr\u00f6\u00dfe: 16 cm hoch<\/li>\n<li>Gewicht: 3 kg<\/li>\n<li>Sch\u00f6n detailliert<\/li>\n<li>Schnell geliefert<\/li>\n<li>1 Jahr Garantie<\/li>\n<li><strong>Fast die gesamte Kollektion ist im Laden zu sehen<\/strong><\/li>\n<\/ul>\n","protected":false},"excerpt":{"rendered":"<p>Diese kleine Statue eines Hundes mit Welpen in Bronzefarbe wird viele G\u00e4rten schm\u00fccken.Hochwertiger Gussstein sorgt daf\u00fcr, dass Sie viele Jahre Freude an diesem Objekt haben.F\u00fcr drinnen und drau\u00dfen. Hochwertiger Gussstein Farbe: Bronze Gr\u00f6\u00dfe: 16 cm hoch Gewicht: 3 kg Sch\u00f6n detailliert Schnell geliefert 1 Jahr Garantie Fast die gesamte Kollektion ist im Laden zu sehen<\/p>\n","protected":false},"featured_media":64162,"template":"","meta":{"_acf_changed":false},"product_brand":[],"product_cat":[677,701,7076,698],"product_tag":[],"class_list":{"0":"post-64168","1":"product","2":"type-product","3":"status-publish","4":"has-post-thumbnail","6":"product_cat-betonstatuen","7":"product_cat-hundestatuen-aus-stein","8":"product_cat-statues-figures","9":"product_cat-tierbilder","11":"first","12":"instock","13":"taxable","14":"shipping-taxable","15":"purchasable","16":"product-type-simple"},"acf":[],"yoast_head":"<!-- This site is optimized with the Yoast SEO plugin v23.8 - https:\/\/yoast.com\/wordpress\/plugins\/seo\/ -->\n<title>Hund mit Welpe 21cm<\/title>\n<meta name=\"description\" content=\"Gro\u00dfe Auswahl an konkreten Hundebildern, die fast alle live betrachtet werden k\u00f6nnen!\" \/>\n<meta name=\"robots\" content=\"noindex, follow, max-snippet:-1, max-image-preview:large, max-video-preview:-1\" \/>\n<meta property=\"og:locale\" content=\"de_DE\" \/>\n<meta property=\"og:type\" content=\"article\" \/>\n<meta property=\"og:title\" content=\"Hund mit Welpe 21cm\" \/>\n<meta property=\"og:description\" content=\"Gro\u00dfe Auswahl an konkreten Hundebildern, die fast alle live betrachtet werden k\u00f6nnen!\" \/>\n<meta property=\"og:url\" content=\"https:\/\/dev.eliassen.nl\/de\/hund-mit-welpen-21-cm-bronzefarbe\/\" \/>\n<meta property=\"og:site_name\" content=\"Eliassen.nl\" \/>\n<meta property=\"article:publisher\" content=\"https:\/\/www.facebook.com\/TuincentrumEliassenAmmerzoden\" \/>\n<meta property=\"article:modified_time\" content=\"2024-12-05T14:54:55+00:00\" \/>\n<meta property=\"og:image\" content=\"https:\/\/dev.eliassen.nl\/wp-content\/uploads\/2024\/01\/mijnproject_171nd.png\" \/>\n\t<meta property=\"og:image:width\" content=\"726\" \/>\n\t<meta property=\"og:image:height\" content=\"1000\" \/>\n\t<meta property=\"og:image:type\" content=\"image\/png\" \/>\n<meta name=\"twitter:card\" content=\"summary_large_image\" \/>\n<script type=\"application\/ld+json\" class=\"yoast-schema-graph\">{\"@context\":\"https:\/\/schema.org\",\"@graph\":[{\"@type\":\"WebPage\",\"@id\":\"https:\/\/dev.eliassen.nl\/de\/hund-mit-welpen-21-cm-bronzefarbe\/\",\"url\":\"https:\/\/dev.eliassen.nl\/de\/hund-mit-welpen-21-cm-bronzefarbe\/\",\"name\":\"Hund mit Welpe 21cm\",\"isPartOf\":{\"@id\":\"https:\/\/dev.eliassen.nl\/de\/#website\"},\"primaryImageOfPage\":{\"@id\":\"https:\/\/dev.eliassen.nl\/de\/hund-mit-welpen-21-cm-bronzefarbe\/#primaryimage\"},\"image\":{\"@id\":\"https:\/\/dev.eliassen.nl\/de\/hund-mit-welpen-21-cm-bronzefarbe\/#primaryimage\"},\"thumbnailUrl\":\"https:\/\/dev.eliassen.nl\/wp-content\/uploads\/2024\/01\/mijnproject_171nd.png\",\"datePublished\":\"2021-10-08T07:51:19+00:00\",\"dateModified\":\"2024-12-05T14:54:55+00:00\",\"description\":\"Gro\u00dfe Auswahl an konkreten Hundebildern, die fast alle live betrachtet werden k\u00f6nnen!\",\"breadcrumb\":{\"@id\":\"https:\/\/dev.eliassen.nl\/de\/hund-mit-welpen-21-cm-bronzefarbe\/#breadcrumb\"},\"inLanguage\":\"de\",\"potentialAction\":[{\"@type\":\"ReadAction\",\"target\":[\"https:\/\/dev.eliassen.nl\/de\/hund-mit-welpen-21-cm-bronzefarbe\/\"]}]},{\"@type\":\"ImageObject\",\"inLanguage\":\"de\",\"@id\":\"https:\/\/dev.eliassen.nl\/de\/hund-mit-welpen-21-cm-bronzefarbe\/#primaryimage\",\"url\":\"https:\/\/dev.eliassen.nl\/wp-content\/uploads\/2024\/01\/mijnproject_171nd.png\",\"contentUrl\":\"https:\/\/dev.eliassen.nl\/wp-content\/uploads\/2024\/01\/mijnproject_171nd.png\",\"width\":726,\"height\":1000,\"caption\":\"Mijn project\"},{\"@type\":\"BreadcrumbList\",\"@id\":\"https:\/\/dev.eliassen.nl\/de\/hund-mit-welpen-21-cm-bronzefarbe\/#breadcrumb\",\"itemListElement\":[{\"@type\":\"ListItem\",\"position\":1,\"name\":\"Home\",\"item\":\"https:\/\/dev.eliassen.nl\/de\/\"},{\"@type\":\"ListItem\",\"position\":2,\"name\":\"Shop\",\"item\":\"https:\/\/dev.eliassen.nl\/nl\/winkel\/\"},{\"@type\":\"ListItem\",\"position\":3,\"name\":\"Statuen-Skulpturen\",\"item\":\"https:\/\/dev.eliassen.nl\/de\/statuen-skulpturen\/\"},{\"@type\":\"ListItem\",\"position\":4,\"name\":\"Betonstatuen\",\"item\":\"https:\/\/dev.eliassen.nl\/de\/bilder\/betonstatuen\/\"},{\"@type\":\"ListItem\",\"position\":5,\"name\":\"Hundestatuen aus Stein\",\"item\":\"https:\/\/dev.eliassen.nl\/de\/bilder\/betonstatuen\/hundestatuen-aus-stein\/\"},{\"@type\":\"ListItem\",\"position\":6,\"name\":\"Hund mit Welpen 21 cm Bronzefarbe\"}]},{\"@type\":\"WebSite\",\"@id\":\"https:\/\/dev.eliassen.nl\/de\/#website\",\"url\":\"https:\/\/dev.eliassen.nl\/de\/\",\"name\":\"Eliassen Home & Garden Pleasure\",\"description\":\"\",\"publisher\":{\"@id\":\"https:\/\/dev.eliassen.nl\/de\/#organization\"},\"alternateName\":\"Eliassen.nl\",\"potentialAction\":[{\"@type\":\"SearchAction\",\"target\":{\"@type\":\"EntryPoint\",\"urlTemplate\":\"https:\/\/dev.eliassen.nl\/de\/?s={search_term_string}\"},\"query-input\":{\"@type\":\"PropertyValueSpecification\",\"valueRequired\":true,\"valueName\":\"search_term_string\"}}],\"inLanguage\":\"de\"},{\"@type\":\"Organization\",\"@id\":\"https:\/\/dev.eliassen.nl\/de\/#organization\",\"name\":\"Eliassen Home & Garden Pleasure\",\"url\":\"https:\/\/dev.eliassen.nl\/de\/\",\"logo\":{\"@type\":\"ImageObject\",\"inLanguage\":\"de\",\"@id\":\"https:\/\/dev.eliassen.nl\/de\/#\/schema\/logo\/image\/\",\"url\":\"https:\/\/www.eliassen.nl\/wp-content\/uploads\/2024\/01\/logo_4nd.jpg\",\"contentUrl\":\"https:\/\/www.eliassen.nl\/wp-content\/uploads\/2024\/01\/logo_4nd.jpg\",\"width\":500,\"height\":500,\"caption\":\"Eliassen Home & Garden Pleasure\"},\"image\":{\"@id\":\"https:\/\/dev.eliassen.nl\/de\/#\/schema\/logo\/image\/\"},\"sameAs\":[\"https:\/\/www.facebook.com\/TuincentrumEliassenAmmerzoden\",\"https:\/\/www.instagram.com\/eliassenhomeandgarden\/\",\"https:\/\/nl.pinterest.com\/eliassenhomeandgarden\/\",\"https:\/\/www.youtube.com\/@eliassenhomegardenpleasure4558\"]}]}<\/script>\n<!-- \/ Yoast SEO plugin. -->","yoast_head_json":{"title":"Hund mit Welpe 21cm","description":"Gro\u00dfe Auswahl an konkreten Hundebildern, die fast alle live betrachtet werden k\u00f6nnen!","robots":{"index":"noindex","follow":"follow","max-snippet":"max-snippet:-1","max-image-preview":"max-image-preview:large","max-video-preview":"max-video-preview:-1"},"og_locale":"de_DE","og_type":"article","og_title":"Hund mit Welpe 21cm","og_description":"Gro\u00dfe Auswahl an konkreten Hundebildern, die fast alle live betrachtet werden k\u00f6nnen!","og_url":"https:\/\/dev.eliassen.nl\/de\/hund-mit-welpen-21-cm-bronzefarbe\/","og_site_name":"Eliassen.nl","article_publisher":"https:\/\/www.facebook.com\/TuincentrumEliassenAmmerzoden","article_modified_time":"2024-12-05T14:54:55+00:00","og_image":[{"width":726,"height":1000,"url":"https:\/\/dev.eliassen.nl\/wp-content\/uploads\/2024\/01\/mijnproject_171nd.png","type":"image\/png"}],"twitter_card":"summary_large_image","schema":{"@context":"https:\/\/schema.org","@graph":[{"@type":"WebPage","@id":"https:\/\/dev.eliassen.nl\/de\/hund-mit-welpen-21-cm-bronzefarbe\/","url":"https:\/\/dev.eliassen.nl\/de\/hund-mit-welpen-21-cm-bronzefarbe\/","name":"Hund mit Welpe 21cm","isPartOf":{"@id":"https:\/\/dev.eliassen.nl\/de\/#website"},"primaryImageOfPage":{"@id":"https:\/\/dev.eliassen.nl\/de\/hund-mit-welpen-21-cm-bronzefarbe\/#primaryimage"},"image":{"@id":"https:\/\/dev.eliassen.nl\/de\/hund-mit-welpen-21-cm-bronzefarbe\/#primaryimage"},"thumbnailUrl":"https:\/\/dev.eliassen.nl\/wp-content\/uploads\/2024\/01\/mijnproject_171nd.png","datePublished":"2021-10-08T07:51:19+00:00","dateModified":"2024-12-05T14:54:55+00:00","description":"Gro\u00dfe Auswahl an konkreten Hundebildern, die fast alle live betrachtet werden k\u00f6nnen!","breadcrumb":{"@id":"https:\/\/dev.eliassen.nl\/de\/hund-mit-welpen-21-cm-bronzefarbe\/#breadcrumb"},"inLanguage":"de","potentialAction":[{"@type":"ReadAction","target":["https:\/\/dev.eliassen.nl\/de\/hund-mit-welpen-21-cm-bronzefarbe\/"]}]},{"@type":"ImageObject","inLanguage":"de","@id":"https:\/\/dev.eliassen.nl\/de\/hund-mit-welpen-21-cm-bronzefarbe\/#primaryimage","url":"https:\/\/dev.eliassen.nl\/wp-content\/uploads\/2024\/01\/mijnproject_171nd.png","contentUrl":"https:\/\/dev.eliassen.nl\/wp-content\/uploads\/2024\/01\/mijnproject_171nd.png","width":726,"height":1000,"caption":"Mijn project"},{"@type":"BreadcrumbList","@id":"https:\/\/dev.eliassen.nl\/de\/hund-mit-welpen-21-cm-bronzefarbe\/#breadcrumb","itemListElement":[{"@type":"ListItem","position":1,"name":"Home","item":"https:\/\/dev.eliassen.nl\/de\/"},{"@type":"ListItem","position":2,"name":"Shop","item":"https:\/\/dev.eliassen.nl\/nl\/winkel\/"},{"@type":"ListItem","position":3,"name":"Statuen-Skulpturen","item":"https:\/\/dev.eliassen.nl\/de\/statuen-skulpturen\/"},{"@type":"ListItem","position":4,"name":"Betonstatuen","item":"https:\/\/dev.eliassen.nl\/de\/bilder\/betonstatuen\/"},{"@type":"ListItem","position":5,"name":"Hundestatuen aus Stein","item":"https:\/\/dev.eliassen.nl\/de\/bilder\/betonstatuen\/hundestatuen-aus-stein\/"},{"@type":"ListItem","position":6,"name":"Hund mit Welpen 21 cm Bronzefarbe"}]},{"@type":"WebSite","@id":"https:\/\/dev.eliassen.nl\/de\/#website","url":"https:\/\/dev.eliassen.nl\/de\/","name":"Eliassen Home & Garden Pleasure","description":"","publisher":{"@id":"https:\/\/dev.eliassen.nl\/de\/#organization"},"alternateName":"Eliassen.nl","potentialAction":[{"@type":"SearchAction","target":{"@type":"EntryPoint","urlTemplate":"https:\/\/dev.eliassen.nl\/de\/?s={search_term_string}"},"query-input":{"@type":"PropertyValueSpecification","valueRequired":true,"valueName":"search_term_string"}}],"inLanguage":"de"},{"@type":"Organization","@id":"https:\/\/dev.eliassen.nl\/de\/#organization","name":"Eliassen Home & Garden Pleasure","url":"https:\/\/dev.eliassen.nl\/de\/","logo":{"@type":"ImageObject","inLanguage":"de","@id":"https:\/\/dev.eliassen.nl\/de\/#\/schema\/logo\/image\/","url":"https:\/\/www.eliassen.nl\/wp-content\/uploads\/2024\/01\/logo_4nd.jpg","contentUrl":"https:\/\/www.eliassen.nl\/wp-content\/uploads\/2024\/01\/logo_4nd.jpg","width":500,"height":500,"caption":"Eliassen Home & Garden Pleasure"},"image":{"@id":"https:\/\/dev.eliassen.nl\/de\/#\/schema\/logo\/image\/"},"sameAs":["https:\/\/www.facebook.com\/TuincentrumEliassenAmmerzoden","https:\/\/www.instagram.com\/eliassenhomeandgarden\/","https:\/\/nl.pinterest.com\/eliassenhomeandgarden\/","https:\/\/www.youtube.com\/@eliassenhomegardenpleasure4558"]}]}},"df_price":22.5,"df_sale_price":"","df_regular_price":22.5,"df_image_link":"https:\/\/dev.eliassen.nl\/wp-content\/uploads\/2024\/01\/mijnproject_171nd.png","image":"https:\/\/dev.eliassen.nl\/wp-content\/uploads\/2024\/01\/mijnproject_171nd.png","price_search":"<span class=\"woocommerce-Price-amount amount\"><bdi><span class=\"woocommerce-Price-currencySymbol\">&euro;<\/span>&nbsp;22,50<\/bdi><\/span>","category":"Betonstatuen","_links":{"self":[{"href":"https:\/\/dev.eliassen.nl\/de\/wp-json\/wp\/v2\/product\/64168","targetHints":{"allow":["GET"]}}],"collection":[{"href":"https:\/\/dev.eliassen.nl\/de\/wp-json\/wp\/v2\/product"}],"about":[{"href":"https:\/\/dev.eliassen.nl\/de\/wp-json\/wp\/v2\/types\/product"}],"wp:featuredmedia":[{"embeddable":true,"href":"https:\/\/dev.eliassen.nl\/de\/wp-json\/wp\/v2\/media\/64162"}],"wp:attachment":[{"href":"https:\/\/dev.eliassen.nl\/de\/wp-json\/wp\/v2\/media?parent=64168"}],"wp:term":[{"taxonomy":"product_brand","embeddable":true,"href":"https:\/\/dev.eliassen.nl\/de\/wp-json\/wp\/v2\/product_brand?post=64168"},{"taxonomy":"product_cat","embeddable":true,"href":"https:\/\/dev.eliassen.nl\/de\/wp-json\/wp\/v2\/product_cat?post=64168"},{"taxonomy":"product_tag","embeddable":true,"href":"https:\/\/dev.eliassen.nl\/de\/wp-json\/wp\/v2\/product_tag?post=64168"}],"curies":[{"name":"wp","href":"https:\/\/api.w.org\/{rel}","templated":true}]}}