{"id":64231,"date":"2021-10-08T10:24:10","date_gmt":"2021-10-08T08:24:10","guid":{"rendered":"https:\/\/www.eliassen.nl\/?product=engel-beeld-biddend-78cm"},"modified":"2024-12-05T15:55:02","modified_gmt":"2024-12-05T14:55:02","slug":"engelstatue-grau-betend-78cm","status":"publish","type":"product","link":"https:\/\/dev.eliassen.nl\/de\/engelstatue-grau-betend-78cm\/","title":{"rendered":"Engelstatue grau betend 78cm"},"content":{"rendered":"<p>Sch\u00f6n gro\u00df gestaltete Statue eines graufarbenen Engels auf einem Knie, betend, aus hochwertigem Steinguss, grau gewaschen. Die H\u00f6he betr\u00e4gt 78 cm und 68 kg schwer.<\/p>\n<ul>\n<li>massiver Steinguss<\/li>\n<li>Farbe natur, grau gewaschen<\/li>\n<li>Gr\u00f6\u00dfe 78 cm hoch<\/li>\n<li>Gewicht 68 kg<\/li>\n<li>Kann rein und raus<\/li>\n<li>2 Jahre Garantie<\/li>\n<li>Wir bem\u00fchen uns, dieses Produkt immer in unserem Showroom zu haben, damit Sie dieses Modell live sehen k\u00f6nnen. Rufen Sie uns an oder mailen Sie uns, wenn Sie kommen m\u00f6chten, um Missverst\u00e4ndnisse zu vermeiden.<\/li>\n<\/ul>\n","protected":false},"excerpt":{"rendered":"<p>Sch\u00f6n gro\u00df gestaltete Statue eines graufarbenen Engels auf einem Knie, betend, aus hochwertigem Steinguss, grau gewaschen. Die H\u00f6he betr\u00e4gt 78 cm und 68 kg schwer. massiver Steinguss Farbe natur, grau gewaschen Gr\u00f6\u00dfe 78 cm hoch Gewicht 68 kg Kann rein und raus 2 Jahre Garantie Wir bem\u00fchen uns, dieses Produkt immer in unserem Showroom zu &hellip;<\/p>\n","protected":false},"featured_media":64225,"template":"","meta":{"_acf_changed":false},"product_brand":[],"product_cat":[677,695,7076],"product_tag":[],"class_list":{"0":"post-64231","1":"product","2":"type-product","3":"status-publish","4":"has-post-thumbnail","6":"product_cat-betonstatuen","7":"product_cat-engels-und-marienstatuen","8":"product_cat-statues-figures","10":"first","11":"outofstock","12":"taxable","13":"shipping-taxable","14":"purchasable","15":"product-type-simple"},"acf":[],"yoast_head":"<!-- This site is optimized with the Yoast SEO plugin v23.8 - https:\/\/yoast.com\/wordpress\/plugins\/seo\/ -->\n<title>Engelsstatue betend 78cm | Grau eingewaschen | massiver Steinguss<\/title>\n<meta name=\"description\" content=\"Gro\u00dfe graue Engelsstatue f\u00fcr den Innen- und Au\u00dfenbereich. Sehen Sie sich LIVE unseren Ausstellungsraum an, in dem wir viele Statuen des Heiligen Engels ausge...\" \/>\n<meta name=\"robots\" content=\"noindex, follow, max-snippet:-1, max-image-preview:large, max-video-preview:-1\" \/>\n<meta property=\"og:locale\" content=\"de_DE\" \/>\n<meta property=\"og:type\" content=\"article\" \/>\n<meta property=\"og:title\" content=\"Engelsstatue betend 78cm | Grau eingewaschen | massiver Steinguss\" \/>\n<meta property=\"og:description\" content=\"Gro\u00dfe graue Engelsstatue f\u00fcr den Innen- und Au\u00dfenbereich. Sehen Sie sich LIVE unseren Ausstellungsraum an, in dem wir viele Statuen des Heiligen Engels ausge...\" \/>\n<meta property=\"og:url\" content=\"https:\/\/dev.eliassen.nl\/de\/engelstatue-grau-betend-78cm\/\" \/>\n<meta property=\"og:site_name\" content=\"Eliassen.nl\" \/>\n<meta property=\"article:publisher\" content=\"https:\/\/www.facebook.com\/TuincentrumEliassenAmmerzoden\" \/>\n<meta property=\"article:modified_time\" content=\"2024-12-05T14:55:02+00:00\" \/>\n<meta property=\"og:image\" content=\"https:\/\/dev.eliassen.nl\/wp-content\/uploads\/2024\/01\/engelbeeldgrijsbiddend78cmeliassenhomegar.jpg\" \/>\n\t<meta property=\"og:image:width\" content=\"420\" \/>\n\t<meta property=\"og:image:height\" content=\"593\" \/>\n\t<meta property=\"og:image:type\" content=\"image\/jpeg\" \/>\n<meta name=\"twitter:card\" content=\"summary_large_image\" \/>\n<script type=\"application\/ld+json\" class=\"yoast-schema-graph\">{\"@context\":\"https:\/\/schema.org\",\"@graph\":[{\"@type\":\"WebPage\",\"@id\":\"https:\/\/dev.eliassen.nl\/de\/engelstatue-grau-betend-78cm\/\",\"url\":\"https:\/\/dev.eliassen.nl\/de\/engelstatue-grau-betend-78cm\/\",\"name\":\"Engelsstatue betend 78cm | Grau eingewaschen | massiver Steinguss\",\"isPartOf\":{\"@id\":\"https:\/\/dev.eliassen.nl\/de\/#website\"},\"primaryImageOfPage\":{\"@id\":\"https:\/\/dev.eliassen.nl\/de\/engelstatue-grau-betend-78cm\/#primaryimage\"},\"image\":{\"@id\":\"https:\/\/dev.eliassen.nl\/de\/engelstatue-grau-betend-78cm\/#primaryimage\"},\"thumbnailUrl\":\"https:\/\/dev.eliassen.nl\/wp-content\/uploads\/2024\/01\/engelbeeldgrijsbiddend78cmeliassenhomegar.jpg\",\"datePublished\":\"2021-10-08T08:24:10+00:00\",\"dateModified\":\"2024-12-05T14:55:02+00:00\",\"description\":\"Gro\u00dfe graue Engelsstatue f\u00fcr den Innen- und Au\u00dfenbereich. Sehen Sie sich LIVE unseren Ausstellungsraum an, in dem wir viele Statuen des Heiligen Engels ausge...\",\"breadcrumb\":{\"@id\":\"https:\/\/dev.eliassen.nl\/de\/engelstatue-grau-betend-78cm\/#breadcrumb\"},\"inLanguage\":\"de\",\"potentialAction\":[{\"@type\":\"ReadAction\",\"target\":[\"https:\/\/dev.eliassen.nl\/de\/engelstatue-grau-betend-78cm\/\"]}]},{\"@type\":\"ImageObject\",\"inLanguage\":\"de\",\"@id\":\"https:\/\/dev.eliassen.nl\/de\/engelstatue-grau-betend-78cm\/#primaryimage\",\"url\":\"https:\/\/dev.eliassen.nl\/wp-content\/uploads\/2024\/01\/engelbeeldgrijsbiddend78cmeliassenhomegar.jpg\",\"contentUrl\":\"https:\/\/dev.eliassen.nl\/wp-content\/uploads\/2024\/01\/engelbeeldgrijsbiddend78cmeliassenhomegar.jpg\",\"width\":420,\"height\":593,\"caption\":\"Engel beeld grijs biddend 78cm - Eliassen Home & Garden Pleasure\"},{\"@type\":\"BreadcrumbList\",\"@id\":\"https:\/\/dev.eliassen.nl\/de\/engelstatue-grau-betend-78cm\/#breadcrumb\",\"itemListElement\":[{\"@type\":\"ListItem\",\"position\":1,\"name\":\"Home\",\"item\":\"https:\/\/dev.eliassen.nl\/de\/\"},{\"@type\":\"ListItem\",\"position\":2,\"name\":\"Shop\",\"item\":\"https:\/\/dev.eliassen.nl\/nl\/winkel\/\"},{\"@type\":\"ListItem\",\"position\":3,\"name\":\"Statuen-Skulpturen\",\"item\":\"https:\/\/dev.eliassen.nl\/de\/statuen-skulpturen\/\"},{\"@type\":\"ListItem\",\"position\":4,\"name\":\"Betonstatuen\",\"item\":\"https:\/\/dev.eliassen.nl\/de\/bilder\/betonstatuen\/\"},{\"@type\":\"ListItem\",\"position\":5,\"name\":\"Engels- und Marienstatuen\",\"item\":\"https:\/\/dev.eliassen.nl\/de\/bilder\/betonstatuen\/engels-und-marienstatuen\/\"},{\"@type\":\"ListItem\",\"position\":6,\"name\":\"Engelstatue grau betend 78cm\"}]},{\"@type\":\"WebSite\",\"@id\":\"https:\/\/dev.eliassen.nl\/de\/#website\",\"url\":\"https:\/\/dev.eliassen.nl\/de\/\",\"name\":\"Eliassen Home & Garden Pleasure\",\"description\":\"\",\"publisher\":{\"@id\":\"https:\/\/dev.eliassen.nl\/de\/#organization\"},\"alternateName\":\"Eliassen.nl\",\"potentialAction\":[{\"@type\":\"SearchAction\",\"target\":{\"@type\":\"EntryPoint\",\"urlTemplate\":\"https:\/\/dev.eliassen.nl\/de\/?s={search_term_string}\"},\"query-input\":{\"@type\":\"PropertyValueSpecification\",\"valueRequired\":true,\"valueName\":\"search_term_string\"}}],\"inLanguage\":\"de\"},{\"@type\":\"Organization\",\"@id\":\"https:\/\/dev.eliassen.nl\/de\/#organization\",\"name\":\"Eliassen Home & Garden Pleasure\",\"url\":\"https:\/\/dev.eliassen.nl\/de\/\",\"logo\":{\"@type\":\"ImageObject\",\"inLanguage\":\"de\",\"@id\":\"https:\/\/dev.eliassen.nl\/de\/#\/schema\/logo\/image\/\",\"url\":\"https:\/\/www.eliassen.nl\/wp-content\/uploads\/2024\/01\/logo_4nd.jpg\",\"contentUrl\":\"https:\/\/www.eliassen.nl\/wp-content\/uploads\/2024\/01\/logo_4nd.jpg\",\"width\":500,\"height\":500,\"caption\":\"Eliassen Home & Garden Pleasure\"},\"image\":{\"@id\":\"https:\/\/dev.eliassen.nl\/de\/#\/schema\/logo\/image\/\"},\"sameAs\":[\"https:\/\/www.facebook.com\/TuincentrumEliassenAmmerzoden\",\"https:\/\/www.instagram.com\/eliassenhomeandgarden\/\",\"https:\/\/nl.pinterest.com\/eliassenhomeandgarden\/\",\"https:\/\/www.youtube.com\/@eliassenhomegardenpleasure4558\"]}]}<\/script>\n<!-- \/ Yoast SEO plugin. -->","yoast_head_json":{"title":"Engelsstatue betend 78cm | Grau eingewaschen | massiver Steinguss","description":"Gro\u00dfe graue Engelsstatue f\u00fcr den Innen- und Au\u00dfenbereich. Sehen Sie sich LIVE unseren Ausstellungsraum an, in dem wir viele Statuen des Heiligen Engels ausge...","robots":{"index":"noindex","follow":"follow","max-snippet":"max-snippet:-1","max-image-preview":"max-image-preview:large","max-video-preview":"max-video-preview:-1"},"og_locale":"de_DE","og_type":"article","og_title":"Engelsstatue betend 78cm | Grau eingewaschen | massiver Steinguss","og_description":"Gro\u00dfe graue Engelsstatue f\u00fcr den Innen- und Au\u00dfenbereich. Sehen Sie sich LIVE unseren Ausstellungsraum an, in dem wir viele Statuen des Heiligen Engels ausge...","og_url":"https:\/\/dev.eliassen.nl\/de\/engelstatue-grau-betend-78cm\/","og_site_name":"Eliassen.nl","article_publisher":"https:\/\/www.facebook.com\/TuincentrumEliassenAmmerzoden","article_modified_time":"2024-12-05T14:55:02+00:00","og_image":[{"width":420,"height":593,"url":"https:\/\/dev.eliassen.nl\/wp-content\/uploads\/2024\/01\/engelbeeldgrijsbiddend78cmeliassenhomegar.jpg","type":"image\/jpeg"}],"twitter_card":"summary_large_image","schema":{"@context":"https:\/\/schema.org","@graph":[{"@type":"WebPage","@id":"https:\/\/dev.eliassen.nl\/de\/engelstatue-grau-betend-78cm\/","url":"https:\/\/dev.eliassen.nl\/de\/engelstatue-grau-betend-78cm\/","name":"Engelsstatue betend 78cm | Grau eingewaschen | massiver Steinguss","isPartOf":{"@id":"https:\/\/dev.eliassen.nl\/de\/#website"},"primaryImageOfPage":{"@id":"https:\/\/dev.eliassen.nl\/de\/engelstatue-grau-betend-78cm\/#primaryimage"},"image":{"@id":"https:\/\/dev.eliassen.nl\/de\/engelstatue-grau-betend-78cm\/#primaryimage"},"thumbnailUrl":"https:\/\/dev.eliassen.nl\/wp-content\/uploads\/2024\/01\/engelbeeldgrijsbiddend78cmeliassenhomegar.jpg","datePublished":"2021-10-08T08:24:10+00:00","dateModified":"2024-12-05T14:55:02+00:00","description":"Gro\u00dfe graue Engelsstatue f\u00fcr den Innen- und Au\u00dfenbereich. Sehen Sie sich LIVE unseren Ausstellungsraum an, in dem wir viele Statuen des Heiligen Engels ausge...","breadcrumb":{"@id":"https:\/\/dev.eliassen.nl\/de\/engelstatue-grau-betend-78cm\/#breadcrumb"},"inLanguage":"de","potentialAction":[{"@type":"ReadAction","target":["https:\/\/dev.eliassen.nl\/de\/engelstatue-grau-betend-78cm\/"]}]},{"@type":"ImageObject","inLanguage":"de","@id":"https:\/\/dev.eliassen.nl\/de\/engelstatue-grau-betend-78cm\/#primaryimage","url":"https:\/\/dev.eliassen.nl\/wp-content\/uploads\/2024\/01\/engelbeeldgrijsbiddend78cmeliassenhomegar.jpg","contentUrl":"https:\/\/dev.eliassen.nl\/wp-content\/uploads\/2024\/01\/engelbeeldgrijsbiddend78cmeliassenhomegar.jpg","width":420,"height":593,"caption":"Engel beeld grijs biddend 78cm - Eliassen Home & Garden Pleasure"},{"@type":"BreadcrumbList","@id":"https:\/\/dev.eliassen.nl\/de\/engelstatue-grau-betend-78cm\/#breadcrumb","itemListElement":[{"@type":"ListItem","position":1,"name":"Home","item":"https:\/\/dev.eliassen.nl\/de\/"},{"@type":"ListItem","position":2,"name":"Shop","item":"https:\/\/dev.eliassen.nl\/nl\/winkel\/"},{"@type":"ListItem","position":3,"name":"Statuen-Skulpturen","item":"https:\/\/dev.eliassen.nl\/de\/statuen-skulpturen\/"},{"@type":"ListItem","position":4,"name":"Betonstatuen","item":"https:\/\/dev.eliassen.nl\/de\/bilder\/betonstatuen\/"},{"@type":"ListItem","position":5,"name":"Engels- und Marienstatuen","item":"https:\/\/dev.eliassen.nl\/de\/bilder\/betonstatuen\/engels-und-marienstatuen\/"},{"@type":"ListItem","position":6,"name":"Engelstatue grau betend 78cm"}]},{"@type":"WebSite","@id":"https:\/\/dev.eliassen.nl\/de\/#website","url":"https:\/\/dev.eliassen.nl\/de\/","name":"Eliassen Home & Garden Pleasure","description":"","publisher":{"@id":"https:\/\/dev.eliassen.nl\/de\/#organization"},"alternateName":"Eliassen.nl","potentialAction":[{"@type":"SearchAction","target":{"@type":"EntryPoint","urlTemplate":"https:\/\/dev.eliassen.nl\/de\/?s={search_term_string}"},"query-input":{"@type":"PropertyValueSpecification","valueRequired":true,"valueName":"search_term_string"}}],"inLanguage":"de"},{"@type":"Organization","@id":"https:\/\/dev.eliassen.nl\/de\/#organization","name":"Eliassen Home & Garden Pleasure","url":"https:\/\/dev.eliassen.nl\/de\/","logo":{"@type":"ImageObject","inLanguage":"de","@id":"https:\/\/dev.eliassen.nl\/de\/#\/schema\/logo\/image\/","url":"https:\/\/www.eliassen.nl\/wp-content\/uploads\/2024\/01\/logo_4nd.jpg","contentUrl":"https:\/\/www.eliassen.nl\/wp-content\/uploads\/2024\/01\/logo_4nd.jpg","width":500,"height":500,"caption":"Eliassen Home & Garden Pleasure"},"image":{"@id":"https:\/\/dev.eliassen.nl\/de\/#\/schema\/logo\/image\/"},"sameAs":["https:\/\/www.facebook.com\/TuincentrumEliassenAmmerzoden","https:\/\/www.instagram.com\/eliassenhomeandgarden\/","https:\/\/nl.pinterest.com\/eliassenhomeandgarden\/","https:\/\/www.youtube.com\/@eliassenhomegardenpleasure4558"]}]}},"df_price":169,"df_sale_price":"","df_regular_price":169,"df_image_link":"https:\/\/dev.eliassen.nl\/wp-content\/uploads\/2024\/01\/engelbeeldgrijsbiddend78cmeliassenhomegar.jpg","image":"https:\/\/dev.eliassen.nl\/wp-content\/uploads\/2024\/01\/engelbeeldgrijsbiddend78cmeliassenhomegar.jpg","price_search":"<span class=\"woocommerce-Price-amount amount\"><bdi><span class=\"woocommerce-Price-currencySymbol\">&euro;<\/span>&nbsp;169,00<\/bdi><\/span>","category":"Betonstatuen","_links":{"self":[{"href":"https:\/\/dev.eliassen.nl\/de\/wp-json\/wp\/v2\/product\/64231","targetHints":{"allow":["GET"]}}],"collection":[{"href":"https:\/\/dev.eliassen.nl\/de\/wp-json\/wp\/v2\/product"}],"about":[{"href":"https:\/\/dev.eliassen.nl\/de\/wp-json\/wp\/v2\/types\/product"}],"wp:featuredmedia":[{"embeddable":true,"href":"https:\/\/dev.eliassen.nl\/de\/wp-json\/wp\/v2\/media\/64225"}],"wp:attachment":[{"href":"https:\/\/dev.eliassen.nl\/de\/wp-json\/wp\/v2\/media?parent=64231"}],"wp:term":[{"taxonomy":"product_brand","embeddable":true,"href":"https:\/\/dev.eliassen.nl\/de\/wp-json\/wp\/v2\/product_brand?post=64231"},{"taxonomy":"product_cat","embeddable":true,"href":"https:\/\/dev.eliassen.nl\/de\/wp-json\/wp\/v2\/product_cat?post=64231"},{"taxonomy":"product_tag","embeddable":true,"href":"https:\/\/dev.eliassen.nl\/de\/wp-json\/wp\/v2\/product_tag?post=64231"}],"curies":[{"name":"wp","href":"https:\/\/api.w.org\/{rel}","templated":true}]}}