{"id":64528,"date":"2021-10-16T09:46:20","date_gmt":"2021-10-16T07:46:20","guid":{"rendered":"https:\/\/www.eliassen.nl\/?product=haan-groot-60cm"},"modified":"2024-12-05T15:55:25","modified_gmt":"2024-12-05T14:55:25","slug":"gold-silberfarbene-hahnstatue-gross-60cm","status":"publish","type":"product","link":"https:\/\/dev.eliassen.nl\/de\/gold-silberfarbene-hahnstatue-gross-60cm\/","title":{"rendered":"Gold silberfarbene Hahnstatue gro\u00df 60cm"},"content":{"rendered":"<p>Diese gold-\/silberfarbene Statue eines Hahns ist dekorativ f\u00fcr Ihr Zuhause und jeden Garten. Dieses Modell wurde mit gr\u00f6\u00dfter Sorgfalt entwickelt. Vollst\u00e4ndig von Hand aus Eisen gefertigt. Da es sich um Handarbeit handelt, kann jedes Modell farblich leicht vom Foto abweichen. Metallic-Farbe mit Silber- und Goldt\u00f6nen.<\/p>\n<p><strong>Wir haben fast alles aus dieser Serie im Showroom, schauen Sie vorbei.<\/strong><\/p>\n<ul>\n<li>Gr\u00f6\u00dfe 60 cm hoch<\/li>\n<li>Schnell geliefert<\/li>\n<li>100 % Handarbeit<\/li>\n<li>1 Jahr Garantie.<\/li>\n<\/ul>\n","protected":false},"excerpt":{"rendered":"<p>Diese gold-\/silberfarbene Statue eines Hahns ist dekorativ f\u00fcr Ihr Zuhause und jeden Garten. Dieses Modell wurde mit gr\u00f6\u00dfter Sorgfalt entwickelt. Vollst\u00e4ndig von Hand aus Eisen gefertigt. Da es sich um Handarbeit handelt, kann jedes Modell farblich leicht vom Foto abweichen. Metallic-Farbe mit Silber- und Goldt\u00f6nen. Wir haben fast alles aus dieser Serie im Showroom, schauen &hellip;<\/p>\n","protected":false},"featured_media":64525,"template":"","meta":{"_acf_changed":false},"product_brand":[],"product_cat":[665,659],"product_tag":[],"class_list":{"0":"post-64528","1":"product","2":"type-product","3":"status-publish","4":"has-post-thumbnail","6":"product_cat-dekofiguren-aus-metall","7":"product_cat-dekoration-aus-metall","9":"first","10":"outofstock","11":"taxable","12":"shipping-taxable","13":"purchasable","14":"product-type-simple"},"acf":[],"yoast_head":"<!-- This site is optimized with the Yoast SEO plugin v23.8 - https:\/\/yoast.com\/wordpress\/plugins\/seo\/ -->\n<title>Gold silberfarbene Hahnstatue | Gro\u00dfe Gr\u00f6\u00dfe | 60cm - Eliassen.nl<\/title>\n<meta name=\"description\" content=\"Der goldsilberfarbene gro\u00dfe Hahn, n\u00e4mlich 60 cm, ist komplett handgefertigt. Sehen Sie sich auch LIVE unsere anderen Tierstatuen als Dekoration an.\" \/>\n<meta name=\"robots\" content=\"noindex, follow, max-snippet:-1, max-image-preview:large, max-video-preview:-1\" \/>\n<meta property=\"og:locale\" content=\"de_DE\" \/>\n<meta property=\"og:type\" content=\"article\" \/>\n<meta property=\"og:title\" content=\"Gold silberfarbene Hahnstatue | Gro\u00dfe Gr\u00f6\u00dfe | 60cm - Eliassen.nl\" \/>\n<meta property=\"og:description\" content=\"Der goldsilberfarbene gro\u00dfe Hahn, n\u00e4mlich 60 cm, ist komplett handgefertigt. Sehen Sie sich auch LIVE unsere anderen Tierstatuen als Dekoration an.\" \/>\n<meta property=\"og:url\" content=\"https:\/\/dev.eliassen.nl\/de\/gold-silberfarbene-hahnstatue-gross-60cm\/\" \/>\n<meta property=\"og:site_name\" content=\"Eliassen.nl\" \/>\n<meta property=\"article:publisher\" content=\"https:\/\/www.facebook.com\/TuincentrumEliassenAmmerzoden\" \/>\n<meta property=\"article:modified_time\" content=\"2024-12-05T14:55:25+00:00\" \/>\n<meta property=\"og:image\" content=\"https:\/\/dev.eliassen.nl\/wp-content\/uploads\/2024\/01\/goudzilverkleurigebeeldhaangroot60cmelias.jpg\" \/>\n\t<meta property=\"og:image:width\" content=\"1536\" \/>\n\t<meta property=\"og:image:height\" content=\"2048\" \/>\n\t<meta property=\"og:image:type\" content=\"image\/jpeg\" \/>\n<meta name=\"twitter:card\" content=\"summary_large_image\" \/>\n<script type=\"application\/ld+json\" class=\"yoast-schema-graph\">{\"@context\":\"https:\/\/schema.org\",\"@graph\":[{\"@type\":\"WebPage\",\"@id\":\"https:\/\/dev.eliassen.nl\/de\/gold-silberfarbene-hahnstatue-gross-60cm\/\",\"url\":\"https:\/\/dev.eliassen.nl\/de\/gold-silberfarbene-hahnstatue-gross-60cm\/\",\"name\":\"Gold silberfarbene Hahnstatue | Gro\u00dfe Gr\u00f6\u00dfe | 60cm - Eliassen.nl\",\"isPartOf\":{\"@id\":\"https:\/\/dev.eliassen.nl\/de\/#website\"},\"primaryImageOfPage\":{\"@id\":\"https:\/\/dev.eliassen.nl\/de\/gold-silberfarbene-hahnstatue-gross-60cm\/#primaryimage\"},\"image\":{\"@id\":\"https:\/\/dev.eliassen.nl\/de\/gold-silberfarbene-hahnstatue-gross-60cm\/#primaryimage\"},\"thumbnailUrl\":\"https:\/\/dev.eliassen.nl\/wp-content\/uploads\/2024\/01\/goudzilverkleurigebeeldhaangroot60cmelias.jpg\",\"datePublished\":\"2021-10-16T07:46:20+00:00\",\"dateModified\":\"2024-12-05T14:55:25+00:00\",\"description\":\"Der goldsilberfarbene gro\u00dfe Hahn, n\u00e4mlich 60 cm, ist komplett handgefertigt. Sehen Sie sich auch LIVE unsere anderen Tierstatuen als Dekoration an.\",\"breadcrumb\":{\"@id\":\"https:\/\/dev.eliassen.nl\/de\/gold-silberfarbene-hahnstatue-gross-60cm\/#breadcrumb\"},\"inLanguage\":\"de\",\"potentialAction\":[{\"@type\":\"ReadAction\",\"target\":[\"https:\/\/dev.eliassen.nl\/de\/gold-silberfarbene-hahnstatue-gross-60cm\/\"]}]},{\"@type\":\"ImageObject\",\"inLanguage\":\"de\",\"@id\":\"https:\/\/dev.eliassen.nl\/de\/gold-silberfarbene-hahnstatue-gross-60cm\/#primaryimage\",\"url\":\"https:\/\/dev.eliassen.nl\/wp-content\/uploads\/2024\/01\/goudzilverkleurigebeeldhaangroot60cmelias.jpg\",\"contentUrl\":\"https:\/\/dev.eliassen.nl\/wp-content\/uploads\/2024\/01\/goudzilverkleurigebeeldhaangroot60cmelias.jpg\",\"width\":1536,\"height\":2048,\"caption\":\"Goud zilver kleurige beeld Haan groot 60cm - eliassen.nl\"},{\"@type\":\"BreadcrumbList\",\"@id\":\"https:\/\/dev.eliassen.nl\/de\/gold-silberfarbene-hahnstatue-gross-60cm\/#breadcrumb\",\"itemListElement\":[{\"@type\":\"ListItem\",\"position\":1,\"name\":\"Home\",\"item\":\"https:\/\/dev.eliassen.nl\/de\/\"},{\"@type\":\"ListItem\",\"position\":2,\"name\":\"Shop\",\"item\":\"https:\/\/dev.eliassen.nl\/nl\/winkel\/\"},{\"@type\":\"ListItem\",\"position\":3,\"name\":\"Dekoration aus Metall\",\"item\":\"https:\/\/dev.eliassen.nl\/de\/dekoration-aus-metall\/\"},{\"@type\":\"ListItem\",\"position\":4,\"name\":\"Dekofiguren aus Metall\",\"item\":\"https:\/\/dev.eliassen.nl\/de\/dekoration-aus-metall\/dekofiguren-aus-metall\/\"},{\"@type\":\"ListItem\",\"position\":5,\"name\":\"Gold silberfarbene Hahnstatue gro\u00df 60cm\"}]},{\"@type\":\"WebSite\",\"@id\":\"https:\/\/dev.eliassen.nl\/de\/#website\",\"url\":\"https:\/\/dev.eliassen.nl\/de\/\",\"name\":\"Eliassen Home & Garden Pleasure\",\"description\":\"\",\"publisher\":{\"@id\":\"https:\/\/dev.eliassen.nl\/de\/#organization\"},\"alternateName\":\"Eliassen.nl\",\"potentialAction\":[{\"@type\":\"SearchAction\",\"target\":{\"@type\":\"EntryPoint\",\"urlTemplate\":\"https:\/\/dev.eliassen.nl\/de\/?s={search_term_string}\"},\"query-input\":{\"@type\":\"PropertyValueSpecification\",\"valueRequired\":true,\"valueName\":\"search_term_string\"}}],\"inLanguage\":\"de\"},{\"@type\":\"Organization\",\"@id\":\"https:\/\/dev.eliassen.nl\/de\/#organization\",\"name\":\"Eliassen Home & Garden Pleasure\",\"url\":\"https:\/\/dev.eliassen.nl\/de\/\",\"logo\":{\"@type\":\"ImageObject\",\"inLanguage\":\"de\",\"@id\":\"https:\/\/dev.eliassen.nl\/de\/#\/schema\/logo\/image\/\",\"url\":\"https:\/\/www.eliassen.nl\/wp-content\/uploads\/2024\/01\/logo_4nd.jpg\",\"contentUrl\":\"https:\/\/www.eliassen.nl\/wp-content\/uploads\/2024\/01\/logo_4nd.jpg\",\"width\":500,\"height\":500,\"caption\":\"Eliassen Home & Garden Pleasure\"},\"image\":{\"@id\":\"https:\/\/dev.eliassen.nl\/de\/#\/schema\/logo\/image\/\"},\"sameAs\":[\"https:\/\/www.facebook.com\/TuincentrumEliassenAmmerzoden\",\"https:\/\/www.instagram.com\/eliassenhomeandgarden\/\",\"https:\/\/nl.pinterest.com\/eliassenhomeandgarden\/\",\"https:\/\/www.youtube.com\/@eliassenhomegardenpleasure4558\"]}]}<\/script>\n<!-- \/ Yoast SEO plugin. -->","yoast_head_json":{"title":"Gold silberfarbene Hahnstatue | Gro\u00dfe Gr\u00f6\u00dfe | 60cm - Eliassen.nl","description":"Der goldsilberfarbene gro\u00dfe Hahn, n\u00e4mlich 60 cm, ist komplett handgefertigt. Sehen Sie sich auch LIVE unsere anderen Tierstatuen als Dekoration an.","robots":{"index":"noindex","follow":"follow","max-snippet":"max-snippet:-1","max-image-preview":"max-image-preview:large","max-video-preview":"max-video-preview:-1"},"og_locale":"de_DE","og_type":"article","og_title":"Gold silberfarbene Hahnstatue | Gro\u00dfe Gr\u00f6\u00dfe | 60cm - Eliassen.nl","og_description":"Der goldsilberfarbene gro\u00dfe Hahn, n\u00e4mlich 60 cm, ist komplett handgefertigt. Sehen Sie sich auch LIVE unsere anderen Tierstatuen als Dekoration an.","og_url":"https:\/\/dev.eliassen.nl\/de\/gold-silberfarbene-hahnstatue-gross-60cm\/","og_site_name":"Eliassen.nl","article_publisher":"https:\/\/www.facebook.com\/TuincentrumEliassenAmmerzoden","article_modified_time":"2024-12-05T14:55:25+00:00","og_image":[{"width":1536,"height":2048,"url":"https:\/\/dev.eliassen.nl\/wp-content\/uploads\/2024\/01\/goudzilverkleurigebeeldhaangroot60cmelias.jpg","type":"image\/jpeg"}],"twitter_card":"summary_large_image","schema":{"@context":"https:\/\/schema.org","@graph":[{"@type":"WebPage","@id":"https:\/\/dev.eliassen.nl\/de\/gold-silberfarbene-hahnstatue-gross-60cm\/","url":"https:\/\/dev.eliassen.nl\/de\/gold-silberfarbene-hahnstatue-gross-60cm\/","name":"Gold silberfarbene Hahnstatue | Gro\u00dfe Gr\u00f6\u00dfe | 60cm - Eliassen.nl","isPartOf":{"@id":"https:\/\/dev.eliassen.nl\/de\/#website"},"primaryImageOfPage":{"@id":"https:\/\/dev.eliassen.nl\/de\/gold-silberfarbene-hahnstatue-gross-60cm\/#primaryimage"},"image":{"@id":"https:\/\/dev.eliassen.nl\/de\/gold-silberfarbene-hahnstatue-gross-60cm\/#primaryimage"},"thumbnailUrl":"https:\/\/dev.eliassen.nl\/wp-content\/uploads\/2024\/01\/goudzilverkleurigebeeldhaangroot60cmelias.jpg","datePublished":"2021-10-16T07:46:20+00:00","dateModified":"2024-12-05T14:55:25+00:00","description":"Der goldsilberfarbene gro\u00dfe Hahn, n\u00e4mlich 60 cm, ist komplett handgefertigt. Sehen Sie sich auch LIVE unsere anderen Tierstatuen als Dekoration an.","breadcrumb":{"@id":"https:\/\/dev.eliassen.nl\/de\/gold-silberfarbene-hahnstatue-gross-60cm\/#breadcrumb"},"inLanguage":"de","potentialAction":[{"@type":"ReadAction","target":["https:\/\/dev.eliassen.nl\/de\/gold-silberfarbene-hahnstatue-gross-60cm\/"]}]},{"@type":"ImageObject","inLanguage":"de","@id":"https:\/\/dev.eliassen.nl\/de\/gold-silberfarbene-hahnstatue-gross-60cm\/#primaryimage","url":"https:\/\/dev.eliassen.nl\/wp-content\/uploads\/2024\/01\/goudzilverkleurigebeeldhaangroot60cmelias.jpg","contentUrl":"https:\/\/dev.eliassen.nl\/wp-content\/uploads\/2024\/01\/goudzilverkleurigebeeldhaangroot60cmelias.jpg","width":1536,"height":2048,"caption":"Goud zilver kleurige beeld Haan groot 60cm - eliassen.nl"},{"@type":"BreadcrumbList","@id":"https:\/\/dev.eliassen.nl\/de\/gold-silberfarbene-hahnstatue-gross-60cm\/#breadcrumb","itemListElement":[{"@type":"ListItem","position":1,"name":"Home","item":"https:\/\/dev.eliassen.nl\/de\/"},{"@type":"ListItem","position":2,"name":"Shop","item":"https:\/\/dev.eliassen.nl\/nl\/winkel\/"},{"@type":"ListItem","position":3,"name":"Dekoration aus Metall","item":"https:\/\/dev.eliassen.nl\/de\/dekoration-aus-metall\/"},{"@type":"ListItem","position":4,"name":"Dekofiguren aus Metall","item":"https:\/\/dev.eliassen.nl\/de\/dekoration-aus-metall\/dekofiguren-aus-metall\/"},{"@type":"ListItem","position":5,"name":"Gold silberfarbene Hahnstatue gro\u00df 60cm"}]},{"@type":"WebSite","@id":"https:\/\/dev.eliassen.nl\/de\/#website","url":"https:\/\/dev.eliassen.nl\/de\/","name":"Eliassen Home & Garden Pleasure","description":"","publisher":{"@id":"https:\/\/dev.eliassen.nl\/de\/#organization"},"alternateName":"Eliassen.nl","potentialAction":[{"@type":"SearchAction","target":{"@type":"EntryPoint","urlTemplate":"https:\/\/dev.eliassen.nl\/de\/?s={search_term_string}"},"query-input":{"@type":"PropertyValueSpecification","valueRequired":true,"valueName":"search_term_string"}}],"inLanguage":"de"},{"@type":"Organization","@id":"https:\/\/dev.eliassen.nl\/de\/#organization","name":"Eliassen Home & Garden Pleasure","url":"https:\/\/dev.eliassen.nl\/de\/","logo":{"@type":"ImageObject","inLanguage":"de","@id":"https:\/\/dev.eliassen.nl\/de\/#\/schema\/logo\/image\/","url":"https:\/\/www.eliassen.nl\/wp-content\/uploads\/2024\/01\/logo_4nd.jpg","contentUrl":"https:\/\/www.eliassen.nl\/wp-content\/uploads\/2024\/01\/logo_4nd.jpg","width":500,"height":500,"caption":"Eliassen Home & Garden Pleasure"},"image":{"@id":"https:\/\/dev.eliassen.nl\/de\/#\/schema\/logo\/image\/"},"sameAs":["https:\/\/www.facebook.com\/TuincentrumEliassenAmmerzoden","https:\/\/www.instagram.com\/eliassenhomeandgarden\/","https:\/\/nl.pinterest.com\/eliassenhomeandgarden\/","https:\/\/www.youtube.com\/@eliassenhomegardenpleasure4558"]}]}},"df_price":115,"df_sale_price":"","df_regular_price":115,"df_image_link":"https:\/\/dev.eliassen.nl\/wp-content\/uploads\/2024\/01\/goudzilverkleurigebeeldhaangroot60cmelias.jpg","image":"https:\/\/dev.eliassen.nl\/wp-content\/uploads\/2024\/01\/goudzilverkleurigebeeldhaangroot60cmelias.jpg","price_search":"<span class=\"woocommerce-Price-amount amount\"><bdi><span class=\"woocommerce-Price-currencySymbol\">&euro;<\/span>&nbsp;115,00<\/bdi><\/span>","category":"Dekofiguren aus Metall","_links":{"self":[{"href":"https:\/\/dev.eliassen.nl\/de\/wp-json\/wp\/v2\/product\/64528","targetHints":{"allow":["GET"]}}],"collection":[{"href":"https:\/\/dev.eliassen.nl\/de\/wp-json\/wp\/v2\/product"}],"about":[{"href":"https:\/\/dev.eliassen.nl\/de\/wp-json\/wp\/v2\/types\/product"}],"wp:featuredmedia":[{"embeddable":true,"href":"https:\/\/dev.eliassen.nl\/de\/wp-json\/wp\/v2\/media\/64525"}],"wp:attachment":[{"href":"https:\/\/dev.eliassen.nl\/de\/wp-json\/wp\/v2\/media?parent=64528"}],"wp:term":[{"taxonomy":"product_brand","embeddable":true,"href":"https:\/\/dev.eliassen.nl\/de\/wp-json\/wp\/v2\/product_brand?post=64528"},{"taxonomy":"product_cat","embeddable":true,"href":"https:\/\/dev.eliassen.nl\/de\/wp-json\/wp\/v2\/product_cat?post=64528"},{"taxonomy":"product_tag","embeddable":true,"href":"https:\/\/dev.eliassen.nl\/de\/wp-json\/wp\/v2\/product_tag?post=64528"}],"curies":[{"name":"wp","href":"https:\/\/api.w.org\/{rel}","templated":true}]}}