{"id":64642,"date":"2021-10-18T02:31:18","date_gmt":"2021-10-18T00:31:18","guid":{"rendered":"https:\/\/www.eliassen.nl\/?product=adezz-kooktoestel-damm-met-braadplaat-en-schoorste"},"modified":"2023-09-04T16:36:30","modified_gmt":"2023-09-04T16:36:30","slug":"forno-cooker-damm-mit-bratplatte-und-schornstein-70x90x200cm","status":"publish","type":"product","link":"https:\/\/dev.eliassen.nl\/de\/forno-cooker-damm-mit-bratplatte-und-schornstein-70x90x200cm\/","title":{"rendered":"Forno Cooker DAMM mit Bratplatte und Schornstein 70x90x200cm"},"content":{"rendered":"<p><a href=\"https:\/\/cdn.adezz.com\/production\/ERP_handleidingen\/Productmodellen\/380\/374\/FORNO%20Cooking_DE.pdf\"><strong><u>Handbuch<\/u><\/strong><\/a> <strong><u>|<\/u> <a href=\"https:\/\/cdn.adezz.com\/production\/ERP_handleidingen\/Producten\/2544\/698\/DAMM%20BFC%2010%20%20Sheet_1.PDF\"><u>Skizzieren<\/u><\/a><\/strong><\/p>\n<p><strong><a href=\"https:\/\/www.youtube.com\/watch?v=zdflGbngZCM\" target=\"_blank\" rel=\"noopener\"><img decoding=\"async\" src=\"https:\/\/www.eliassen.nl\/wp-content\/uploads\/content\/youtube-play.png\" alt=\"\" width=\"27\" height=\"27\" \/><\/a><\/strong><strong><a href=\"https:\/\/www.youtube.com\/watch?v=zdflGbngZCM\" target=\"_blank\" rel=\"noopener\">Schau video<\/a><\/strong><\/p>\n<p>Der Forno DAMM ist Gartenkamin und Grill in einem, auf dem Sie k\u00f6stlich kochen und backen k\u00f6nnen.<\/p>\n<p>Durch das Verbrennen von Holz mit diesem Ofen k\u00f6nnen Sie die leckersten Gerichte zubereiten. Das Bratblech hat unterschiedliche Gartemperaturen. Die Mitte des Br\u00e4ters ist w\u00e4rmer als die Au\u00dfenseiten, wodurch das Kochen noch einfacher wird und Sie alle Zutaten zusammen servieren k\u00f6nnen.<\/p>\n<p>Das Forno DAMM ist formsch\u00f6n gestaltet und bietet ein besonderes Erlebnis, um gemeinsam mit Ihren G\u00e4sten das Kochen stimmungsvoll zu erleben. Ob Sie Eier braten, Gem\u00fcse langsam garen, ein zartes Steak grillen oder ein Fischgericht zubereiten, mit dem Forno DAMM entdecken Sie eine v\u00f6llig neue Welt voller M\u00f6glichkeiten des Outdoor-Kochens.<\/p>\n<p>Der Forno DAMM Gartenkamin l\u00e4sst sich auch mit einer Seitenplatte aus Holz oder Edelstahl erweitern.<\/p>\n<ul>\n<li>Inklusive Rauchabzug und Thekenkappe<\/li>\n<li>Erweiterbar mit Seitenplatten (Holz oder Edelstahl)<\/li>\n<li>Kostenloser Versand innerhalb der Niederlande<\/li>\n<\/ul>\n<p>Kommen Sie vorbei und sehen Sie sich einen Gro\u00dfteil unserer Kollektion live in unserem Showroom an!<\/p>\n<p>Haben Sie eine Frage zu diesem Produkt? <a href=\"mailto:info@eliassen.nl\">Mailen Sie<\/a> uns und stellen Sie Ihre Frage.<\/p>\n","protected":false},"excerpt":{"rendered":"<p>Rufen Sie uns an oder mailen Sie uns f\u00fcr den besten Preis!<\/p>\n","protected":false},"featured_media":64627,"template":"","meta":{"_acf_changed":false},"product_brand":[],"product_cat":[1473],"product_tag":[],"class_list":{"0":"post-64642","1":"product","2":"type-product","3":"status-publish","4":"has-post-thumbnail","6":"product_cat-geen-categorie","8":"first","9":"onbackorder","10":"taxable","11":"shipping-taxable","12":"purchasable","13":"product-type-simple"},"acf":[],"yoast_head":"<!-- This site is optimized with the Yoast SEO plugin v23.8 - https:\/\/yoast.com\/wordpress\/plugins\/seo\/ -->\n<title>Adezz Herd DAMM mit Br\u00e4ter und Kamin 70x90x200cm<\/title>\n<meta name=\"robots\" content=\"noindex, follow, max-snippet:-1, max-image-preview:large, max-video-preview:-1\" \/>\n<meta property=\"og:locale\" content=\"de_DE\" \/>\n<meta property=\"og:type\" content=\"article\" \/>\n<meta property=\"og:title\" content=\"Adezz Herd DAMM mit Br\u00e4ter und Kamin 70x90x200cm\" \/>\n<meta property=\"og:description\" content=\"Rufen Sie uns an oder mailen Sie uns f\u00fcr den besten Preis!\" \/>\n<meta property=\"og:url\" content=\"https:\/\/dev.eliassen.nl\/de\/forno-cooker-damm-mit-bratplatte-und-schornstein-70x90x200cm\/\" \/>\n<meta property=\"og:site_name\" content=\"Eliassen.nl\" \/>\n<meta property=\"article:publisher\" content=\"https:\/\/www.facebook.com\/TuincentrumEliassenAmmerzoden\" \/>\n<meta property=\"article:modified_time\" content=\"2023-09-04T16:36:30+00:00\" \/>\n<meta property=\"og:image\" content=\"https:\/\/dev.eliassen.nl\/wp-content\/uploads\/2024\/01\/eliassenkooktoestel.png\" \/>\n\t<meta property=\"og:image:width\" content=\"699\" \/>\n\t<meta property=\"og:image:height\" content=\"699\" \/>\n\t<meta property=\"og:image:type\" content=\"image\/png\" \/>\n<meta name=\"twitter:card\" content=\"summary_large_image\" \/>\n<script type=\"application\/ld+json\" class=\"yoast-schema-graph\">{\"@context\":\"https:\/\/schema.org\",\"@graph\":[{\"@type\":\"WebPage\",\"@id\":\"https:\/\/dev.eliassen.nl\/de\/forno-cooker-damm-mit-bratplatte-und-schornstein-70x90x200cm\/\",\"url\":\"https:\/\/dev.eliassen.nl\/de\/forno-cooker-damm-mit-bratplatte-und-schornstein-70x90x200cm\/\",\"name\":\"Adezz Herd DAMM mit Br\u00e4ter und Kamin 70x90x200cm\",\"isPartOf\":{\"@id\":\"https:\/\/dev.eliassen.nl\/de\/#website\"},\"primaryImageOfPage\":{\"@id\":\"https:\/\/dev.eliassen.nl\/de\/forno-cooker-damm-mit-bratplatte-und-schornstein-70x90x200cm\/#primaryimage\"},\"image\":{\"@id\":\"https:\/\/dev.eliassen.nl\/de\/forno-cooker-damm-mit-bratplatte-und-schornstein-70x90x200cm\/#primaryimage\"},\"thumbnailUrl\":\"https:\/\/dev.eliassen.nl\/wp-content\/uploads\/2024\/01\/eliassenkooktoestel.png\",\"datePublished\":\"2021-10-18T00:31:18+00:00\",\"dateModified\":\"2023-09-04T16:36:30+00:00\",\"breadcrumb\":{\"@id\":\"https:\/\/dev.eliassen.nl\/de\/forno-cooker-damm-mit-bratplatte-und-schornstein-70x90x200cm\/#breadcrumb\"},\"inLanguage\":\"de\",\"potentialAction\":[{\"@type\":\"ReadAction\",\"target\":[\"https:\/\/dev.eliassen.nl\/de\/forno-cooker-damm-mit-bratplatte-und-schornstein-70x90x200cm\/\"]}]},{\"@type\":\"ImageObject\",\"inLanguage\":\"de\",\"@id\":\"https:\/\/dev.eliassen.nl\/de\/forno-cooker-damm-mit-bratplatte-und-schornstein-70x90x200cm\/#primaryimage\",\"url\":\"https:\/\/dev.eliassen.nl\/wp-content\/uploads\/2024\/01\/eliassenkooktoestel.png\",\"contentUrl\":\"https:\/\/dev.eliassen.nl\/wp-content\/uploads\/2024\/01\/eliassenkooktoestel.png\",\"width\":699,\"height\":699,\"caption\":\"Eliassen Kooktoestel\"},{\"@type\":\"BreadcrumbList\",\"@id\":\"https:\/\/dev.eliassen.nl\/de\/forno-cooker-damm-mit-bratplatte-und-schornstein-70x90x200cm\/#breadcrumb\",\"itemListElement\":[{\"@type\":\"ListItem\",\"position\":1,\"name\":\"Home\",\"item\":\"https:\/\/dev.eliassen.nl\/de\/\"},{\"@type\":\"ListItem\",\"position\":2,\"name\":\"Shop\",\"item\":\"https:\/\/dev.eliassen.nl\/nl\/winkel\/\"},{\"@type\":\"ListItem\",\"position\":3,\"name\":\"Geen categorie\",\"item\":\"https:\/\/dev.eliassen.nl\/de\/geen-categorie-de\/\"},{\"@type\":\"ListItem\",\"position\":4,\"name\":\"Forno Cooker DAMM mit Bratplatte und Schornstein 70x90x200cm\"}]},{\"@type\":\"WebSite\",\"@id\":\"https:\/\/dev.eliassen.nl\/de\/#website\",\"url\":\"https:\/\/dev.eliassen.nl\/de\/\",\"name\":\"Eliassen Home & Garden Pleasure\",\"description\":\"\",\"publisher\":{\"@id\":\"https:\/\/dev.eliassen.nl\/de\/#organization\"},\"alternateName\":\"Eliassen.nl\",\"potentialAction\":[{\"@type\":\"SearchAction\",\"target\":{\"@type\":\"EntryPoint\",\"urlTemplate\":\"https:\/\/dev.eliassen.nl\/de\/?s={search_term_string}\"},\"query-input\":{\"@type\":\"PropertyValueSpecification\",\"valueRequired\":true,\"valueName\":\"search_term_string\"}}],\"inLanguage\":\"de\"},{\"@type\":\"Organization\",\"@id\":\"https:\/\/dev.eliassen.nl\/de\/#organization\",\"name\":\"Eliassen Home & Garden Pleasure\",\"url\":\"https:\/\/dev.eliassen.nl\/de\/\",\"logo\":{\"@type\":\"ImageObject\",\"inLanguage\":\"de\",\"@id\":\"https:\/\/dev.eliassen.nl\/de\/#\/schema\/logo\/image\/\",\"url\":\"https:\/\/www.eliassen.nl\/wp-content\/uploads\/2024\/01\/logo_4nd.jpg\",\"contentUrl\":\"https:\/\/www.eliassen.nl\/wp-content\/uploads\/2024\/01\/logo_4nd.jpg\",\"width\":500,\"height\":500,\"caption\":\"Eliassen Home & Garden Pleasure\"},\"image\":{\"@id\":\"https:\/\/dev.eliassen.nl\/de\/#\/schema\/logo\/image\/\"},\"sameAs\":[\"https:\/\/www.facebook.com\/TuincentrumEliassenAmmerzoden\",\"https:\/\/www.instagram.com\/eliassenhomeandgarden\/\",\"https:\/\/nl.pinterest.com\/eliassenhomeandgarden\/\",\"https:\/\/www.youtube.com\/@eliassenhomegardenpleasure4558\"]}]}<\/script>\n<!-- \/ Yoast SEO plugin. -->","yoast_head_json":{"title":"Adezz Herd DAMM mit Br\u00e4ter und Kamin 70x90x200cm","robots":{"index":"noindex","follow":"follow","max-snippet":"max-snippet:-1","max-image-preview":"max-image-preview:large","max-video-preview":"max-video-preview:-1"},"og_locale":"de_DE","og_type":"article","og_title":"Adezz Herd DAMM mit Br\u00e4ter und Kamin 70x90x200cm","og_description":"Rufen Sie uns an oder mailen Sie uns f\u00fcr den besten Preis!","og_url":"https:\/\/dev.eliassen.nl\/de\/forno-cooker-damm-mit-bratplatte-und-schornstein-70x90x200cm\/","og_site_name":"Eliassen.nl","article_publisher":"https:\/\/www.facebook.com\/TuincentrumEliassenAmmerzoden","article_modified_time":"2023-09-04T16:36:30+00:00","og_image":[{"width":699,"height":699,"url":"https:\/\/dev.eliassen.nl\/wp-content\/uploads\/2024\/01\/eliassenkooktoestel.png","type":"image\/png"}],"twitter_card":"summary_large_image","schema":{"@context":"https:\/\/schema.org","@graph":[{"@type":"WebPage","@id":"https:\/\/dev.eliassen.nl\/de\/forno-cooker-damm-mit-bratplatte-und-schornstein-70x90x200cm\/","url":"https:\/\/dev.eliassen.nl\/de\/forno-cooker-damm-mit-bratplatte-und-schornstein-70x90x200cm\/","name":"Adezz Herd DAMM mit Br\u00e4ter und Kamin 70x90x200cm","isPartOf":{"@id":"https:\/\/dev.eliassen.nl\/de\/#website"},"primaryImageOfPage":{"@id":"https:\/\/dev.eliassen.nl\/de\/forno-cooker-damm-mit-bratplatte-und-schornstein-70x90x200cm\/#primaryimage"},"image":{"@id":"https:\/\/dev.eliassen.nl\/de\/forno-cooker-damm-mit-bratplatte-und-schornstein-70x90x200cm\/#primaryimage"},"thumbnailUrl":"https:\/\/dev.eliassen.nl\/wp-content\/uploads\/2024\/01\/eliassenkooktoestel.png","datePublished":"2021-10-18T00:31:18+00:00","dateModified":"2023-09-04T16:36:30+00:00","breadcrumb":{"@id":"https:\/\/dev.eliassen.nl\/de\/forno-cooker-damm-mit-bratplatte-und-schornstein-70x90x200cm\/#breadcrumb"},"inLanguage":"de","potentialAction":[{"@type":"ReadAction","target":["https:\/\/dev.eliassen.nl\/de\/forno-cooker-damm-mit-bratplatte-und-schornstein-70x90x200cm\/"]}]},{"@type":"ImageObject","inLanguage":"de","@id":"https:\/\/dev.eliassen.nl\/de\/forno-cooker-damm-mit-bratplatte-und-schornstein-70x90x200cm\/#primaryimage","url":"https:\/\/dev.eliassen.nl\/wp-content\/uploads\/2024\/01\/eliassenkooktoestel.png","contentUrl":"https:\/\/dev.eliassen.nl\/wp-content\/uploads\/2024\/01\/eliassenkooktoestel.png","width":699,"height":699,"caption":"Eliassen Kooktoestel"},{"@type":"BreadcrumbList","@id":"https:\/\/dev.eliassen.nl\/de\/forno-cooker-damm-mit-bratplatte-und-schornstein-70x90x200cm\/#breadcrumb","itemListElement":[{"@type":"ListItem","position":1,"name":"Home","item":"https:\/\/dev.eliassen.nl\/de\/"},{"@type":"ListItem","position":2,"name":"Shop","item":"https:\/\/dev.eliassen.nl\/nl\/winkel\/"},{"@type":"ListItem","position":3,"name":"Geen categorie","item":"https:\/\/dev.eliassen.nl\/de\/geen-categorie-de\/"},{"@type":"ListItem","position":4,"name":"Forno Cooker DAMM mit Bratplatte und Schornstein 70x90x200cm"}]},{"@type":"WebSite","@id":"https:\/\/dev.eliassen.nl\/de\/#website","url":"https:\/\/dev.eliassen.nl\/de\/","name":"Eliassen Home & Garden Pleasure","description":"","publisher":{"@id":"https:\/\/dev.eliassen.nl\/de\/#organization"},"alternateName":"Eliassen.nl","potentialAction":[{"@type":"SearchAction","target":{"@type":"EntryPoint","urlTemplate":"https:\/\/dev.eliassen.nl\/de\/?s={search_term_string}"},"query-input":{"@type":"PropertyValueSpecification","valueRequired":true,"valueName":"search_term_string"}}],"inLanguage":"de"},{"@type":"Organization","@id":"https:\/\/dev.eliassen.nl\/de\/#organization","name":"Eliassen Home & Garden Pleasure","url":"https:\/\/dev.eliassen.nl\/de\/","logo":{"@type":"ImageObject","inLanguage":"de","@id":"https:\/\/dev.eliassen.nl\/de\/#\/schema\/logo\/image\/","url":"https:\/\/www.eliassen.nl\/wp-content\/uploads\/2024\/01\/logo_4nd.jpg","contentUrl":"https:\/\/www.eliassen.nl\/wp-content\/uploads\/2024\/01\/logo_4nd.jpg","width":500,"height":500,"caption":"Eliassen Home & Garden Pleasure"},"image":{"@id":"https:\/\/dev.eliassen.nl\/de\/#\/schema\/logo\/image\/"},"sameAs":["https:\/\/www.facebook.com\/TuincentrumEliassenAmmerzoden","https:\/\/www.instagram.com\/eliassenhomeandgarden\/","https:\/\/nl.pinterest.com\/eliassenhomeandgarden\/","https:\/\/www.youtube.com\/@eliassenhomegardenpleasure4558"]}]}},"df_price":1599,"df_sale_price":"","df_regular_price":1599,"df_image_link":"https:\/\/dev.eliassen.nl\/wp-content\/uploads\/2024\/01\/eliassenkooktoestel.png","image":"https:\/\/dev.eliassen.nl\/wp-content\/uploads\/2024\/01\/eliassenkooktoestel.png","price_search":"<span class=\"woocommerce-Price-amount amount\"><bdi><span class=\"woocommerce-Price-currencySymbol\">&euro;<\/span>&nbsp;1.599,00<\/bdi><\/span>","category":"Geen categorie","_links":{"self":[{"href":"https:\/\/dev.eliassen.nl\/de\/wp-json\/wp\/v2\/product\/64642","targetHints":{"allow":["GET"]}}],"collection":[{"href":"https:\/\/dev.eliassen.nl\/de\/wp-json\/wp\/v2\/product"}],"about":[{"href":"https:\/\/dev.eliassen.nl\/de\/wp-json\/wp\/v2\/types\/product"}],"wp:featuredmedia":[{"embeddable":true,"href":"https:\/\/dev.eliassen.nl\/de\/wp-json\/wp\/v2\/media\/64627"}],"wp:attachment":[{"href":"https:\/\/dev.eliassen.nl\/de\/wp-json\/wp\/v2\/media?parent=64642"}],"wp:term":[{"taxonomy":"product_brand","embeddable":true,"href":"https:\/\/dev.eliassen.nl\/de\/wp-json\/wp\/v2\/product_brand?post=64642"},{"taxonomy":"product_cat","embeddable":true,"href":"https:\/\/dev.eliassen.nl\/de\/wp-json\/wp\/v2\/product_cat?post=64642"},{"taxonomy":"product_tag","embeddable":true,"href":"https:\/\/dev.eliassen.nl\/de\/wp-json\/wp\/v2\/product_tag?post=64642"}],"curies":[{"name":"wp","href":"https:\/\/api.w.org\/{rel}","templated":true}]}}