{"id":65209,"date":"2021-10-18T23:21:42","date_gmt":"2021-10-18T21:21:42","guid":{"rendered":"https:\/\/www.eliassen.nl\/?product=forno-vuurschaal-cortenstaal-80x21cm"},"modified":"2022-08-03T22:29:28","modified_gmt":"2022-08-03T22:29:28","slug":"forno-feuerschale-cortenstahl-80x21cm","status":"publish","type":"product","link":"https:\/\/dev.eliassen.nl\/de\/forno-feuerschale-cortenstahl-80x21cm\/","title":{"rendered":"Forno Feuerschale Cortenstahl 80x21cm"},"content":{"rendered":"<p><a href=\"https:\/\/cdn.adezz.com\/production\/ERP_handleidingen\/Productmodellen\/206\/403\/Produktinformation_Forno%20Feuerelementen.pdf\"><strong><u>Handbuch<\/u><\/strong> <\/a><strong><u>|<\/u> <a href=\"https:\/\/cdn.adezz.com\/production\/ERP_handleidingen\/Producten\/1160\/4194\/BN2%20Sheet%201.PDF\"><u>Skizzieren<\/u><\/a><\/strong><\/p>\n<p><strong><a href=\"https:\/\/www.youtube.com\/watch?v=zdflGbngZCM\" target=\"_blank\" rel=\"noopener\"><img decoding=\"async\" src=\"https:\/\/www.eliassen.nl\/wp-content\/uploads\/content\/youtube-play.png\" alt=\"\" width=\"27\" height=\"27\" \/><\/a><\/strong><strong><a href=\"https:\/\/www.youtube.com\/watch?v=zdflGbngZCM\" target=\"_blank\" rel=\"noopener\">Schau video<\/a><\/strong><\/p>\n<p>Genie\u00dfen Sie im Garten rund um diese runden Feuerschalen, ganz traditionell aus 3 mm bis 5 mm starkem Cortenstahl gefertigt.<\/p>\n<p>Cortenstahl hat die Eigenschaft, dass sich nach 4-6 Wochen eine Rostschicht bildet, die auch die Schutzschicht f\u00fcr das weitere Rosten ist. Durchrosten ist bei Cortenstahl unm\u00f6glich, was diese Feuerschalen nahezu unverw\u00fcstlich macht. Die Rostschicht von Cortenstahl gibt im Gegensatz zu normalem Rost keinen oder kaum Rost ab.<\/p>\n<p><strong>Tipp:<\/strong> Praktisch f\u00fcr Campingpl\u00e4tze.<\/p>\n<ul>\n<li>Material: 3mm-5mm Cortenstahl<\/li>\n<li>Garantie 5 Jahre<\/li>\n<li>Kostenloser Versand innerhalb der Niederlande<\/li>\n<\/ul>\n<p>Kommen Sie vorbei und sehen Sie sich einen Gro\u00dfteil unserer Kollektion live in unserem Showroom an!<\/p>\n<p>Haben Sie eine Frage zu diesem Produkt? <a href=\"mailto:info@eliassen.nl\">Mailen Sie<\/a> uns und stellen Sie Ihre Frage.<\/p>\n","protected":false},"excerpt":{"rendered":"<p>Rufen Sie uns an oder mailen Sie uns f\u00fcr den besten Preis!<\/p>\n","protected":false},"featured_media":65173,"template":"","meta":{"_acf_changed":false},"product_brand":[6942],"product_cat":[7262],"product_tag":[],"class_list":{"0":"post-65209","1":"product","2":"type-product","3":"status-publish","4":"has-post-thumbnail","6":"product_brand-forno-de","7":"product_cat-forno-feuerschalen-und-holzlagerung","9":"first","10":"onbackorder","11":"taxable","12":"shipping-taxable","13":"purchasable","14":"product-type-simple"},"acf":[],"yoast_head":"<!-- This site is optimized with the Yoast SEO plugin v23.8 - https:\/\/yoast.com\/wordpress\/plugins\/seo\/ -->\n<title>Forno Feuerschale Cortenstahl 80x21cm<\/title>\n<meta name=\"robots\" content=\"noindex, follow, max-snippet:-1, max-image-preview:large, max-video-preview:-1\" \/>\n<meta property=\"og:locale\" content=\"de_DE\" \/>\n<meta property=\"og:type\" content=\"article\" \/>\n<meta property=\"og:title\" content=\"Forno Feuerschale Cortenstahl 80x21cm\" \/>\n<meta property=\"og:description\" content=\"Rufen Sie uns an oder mailen Sie uns f\u00fcr den besten Preis!\" \/>\n<meta property=\"og:url\" content=\"https:\/\/dev.eliassen.nl\/de\/forno-feuerschale-cortenstahl-80x21cm\/\" \/>\n<meta property=\"og:site_name\" content=\"Eliassen.nl\" \/>\n<meta property=\"article:publisher\" content=\"https:\/\/www.facebook.com\/TuincentrumEliassenAmmerzoden\" \/>\n<meta property=\"article:modified_time\" content=\"2022-08-03T22:29:28+00:00\" \/>\n<meta property=\"og:image\" content=\"https:\/\/dev.eliassen.nl\/wp-content\/uploads\/2024\/01\/eliassenvuurschaal_7nd.jpg\" \/>\n\t<meta property=\"og:image:width\" content=\"699\" \/>\n\t<meta property=\"og:image:height\" content=\"699\" \/>\n\t<meta property=\"og:image:type\" content=\"image\/jpeg\" \/>\n<meta name=\"twitter:card\" content=\"summary_large_image\" \/>\n<script type=\"application\/ld+json\" class=\"yoast-schema-graph\">{\"@context\":\"https:\/\/schema.org\",\"@graph\":[{\"@type\":\"WebPage\",\"@id\":\"https:\/\/dev.eliassen.nl\/de\/forno-feuerschale-cortenstahl-80x21cm\/\",\"url\":\"https:\/\/dev.eliassen.nl\/de\/forno-feuerschale-cortenstahl-80x21cm\/\",\"name\":\"Forno Feuerschale Cortenstahl 80x21cm\",\"isPartOf\":{\"@id\":\"https:\/\/dev.eliassen.nl\/de\/#website\"},\"primaryImageOfPage\":{\"@id\":\"https:\/\/dev.eliassen.nl\/de\/forno-feuerschale-cortenstahl-80x21cm\/#primaryimage\"},\"image\":{\"@id\":\"https:\/\/dev.eliassen.nl\/de\/forno-feuerschale-cortenstahl-80x21cm\/#primaryimage\"},\"thumbnailUrl\":\"https:\/\/dev.eliassen.nl\/wp-content\/uploads\/2024\/01\/eliassenvuurschaal_7nd.jpg\",\"datePublished\":\"2021-10-18T21:21:42+00:00\",\"dateModified\":\"2022-08-03T22:29:28+00:00\",\"breadcrumb\":{\"@id\":\"https:\/\/dev.eliassen.nl\/de\/forno-feuerschale-cortenstahl-80x21cm\/#breadcrumb\"},\"inLanguage\":\"de\",\"potentialAction\":[{\"@type\":\"ReadAction\",\"target\":[\"https:\/\/dev.eliassen.nl\/de\/forno-feuerschale-cortenstahl-80x21cm\/\"]}]},{\"@type\":\"ImageObject\",\"inLanguage\":\"de\",\"@id\":\"https:\/\/dev.eliassen.nl\/de\/forno-feuerschale-cortenstahl-80x21cm\/#primaryimage\",\"url\":\"https:\/\/dev.eliassen.nl\/wp-content\/uploads\/2024\/01\/eliassenvuurschaal_7nd.jpg\",\"contentUrl\":\"https:\/\/dev.eliassen.nl\/wp-content\/uploads\/2024\/01\/eliassenvuurschaal_7nd.jpg\",\"width\":699,\"height\":699,\"caption\":\"Eliassen Vuurschaal\"},{\"@type\":\"BreadcrumbList\",\"@id\":\"https:\/\/dev.eliassen.nl\/de\/forno-feuerschale-cortenstahl-80x21cm\/#breadcrumb\",\"itemListElement\":[{\"@type\":\"ListItem\",\"position\":1,\"name\":\"Home\",\"item\":\"https:\/\/dev.eliassen.nl\/de\/\"},{\"@type\":\"ListItem\",\"position\":2,\"name\":\"Shop\",\"item\":\"https:\/\/dev.eliassen.nl\/nl\/winkel\/\"},{\"@type\":\"ListItem\",\"position\":3,\"name\":\"Adezz-Produkte\",\"item\":\"https:\/\/dev.eliassen.nl\/de\/adezz-produkte\/\"},{\"@type\":\"ListItem\",\"position\":4,\"name\":\"Forno Feuerschalen und Holzlagerung\",\"item\":\"https:\/\/dev.eliassen.nl\/de\/adezz-produkte\/forno-feuerschalen-und-holzlagerung\/\"},{\"@type\":\"ListItem\",\"position\":5,\"name\":\"Forno Feuerschale Cortenstahl 80x21cm\"}]},{\"@type\":\"WebSite\",\"@id\":\"https:\/\/dev.eliassen.nl\/de\/#website\",\"url\":\"https:\/\/dev.eliassen.nl\/de\/\",\"name\":\"Eliassen Home & Garden Pleasure\",\"description\":\"\",\"publisher\":{\"@id\":\"https:\/\/dev.eliassen.nl\/de\/#organization\"},\"alternateName\":\"Eliassen.nl\",\"potentialAction\":[{\"@type\":\"SearchAction\",\"target\":{\"@type\":\"EntryPoint\",\"urlTemplate\":\"https:\/\/dev.eliassen.nl\/de\/?s={search_term_string}\"},\"query-input\":{\"@type\":\"PropertyValueSpecification\",\"valueRequired\":true,\"valueName\":\"search_term_string\"}}],\"inLanguage\":\"de\"},{\"@type\":\"Organization\",\"@id\":\"https:\/\/dev.eliassen.nl\/de\/#organization\",\"name\":\"Eliassen Home & Garden Pleasure\",\"url\":\"https:\/\/dev.eliassen.nl\/de\/\",\"logo\":{\"@type\":\"ImageObject\",\"inLanguage\":\"de\",\"@id\":\"https:\/\/dev.eliassen.nl\/de\/#\/schema\/logo\/image\/\",\"url\":\"https:\/\/www.eliassen.nl\/wp-content\/uploads\/2024\/01\/logo_4nd.jpg\",\"contentUrl\":\"https:\/\/www.eliassen.nl\/wp-content\/uploads\/2024\/01\/logo_4nd.jpg\",\"width\":500,\"height\":500,\"caption\":\"Eliassen Home & Garden Pleasure\"},\"image\":{\"@id\":\"https:\/\/dev.eliassen.nl\/de\/#\/schema\/logo\/image\/\"},\"sameAs\":[\"https:\/\/www.facebook.com\/TuincentrumEliassenAmmerzoden\",\"https:\/\/www.instagram.com\/eliassenhomeandgarden\/\",\"https:\/\/nl.pinterest.com\/eliassenhomeandgarden\/\",\"https:\/\/www.youtube.com\/@eliassenhomegardenpleasure4558\"]}]}<\/script>\n<!-- \/ Yoast SEO plugin. -->","yoast_head_json":{"title":"Forno Feuerschale Cortenstahl 80x21cm","robots":{"index":"noindex","follow":"follow","max-snippet":"max-snippet:-1","max-image-preview":"max-image-preview:large","max-video-preview":"max-video-preview:-1"},"og_locale":"de_DE","og_type":"article","og_title":"Forno Feuerschale Cortenstahl 80x21cm","og_description":"Rufen Sie uns an oder mailen Sie uns f\u00fcr den besten Preis!","og_url":"https:\/\/dev.eliassen.nl\/de\/forno-feuerschale-cortenstahl-80x21cm\/","og_site_name":"Eliassen.nl","article_publisher":"https:\/\/www.facebook.com\/TuincentrumEliassenAmmerzoden","article_modified_time":"2022-08-03T22:29:28+00:00","og_image":[{"width":699,"height":699,"url":"https:\/\/dev.eliassen.nl\/wp-content\/uploads\/2024\/01\/eliassenvuurschaal_7nd.jpg","type":"image\/jpeg"}],"twitter_card":"summary_large_image","schema":{"@context":"https:\/\/schema.org","@graph":[{"@type":"WebPage","@id":"https:\/\/dev.eliassen.nl\/de\/forno-feuerschale-cortenstahl-80x21cm\/","url":"https:\/\/dev.eliassen.nl\/de\/forno-feuerschale-cortenstahl-80x21cm\/","name":"Forno Feuerschale Cortenstahl 80x21cm","isPartOf":{"@id":"https:\/\/dev.eliassen.nl\/de\/#website"},"primaryImageOfPage":{"@id":"https:\/\/dev.eliassen.nl\/de\/forno-feuerschale-cortenstahl-80x21cm\/#primaryimage"},"image":{"@id":"https:\/\/dev.eliassen.nl\/de\/forno-feuerschale-cortenstahl-80x21cm\/#primaryimage"},"thumbnailUrl":"https:\/\/dev.eliassen.nl\/wp-content\/uploads\/2024\/01\/eliassenvuurschaal_7nd.jpg","datePublished":"2021-10-18T21:21:42+00:00","dateModified":"2022-08-03T22:29:28+00:00","breadcrumb":{"@id":"https:\/\/dev.eliassen.nl\/de\/forno-feuerschale-cortenstahl-80x21cm\/#breadcrumb"},"inLanguage":"de","potentialAction":[{"@type":"ReadAction","target":["https:\/\/dev.eliassen.nl\/de\/forno-feuerschale-cortenstahl-80x21cm\/"]}]},{"@type":"ImageObject","inLanguage":"de","@id":"https:\/\/dev.eliassen.nl\/de\/forno-feuerschale-cortenstahl-80x21cm\/#primaryimage","url":"https:\/\/dev.eliassen.nl\/wp-content\/uploads\/2024\/01\/eliassenvuurschaal_7nd.jpg","contentUrl":"https:\/\/dev.eliassen.nl\/wp-content\/uploads\/2024\/01\/eliassenvuurschaal_7nd.jpg","width":699,"height":699,"caption":"Eliassen Vuurschaal"},{"@type":"BreadcrumbList","@id":"https:\/\/dev.eliassen.nl\/de\/forno-feuerschale-cortenstahl-80x21cm\/#breadcrumb","itemListElement":[{"@type":"ListItem","position":1,"name":"Home","item":"https:\/\/dev.eliassen.nl\/de\/"},{"@type":"ListItem","position":2,"name":"Shop","item":"https:\/\/dev.eliassen.nl\/nl\/winkel\/"},{"@type":"ListItem","position":3,"name":"Adezz-Produkte","item":"https:\/\/dev.eliassen.nl\/de\/adezz-produkte\/"},{"@type":"ListItem","position":4,"name":"Forno Feuerschalen und Holzlagerung","item":"https:\/\/dev.eliassen.nl\/de\/adezz-produkte\/forno-feuerschalen-und-holzlagerung\/"},{"@type":"ListItem","position":5,"name":"Forno Feuerschale Cortenstahl 80x21cm"}]},{"@type":"WebSite","@id":"https:\/\/dev.eliassen.nl\/de\/#website","url":"https:\/\/dev.eliassen.nl\/de\/","name":"Eliassen Home & Garden Pleasure","description":"","publisher":{"@id":"https:\/\/dev.eliassen.nl\/de\/#organization"},"alternateName":"Eliassen.nl","potentialAction":[{"@type":"SearchAction","target":{"@type":"EntryPoint","urlTemplate":"https:\/\/dev.eliassen.nl\/de\/?s={search_term_string}"},"query-input":{"@type":"PropertyValueSpecification","valueRequired":true,"valueName":"search_term_string"}}],"inLanguage":"de"},{"@type":"Organization","@id":"https:\/\/dev.eliassen.nl\/de\/#organization","name":"Eliassen Home & Garden Pleasure","url":"https:\/\/dev.eliassen.nl\/de\/","logo":{"@type":"ImageObject","inLanguage":"de","@id":"https:\/\/dev.eliassen.nl\/de\/#\/schema\/logo\/image\/","url":"https:\/\/www.eliassen.nl\/wp-content\/uploads\/2024\/01\/logo_4nd.jpg","contentUrl":"https:\/\/www.eliassen.nl\/wp-content\/uploads\/2024\/01\/logo_4nd.jpg","width":500,"height":500,"caption":"Eliassen Home & Garden Pleasure"},"image":{"@id":"https:\/\/dev.eliassen.nl\/de\/#\/schema\/logo\/image\/"},"sameAs":["https:\/\/www.facebook.com\/TuincentrumEliassenAmmerzoden","https:\/\/www.instagram.com\/eliassenhomeandgarden\/","https:\/\/nl.pinterest.com\/eliassenhomeandgarden\/","https:\/\/www.youtube.com\/@eliassenhomegardenpleasure4558"]}]}},"df_price":124,"df_sale_price":"","df_regular_price":124,"df_image_link":"https:\/\/dev.eliassen.nl\/wp-content\/uploads\/2024\/01\/eliassenvuurschaal_7nd.jpg","image":"https:\/\/dev.eliassen.nl\/wp-content\/uploads\/2024\/01\/eliassenvuurschaal_7nd.jpg","price_search":"<span class=\"woocommerce-Price-amount amount\"><bdi><span class=\"woocommerce-Price-currencySymbol\">&euro;<\/span>&nbsp;124,00<\/bdi><\/span>","category":"Forno Feuerschalen und Holzlagerung","_links":{"self":[{"href":"https:\/\/dev.eliassen.nl\/de\/wp-json\/wp\/v2\/product\/65209","targetHints":{"allow":["GET"]}}],"collection":[{"href":"https:\/\/dev.eliassen.nl\/de\/wp-json\/wp\/v2\/product"}],"about":[{"href":"https:\/\/dev.eliassen.nl\/de\/wp-json\/wp\/v2\/types\/product"}],"wp:featuredmedia":[{"embeddable":true,"href":"https:\/\/dev.eliassen.nl\/de\/wp-json\/wp\/v2\/media\/65173"}],"wp:attachment":[{"href":"https:\/\/dev.eliassen.nl\/de\/wp-json\/wp\/v2\/media?parent=65209"}],"wp:term":[{"taxonomy":"product_brand","embeddable":true,"href":"https:\/\/dev.eliassen.nl\/de\/wp-json\/wp\/v2\/product_brand?post=65209"},{"taxonomy":"product_cat","embeddable":true,"href":"https:\/\/dev.eliassen.nl\/de\/wp-json\/wp\/v2\/product_cat?post=65209"},{"taxonomy":"product_tag","embeddable":true,"href":"https:\/\/dev.eliassen.nl\/de\/wp-json\/wp\/v2\/product_tag?post=65209"}],"curies":[{"name":"wp","href":"https:\/\/api.w.org\/{rel}","templated":true}]}}