{"id":65770,"date":"2021-10-19T03:34:59","date_gmt":"2021-10-19T01:34:59","guid":{"rendered":"https:\/\/www.eliassen.nl\/?product=forno-houtopslag-cortenstaal-150x40x100cm"},"modified":"2024-01-17T13:41:25","modified_gmt":"2024-01-17T13:41:25","slug":"forno-holzaufbewahrung-aus-cortenstahl-150-x-40-x-100-cm","status":"publish","type":"product","link":"https:\/\/dev.eliassen.nl\/de\/forno-holzaufbewahrung-aus-cortenstahl-150-x-40-x-100-cm\/","title":{"rendered":"Forno Holzaufbewahrung aus Cortenstahl, 150 x 40 x 100 cm"},"content":{"rendered":"<p><strong><a href=\"https:\/\/www.youtube.com\/watch?v=zdflGbngZCM\" target=\"_blank\" rel=\"noopener\"><img decoding=\"async\" src=\"https:\/\/www.eliassen.nl\/wp-content\/uploads\/content\/youtube-play.png\" alt=\"\" width=\"27\" height=\"27\" \/><\/a><\/strong> Sehen <strong><a href=\"https:\/\/www.youtube.com\/watch?v=zdflGbngZCM\" target=\"_blank\" rel=\"noopener\">Sie<\/a><\/strong> <strong><a href=\"https:\/\/www.youtube.com\/watch?v=zdflGbngZCM\" target=\"_blank\" rel=\"noopener\">sich das Video an<\/a><\/strong><\/p>\n<p>Dieser praktische Holzspeicher von Forno ist ideal f\u00fcr die Lagerung Ihres Holzes. Der Holzspeicher besteht aus witterungsbest\u00e4ndigem und langlebigem Material und verleiht zudem ein warmes und nat\u00fcrliches Aussehen.<\/p>\n<p>Cortenstahl hat die Eigenschaft, dass sich nach 4-6 Wochen eine Rostschicht bildet, die gleichzeitig die Schutzschicht f\u00fcr weiteres Rosten darstellt. Ein Durchrosten ist bei Cortenstahl ausgeschlossen, was diesen Holzspeicher nahezu unzerst\u00f6rbar macht. Die Rostschicht von Cortenstahl rostet im Gegensatz zu normalem Rost kaum oder gar nicht.<\/p>\n<ul>\n<li>Material: 3 mm Cortenstahl<\/li>\n<li>Garantie 5 Jahre<\/li>\n<li>Kostenloser Versand innerhalb der Niederlande<\/li>\n<\/ul>\n<p>Besuchen Sie uns und sehen Sie einen gro\u00dfen Teil unserer Kollektion live in unserem Showroom!<\/p>\n<p>Haben Sie eine Frage zu diesem Produkt? Schicken Sie uns <a href=\"mailto:info@eliassen.nl\">eine E-Mail<\/a> und stellen Sie Ihre Frage.<\/p>\n","protected":false},"excerpt":{"rendered":"<p>Rufen Sie uns an oder schicken Sie uns eine E-Mail f\u00fcr den besten Preis!<\/p>\n","protected":false},"featured_media":65749,"template":"","meta":{"_acf_changed":false},"product_brand":[6942],"product_cat":[7262],"product_tag":[],"class_list":{"0":"post-65770","1":"product","2":"type-product","3":"status-publish","4":"has-post-thumbnail","6":"product_brand-forno-de","7":"product_cat-forno-feuerschalen-und-holzlagerung","9":"first","10":"onbackorder","11":"taxable","12":"shipping-taxable","13":"purchasable","14":"product-type-simple"},"acf":[],"yoast_head":"<!-- This site is optimized with the Yoast SEO plugin v23.8 - https:\/\/yoast.com\/wordpress\/plugins\/seo\/ -->\n<title>Forno Holzaufbewahrung aus Cortenstahl, 150 x 40 x 100 cm<\/title>\n<meta name=\"description\" content=\"Ein wundersch\u00f6ner Holzspeicher ist dieser Holzspeicher aus Cortenstahl der Marke Forno. Aus strapazierf\u00e4higem Material. Besuchen Sie auch den Showroom in Amm...\" \/>\n<meta name=\"robots\" content=\"noindex, follow, max-snippet:-1, max-image-preview:large, max-video-preview:-1\" \/>\n<meta property=\"og:locale\" content=\"de_DE\" \/>\n<meta property=\"og:type\" content=\"article\" \/>\n<meta property=\"og:title\" content=\"Forno Holzaufbewahrung aus Cortenstahl, 150 x 40 x 100 cm\" \/>\n<meta property=\"og:description\" content=\"Ein wundersch\u00f6ner Holzspeicher ist dieser Holzspeicher aus Cortenstahl der Marke Forno. Aus strapazierf\u00e4higem Material. Besuchen Sie auch den Showroom in Amm...\" \/>\n<meta property=\"og:url\" content=\"https:\/\/dev.eliassen.nl\/de\/forno-holzaufbewahrung-aus-cortenstahl-150-x-40-x-100-cm\/\" \/>\n<meta property=\"og:site_name\" content=\"Eliassen.nl\" \/>\n<meta property=\"article:publisher\" content=\"https:\/\/www.facebook.com\/TuincentrumEliassenAmmerzoden\" \/>\n<meta property=\"article:modified_time\" content=\"2024-01-17T13:41:25+00:00\" \/>\n<meta property=\"og:image\" content=\"https:\/\/dev.eliassen.nl\/wp-content\/uploads\/2024\/01\/eliassenhoutopslag_5nd.png\" \/>\n\t<meta property=\"og:image:width\" content=\"699\" \/>\n\t<meta property=\"og:image:height\" content=\"699\" \/>\n\t<meta property=\"og:image:type\" content=\"image\/png\" \/>\n<meta name=\"twitter:card\" content=\"summary_large_image\" \/>\n<script type=\"application\/ld+json\" class=\"yoast-schema-graph\">{\"@context\":\"https:\/\/schema.org\",\"@graph\":[{\"@type\":\"WebPage\",\"@id\":\"https:\/\/dev.eliassen.nl\/de\/forno-holzaufbewahrung-aus-cortenstahl-150-x-40-x-100-cm\/\",\"url\":\"https:\/\/dev.eliassen.nl\/de\/forno-holzaufbewahrung-aus-cortenstahl-150-x-40-x-100-cm\/\",\"name\":\"Forno Holzaufbewahrung aus Cortenstahl, 150 x 40 x 100 cm\",\"isPartOf\":{\"@id\":\"https:\/\/dev.eliassen.nl\/de\/#website\"},\"primaryImageOfPage\":{\"@id\":\"https:\/\/dev.eliassen.nl\/de\/forno-holzaufbewahrung-aus-cortenstahl-150-x-40-x-100-cm\/#primaryimage\"},\"image\":{\"@id\":\"https:\/\/dev.eliassen.nl\/de\/forno-holzaufbewahrung-aus-cortenstahl-150-x-40-x-100-cm\/#primaryimage\"},\"thumbnailUrl\":\"https:\/\/dev.eliassen.nl\/wp-content\/uploads\/2024\/01\/eliassenhoutopslag_5nd.png\",\"datePublished\":\"2021-10-19T01:34:59+00:00\",\"dateModified\":\"2024-01-17T13:41:25+00:00\",\"description\":\"Ein wundersch\u00f6ner Holzspeicher ist dieser Holzspeicher aus Cortenstahl der Marke Forno. Aus strapazierf\u00e4higem Material. Besuchen Sie auch den Showroom in Amm...\",\"breadcrumb\":{\"@id\":\"https:\/\/dev.eliassen.nl\/de\/forno-holzaufbewahrung-aus-cortenstahl-150-x-40-x-100-cm\/#breadcrumb\"},\"inLanguage\":\"de\",\"potentialAction\":[{\"@type\":\"ReadAction\",\"target\":[\"https:\/\/dev.eliassen.nl\/de\/forno-holzaufbewahrung-aus-cortenstahl-150-x-40-x-100-cm\/\"]}]},{\"@type\":\"ImageObject\",\"inLanguage\":\"de\",\"@id\":\"https:\/\/dev.eliassen.nl\/de\/forno-holzaufbewahrung-aus-cortenstahl-150-x-40-x-100-cm\/#primaryimage\",\"url\":\"https:\/\/dev.eliassen.nl\/wp-content\/uploads\/2024\/01\/eliassenhoutopslag_5nd.png\",\"contentUrl\":\"https:\/\/dev.eliassen.nl\/wp-content\/uploads\/2024\/01\/eliassenhoutopslag_5nd.png\",\"width\":699,\"height\":699,\"caption\":\"Eliassen Houtopslag\"},{\"@type\":\"BreadcrumbList\",\"@id\":\"https:\/\/dev.eliassen.nl\/de\/forno-holzaufbewahrung-aus-cortenstahl-150-x-40-x-100-cm\/#breadcrumb\",\"itemListElement\":[{\"@type\":\"ListItem\",\"position\":1,\"name\":\"Home\",\"item\":\"https:\/\/dev.eliassen.nl\/de\/\"},{\"@type\":\"ListItem\",\"position\":2,\"name\":\"Shop\",\"item\":\"https:\/\/dev.eliassen.nl\/nl\/winkel\/\"},{\"@type\":\"ListItem\",\"position\":3,\"name\":\"Adezz-Produkte\",\"item\":\"https:\/\/dev.eliassen.nl\/de\/adezz-produkte\/\"},{\"@type\":\"ListItem\",\"position\":4,\"name\":\"Forno Feuerschalen und Holzlagerung\",\"item\":\"https:\/\/dev.eliassen.nl\/de\/adezz-produkte\/forno-feuerschalen-und-holzlagerung\/\"},{\"@type\":\"ListItem\",\"position\":5,\"name\":\"Forno Holzaufbewahrung aus Cortenstahl, 150 x 40 x 100 cm\"}]},{\"@type\":\"WebSite\",\"@id\":\"https:\/\/dev.eliassen.nl\/de\/#website\",\"url\":\"https:\/\/dev.eliassen.nl\/de\/\",\"name\":\"Eliassen Home & Garden Pleasure\",\"description\":\"\",\"publisher\":{\"@id\":\"https:\/\/dev.eliassen.nl\/de\/#organization\"},\"alternateName\":\"Eliassen.nl\",\"potentialAction\":[{\"@type\":\"SearchAction\",\"target\":{\"@type\":\"EntryPoint\",\"urlTemplate\":\"https:\/\/dev.eliassen.nl\/de\/?s={search_term_string}\"},\"query-input\":{\"@type\":\"PropertyValueSpecification\",\"valueRequired\":true,\"valueName\":\"search_term_string\"}}],\"inLanguage\":\"de\"},{\"@type\":\"Organization\",\"@id\":\"https:\/\/dev.eliassen.nl\/de\/#organization\",\"name\":\"Eliassen Home & Garden Pleasure\",\"url\":\"https:\/\/dev.eliassen.nl\/de\/\",\"logo\":{\"@type\":\"ImageObject\",\"inLanguage\":\"de\",\"@id\":\"https:\/\/dev.eliassen.nl\/de\/#\/schema\/logo\/image\/\",\"url\":\"https:\/\/www.eliassen.nl\/wp-content\/uploads\/2024\/01\/logo_4nd.jpg\",\"contentUrl\":\"https:\/\/www.eliassen.nl\/wp-content\/uploads\/2024\/01\/logo_4nd.jpg\",\"width\":500,\"height\":500,\"caption\":\"Eliassen Home & Garden Pleasure\"},\"image\":{\"@id\":\"https:\/\/dev.eliassen.nl\/de\/#\/schema\/logo\/image\/\"},\"sameAs\":[\"https:\/\/www.facebook.com\/TuincentrumEliassenAmmerzoden\",\"https:\/\/www.instagram.com\/eliassenhomeandgarden\/\",\"https:\/\/nl.pinterest.com\/eliassenhomeandgarden\/\",\"https:\/\/www.youtube.com\/@eliassenhomegardenpleasure4558\"]}]}<\/script>\n<!-- \/ Yoast SEO plugin. -->","yoast_head_json":{"title":"Forno Holzaufbewahrung aus Cortenstahl, 150 x 40 x 100 cm","description":"Ein wundersch\u00f6ner Holzspeicher ist dieser Holzspeicher aus Cortenstahl der Marke Forno. Aus strapazierf\u00e4higem Material. Besuchen Sie auch den Showroom in Amm...","robots":{"index":"noindex","follow":"follow","max-snippet":"max-snippet:-1","max-image-preview":"max-image-preview:large","max-video-preview":"max-video-preview:-1"},"og_locale":"de_DE","og_type":"article","og_title":"Forno Holzaufbewahrung aus Cortenstahl, 150 x 40 x 100 cm","og_description":"Ein wundersch\u00f6ner Holzspeicher ist dieser Holzspeicher aus Cortenstahl der Marke Forno. Aus strapazierf\u00e4higem Material. Besuchen Sie auch den Showroom in Amm...","og_url":"https:\/\/dev.eliassen.nl\/de\/forno-holzaufbewahrung-aus-cortenstahl-150-x-40-x-100-cm\/","og_site_name":"Eliassen.nl","article_publisher":"https:\/\/www.facebook.com\/TuincentrumEliassenAmmerzoden","article_modified_time":"2024-01-17T13:41:25+00:00","og_image":[{"width":699,"height":699,"url":"https:\/\/dev.eliassen.nl\/wp-content\/uploads\/2024\/01\/eliassenhoutopslag_5nd.png","type":"image\/png"}],"twitter_card":"summary_large_image","schema":{"@context":"https:\/\/schema.org","@graph":[{"@type":"WebPage","@id":"https:\/\/dev.eliassen.nl\/de\/forno-holzaufbewahrung-aus-cortenstahl-150-x-40-x-100-cm\/","url":"https:\/\/dev.eliassen.nl\/de\/forno-holzaufbewahrung-aus-cortenstahl-150-x-40-x-100-cm\/","name":"Forno Holzaufbewahrung aus Cortenstahl, 150 x 40 x 100 cm","isPartOf":{"@id":"https:\/\/dev.eliassen.nl\/de\/#website"},"primaryImageOfPage":{"@id":"https:\/\/dev.eliassen.nl\/de\/forno-holzaufbewahrung-aus-cortenstahl-150-x-40-x-100-cm\/#primaryimage"},"image":{"@id":"https:\/\/dev.eliassen.nl\/de\/forno-holzaufbewahrung-aus-cortenstahl-150-x-40-x-100-cm\/#primaryimage"},"thumbnailUrl":"https:\/\/dev.eliassen.nl\/wp-content\/uploads\/2024\/01\/eliassenhoutopslag_5nd.png","datePublished":"2021-10-19T01:34:59+00:00","dateModified":"2024-01-17T13:41:25+00:00","description":"Ein wundersch\u00f6ner Holzspeicher ist dieser Holzspeicher aus Cortenstahl der Marke Forno. Aus strapazierf\u00e4higem Material. Besuchen Sie auch den Showroom in Amm...","breadcrumb":{"@id":"https:\/\/dev.eliassen.nl\/de\/forno-holzaufbewahrung-aus-cortenstahl-150-x-40-x-100-cm\/#breadcrumb"},"inLanguage":"de","potentialAction":[{"@type":"ReadAction","target":["https:\/\/dev.eliassen.nl\/de\/forno-holzaufbewahrung-aus-cortenstahl-150-x-40-x-100-cm\/"]}]},{"@type":"ImageObject","inLanguage":"de","@id":"https:\/\/dev.eliassen.nl\/de\/forno-holzaufbewahrung-aus-cortenstahl-150-x-40-x-100-cm\/#primaryimage","url":"https:\/\/dev.eliassen.nl\/wp-content\/uploads\/2024\/01\/eliassenhoutopslag_5nd.png","contentUrl":"https:\/\/dev.eliassen.nl\/wp-content\/uploads\/2024\/01\/eliassenhoutopslag_5nd.png","width":699,"height":699,"caption":"Eliassen Houtopslag"},{"@type":"BreadcrumbList","@id":"https:\/\/dev.eliassen.nl\/de\/forno-holzaufbewahrung-aus-cortenstahl-150-x-40-x-100-cm\/#breadcrumb","itemListElement":[{"@type":"ListItem","position":1,"name":"Home","item":"https:\/\/dev.eliassen.nl\/de\/"},{"@type":"ListItem","position":2,"name":"Shop","item":"https:\/\/dev.eliassen.nl\/nl\/winkel\/"},{"@type":"ListItem","position":3,"name":"Adezz-Produkte","item":"https:\/\/dev.eliassen.nl\/de\/adezz-produkte\/"},{"@type":"ListItem","position":4,"name":"Forno Feuerschalen und Holzlagerung","item":"https:\/\/dev.eliassen.nl\/de\/adezz-produkte\/forno-feuerschalen-und-holzlagerung\/"},{"@type":"ListItem","position":5,"name":"Forno Holzaufbewahrung aus Cortenstahl, 150 x 40 x 100 cm"}]},{"@type":"WebSite","@id":"https:\/\/dev.eliassen.nl\/de\/#website","url":"https:\/\/dev.eliassen.nl\/de\/","name":"Eliassen Home & Garden Pleasure","description":"","publisher":{"@id":"https:\/\/dev.eliassen.nl\/de\/#organization"},"alternateName":"Eliassen.nl","potentialAction":[{"@type":"SearchAction","target":{"@type":"EntryPoint","urlTemplate":"https:\/\/dev.eliassen.nl\/de\/?s={search_term_string}"},"query-input":{"@type":"PropertyValueSpecification","valueRequired":true,"valueName":"search_term_string"}}],"inLanguage":"de"},{"@type":"Organization","@id":"https:\/\/dev.eliassen.nl\/de\/#organization","name":"Eliassen Home & Garden Pleasure","url":"https:\/\/dev.eliassen.nl\/de\/","logo":{"@type":"ImageObject","inLanguage":"de","@id":"https:\/\/dev.eliassen.nl\/de\/#\/schema\/logo\/image\/","url":"https:\/\/www.eliassen.nl\/wp-content\/uploads\/2024\/01\/logo_4nd.jpg","contentUrl":"https:\/\/www.eliassen.nl\/wp-content\/uploads\/2024\/01\/logo_4nd.jpg","width":500,"height":500,"caption":"Eliassen Home & Garden Pleasure"},"image":{"@id":"https:\/\/dev.eliassen.nl\/de\/#\/schema\/logo\/image\/"},"sameAs":["https:\/\/www.facebook.com\/TuincentrumEliassenAmmerzoden","https:\/\/www.instagram.com\/eliassenhomeandgarden\/","https:\/\/nl.pinterest.com\/eliassenhomeandgarden\/","https:\/\/www.youtube.com\/@eliassenhomegardenpleasure4558"]}]}},"df_price":419,"df_sale_price":"","df_regular_price":419,"df_image_link":"https:\/\/dev.eliassen.nl\/wp-content\/uploads\/2024\/01\/eliassenhoutopslag_5nd.png","image":"https:\/\/dev.eliassen.nl\/wp-content\/uploads\/2024\/01\/eliassenhoutopslag_5nd.png","price_search":"<span class=\"woocommerce-Price-amount amount\"><bdi><span class=\"woocommerce-Price-currencySymbol\">&euro;<\/span>&nbsp;419,00<\/bdi><\/span>","category":"Forno Feuerschalen und Holzlagerung","_links":{"self":[{"href":"https:\/\/dev.eliassen.nl\/de\/wp-json\/wp\/v2\/product\/65770","targetHints":{"allow":["GET"]}}],"collection":[{"href":"https:\/\/dev.eliassen.nl\/de\/wp-json\/wp\/v2\/product"}],"about":[{"href":"https:\/\/dev.eliassen.nl\/de\/wp-json\/wp\/v2\/types\/product"}],"wp:featuredmedia":[{"embeddable":true,"href":"https:\/\/dev.eliassen.nl\/de\/wp-json\/wp\/v2\/media\/65749"}],"wp:attachment":[{"href":"https:\/\/dev.eliassen.nl\/de\/wp-json\/wp\/v2\/media?parent=65770"}],"wp:term":[{"taxonomy":"product_brand","embeddable":true,"href":"https:\/\/dev.eliassen.nl\/de\/wp-json\/wp\/v2\/product_brand?post=65770"},{"taxonomy":"product_cat","embeddable":true,"href":"https:\/\/dev.eliassen.nl\/de\/wp-json\/wp\/v2\/product_cat?post=65770"},{"taxonomy":"product_tag","embeddable":true,"href":"https:\/\/dev.eliassen.nl\/de\/wp-json\/wp\/v2\/product_tag?post=65770"}],"curies":[{"name":"wp","href":"https:\/\/api.w.org\/{rel}","templated":true}]}}