{"id":66646,"date":"2021-11-24T09:52:35","date_gmt":"2021-11-24T08:52:35","guid":{"rendered":"https:\/\/www.eliassen.nl\/?product=glazen-kom-blauw-wit-26-cm"},"modified":"2024-12-05T15:56:15","modified_gmt":"2024-12-05T14:56:15","slug":"glasschale-blauweiss-26-cm","status":"publish","type":"product","link":"https:\/\/dev.eliassen.nl\/de\/glasschale-blauweiss-26-cm\/","title":{"rendered":"Glasschale blau\/wei\u00df 26 cm."},"content":{"rendered":"<p>Kunstvoll geformt ist diese Vasen- und Schalenserie immer ein sch\u00f6ner Hingucker in Ihrem Zuhause oder B\u00fcro.<br \/>Die Glasvasen und Schalen dieser Serie sind elegant verarbeitet und jede ist ein Unikat.<br \/>Bei Eliassen haben wir ein gro\u00dfes Sortiment an Glaskunst im Laden und in unserem Webshop.<\/p>\n<ul>\n<li>Handgefertigt und daher immer ein Unikat.<\/li>\n<li>Farbe: Sehr vielf\u00e4ltige Farben. Die Innenseite ist anders gef\u00e4rbt als die Au\u00dfenseite.<\/li>\n<li>Ma\u00dfe: 26cm. Durchschnitt<\/li>\n<\/ul>\n","protected":false},"excerpt":{"rendered":"<p>Kunstvoll geformt ist diese Vasen- und Schalenserie immer ein sch\u00f6ner Hingucker in Ihrem Zuhause oder B\u00fcro.Die Glasvasen und Schalen dieser Serie sind elegant verarbeitet und jede ist ein Unikat.Bei Eliassen haben wir ein gro\u00dfes Sortiment an Glaskunst im Laden und in unserem Webshop. Handgefertigt und daher immer ein Unikat. Farbe: Sehr vielf\u00e4ltige Farben. Die Innenseite &hellip;<\/p>\n","protected":false},"featured_media":66640,"template":"","meta":{"_acf_changed":false},"product_brand":[],"product_cat":[812,800],"product_tag":[],"class_list":{"0":"post-66646","1":"product","2":"type-product","3":"status-publish","4":"has-post-thumbnail","6":"product_cat-farbige-glasvasen","7":"product_cat-glaskunst","9":"first","10":"instock","11":"taxable","12":"shipping-taxable","13":"purchasable","14":"product-type-simple"},"acf":[],"yoast_head":"<!-- This site is optimized with the Yoast SEO plugin v23.8 - https:\/\/yoast.com\/wordpress\/plugins\/seo\/ -->\n<title>Glasschale blau\/wei\u00df 26 cm.<\/title>\n<meta name=\"description\" content=\"Glasschale blau\/wei\u00df 26 cm. kaufen? Eliassen bietet Ihnen eine gro\u00dfe Auswahl an Glasvasen und Schalen in einem gro\u00dfen Showroom und online schnelle Lieferzeiten.\" \/>\n<meta name=\"robots\" content=\"noindex, follow, max-snippet:-1, max-image-preview:large, max-video-preview:-1\" \/>\n<meta property=\"og:locale\" content=\"de_DE\" \/>\n<meta property=\"og:type\" content=\"article\" \/>\n<meta property=\"og:title\" content=\"Glasschale blau\/wei\u00df 26 cm.\" \/>\n<meta property=\"og:description\" content=\"Glasschale blau\/wei\u00df 26 cm. kaufen? Eliassen bietet Ihnen eine gro\u00dfe Auswahl an Glasvasen und Schalen in einem gro\u00dfen Showroom und online schnelle Lieferzeiten.\" \/>\n<meta property=\"og:url\" content=\"https:\/\/dev.eliassen.nl\/de\/glasschale-blauweiss-26-cm\/\" \/>\n<meta property=\"og:site_name\" content=\"Eliassen.nl\" \/>\n<meta property=\"article:publisher\" content=\"https:\/\/www.facebook.com\/TuincentrumEliassenAmmerzoden\" \/>\n<meta property=\"article:modified_time\" content=\"2024-12-05T14:56:15+00:00\" \/>\n<meta property=\"og:image\" content=\"https:\/\/dev.eliassen.nl\/wp-content\/uploads\/2024\/01\/komblauw17112262452.jpg\" \/>\n\t<meta property=\"og:image:width\" content=\"1920\" \/>\n\t<meta property=\"og:image:height\" content=\"1280\" \/>\n\t<meta property=\"og:image:type\" content=\"image\/jpeg\" \/>\n<meta name=\"twitter:card\" content=\"summary_large_image\" \/>\n<script type=\"application\/ld+json\" class=\"yoast-schema-graph\">{\"@context\":\"https:\/\/schema.org\",\"@graph\":[{\"@type\":\"WebPage\",\"@id\":\"https:\/\/dev.eliassen.nl\/de\/glasschale-blauweiss-26-cm\/\",\"url\":\"https:\/\/dev.eliassen.nl\/de\/glasschale-blauweiss-26-cm\/\",\"name\":\"Glasschale blau\/wei\u00df 26 cm.\",\"isPartOf\":{\"@id\":\"https:\/\/dev.eliassen.nl\/de\/#website\"},\"primaryImageOfPage\":{\"@id\":\"https:\/\/dev.eliassen.nl\/de\/glasschale-blauweiss-26-cm\/#primaryimage\"},\"image\":{\"@id\":\"https:\/\/dev.eliassen.nl\/de\/glasschale-blauweiss-26-cm\/#primaryimage\"},\"thumbnailUrl\":\"https:\/\/dev.eliassen.nl\/wp-content\/uploads\/2024\/01\/komblauw17112262452.jpg\",\"datePublished\":\"2021-11-24T08:52:35+00:00\",\"dateModified\":\"2024-12-05T14:56:15+00:00\",\"description\":\"Glasschale blau\/wei\u00df 26 cm. kaufen? Eliassen bietet Ihnen eine gro\u00dfe Auswahl an Glasvasen und Schalen in einem gro\u00dfen Showroom und online schnelle Lieferzeiten.\",\"breadcrumb\":{\"@id\":\"https:\/\/dev.eliassen.nl\/de\/glasschale-blauweiss-26-cm\/#breadcrumb\"},\"inLanguage\":\"de\",\"potentialAction\":[{\"@type\":\"ReadAction\",\"target\":[\"https:\/\/dev.eliassen.nl\/de\/glasschale-blauweiss-26-cm\/\"]}]},{\"@type\":\"ImageObject\",\"inLanguage\":\"de\",\"@id\":\"https:\/\/dev.eliassen.nl\/de\/glasschale-blauweiss-26-cm\/#primaryimage\",\"url\":\"https:\/\/dev.eliassen.nl\/wp-content\/uploads\/2024\/01\/komblauw17112262452.jpg\",\"contentUrl\":\"https:\/\/dev.eliassen.nl\/wp-content\/uploads\/2024\/01\/komblauw17112262452.jpg\",\"width\":1920,\"height\":1280,\"caption\":\"Kom-blauw-17112.26.2452\"},{\"@type\":\"BreadcrumbList\",\"@id\":\"https:\/\/dev.eliassen.nl\/de\/glasschale-blauweiss-26-cm\/#breadcrumb\",\"itemListElement\":[{\"@type\":\"ListItem\",\"position\":1,\"name\":\"Home\",\"item\":\"https:\/\/dev.eliassen.nl\/de\/\"},{\"@type\":\"ListItem\",\"position\":2,\"name\":\"Shop\",\"item\":\"https:\/\/dev.eliassen.nl\/nl\/winkel\/\"},{\"@type\":\"ListItem\",\"position\":3,\"name\":\"Glaskunst\",\"item\":\"https:\/\/dev.eliassen.nl\/de\/glaskunst\/\"},{\"@type\":\"ListItem\",\"position\":4,\"name\":\"Farbige Glasvasen\",\"item\":\"https:\/\/dev.eliassen.nl\/de\/glaskunst\/farbige-glasvasen\/\"},{\"@type\":\"ListItem\",\"position\":5,\"name\":\"Glasschale blau\/wei\u00df 26 cm.\"}]},{\"@type\":\"WebSite\",\"@id\":\"https:\/\/dev.eliassen.nl\/de\/#website\",\"url\":\"https:\/\/dev.eliassen.nl\/de\/\",\"name\":\"Eliassen Home & Garden Pleasure\",\"description\":\"\",\"publisher\":{\"@id\":\"https:\/\/dev.eliassen.nl\/de\/#organization\"},\"alternateName\":\"Eliassen.nl\",\"potentialAction\":[{\"@type\":\"SearchAction\",\"target\":{\"@type\":\"EntryPoint\",\"urlTemplate\":\"https:\/\/dev.eliassen.nl\/de\/?s={search_term_string}\"},\"query-input\":{\"@type\":\"PropertyValueSpecification\",\"valueRequired\":true,\"valueName\":\"search_term_string\"}}],\"inLanguage\":\"de\"},{\"@type\":\"Organization\",\"@id\":\"https:\/\/dev.eliassen.nl\/de\/#organization\",\"name\":\"Eliassen Home & Garden Pleasure\",\"url\":\"https:\/\/dev.eliassen.nl\/de\/\",\"logo\":{\"@type\":\"ImageObject\",\"inLanguage\":\"de\",\"@id\":\"https:\/\/dev.eliassen.nl\/de\/#\/schema\/logo\/image\/\",\"url\":\"https:\/\/www.eliassen.nl\/wp-content\/uploads\/2024\/01\/logo_4nd.jpg\",\"contentUrl\":\"https:\/\/www.eliassen.nl\/wp-content\/uploads\/2024\/01\/logo_4nd.jpg\",\"width\":500,\"height\":500,\"caption\":\"Eliassen Home & Garden Pleasure\"},\"image\":{\"@id\":\"https:\/\/dev.eliassen.nl\/de\/#\/schema\/logo\/image\/\"},\"sameAs\":[\"https:\/\/www.facebook.com\/TuincentrumEliassenAmmerzoden\",\"https:\/\/www.instagram.com\/eliassenhomeandgarden\/\",\"https:\/\/nl.pinterest.com\/eliassenhomeandgarden\/\",\"https:\/\/www.youtube.com\/@eliassenhomegardenpleasure4558\"]}]}<\/script>\n<!-- \/ Yoast SEO plugin. -->","yoast_head_json":{"title":"Glasschale blau\/wei\u00df 26 cm.","description":"Glasschale blau\/wei\u00df 26 cm. kaufen? Eliassen bietet Ihnen eine gro\u00dfe Auswahl an Glasvasen und Schalen in einem gro\u00dfen Showroom und online schnelle Lieferzeiten.","robots":{"index":"noindex","follow":"follow","max-snippet":"max-snippet:-1","max-image-preview":"max-image-preview:large","max-video-preview":"max-video-preview:-1"},"og_locale":"de_DE","og_type":"article","og_title":"Glasschale blau\/wei\u00df 26 cm.","og_description":"Glasschale blau\/wei\u00df 26 cm. kaufen? Eliassen bietet Ihnen eine gro\u00dfe Auswahl an Glasvasen und Schalen in einem gro\u00dfen Showroom und online schnelle Lieferzeiten.","og_url":"https:\/\/dev.eliassen.nl\/de\/glasschale-blauweiss-26-cm\/","og_site_name":"Eliassen.nl","article_publisher":"https:\/\/www.facebook.com\/TuincentrumEliassenAmmerzoden","article_modified_time":"2024-12-05T14:56:15+00:00","og_image":[{"width":1920,"height":1280,"url":"https:\/\/dev.eliassen.nl\/wp-content\/uploads\/2024\/01\/komblauw17112262452.jpg","type":"image\/jpeg"}],"twitter_card":"summary_large_image","schema":{"@context":"https:\/\/schema.org","@graph":[{"@type":"WebPage","@id":"https:\/\/dev.eliassen.nl\/de\/glasschale-blauweiss-26-cm\/","url":"https:\/\/dev.eliassen.nl\/de\/glasschale-blauweiss-26-cm\/","name":"Glasschale blau\/wei\u00df 26 cm.","isPartOf":{"@id":"https:\/\/dev.eliassen.nl\/de\/#website"},"primaryImageOfPage":{"@id":"https:\/\/dev.eliassen.nl\/de\/glasschale-blauweiss-26-cm\/#primaryimage"},"image":{"@id":"https:\/\/dev.eliassen.nl\/de\/glasschale-blauweiss-26-cm\/#primaryimage"},"thumbnailUrl":"https:\/\/dev.eliassen.nl\/wp-content\/uploads\/2024\/01\/komblauw17112262452.jpg","datePublished":"2021-11-24T08:52:35+00:00","dateModified":"2024-12-05T14:56:15+00:00","description":"Glasschale blau\/wei\u00df 26 cm. kaufen? Eliassen bietet Ihnen eine gro\u00dfe Auswahl an Glasvasen und Schalen in einem gro\u00dfen Showroom und online schnelle Lieferzeiten.","breadcrumb":{"@id":"https:\/\/dev.eliassen.nl\/de\/glasschale-blauweiss-26-cm\/#breadcrumb"},"inLanguage":"de","potentialAction":[{"@type":"ReadAction","target":["https:\/\/dev.eliassen.nl\/de\/glasschale-blauweiss-26-cm\/"]}]},{"@type":"ImageObject","inLanguage":"de","@id":"https:\/\/dev.eliassen.nl\/de\/glasschale-blauweiss-26-cm\/#primaryimage","url":"https:\/\/dev.eliassen.nl\/wp-content\/uploads\/2024\/01\/komblauw17112262452.jpg","contentUrl":"https:\/\/dev.eliassen.nl\/wp-content\/uploads\/2024\/01\/komblauw17112262452.jpg","width":1920,"height":1280,"caption":"Kom-blauw-17112.26.2452"},{"@type":"BreadcrumbList","@id":"https:\/\/dev.eliassen.nl\/de\/glasschale-blauweiss-26-cm\/#breadcrumb","itemListElement":[{"@type":"ListItem","position":1,"name":"Home","item":"https:\/\/dev.eliassen.nl\/de\/"},{"@type":"ListItem","position":2,"name":"Shop","item":"https:\/\/dev.eliassen.nl\/nl\/winkel\/"},{"@type":"ListItem","position":3,"name":"Glaskunst","item":"https:\/\/dev.eliassen.nl\/de\/glaskunst\/"},{"@type":"ListItem","position":4,"name":"Farbige Glasvasen","item":"https:\/\/dev.eliassen.nl\/de\/glaskunst\/farbige-glasvasen\/"},{"@type":"ListItem","position":5,"name":"Glasschale blau\/wei\u00df 26 cm."}]},{"@type":"WebSite","@id":"https:\/\/dev.eliassen.nl\/de\/#website","url":"https:\/\/dev.eliassen.nl\/de\/","name":"Eliassen Home & Garden Pleasure","description":"","publisher":{"@id":"https:\/\/dev.eliassen.nl\/de\/#organization"},"alternateName":"Eliassen.nl","potentialAction":[{"@type":"SearchAction","target":{"@type":"EntryPoint","urlTemplate":"https:\/\/dev.eliassen.nl\/de\/?s={search_term_string}"},"query-input":{"@type":"PropertyValueSpecification","valueRequired":true,"valueName":"search_term_string"}}],"inLanguage":"de"},{"@type":"Organization","@id":"https:\/\/dev.eliassen.nl\/de\/#organization","name":"Eliassen Home & Garden Pleasure","url":"https:\/\/dev.eliassen.nl\/de\/","logo":{"@type":"ImageObject","inLanguage":"de","@id":"https:\/\/dev.eliassen.nl\/de\/#\/schema\/logo\/image\/","url":"https:\/\/www.eliassen.nl\/wp-content\/uploads\/2024\/01\/logo_4nd.jpg","contentUrl":"https:\/\/www.eliassen.nl\/wp-content\/uploads\/2024\/01\/logo_4nd.jpg","width":500,"height":500,"caption":"Eliassen Home & Garden Pleasure"},"image":{"@id":"https:\/\/dev.eliassen.nl\/de\/#\/schema\/logo\/image\/"},"sameAs":["https:\/\/www.facebook.com\/TuincentrumEliassenAmmerzoden","https:\/\/www.instagram.com\/eliassenhomeandgarden\/","https:\/\/nl.pinterest.com\/eliassenhomeandgarden\/","https:\/\/www.youtube.com\/@eliassenhomegardenpleasure4558"]}]}},"df_price":85,"df_sale_price":"","df_regular_price":85,"df_image_link":"https:\/\/dev.eliassen.nl\/wp-content\/uploads\/2024\/01\/komblauw17112262452.jpg","image":"https:\/\/dev.eliassen.nl\/wp-content\/uploads\/2024\/01\/komblauw17112262452.jpg","price_search":"<span class=\"woocommerce-Price-amount amount\"><bdi><span class=\"woocommerce-Price-currencySymbol\">&euro;<\/span>&nbsp;85,00<\/bdi><\/span>","category":"Farbige Glasvasen","_links":{"self":[{"href":"https:\/\/dev.eliassen.nl\/de\/wp-json\/wp\/v2\/product\/66646","targetHints":{"allow":["GET"]}}],"collection":[{"href":"https:\/\/dev.eliassen.nl\/de\/wp-json\/wp\/v2\/product"}],"about":[{"href":"https:\/\/dev.eliassen.nl\/de\/wp-json\/wp\/v2\/types\/product"}],"wp:featuredmedia":[{"embeddable":true,"href":"https:\/\/dev.eliassen.nl\/de\/wp-json\/wp\/v2\/media\/66640"}],"wp:attachment":[{"href":"https:\/\/dev.eliassen.nl\/de\/wp-json\/wp\/v2\/media?parent=66646"}],"wp:term":[{"taxonomy":"product_brand","embeddable":true,"href":"https:\/\/dev.eliassen.nl\/de\/wp-json\/wp\/v2\/product_brand?post=66646"},{"taxonomy":"product_cat","embeddable":true,"href":"https:\/\/dev.eliassen.nl\/de\/wp-json\/wp\/v2\/product_cat?post=66646"},{"taxonomy":"product_tag","embeddable":true,"href":"https:\/\/dev.eliassen.nl\/de\/wp-json\/wp\/v2\/product_tag?post=66646"}],"curies":[{"name":"wp","href":"https:\/\/api.w.org\/{rel}","templated":true}]}}