{"id":66712,"date":"2021-11-24T10:38:41","date_gmt":"2021-11-24T09:38:41","guid":{"rendered":"https:\/\/www.eliassen.nl\/?product=glazen-lamp-goldline-40-42-cm"},"modified":"2024-12-05T15:56:25","modified_gmt":"2024-12-05T14:56:25","slug":"glaslampe-goldline-4042-cm","status":"publish","type":"product","link":"https:\/\/dev.eliassen.nl\/de\/glaslampe-goldline-4042-cm\/","title":{"rendered":"Glaslampe Goldline 40\/42 cm."},"content":{"rendered":"<p>Diese dicke Glaslampe wird eine Bereicherung f\u00fcr Ihr Zuhause oder Ihr Unternehmen sein. Es handelt sich um ein einzigartiges St\u00fcck Glas, da dieses Modell mundgeblasen ist und daher jedes St\u00fcck ein Unikat in Farbe und Form ist. Die Farben mit dem wei\u00dfen Glas erzeugen einen wunderbar sch\u00f6nen Lichteffekt. Da bei diesen Glaslampen keine W\u00e4rme entstehen sollte, sollten Sie in diesen Lampen auf LED-Lampen zur\u00fcckgreifen, da dieser Lampentyp kaum W\u00e4rme erzeugt. Diese Glaslampe hat eine E27-Fassung und ein 1,5 m langes Kabel mit Schalter.<\/p>\n<p><strong>Sie k\u00f6nnen diese Lampenserie auch live in unserem Shop betrachten<\/strong><\/p>\n<ul>\n<li>Marke: Loranto<\/li>\n<li>Gr\u00f6\u00dfe ca.: 19x42cm breit<\/li>\n<li>Material: B\u00f6hmisches Glas, mundgeblasen.<\/li>\n<li>Jedes Exemplar ist in Form und Farbe einzigartig<\/li>\n<li>Schnell geliefert.<\/li>\n<li>Bei mundgeblasenen Glasartikeln kann es immer zu Unebenheiten wie kleinen Punkten oder Luftbl\u00e4schen kommen, die nicht beanstandet werden k\u00f6nnen.<\/li>\n<\/ul>\n","protected":false},"excerpt":{"rendered":"<p>Glaslampe aus Bohemia-Glas, mundgeblasen von der Marke Loranto.<\/p>\n","protected":false},"featured_media":66706,"template":"","meta":{"_acf_changed":false},"product_brand":[],"product_cat":[800,749,809,746],"product_tag":[],"class_list":{"0":"post-66712","1":"product","2":"type-product","3":"status-publish","4":"has-post-thumbnail","6":"product_cat-glaskunst","7":"product_cat-glaslampen","9":"product_cat-stimmungsvolle-beleuchtung","11":"first","12":"instock","13":"taxable","14":"shipping-taxable","15":"purchasable","16":"product-type-simple"},"acf":[],"yoast_head":"<!-- This site is optimized with the Yoast SEO plugin v23.8 - https:\/\/yoast.com\/wordpress\/plugins\/seo\/ -->\n<title>Glaslampe Goldline 40\/42 cm.<\/title>\n<meta name=\"description\" content=\"Glaslampe Goldline 40 cm. Kaufen? Eliassen bietet Ihnen eine gro\u00dfe Auswahl an Glasvasen und -schalen in einem gro\u00dfen Ausstellungsraum und schnelle Online-Lie...\" \/>\n<meta name=\"robots\" content=\"noindex, follow, max-snippet:-1, max-image-preview:large, max-video-preview:-1\" \/>\n<meta property=\"og:locale\" content=\"de_DE\" \/>\n<meta property=\"og:type\" content=\"article\" \/>\n<meta property=\"og:title\" content=\"Glaslampe Goldline 40\/42 cm.\" \/>\n<meta property=\"og:description\" content=\"Glaslampe Goldline 40 cm. Kaufen? Eliassen bietet Ihnen eine gro\u00dfe Auswahl an Glasvasen und -schalen in einem gro\u00dfen Ausstellungsraum und schnelle Online-Lie...\" \/>\n<meta property=\"og:url\" content=\"https:\/\/dev.eliassen.nl\/de\/glaslampe-goldline-4042-cm\/\" \/>\n<meta property=\"og:site_name\" content=\"Eliassen.nl\" \/>\n<meta property=\"article:publisher\" content=\"https:\/\/www.facebook.com\/TuincentrumEliassenAmmerzoden\" \/>\n<meta property=\"article:modified_time\" content=\"2024-12-05T14:56:25+00:00\" \/>\n<meta property=\"og:image\" content=\"https:\/\/dev.eliassen.nl\/wp-content\/uploads\/2024\/01\/lampstonegoldline074202.jpg\" \/>\n\t<meta property=\"og:image:width\" content=\"2000\" \/>\n\t<meta property=\"og:image:height\" content=\"1333\" \/>\n\t<meta property=\"og:image:type\" content=\"image\/jpeg\" \/>\n<meta name=\"twitter:card\" content=\"summary_large_image\" \/>\n<script type=\"application\/ld+json\" class=\"yoast-schema-graph\">{\"@context\":\"https:\/\/schema.org\",\"@graph\":[{\"@type\":\"WebPage\",\"@id\":\"https:\/\/dev.eliassen.nl\/de\/glaslampe-goldline-4042-cm\/\",\"url\":\"https:\/\/dev.eliassen.nl\/de\/glaslampe-goldline-4042-cm\/\",\"name\":\"Glaslampe Goldline 40\/42 cm.\",\"isPartOf\":{\"@id\":\"https:\/\/dev.eliassen.nl\/de\/#website\"},\"primaryImageOfPage\":{\"@id\":\"https:\/\/dev.eliassen.nl\/de\/glaslampe-goldline-4042-cm\/#primaryimage\"},\"image\":{\"@id\":\"https:\/\/dev.eliassen.nl\/de\/glaslampe-goldline-4042-cm\/#primaryimage\"},\"thumbnailUrl\":\"https:\/\/dev.eliassen.nl\/wp-content\/uploads\/2024\/01\/lampstonegoldline074202.jpg\",\"datePublished\":\"2021-11-24T09:38:41+00:00\",\"dateModified\":\"2024-12-05T14:56:25+00:00\",\"description\":\"Glaslampe Goldline 40 cm. Kaufen? Eliassen bietet Ihnen eine gro\u00dfe Auswahl an Glasvasen und -schalen in einem gro\u00dfen Ausstellungsraum und schnelle Online-Lie...\",\"breadcrumb\":{\"@id\":\"https:\/\/dev.eliassen.nl\/de\/glaslampe-goldline-4042-cm\/#breadcrumb\"},\"inLanguage\":\"de\",\"potentialAction\":[{\"@type\":\"ReadAction\",\"target\":[\"https:\/\/dev.eliassen.nl\/de\/glaslampe-goldline-4042-cm\/\"]}]},{\"@type\":\"ImageObject\",\"inLanguage\":\"de\",\"@id\":\"https:\/\/dev.eliassen.nl\/de\/glaslampe-goldline-4042-cm\/#primaryimage\",\"url\":\"https:\/\/dev.eliassen.nl\/wp-content\/uploads\/2024\/01\/lampstonegoldline074202.jpg\",\"contentUrl\":\"https:\/\/dev.eliassen.nl\/wp-content\/uploads\/2024\/01\/lampstonegoldline074202.jpg\",\"width\":2000,\"height\":1333,\"caption\":\"Lamp-Stone-GoldLine-07.42.02\"},{\"@type\":\"BreadcrumbList\",\"@id\":\"https:\/\/dev.eliassen.nl\/de\/glaslampe-goldline-4042-cm\/#breadcrumb\",\"itemListElement\":[{\"@type\":\"ListItem\",\"position\":1,\"name\":\"Home\",\"item\":\"https:\/\/dev.eliassen.nl\/de\/\"},{\"@type\":\"ListItem\",\"position\":2,\"name\":\"Shop\",\"item\":\"https:\/\/dev.eliassen.nl\/nl\/winkel\/\"},{\"@type\":\"ListItem\",\"position\":3,\"name\":\"Glaskunst\",\"item\":\"https:\/\/dev.eliassen.nl\/de\/glaskunst\/\"},{\"@type\":\"ListItem\",\"position\":4,\"name\":\"Glaslampen\",\"item\":\"https:\/\/dev.eliassen.nl\/de\/glaskunst\/glaslampen\/\"},{\"@type\":\"ListItem\",\"position\":5,\"name\":\"Glaslampe Goldline 40\/42 cm.\"}]},{\"@type\":\"WebSite\",\"@id\":\"https:\/\/dev.eliassen.nl\/de\/#website\",\"url\":\"https:\/\/dev.eliassen.nl\/de\/\",\"name\":\"Eliassen Home & Garden Pleasure\",\"description\":\"\",\"publisher\":{\"@id\":\"https:\/\/dev.eliassen.nl\/de\/#organization\"},\"alternateName\":\"Eliassen.nl\",\"potentialAction\":[{\"@type\":\"SearchAction\",\"target\":{\"@type\":\"EntryPoint\",\"urlTemplate\":\"https:\/\/dev.eliassen.nl\/de\/?s={search_term_string}\"},\"query-input\":{\"@type\":\"PropertyValueSpecification\",\"valueRequired\":true,\"valueName\":\"search_term_string\"}}],\"inLanguage\":\"de\"},{\"@type\":\"Organization\",\"@id\":\"https:\/\/dev.eliassen.nl\/de\/#organization\",\"name\":\"Eliassen Home & Garden Pleasure\",\"url\":\"https:\/\/dev.eliassen.nl\/de\/\",\"logo\":{\"@type\":\"ImageObject\",\"inLanguage\":\"de\",\"@id\":\"https:\/\/dev.eliassen.nl\/de\/#\/schema\/logo\/image\/\",\"url\":\"https:\/\/www.eliassen.nl\/wp-content\/uploads\/2024\/01\/logo_4nd.jpg\",\"contentUrl\":\"https:\/\/www.eliassen.nl\/wp-content\/uploads\/2024\/01\/logo_4nd.jpg\",\"width\":500,\"height\":500,\"caption\":\"Eliassen Home & Garden Pleasure\"},\"image\":{\"@id\":\"https:\/\/dev.eliassen.nl\/de\/#\/schema\/logo\/image\/\"},\"sameAs\":[\"https:\/\/www.facebook.com\/TuincentrumEliassenAmmerzoden\",\"https:\/\/www.instagram.com\/eliassenhomeandgarden\/\",\"https:\/\/nl.pinterest.com\/eliassenhomeandgarden\/\",\"https:\/\/www.youtube.com\/@eliassenhomegardenpleasure4558\"]}]}<\/script>\n<!-- \/ Yoast SEO plugin. -->","yoast_head_json":{"title":"Glaslampe Goldline 40\/42 cm.","description":"Glaslampe Goldline 40 cm. Kaufen? Eliassen bietet Ihnen eine gro\u00dfe Auswahl an Glasvasen und -schalen in einem gro\u00dfen Ausstellungsraum und schnelle Online-Lie...","robots":{"index":"noindex","follow":"follow","max-snippet":"max-snippet:-1","max-image-preview":"max-image-preview:large","max-video-preview":"max-video-preview:-1"},"og_locale":"de_DE","og_type":"article","og_title":"Glaslampe Goldline 40\/42 cm.","og_description":"Glaslampe Goldline 40 cm. Kaufen? Eliassen bietet Ihnen eine gro\u00dfe Auswahl an Glasvasen und -schalen in einem gro\u00dfen Ausstellungsraum und schnelle Online-Lie...","og_url":"https:\/\/dev.eliassen.nl\/de\/glaslampe-goldline-4042-cm\/","og_site_name":"Eliassen.nl","article_publisher":"https:\/\/www.facebook.com\/TuincentrumEliassenAmmerzoden","article_modified_time":"2024-12-05T14:56:25+00:00","og_image":[{"width":2000,"height":1333,"url":"https:\/\/dev.eliassen.nl\/wp-content\/uploads\/2024\/01\/lampstonegoldline074202.jpg","type":"image\/jpeg"}],"twitter_card":"summary_large_image","schema":{"@context":"https:\/\/schema.org","@graph":[{"@type":"WebPage","@id":"https:\/\/dev.eliassen.nl\/de\/glaslampe-goldline-4042-cm\/","url":"https:\/\/dev.eliassen.nl\/de\/glaslampe-goldline-4042-cm\/","name":"Glaslampe Goldline 40\/42 cm.","isPartOf":{"@id":"https:\/\/dev.eliassen.nl\/de\/#website"},"primaryImageOfPage":{"@id":"https:\/\/dev.eliassen.nl\/de\/glaslampe-goldline-4042-cm\/#primaryimage"},"image":{"@id":"https:\/\/dev.eliassen.nl\/de\/glaslampe-goldline-4042-cm\/#primaryimage"},"thumbnailUrl":"https:\/\/dev.eliassen.nl\/wp-content\/uploads\/2024\/01\/lampstonegoldline074202.jpg","datePublished":"2021-11-24T09:38:41+00:00","dateModified":"2024-12-05T14:56:25+00:00","description":"Glaslampe Goldline 40 cm. Kaufen? Eliassen bietet Ihnen eine gro\u00dfe Auswahl an Glasvasen und -schalen in einem gro\u00dfen Ausstellungsraum und schnelle Online-Lie...","breadcrumb":{"@id":"https:\/\/dev.eliassen.nl\/de\/glaslampe-goldline-4042-cm\/#breadcrumb"},"inLanguage":"de","potentialAction":[{"@type":"ReadAction","target":["https:\/\/dev.eliassen.nl\/de\/glaslampe-goldline-4042-cm\/"]}]},{"@type":"ImageObject","inLanguage":"de","@id":"https:\/\/dev.eliassen.nl\/de\/glaslampe-goldline-4042-cm\/#primaryimage","url":"https:\/\/dev.eliassen.nl\/wp-content\/uploads\/2024\/01\/lampstonegoldline074202.jpg","contentUrl":"https:\/\/dev.eliassen.nl\/wp-content\/uploads\/2024\/01\/lampstonegoldline074202.jpg","width":2000,"height":1333,"caption":"Lamp-Stone-GoldLine-07.42.02"},{"@type":"BreadcrumbList","@id":"https:\/\/dev.eliassen.nl\/de\/glaslampe-goldline-4042-cm\/#breadcrumb","itemListElement":[{"@type":"ListItem","position":1,"name":"Home","item":"https:\/\/dev.eliassen.nl\/de\/"},{"@type":"ListItem","position":2,"name":"Shop","item":"https:\/\/dev.eliassen.nl\/nl\/winkel\/"},{"@type":"ListItem","position":3,"name":"Glaskunst","item":"https:\/\/dev.eliassen.nl\/de\/glaskunst\/"},{"@type":"ListItem","position":4,"name":"Glaslampen","item":"https:\/\/dev.eliassen.nl\/de\/glaskunst\/glaslampen\/"},{"@type":"ListItem","position":5,"name":"Glaslampe Goldline 40\/42 cm."}]},{"@type":"WebSite","@id":"https:\/\/dev.eliassen.nl\/de\/#website","url":"https:\/\/dev.eliassen.nl\/de\/","name":"Eliassen Home & Garden Pleasure","description":"","publisher":{"@id":"https:\/\/dev.eliassen.nl\/de\/#organization"},"alternateName":"Eliassen.nl","potentialAction":[{"@type":"SearchAction","target":{"@type":"EntryPoint","urlTemplate":"https:\/\/dev.eliassen.nl\/de\/?s={search_term_string}"},"query-input":{"@type":"PropertyValueSpecification","valueRequired":true,"valueName":"search_term_string"}}],"inLanguage":"de"},{"@type":"Organization","@id":"https:\/\/dev.eliassen.nl\/de\/#organization","name":"Eliassen Home & Garden Pleasure","url":"https:\/\/dev.eliassen.nl\/de\/","logo":{"@type":"ImageObject","inLanguage":"de","@id":"https:\/\/dev.eliassen.nl\/de\/#\/schema\/logo\/image\/","url":"https:\/\/www.eliassen.nl\/wp-content\/uploads\/2024\/01\/logo_4nd.jpg","contentUrl":"https:\/\/www.eliassen.nl\/wp-content\/uploads\/2024\/01\/logo_4nd.jpg","width":500,"height":500,"caption":"Eliassen Home & Garden Pleasure"},"image":{"@id":"https:\/\/dev.eliassen.nl\/de\/#\/schema\/logo\/image\/"},"sameAs":["https:\/\/www.facebook.com\/TuincentrumEliassenAmmerzoden","https:\/\/www.instagram.com\/eliassenhomeandgarden\/","https:\/\/nl.pinterest.com\/eliassenhomeandgarden\/","https:\/\/www.youtube.com\/@eliassenhomegardenpleasure4558"]}]}},"df_price":149,"df_sale_price":"","df_regular_price":149,"df_image_link":"https:\/\/dev.eliassen.nl\/wp-content\/uploads\/2024\/01\/lampstonegoldline074202.jpg","image":"https:\/\/dev.eliassen.nl\/wp-content\/uploads\/2024\/01\/lampstonegoldline074202.jpg","price_search":"<span class=\"woocommerce-Price-amount amount\"><bdi><span class=\"woocommerce-Price-currencySymbol\">&euro;<\/span>&nbsp;149,00<\/bdi><\/span>","category":"Glaskunst","_links":{"self":[{"href":"https:\/\/dev.eliassen.nl\/de\/wp-json\/wp\/v2\/product\/66712","targetHints":{"allow":["GET"]}}],"collection":[{"href":"https:\/\/dev.eliassen.nl\/de\/wp-json\/wp\/v2\/product"}],"about":[{"href":"https:\/\/dev.eliassen.nl\/de\/wp-json\/wp\/v2\/types\/product"}],"wp:featuredmedia":[{"embeddable":true,"href":"https:\/\/dev.eliassen.nl\/de\/wp-json\/wp\/v2\/media\/66706"}],"wp:attachment":[{"href":"https:\/\/dev.eliassen.nl\/de\/wp-json\/wp\/v2\/media?parent=66712"}],"wp:term":[{"taxonomy":"product_brand","embeddable":true,"href":"https:\/\/dev.eliassen.nl\/de\/wp-json\/wp\/v2\/product_brand?post=66712"},{"taxonomy":"product_cat","embeddable":true,"href":"https:\/\/dev.eliassen.nl\/de\/wp-json\/wp\/v2\/product_cat?post=66712"},{"taxonomy":"product_tag","embeddable":true,"href":"https:\/\/dev.eliassen.nl\/de\/wp-json\/wp\/v2\/product_tag?post=66712"}],"curies":[{"name":"wp","href":"https:\/\/api.w.org\/{rel}","templated":true}]}}