{"id":66733,"date":"2021-11-26T15:58:49","date_gmt":"2021-11-26T14:58:49","guid":{"rendered":"https:\/\/www.eliassen.nl\/?product=sokkel-hardsteen-gebrand-60x60x40cm"},"modified":"2024-12-05T15:56:29","modified_gmt":"2024-12-05T14:56:29","slug":"grundstein-gebrannt-60x60x40cm","status":"publish","type":"product","link":"https:\/\/dev.eliassen.nl\/de\/grundstein-gebrannt-60x60x40cm\/","title":{"rendered":"Grundstein gebrannt 60x60x40cm"},"content":{"rendered":"<p>Gro\u00dfer quadratischer Sockel aus hartem Stein mit verbrannten Seiten und verbrannter Oberseite. Robustes, nat\u00fcrliches Aussehen, sch\u00f6ne Kombination mit einem Topf, einer Vase, einer Statue oder einer Sonnenuhr oder einem anderen Objekt oder als Pflanzens\u00e4ule zu verwenden, sieht aber auch gut in Ihrem Zuhause oder Gesch\u00e4ft aus. Dieser Sockel ist ein schweres Objekt und sehr robust.<\/p>\n<ul>\n<li>Gr\u00f6\u00dfe 60x60x40 cm hoch<\/li>\n<li>Ist kaum zu laufen<\/li>\n<li>Sehr robust<\/li>\n<li>Unzerst\u00f6rbar<\/li>\n<li>Wandst\u00e4rke mindestens 28mm<\/li>\n<li>Sehr robuste nat\u00fcrliche Optik<\/li>\n<li>Freistein<\/li>\n<li>Gewicht ca. 91 kg<\/li>\n<\/ul>\n","protected":false},"excerpt":{"rendered":"<p>Gro\u00dfer quadratischer Sockel aus hartem Stein mit verbrannten Seiten und verbrannter Oberseite. Robustes, nat\u00fcrliches Aussehen, sch\u00f6ne Kombination mit einem Topf, einer Vase, einer Statue oder einer Sonnenuhr oder einem anderen Objekt oder als Pflanzens\u00e4ule zu verwenden, sieht aber auch gut in Ihrem Zuhause oder Gesch\u00e4ft aus. Dieser Sockel ist ein schweres Objekt und sehr robust. &hellip;<\/p>\n","protected":false},"featured_media":66727,"template":"","meta":{"_acf_changed":false},"product_brand":[],"product_cat":[782,785],"product_tag":[],"class_list":{"0":"post-66733","1":"product","2":"type-product","3":"status-publish","4":"has-post-thumbnail","6":"product_cat-sockel","7":"product_cat-sockel-aus-naturstein","9":"first","10":"instock","11":"taxable","12":"shipping-taxable","13":"purchasable","14":"product-type-simple"},"acf":[],"yoast_head":"<!-- This site is optimized with the Yoast SEO plugin v23.8 - https:\/\/yoast.com\/wordpress\/plugins\/seo\/ -->\n<title>Grundstein gebrannt 60x60x40cm<\/title>\n<meta name=\"description\" content=\"Mehr als 100 Sockelmodelle !! Ihr k\u00f6nnt sie auch alle live sehen!!\" \/>\n<meta name=\"robots\" content=\"noindex, follow, max-snippet:-1, max-image-preview:large, max-video-preview:-1\" \/>\n<meta property=\"og:locale\" content=\"de_DE\" \/>\n<meta property=\"og:type\" content=\"article\" \/>\n<meta property=\"og:title\" content=\"Grundstein gebrannt 60x60x40cm\" \/>\n<meta property=\"og:description\" content=\"Mehr als 100 Sockelmodelle !! Ihr k\u00f6nnt sie auch alle live sehen!!\" \/>\n<meta property=\"og:url\" content=\"https:\/\/dev.eliassen.nl\/de\/grundstein-gebrannt-60x60x40cm\/\" \/>\n<meta property=\"og:site_name\" content=\"Eliassen.nl\" \/>\n<meta property=\"article:publisher\" content=\"https:\/\/www.facebook.com\/TuincentrumEliassenAmmerzoden\" \/>\n<meta property=\"article:modified_time\" content=\"2024-12-05T14:56:29+00:00\" \/>\n<meta property=\"og:image\" content=\"https:\/\/dev.eliassen.nl\/wp-content\/uploads\/2024\/01\/mijnproject20221004t121441869.png\" \/>\n\t<meta property=\"og:image:width\" content=\"1152\" \/>\n\t<meta property=\"og:image:height\" content=\"1000\" \/>\n\t<meta property=\"og:image:type\" content=\"image\/png\" \/>\n<meta name=\"twitter:card\" content=\"summary_large_image\" \/>\n<script type=\"application\/ld+json\" class=\"yoast-schema-graph\">{\"@context\":\"https:\/\/schema.org\",\"@graph\":[{\"@type\":\"WebPage\",\"@id\":\"https:\/\/dev.eliassen.nl\/de\/grundstein-gebrannt-60x60x40cm\/\",\"url\":\"https:\/\/dev.eliassen.nl\/de\/grundstein-gebrannt-60x60x40cm\/\",\"name\":\"Grundstein gebrannt 60x60x40cm\",\"isPartOf\":{\"@id\":\"https:\/\/dev.eliassen.nl\/de\/#website\"},\"primaryImageOfPage\":{\"@id\":\"https:\/\/dev.eliassen.nl\/de\/grundstein-gebrannt-60x60x40cm\/#primaryimage\"},\"image\":{\"@id\":\"https:\/\/dev.eliassen.nl\/de\/grundstein-gebrannt-60x60x40cm\/#primaryimage\"},\"thumbnailUrl\":\"https:\/\/dev.eliassen.nl\/wp-content\/uploads\/2024\/01\/mijnproject20221004t121441869.png\",\"datePublished\":\"2021-11-26T14:58:49+00:00\",\"dateModified\":\"2024-12-05T14:56:29+00:00\",\"description\":\"Mehr als 100 Sockelmodelle !! Ihr k\u00f6nnt sie auch alle live sehen!!\",\"breadcrumb\":{\"@id\":\"https:\/\/dev.eliassen.nl\/de\/grundstein-gebrannt-60x60x40cm\/#breadcrumb\"},\"inLanguage\":\"de\",\"potentialAction\":[{\"@type\":\"ReadAction\",\"target\":[\"https:\/\/dev.eliassen.nl\/de\/grundstein-gebrannt-60x60x40cm\/\"]}]},{\"@type\":\"ImageObject\",\"inLanguage\":\"de\",\"@id\":\"https:\/\/dev.eliassen.nl\/de\/grundstein-gebrannt-60x60x40cm\/#primaryimage\",\"url\":\"https:\/\/dev.eliassen.nl\/wp-content\/uploads\/2024\/01\/mijnproject20221004t121441869.png\",\"contentUrl\":\"https:\/\/dev.eliassen.nl\/wp-content\/uploads\/2024\/01\/mijnproject20221004t121441869.png\",\"width\":1152,\"height\":1000,\"caption\":\"Mijn project - 2022-10-04T121441.869\"},{\"@type\":\"BreadcrumbList\",\"@id\":\"https:\/\/dev.eliassen.nl\/de\/grundstein-gebrannt-60x60x40cm\/#breadcrumb\",\"itemListElement\":[{\"@type\":\"ListItem\",\"position\":1,\"name\":\"Home\",\"item\":\"https:\/\/dev.eliassen.nl\/de\/\"},{\"@type\":\"ListItem\",\"position\":2,\"name\":\"Shop\",\"item\":\"https:\/\/dev.eliassen.nl\/nl\/winkel\/\"},{\"@type\":\"ListItem\",\"position\":3,\"name\":\"Sockel\",\"item\":\"https:\/\/dev.eliassen.nl\/de\/sockel\/\"},{\"@type\":\"ListItem\",\"position\":4,\"name\":\"Sockel aus Naturstein\",\"item\":\"https:\/\/dev.eliassen.nl\/de\/sockel\/sockel-aus-naturstein\/\"},{\"@type\":\"ListItem\",\"position\":5,\"name\":\"Grundstein gebrannt 60x60x40cm\"}]},{\"@type\":\"WebSite\",\"@id\":\"https:\/\/dev.eliassen.nl\/de\/#website\",\"url\":\"https:\/\/dev.eliassen.nl\/de\/\",\"name\":\"Eliassen Home & Garden Pleasure\",\"description\":\"\",\"publisher\":{\"@id\":\"https:\/\/dev.eliassen.nl\/de\/#organization\"},\"alternateName\":\"Eliassen.nl\",\"potentialAction\":[{\"@type\":\"SearchAction\",\"target\":{\"@type\":\"EntryPoint\",\"urlTemplate\":\"https:\/\/dev.eliassen.nl\/de\/?s={search_term_string}\"},\"query-input\":{\"@type\":\"PropertyValueSpecification\",\"valueRequired\":true,\"valueName\":\"search_term_string\"}}],\"inLanguage\":\"de\"},{\"@type\":\"Organization\",\"@id\":\"https:\/\/dev.eliassen.nl\/de\/#organization\",\"name\":\"Eliassen Home & Garden Pleasure\",\"url\":\"https:\/\/dev.eliassen.nl\/de\/\",\"logo\":{\"@type\":\"ImageObject\",\"inLanguage\":\"de\",\"@id\":\"https:\/\/dev.eliassen.nl\/de\/#\/schema\/logo\/image\/\",\"url\":\"https:\/\/www.eliassen.nl\/wp-content\/uploads\/2024\/01\/logo_4nd.jpg\",\"contentUrl\":\"https:\/\/www.eliassen.nl\/wp-content\/uploads\/2024\/01\/logo_4nd.jpg\",\"width\":500,\"height\":500,\"caption\":\"Eliassen Home & Garden Pleasure\"},\"image\":{\"@id\":\"https:\/\/dev.eliassen.nl\/de\/#\/schema\/logo\/image\/\"},\"sameAs\":[\"https:\/\/www.facebook.com\/TuincentrumEliassenAmmerzoden\",\"https:\/\/www.instagram.com\/eliassenhomeandgarden\/\",\"https:\/\/nl.pinterest.com\/eliassenhomeandgarden\/\",\"https:\/\/www.youtube.com\/@eliassenhomegardenpleasure4558\"]}]}<\/script>\n<!-- \/ Yoast SEO plugin. -->","yoast_head_json":{"title":"Grundstein gebrannt 60x60x40cm","description":"Mehr als 100 Sockelmodelle !! Ihr k\u00f6nnt sie auch alle live sehen!!","robots":{"index":"noindex","follow":"follow","max-snippet":"max-snippet:-1","max-image-preview":"max-image-preview:large","max-video-preview":"max-video-preview:-1"},"og_locale":"de_DE","og_type":"article","og_title":"Grundstein gebrannt 60x60x40cm","og_description":"Mehr als 100 Sockelmodelle !! Ihr k\u00f6nnt sie auch alle live sehen!!","og_url":"https:\/\/dev.eliassen.nl\/de\/grundstein-gebrannt-60x60x40cm\/","og_site_name":"Eliassen.nl","article_publisher":"https:\/\/www.facebook.com\/TuincentrumEliassenAmmerzoden","article_modified_time":"2024-12-05T14:56:29+00:00","og_image":[{"width":1152,"height":1000,"url":"https:\/\/dev.eliassen.nl\/wp-content\/uploads\/2024\/01\/mijnproject20221004t121441869.png","type":"image\/png"}],"twitter_card":"summary_large_image","schema":{"@context":"https:\/\/schema.org","@graph":[{"@type":"WebPage","@id":"https:\/\/dev.eliassen.nl\/de\/grundstein-gebrannt-60x60x40cm\/","url":"https:\/\/dev.eliassen.nl\/de\/grundstein-gebrannt-60x60x40cm\/","name":"Grundstein gebrannt 60x60x40cm","isPartOf":{"@id":"https:\/\/dev.eliassen.nl\/de\/#website"},"primaryImageOfPage":{"@id":"https:\/\/dev.eliassen.nl\/de\/grundstein-gebrannt-60x60x40cm\/#primaryimage"},"image":{"@id":"https:\/\/dev.eliassen.nl\/de\/grundstein-gebrannt-60x60x40cm\/#primaryimage"},"thumbnailUrl":"https:\/\/dev.eliassen.nl\/wp-content\/uploads\/2024\/01\/mijnproject20221004t121441869.png","datePublished":"2021-11-26T14:58:49+00:00","dateModified":"2024-12-05T14:56:29+00:00","description":"Mehr als 100 Sockelmodelle !! Ihr k\u00f6nnt sie auch alle live sehen!!","breadcrumb":{"@id":"https:\/\/dev.eliassen.nl\/de\/grundstein-gebrannt-60x60x40cm\/#breadcrumb"},"inLanguage":"de","potentialAction":[{"@type":"ReadAction","target":["https:\/\/dev.eliassen.nl\/de\/grundstein-gebrannt-60x60x40cm\/"]}]},{"@type":"ImageObject","inLanguage":"de","@id":"https:\/\/dev.eliassen.nl\/de\/grundstein-gebrannt-60x60x40cm\/#primaryimage","url":"https:\/\/dev.eliassen.nl\/wp-content\/uploads\/2024\/01\/mijnproject20221004t121441869.png","contentUrl":"https:\/\/dev.eliassen.nl\/wp-content\/uploads\/2024\/01\/mijnproject20221004t121441869.png","width":1152,"height":1000,"caption":"Mijn project - 2022-10-04T121441.869"},{"@type":"BreadcrumbList","@id":"https:\/\/dev.eliassen.nl\/de\/grundstein-gebrannt-60x60x40cm\/#breadcrumb","itemListElement":[{"@type":"ListItem","position":1,"name":"Home","item":"https:\/\/dev.eliassen.nl\/de\/"},{"@type":"ListItem","position":2,"name":"Shop","item":"https:\/\/dev.eliassen.nl\/nl\/winkel\/"},{"@type":"ListItem","position":3,"name":"Sockel","item":"https:\/\/dev.eliassen.nl\/de\/sockel\/"},{"@type":"ListItem","position":4,"name":"Sockel aus Naturstein","item":"https:\/\/dev.eliassen.nl\/de\/sockel\/sockel-aus-naturstein\/"},{"@type":"ListItem","position":5,"name":"Grundstein gebrannt 60x60x40cm"}]},{"@type":"WebSite","@id":"https:\/\/dev.eliassen.nl\/de\/#website","url":"https:\/\/dev.eliassen.nl\/de\/","name":"Eliassen Home & Garden Pleasure","description":"","publisher":{"@id":"https:\/\/dev.eliassen.nl\/de\/#organization"},"alternateName":"Eliassen.nl","potentialAction":[{"@type":"SearchAction","target":{"@type":"EntryPoint","urlTemplate":"https:\/\/dev.eliassen.nl\/de\/?s={search_term_string}"},"query-input":{"@type":"PropertyValueSpecification","valueRequired":true,"valueName":"search_term_string"}}],"inLanguage":"de"},{"@type":"Organization","@id":"https:\/\/dev.eliassen.nl\/de\/#organization","name":"Eliassen Home & Garden Pleasure","url":"https:\/\/dev.eliassen.nl\/de\/","logo":{"@type":"ImageObject","inLanguage":"de","@id":"https:\/\/dev.eliassen.nl\/de\/#\/schema\/logo\/image\/","url":"https:\/\/www.eliassen.nl\/wp-content\/uploads\/2024\/01\/logo_4nd.jpg","contentUrl":"https:\/\/www.eliassen.nl\/wp-content\/uploads\/2024\/01\/logo_4nd.jpg","width":500,"height":500,"caption":"Eliassen Home & Garden Pleasure"},"image":{"@id":"https:\/\/dev.eliassen.nl\/de\/#\/schema\/logo\/image\/"},"sameAs":["https:\/\/www.facebook.com\/TuincentrumEliassenAmmerzoden","https:\/\/www.instagram.com\/eliassenhomeandgarden\/","https:\/\/nl.pinterest.com\/eliassenhomeandgarden\/","https:\/\/www.youtube.com\/@eliassenhomegardenpleasure4558"]}]}},"df_price":425,"df_sale_price":"","df_regular_price":425,"df_image_link":"https:\/\/dev.eliassen.nl\/wp-content\/uploads\/2024\/01\/mijnproject20221004t121441869.png","image":"https:\/\/dev.eliassen.nl\/wp-content\/uploads\/2024\/01\/mijnproject20221004t121441869.png","price_search":"<span class=\"woocommerce-Price-amount amount\"><bdi><span class=\"woocommerce-Price-currencySymbol\">&euro;<\/span>&nbsp;425,00<\/bdi><\/span>","category":"Sockel","_links":{"self":[{"href":"https:\/\/dev.eliassen.nl\/de\/wp-json\/wp\/v2\/product\/66733","targetHints":{"allow":["GET"]}}],"collection":[{"href":"https:\/\/dev.eliassen.nl\/de\/wp-json\/wp\/v2\/product"}],"about":[{"href":"https:\/\/dev.eliassen.nl\/de\/wp-json\/wp\/v2\/types\/product"}],"wp:featuredmedia":[{"embeddable":true,"href":"https:\/\/dev.eliassen.nl\/de\/wp-json\/wp\/v2\/media\/66727"}],"wp:attachment":[{"href":"https:\/\/dev.eliassen.nl\/de\/wp-json\/wp\/v2\/media?parent=66733"}],"wp:term":[{"taxonomy":"product_brand","embeddable":true,"href":"https:\/\/dev.eliassen.nl\/de\/wp-json\/wp\/v2\/product_brand?post=66733"},{"taxonomy":"product_cat","embeddable":true,"href":"https:\/\/dev.eliassen.nl\/de\/wp-json\/wp\/v2\/product_cat?post=66733"},{"taxonomy":"product_tag","embeddable":true,"href":"https:\/\/dev.eliassen.nl\/de\/wp-json\/wp\/v2\/product_tag?post=66733"}],"curies":[{"name":"wp","href":"https:\/\/api.w.org\/{rel}","templated":true}]}}