{"id":66751,"date":"2021-11-30T09:44:18","date_gmt":"2021-11-30T08:44:18","guid":{"rendered":"https:\/\/www.eliassen.nl\/?product=metalen-3d-schilderij-erasmus-brug-rotterdam-60x15"},"modified":"2024-12-05T15:56:31","modified_gmt":"2024-12-05T14:56:31","slug":"metall-3d-metallmalerei-erasmusbrucke-rotterdam-60x150cm","status":"publish","type":"product","link":"https:\/\/dev.eliassen.nl\/de\/metall-3d-metallmalerei-erasmusbrucke-rotterdam-60x150cm\/","title":{"rendered":"Metall 3D Metallmalerei Erasmusbr\u00fccke Rotterdam 60x150cm"},"content":{"rendered":"<p>Metall-3D-Gem\u00e4lde, die die Erasmus-Br\u00fccke in Rotterdam darstellen, erhaben aus einzelnen Metallteilen, die alle von Hand f\u00fcr einen optimalen 3D-Effekt zusammengeschwei\u00dft werden. Eine sch\u00f6ne Wanddekoration f\u00fcr zu Hause, drau\u00dfen unter einem Unterstand oder in Ihrer Firma. Farben und allgemeines Erscheinungsbild k\u00f6nnen vom Foto abweichen, da dieses gesamte Objekt von Menschenhand hergestellt wird.<\/p>\n<ul>\n<li>Gr\u00f6\u00dfe: 150&#215;60 x 5,5 cm<\/li>\n<li>Material: lackiertes Metall<\/li>\n<li>Einfach mit 2 Schrauben aufzuh\u00e4ngen<\/li>\n<li>F\u00fcr drinnen oder drau\u00dfen unter einem Unterstand<\/li>\n<li>1 Jahr Garantie<\/li>\n<\/ul>\n","protected":false},"excerpt":{"rendered":"<p>Metall-3D-Gem\u00e4lde, die die Erasmus-Br\u00fccke in Rotterdam darstellen, erhaben aus einzelnen Metallteilen, die alle von Hand f\u00fcr einen optimalen 3D-Effekt zusammengeschwei\u00dft werden. Eine sch\u00f6ne Wanddekoration f\u00fcr zu Hause, drau\u00dfen unter einem Unterstand oder in Ihrer Firma. Farben und allgemeines Erscheinungsbild k\u00f6nnen vom Foto abweichen, da dieses gesamte Objekt von Menschenhand hergestellt wird. Gr\u00f6\u00dfe: 150&#215;60 x 5,5 &hellip;<\/p>\n","protected":false},"featured_media":66745,"template":"","meta":{"_acf_changed":false},"product_brand":[],"product_cat":[419,440,410],"product_tag":[],"class_list":{"0":"post-66751","1":"product","2":"type-product","3":"status-publish","4":"has-post-thumbnail","6":"product_cat-3d-gemaelde-aus-metall","7":"product_cat-andere-groessen-3d-gemaelde-aus-metall","8":"product_cat-gemaelde","10":"first","11":"instock","12":"taxable","13":"shipping-taxable","14":"purchasable","15":"product-type-simple"},"acf":[],"yoast_head":"<!-- This site is optimized with the Yoast SEO plugin v23.8 - https:\/\/yoast.com\/wordpress\/plugins\/seo\/ -->\n<title>Metall-3D-Malerei Erasmusbr\u00fccke Rotterdam 60x150cm.<\/title>\n<meta name=\"description\" content=\"M\u00f6chten Sie ein Metall-3D-Gem\u00e4lde Erasmusbr\u00fccke Rotterdam kaufen? Eliassen bietet eine gro\u00dfe Auswahl an Gem\u00e4lden in einem gro\u00dfen Ausstellungsraum und schnell...\" \/>\n<meta name=\"robots\" content=\"noindex, follow, max-snippet:-1, max-image-preview:large, max-video-preview:-1\" \/>\n<meta property=\"og:locale\" content=\"de_DE\" \/>\n<meta property=\"og:type\" content=\"article\" \/>\n<meta property=\"og:title\" content=\"Metall-3D-Malerei Erasmusbr\u00fccke Rotterdam 60x150cm.\" \/>\n<meta property=\"og:description\" content=\"M\u00f6chten Sie ein Metall-3D-Gem\u00e4lde Erasmusbr\u00fccke Rotterdam kaufen? Eliassen bietet eine gro\u00dfe Auswahl an Gem\u00e4lden in einem gro\u00dfen Ausstellungsraum und schnell...\" \/>\n<meta property=\"og:url\" content=\"https:\/\/dev.eliassen.nl\/de\/metall-3d-metallmalerei-erasmusbrucke-rotterdam-60x150cm\/\" \/>\n<meta property=\"og:site_name\" content=\"Eliassen.nl\" \/>\n<meta property=\"article:publisher\" content=\"https:\/\/www.facebook.com\/TuincentrumEliassenAmmerzoden\" \/>\n<meta property=\"article:modified_time\" content=\"2024-12-05T14:56:31+00:00\" \/>\n<meta property=\"og:image\" content=\"https:\/\/dev.eliassen.nl\/wp-content\/uploads\/2024\/01\/3dmetalenschilderijerasmusbrugrotterdam60x15.jpg\" \/>\n\t<meta property=\"og:image:width\" content=\"2048\" \/>\n\t<meta property=\"og:image:height\" content=\"803\" \/>\n\t<meta property=\"og:image:type\" content=\"image\/jpeg\" \/>\n<meta name=\"twitter:card\" content=\"summary_large_image\" \/>\n<script type=\"application\/ld+json\" class=\"yoast-schema-graph\">{\"@context\":\"https:\/\/schema.org\",\"@graph\":[{\"@type\":\"WebPage\",\"@id\":\"https:\/\/dev.eliassen.nl\/de\/metall-3d-metallmalerei-erasmusbrucke-rotterdam-60x150cm\/\",\"url\":\"https:\/\/dev.eliassen.nl\/de\/metall-3d-metallmalerei-erasmusbrucke-rotterdam-60x150cm\/\",\"name\":\"Metall-3D-Malerei Erasmusbr\u00fccke Rotterdam 60x150cm.\",\"isPartOf\":{\"@id\":\"https:\/\/dev.eliassen.nl\/de\/#website\"},\"primaryImageOfPage\":{\"@id\":\"https:\/\/dev.eliassen.nl\/de\/metall-3d-metallmalerei-erasmusbrucke-rotterdam-60x150cm\/#primaryimage\"},\"image\":{\"@id\":\"https:\/\/dev.eliassen.nl\/de\/metall-3d-metallmalerei-erasmusbrucke-rotterdam-60x150cm\/#primaryimage\"},\"thumbnailUrl\":\"https:\/\/dev.eliassen.nl\/wp-content\/uploads\/2024\/01\/3dmetalenschilderijerasmusbrugrotterdam60x15.jpg\",\"datePublished\":\"2021-11-30T08:44:18+00:00\",\"dateModified\":\"2024-12-05T14:56:31+00:00\",\"description\":\"M\u00f6chten Sie ein Metall-3D-Gem\u00e4lde Erasmusbr\u00fccke Rotterdam kaufen? Eliassen bietet eine gro\u00dfe Auswahl an Gem\u00e4lden in einem gro\u00dfen Ausstellungsraum und schnell...\",\"breadcrumb\":{\"@id\":\"https:\/\/dev.eliassen.nl\/de\/metall-3d-metallmalerei-erasmusbrucke-rotterdam-60x150cm\/#breadcrumb\"},\"inLanguage\":\"de\",\"potentialAction\":[{\"@type\":\"ReadAction\",\"target\":[\"https:\/\/dev.eliassen.nl\/de\/metall-3d-metallmalerei-erasmusbrucke-rotterdam-60x150cm\/\"]}]},{\"@type\":\"ImageObject\",\"inLanguage\":\"de\",\"@id\":\"https:\/\/dev.eliassen.nl\/de\/metall-3d-metallmalerei-erasmusbrucke-rotterdam-60x150cm\/#primaryimage\",\"url\":\"https:\/\/dev.eliassen.nl\/wp-content\/uploads\/2024\/01\/3dmetalenschilderijerasmusbrugrotterdam60x15.jpg\",\"contentUrl\":\"https:\/\/dev.eliassen.nl\/wp-content\/uploads\/2024\/01\/3dmetalenschilderijerasmusbrugrotterdam60x15.jpg\",\"width\":2048,\"height\":803,\"caption\":\"3D metalen schilderij Erasmus brug Rotterdam 60x150cm - Eliassen.nl\"},{\"@type\":\"BreadcrumbList\",\"@id\":\"https:\/\/dev.eliassen.nl\/de\/metall-3d-metallmalerei-erasmusbrucke-rotterdam-60x150cm\/#breadcrumb\",\"itemListElement\":[{\"@type\":\"ListItem\",\"position\":1,\"name\":\"Home\",\"item\":\"https:\/\/dev.eliassen.nl\/de\/\"},{\"@type\":\"ListItem\",\"position\":2,\"name\":\"Shop\",\"item\":\"https:\/\/dev.eliassen.nl\/nl\/winkel\/\"},{\"@type\":\"ListItem\",\"position\":3,\"name\":\"Gem\u00e4lde\",\"item\":\"https:\/\/dev.eliassen.nl\/de\/gemaelde\/\"},{\"@type\":\"ListItem\",\"position\":4,\"name\":\"3D-Gem\u00e4lde aus Metall\",\"item\":\"https:\/\/dev.eliassen.nl\/de\/gemaelde\/3d-gemaelde-aus-metall\/\"},{\"@type\":\"ListItem\",\"position\":5,\"name\":\"Andere Gr\u00f6\u00dfen 3D-Gem\u00e4lde aus Metall\",\"item\":\"https:\/\/dev.eliassen.nl\/de\/gemaelde\/3d-gemaelde-aus-metall\/andere-groessen-3d-gemaelde-aus-metall\/\"},{\"@type\":\"ListItem\",\"position\":6,\"name\":\"Metall 3D Metallmalerei Erasmusbr\u00fccke Rotterdam 60x150cm\"}]},{\"@type\":\"WebSite\",\"@id\":\"https:\/\/dev.eliassen.nl\/de\/#website\",\"url\":\"https:\/\/dev.eliassen.nl\/de\/\",\"name\":\"Eliassen Home & Garden Pleasure\",\"description\":\"\",\"publisher\":{\"@id\":\"https:\/\/dev.eliassen.nl\/de\/#organization\"},\"alternateName\":\"Eliassen.nl\",\"potentialAction\":[{\"@type\":\"SearchAction\",\"target\":{\"@type\":\"EntryPoint\",\"urlTemplate\":\"https:\/\/dev.eliassen.nl\/de\/?s={search_term_string}\"},\"query-input\":{\"@type\":\"PropertyValueSpecification\",\"valueRequired\":true,\"valueName\":\"search_term_string\"}}],\"inLanguage\":\"de\"},{\"@type\":\"Organization\",\"@id\":\"https:\/\/dev.eliassen.nl\/de\/#organization\",\"name\":\"Eliassen Home & Garden Pleasure\",\"url\":\"https:\/\/dev.eliassen.nl\/de\/\",\"logo\":{\"@type\":\"ImageObject\",\"inLanguage\":\"de\",\"@id\":\"https:\/\/dev.eliassen.nl\/de\/#\/schema\/logo\/image\/\",\"url\":\"https:\/\/www.eliassen.nl\/wp-content\/uploads\/2024\/01\/logo_4nd.jpg\",\"contentUrl\":\"https:\/\/www.eliassen.nl\/wp-content\/uploads\/2024\/01\/logo_4nd.jpg\",\"width\":500,\"height\":500,\"caption\":\"Eliassen Home & Garden Pleasure\"},\"image\":{\"@id\":\"https:\/\/dev.eliassen.nl\/de\/#\/schema\/logo\/image\/\"},\"sameAs\":[\"https:\/\/www.facebook.com\/TuincentrumEliassenAmmerzoden\",\"https:\/\/www.instagram.com\/eliassenhomeandgarden\/\",\"https:\/\/nl.pinterest.com\/eliassenhomeandgarden\/\",\"https:\/\/www.youtube.com\/@eliassenhomegardenpleasure4558\"]}]}<\/script>\n<!-- \/ Yoast SEO plugin. -->","yoast_head_json":{"title":"Metall-3D-Malerei Erasmusbr\u00fccke Rotterdam 60x150cm.","description":"M\u00f6chten Sie ein Metall-3D-Gem\u00e4lde Erasmusbr\u00fccke Rotterdam kaufen? Eliassen bietet eine gro\u00dfe Auswahl an Gem\u00e4lden in einem gro\u00dfen Ausstellungsraum und schnell...","robots":{"index":"noindex","follow":"follow","max-snippet":"max-snippet:-1","max-image-preview":"max-image-preview:large","max-video-preview":"max-video-preview:-1"},"og_locale":"de_DE","og_type":"article","og_title":"Metall-3D-Malerei Erasmusbr\u00fccke Rotterdam 60x150cm.","og_description":"M\u00f6chten Sie ein Metall-3D-Gem\u00e4lde Erasmusbr\u00fccke Rotterdam kaufen? Eliassen bietet eine gro\u00dfe Auswahl an Gem\u00e4lden in einem gro\u00dfen Ausstellungsraum und schnell...","og_url":"https:\/\/dev.eliassen.nl\/de\/metall-3d-metallmalerei-erasmusbrucke-rotterdam-60x150cm\/","og_site_name":"Eliassen.nl","article_publisher":"https:\/\/www.facebook.com\/TuincentrumEliassenAmmerzoden","article_modified_time":"2024-12-05T14:56:31+00:00","og_image":[{"width":2048,"height":803,"url":"https:\/\/dev.eliassen.nl\/wp-content\/uploads\/2024\/01\/3dmetalenschilderijerasmusbrugrotterdam60x15.jpg","type":"image\/jpeg"}],"twitter_card":"summary_large_image","schema":{"@context":"https:\/\/schema.org","@graph":[{"@type":"WebPage","@id":"https:\/\/dev.eliassen.nl\/de\/metall-3d-metallmalerei-erasmusbrucke-rotterdam-60x150cm\/","url":"https:\/\/dev.eliassen.nl\/de\/metall-3d-metallmalerei-erasmusbrucke-rotterdam-60x150cm\/","name":"Metall-3D-Malerei Erasmusbr\u00fccke Rotterdam 60x150cm.","isPartOf":{"@id":"https:\/\/dev.eliassen.nl\/de\/#website"},"primaryImageOfPage":{"@id":"https:\/\/dev.eliassen.nl\/de\/metall-3d-metallmalerei-erasmusbrucke-rotterdam-60x150cm\/#primaryimage"},"image":{"@id":"https:\/\/dev.eliassen.nl\/de\/metall-3d-metallmalerei-erasmusbrucke-rotterdam-60x150cm\/#primaryimage"},"thumbnailUrl":"https:\/\/dev.eliassen.nl\/wp-content\/uploads\/2024\/01\/3dmetalenschilderijerasmusbrugrotterdam60x15.jpg","datePublished":"2021-11-30T08:44:18+00:00","dateModified":"2024-12-05T14:56:31+00:00","description":"M\u00f6chten Sie ein Metall-3D-Gem\u00e4lde Erasmusbr\u00fccke Rotterdam kaufen? Eliassen bietet eine gro\u00dfe Auswahl an Gem\u00e4lden in einem gro\u00dfen Ausstellungsraum und schnell...","breadcrumb":{"@id":"https:\/\/dev.eliassen.nl\/de\/metall-3d-metallmalerei-erasmusbrucke-rotterdam-60x150cm\/#breadcrumb"},"inLanguage":"de","potentialAction":[{"@type":"ReadAction","target":["https:\/\/dev.eliassen.nl\/de\/metall-3d-metallmalerei-erasmusbrucke-rotterdam-60x150cm\/"]}]},{"@type":"ImageObject","inLanguage":"de","@id":"https:\/\/dev.eliassen.nl\/de\/metall-3d-metallmalerei-erasmusbrucke-rotterdam-60x150cm\/#primaryimage","url":"https:\/\/dev.eliassen.nl\/wp-content\/uploads\/2024\/01\/3dmetalenschilderijerasmusbrugrotterdam60x15.jpg","contentUrl":"https:\/\/dev.eliassen.nl\/wp-content\/uploads\/2024\/01\/3dmetalenschilderijerasmusbrugrotterdam60x15.jpg","width":2048,"height":803,"caption":"3D metalen schilderij Erasmus brug Rotterdam 60x150cm - Eliassen.nl"},{"@type":"BreadcrumbList","@id":"https:\/\/dev.eliassen.nl\/de\/metall-3d-metallmalerei-erasmusbrucke-rotterdam-60x150cm\/#breadcrumb","itemListElement":[{"@type":"ListItem","position":1,"name":"Home","item":"https:\/\/dev.eliassen.nl\/de\/"},{"@type":"ListItem","position":2,"name":"Shop","item":"https:\/\/dev.eliassen.nl\/nl\/winkel\/"},{"@type":"ListItem","position":3,"name":"Gem\u00e4lde","item":"https:\/\/dev.eliassen.nl\/de\/gemaelde\/"},{"@type":"ListItem","position":4,"name":"3D-Gem\u00e4lde aus Metall","item":"https:\/\/dev.eliassen.nl\/de\/gemaelde\/3d-gemaelde-aus-metall\/"},{"@type":"ListItem","position":5,"name":"Andere Gr\u00f6\u00dfen 3D-Gem\u00e4lde aus Metall","item":"https:\/\/dev.eliassen.nl\/de\/gemaelde\/3d-gemaelde-aus-metall\/andere-groessen-3d-gemaelde-aus-metall\/"},{"@type":"ListItem","position":6,"name":"Metall 3D Metallmalerei Erasmusbr\u00fccke Rotterdam 60x150cm"}]},{"@type":"WebSite","@id":"https:\/\/dev.eliassen.nl\/de\/#website","url":"https:\/\/dev.eliassen.nl\/de\/","name":"Eliassen Home & Garden Pleasure","description":"","publisher":{"@id":"https:\/\/dev.eliassen.nl\/de\/#organization"},"alternateName":"Eliassen.nl","potentialAction":[{"@type":"SearchAction","target":{"@type":"EntryPoint","urlTemplate":"https:\/\/dev.eliassen.nl\/de\/?s={search_term_string}"},"query-input":{"@type":"PropertyValueSpecification","valueRequired":true,"valueName":"search_term_string"}}],"inLanguage":"de"},{"@type":"Organization","@id":"https:\/\/dev.eliassen.nl\/de\/#organization","name":"Eliassen Home & Garden Pleasure","url":"https:\/\/dev.eliassen.nl\/de\/","logo":{"@type":"ImageObject","inLanguage":"de","@id":"https:\/\/dev.eliassen.nl\/de\/#\/schema\/logo\/image\/","url":"https:\/\/www.eliassen.nl\/wp-content\/uploads\/2024\/01\/logo_4nd.jpg","contentUrl":"https:\/\/www.eliassen.nl\/wp-content\/uploads\/2024\/01\/logo_4nd.jpg","width":500,"height":500,"caption":"Eliassen Home & Garden Pleasure"},"image":{"@id":"https:\/\/dev.eliassen.nl\/de\/#\/schema\/logo\/image\/"},"sameAs":["https:\/\/www.facebook.com\/TuincentrumEliassenAmmerzoden","https:\/\/www.instagram.com\/eliassenhomeandgarden\/","https:\/\/nl.pinterest.com\/eliassenhomeandgarden\/","https:\/\/www.youtube.com\/@eliassenhomegardenpleasure4558"]}]}},"df_price":209,"df_sale_price":"","df_regular_price":209,"df_image_link":"https:\/\/dev.eliassen.nl\/wp-content\/uploads\/2024\/01\/3dmetalenschilderijerasmusbrugrotterdam60x15.jpg","image":"https:\/\/dev.eliassen.nl\/wp-content\/uploads\/2024\/01\/3dmetalenschilderijerasmusbrugrotterdam60x15.jpg","price_search":"<span class=\"woocommerce-Price-amount amount\"><bdi><span class=\"woocommerce-Price-currencySymbol\">&euro;<\/span>&nbsp;209,00<\/bdi><\/span>","category":"3D-Gem\u00e4lde aus Metall","_links":{"self":[{"href":"https:\/\/dev.eliassen.nl\/de\/wp-json\/wp\/v2\/product\/66751","targetHints":{"allow":["GET"]}}],"collection":[{"href":"https:\/\/dev.eliassen.nl\/de\/wp-json\/wp\/v2\/product"}],"about":[{"href":"https:\/\/dev.eliassen.nl\/de\/wp-json\/wp\/v2\/types\/product"}],"wp:featuredmedia":[{"embeddable":true,"href":"https:\/\/dev.eliassen.nl\/de\/wp-json\/wp\/v2\/media\/66745"}],"wp:attachment":[{"href":"https:\/\/dev.eliassen.nl\/de\/wp-json\/wp\/v2\/media?parent=66751"}],"wp:term":[{"taxonomy":"product_brand","embeddable":true,"href":"https:\/\/dev.eliassen.nl\/de\/wp-json\/wp\/v2\/product_brand?post=66751"},{"taxonomy":"product_cat","embeddable":true,"href":"https:\/\/dev.eliassen.nl\/de\/wp-json\/wp\/v2\/product_cat?post=66751"},{"taxonomy":"product_tag","embeddable":true,"href":"https:\/\/dev.eliassen.nl\/de\/wp-json\/wp\/v2\/product_tag?post=66751"}],"curies":[{"name":"wp","href":"https:\/\/api.w.org\/{rel}","templated":true}]}}