{"id":66799,"date":"2021-11-30T14:21:12","date_gmt":"2021-11-30T13:21:12","guid":{"rendered":"https:\/\/www.eliassen.nl\/?product=metalen-libelle-op-voet"},"modified":"2024-12-05T15:56:34","modified_gmt":"2024-12-05T14:56:34","slug":"metallstatue-der-libelle","status":"publish","type":"product","link":"https:\/\/dev.eliassen.nl\/de\/metallstatue-der-libelle\/","title":{"rendered":"Metallstatue der Libelle"},"content":{"rendered":"<p>Sch\u00f6ne Metallstatue einer Libelle, die Ihr Zuhause oder Ihren Arbeitsplatz attraktiver macht. Kann auf einem Sideboard, einer Fensterbank, in der K\u00fcche, im B\u00fcro usw. platziert werden.<\/p>\n<p>Diese Libelle aus Zinn, wurde komplett von Hand geschnitten, ausgestanzt, gel\u00f6tet und anschlie\u00dfend mit verschiedenen Farben versehen, f\u00fcr einen sch\u00f6nen Farbeffekt wurde Perlmutt verwendet. Sehen Sie hier das Ergebnis, ein wundersch\u00f6nes Dekorationsobjekt mit warmen Farben. Da dies handgefertigt ist, wird jedes St\u00fcck eine andere Farbe haben, das Foto ist nur ein Beispiel.<\/p>\n<p>Perlmutt ist ein organisches Muschelmaterial, das normalerweise auf der Innenseite vieler Arten von gro\u00dfen Muscheln zu finden ist. Die Dicke des Perlmutts ist bei jedem Muscheltyp unterschiedlich.<br \/>Das Perlmutt wird von den Schalentieren \u00fcber Epithelzellen produziert. Das Perlmutt wird hergestellt, um den Schalentieren eine glatte Oberfl\u00e4che zu bieten und Parasiten abzuwehren.<br \/>Wenn ein Schalentier l\u00e4nger unter einem Parasiten leidet, produziert es st\u00e4ndig Perlmutt, das schlie\u00dflich eine Perle bilden kann.<\/p>\n<ul>\n<li>Gr\u00f6\u00dfe: 32 x 36 cm hoch<\/li>\n<li>Farbe: blaubraun in Schattierungen<\/li>\n<li>Material: Zinn, Perlmutt<\/li>\n<li>1 Jahr Garantie<\/li>\n<\/ul>\n","protected":false},"excerpt":{"rendered":"<p>Sch\u00f6ne Metallstatue einer Libelle, die Ihr Zuhause oder Ihren Arbeitsplatz attraktiver macht. Kann auf einem Sideboard, einer Fensterbank, in der K\u00fcche, im B\u00fcro usw. platziert werden. Diese Libelle aus Zinn, wurde komplett von Hand geschnitten, ausgestanzt, gel\u00f6tet und anschlie\u00dfend mit verschiedenen Farben versehen, f\u00fcr einen sch\u00f6nen Farbeffekt wurde Perlmutt verwendet. Sehen Sie hier das Ergebnis, &hellip;<\/p>\n","protected":false},"featured_media":66784,"template":"","meta":{"_acf_changed":false},"product_brand":[],"product_cat":[665,659],"product_tag":[],"class_list":{"0":"post-66799","1":"product","2":"type-product","3":"status-publish","4":"has-post-thumbnail","6":"product_cat-dekofiguren-aus-metall","7":"product_cat-dekoration-aus-metall","9":"first","10":"instock","11":"taxable","12":"shipping-taxable","13":"purchasable","14":"product-type-simple"},"acf":[],"yoast_head":"<!-- This site is optimized with the Yoast SEO plugin v23.8 - https:\/\/yoast.com\/wordpress\/plugins\/seo\/ -->\n<title>Libelle Metallstatue auf St\u00e4nder | Blau und Braun | Handgefertigt<\/title>\n<meta name=\"description\" content=\"Libellenstatue aus Metall in wundersch\u00f6nen Blau- und Braunt\u00f6nen als Dekoration f\u00fcr Ihr Zuhause, Ihren Garten oder Ihr B\u00fcro. Sehen Sie sich auch unsere andere...\" \/>\n<meta name=\"robots\" content=\"noindex, follow, max-snippet:-1, max-image-preview:large, max-video-preview:-1\" \/>\n<meta property=\"og:locale\" content=\"de_DE\" \/>\n<meta property=\"og:type\" content=\"article\" \/>\n<meta property=\"og:title\" content=\"Libelle Metallstatue auf St\u00e4nder | Blau und Braun | Handgefertigt\" \/>\n<meta property=\"og:description\" content=\"Libellenstatue aus Metall in wundersch\u00f6nen Blau- und Braunt\u00f6nen als Dekoration f\u00fcr Ihr Zuhause, Ihren Garten oder Ihr B\u00fcro. Sehen Sie sich auch unsere andere...\" \/>\n<meta property=\"og:url\" content=\"https:\/\/dev.eliassen.nl\/de\/metallstatue-der-libelle\/\" \/>\n<meta property=\"og:site_name\" content=\"Eliassen.nl\" \/>\n<meta property=\"article:publisher\" content=\"https:\/\/www.facebook.com\/TuincentrumEliassenAmmerzoden\" \/>\n<meta property=\"article:modified_time\" content=\"2024-12-05T14:56:34+00:00\" \/>\n<meta property=\"og:image\" content=\"https:\/\/dev.eliassen.nl\/wp-content\/uploads\/2024\/01\/metalenbeeldlibelleeliassennl.jpg\" \/>\n\t<meta property=\"og:image:width\" content=\"1000\" \/>\n\t<meta property=\"og:image:height\" content=\"1021\" \/>\n\t<meta property=\"og:image:type\" content=\"image\/jpeg\" \/>\n<meta name=\"twitter:card\" content=\"summary_large_image\" \/>\n<script type=\"application\/ld+json\" class=\"yoast-schema-graph\">{\"@context\":\"https:\/\/schema.org\",\"@graph\":[{\"@type\":\"WebPage\",\"@id\":\"https:\/\/dev.eliassen.nl\/de\/metallstatue-der-libelle\/\",\"url\":\"https:\/\/dev.eliassen.nl\/de\/metallstatue-der-libelle\/\",\"name\":\"Libelle Metallstatue auf St\u00e4nder | Blau und Braun | Handgefertigt\",\"isPartOf\":{\"@id\":\"https:\/\/dev.eliassen.nl\/de\/#website\"},\"primaryImageOfPage\":{\"@id\":\"https:\/\/dev.eliassen.nl\/de\/metallstatue-der-libelle\/#primaryimage\"},\"image\":{\"@id\":\"https:\/\/dev.eliassen.nl\/de\/metallstatue-der-libelle\/#primaryimage\"},\"thumbnailUrl\":\"https:\/\/dev.eliassen.nl\/wp-content\/uploads\/2024\/01\/metalenbeeldlibelleeliassennl.jpg\",\"datePublished\":\"2021-11-30T13:21:12+00:00\",\"dateModified\":\"2024-12-05T14:56:34+00:00\",\"description\":\"Libellenstatue aus Metall in wundersch\u00f6nen Blau- und Braunt\u00f6nen als Dekoration f\u00fcr Ihr Zuhause, Ihren Garten oder Ihr B\u00fcro. Sehen Sie sich auch unsere andere...\",\"breadcrumb\":{\"@id\":\"https:\/\/dev.eliassen.nl\/de\/metallstatue-der-libelle\/#breadcrumb\"},\"inLanguage\":\"de\",\"potentialAction\":[{\"@type\":\"ReadAction\",\"target\":[\"https:\/\/dev.eliassen.nl\/de\/metallstatue-der-libelle\/\"]}]},{\"@type\":\"ImageObject\",\"inLanguage\":\"de\",\"@id\":\"https:\/\/dev.eliassen.nl\/de\/metallstatue-der-libelle\/#primaryimage\",\"url\":\"https:\/\/dev.eliassen.nl\/wp-content\/uploads\/2024\/01\/metalenbeeldlibelleeliassennl.jpg\",\"contentUrl\":\"https:\/\/dev.eliassen.nl\/wp-content\/uploads\/2024\/01\/metalenbeeldlibelleeliassennl.jpg\",\"width\":1000,\"height\":1021,\"caption\":\"Metalen beeld Libelle | Eliassen.nl\"},{\"@type\":\"BreadcrumbList\",\"@id\":\"https:\/\/dev.eliassen.nl\/de\/metallstatue-der-libelle\/#breadcrumb\",\"itemListElement\":[{\"@type\":\"ListItem\",\"position\":1,\"name\":\"Home\",\"item\":\"https:\/\/dev.eliassen.nl\/de\/\"},{\"@type\":\"ListItem\",\"position\":2,\"name\":\"Shop\",\"item\":\"https:\/\/dev.eliassen.nl\/nl\/winkel\/\"},{\"@type\":\"ListItem\",\"position\":3,\"name\":\"Dekoration aus Metall\",\"item\":\"https:\/\/dev.eliassen.nl\/de\/dekoration-aus-metall\/\"},{\"@type\":\"ListItem\",\"position\":4,\"name\":\"Dekofiguren aus Metall\",\"item\":\"https:\/\/dev.eliassen.nl\/de\/dekoration-aus-metall\/dekofiguren-aus-metall\/\"},{\"@type\":\"ListItem\",\"position\":5,\"name\":\"Metallstatue der Libelle\"}]},{\"@type\":\"WebSite\",\"@id\":\"https:\/\/dev.eliassen.nl\/de\/#website\",\"url\":\"https:\/\/dev.eliassen.nl\/de\/\",\"name\":\"Eliassen Home & Garden Pleasure\",\"description\":\"\",\"publisher\":{\"@id\":\"https:\/\/dev.eliassen.nl\/de\/#organization\"},\"alternateName\":\"Eliassen.nl\",\"potentialAction\":[{\"@type\":\"SearchAction\",\"target\":{\"@type\":\"EntryPoint\",\"urlTemplate\":\"https:\/\/dev.eliassen.nl\/de\/?s={search_term_string}\"},\"query-input\":{\"@type\":\"PropertyValueSpecification\",\"valueRequired\":true,\"valueName\":\"search_term_string\"}}],\"inLanguage\":\"de\"},{\"@type\":\"Organization\",\"@id\":\"https:\/\/dev.eliassen.nl\/de\/#organization\",\"name\":\"Eliassen Home & Garden Pleasure\",\"url\":\"https:\/\/dev.eliassen.nl\/de\/\",\"logo\":{\"@type\":\"ImageObject\",\"inLanguage\":\"de\",\"@id\":\"https:\/\/dev.eliassen.nl\/de\/#\/schema\/logo\/image\/\",\"url\":\"https:\/\/www.eliassen.nl\/wp-content\/uploads\/2024\/01\/logo_4nd.jpg\",\"contentUrl\":\"https:\/\/www.eliassen.nl\/wp-content\/uploads\/2024\/01\/logo_4nd.jpg\",\"width\":500,\"height\":500,\"caption\":\"Eliassen Home & Garden Pleasure\"},\"image\":{\"@id\":\"https:\/\/dev.eliassen.nl\/de\/#\/schema\/logo\/image\/\"},\"sameAs\":[\"https:\/\/www.facebook.com\/TuincentrumEliassenAmmerzoden\",\"https:\/\/www.instagram.com\/eliassenhomeandgarden\/\",\"https:\/\/nl.pinterest.com\/eliassenhomeandgarden\/\",\"https:\/\/www.youtube.com\/@eliassenhomegardenpleasure4558\"]}]}<\/script>\n<!-- \/ Yoast SEO plugin. -->","yoast_head_json":{"title":"Libelle Metallstatue auf St\u00e4nder | Blau und Braun | Handgefertigt","description":"Libellenstatue aus Metall in wundersch\u00f6nen Blau- und Braunt\u00f6nen als Dekoration f\u00fcr Ihr Zuhause, Ihren Garten oder Ihr B\u00fcro. Sehen Sie sich auch unsere andere...","robots":{"index":"noindex","follow":"follow","max-snippet":"max-snippet:-1","max-image-preview":"max-image-preview:large","max-video-preview":"max-video-preview:-1"},"og_locale":"de_DE","og_type":"article","og_title":"Libelle Metallstatue auf St\u00e4nder | Blau und Braun | Handgefertigt","og_description":"Libellenstatue aus Metall in wundersch\u00f6nen Blau- und Braunt\u00f6nen als Dekoration f\u00fcr Ihr Zuhause, Ihren Garten oder Ihr B\u00fcro. Sehen Sie sich auch unsere andere...","og_url":"https:\/\/dev.eliassen.nl\/de\/metallstatue-der-libelle\/","og_site_name":"Eliassen.nl","article_publisher":"https:\/\/www.facebook.com\/TuincentrumEliassenAmmerzoden","article_modified_time":"2024-12-05T14:56:34+00:00","og_image":[{"width":1000,"height":1021,"url":"https:\/\/dev.eliassen.nl\/wp-content\/uploads\/2024\/01\/metalenbeeldlibelleeliassennl.jpg","type":"image\/jpeg"}],"twitter_card":"summary_large_image","schema":{"@context":"https:\/\/schema.org","@graph":[{"@type":"WebPage","@id":"https:\/\/dev.eliassen.nl\/de\/metallstatue-der-libelle\/","url":"https:\/\/dev.eliassen.nl\/de\/metallstatue-der-libelle\/","name":"Libelle Metallstatue auf St\u00e4nder | Blau und Braun | Handgefertigt","isPartOf":{"@id":"https:\/\/dev.eliassen.nl\/de\/#website"},"primaryImageOfPage":{"@id":"https:\/\/dev.eliassen.nl\/de\/metallstatue-der-libelle\/#primaryimage"},"image":{"@id":"https:\/\/dev.eliassen.nl\/de\/metallstatue-der-libelle\/#primaryimage"},"thumbnailUrl":"https:\/\/dev.eliassen.nl\/wp-content\/uploads\/2024\/01\/metalenbeeldlibelleeliassennl.jpg","datePublished":"2021-11-30T13:21:12+00:00","dateModified":"2024-12-05T14:56:34+00:00","description":"Libellenstatue aus Metall in wundersch\u00f6nen Blau- und Braunt\u00f6nen als Dekoration f\u00fcr Ihr Zuhause, Ihren Garten oder Ihr B\u00fcro. Sehen Sie sich auch unsere andere...","breadcrumb":{"@id":"https:\/\/dev.eliassen.nl\/de\/metallstatue-der-libelle\/#breadcrumb"},"inLanguage":"de","potentialAction":[{"@type":"ReadAction","target":["https:\/\/dev.eliassen.nl\/de\/metallstatue-der-libelle\/"]}]},{"@type":"ImageObject","inLanguage":"de","@id":"https:\/\/dev.eliassen.nl\/de\/metallstatue-der-libelle\/#primaryimage","url":"https:\/\/dev.eliassen.nl\/wp-content\/uploads\/2024\/01\/metalenbeeldlibelleeliassennl.jpg","contentUrl":"https:\/\/dev.eliassen.nl\/wp-content\/uploads\/2024\/01\/metalenbeeldlibelleeliassennl.jpg","width":1000,"height":1021,"caption":"Metalen beeld Libelle | Eliassen.nl"},{"@type":"BreadcrumbList","@id":"https:\/\/dev.eliassen.nl\/de\/metallstatue-der-libelle\/#breadcrumb","itemListElement":[{"@type":"ListItem","position":1,"name":"Home","item":"https:\/\/dev.eliassen.nl\/de\/"},{"@type":"ListItem","position":2,"name":"Shop","item":"https:\/\/dev.eliassen.nl\/nl\/winkel\/"},{"@type":"ListItem","position":3,"name":"Dekoration aus Metall","item":"https:\/\/dev.eliassen.nl\/de\/dekoration-aus-metall\/"},{"@type":"ListItem","position":4,"name":"Dekofiguren aus Metall","item":"https:\/\/dev.eliassen.nl\/de\/dekoration-aus-metall\/dekofiguren-aus-metall\/"},{"@type":"ListItem","position":5,"name":"Metallstatue der Libelle"}]},{"@type":"WebSite","@id":"https:\/\/dev.eliassen.nl\/de\/#website","url":"https:\/\/dev.eliassen.nl\/de\/","name":"Eliassen Home & Garden Pleasure","description":"","publisher":{"@id":"https:\/\/dev.eliassen.nl\/de\/#organization"},"alternateName":"Eliassen.nl","potentialAction":[{"@type":"SearchAction","target":{"@type":"EntryPoint","urlTemplate":"https:\/\/dev.eliassen.nl\/de\/?s={search_term_string}"},"query-input":{"@type":"PropertyValueSpecification","valueRequired":true,"valueName":"search_term_string"}}],"inLanguage":"de"},{"@type":"Organization","@id":"https:\/\/dev.eliassen.nl\/de\/#organization","name":"Eliassen Home & Garden Pleasure","url":"https:\/\/dev.eliassen.nl\/de\/","logo":{"@type":"ImageObject","inLanguage":"de","@id":"https:\/\/dev.eliassen.nl\/de\/#\/schema\/logo\/image\/","url":"https:\/\/www.eliassen.nl\/wp-content\/uploads\/2024\/01\/logo_4nd.jpg","contentUrl":"https:\/\/www.eliassen.nl\/wp-content\/uploads\/2024\/01\/logo_4nd.jpg","width":500,"height":500,"caption":"Eliassen Home & Garden Pleasure"},"image":{"@id":"https:\/\/dev.eliassen.nl\/de\/#\/schema\/logo\/image\/"},"sameAs":["https:\/\/www.facebook.com\/TuincentrumEliassenAmmerzoden","https:\/\/www.instagram.com\/eliassenhomeandgarden\/","https:\/\/nl.pinterest.com\/eliassenhomeandgarden\/","https:\/\/www.youtube.com\/@eliassenhomegardenpleasure4558"]}]}},"df_price":38.5,"df_sale_price":"","df_regular_price":38.5,"df_image_link":"https:\/\/dev.eliassen.nl\/wp-content\/uploads\/2024\/01\/metalenbeeldlibelleeliassennl.jpg","image":"https:\/\/dev.eliassen.nl\/wp-content\/uploads\/2024\/01\/metalenbeeldlibelleeliassennl.jpg","price_search":"<span class=\"woocommerce-Price-amount amount\"><bdi><span class=\"woocommerce-Price-currencySymbol\">&euro;<\/span>&nbsp;38,50<\/bdi><\/span>","category":"Dekofiguren aus Metall","_links":{"self":[{"href":"https:\/\/dev.eliassen.nl\/de\/wp-json\/wp\/v2\/product\/66799","targetHints":{"allow":["GET"]}}],"collection":[{"href":"https:\/\/dev.eliassen.nl\/de\/wp-json\/wp\/v2\/product"}],"about":[{"href":"https:\/\/dev.eliassen.nl\/de\/wp-json\/wp\/v2\/types\/product"}],"wp:featuredmedia":[{"embeddable":true,"href":"https:\/\/dev.eliassen.nl\/de\/wp-json\/wp\/v2\/media\/66784"}],"wp:attachment":[{"href":"https:\/\/dev.eliassen.nl\/de\/wp-json\/wp\/v2\/media?parent=66799"}],"wp:term":[{"taxonomy":"product_brand","embeddable":true,"href":"https:\/\/dev.eliassen.nl\/de\/wp-json\/wp\/v2\/product_brand?post=66799"},{"taxonomy":"product_cat","embeddable":true,"href":"https:\/\/dev.eliassen.nl\/de\/wp-json\/wp\/v2\/product_cat?post=66799"},{"taxonomy":"product_tag","embeddable":true,"href":"https:\/\/dev.eliassen.nl\/de\/wp-json\/wp\/v2\/product_tag?post=66799"}],"curies":[{"name":"wp","href":"https:\/\/api.w.org\/{rel}","templated":true}]}}