{"id":66940,"date":"2021-12-10T11:05:54","date_gmt":"2021-12-10T10:05:54","guid":{"rendered":"https:\/\/www.eliassen.nl\/?product=sokkel-massief-eiken-20x20x90cm"},"modified":"2024-12-05T15:56:40","modified_gmt":"2024-12-05T14:56:40","slug":"sockel-eiche-massiv-20x20x90cm","status":"publish","type":"product","link":"https:\/\/dev.eliassen.nl\/de\/sockel-eiche-massiv-20x20x90cm\/","title":{"rendered":"Sockel Eiche massiv 20x20x90cm"},"content":{"rendered":"<p>Neu in unserem ohnehin schon riesigen Sortiment an S\u00e4ulen und Sockeln sind diese S\u00e4ulen aus massiver Eiche.<\/p>\n<p>Diese S\u00e4ulen sind sauber geschliffen und haben eine Fl\u00e4chengr\u00f6\u00dfe von 20x20cm.<\/p>\n<p>Bei diesen S\u00e4ulen aus diesem massiven Eichenmaterial k\u00f6nnen Risse, \u00c4ste oder andere Unregelm\u00e4\u00dfigkeiten auftreten. Genau das ist ein charakteristisches Merkmal dieses Materials. Da eine Reklamation nicht m\u00f6glich ist, raten wir Ihnen, sich in unserem Gesch\u00e4ft einen Kiosk zu suchen. Wenn Sie m\u00f6chten, k\u00f6nnen Sie diesen Sockeln einfach eine Farbe geben.<\/p>\n<p><span style=\"color: #ff0000;\">ACHTUNG: Die 2 eisernen Festmacherringe sind ein extra Zubeh\u00f6r von 17,50<\/span><\/p>\n<p><span style=\"color: #ff0000;\">Sie k\u00f6nnen anklicken, was Sie wollen.<\/span><\/p>\n<ul>\n<li>Gr\u00f6\u00dfe: 20 x 20 x 90 cm hoch<\/li>\n<li>Material: Massives Eichenholz<\/li>\n<li>Ausgestattet mit Filzen zum Bodenschutz<\/li>\n<li>Kann rein und raus<\/li>\n<li>Ab Lager verf\u00fcgbar.<\/li>\n<\/ul>\n","protected":false},"excerpt":{"rendered":"<p>Neu in unserem ohnehin schon riesigen Sortiment an S\u00e4ulen und Sockeln sind diese S\u00e4ulen aus massiver Eiche. Diese S\u00e4ulen sind sauber geschliffen und haben eine Fl\u00e4chengr\u00f6\u00dfe von 20x20cm. Bei diesen S\u00e4ulen aus diesem massiven Eichenmaterial k\u00f6nnen Risse, \u00c4ste oder andere Unregelm\u00e4\u00dfigkeiten auftreten. Genau das ist ein charakteristisches Merkmal dieses Materials. Da eine Reklamation nicht m\u00f6glich &hellip;<\/p>\n","protected":false},"featured_media":66904,"template":"","meta":{"_acf_changed":false},"product_brand":[],"product_cat":[794,782],"product_tag":[],"class_list":{"0":"post-66940","1":"product","2":"type-product","3":"status-publish","4":"has-post-thumbnail","6":"product_cat-holzsockel","7":"product_cat-sockel","9":"first","10":"outofstock","11":"taxable","12":"shipping-taxable","13":"purchasable","14":"product-type-simple"},"acf":[],"yoast_head":"<!-- This site is optimized with the Yoast SEO plugin v23.8 - https:\/\/yoast.com\/wordpress\/plugins\/seo\/ -->\n<title>Sockel aus massiver Eiche Sockel | 20x20x90cm | Eliassen.nl<\/title>\n<meta name=\"description\" content=\"Sie finden bei uns massive Eichens\u00e4ulen in verschiedenen Gr\u00f6\u00dfen und Materialien. Sehen Sie sich unseren gesamten Lagerbestand in unserem Webshop oder LIVE in...\" \/>\n<meta name=\"robots\" content=\"noindex, follow, max-snippet:-1, max-image-preview:large, max-video-preview:-1\" \/>\n<meta property=\"og:locale\" content=\"de_DE\" \/>\n<meta property=\"og:type\" content=\"article\" \/>\n<meta property=\"og:title\" content=\"Sockel aus massiver Eiche Sockel | 20x20x90cm | Eliassen.nl\" \/>\n<meta property=\"og:description\" content=\"Sie finden bei uns massive Eichens\u00e4ulen in verschiedenen Gr\u00f6\u00dfen und Materialien. Sehen Sie sich unseren gesamten Lagerbestand in unserem Webshop oder LIVE in...\" \/>\n<meta property=\"og:url\" content=\"https:\/\/dev.eliassen.nl\/de\/sockel-eiche-massiv-20x20x90cm\/\" \/>\n<meta property=\"og:site_name\" content=\"Eliassen.nl\" \/>\n<meta property=\"article:publisher\" content=\"https:\/\/www.facebook.com\/TuincentrumEliassenAmmerzoden\" \/>\n<meta property=\"article:modified_time\" content=\"2024-12-05T14:56:40+00:00\" \/>\n<meta property=\"og:image\" content=\"https:\/\/dev.eliassen.nl\/wp-content\/uploads\/2024\/01\/mijnproject20220930t091627533_2nd.png\" \/>\n\t<meta property=\"og:image:width\" content=\"358\" \/>\n\t<meta property=\"og:image:height\" content=\"1000\" \/>\n\t<meta property=\"og:image:type\" content=\"image\/png\" \/>\n<meta name=\"twitter:card\" content=\"summary_large_image\" \/>\n<script type=\"application\/ld+json\" class=\"yoast-schema-graph\">{\"@context\":\"https:\/\/schema.org\",\"@graph\":[{\"@type\":\"WebPage\",\"@id\":\"https:\/\/dev.eliassen.nl\/de\/sockel-eiche-massiv-20x20x90cm\/\",\"url\":\"https:\/\/dev.eliassen.nl\/de\/sockel-eiche-massiv-20x20x90cm\/\",\"name\":\"Sockel aus massiver Eiche Sockel | 20x20x90cm | Eliassen.nl\",\"isPartOf\":{\"@id\":\"https:\/\/dev.eliassen.nl\/de\/#website\"},\"primaryImageOfPage\":{\"@id\":\"https:\/\/dev.eliassen.nl\/de\/sockel-eiche-massiv-20x20x90cm\/#primaryimage\"},\"image\":{\"@id\":\"https:\/\/dev.eliassen.nl\/de\/sockel-eiche-massiv-20x20x90cm\/#primaryimage\"},\"thumbnailUrl\":\"https:\/\/dev.eliassen.nl\/wp-content\/uploads\/2024\/01\/mijnproject20220930t091627533_2nd.png\",\"datePublished\":\"2021-12-10T10:05:54+00:00\",\"dateModified\":\"2024-12-05T14:56:40+00:00\",\"description\":\"Sie finden bei uns massive Eichens\u00e4ulen in verschiedenen Gr\u00f6\u00dfen und Materialien. Sehen Sie sich unseren gesamten Lagerbestand in unserem Webshop oder LIVE in...\",\"breadcrumb\":{\"@id\":\"https:\/\/dev.eliassen.nl\/de\/sockel-eiche-massiv-20x20x90cm\/#breadcrumb\"},\"inLanguage\":\"de\",\"potentialAction\":[{\"@type\":\"ReadAction\",\"target\":[\"https:\/\/dev.eliassen.nl\/de\/sockel-eiche-massiv-20x20x90cm\/\"]}]},{\"@type\":\"ImageObject\",\"inLanguage\":\"de\",\"@id\":\"https:\/\/dev.eliassen.nl\/de\/sockel-eiche-massiv-20x20x90cm\/#primaryimage\",\"url\":\"https:\/\/dev.eliassen.nl\/wp-content\/uploads\/2024\/01\/mijnproject20220930t091627533_2nd.png\",\"contentUrl\":\"https:\/\/dev.eliassen.nl\/wp-content\/uploads\/2024\/01\/mijnproject20220930t091627533_2nd.png\",\"width\":358,\"height\":1000,\"caption\":\"Mijn project - 2022-09-30T091627.533\"},{\"@type\":\"BreadcrumbList\",\"@id\":\"https:\/\/dev.eliassen.nl\/de\/sockel-eiche-massiv-20x20x90cm\/#breadcrumb\",\"itemListElement\":[{\"@type\":\"ListItem\",\"position\":1,\"name\":\"Home\",\"item\":\"https:\/\/dev.eliassen.nl\/de\/\"},{\"@type\":\"ListItem\",\"position\":2,\"name\":\"Shop\",\"item\":\"https:\/\/dev.eliassen.nl\/nl\/winkel\/\"},{\"@type\":\"ListItem\",\"position\":3,\"name\":\"Sockel\",\"item\":\"https:\/\/dev.eliassen.nl\/de\/sockel\/\"},{\"@type\":\"ListItem\",\"position\":4,\"name\":\"Holzsockel\",\"item\":\"https:\/\/dev.eliassen.nl\/de\/sockel\/holzsockel\/\"},{\"@type\":\"ListItem\",\"position\":5,\"name\":\"Sockel Eiche massiv 20x20x90cm\"}]},{\"@type\":\"WebSite\",\"@id\":\"https:\/\/dev.eliassen.nl\/de\/#website\",\"url\":\"https:\/\/dev.eliassen.nl\/de\/\",\"name\":\"Eliassen Home & Garden Pleasure\",\"description\":\"\",\"publisher\":{\"@id\":\"https:\/\/dev.eliassen.nl\/de\/#organization\"},\"alternateName\":\"Eliassen.nl\",\"potentialAction\":[{\"@type\":\"SearchAction\",\"target\":{\"@type\":\"EntryPoint\",\"urlTemplate\":\"https:\/\/dev.eliassen.nl\/de\/?s={search_term_string}\"},\"query-input\":{\"@type\":\"PropertyValueSpecification\",\"valueRequired\":true,\"valueName\":\"search_term_string\"}}],\"inLanguage\":\"de\"},{\"@type\":\"Organization\",\"@id\":\"https:\/\/dev.eliassen.nl\/de\/#organization\",\"name\":\"Eliassen Home & Garden Pleasure\",\"url\":\"https:\/\/dev.eliassen.nl\/de\/\",\"logo\":{\"@type\":\"ImageObject\",\"inLanguage\":\"de\",\"@id\":\"https:\/\/dev.eliassen.nl\/de\/#\/schema\/logo\/image\/\",\"url\":\"https:\/\/www.eliassen.nl\/wp-content\/uploads\/2024\/01\/logo_4nd.jpg\",\"contentUrl\":\"https:\/\/www.eliassen.nl\/wp-content\/uploads\/2024\/01\/logo_4nd.jpg\",\"width\":500,\"height\":500,\"caption\":\"Eliassen Home & Garden Pleasure\"},\"image\":{\"@id\":\"https:\/\/dev.eliassen.nl\/de\/#\/schema\/logo\/image\/\"},\"sameAs\":[\"https:\/\/www.facebook.com\/TuincentrumEliassenAmmerzoden\",\"https:\/\/www.instagram.com\/eliassenhomeandgarden\/\",\"https:\/\/nl.pinterest.com\/eliassenhomeandgarden\/\",\"https:\/\/www.youtube.com\/@eliassenhomegardenpleasure4558\"]}]}<\/script>\n<!-- \/ Yoast SEO plugin. -->","yoast_head_json":{"title":"Sockel aus massiver Eiche Sockel | 20x20x90cm | Eliassen.nl","description":"Sie finden bei uns massive Eichens\u00e4ulen in verschiedenen Gr\u00f6\u00dfen und Materialien. Sehen Sie sich unseren gesamten Lagerbestand in unserem Webshop oder LIVE in...","robots":{"index":"noindex","follow":"follow","max-snippet":"max-snippet:-1","max-image-preview":"max-image-preview:large","max-video-preview":"max-video-preview:-1"},"og_locale":"de_DE","og_type":"article","og_title":"Sockel aus massiver Eiche Sockel | 20x20x90cm | Eliassen.nl","og_description":"Sie finden bei uns massive Eichens\u00e4ulen in verschiedenen Gr\u00f6\u00dfen und Materialien. Sehen Sie sich unseren gesamten Lagerbestand in unserem Webshop oder LIVE in...","og_url":"https:\/\/dev.eliassen.nl\/de\/sockel-eiche-massiv-20x20x90cm\/","og_site_name":"Eliassen.nl","article_publisher":"https:\/\/www.facebook.com\/TuincentrumEliassenAmmerzoden","article_modified_time":"2024-12-05T14:56:40+00:00","og_image":[{"width":358,"height":1000,"url":"https:\/\/dev.eliassen.nl\/wp-content\/uploads\/2024\/01\/mijnproject20220930t091627533_2nd.png","type":"image\/png"}],"twitter_card":"summary_large_image","schema":{"@context":"https:\/\/schema.org","@graph":[{"@type":"WebPage","@id":"https:\/\/dev.eliassen.nl\/de\/sockel-eiche-massiv-20x20x90cm\/","url":"https:\/\/dev.eliassen.nl\/de\/sockel-eiche-massiv-20x20x90cm\/","name":"Sockel aus massiver Eiche Sockel | 20x20x90cm | Eliassen.nl","isPartOf":{"@id":"https:\/\/dev.eliassen.nl\/de\/#website"},"primaryImageOfPage":{"@id":"https:\/\/dev.eliassen.nl\/de\/sockel-eiche-massiv-20x20x90cm\/#primaryimage"},"image":{"@id":"https:\/\/dev.eliassen.nl\/de\/sockel-eiche-massiv-20x20x90cm\/#primaryimage"},"thumbnailUrl":"https:\/\/dev.eliassen.nl\/wp-content\/uploads\/2024\/01\/mijnproject20220930t091627533_2nd.png","datePublished":"2021-12-10T10:05:54+00:00","dateModified":"2024-12-05T14:56:40+00:00","description":"Sie finden bei uns massive Eichens\u00e4ulen in verschiedenen Gr\u00f6\u00dfen und Materialien. Sehen Sie sich unseren gesamten Lagerbestand in unserem Webshop oder LIVE in...","breadcrumb":{"@id":"https:\/\/dev.eliassen.nl\/de\/sockel-eiche-massiv-20x20x90cm\/#breadcrumb"},"inLanguage":"de","potentialAction":[{"@type":"ReadAction","target":["https:\/\/dev.eliassen.nl\/de\/sockel-eiche-massiv-20x20x90cm\/"]}]},{"@type":"ImageObject","inLanguage":"de","@id":"https:\/\/dev.eliassen.nl\/de\/sockel-eiche-massiv-20x20x90cm\/#primaryimage","url":"https:\/\/dev.eliassen.nl\/wp-content\/uploads\/2024\/01\/mijnproject20220930t091627533_2nd.png","contentUrl":"https:\/\/dev.eliassen.nl\/wp-content\/uploads\/2024\/01\/mijnproject20220930t091627533_2nd.png","width":358,"height":1000,"caption":"Mijn project - 2022-09-30T091627.533"},{"@type":"BreadcrumbList","@id":"https:\/\/dev.eliassen.nl\/de\/sockel-eiche-massiv-20x20x90cm\/#breadcrumb","itemListElement":[{"@type":"ListItem","position":1,"name":"Home","item":"https:\/\/dev.eliassen.nl\/de\/"},{"@type":"ListItem","position":2,"name":"Shop","item":"https:\/\/dev.eliassen.nl\/nl\/winkel\/"},{"@type":"ListItem","position":3,"name":"Sockel","item":"https:\/\/dev.eliassen.nl\/de\/sockel\/"},{"@type":"ListItem","position":4,"name":"Holzsockel","item":"https:\/\/dev.eliassen.nl\/de\/sockel\/holzsockel\/"},{"@type":"ListItem","position":5,"name":"Sockel Eiche massiv 20x20x90cm"}]},{"@type":"WebSite","@id":"https:\/\/dev.eliassen.nl\/de\/#website","url":"https:\/\/dev.eliassen.nl\/de\/","name":"Eliassen Home & Garden Pleasure","description":"","publisher":{"@id":"https:\/\/dev.eliassen.nl\/de\/#organization"},"alternateName":"Eliassen.nl","potentialAction":[{"@type":"SearchAction","target":{"@type":"EntryPoint","urlTemplate":"https:\/\/dev.eliassen.nl\/de\/?s={search_term_string}"},"query-input":{"@type":"PropertyValueSpecification","valueRequired":true,"valueName":"search_term_string"}}],"inLanguage":"de"},{"@type":"Organization","@id":"https:\/\/dev.eliassen.nl\/de\/#organization","name":"Eliassen Home & Garden Pleasure","url":"https:\/\/dev.eliassen.nl\/de\/","logo":{"@type":"ImageObject","inLanguage":"de","@id":"https:\/\/dev.eliassen.nl\/de\/#\/schema\/logo\/image\/","url":"https:\/\/www.eliassen.nl\/wp-content\/uploads\/2024\/01\/logo_4nd.jpg","contentUrl":"https:\/\/www.eliassen.nl\/wp-content\/uploads\/2024\/01\/logo_4nd.jpg","width":500,"height":500,"caption":"Eliassen Home & Garden Pleasure"},"image":{"@id":"https:\/\/dev.eliassen.nl\/de\/#\/schema\/logo\/image\/"},"sameAs":["https:\/\/www.facebook.com\/TuincentrumEliassenAmmerzoden","https:\/\/www.instagram.com\/eliassenhomeandgarden\/","https:\/\/nl.pinterest.com\/eliassenhomeandgarden\/","https:\/\/www.youtube.com\/@eliassenhomegardenpleasure4558"]}]}},"df_price":155,"df_sale_price":"","df_regular_price":155,"df_image_link":"https:\/\/dev.eliassen.nl\/wp-content\/uploads\/2024\/01\/mijnproject20220930t091627533_2nd.png","image":"https:\/\/dev.eliassen.nl\/wp-content\/uploads\/2024\/01\/mijnproject20220930t091627533_2nd.png","price_search":"<span class=\"woocommerce-Price-amount amount\"><bdi><span class=\"woocommerce-Price-currencySymbol\">&euro;<\/span>&nbsp;155,00<\/bdi><\/span>","category":"Holzsockel","_links":{"self":[{"href":"https:\/\/dev.eliassen.nl\/de\/wp-json\/wp\/v2\/product\/66940","targetHints":{"allow":["GET"]}}],"collection":[{"href":"https:\/\/dev.eliassen.nl\/de\/wp-json\/wp\/v2\/product"}],"about":[{"href":"https:\/\/dev.eliassen.nl\/de\/wp-json\/wp\/v2\/types\/product"}],"wp:featuredmedia":[{"embeddable":true,"href":"https:\/\/dev.eliassen.nl\/de\/wp-json\/wp\/v2\/media\/66904"}],"wp:attachment":[{"href":"https:\/\/dev.eliassen.nl\/de\/wp-json\/wp\/v2\/media?parent=66940"}],"wp:term":[{"taxonomy":"product_brand","embeddable":true,"href":"https:\/\/dev.eliassen.nl\/de\/wp-json\/wp\/v2\/product_brand?post=66940"},{"taxonomy":"product_cat","embeddable":true,"href":"https:\/\/dev.eliassen.nl\/de\/wp-json\/wp\/v2\/product_cat?post=66940"},{"taxonomy":"product_tag","embeddable":true,"href":"https:\/\/dev.eliassen.nl\/de\/wp-json\/wp\/v2\/product_tag?post=66940"}],"curies":[{"name":"wp","href":"https:\/\/api.w.org\/{rel}","templated":true}]}}