{"id":66973,"date":"2021-12-10T11:28:44","date_gmt":"2021-12-10T10:28:44","guid":{"rendered":"https:\/\/www.eliassen.nl\/?product=sokkel-massief-douglas-25x25x70cm"},"modified":"2024-12-05T15:56:41","modified_gmt":"2024-12-05T14:56:41","slug":"holzsockel-massiv-douglasie-25x25x70cm","status":"publish","type":"product","link":"https:\/\/dev.eliassen.nl\/de\/holzsockel-massiv-douglasie-25x25x70cm\/","title":{"rendered":"Holzsockel massiv Douglasie 25x25x70cm"},"content":{"rendered":"<p>Neu in unserem ohnehin schon riesigen Sortiment an S\u00e4ulen und Sockeln sind diese S\u00e4ulen aus massivem Douglasienholz mit seiner groben Maserung.<\/p>\n<p>Diese S\u00e4ulen sind geschliffen, haben eine Fl\u00e4chengr\u00f6\u00dfe von 25x25cm !!<\/p>\n<p>Bei diesen S\u00e4ulen aus diesem massiven Douglasienholzmaterial k\u00f6nnen Risse entstehen bzw. auftreten. <strong>Besonders im Innenbereich k\u00f6nnen diese Risse gro\u00df werden,<\/strong> oder es k\u00f6nnen sich stellenweise Harz, \u00c4ste oder andere Unregelm\u00e4\u00dfigkeiten bilden. Genau das ist ein charakteristisches Merkmal dieses Materials. Da dies nicht reklamiert werden kann, raten wir Ihnen, eine S\u00e4ule in unserem Shop zu w\u00e4hlen, da das Aussehen und die Zeichnung der Maserung immer anders sind. Auf Wunsch k\u00f6nnen Sie diesen Sockeln einfach eine Farbe geben, au\u00dfen verf\u00e4rbt sich diese Holzart unbehandelt grau, was ebenfalls seinen eigenen Charme hat<\/p>\n<p><span style=\"color: #ff0000;\">ACHTUNG: Die 2 eisernen Festmacherringe sind ein extra Zubeh\u00f6r von 17,50<\/span><\/p>\n<p><span style=\"color: #ff0000;\">Sie k\u00f6nnen anklicken, was Sie wollen.<\/span><\/p>\n<ul>\n<li>Gr\u00f6\u00dfe: 25 x 25 x 70 cm hoch<\/li>\n<li>Material: Massives Douglasienholz<\/li>\n<li>Ausgestattet mit Filzen zum Bodenschutz<\/li>\n<li>Kann rein und raus<\/li>\n<li>Erh\u00e4ltlich aus unserem eigenen Lager.<\/li>\n<\/ul>\n","protected":false},"excerpt":{"rendered":"<p>Neu in unserem ohnehin schon riesigen Sortiment an S\u00e4ulen und Sockeln sind diese S\u00e4ulen aus massivem Douglasienholz mit seiner groben Maserung. Diese S\u00e4ulen sind geschliffen, haben eine Fl\u00e4chengr\u00f6\u00dfe von 25x25cm !! Bei diesen S\u00e4ulen aus diesem massiven Douglasienholzmaterial k\u00f6nnen Risse entstehen bzw. auftreten. Besonders im Innenbereich k\u00f6nnen diese Risse gro\u00df werden, oder es k\u00f6nnen sich &hellip;<\/p>\n","protected":false},"featured_media":66943,"template":"","meta":{"_acf_changed":false},"product_brand":[],"product_cat":[794,782],"product_tag":[],"class_list":{"0":"post-66973","1":"product","2":"type-product","3":"status-publish","4":"has-post-thumbnail","6":"product_cat-holzsockel","7":"product_cat-sockel","9":"first","10":"instock","11":"taxable","12":"shipping-taxable","13":"purchasable","14":"product-type-simple"},"acf":[],"yoast_head":"<!-- This site is optimized with the Yoast SEO plugin v23.8 - https:\/\/yoast.com\/wordpress\/plugins\/seo\/ -->\n<title>Holzsockel massiv Douglasie | 25x25x70cm | Eliassen.nl<\/title>\n<meta name=\"description\" content=\"Kaufen Sie einen Holzsockel? Schauen Sie sich dieses Beispiel an, das sowohl f\u00fcr den Innen- als auch f\u00fcr den Au\u00dfenbereich geeignet ist. Sie finden Holzsockel...\" \/>\n<meta name=\"robots\" content=\"noindex, follow, max-snippet:-1, max-image-preview:large, max-video-preview:-1\" \/>\n<meta property=\"og:locale\" content=\"de_DE\" \/>\n<meta property=\"og:type\" content=\"article\" \/>\n<meta property=\"og:title\" content=\"Holzsockel massiv Douglasie | 25x25x70cm | Eliassen.nl\" \/>\n<meta property=\"og:description\" content=\"Kaufen Sie einen Holzsockel? Schauen Sie sich dieses Beispiel an, das sowohl f\u00fcr den Innen- als auch f\u00fcr den Au\u00dfenbereich geeignet ist. Sie finden Holzsockel...\" \/>\n<meta property=\"og:url\" content=\"https:\/\/dev.eliassen.nl\/de\/holzsockel-massiv-douglasie-25x25x70cm\/\" \/>\n<meta property=\"og:site_name\" content=\"Eliassen.nl\" \/>\n<meta property=\"article:publisher\" content=\"https:\/\/www.facebook.com\/TuincentrumEliassenAmmerzoden\" \/>\n<meta property=\"article:modified_time\" content=\"2024-12-05T14:56:41+00:00\" \/>\n<meta property=\"og:image\" content=\"https:\/\/dev.eliassen.nl\/wp-content\/uploads\/2024\/01\/mijnproject20220930t092500145.png\" \/>\n\t<meta property=\"og:image:width\" content=\"563\" \/>\n\t<meta property=\"og:image:height\" content=\"1000\" \/>\n\t<meta property=\"og:image:type\" content=\"image\/png\" \/>\n<meta name=\"twitter:card\" content=\"summary_large_image\" \/>\n<script type=\"application\/ld+json\" class=\"yoast-schema-graph\">{\"@context\":\"https:\/\/schema.org\",\"@graph\":[{\"@type\":\"WebPage\",\"@id\":\"https:\/\/dev.eliassen.nl\/de\/holzsockel-massiv-douglasie-25x25x70cm\/\",\"url\":\"https:\/\/dev.eliassen.nl\/de\/holzsockel-massiv-douglasie-25x25x70cm\/\",\"name\":\"Holzsockel massiv Douglasie | 25x25x70cm | Eliassen.nl\",\"isPartOf\":{\"@id\":\"https:\/\/dev.eliassen.nl\/de\/#website\"},\"primaryImageOfPage\":{\"@id\":\"https:\/\/dev.eliassen.nl\/de\/holzsockel-massiv-douglasie-25x25x70cm\/#primaryimage\"},\"image\":{\"@id\":\"https:\/\/dev.eliassen.nl\/de\/holzsockel-massiv-douglasie-25x25x70cm\/#primaryimage\"},\"thumbnailUrl\":\"https:\/\/dev.eliassen.nl\/wp-content\/uploads\/2024\/01\/mijnproject20220930t092500145.png\",\"datePublished\":\"2021-12-10T10:28:44+00:00\",\"dateModified\":\"2024-12-05T14:56:41+00:00\",\"description\":\"Kaufen Sie einen Holzsockel? Schauen Sie sich dieses Beispiel an, das sowohl f\u00fcr den Innen- als auch f\u00fcr den Au\u00dfenbereich geeignet ist. Sie finden Holzsockel...\",\"breadcrumb\":{\"@id\":\"https:\/\/dev.eliassen.nl\/de\/holzsockel-massiv-douglasie-25x25x70cm\/#breadcrumb\"},\"inLanguage\":\"de\",\"potentialAction\":[{\"@type\":\"ReadAction\",\"target\":[\"https:\/\/dev.eliassen.nl\/de\/holzsockel-massiv-douglasie-25x25x70cm\/\"]}]},{\"@type\":\"ImageObject\",\"inLanguage\":\"de\",\"@id\":\"https:\/\/dev.eliassen.nl\/de\/holzsockel-massiv-douglasie-25x25x70cm\/#primaryimage\",\"url\":\"https:\/\/dev.eliassen.nl\/wp-content\/uploads\/2024\/01\/mijnproject20220930t092500145.png\",\"contentUrl\":\"https:\/\/dev.eliassen.nl\/wp-content\/uploads\/2024\/01\/mijnproject20220930t092500145.png\",\"width\":563,\"height\":1000,\"caption\":\"Mijn project - 2022-09-30T092500.145\"},{\"@type\":\"BreadcrumbList\",\"@id\":\"https:\/\/dev.eliassen.nl\/de\/holzsockel-massiv-douglasie-25x25x70cm\/#breadcrumb\",\"itemListElement\":[{\"@type\":\"ListItem\",\"position\":1,\"name\":\"Home\",\"item\":\"https:\/\/dev.eliassen.nl\/de\/\"},{\"@type\":\"ListItem\",\"position\":2,\"name\":\"Shop\",\"item\":\"https:\/\/dev.eliassen.nl\/nl\/winkel\/\"},{\"@type\":\"ListItem\",\"position\":3,\"name\":\"Sockel\",\"item\":\"https:\/\/dev.eliassen.nl\/de\/sockel\/\"},{\"@type\":\"ListItem\",\"position\":4,\"name\":\"Holzsockel\",\"item\":\"https:\/\/dev.eliassen.nl\/de\/sockel\/holzsockel\/\"},{\"@type\":\"ListItem\",\"position\":5,\"name\":\"Holzsockel massiv Douglasie 25x25x70cm\"}]},{\"@type\":\"WebSite\",\"@id\":\"https:\/\/dev.eliassen.nl\/de\/#website\",\"url\":\"https:\/\/dev.eliassen.nl\/de\/\",\"name\":\"Eliassen Home & Garden Pleasure\",\"description\":\"\",\"publisher\":{\"@id\":\"https:\/\/dev.eliassen.nl\/de\/#organization\"},\"alternateName\":\"Eliassen.nl\",\"potentialAction\":[{\"@type\":\"SearchAction\",\"target\":{\"@type\":\"EntryPoint\",\"urlTemplate\":\"https:\/\/dev.eliassen.nl\/de\/?s={search_term_string}\"},\"query-input\":{\"@type\":\"PropertyValueSpecification\",\"valueRequired\":true,\"valueName\":\"search_term_string\"}}],\"inLanguage\":\"de\"},{\"@type\":\"Organization\",\"@id\":\"https:\/\/dev.eliassen.nl\/de\/#organization\",\"name\":\"Eliassen Home & Garden Pleasure\",\"url\":\"https:\/\/dev.eliassen.nl\/de\/\",\"logo\":{\"@type\":\"ImageObject\",\"inLanguage\":\"de\",\"@id\":\"https:\/\/dev.eliassen.nl\/de\/#\/schema\/logo\/image\/\",\"url\":\"https:\/\/www.eliassen.nl\/wp-content\/uploads\/2024\/01\/logo_4nd.jpg\",\"contentUrl\":\"https:\/\/www.eliassen.nl\/wp-content\/uploads\/2024\/01\/logo_4nd.jpg\",\"width\":500,\"height\":500,\"caption\":\"Eliassen Home & Garden Pleasure\"},\"image\":{\"@id\":\"https:\/\/dev.eliassen.nl\/de\/#\/schema\/logo\/image\/\"},\"sameAs\":[\"https:\/\/www.facebook.com\/TuincentrumEliassenAmmerzoden\",\"https:\/\/www.instagram.com\/eliassenhomeandgarden\/\",\"https:\/\/nl.pinterest.com\/eliassenhomeandgarden\/\",\"https:\/\/www.youtube.com\/@eliassenhomegardenpleasure4558\"]}]}<\/script>\n<!-- \/ Yoast SEO plugin. -->","yoast_head_json":{"title":"Holzsockel massiv Douglasie | 25x25x70cm | Eliassen.nl","description":"Kaufen Sie einen Holzsockel? Schauen Sie sich dieses Beispiel an, das sowohl f\u00fcr den Innen- als auch f\u00fcr den Au\u00dfenbereich geeignet ist. Sie finden Holzsockel...","robots":{"index":"noindex","follow":"follow","max-snippet":"max-snippet:-1","max-image-preview":"max-image-preview:large","max-video-preview":"max-video-preview:-1"},"og_locale":"de_DE","og_type":"article","og_title":"Holzsockel massiv Douglasie | 25x25x70cm | Eliassen.nl","og_description":"Kaufen Sie einen Holzsockel? Schauen Sie sich dieses Beispiel an, das sowohl f\u00fcr den Innen- als auch f\u00fcr den Au\u00dfenbereich geeignet ist. Sie finden Holzsockel...","og_url":"https:\/\/dev.eliassen.nl\/de\/holzsockel-massiv-douglasie-25x25x70cm\/","og_site_name":"Eliassen.nl","article_publisher":"https:\/\/www.facebook.com\/TuincentrumEliassenAmmerzoden","article_modified_time":"2024-12-05T14:56:41+00:00","og_image":[{"width":563,"height":1000,"url":"https:\/\/dev.eliassen.nl\/wp-content\/uploads\/2024\/01\/mijnproject20220930t092500145.png","type":"image\/png"}],"twitter_card":"summary_large_image","schema":{"@context":"https:\/\/schema.org","@graph":[{"@type":"WebPage","@id":"https:\/\/dev.eliassen.nl\/de\/holzsockel-massiv-douglasie-25x25x70cm\/","url":"https:\/\/dev.eliassen.nl\/de\/holzsockel-massiv-douglasie-25x25x70cm\/","name":"Holzsockel massiv Douglasie | 25x25x70cm | Eliassen.nl","isPartOf":{"@id":"https:\/\/dev.eliassen.nl\/de\/#website"},"primaryImageOfPage":{"@id":"https:\/\/dev.eliassen.nl\/de\/holzsockel-massiv-douglasie-25x25x70cm\/#primaryimage"},"image":{"@id":"https:\/\/dev.eliassen.nl\/de\/holzsockel-massiv-douglasie-25x25x70cm\/#primaryimage"},"thumbnailUrl":"https:\/\/dev.eliassen.nl\/wp-content\/uploads\/2024\/01\/mijnproject20220930t092500145.png","datePublished":"2021-12-10T10:28:44+00:00","dateModified":"2024-12-05T14:56:41+00:00","description":"Kaufen Sie einen Holzsockel? Schauen Sie sich dieses Beispiel an, das sowohl f\u00fcr den Innen- als auch f\u00fcr den Au\u00dfenbereich geeignet ist. Sie finden Holzsockel...","breadcrumb":{"@id":"https:\/\/dev.eliassen.nl\/de\/holzsockel-massiv-douglasie-25x25x70cm\/#breadcrumb"},"inLanguage":"de","potentialAction":[{"@type":"ReadAction","target":["https:\/\/dev.eliassen.nl\/de\/holzsockel-massiv-douglasie-25x25x70cm\/"]}]},{"@type":"ImageObject","inLanguage":"de","@id":"https:\/\/dev.eliassen.nl\/de\/holzsockel-massiv-douglasie-25x25x70cm\/#primaryimage","url":"https:\/\/dev.eliassen.nl\/wp-content\/uploads\/2024\/01\/mijnproject20220930t092500145.png","contentUrl":"https:\/\/dev.eliassen.nl\/wp-content\/uploads\/2024\/01\/mijnproject20220930t092500145.png","width":563,"height":1000,"caption":"Mijn project - 2022-09-30T092500.145"},{"@type":"BreadcrumbList","@id":"https:\/\/dev.eliassen.nl\/de\/holzsockel-massiv-douglasie-25x25x70cm\/#breadcrumb","itemListElement":[{"@type":"ListItem","position":1,"name":"Home","item":"https:\/\/dev.eliassen.nl\/de\/"},{"@type":"ListItem","position":2,"name":"Shop","item":"https:\/\/dev.eliassen.nl\/nl\/winkel\/"},{"@type":"ListItem","position":3,"name":"Sockel","item":"https:\/\/dev.eliassen.nl\/de\/sockel\/"},{"@type":"ListItem","position":4,"name":"Holzsockel","item":"https:\/\/dev.eliassen.nl\/de\/sockel\/holzsockel\/"},{"@type":"ListItem","position":5,"name":"Holzsockel massiv Douglasie 25x25x70cm"}]},{"@type":"WebSite","@id":"https:\/\/dev.eliassen.nl\/de\/#website","url":"https:\/\/dev.eliassen.nl\/de\/","name":"Eliassen Home & Garden Pleasure","description":"","publisher":{"@id":"https:\/\/dev.eliassen.nl\/de\/#organization"},"alternateName":"Eliassen.nl","potentialAction":[{"@type":"SearchAction","target":{"@type":"EntryPoint","urlTemplate":"https:\/\/dev.eliassen.nl\/de\/?s={search_term_string}"},"query-input":{"@type":"PropertyValueSpecification","valueRequired":true,"valueName":"search_term_string"}}],"inLanguage":"de"},{"@type":"Organization","@id":"https:\/\/dev.eliassen.nl\/de\/#organization","name":"Eliassen Home & Garden Pleasure","url":"https:\/\/dev.eliassen.nl\/de\/","logo":{"@type":"ImageObject","inLanguage":"de","@id":"https:\/\/dev.eliassen.nl\/de\/#\/schema\/logo\/image\/","url":"https:\/\/www.eliassen.nl\/wp-content\/uploads\/2024\/01\/logo_4nd.jpg","contentUrl":"https:\/\/www.eliassen.nl\/wp-content\/uploads\/2024\/01\/logo_4nd.jpg","width":500,"height":500,"caption":"Eliassen Home & Garden Pleasure"},"image":{"@id":"https:\/\/dev.eliassen.nl\/de\/#\/schema\/logo\/image\/"},"sameAs":["https:\/\/www.facebook.com\/TuincentrumEliassenAmmerzoden","https:\/\/www.instagram.com\/eliassenhomeandgarden\/","https:\/\/nl.pinterest.com\/eliassenhomeandgarden\/","https:\/\/www.youtube.com\/@eliassenhomegardenpleasure4558"]}]}},"df_price":135,"df_sale_price":"","df_regular_price":135,"df_image_link":"https:\/\/dev.eliassen.nl\/wp-content\/uploads\/2024\/01\/mijnproject20220930t092500145.png","image":"https:\/\/dev.eliassen.nl\/wp-content\/uploads\/2024\/01\/mijnproject20220930t092500145.png","price_search":"<span class=\"woocommerce-Price-amount amount\"><bdi><span class=\"woocommerce-Price-currencySymbol\">&euro;<\/span>&nbsp;135,00<\/bdi><\/span>","category":"Holzsockel","_links":{"self":[{"href":"https:\/\/dev.eliassen.nl\/de\/wp-json\/wp\/v2\/product\/66973","targetHints":{"allow":["GET"]}}],"collection":[{"href":"https:\/\/dev.eliassen.nl\/de\/wp-json\/wp\/v2\/product"}],"about":[{"href":"https:\/\/dev.eliassen.nl\/de\/wp-json\/wp\/v2\/types\/product"}],"wp:featuredmedia":[{"embeddable":true,"href":"https:\/\/dev.eliassen.nl\/de\/wp-json\/wp\/v2\/media\/66943"}],"wp:attachment":[{"href":"https:\/\/dev.eliassen.nl\/de\/wp-json\/wp\/v2\/media?parent=66973"}],"wp:term":[{"taxonomy":"product_brand","embeddable":true,"href":"https:\/\/dev.eliassen.nl\/de\/wp-json\/wp\/v2\/product_brand?post=66973"},{"taxonomy":"product_cat","embeddable":true,"href":"https:\/\/dev.eliassen.nl\/de\/wp-json\/wp\/v2\/product_cat?post=66973"},{"taxonomy":"product_tag","embeddable":true,"href":"https:\/\/dev.eliassen.nl\/de\/wp-json\/wp\/v2\/product_tag?post=66973"}],"curies":[{"name":"wp","href":"https:\/\/api.w.org\/{rel}","templated":true}]}}