{"id":67012,"date":"2021-12-10T11:29:46","date_gmt":"2021-12-10T10:29:46","guid":{"rendered":"https:\/\/www.eliassen.nl\/?product=sokkel-massief-douglas-25x25x90cm"},"modified":"2024-12-05T15:56:42","modified_gmt":"2024-12-05T14:56:42","slug":"massivholzsockel-douglasie-25x25x90cm","status":"publish","type":"product","link":"https:\/\/dev.eliassen.nl\/de\/massivholzsockel-douglasie-25x25x90cm\/","title":{"rendered":"Massivholzsockel Douglasie 25x25x90cm"},"content":{"rendered":"<p>Neu in unserem ohnehin schon riesigen Sortiment an S\u00e4ulen und Sockeln sind diese S\u00e4ulen aus massivem Douglasienholz mit seiner groben Maserung.<\/p>\n<p>Diese S\u00e4ulen sind geschliffen, haben eine Fl\u00e4chengr\u00f6\u00dfe von 25x25cm !!<\/p>\n<p>Bei diesen S\u00e4ulen aus diesem massiven Douglasienholzmaterial k\u00f6nnen Risse entstehen bzw. auftreten. <strong>Besonders im Innenbereich k\u00f6nnen diese Risse gro\u00df werden,<\/strong> oder stellenweise Harz, \u00c4ste oder andere Unregelm\u00e4\u00dfigkeiten auftreten. Genau das ist ein charakteristisches Merkmal dieses Materials. Da dies nicht reklamiert werden kann, raten wir Ihnen, eine S\u00e4ule in unserem Shop zu w\u00e4hlen, da das Aussehen und die Zeichnung der Maserung immer anders sind. Auf Wunsch k\u00f6nnen Sie diesen Sockeln einfach eine Farbe geben, au\u00dfen verf\u00e4rbt sich diese Holzart unbehandelt grau, was ebenfalls seinen eigenen Charme hat.<\/p>\n<p><span style=\"color: #ff0000;\">ACHTUNG: Die 2 eisernen Festmacherringe sind ein extra Zubeh\u00f6r von 17,50<\/span><\/p>\n<p><span style=\"color: #ff0000;\">Sie k\u00f6nnen anklicken, was Sie wollen.<\/span><\/p>\n<ul>\n<li>Gr\u00f6\u00dfe: 25 x 25 x 90 cm hoch<\/li>\n<li>Material: Massives Douglasienholz<\/li>\n<li>Ausgestattet mit Filzen zum Bodenschutz<\/li>\n<li>Kann rein und raus<\/li>\n<li>Ab Lager verf\u00fcgbar.<\/li>\n<\/ul>\n","protected":false},"excerpt":{"rendered":"<p>Neu in unserem ohnehin schon riesigen Sortiment an S\u00e4ulen und Sockeln sind diese S\u00e4ulen aus massivem Douglasienholz mit seiner groben Maserung. Diese S\u00e4ulen sind geschliffen, haben eine Fl\u00e4chengr\u00f6\u00dfe von 25x25cm !! Bei diesen S\u00e4ulen aus diesem massiven Douglasienholzmaterial k\u00f6nnen Risse entstehen bzw. auftreten. Besonders im Innenbereich k\u00f6nnen diese Risse gro\u00df werden, oder stellenweise Harz, \u00c4ste &hellip;<\/p>\n","protected":false},"featured_media":66976,"template":"","meta":{"_acf_changed":false},"product_brand":[],"product_cat":[794,782],"product_tag":[],"class_list":{"0":"post-67012","1":"product","2":"type-product","3":"status-publish","4":"has-post-thumbnail","6":"product_cat-holzsockel","7":"product_cat-sockel","9":"first","10":"instock","11":"taxable","12":"shipping-taxable","13":"purchasable","14":"product-type-simple"},"acf":[],"yoast_head":"<!-- This site is optimized with the Yoast SEO plugin v23.8 - https:\/\/yoast.com\/wordpress\/plugins\/seo\/ -->\n<title>Massivholzsockel Douglasie | 25x25x90cm | Eliassen.nl<\/title>\n<meta name=\"description\" content=\"Massivholzsockel Douglasie 25x25x90cm, geeignet f\u00fcr den Innen- und Au\u00dfenbereich. Sehen Sie sich unsere gro\u00dfe Sammlung kleiner und gro\u00dfer Sockel LIVE in unser...\" \/>\n<meta name=\"robots\" content=\"noindex, follow, max-snippet:-1, max-image-preview:large, max-video-preview:-1\" \/>\n<meta property=\"og:locale\" content=\"de_DE\" \/>\n<meta property=\"og:type\" content=\"article\" \/>\n<meta property=\"og:title\" content=\"Massivholzsockel Douglasie | 25x25x90cm | Eliassen.nl\" \/>\n<meta property=\"og:description\" content=\"Massivholzsockel Douglasie 25x25x90cm, geeignet f\u00fcr den Innen- und Au\u00dfenbereich. Sehen Sie sich unsere gro\u00dfe Sammlung kleiner und gro\u00dfer Sockel LIVE in unser...\" \/>\n<meta property=\"og:url\" content=\"https:\/\/dev.eliassen.nl\/de\/massivholzsockel-douglasie-25x25x90cm\/\" \/>\n<meta property=\"og:site_name\" content=\"Eliassen.nl\" \/>\n<meta property=\"article:publisher\" content=\"https:\/\/www.facebook.com\/TuincentrumEliassenAmmerzoden\" \/>\n<meta property=\"article:modified_time\" content=\"2024-12-05T14:56:42+00:00\" \/>\n<meta property=\"og:image\" content=\"https:\/\/dev.eliassen.nl\/wp-content\/uploads\/2024\/01\/mijnproject20220930t093304056.png\" \/>\n\t<meta property=\"og:image:width\" content=\"563\" \/>\n\t<meta property=\"og:image:height\" content=\"1000\" \/>\n\t<meta property=\"og:image:type\" content=\"image\/png\" \/>\n<meta name=\"twitter:card\" content=\"summary_large_image\" \/>\n<script type=\"application\/ld+json\" class=\"yoast-schema-graph\">{\"@context\":\"https:\/\/schema.org\",\"@graph\":[{\"@type\":\"WebPage\",\"@id\":\"https:\/\/dev.eliassen.nl\/de\/massivholzsockel-douglasie-25x25x90cm\/\",\"url\":\"https:\/\/dev.eliassen.nl\/de\/massivholzsockel-douglasie-25x25x90cm\/\",\"name\":\"Massivholzsockel Douglasie | 25x25x90cm | Eliassen.nl\",\"isPartOf\":{\"@id\":\"https:\/\/dev.eliassen.nl\/de\/#website\"},\"primaryImageOfPage\":{\"@id\":\"https:\/\/dev.eliassen.nl\/de\/massivholzsockel-douglasie-25x25x90cm\/#primaryimage\"},\"image\":{\"@id\":\"https:\/\/dev.eliassen.nl\/de\/massivholzsockel-douglasie-25x25x90cm\/#primaryimage\"},\"thumbnailUrl\":\"https:\/\/dev.eliassen.nl\/wp-content\/uploads\/2024\/01\/mijnproject20220930t093304056.png\",\"datePublished\":\"2021-12-10T10:29:46+00:00\",\"dateModified\":\"2024-12-05T14:56:42+00:00\",\"description\":\"Massivholzsockel Douglasie 25x25x90cm, geeignet f\u00fcr den Innen- und Au\u00dfenbereich. Sehen Sie sich unsere gro\u00dfe Sammlung kleiner und gro\u00dfer Sockel LIVE in unser...\",\"breadcrumb\":{\"@id\":\"https:\/\/dev.eliassen.nl\/de\/massivholzsockel-douglasie-25x25x90cm\/#breadcrumb\"},\"inLanguage\":\"de\",\"potentialAction\":[{\"@type\":\"ReadAction\",\"target\":[\"https:\/\/dev.eliassen.nl\/de\/massivholzsockel-douglasie-25x25x90cm\/\"]}]},{\"@type\":\"ImageObject\",\"inLanguage\":\"de\",\"@id\":\"https:\/\/dev.eliassen.nl\/de\/massivholzsockel-douglasie-25x25x90cm\/#primaryimage\",\"url\":\"https:\/\/dev.eliassen.nl\/wp-content\/uploads\/2024\/01\/mijnproject20220930t093304056.png\",\"contentUrl\":\"https:\/\/dev.eliassen.nl\/wp-content\/uploads\/2024\/01\/mijnproject20220930t093304056.png\",\"width\":563,\"height\":1000,\"caption\":\"Mijn project - 2022-09-30T093304.056\"},{\"@type\":\"BreadcrumbList\",\"@id\":\"https:\/\/dev.eliassen.nl\/de\/massivholzsockel-douglasie-25x25x90cm\/#breadcrumb\",\"itemListElement\":[{\"@type\":\"ListItem\",\"position\":1,\"name\":\"Home\",\"item\":\"https:\/\/dev.eliassen.nl\/de\/\"},{\"@type\":\"ListItem\",\"position\":2,\"name\":\"Shop\",\"item\":\"https:\/\/dev.eliassen.nl\/nl\/winkel\/\"},{\"@type\":\"ListItem\",\"position\":3,\"name\":\"Sockel\",\"item\":\"https:\/\/dev.eliassen.nl\/de\/sockel\/\"},{\"@type\":\"ListItem\",\"position\":4,\"name\":\"Holzsockel\",\"item\":\"https:\/\/dev.eliassen.nl\/de\/sockel\/holzsockel\/\"},{\"@type\":\"ListItem\",\"position\":5,\"name\":\"Massivholzsockel Douglasie 25x25x90cm\"}]},{\"@type\":\"WebSite\",\"@id\":\"https:\/\/dev.eliassen.nl\/de\/#website\",\"url\":\"https:\/\/dev.eliassen.nl\/de\/\",\"name\":\"Eliassen Home & Garden Pleasure\",\"description\":\"\",\"publisher\":{\"@id\":\"https:\/\/dev.eliassen.nl\/de\/#organization\"},\"alternateName\":\"Eliassen.nl\",\"potentialAction\":[{\"@type\":\"SearchAction\",\"target\":{\"@type\":\"EntryPoint\",\"urlTemplate\":\"https:\/\/dev.eliassen.nl\/de\/?s={search_term_string}\"},\"query-input\":{\"@type\":\"PropertyValueSpecification\",\"valueRequired\":true,\"valueName\":\"search_term_string\"}}],\"inLanguage\":\"de\"},{\"@type\":\"Organization\",\"@id\":\"https:\/\/dev.eliassen.nl\/de\/#organization\",\"name\":\"Eliassen Home & Garden Pleasure\",\"url\":\"https:\/\/dev.eliassen.nl\/de\/\",\"logo\":{\"@type\":\"ImageObject\",\"inLanguage\":\"de\",\"@id\":\"https:\/\/dev.eliassen.nl\/de\/#\/schema\/logo\/image\/\",\"url\":\"https:\/\/www.eliassen.nl\/wp-content\/uploads\/2024\/01\/logo_4nd.jpg\",\"contentUrl\":\"https:\/\/www.eliassen.nl\/wp-content\/uploads\/2024\/01\/logo_4nd.jpg\",\"width\":500,\"height\":500,\"caption\":\"Eliassen Home & Garden Pleasure\"},\"image\":{\"@id\":\"https:\/\/dev.eliassen.nl\/de\/#\/schema\/logo\/image\/\"},\"sameAs\":[\"https:\/\/www.facebook.com\/TuincentrumEliassenAmmerzoden\",\"https:\/\/www.instagram.com\/eliassenhomeandgarden\/\",\"https:\/\/nl.pinterest.com\/eliassenhomeandgarden\/\",\"https:\/\/www.youtube.com\/@eliassenhomegardenpleasure4558\"]}]}<\/script>\n<!-- \/ Yoast SEO plugin. -->","yoast_head_json":{"title":"Massivholzsockel Douglasie | 25x25x90cm | Eliassen.nl","description":"Massivholzsockel Douglasie 25x25x90cm, geeignet f\u00fcr den Innen- und Au\u00dfenbereich. Sehen Sie sich unsere gro\u00dfe Sammlung kleiner und gro\u00dfer Sockel LIVE in unser...","robots":{"index":"noindex","follow":"follow","max-snippet":"max-snippet:-1","max-image-preview":"max-image-preview:large","max-video-preview":"max-video-preview:-1"},"og_locale":"de_DE","og_type":"article","og_title":"Massivholzsockel Douglasie | 25x25x90cm | Eliassen.nl","og_description":"Massivholzsockel Douglasie 25x25x90cm, geeignet f\u00fcr den Innen- und Au\u00dfenbereich. Sehen Sie sich unsere gro\u00dfe Sammlung kleiner und gro\u00dfer Sockel LIVE in unser...","og_url":"https:\/\/dev.eliassen.nl\/de\/massivholzsockel-douglasie-25x25x90cm\/","og_site_name":"Eliassen.nl","article_publisher":"https:\/\/www.facebook.com\/TuincentrumEliassenAmmerzoden","article_modified_time":"2024-12-05T14:56:42+00:00","og_image":[{"width":563,"height":1000,"url":"https:\/\/dev.eliassen.nl\/wp-content\/uploads\/2024\/01\/mijnproject20220930t093304056.png","type":"image\/png"}],"twitter_card":"summary_large_image","schema":{"@context":"https:\/\/schema.org","@graph":[{"@type":"WebPage","@id":"https:\/\/dev.eliassen.nl\/de\/massivholzsockel-douglasie-25x25x90cm\/","url":"https:\/\/dev.eliassen.nl\/de\/massivholzsockel-douglasie-25x25x90cm\/","name":"Massivholzsockel Douglasie | 25x25x90cm | Eliassen.nl","isPartOf":{"@id":"https:\/\/dev.eliassen.nl\/de\/#website"},"primaryImageOfPage":{"@id":"https:\/\/dev.eliassen.nl\/de\/massivholzsockel-douglasie-25x25x90cm\/#primaryimage"},"image":{"@id":"https:\/\/dev.eliassen.nl\/de\/massivholzsockel-douglasie-25x25x90cm\/#primaryimage"},"thumbnailUrl":"https:\/\/dev.eliassen.nl\/wp-content\/uploads\/2024\/01\/mijnproject20220930t093304056.png","datePublished":"2021-12-10T10:29:46+00:00","dateModified":"2024-12-05T14:56:42+00:00","description":"Massivholzsockel Douglasie 25x25x90cm, geeignet f\u00fcr den Innen- und Au\u00dfenbereich. Sehen Sie sich unsere gro\u00dfe Sammlung kleiner und gro\u00dfer Sockel LIVE in unser...","breadcrumb":{"@id":"https:\/\/dev.eliassen.nl\/de\/massivholzsockel-douglasie-25x25x90cm\/#breadcrumb"},"inLanguage":"de","potentialAction":[{"@type":"ReadAction","target":["https:\/\/dev.eliassen.nl\/de\/massivholzsockel-douglasie-25x25x90cm\/"]}]},{"@type":"ImageObject","inLanguage":"de","@id":"https:\/\/dev.eliassen.nl\/de\/massivholzsockel-douglasie-25x25x90cm\/#primaryimage","url":"https:\/\/dev.eliassen.nl\/wp-content\/uploads\/2024\/01\/mijnproject20220930t093304056.png","contentUrl":"https:\/\/dev.eliassen.nl\/wp-content\/uploads\/2024\/01\/mijnproject20220930t093304056.png","width":563,"height":1000,"caption":"Mijn project - 2022-09-30T093304.056"},{"@type":"BreadcrumbList","@id":"https:\/\/dev.eliassen.nl\/de\/massivholzsockel-douglasie-25x25x90cm\/#breadcrumb","itemListElement":[{"@type":"ListItem","position":1,"name":"Home","item":"https:\/\/dev.eliassen.nl\/de\/"},{"@type":"ListItem","position":2,"name":"Shop","item":"https:\/\/dev.eliassen.nl\/nl\/winkel\/"},{"@type":"ListItem","position":3,"name":"Sockel","item":"https:\/\/dev.eliassen.nl\/de\/sockel\/"},{"@type":"ListItem","position":4,"name":"Holzsockel","item":"https:\/\/dev.eliassen.nl\/de\/sockel\/holzsockel\/"},{"@type":"ListItem","position":5,"name":"Massivholzsockel Douglasie 25x25x90cm"}]},{"@type":"WebSite","@id":"https:\/\/dev.eliassen.nl\/de\/#website","url":"https:\/\/dev.eliassen.nl\/de\/","name":"Eliassen Home & Garden Pleasure","description":"","publisher":{"@id":"https:\/\/dev.eliassen.nl\/de\/#organization"},"alternateName":"Eliassen.nl","potentialAction":[{"@type":"SearchAction","target":{"@type":"EntryPoint","urlTemplate":"https:\/\/dev.eliassen.nl\/de\/?s={search_term_string}"},"query-input":{"@type":"PropertyValueSpecification","valueRequired":true,"valueName":"search_term_string"}}],"inLanguage":"de"},{"@type":"Organization","@id":"https:\/\/dev.eliassen.nl\/de\/#organization","name":"Eliassen Home & Garden Pleasure","url":"https:\/\/dev.eliassen.nl\/de\/","logo":{"@type":"ImageObject","inLanguage":"de","@id":"https:\/\/dev.eliassen.nl\/de\/#\/schema\/logo\/image\/","url":"https:\/\/www.eliassen.nl\/wp-content\/uploads\/2024\/01\/logo_4nd.jpg","contentUrl":"https:\/\/www.eliassen.nl\/wp-content\/uploads\/2024\/01\/logo_4nd.jpg","width":500,"height":500,"caption":"Eliassen Home & Garden Pleasure"},"image":{"@id":"https:\/\/dev.eliassen.nl\/de\/#\/schema\/logo\/image\/"},"sameAs":["https:\/\/www.facebook.com\/TuincentrumEliassenAmmerzoden","https:\/\/www.instagram.com\/eliassenhomeandgarden\/","https:\/\/nl.pinterest.com\/eliassenhomeandgarden\/","https:\/\/www.youtube.com\/@eliassenhomegardenpleasure4558"]}]}},"df_price":155,"df_sale_price":"","df_regular_price":155,"df_image_link":"https:\/\/dev.eliassen.nl\/wp-content\/uploads\/2024\/01\/mijnproject20220930t093304056.png","image":"https:\/\/dev.eliassen.nl\/wp-content\/uploads\/2024\/01\/mijnproject20220930t093304056.png","price_search":"<span class=\"woocommerce-Price-amount amount\"><bdi><span class=\"woocommerce-Price-currencySymbol\">&euro;<\/span>&nbsp;155,00<\/bdi><\/span>","category":"Holzsockel","_links":{"self":[{"href":"https:\/\/dev.eliassen.nl\/de\/wp-json\/wp\/v2\/product\/67012","targetHints":{"allow":["GET"]}}],"collection":[{"href":"https:\/\/dev.eliassen.nl\/de\/wp-json\/wp\/v2\/product"}],"about":[{"href":"https:\/\/dev.eliassen.nl\/de\/wp-json\/wp\/v2\/types\/product"}],"wp:featuredmedia":[{"embeddable":true,"href":"https:\/\/dev.eliassen.nl\/de\/wp-json\/wp\/v2\/media\/66976"}],"wp:attachment":[{"href":"https:\/\/dev.eliassen.nl\/de\/wp-json\/wp\/v2\/media?parent=67012"}],"wp:term":[{"taxonomy":"product_brand","embeddable":true,"href":"https:\/\/dev.eliassen.nl\/de\/wp-json\/wp\/v2\/product_brand?post=67012"},{"taxonomy":"product_cat","embeddable":true,"href":"https:\/\/dev.eliassen.nl\/de\/wp-json\/wp\/v2\/product_cat?post=67012"},{"taxonomy":"product_tag","embeddable":true,"href":"https:\/\/dev.eliassen.nl\/de\/wp-json\/wp\/v2\/product_tag?post=67012"}],"curies":[{"name":"wp","href":"https:\/\/api.w.org\/{rel}","templated":true}]}}