{"id":67093,"date":"2021-12-16T10:37:46","date_gmt":"2021-12-16T09:37:46","guid":{"rendered":"https:\/\/www.eliassen.nl\/?product=muurdecoratie-levensboom-rond"},"modified":"2024-12-05T15:56:54","modified_gmt":"2024-12-05T14:56:54","slug":"wanddekoration-lebensbaum-rund","status":"publish","type":"product","link":"https:\/\/dev.eliassen.nl\/de\/wanddekoration-lebensbaum-rund\/","title":{"rendered":"Wanddekoration Lebensbaum rund"},"content":{"rendered":"<p>Diese Wanddekoration aus Metall ist eine sch\u00f6ne Erg\u00e4nzung f\u00fcr jedes moderne Interieur oder jeden Arbeitsplatz.<br \/>Dieses Modell mit einem Lebensbaum aus Metall wird eine stimmungsvolle und zeitlose Wanddekoration und ein echter Hingucker.<br \/>Da es sich um menschliche Arbeit handelt, kann das Foto farblich leicht vom Original abweichen.<\/p>\n<p>Wir haben auch fast die gesamte Kollektion dieser Serie in unserem Laden, was in den Niederlanden einzigartig ist.<br \/>Sie werden nirgendwo anders eine so gro\u00dfe Sammlung finden. Gern geschehen.<\/p>\n<ul>\n<li>Gr\u00f6\u00dfe: Durchmesser 80cm<\/li>\n<li>Material: Metall<\/li>\n<li>Farbe: Metall<\/li>\n<li>Einfach mit 1 Schrauben aufzuh\u00e4ngen<\/li>\n<li>Schnell geliefert<\/li>\n<li><strong>Gr\u00f6\u00dfte Sammlung in den Benelux-L\u00e4ndern, die auch live zu sehen ist.<\/strong><\/li>\n<\/ul>\n","protected":false},"excerpt":{"rendered":"<p>Diese Wanddekoration aus Metall ist eine sch\u00f6ne Erg\u00e4nzung f\u00fcr jedes moderne Interieur oder jeden Arbeitsplatz.Dieses Modell mit einem Lebensbaum aus Metall wird eine stimmungsvolle und zeitlose Wanddekoration und ein echter Hingucker.Da es sich um menschliche Arbeit handelt, kann das Foto farblich leicht vom Original abweichen. Wir haben auch fast die gesamte Kollektion dieser Serie in &hellip;<\/p>\n","protected":false},"featured_media":67090,"template":"","meta":{"_acf_changed":false},"product_brand":[],"product_cat":[515,512,509],"product_tag":[],"class_list":{"0":"post-67093","1":"product","2":"type-product","3":"status-publish","4":"has-post-thumbnail","6":"product_cat-3d-wanddekoration-mit-rahmen","7":"product_cat-3d-wanddekoration-ohne-rahmen","8":"product_cat-wanddekoration","10":"first","11":"outofstock","12":"taxable","13":"shipping-taxable","14":"purchasable","15":"product-type-simple"},"acf":[],"yoast_head":"<!-- This site is optimized with the Yoast SEO plugin v23.8 - https:\/\/yoast.com\/wordpress\/plugins\/seo\/ -->\n<title>Wanddekoration Lebensbaum rund<\/title>\n<meta name=\"description\" content=\"M\u00f6chten Sie Wanddekoration Lebensbaum rund kaufen? Eliassen bietet Ihnen eine gro\u00dfe Auswahl an Wanddekorationen in einem gro\u00dfen Ausstellungsraum und online s...\" \/>\n<meta name=\"robots\" content=\"noindex, follow, max-snippet:-1, max-image-preview:large, max-video-preview:-1\" \/>\n<meta property=\"og:locale\" content=\"de_DE\" \/>\n<meta property=\"og:type\" content=\"article\" \/>\n<meta property=\"og:title\" content=\"Wanddekoration Lebensbaum rund\" \/>\n<meta property=\"og:description\" content=\"M\u00f6chten Sie Wanddekoration Lebensbaum rund kaufen? Eliassen bietet Ihnen eine gro\u00dfe Auswahl an Wanddekorationen in einem gro\u00dfen Ausstellungsraum und online s...\" \/>\n<meta property=\"og:url\" content=\"https:\/\/dev.eliassen.nl\/de\/wanddekoration-lebensbaum-rund\/\" \/>\n<meta property=\"og:site_name\" content=\"Eliassen.nl\" \/>\n<meta property=\"article:publisher\" content=\"https:\/\/www.facebook.com\/TuincentrumEliassenAmmerzoden\" \/>\n<meta property=\"article:modified_time\" content=\"2024-12-05T14:56:54+00:00\" \/>\n<meta property=\"og:image\" content=\"https:\/\/dev.eliassen.nl\/wp-content\/uploads\/2024\/01\/xz19560x560.jpg\" \/>\n\t<meta property=\"og:image:width\" content=\"560\" \/>\n\t<meta property=\"og:image:height\" content=\"560\" \/>\n\t<meta property=\"og:image:type\" content=\"image\/jpeg\" \/>\n<meta name=\"twitter:card\" content=\"summary_large_image\" \/>\n<script type=\"application\/ld+json\" class=\"yoast-schema-graph\">{\"@context\":\"https:\/\/schema.org\",\"@graph\":[{\"@type\":\"WebPage\",\"@id\":\"https:\/\/dev.eliassen.nl\/de\/wanddekoration-lebensbaum-rund\/\",\"url\":\"https:\/\/dev.eliassen.nl\/de\/wanddekoration-lebensbaum-rund\/\",\"name\":\"Wanddekoration Lebensbaum rund\",\"isPartOf\":{\"@id\":\"https:\/\/dev.eliassen.nl\/de\/#website\"},\"primaryImageOfPage\":{\"@id\":\"https:\/\/dev.eliassen.nl\/de\/wanddekoration-lebensbaum-rund\/#primaryimage\"},\"image\":{\"@id\":\"https:\/\/dev.eliassen.nl\/de\/wanddekoration-lebensbaum-rund\/#primaryimage\"},\"thumbnailUrl\":\"https:\/\/dev.eliassen.nl\/wp-content\/uploads\/2024\/01\/xz19560x560.jpg\",\"datePublished\":\"2021-12-16T09:37:46+00:00\",\"dateModified\":\"2024-12-05T14:56:54+00:00\",\"description\":\"M\u00f6chten Sie Wanddekoration Lebensbaum rund kaufen? Eliassen bietet Ihnen eine gro\u00dfe Auswahl an Wanddekorationen in einem gro\u00dfen Ausstellungsraum und online s...\",\"breadcrumb\":{\"@id\":\"https:\/\/dev.eliassen.nl\/de\/wanddekoration-lebensbaum-rund\/#breadcrumb\"},\"inLanguage\":\"de\",\"potentialAction\":[{\"@type\":\"ReadAction\",\"target\":[\"https:\/\/dev.eliassen.nl\/de\/wanddekoration-lebensbaum-rund\/\"]}]},{\"@type\":\"ImageObject\",\"inLanguage\":\"de\",\"@id\":\"https:\/\/dev.eliassen.nl\/de\/wanddekoration-lebensbaum-rund\/#primaryimage\",\"url\":\"https:\/\/dev.eliassen.nl\/wp-content\/uploads\/2024\/01\/xz19560x560.jpg\",\"contentUrl\":\"https:\/\/dev.eliassen.nl\/wp-content\/uploads\/2024\/01\/xz19560x560.jpg\",\"width\":560,\"height\":560,\"caption\":\"XZ-19!560x560\"},{\"@type\":\"BreadcrumbList\",\"@id\":\"https:\/\/dev.eliassen.nl\/de\/wanddekoration-lebensbaum-rund\/#breadcrumb\",\"itemListElement\":[{\"@type\":\"ListItem\",\"position\":1,\"name\":\"Home\",\"item\":\"https:\/\/dev.eliassen.nl\/de\/\"},{\"@type\":\"ListItem\",\"position\":2,\"name\":\"Shop\",\"item\":\"https:\/\/dev.eliassen.nl\/nl\/winkel\/\"},{\"@type\":\"ListItem\",\"position\":3,\"name\":\"Wanddekoration\",\"item\":\"https:\/\/dev.eliassen.nl\/de\/wanddekoration\/\"},{\"@type\":\"ListItem\",\"position\":4,\"name\":\"3D-Wanddekoration mit Rahmen\",\"item\":\"https:\/\/dev.eliassen.nl\/de\/wanddekoration\/3d-wanddekoration-mit-rahmen\/\"},{\"@type\":\"ListItem\",\"position\":5,\"name\":\"Wanddekoration Lebensbaum rund\"}]},{\"@type\":\"WebSite\",\"@id\":\"https:\/\/dev.eliassen.nl\/de\/#website\",\"url\":\"https:\/\/dev.eliassen.nl\/de\/\",\"name\":\"Eliassen Home & Garden Pleasure\",\"description\":\"\",\"publisher\":{\"@id\":\"https:\/\/dev.eliassen.nl\/de\/#organization\"},\"alternateName\":\"Eliassen.nl\",\"potentialAction\":[{\"@type\":\"SearchAction\",\"target\":{\"@type\":\"EntryPoint\",\"urlTemplate\":\"https:\/\/dev.eliassen.nl\/de\/?s={search_term_string}\"},\"query-input\":{\"@type\":\"PropertyValueSpecification\",\"valueRequired\":true,\"valueName\":\"search_term_string\"}}],\"inLanguage\":\"de\"},{\"@type\":\"Organization\",\"@id\":\"https:\/\/dev.eliassen.nl\/de\/#organization\",\"name\":\"Eliassen Home & Garden Pleasure\",\"url\":\"https:\/\/dev.eliassen.nl\/de\/\",\"logo\":{\"@type\":\"ImageObject\",\"inLanguage\":\"de\",\"@id\":\"https:\/\/dev.eliassen.nl\/de\/#\/schema\/logo\/image\/\",\"url\":\"https:\/\/www.eliassen.nl\/wp-content\/uploads\/2024\/01\/logo_4nd.jpg\",\"contentUrl\":\"https:\/\/www.eliassen.nl\/wp-content\/uploads\/2024\/01\/logo_4nd.jpg\",\"width\":500,\"height\":500,\"caption\":\"Eliassen Home & Garden Pleasure\"},\"image\":{\"@id\":\"https:\/\/dev.eliassen.nl\/de\/#\/schema\/logo\/image\/\"},\"sameAs\":[\"https:\/\/www.facebook.com\/TuincentrumEliassenAmmerzoden\",\"https:\/\/www.instagram.com\/eliassenhomeandgarden\/\",\"https:\/\/nl.pinterest.com\/eliassenhomeandgarden\/\",\"https:\/\/www.youtube.com\/@eliassenhomegardenpleasure4558\"]}]}<\/script>\n<!-- \/ Yoast SEO plugin. -->","yoast_head_json":{"title":"Wanddekoration Lebensbaum rund","description":"M\u00f6chten Sie Wanddekoration Lebensbaum rund kaufen? Eliassen bietet Ihnen eine gro\u00dfe Auswahl an Wanddekorationen in einem gro\u00dfen Ausstellungsraum und online s...","robots":{"index":"noindex","follow":"follow","max-snippet":"max-snippet:-1","max-image-preview":"max-image-preview:large","max-video-preview":"max-video-preview:-1"},"og_locale":"de_DE","og_type":"article","og_title":"Wanddekoration Lebensbaum rund","og_description":"M\u00f6chten Sie Wanddekoration Lebensbaum rund kaufen? Eliassen bietet Ihnen eine gro\u00dfe Auswahl an Wanddekorationen in einem gro\u00dfen Ausstellungsraum und online s...","og_url":"https:\/\/dev.eliassen.nl\/de\/wanddekoration-lebensbaum-rund\/","og_site_name":"Eliassen.nl","article_publisher":"https:\/\/www.facebook.com\/TuincentrumEliassenAmmerzoden","article_modified_time":"2024-12-05T14:56:54+00:00","og_image":[{"width":560,"height":560,"url":"https:\/\/dev.eliassen.nl\/wp-content\/uploads\/2024\/01\/xz19560x560.jpg","type":"image\/jpeg"}],"twitter_card":"summary_large_image","schema":{"@context":"https:\/\/schema.org","@graph":[{"@type":"WebPage","@id":"https:\/\/dev.eliassen.nl\/de\/wanddekoration-lebensbaum-rund\/","url":"https:\/\/dev.eliassen.nl\/de\/wanddekoration-lebensbaum-rund\/","name":"Wanddekoration Lebensbaum rund","isPartOf":{"@id":"https:\/\/dev.eliassen.nl\/de\/#website"},"primaryImageOfPage":{"@id":"https:\/\/dev.eliassen.nl\/de\/wanddekoration-lebensbaum-rund\/#primaryimage"},"image":{"@id":"https:\/\/dev.eliassen.nl\/de\/wanddekoration-lebensbaum-rund\/#primaryimage"},"thumbnailUrl":"https:\/\/dev.eliassen.nl\/wp-content\/uploads\/2024\/01\/xz19560x560.jpg","datePublished":"2021-12-16T09:37:46+00:00","dateModified":"2024-12-05T14:56:54+00:00","description":"M\u00f6chten Sie Wanddekoration Lebensbaum rund kaufen? Eliassen bietet Ihnen eine gro\u00dfe Auswahl an Wanddekorationen in einem gro\u00dfen Ausstellungsraum und online s...","breadcrumb":{"@id":"https:\/\/dev.eliassen.nl\/de\/wanddekoration-lebensbaum-rund\/#breadcrumb"},"inLanguage":"de","potentialAction":[{"@type":"ReadAction","target":["https:\/\/dev.eliassen.nl\/de\/wanddekoration-lebensbaum-rund\/"]}]},{"@type":"ImageObject","inLanguage":"de","@id":"https:\/\/dev.eliassen.nl\/de\/wanddekoration-lebensbaum-rund\/#primaryimage","url":"https:\/\/dev.eliassen.nl\/wp-content\/uploads\/2024\/01\/xz19560x560.jpg","contentUrl":"https:\/\/dev.eliassen.nl\/wp-content\/uploads\/2024\/01\/xz19560x560.jpg","width":560,"height":560,"caption":"XZ-19!560x560"},{"@type":"BreadcrumbList","@id":"https:\/\/dev.eliassen.nl\/de\/wanddekoration-lebensbaum-rund\/#breadcrumb","itemListElement":[{"@type":"ListItem","position":1,"name":"Home","item":"https:\/\/dev.eliassen.nl\/de\/"},{"@type":"ListItem","position":2,"name":"Shop","item":"https:\/\/dev.eliassen.nl\/nl\/winkel\/"},{"@type":"ListItem","position":3,"name":"Wanddekoration","item":"https:\/\/dev.eliassen.nl\/de\/wanddekoration\/"},{"@type":"ListItem","position":4,"name":"3D-Wanddekoration mit Rahmen","item":"https:\/\/dev.eliassen.nl\/de\/wanddekoration\/3d-wanddekoration-mit-rahmen\/"},{"@type":"ListItem","position":5,"name":"Wanddekoration Lebensbaum rund"}]},{"@type":"WebSite","@id":"https:\/\/dev.eliassen.nl\/de\/#website","url":"https:\/\/dev.eliassen.nl\/de\/","name":"Eliassen Home & Garden Pleasure","description":"","publisher":{"@id":"https:\/\/dev.eliassen.nl\/de\/#organization"},"alternateName":"Eliassen.nl","potentialAction":[{"@type":"SearchAction","target":{"@type":"EntryPoint","urlTemplate":"https:\/\/dev.eliassen.nl\/de\/?s={search_term_string}"},"query-input":{"@type":"PropertyValueSpecification","valueRequired":true,"valueName":"search_term_string"}}],"inLanguage":"de"},{"@type":"Organization","@id":"https:\/\/dev.eliassen.nl\/de\/#organization","name":"Eliassen Home & Garden Pleasure","url":"https:\/\/dev.eliassen.nl\/de\/","logo":{"@type":"ImageObject","inLanguage":"de","@id":"https:\/\/dev.eliassen.nl\/de\/#\/schema\/logo\/image\/","url":"https:\/\/www.eliassen.nl\/wp-content\/uploads\/2024\/01\/logo_4nd.jpg","contentUrl":"https:\/\/www.eliassen.nl\/wp-content\/uploads\/2024\/01\/logo_4nd.jpg","width":500,"height":500,"caption":"Eliassen Home & Garden Pleasure"},"image":{"@id":"https:\/\/dev.eliassen.nl\/de\/#\/schema\/logo\/image\/"},"sameAs":["https:\/\/www.facebook.com\/TuincentrumEliassenAmmerzoden","https:\/\/www.instagram.com\/eliassenhomeandgarden\/","https:\/\/nl.pinterest.com\/eliassenhomeandgarden\/","https:\/\/www.youtube.com\/@eliassenhomegardenpleasure4558"]}]}},"df_price":62.5,"df_sale_price":"","df_regular_price":62.5,"df_image_link":"https:\/\/dev.eliassen.nl\/wp-content\/uploads\/2024\/01\/xz19560x560.jpg","image":"https:\/\/dev.eliassen.nl\/wp-content\/uploads\/2024\/01\/xz19560x560.jpg","price_search":"<span class=\"woocommerce-Price-amount amount\"><bdi><span class=\"woocommerce-Price-currencySymbol\">&euro;<\/span>&nbsp;62,50<\/bdi><\/span>","category":"3D-Wanddekoration mit Rahmen","_links":{"self":[{"href":"https:\/\/dev.eliassen.nl\/de\/wp-json\/wp\/v2\/product\/67093","targetHints":{"allow":["GET"]}}],"collection":[{"href":"https:\/\/dev.eliassen.nl\/de\/wp-json\/wp\/v2\/product"}],"about":[{"href":"https:\/\/dev.eliassen.nl\/de\/wp-json\/wp\/v2\/types\/product"}],"wp:featuredmedia":[{"embeddable":true,"href":"https:\/\/dev.eliassen.nl\/de\/wp-json\/wp\/v2\/media\/67090"}],"wp:attachment":[{"href":"https:\/\/dev.eliassen.nl\/de\/wp-json\/wp\/v2\/media?parent=67093"}],"wp:term":[{"taxonomy":"product_brand","embeddable":true,"href":"https:\/\/dev.eliassen.nl\/de\/wp-json\/wp\/v2\/product_brand?post=67093"},{"taxonomy":"product_cat","embeddable":true,"href":"https:\/\/dev.eliassen.nl\/de\/wp-json\/wp\/v2\/product_cat?post=67093"},{"taxonomy":"product_tag","embeddable":true,"href":"https:\/\/dev.eliassen.nl\/de\/wp-json\/wp\/v2\/product_tag?post=67093"}],"curies":[{"name":"wp","href":"https:\/\/api.w.org\/{rel}","templated":true}]}}