{"id":67123,"date":"2021-12-16T15:49:47","date_gmt":"2021-12-16T14:49:47","guid":{"rendered":"https:\/\/www.eliassen.nl\/?product=glasschilderij-schedel-met-roos-60x80cm"},"modified":"2024-12-05T15:56:58","modified_gmt":"2024-12-05T14:56:58","slug":"glasmalerei-totenkopf-mit-rose-60x80cm","status":"publish","type":"product","link":"https:\/\/dev.eliassen.nl\/de\/glasmalerei-totenkopf-mit-rose-60x80cm\/","title":{"rendered":"Glasmalerei Totenkopf mit Rose 60x80cm."},"content":{"rendered":"<p>Dieses Glasgem\u00e4lde aus geh\u00e4rtetem Glas mit der Gr\u00f6\u00dfe 80&#215;60 cm ist eine sehr sch\u00f6ne Wanddekoration f\u00fcr jedes moderne Interieur zu Hause oder im Gesch\u00e4ft. Dieses Modell mit dem Bild eines von Rosen umgebenen Totensch\u00e4dels ist scharf dargestellt.<br \/>Da das Foto auf das 4 mm dicke Glas auf der R\u00fcckseite gebrannt wird, verleiht diese Wanddekoration einen sch\u00f6nen Glanz.<\/p>\n<p>Dieses Modell hat auch die Eigenschaft, dass es Goldfolie enth\u00e4lt, was ihm ein Gem\u00e4lde mit sehr sch\u00f6nen Glanzeffekten verleiht.<br \/><strong><br \/>Wir haben fast die gesamte Kollektion dieses Webshops in unserem Gesch\u00e4ft auf Lager, was in den Niederlanden einzigartig ist!<\/strong><\/p>\n<ul>\n<li>Gr\u00f6\u00dfe 80 x 60 cm.<\/li>\n<li>Schnell geliefert.<\/li>\n<li>Praktisch unzerbrechlich.<\/li>\n<li>Super scharfes Bild.<\/li>\n<li>4 mm dickes geh\u00e4rtetes Glas.<\/li>\n<li>Nahezu unempfindlich gegen Kratzer.<\/li>\n<li>Einfach mit 2 Haken aufzuh\u00e4ngen.<\/li>\n<\/ul>\n","protected":false},"excerpt":{"rendered":"<p>Dieses Glasgem\u00e4lde aus geh\u00e4rtetem Glas mit der Gr\u00f6\u00dfe 80&#215;60 cm ist eine sehr sch\u00f6ne Wanddekoration f\u00fcr jedes moderne Interieur zu Hause oder im Gesch\u00e4ft. Dieses Modell mit dem Bild eines von Rosen umgebenen Totensch\u00e4dels ist scharf dargestellt.Da das Foto auf das 4 mm dicke Glas auf der R\u00fcckseite gebrannt wird, verleiht diese Wanddekoration einen sch\u00f6nen &hellip;<\/p>\n","protected":false},"featured_media":67120,"template":"","meta":{"_acf_changed":false},"product_brand":[],"product_cat":[410,998,443],"product_tag":[],"class_list":{"0":"post-67123","1":"product","2":"type-product","3":"status-publish","4":"has-post-thumbnail","6":"product_cat-gemaelde","7":"product_cat-glasmalerei-im-format-60x80cm","8":"product_cat-glasmalereien","10":"first","11":"instock","12":"sale","13":"taxable","14":"shipping-taxable","15":"purchasable","16":"product-type-simple"},"acf":[],"yoast_head":"<!-- This site is optimized with the Yoast SEO plugin v23.8 - https:\/\/yoast.com\/wordpress\/plugins\/seo\/ -->\n<title>Glasmalerei Totenkopf mit Rose 60x80cm.<\/title>\n<meta name=\"description\" content=\"M\u00f6chten Sie ein Glasgem\u00e4lde Totenkopf mit Rose kaufen? Eliassen bietet Ihnen eine gro\u00dfe Auswahl an (Glas-)Bildern in einem gro\u00dfen Ausstellungsraum und online...\" \/>\n<meta name=\"robots\" content=\"noindex, follow, max-snippet:-1, max-image-preview:large, max-video-preview:-1\" \/>\n<meta property=\"og:locale\" content=\"de_DE\" \/>\n<meta property=\"og:type\" content=\"article\" \/>\n<meta property=\"og:title\" content=\"Glasmalerei Totenkopf mit Rose 60x80cm.\" \/>\n<meta property=\"og:description\" content=\"M\u00f6chten Sie ein Glasgem\u00e4lde Totenkopf mit Rose kaufen? Eliassen bietet Ihnen eine gro\u00dfe Auswahl an (Glas-)Bildern in einem gro\u00dfen Ausstellungsraum und online...\" \/>\n<meta property=\"og:url\" content=\"https:\/\/dev.eliassen.nl\/de\/glasmalerei-totenkopf-mit-rose-60x80cm\/\" \/>\n<meta property=\"og:site_name\" content=\"Eliassen.nl\" \/>\n<meta property=\"article:publisher\" content=\"https:\/\/www.facebook.com\/TuincentrumEliassenAmmerzoden\" \/>\n<meta property=\"article:modified_time\" content=\"2024-12-05T14:56:58+00:00\" \/>\n<meta property=\"og:image\" content=\"https:\/\/dev.eliassen.nl\/wp-content\/uploads\/2024\/01\/glas060080f182.jpg\" \/>\n\t<meta property=\"og:image:width\" content=\"525\" \/>\n\t<meta property=\"og:image:height\" content=\"700\" \/>\n\t<meta property=\"og:image:type\" content=\"image\/jpeg\" \/>\n<meta name=\"twitter:card\" content=\"summary_large_image\" \/>\n<script type=\"application\/ld+json\" class=\"yoast-schema-graph\">{\"@context\":\"https:\/\/schema.org\",\"@graph\":[{\"@type\":\"WebPage\",\"@id\":\"https:\/\/dev.eliassen.nl\/de\/glasmalerei-totenkopf-mit-rose-60x80cm\/\",\"url\":\"https:\/\/dev.eliassen.nl\/de\/glasmalerei-totenkopf-mit-rose-60x80cm\/\",\"name\":\"Glasmalerei Totenkopf mit Rose 60x80cm.\",\"isPartOf\":{\"@id\":\"https:\/\/dev.eliassen.nl\/de\/#website\"},\"primaryImageOfPage\":{\"@id\":\"https:\/\/dev.eliassen.nl\/de\/glasmalerei-totenkopf-mit-rose-60x80cm\/#primaryimage\"},\"image\":{\"@id\":\"https:\/\/dev.eliassen.nl\/de\/glasmalerei-totenkopf-mit-rose-60x80cm\/#primaryimage\"},\"thumbnailUrl\":\"https:\/\/dev.eliassen.nl\/wp-content\/uploads\/2024\/01\/glas060080f182.jpg\",\"datePublished\":\"2021-12-16T14:49:47+00:00\",\"dateModified\":\"2024-12-05T14:56:58+00:00\",\"description\":\"M\u00f6chten Sie ein Glasgem\u00e4lde Totenkopf mit Rose kaufen? Eliassen bietet Ihnen eine gro\u00dfe Auswahl an (Glas-)Bildern in einem gro\u00dfen Ausstellungsraum und online...\",\"breadcrumb\":{\"@id\":\"https:\/\/dev.eliassen.nl\/de\/glasmalerei-totenkopf-mit-rose-60x80cm\/#breadcrumb\"},\"inLanguage\":\"de\",\"potentialAction\":[{\"@type\":\"ReadAction\",\"target\":[\"https:\/\/dev.eliassen.nl\/de\/glasmalerei-totenkopf-mit-rose-60x80cm\/\"]}]},{\"@type\":\"ImageObject\",\"inLanguage\":\"de\",\"@id\":\"https:\/\/dev.eliassen.nl\/de\/glasmalerei-totenkopf-mit-rose-60x80cm\/#primaryimage\",\"url\":\"https:\/\/dev.eliassen.nl\/wp-content\/uploads\/2024\/01\/glas060080f182.jpg\",\"contentUrl\":\"https:\/\/dev.eliassen.nl\/wp-content\/uploads\/2024\/01\/glas060080f182.jpg\",\"width\":525,\"height\":700,\"caption\":\"GLAS060080F-182\"},{\"@type\":\"BreadcrumbList\",\"@id\":\"https:\/\/dev.eliassen.nl\/de\/glasmalerei-totenkopf-mit-rose-60x80cm\/#breadcrumb\",\"itemListElement\":[{\"@type\":\"ListItem\",\"position\":1,\"name\":\"Home\",\"item\":\"https:\/\/dev.eliassen.nl\/de\/\"},{\"@type\":\"ListItem\",\"position\":2,\"name\":\"Shop\",\"item\":\"https:\/\/dev.eliassen.nl\/nl\/winkel\/\"},{\"@type\":\"ListItem\",\"position\":3,\"name\":\"Glasmalereien\",\"item\":\"https:\/\/dev.eliassen.nl\/de\/gemaelde\/glasmalereien\/\"},{\"@type\":\"ListItem\",\"position\":4,\"name\":\"Glasmalerei im Format 60x80cm\",\"item\":\"https:\/\/dev.eliassen.nl\/de\/gemaelde\/glasmalereien\/glasmalerei-im-format-60x80cm\/\"},{\"@type\":\"ListItem\",\"position\":5,\"name\":\"Glasmalerei Totenkopf mit Rose 60x80cm.\"}]},{\"@type\":\"WebSite\",\"@id\":\"https:\/\/dev.eliassen.nl\/de\/#website\",\"url\":\"https:\/\/dev.eliassen.nl\/de\/\",\"name\":\"Eliassen Home & Garden Pleasure\",\"description\":\"\",\"publisher\":{\"@id\":\"https:\/\/dev.eliassen.nl\/de\/#organization\"},\"alternateName\":\"Eliassen.nl\",\"potentialAction\":[{\"@type\":\"SearchAction\",\"target\":{\"@type\":\"EntryPoint\",\"urlTemplate\":\"https:\/\/dev.eliassen.nl\/de\/?s={search_term_string}\"},\"query-input\":{\"@type\":\"PropertyValueSpecification\",\"valueRequired\":true,\"valueName\":\"search_term_string\"}}],\"inLanguage\":\"de\"},{\"@type\":\"Organization\",\"@id\":\"https:\/\/dev.eliassen.nl\/de\/#organization\",\"name\":\"Eliassen Home & Garden Pleasure\",\"url\":\"https:\/\/dev.eliassen.nl\/de\/\",\"logo\":{\"@type\":\"ImageObject\",\"inLanguage\":\"de\",\"@id\":\"https:\/\/dev.eliassen.nl\/de\/#\/schema\/logo\/image\/\",\"url\":\"https:\/\/www.eliassen.nl\/wp-content\/uploads\/2024\/01\/logo_4nd.jpg\",\"contentUrl\":\"https:\/\/www.eliassen.nl\/wp-content\/uploads\/2024\/01\/logo_4nd.jpg\",\"width\":500,\"height\":500,\"caption\":\"Eliassen Home & Garden Pleasure\"},\"image\":{\"@id\":\"https:\/\/dev.eliassen.nl\/de\/#\/schema\/logo\/image\/\"},\"sameAs\":[\"https:\/\/www.facebook.com\/TuincentrumEliassenAmmerzoden\",\"https:\/\/www.instagram.com\/eliassenhomeandgarden\/\",\"https:\/\/nl.pinterest.com\/eliassenhomeandgarden\/\",\"https:\/\/www.youtube.com\/@eliassenhomegardenpleasure4558\"]}]}<\/script>\n<!-- \/ Yoast SEO plugin. -->","yoast_head_json":{"title":"Glasmalerei Totenkopf mit Rose 60x80cm.","description":"M\u00f6chten Sie ein Glasgem\u00e4lde Totenkopf mit Rose kaufen? Eliassen bietet Ihnen eine gro\u00dfe Auswahl an (Glas-)Bildern in einem gro\u00dfen Ausstellungsraum und online...","robots":{"index":"noindex","follow":"follow","max-snippet":"max-snippet:-1","max-image-preview":"max-image-preview:large","max-video-preview":"max-video-preview:-1"},"og_locale":"de_DE","og_type":"article","og_title":"Glasmalerei Totenkopf mit Rose 60x80cm.","og_description":"M\u00f6chten Sie ein Glasgem\u00e4lde Totenkopf mit Rose kaufen? Eliassen bietet Ihnen eine gro\u00dfe Auswahl an (Glas-)Bildern in einem gro\u00dfen Ausstellungsraum und online...","og_url":"https:\/\/dev.eliassen.nl\/de\/glasmalerei-totenkopf-mit-rose-60x80cm\/","og_site_name":"Eliassen.nl","article_publisher":"https:\/\/www.facebook.com\/TuincentrumEliassenAmmerzoden","article_modified_time":"2024-12-05T14:56:58+00:00","og_image":[{"width":525,"height":700,"url":"https:\/\/dev.eliassen.nl\/wp-content\/uploads\/2024\/01\/glas060080f182.jpg","type":"image\/jpeg"}],"twitter_card":"summary_large_image","schema":{"@context":"https:\/\/schema.org","@graph":[{"@type":"WebPage","@id":"https:\/\/dev.eliassen.nl\/de\/glasmalerei-totenkopf-mit-rose-60x80cm\/","url":"https:\/\/dev.eliassen.nl\/de\/glasmalerei-totenkopf-mit-rose-60x80cm\/","name":"Glasmalerei Totenkopf mit Rose 60x80cm.","isPartOf":{"@id":"https:\/\/dev.eliassen.nl\/de\/#website"},"primaryImageOfPage":{"@id":"https:\/\/dev.eliassen.nl\/de\/glasmalerei-totenkopf-mit-rose-60x80cm\/#primaryimage"},"image":{"@id":"https:\/\/dev.eliassen.nl\/de\/glasmalerei-totenkopf-mit-rose-60x80cm\/#primaryimage"},"thumbnailUrl":"https:\/\/dev.eliassen.nl\/wp-content\/uploads\/2024\/01\/glas060080f182.jpg","datePublished":"2021-12-16T14:49:47+00:00","dateModified":"2024-12-05T14:56:58+00:00","description":"M\u00f6chten Sie ein Glasgem\u00e4lde Totenkopf mit Rose kaufen? Eliassen bietet Ihnen eine gro\u00dfe Auswahl an (Glas-)Bildern in einem gro\u00dfen Ausstellungsraum und online...","breadcrumb":{"@id":"https:\/\/dev.eliassen.nl\/de\/glasmalerei-totenkopf-mit-rose-60x80cm\/#breadcrumb"},"inLanguage":"de","potentialAction":[{"@type":"ReadAction","target":["https:\/\/dev.eliassen.nl\/de\/glasmalerei-totenkopf-mit-rose-60x80cm\/"]}]},{"@type":"ImageObject","inLanguage":"de","@id":"https:\/\/dev.eliassen.nl\/de\/glasmalerei-totenkopf-mit-rose-60x80cm\/#primaryimage","url":"https:\/\/dev.eliassen.nl\/wp-content\/uploads\/2024\/01\/glas060080f182.jpg","contentUrl":"https:\/\/dev.eliassen.nl\/wp-content\/uploads\/2024\/01\/glas060080f182.jpg","width":525,"height":700,"caption":"GLAS060080F-182"},{"@type":"BreadcrumbList","@id":"https:\/\/dev.eliassen.nl\/de\/glasmalerei-totenkopf-mit-rose-60x80cm\/#breadcrumb","itemListElement":[{"@type":"ListItem","position":1,"name":"Home","item":"https:\/\/dev.eliassen.nl\/de\/"},{"@type":"ListItem","position":2,"name":"Shop","item":"https:\/\/dev.eliassen.nl\/nl\/winkel\/"},{"@type":"ListItem","position":3,"name":"Glasmalereien","item":"https:\/\/dev.eliassen.nl\/de\/gemaelde\/glasmalereien\/"},{"@type":"ListItem","position":4,"name":"Glasmalerei im Format 60x80cm","item":"https:\/\/dev.eliassen.nl\/de\/gemaelde\/glasmalereien\/glasmalerei-im-format-60x80cm\/"},{"@type":"ListItem","position":5,"name":"Glasmalerei Totenkopf mit Rose 60x80cm."}]},{"@type":"WebSite","@id":"https:\/\/dev.eliassen.nl\/de\/#website","url":"https:\/\/dev.eliassen.nl\/de\/","name":"Eliassen Home & Garden Pleasure","description":"","publisher":{"@id":"https:\/\/dev.eliassen.nl\/de\/#organization"},"alternateName":"Eliassen.nl","potentialAction":[{"@type":"SearchAction","target":{"@type":"EntryPoint","urlTemplate":"https:\/\/dev.eliassen.nl\/de\/?s={search_term_string}"},"query-input":{"@type":"PropertyValueSpecification","valueRequired":true,"valueName":"search_term_string"}}],"inLanguage":"de"},{"@type":"Organization","@id":"https:\/\/dev.eliassen.nl\/de\/#organization","name":"Eliassen Home & Garden Pleasure","url":"https:\/\/dev.eliassen.nl\/de\/","logo":{"@type":"ImageObject","inLanguage":"de","@id":"https:\/\/dev.eliassen.nl\/de\/#\/schema\/logo\/image\/","url":"https:\/\/www.eliassen.nl\/wp-content\/uploads\/2024\/01\/logo_4nd.jpg","contentUrl":"https:\/\/www.eliassen.nl\/wp-content\/uploads\/2024\/01\/logo_4nd.jpg","width":500,"height":500,"caption":"Eliassen Home & Garden Pleasure"},"image":{"@id":"https:\/\/dev.eliassen.nl\/de\/#\/schema\/logo\/image\/"},"sameAs":["https:\/\/www.facebook.com\/TuincentrumEliassenAmmerzoden","https:\/\/www.instagram.com\/eliassenhomeandgarden\/","https:\/\/nl.pinterest.com\/eliassenhomeandgarden\/","https:\/\/www.youtube.com\/@eliassenhomegardenpleasure4558"]}]}},"df_price":89,"df_sale_price":89,"df_regular_price":109,"df_image_link":"https:\/\/dev.eliassen.nl\/wp-content\/uploads\/2024\/01\/glas060080f182.jpg","image":"https:\/\/dev.eliassen.nl\/wp-content\/uploads\/2024\/01\/glas060080f182.jpg","price_search":"<span class=\"woocommerce-Price-amount amount\"><bdi><span class=\"woocommerce-Price-currencySymbol\">&euro;<\/span>&nbsp;89,00<\/bdi><\/span>","category":"Gem\u00e4lde","_links":{"self":[{"href":"https:\/\/dev.eliassen.nl\/de\/wp-json\/wp\/v2\/product\/67123","targetHints":{"allow":["GET"]}}],"collection":[{"href":"https:\/\/dev.eliassen.nl\/de\/wp-json\/wp\/v2\/product"}],"about":[{"href":"https:\/\/dev.eliassen.nl\/de\/wp-json\/wp\/v2\/types\/product"}],"wp:featuredmedia":[{"embeddable":true,"href":"https:\/\/dev.eliassen.nl\/de\/wp-json\/wp\/v2\/media\/67120"}],"wp:attachment":[{"href":"https:\/\/dev.eliassen.nl\/de\/wp-json\/wp\/v2\/media?parent=67123"}],"wp:term":[{"taxonomy":"product_brand","embeddable":true,"href":"https:\/\/dev.eliassen.nl\/de\/wp-json\/wp\/v2\/product_brand?post=67123"},{"taxonomy":"product_cat","embeddable":true,"href":"https:\/\/dev.eliassen.nl\/de\/wp-json\/wp\/v2\/product_cat?post=67123"},{"taxonomy":"product_tag","embeddable":true,"href":"https:\/\/dev.eliassen.nl\/de\/wp-json\/wp\/v2\/product_tag?post=67123"}],"curies":[{"name":"wp","href":"https:\/\/api.w.org\/{rel}","templated":true}]}}