{"id":67327,"date":"2021-12-21T10:44:11","date_gmt":"2021-12-21T09:44:11","guid":{"rendered":"https:\/\/www.eliassen.nl\/?product=zuil-blackstone-gebrand-40x40x80cm"},"modified":"2024-12-05T15:57:20","modified_gmt":"2024-12-05T14:57:20","slug":"saule-gebrannter-schwarzstein-40x40x80cm","status":"publish","type":"product","link":"https:\/\/dev.eliassen.nl\/de\/saule-gebrannter-schwarzstein-40x40x80cm\/","title":{"rendered":"S\u00e4ule gebrannter Schwarzstein 40x40x80cm"},"content":{"rendered":"<p>M\u00f6chten Sie einen Steinsockel kaufen? Dieser Sockel ist aus Schwarzstein, mit verbrannten Seiten und verbrannter Oberseite. Diese robuste, nat\u00fcrlich geflammte S\u00e4ule ist eine sch\u00f6ne Kombination mit einem Blumentopf, einer Vase, einer Statue oder einer Sonnenuhr oder einem anderen Objekt, sieht aber auch in Ihrem Zuhause oder Gesch\u00e4ft gro\u00dfartig aus. Dieser Sockel ist ein schweres Objekt aus 28 mm Steinplatten und sehr robust.<\/p>\n<p>Wenn Sie auf der Suche nach einer S\u00e4ule oder S\u00e4ule aus Naturstein sind, dann sollten Sie diese S\u00e4ule unbedingt in Betracht ziehen.<\/p>\n<ul>\n<li>Gr\u00f6\u00dfe 40 x 40 x 80 cm<\/li>\n<li>Sehr robust<\/li>\n<li>Unzerst\u00f6rbar<\/li>\n<li>Wandst\u00e4rke mindestens 28mm<\/li>\n<li>Sehr robuste nat\u00fcrliche Optik<\/li>\n<li>Freistein<\/li>\n<li>Gewicht ca. 90 kg<\/li>\n<\/ul>\n","protected":false},"excerpt":{"rendered":"<p>M\u00f6chten Sie einen Steinsockel kaufen? Dieser Sockel ist aus Schwarzstein, mit verbrannten Seiten und verbrannter Oberseite. Diese robuste, nat\u00fcrlich geflammte S\u00e4ule ist eine sch\u00f6ne Kombination mit einem Blumentopf, einer Vase, einer Statue oder einer Sonnenuhr oder einem anderen Objekt, sieht aber auch in Ihrem Zuhause oder Gesch\u00e4ft gro\u00dfartig aus. Dieser Sockel ist ein schweres Objekt &hellip;<\/p>\n","protected":false},"featured_media":67309,"template":"","meta":{"_acf_changed":false},"product_brand":[],"product_cat":[782,785],"product_tag":[],"class_list":{"0":"post-67327","1":"product","2":"type-product","3":"status-publish","4":"has-post-thumbnail","6":"product_cat-sockel","7":"product_cat-sockel-aus-naturstein","9":"first","10":"instock","11":"taxable","12":"shipping-taxable","13":"purchasable","14":"product-type-simple"},"acf":[],"yoast_head":"<!-- This site is optimized with the Yoast SEO plugin v23.8 - https:\/\/yoast.com\/wordpress\/plugins\/seo\/ -->\n<title>S\u00e4ule gebrannter Schwarzstein 40x40x80cm<\/title>\n<meta name=\"description\" content=\"Ben\u00f6tigen Sie eine S\u00e4ule oder einen Sockel? 100 verschiedene Sorten in unserem Webshop, aber auch live zu sehen.\" \/>\n<meta name=\"robots\" content=\"noindex, follow, max-snippet:-1, max-image-preview:large, max-video-preview:-1\" \/>\n<meta property=\"og:locale\" content=\"de_DE\" \/>\n<meta property=\"og:type\" content=\"article\" \/>\n<meta property=\"og:title\" content=\"S\u00e4ule gebrannter Schwarzstein 40x40x80cm\" \/>\n<meta property=\"og:description\" content=\"Ben\u00f6tigen Sie eine S\u00e4ule oder einen Sockel? 100 verschiedene Sorten in unserem Webshop, aber auch live zu sehen.\" \/>\n<meta property=\"og:url\" content=\"https:\/\/dev.eliassen.nl\/de\/saule-gebrannter-schwarzstein-40x40x80cm\/\" \/>\n<meta property=\"og:site_name\" content=\"Eliassen.nl\" \/>\n<meta property=\"article:publisher\" content=\"https:\/\/www.facebook.com\/TuincentrumEliassenAmmerzoden\" \/>\n<meta property=\"article:modified_time\" content=\"2024-12-05T14:57:20+00:00\" \/>\n<meta property=\"og:image\" content=\"https:\/\/dev.eliassen.nl\/wp-content\/uploads\/2024\/01\/zuilblackstonegebrand40x40x80cmeliassennl.png\" \/>\n\t<meta property=\"og:image:width\" content=\"851\" \/>\n\t<meta property=\"og:image:height\" content=\"1000\" \/>\n\t<meta property=\"og:image:type\" content=\"image\/png\" \/>\n<meta name=\"twitter:card\" content=\"summary_large_image\" \/>\n<script type=\"application\/ld+json\" class=\"yoast-schema-graph\">{\"@context\":\"https:\/\/schema.org\",\"@graph\":[{\"@type\":\"WebPage\",\"@id\":\"https:\/\/dev.eliassen.nl\/de\/saule-gebrannter-schwarzstein-40x40x80cm\/\",\"url\":\"https:\/\/dev.eliassen.nl\/de\/saule-gebrannter-schwarzstein-40x40x80cm\/\",\"name\":\"S\u00e4ule gebrannter Schwarzstein 40x40x80cm\",\"isPartOf\":{\"@id\":\"https:\/\/dev.eliassen.nl\/de\/#website\"},\"primaryImageOfPage\":{\"@id\":\"https:\/\/dev.eliassen.nl\/de\/saule-gebrannter-schwarzstein-40x40x80cm\/#primaryimage\"},\"image\":{\"@id\":\"https:\/\/dev.eliassen.nl\/de\/saule-gebrannter-schwarzstein-40x40x80cm\/#primaryimage\"},\"thumbnailUrl\":\"https:\/\/dev.eliassen.nl\/wp-content\/uploads\/2024\/01\/zuilblackstonegebrand40x40x80cmeliassennl.png\",\"datePublished\":\"2021-12-21T09:44:11+00:00\",\"dateModified\":\"2024-12-05T14:57:20+00:00\",\"description\":\"Ben\u00f6tigen Sie eine S\u00e4ule oder einen Sockel? 100 verschiedene Sorten in unserem Webshop, aber auch live zu sehen.\",\"breadcrumb\":{\"@id\":\"https:\/\/dev.eliassen.nl\/de\/saule-gebrannter-schwarzstein-40x40x80cm\/#breadcrumb\"},\"inLanguage\":\"de\",\"potentialAction\":[{\"@type\":\"ReadAction\",\"target\":[\"https:\/\/dev.eliassen.nl\/de\/saule-gebrannter-schwarzstein-40x40x80cm\/\"]}]},{\"@type\":\"ImageObject\",\"inLanguage\":\"de\",\"@id\":\"https:\/\/dev.eliassen.nl\/de\/saule-gebrannter-schwarzstein-40x40x80cm\/#primaryimage\",\"url\":\"https:\/\/dev.eliassen.nl\/wp-content\/uploads\/2024\/01\/zuilblackstonegebrand40x40x80cmeliassennl.png\",\"contentUrl\":\"https:\/\/dev.eliassen.nl\/wp-content\/uploads\/2024\/01\/zuilblackstonegebrand40x40x80cmeliassennl.png\",\"width\":851,\"height\":1000,\"caption\":\"Zuil blackstone gebrand 40x40x80cm - eliassen.nl\"},{\"@type\":\"BreadcrumbList\",\"@id\":\"https:\/\/dev.eliassen.nl\/de\/saule-gebrannter-schwarzstein-40x40x80cm\/#breadcrumb\",\"itemListElement\":[{\"@type\":\"ListItem\",\"position\":1,\"name\":\"Home\",\"item\":\"https:\/\/dev.eliassen.nl\/de\/\"},{\"@type\":\"ListItem\",\"position\":2,\"name\":\"Shop\",\"item\":\"https:\/\/dev.eliassen.nl\/nl\/winkel\/\"},{\"@type\":\"ListItem\",\"position\":3,\"name\":\"Sockel\",\"item\":\"https:\/\/dev.eliassen.nl\/de\/sockel\/\"},{\"@type\":\"ListItem\",\"position\":4,\"name\":\"Sockel aus Naturstein\",\"item\":\"https:\/\/dev.eliassen.nl\/de\/sockel\/sockel-aus-naturstein\/\"},{\"@type\":\"ListItem\",\"position\":5,\"name\":\"S\u00e4ule gebrannter Schwarzstein 40x40x80cm\"}]},{\"@type\":\"WebSite\",\"@id\":\"https:\/\/dev.eliassen.nl\/de\/#website\",\"url\":\"https:\/\/dev.eliassen.nl\/de\/\",\"name\":\"Eliassen Home & Garden Pleasure\",\"description\":\"\",\"publisher\":{\"@id\":\"https:\/\/dev.eliassen.nl\/de\/#organization\"},\"alternateName\":\"Eliassen.nl\",\"potentialAction\":[{\"@type\":\"SearchAction\",\"target\":{\"@type\":\"EntryPoint\",\"urlTemplate\":\"https:\/\/dev.eliassen.nl\/de\/?s={search_term_string}\"},\"query-input\":{\"@type\":\"PropertyValueSpecification\",\"valueRequired\":true,\"valueName\":\"search_term_string\"}}],\"inLanguage\":\"de\"},{\"@type\":\"Organization\",\"@id\":\"https:\/\/dev.eliassen.nl\/de\/#organization\",\"name\":\"Eliassen Home & Garden Pleasure\",\"url\":\"https:\/\/dev.eliassen.nl\/de\/\",\"logo\":{\"@type\":\"ImageObject\",\"inLanguage\":\"de\",\"@id\":\"https:\/\/dev.eliassen.nl\/de\/#\/schema\/logo\/image\/\",\"url\":\"https:\/\/www.eliassen.nl\/wp-content\/uploads\/2024\/01\/logo_4nd.jpg\",\"contentUrl\":\"https:\/\/www.eliassen.nl\/wp-content\/uploads\/2024\/01\/logo_4nd.jpg\",\"width\":500,\"height\":500,\"caption\":\"Eliassen Home & Garden Pleasure\"},\"image\":{\"@id\":\"https:\/\/dev.eliassen.nl\/de\/#\/schema\/logo\/image\/\"},\"sameAs\":[\"https:\/\/www.facebook.com\/TuincentrumEliassenAmmerzoden\",\"https:\/\/www.instagram.com\/eliassenhomeandgarden\/\",\"https:\/\/nl.pinterest.com\/eliassenhomeandgarden\/\",\"https:\/\/www.youtube.com\/@eliassenhomegardenpleasure4558\"]}]}<\/script>\n<!-- \/ Yoast SEO plugin. -->","yoast_head_json":{"title":"S\u00e4ule gebrannter Schwarzstein 40x40x80cm","description":"Ben\u00f6tigen Sie eine S\u00e4ule oder einen Sockel? 100 verschiedene Sorten in unserem Webshop, aber auch live zu sehen.","robots":{"index":"noindex","follow":"follow","max-snippet":"max-snippet:-1","max-image-preview":"max-image-preview:large","max-video-preview":"max-video-preview:-1"},"og_locale":"de_DE","og_type":"article","og_title":"S\u00e4ule gebrannter Schwarzstein 40x40x80cm","og_description":"Ben\u00f6tigen Sie eine S\u00e4ule oder einen Sockel? 100 verschiedene Sorten in unserem Webshop, aber auch live zu sehen.","og_url":"https:\/\/dev.eliassen.nl\/de\/saule-gebrannter-schwarzstein-40x40x80cm\/","og_site_name":"Eliassen.nl","article_publisher":"https:\/\/www.facebook.com\/TuincentrumEliassenAmmerzoden","article_modified_time":"2024-12-05T14:57:20+00:00","og_image":[{"width":851,"height":1000,"url":"https:\/\/dev.eliassen.nl\/wp-content\/uploads\/2024\/01\/zuilblackstonegebrand40x40x80cmeliassennl.png","type":"image\/png"}],"twitter_card":"summary_large_image","schema":{"@context":"https:\/\/schema.org","@graph":[{"@type":"WebPage","@id":"https:\/\/dev.eliassen.nl\/de\/saule-gebrannter-schwarzstein-40x40x80cm\/","url":"https:\/\/dev.eliassen.nl\/de\/saule-gebrannter-schwarzstein-40x40x80cm\/","name":"S\u00e4ule gebrannter Schwarzstein 40x40x80cm","isPartOf":{"@id":"https:\/\/dev.eliassen.nl\/de\/#website"},"primaryImageOfPage":{"@id":"https:\/\/dev.eliassen.nl\/de\/saule-gebrannter-schwarzstein-40x40x80cm\/#primaryimage"},"image":{"@id":"https:\/\/dev.eliassen.nl\/de\/saule-gebrannter-schwarzstein-40x40x80cm\/#primaryimage"},"thumbnailUrl":"https:\/\/dev.eliassen.nl\/wp-content\/uploads\/2024\/01\/zuilblackstonegebrand40x40x80cmeliassennl.png","datePublished":"2021-12-21T09:44:11+00:00","dateModified":"2024-12-05T14:57:20+00:00","description":"Ben\u00f6tigen Sie eine S\u00e4ule oder einen Sockel? 100 verschiedene Sorten in unserem Webshop, aber auch live zu sehen.","breadcrumb":{"@id":"https:\/\/dev.eliassen.nl\/de\/saule-gebrannter-schwarzstein-40x40x80cm\/#breadcrumb"},"inLanguage":"de","potentialAction":[{"@type":"ReadAction","target":["https:\/\/dev.eliassen.nl\/de\/saule-gebrannter-schwarzstein-40x40x80cm\/"]}]},{"@type":"ImageObject","inLanguage":"de","@id":"https:\/\/dev.eliassen.nl\/de\/saule-gebrannter-schwarzstein-40x40x80cm\/#primaryimage","url":"https:\/\/dev.eliassen.nl\/wp-content\/uploads\/2024\/01\/zuilblackstonegebrand40x40x80cmeliassennl.png","contentUrl":"https:\/\/dev.eliassen.nl\/wp-content\/uploads\/2024\/01\/zuilblackstonegebrand40x40x80cmeliassennl.png","width":851,"height":1000,"caption":"Zuil blackstone gebrand 40x40x80cm - eliassen.nl"},{"@type":"BreadcrumbList","@id":"https:\/\/dev.eliassen.nl\/de\/saule-gebrannter-schwarzstein-40x40x80cm\/#breadcrumb","itemListElement":[{"@type":"ListItem","position":1,"name":"Home","item":"https:\/\/dev.eliassen.nl\/de\/"},{"@type":"ListItem","position":2,"name":"Shop","item":"https:\/\/dev.eliassen.nl\/nl\/winkel\/"},{"@type":"ListItem","position":3,"name":"Sockel","item":"https:\/\/dev.eliassen.nl\/de\/sockel\/"},{"@type":"ListItem","position":4,"name":"Sockel aus Naturstein","item":"https:\/\/dev.eliassen.nl\/de\/sockel\/sockel-aus-naturstein\/"},{"@type":"ListItem","position":5,"name":"S\u00e4ule gebrannter Schwarzstein 40x40x80cm"}]},{"@type":"WebSite","@id":"https:\/\/dev.eliassen.nl\/de\/#website","url":"https:\/\/dev.eliassen.nl\/de\/","name":"Eliassen Home & Garden Pleasure","description":"","publisher":{"@id":"https:\/\/dev.eliassen.nl\/de\/#organization"},"alternateName":"Eliassen.nl","potentialAction":[{"@type":"SearchAction","target":{"@type":"EntryPoint","urlTemplate":"https:\/\/dev.eliassen.nl\/de\/?s={search_term_string}"},"query-input":{"@type":"PropertyValueSpecification","valueRequired":true,"valueName":"search_term_string"}}],"inLanguage":"de"},{"@type":"Organization","@id":"https:\/\/dev.eliassen.nl\/de\/#organization","name":"Eliassen Home & Garden Pleasure","url":"https:\/\/dev.eliassen.nl\/de\/","logo":{"@type":"ImageObject","inLanguage":"de","@id":"https:\/\/dev.eliassen.nl\/de\/#\/schema\/logo\/image\/","url":"https:\/\/www.eliassen.nl\/wp-content\/uploads\/2024\/01\/logo_4nd.jpg","contentUrl":"https:\/\/www.eliassen.nl\/wp-content\/uploads\/2024\/01\/logo_4nd.jpg","width":500,"height":500,"caption":"Eliassen Home & Garden Pleasure"},"image":{"@id":"https:\/\/dev.eliassen.nl\/de\/#\/schema\/logo\/image\/"},"sameAs":["https:\/\/www.facebook.com\/TuincentrumEliassenAmmerzoden","https:\/\/www.instagram.com\/eliassenhomeandgarden\/","https:\/\/nl.pinterest.com\/eliassenhomeandgarden\/","https:\/\/www.youtube.com\/@eliassenhomegardenpleasure4558"]}]}},"df_price":345,"df_sale_price":"","df_regular_price":345,"df_image_link":"https:\/\/dev.eliassen.nl\/wp-content\/uploads\/2024\/01\/zuilblackstonegebrand40x40x80cmeliassennl.png","image":"https:\/\/dev.eliassen.nl\/wp-content\/uploads\/2024\/01\/zuilblackstonegebrand40x40x80cmeliassennl.png","price_search":"<span class=\"woocommerce-Price-amount amount\"><bdi><span class=\"woocommerce-Price-currencySymbol\">&euro;<\/span>&nbsp;345,00<\/bdi><\/span>","category":"Sockel","_links":{"self":[{"href":"https:\/\/dev.eliassen.nl\/de\/wp-json\/wp\/v2\/product\/67327","targetHints":{"allow":["GET"]}}],"collection":[{"href":"https:\/\/dev.eliassen.nl\/de\/wp-json\/wp\/v2\/product"}],"about":[{"href":"https:\/\/dev.eliassen.nl\/de\/wp-json\/wp\/v2\/types\/product"}],"wp:featuredmedia":[{"embeddable":true,"href":"https:\/\/dev.eliassen.nl\/de\/wp-json\/wp\/v2\/media\/67309"}],"wp:attachment":[{"href":"https:\/\/dev.eliassen.nl\/de\/wp-json\/wp\/v2\/media?parent=67327"}],"wp:term":[{"taxonomy":"product_brand","embeddable":true,"href":"https:\/\/dev.eliassen.nl\/de\/wp-json\/wp\/v2\/product_brand?post=67327"},{"taxonomy":"product_cat","embeddable":true,"href":"https:\/\/dev.eliassen.nl\/de\/wp-json\/wp\/v2\/product_cat?post=67327"},{"taxonomy":"product_tag","embeddable":true,"href":"https:\/\/dev.eliassen.nl\/de\/wp-json\/wp\/v2\/product_tag?post=67327"}],"curies":[{"name":"wp","href":"https:\/\/api.w.org\/{rel}","templated":true}]}}