{"id":67792,"date":"2021-12-29T15:41:30","date_gmt":"2021-12-29T14:41:30","guid":{"rendered":"https:\/\/www.eliassen.nl\/?product=muurdeco-vrouw-modern-70cm"},"modified":"2024-12-05T15:57:52","modified_gmt":"2024-12-05T14:57:52","slug":"wanddeko-frau-modern-70cm","status":"publish","type":"product","link":"https:\/\/dev.eliassen.nl\/de\/wanddeko-frau-modern-70cm\/","title":{"rendered":"Wanddeko Frau modern 70cm"},"content":{"rendered":"<p>Diese gro\u00dfe schwarze moderne Wanddekoration h\u00e4ngt wundersch\u00f6n in jedem modernen Interieur, aber auch in Ihren Gesch\u00e4ftsr\u00e4umen, in der Praxis, aber auch drau\u00dfen unter einer Veranda, diese Wanddekoration ist ein toller Atmosph\u00e4renmacher. Dieser Wandschmuck aus Metall ist mit modernsten Laserger\u00e4ten passgenau gefertigt, so dass er wie dieser Wandschmuck in Frauenform sehr scharf geschnitten ist. Das f\u00fcr dieses Wandobjekt verwendete Material ist Stahlblech mit einer Dicke von mindestens 1,5 mm, damit sich diese Wanddekoration nicht verzieht. Schrauben in dieser Wanddekoration sorgen daf\u00fcr, dass diese Wanddeko ca. 1 cm frei von der Wand h\u00e4ngt, sodass ein sehr sch\u00f6nes Schattenbild und 3D-Effekt erzielt wird.<\/p>\n<ul>\n<li>Gr\u00f6\u00dfe: 58x70cm<\/li>\n<li>Material: Eisen 1,5mm dick<\/li>\n<li>Farbe: Schwarz seidenmatt<\/li>\n<li>Gut verpackt im Karton mit extra F\u00fcllung<\/li>\n<li>Erh\u00e4ltlich aus unserem eigenen Lager<\/li>\n<li>Auch live bei uns zu sehen<\/li>\n<li>1 Jahr Garantie<\/li>\n<\/ul>\n","protected":false},"excerpt":{"rendered":"<p>Diese gro\u00dfe schwarze moderne Wanddekoration h\u00e4ngt wundersch\u00f6n in jedem modernen Interieur, aber auch in Ihren Gesch\u00e4ftsr\u00e4umen, in der Praxis, aber auch drau\u00dfen unter einer Veranda, diese Wanddekoration ist ein toller Atmosph\u00e4renmacher. Dieser Wandschmuck aus Metall ist mit modernsten Laserger\u00e4ten passgenau gefertigt, so dass er wie dieser Wandschmuck in Frauenform sehr scharf geschnitten ist. Das f\u00fcr &hellip;<\/p>\n","protected":false},"featured_media":67783,"template":"","meta":{"_acf_changed":false},"product_brand":[],"product_cat":[515,509,1241],"product_tag":[],"class_list":{"0":"post-67792","1":"product","2":"type-product","3":"status-publish","4":"has-post-thumbnail","6":"product_cat-3d-wanddekoration-mit-rahmen","7":"product_cat-wanddekoration","8":"product_cat-wanddekoration-aus-metall-lasergeschnitten","10":"first","11":"instock","12":"taxable","13":"shipping-taxable","14":"purchasable","15":"product-type-simple"},"acf":[],"yoast_head":"<!-- This site is optimized with the Yoast SEO plugin v23.8 - https:\/\/yoast.com\/wordpress\/plugins\/seo\/ -->\n<title>Wanddeko Frau modern 70cm<\/title>\n<meta name=\"description\" content=\"Wanddekorationen f\u00fcr Ihr Zuhause oder B\u00fcro. Geeignet f\u00fcr den Innen- und Au\u00dfenbereich. Sehen Sie sich LIVE +1.000 Wanddekorationen LIVE in unserem Showroom an!\" \/>\n<meta name=\"robots\" content=\"noindex, follow, max-snippet:-1, max-image-preview:large, max-video-preview:-1\" \/>\n<meta property=\"og:locale\" content=\"de_DE\" \/>\n<meta property=\"og:type\" content=\"article\" \/>\n<meta property=\"og:title\" content=\"Wanddeko Frau modern 70cm\" \/>\n<meta property=\"og:description\" content=\"Wanddekorationen f\u00fcr Ihr Zuhause oder B\u00fcro. Geeignet f\u00fcr den Innen- und Au\u00dfenbereich. Sehen Sie sich LIVE +1.000 Wanddekorationen LIVE in unserem Showroom an!\" \/>\n<meta property=\"og:url\" content=\"https:\/\/dev.eliassen.nl\/de\/wanddeko-frau-modern-70cm\/\" \/>\n<meta property=\"og:site_name\" content=\"Eliassen.nl\" \/>\n<meta property=\"article:publisher\" content=\"https:\/\/www.facebook.com\/TuincentrumEliassenAmmerzoden\" \/>\n<meta property=\"article:modified_time\" content=\"2024-12-05T14:57:52+00:00\" \/>\n<meta property=\"og:image\" content=\"https:\/\/dev.eliassen.nl\/wp-content\/uploads\/2024\/01\/wanddecovrouwmoderneliassen.jpg\" \/>\n\t<meta property=\"og:image:width\" content=\"466\" \/>\n\t<meta property=\"og:image:height\" content=\"467\" \/>\n\t<meta property=\"og:image:type\" content=\"image\/jpeg\" \/>\n<meta name=\"twitter:card\" content=\"summary_large_image\" \/>\n<script type=\"application\/ld+json\" class=\"yoast-schema-graph\">{\"@context\":\"https:\/\/schema.org\",\"@graph\":[{\"@type\":\"WebPage\",\"@id\":\"https:\/\/dev.eliassen.nl\/de\/wanddeko-frau-modern-70cm\/\",\"url\":\"https:\/\/dev.eliassen.nl\/de\/wanddeko-frau-modern-70cm\/\",\"name\":\"Wanddeko Frau modern 70cm\",\"isPartOf\":{\"@id\":\"https:\/\/dev.eliassen.nl\/de\/#website\"},\"primaryImageOfPage\":{\"@id\":\"https:\/\/dev.eliassen.nl\/de\/wanddeko-frau-modern-70cm\/#primaryimage\"},\"image\":{\"@id\":\"https:\/\/dev.eliassen.nl\/de\/wanddeko-frau-modern-70cm\/#primaryimage\"},\"thumbnailUrl\":\"https:\/\/dev.eliassen.nl\/wp-content\/uploads\/2024\/01\/wanddecovrouwmoderneliassen.jpg\",\"datePublished\":\"2021-12-29T14:41:30+00:00\",\"dateModified\":\"2024-12-05T14:57:52+00:00\",\"description\":\"Wanddekorationen f\u00fcr Ihr Zuhause oder B\u00fcro. Geeignet f\u00fcr den Innen- und Au\u00dfenbereich. Sehen Sie sich LIVE +1.000 Wanddekorationen LIVE in unserem Showroom an!\",\"breadcrumb\":{\"@id\":\"https:\/\/dev.eliassen.nl\/de\/wanddeko-frau-modern-70cm\/#breadcrumb\"},\"inLanguage\":\"de\",\"potentialAction\":[{\"@type\":\"ReadAction\",\"target\":[\"https:\/\/dev.eliassen.nl\/de\/wanddeko-frau-modern-70cm\/\"]}]},{\"@type\":\"ImageObject\",\"inLanguage\":\"de\",\"@id\":\"https:\/\/dev.eliassen.nl\/de\/wanddeko-frau-modern-70cm\/#primaryimage\",\"url\":\"https:\/\/dev.eliassen.nl\/wp-content\/uploads\/2024\/01\/wanddecovrouwmoderneliassen.jpg\",\"contentUrl\":\"https:\/\/dev.eliassen.nl\/wp-content\/uploads\/2024\/01\/wanddecovrouwmoderneliassen.jpg\",\"width\":466,\"height\":467,\"caption\":\"wanddeco vrouw modern eliassen\"},{\"@type\":\"BreadcrumbList\",\"@id\":\"https:\/\/dev.eliassen.nl\/de\/wanddeko-frau-modern-70cm\/#breadcrumb\",\"itemListElement\":[{\"@type\":\"ListItem\",\"position\":1,\"name\":\"Home\",\"item\":\"https:\/\/dev.eliassen.nl\/de\/\"},{\"@type\":\"ListItem\",\"position\":2,\"name\":\"Shop\",\"item\":\"https:\/\/dev.eliassen.nl\/nl\/winkel\/\"},{\"@type\":\"ListItem\",\"position\":3,\"name\":\"Wanddekoration\",\"item\":\"https:\/\/dev.eliassen.nl\/de\/wanddekoration\/\"},{\"@type\":\"ListItem\",\"position\":4,\"name\":\"3D-Wanddekoration mit Rahmen\",\"item\":\"https:\/\/dev.eliassen.nl\/de\/wanddekoration\/3d-wanddekoration-mit-rahmen\/\"},{\"@type\":\"ListItem\",\"position\":5,\"name\":\"Wanddeko Frau modern 70cm\"}]},{\"@type\":\"WebSite\",\"@id\":\"https:\/\/dev.eliassen.nl\/de\/#website\",\"url\":\"https:\/\/dev.eliassen.nl\/de\/\",\"name\":\"Eliassen Home & Garden Pleasure\",\"description\":\"\",\"publisher\":{\"@id\":\"https:\/\/dev.eliassen.nl\/de\/#organization\"},\"alternateName\":\"Eliassen.nl\",\"potentialAction\":[{\"@type\":\"SearchAction\",\"target\":{\"@type\":\"EntryPoint\",\"urlTemplate\":\"https:\/\/dev.eliassen.nl\/de\/?s={search_term_string}\"},\"query-input\":{\"@type\":\"PropertyValueSpecification\",\"valueRequired\":true,\"valueName\":\"search_term_string\"}}],\"inLanguage\":\"de\"},{\"@type\":\"Organization\",\"@id\":\"https:\/\/dev.eliassen.nl\/de\/#organization\",\"name\":\"Eliassen Home & Garden Pleasure\",\"url\":\"https:\/\/dev.eliassen.nl\/de\/\",\"logo\":{\"@type\":\"ImageObject\",\"inLanguage\":\"de\",\"@id\":\"https:\/\/dev.eliassen.nl\/de\/#\/schema\/logo\/image\/\",\"url\":\"https:\/\/www.eliassen.nl\/wp-content\/uploads\/2024\/01\/logo_4nd.jpg\",\"contentUrl\":\"https:\/\/www.eliassen.nl\/wp-content\/uploads\/2024\/01\/logo_4nd.jpg\",\"width\":500,\"height\":500,\"caption\":\"Eliassen Home & Garden Pleasure\"},\"image\":{\"@id\":\"https:\/\/dev.eliassen.nl\/de\/#\/schema\/logo\/image\/\"},\"sameAs\":[\"https:\/\/www.facebook.com\/TuincentrumEliassenAmmerzoden\",\"https:\/\/www.instagram.com\/eliassenhomeandgarden\/\",\"https:\/\/nl.pinterest.com\/eliassenhomeandgarden\/\",\"https:\/\/www.youtube.com\/@eliassenhomegardenpleasure4558\"]}]}<\/script>\n<!-- \/ Yoast SEO plugin. -->","yoast_head_json":{"title":"Wanddeko Frau modern 70cm","description":"Wanddekorationen f\u00fcr Ihr Zuhause oder B\u00fcro. Geeignet f\u00fcr den Innen- und Au\u00dfenbereich. Sehen Sie sich LIVE +1.000 Wanddekorationen LIVE in unserem Showroom an!","robots":{"index":"noindex","follow":"follow","max-snippet":"max-snippet:-1","max-image-preview":"max-image-preview:large","max-video-preview":"max-video-preview:-1"},"og_locale":"de_DE","og_type":"article","og_title":"Wanddeko Frau modern 70cm","og_description":"Wanddekorationen f\u00fcr Ihr Zuhause oder B\u00fcro. Geeignet f\u00fcr den Innen- und Au\u00dfenbereich. Sehen Sie sich LIVE +1.000 Wanddekorationen LIVE in unserem Showroom an!","og_url":"https:\/\/dev.eliassen.nl\/de\/wanddeko-frau-modern-70cm\/","og_site_name":"Eliassen.nl","article_publisher":"https:\/\/www.facebook.com\/TuincentrumEliassenAmmerzoden","article_modified_time":"2024-12-05T14:57:52+00:00","og_image":[{"width":466,"height":467,"url":"https:\/\/dev.eliassen.nl\/wp-content\/uploads\/2024\/01\/wanddecovrouwmoderneliassen.jpg","type":"image\/jpeg"}],"twitter_card":"summary_large_image","schema":{"@context":"https:\/\/schema.org","@graph":[{"@type":"WebPage","@id":"https:\/\/dev.eliassen.nl\/de\/wanddeko-frau-modern-70cm\/","url":"https:\/\/dev.eliassen.nl\/de\/wanddeko-frau-modern-70cm\/","name":"Wanddeko Frau modern 70cm","isPartOf":{"@id":"https:\/\/dev.eliassen.nl\/de\/#website"},"primaryImageOfPage":{"@id":"https:\/\/dev.eliassen.nl\/de\/wanddeko-frau-modern-70cm\/#primaryimage"},"image":{"@id":"https:\/\/dev.eliassen.nl\/de\/wanddeko-frau-modern-70cm\/#primaryimage"},"thumbnailUrl":"https:\/\/dev.eliassen.nl\/wp-content\/uploads\/2024\/01\/wanddecovrouwmoderneliassen.jpg","datePublished":"2021-12-29T14:41:30+00:00","dateModified":"2024-12-05T14:57:52+00:00","description":"Wanddekorationen f\u00fcr Ihr Zuhause oder B\u00fcro. Geeignet f\u00fcr den Innen- und Au\u00dfenbereich. Sehen Sie sich LIVE +1.000 Wanddekorationen LIVE in unserem Showroom an!","breadcrumb":{"@id":"https:\/\/dev.eliassen.nl\/de\/wanddeko-frau-modern-70cm\/#breadcrumb"},"inLanguage":"de","potentialAction":[{"@type":"ReadAction","target":["https:\/\/dev.eliassen.nl\/de\/wanddeko-frau-modern-70cm\/"]}]},{"@type":"ImageObject","inLanguage":"de","@id":"https:\/\/dev.eliassen.nl\/de\/wanddeko-frau-modern-70cm\/#primaryimage","url":"https:\/\/dev.eliassen.nl\/wp-content\/uploads\/2024\/01\/wanddecovrouwmoderneliassen.jpg","contentUrl":"https:\/\/dev.eliassen.nl\/wp-content\/uploads\/2024\/01\/wanddecovrouwmoderneliassen.jpg","width":466,"height":467,"caption":"wanddeco vrouw modern eliassen"},{"@type":"BreadcrumbList","@id":"https:\/\/dev.eliassen.nl\/de\/wanddeko-frau-modern-70cm\/#breadcrumb","itemListElement":[{"@type":"ListItem","position":1,"name":"Home","item":"https:\/\/dev.eliassen.nl\/de\/"},{"@type":"ListItem","position":2,"name":"Shop","item":"https:\/\/dev.eliassen.nl\/nl\/winkel\/"},{"@type":"ListItem","position":3,"name":"Wanddekoration","item":"https:\/\/dev.eliassen.nl\/de\/wanddekoration\/"},{"@type":"ListItem","position":4,"name":"3D-Wanddekoration mit Rahmen","item":"https:\/\/dev.eliassen.nl\/de\/wanddekoration\/3d-wanddekoration-mit-rahmen\/"},{"@type":"ListItem","position":5,"name":"Wanddeko Frau modern 70cm"}]},{"@type":"WebSite","@id":"https:\/\/dev.eliassen.nl\/de\/#website","url":"https:\/\/dev.eliassen.nl\/de\/","name":"Eliassen Home & Garden Pleasure","description":"","publisher":{"@id":"https:\/\/dev.eliassen.nl\/de\/#organization"},"alternateName":"Eliassen.nl","potentialAction":[{"@type":"SearchAction","target":{"@type":"EntryPoint","urlTemplate":"https:\/\/dev.eliassen.nl\/de\/?s={search_term_string}"},"query-input":{"@type":"PropertyValueSpecification","valueRequired":true,"valueName":"search_term_string"}}],"inLanguage":"de"},{"@type":"Organization","@id":"https:\/\/dev.eliassen.nl\/de\/#organization","name":"Eliassen Home & Garden Pleasure","url":"https:\/\/dev.eliassen.nl\/de\/","logo":{"@type":"ImageObject","inLanguage":"de","@id":"https:\/\/dev.eliassen.nl\/de\/#\/schema\/logo\/image\/","url":"https:\/\/www.eliassen.nl\/wp-content\/uploads\/2024\/01\/logo_4nd.jpg","contentUrl":"https:\/\/www.eliassen.nl\/wp-content\/uploads\/2024\/01\/logo_4nd.jpg","width":500,"height":500,"caption":"Eliassen Home & Garden Pleasure"},"image":{"@id":"https:\/\/dev.eliassen.nl\/de\/#\/schema\/logo\/image\/"},"sameAs":["https:\/\/www.facebook.com\/TuincentrumEliassenAmmerzoden","https:\/\/www.instagram.com\/eliassenhomeandgarden\/","https:\/\/nl.pinterest.com\/eliassenhomeandgarden\/","https:\/\/www.youtube.com\/@eliassenhomegardenpleasure4558"]}]}},"df_price":79.5,"df_sale_price":"","df_regular_price":79.5,"df_image_link":"https:\/\/dev.eliassen.nl\/wp-content\/uploads\/2024\/01\/wanddecovrouwmoderneliassen.jpg","image":"https:\/\/dev.eliassen.nl\/wp-content\/uploads\/2024\/01\/wanddecovrouwmoderneliassen.jpg","price_search":"<span class=\"woocommerce-Price-amount amount\"><bdi><span class=\"woocommerce-Price-currencySymbol\">&euro;<\/span>&nbsp;79,50<\/bdi><\/span>","category":"3D-Wanddekoration mit Rahmen","_links":{"self":[{"href":"https:\/\/dev.eliassen.nl\/de\/wp-json\/wp\/v2\/product\/67792","targetHints":{"allow":["GET"]}}],"collection":[{"href":"https:\/\/dev.eliassen.nl\/de\/wp-json\/wp\/v2\/product"}],"about":[{"href":"https:\/\/dev.eliassen.nl\/de\/wp-json\/wp\/v2\/types\/product"}],"wp:featuredmedia":[{"embeddable":true,"href":"https:\/\/dev.eliassen.nl\/de\/wp-json\/wp\/v2\/media\/67783"}],"wp:attachment":[{"href":"https:\/\/dev.eliassen.nl\/de\/wp-json\/wp\/v2\/media?parent=67792"}],"wp:term":[{"taxonomy":"product_brand","embeddable":true,"href":"https:\/\/dev.eliassen.nl\/de\/wp-json\/wp\/v2\/product_brand?post=67792"},{"taxonomy":"product_cat","embeddable":true,"href":"https:\/\/dev.eliassen.nl\/de\/wp-json\/wp\/v2\/product_cat?post=67792"},{"taxonomy":"product_tag","embeddable":true,"href":"https:\/\/dev.eliassen.nl\/de\/wp-json\/wp\/v2\/product_tag?post=67792"}],"curies":[{"name":"wp","href":"https:\/\/api.w.org\/{rel}","templated":true}]}}