{"id":67822,"date":"2022-01-07T14:51:17","date_gmt":"2022-01-07T13:51:17","guid":{"rendered":"https:\/\/www.eliassen.nl\/?product=zuil-grijs-graniet-30x30x90cm-hoog"},"modified":"2024-12-05T15:57:53","modified_gmt":"2024-12-05T14:57:53","slug":"saule-grauer-granit-30x30x90cm-hoch","status":"publish","type":"product","link":"https:\/\/dev.eliassen.nl\/de\/saule-grauer-granit-30x30x90cm-hoch\/","title":{"rendered":"S\u00e4ule grauer Granit 30x30x90cm hoch"},"content":{"rendered":"<p>Eine S\u00e4ule in Ihrem Haus oder Garten ist multifunktional. Der Kauf eines gl\u00e4nzenden Sockels ist daher eine wunderbare Erg\u00e4nzung f\u00fcr Ihr Interieur oder als Gartendekoration, auch weil ein Sockel f\u00fcr verschiedene Zwecke geeignet ist.<\/p>\n<p>Dieser Granitsockel, beispielsweise mit einem Topf, einer Sonnenuhr, einer Statue oder einem anderen Objekt, wird ein sch\u00f6nes Objekt in Ihrem Haus oder Garten mit schickem Aussehen sein.<\/p>\n<p>Diese S\u00e4ulen sind aus naturgrau gesprenkeltem Granit gefertigt und anschlie\u00dfend poliert, was zu einem hochgl\u00e4nzenden Sockel f\u00fchrt. Die S\u00e4ulen sind in den Ecken extra verst\u00e4rkt.<br \/>Bei diesem Naturmaterial kann es zu leichten Abweichungen wie Flecken, Vertiefungen oder \u00e4hnlichem kommen. Dies ist normal und kann nicht beanstandet werden.<\/p>\n<ul>\n<li>Gr\u00f6\u00dfe: 30x30cmx90cm hoch<\/li>\n<li>Material: grauer Granit poliert<\/li>\n<li>Gewicht: 80 kg<\/li>\n<li>Kann im Innen- und Au\u00dfenbereich verwendet werden<\/li>\n<li>Sch\u00f6n fertig<\/li>\n<li>Eigener Bestand.<\/li>\n<li>Kratzt nicht schnell<\/li>\n<li>Garantie: 5 Jahre<\/li>\n<li><strong>Diese Kunst ist auch in unserem Fall zu sehen.<\/strong><\/li>\n<\/ul>\n","protected":false},"excerpt":{"rendered":"<p>Eine S\u00e4ule in Ihrem Haus oder Garten ist multifunktional. Der Kauf eines gl\u00e4nzenden Sockels ist daher eine wunderbare Erg\u00e4nzung f\u00fcr Ihr Interieur oder als Gartendekoration, auch weil ein Sockel f\u00fcr verschiedene Zwecke geeignet ist. Dieser Granitsockel, beispielsweise mit einem Topf, einer Sonnenuhr, einer Statue oder einem anderen Objekt, wird ein sch\u00f6nes Objekt in Ihrem Haus &hellip;<\/p>\n","protected":false},"featured_media":67804,"template":"","meta":{"_acf_changed":false},"product_brand":[],"product_cat":[782,785],"product_tag":[],"class_list":{"0":"post-67822","1":"product","2":"type-product","3":"status-publish","4":"has-post-thumbnail","6":"product_cat-sockel","7":"product_cat-sockel-aus-naturstein","9":"first","10":"instock","11":"taxable","12":"shipping-taxable","13":"purchasable","14":"product-type-simple"},"acf":[],"yoast_head":"<!-- This site is optimized with the Yoast SEO plugin v23.8 - https:\/\/yoast.com\/wordpress\/plugins\/seo\/ -->\n<title>S\u00e4ule grauer Granit 30x30x90cm hoch<\/title>\n<meta name=\"description\" content=\"100 Sockelmodelle im Webshop, k\u00f6nnen aber auch live angeschaut werden !!\" \/>\n<meta name=\"robots\" content=\"noindex, follow, max-snippet:-1, max-image-preview:large, max-video-preview:-1\" \/>\n<meta property=\"og:locale\" content=\"de_DE\" \/>\n<meta property=\"og:type\" content=\"article\" \/>\n<meta property=\"og:title\" content=\"S\u00e4ule grauer Granit 30x30x90cm hoch\" \/>\n<meta property=\"og:description\" content=\"100 Sockelmodelle im Webshop, k\u00f6nnen aber auch live angeschaut werden !!\" \/>\n<meta property=\"og:url\" content=\"https:\/\/dev.eliassen.nl\/de\/saule-grauer-granit-30x30x90cm-hoch\/\" \/>\n<meta property=\"og:site_name\" content=\"Eliassen.nl\" \/>\n<meta property=\"article:publisher\" content=\"https:\/\/www.facebook.com\/TuincentrumEliassenAmmerzoden\" \/>\n<meta property=\"article:modified_time\" content=\"2024-12-05T14:57:53+00:00\" \/>\n<meta property=\"og:image\" content=\"https:\/\/dev.eliassen.nl\/wp-content\/uploads\/2024\/01\/mijnproject20221004t115400022.png\" \/>\n\t<meta property=\"og:image:width\" content=\"792\" \/>\n\t<meta property=\"og:image:height\" content=\"1000\" \/>\n\t<meta property=\"og:image:type\" content=\"image\/png\" \/>\n<meta name=\"twitter:card\" content=\"summary_large_image\" \/>\n<script type=\"application\/ld+json\" class=\"yoast-schema-graph\">{\"@context\":\"https:\/\/schema.org\",\"@graph\":[{\"@type\":\"WebPage\",\"@id\":\"https:\/\/dev.eliassen.nl\/de\/saule-grauer-granit-30x30x90cm-hoch\/\",\"url\":\"https:\/\/dev.eliassen.nl\/de\/saule-grauer-granit-30x30x90cm-hoch\/\",\"name\":\"S\u00e4ule grauer Granit 30x30x90cm hoch\",\"isPartOf\":{\"@id\":\"https:\/\/dev.eliassen.nl\/de\/#website\"},\"primaryImageOfPage\":{\"@id\":\"https:\/\/dev.eliassen.nl\/de\/saule-grauer-granit-30x30x90cm-hoch\/#primaryimage\"},\"image\":{\"@id\":\"https:\/\/dev.eliassen.nl\/de\/saule-grauer-granit-30x30x90cm-hoch\/#primaryimage\"},\"thumbnailUrl\":\"https:\/\/dev.eliassen.nl\/wp-content\/uploads\/2024\/01\/mijnproject20221004t115400022.png\",\"datePublished\":\"2022-01-07T13:51:17+00:00\",\"dateModified\":\"2024-12-05T14:57:53+00:00\",\"description\":\"100 Sockelmodelle im Webshop, k\u00f6nnen aber auch live angeschaut werden !!\",\"breadcrumb\":{\"@id\":\"https:\/\/dev.eliassen.nl\/de\/saule-grauer-granit-30x30x90cm-hoch\/#breadcrumb\"},\"inLanguage\":\"de\",\"potentialAction\":[{\"@type\":\"ReadAction\",\"target\":[\"https:\/\/dev.eliassen.nl\/de\/saule-grauer-granit-30x30x90cm-hoch\/\"]}]},{\"@type\":\"ImageObject\",\"inLanguage\":\"de\",\"@id\":\"https:\/\/dev.eliassen.nl\/de\/saule-grauer-granit-30x30x90cm-hoch\/#primaryimage\",\"url\":\"https:\/\/dev.eliassen.nl\/wp-content\/uploads\/2024\/01\/mijnproject20221004t115400022.png\",\"contentUrl\":\"https:\/\/dev.eliassen.nl\/wp-content\/uploads\/2024\/01\/mijnproject20221004t115400022.png\",\"width\":792,\"height\":1000,\"caption\":\"Mijn project - 2022-10-04T115400.022\"},{\"@type\":\"BreadcrumbList\",\"@id\":\"https:\/\/dev.eliassen.nl\/de\/saule-grauer-granit-30x30x90cm-hoch\/#breadcrumb\",\"itemListElement\":[{\"@type\":\"ListItem\",\"position\":1,\"name\":\"Home\",\"item\":\"https:\/\/dev.eliassen.nl\/de\/\"},{\"@type\":\"ListItem\",\"position\":2,\"name\":\"Shop\",\"item\":\"https:\/\/dev.eliassen.nl\/nl\/winkel\/\"},{\"@type\":\"ListItem\",\"position\":3,\"name\":\"Sockel\",\"item\":\"https:\/\/dev.eliassen.nl\/de\/sockel\/\"},{\"@type\":\"ListItem\",\"position\":4,\"name\":\"Sockel aus Naturstein\",\"item\":\"https:\/\/dev.eliassen.nl\/de\/sockel\/sockel-aus-naturstein\/\"},{\"@type\":\"ListItem\",\"position\":5,\"name\":\"S\u00e4ule grauer Granit 30x30x90cm hoch\"}]},{\"@type\":\"WebSite\",\"@id\":\"https:\/\/dev.eliassen.nl\/de\/#website\",\"url\":\"https:\/\/dev.eliassen.nl\/de\/\",\"name\":\"Eliassen Home & Garden Pleasure\",\"description\":\"\",\"publisher\":{\"@id\":\"https:\/\/dev.eliassen.nl\/de\/#organization\"},\"alternateName\":\"Eliassen.nl\",\"potentialAction\":[{\"@type\":\"SearchAction\",\"target\":{\"@type\":\"EntryPoint\",\"urlTemplate\":\"https:\/\/dev.eliassen.nl\/de\/?s={search_term_string}\"},\"query-input\":{\"@type\":\"PropertyValueSpecification\",\"valueRequired\":true,\"valueName\":\"search_term_string\"}}],\"inLanguage\":\"de\"},{\"@type\":\"Organization\",\"@id\":\"https:\/\/dev.eliassen.nl\/de\/#organization\",\"name\":\"Eliassen Home & Garden Pleasure\",\"url\":\"https:\/\/dev.eliassen.nl\/de\/\",\"logo\":{\"@type\":\"ImageObject\",\"inLanguage\":\"de\",\"@id\":\"https:\/\/dev.eliassen.nl\/de\/#\/schema\/logo\/image\/\",\"url\":\"https:\/\/www.eliassen.nl\/wp-content\/uploads\/2024\/01\/logo_4nd.jpg\",\"contentUrl\":\"https:\/\/www.eliassen.nl\/wp-content\/uploads\/2024\/01\/logo_4nd.jpg\",\"width\":500,\"height\":500,\"caption\":\"Eliassen Home & Garden Pleasure\"},\"image\":{\"@id\":\"https:\/\/dev.eliassen.nl\/de\/#\/schema\/logo\/image\/\"},\"sameAs\":[\"https:\/\/www.facebook.com\/TuincentrumEliassenAmmerzoden\",\"https:\/\/www.instagram.com\/eliassenhomeandgarden\/\",\"https:\/\/nl.pinterest.com\/eliassenhomeandgarden\/\",\"https:\/\/www.youtube.com\/@eliassenhomegardenpleasure4558\"]}]}<\/script>\n<!-- \/ Yoast SEO plugin. -->","yoast_head_json":{"title":"S\u00e4ule grauer Granit 30x30x90cm hoch","description":"100 Sockelmodelle im Webshop, k\u00f6nnen aber auch live angeschaut werden !!","robots":{"index":"noindex","follow":"follow","max-snippet":"max-snippet:-1","max-image-preview":"max-image-preview:large","max-video-preview":"max-video-preview:-1"},"og_locale":"de_DE","og_type":"article","og_title":"S\u00e4ule grauer Granit 30x30x90cm hoch","og_description":"100 Sockelmodelle im Webshop, k\u00f6nnen aber auch live angeschaut werden !!","og_url":"https:\/\/dev.eliassen.nl\/de\/saule-grauer-granit-30x30x90cm-hoch\/","og_site_name":"Eliassen.nl","article_publisher":"https:\/\/www.facebook.com\/TuincentrumEliassenAmmerzoden","article_modified_time":"2024-12-05T14:57:53+00:00","og_image":[{"width":792,"height":1000,"url":"https:\/\/dev.eliassen.nl\/wp-content\/uploads\/2024\/01\/mijnproject20221004t115400022.png","type":"image\/png"}],"twitter_card":"summary_large_image","schema":{"@context":"https:\/\/schema.org","@graph":[{"@type":"WebPage","@id":"https:\/\/dev.eliassen.nl\/de\/saule-grauer-granit-30x30x90cm-hoch\/","url":"https:\/\/dev.eliassen.nl\/de\/saule-grauer-granit-30x30x90cm-hoch\/","name":"S\u00e4ule grauer Granit 30x30x90cm hoch","isPartOf":{"@id":"https:\/\/dev.eliassen.nl\/de\/#website"},"primaryImageOfPage":{"@id":"https:\/\/dev.eliassen.nl\/de\/saule-grauer-granit-30x30x90cm-hoch\/#primaryimage"},"image":{"@id":"https:\/\/dev.eliassen.nl\/de\/saule-grauer-granit-30x30x90cm-hoch\/#primaryimage"},"thumbnailUrl":"https:\/\/dev.eliassen.nl\/wp-content\/uploads\/2024\/01\/mijnproject20221004t115400022.png","datePublished":"2022-01-07T13:51:17+00:00","dateModified":"2024-12-05T14:57:53+00:00","description":"100 Sockelmodelle im Webshop, k\u00f6nnen aber auch live angeschaut werden !!","breadcrumb":{"@id":"https:\/\/dev.eliassen.nl\/de\/saule-grauer-granit-30x30x90cm-hoch\/#breadcrumb"},"inLanguage":"de","potentialAction":[{"@type":"ReadAction","target":["https:\/\/dev.eliassen.nl\/de\/saule-grauer-granit-30x30x90cm-hoch\/"]}]},{"@type":"ImageObject","inLanguage":"de","@id":"https:\/\/dev.eliassen.nl\/de\/saule-grauer-granit-30x30x90cm-hoch\/#primaryimage","url":"https:\/\/dev.eliassen.nl\/wp-content\/uploads\/2024\/01\/mijnproject20221004t115400022.png","contentUrl":"https:\/\/dev.eliassen.nl\/wp-content\/uploads\/2024\/01\/mijnproject20221004t115400022.png","width":792,"height":1000,"caption":"Mijn project - 2022-10-04T115400.022"},{"@type":"BreadcrumbList","@id":"https:\/\/dev.eliassen.nl\/de\/saule-grauer-granit-30x30x90cm-hoch\/#breadcrumb","itemListElement":[{"@type":"ListItem","position":1,"name":"Home","item":"https:\/\/dev.eliassen.nl\/de\/"},{"@type":"ListItem","position":2,"name":"Shop","item":"https:\/\/dev.eliassen.nl\/nl\/winkel\/"},{"@type":"ListItem","position":3,"name":"Sockel","item":"https:\/\/dev.eliassen.nl\/de\/sockel\/"},{"@type":"ListItem","position":4,"name":"Sockel aus Naturstein","item":"https:\/\/dev.eliassen.nl\/de\/sockel\/sockel-aus-naturstein\/"},{"@type":"ListItem","position":5,"name":"S\u00e4ule grauer Granit 30x30x90cm hoch"}]},{"@type":"WebSite","@id":"https:\/\/dev.eliassen.nl\/de\/#website","url":"https:\/\/dev.eliassen.nl\/de\/","name":"Eliassen Home & Garden Pleasure","description":"","publisher":{"@id":"https:\/\/dev.eliassen.nl\/de\/#organization"},"alternateName":"Eliassen.nl","potentialAction":[{"@type":"SearchAction","target":{"@type":"EntryPoint","urlTemplate":"https:\/\/dev.eliassen.nl\/de\/?s={search_term_string}"},"query-input":{"@type":"PropertyValueSpecification","valueRequired":true,"valueName":"search_term_string"}}],"inLanguage":"de"},{"@type":"Organization","@id":"https:\/\/dev.eliassen.nl\/de\/#organization","name":"Eliassen Home & Garden Pleasure","url":"https:\/\/dev.eliassen.nl\/de\/","logo":{"@type":"ImageObject","inLanguage":"de","@id":"https:\/\/dev.eliassen.nl\/de\/#\/schema\/logo\/image\/","url":"https:\/\/www.eliassen.nl\/wp-content\/uploads\/2024\/01\/logo_4nd.jpg","contentUrl":"https:\/\/www.eliassen.nl\/wp-content\/uploads\/2024\/01\/logo_4nd.jpg","width":500,"height":500,"caption":"Eliassen Home & Garden Pleasure"},"image":{"@id":"https:\/\/dev.eliassen.nl\/de\/#\/schema\/logo\/image\/"},"sameAs":["https:\/\/www.facebook.com\/TuincentrumEliassenAmmerzoden","https:\/\/www.instagram.com\/eliassenhomeandgarden\/","https:\/\/nl.pinterest.com\/eliassenhomeandgarden\/","https:\/\/www.youtube.com\/@eliassenhomegardenpleasure4558"]}]}},"df_price":299,"df_sale_price":"","df_regular_price":299,"df_image_link":"https:\/\/dev.eliassen.nl\/wp-content\/uploads\/2024\/01\/mijnproject20221004t115400022.png","image":"https:\/\/dev.eliassen.nl\/wp-content\/uploads\/2024\/01\/mijnproject20221004t115400022.png","price_search":"<span class=\"woocommerce-Price-amount amount\"><bdi><span class=\"woocommerce-Price-currencySymbol\">&euro;<\/span>&nbsp;299,00<\/bdi><\/span>","category":"Sockel","_links":{"self":[{"href":"https:\/\/dev.eliassen.nl\/de\/wp-json\/wp\/v2\/product\/67822","targetHints":{"allow":["GET"]}}],"collection":[{"href":"https:\/\/dev.eliassen.nl\/de\/wp-json\/wp\/v2\/product"}],"about":[{"href":"https:\/\/dev.eliassen.nl\/de\/wp-json\/wp\/v2\/types\/product"}],"wp:featuredmedia":[{"embeddable":true,"href":"https:\/\/dev.eliassen.nl\/de\/wp-json\/wp\/v2\/media\/67804"}],"wp:attachment":[{"href":"https:\/\/dev.eliassen.nl\/de\/wp-json\/wp\/v2\/media?parent=67822"}],"wp:term":[{"taxonomy":"product_brand","embeddable":true,"href":"https:\/\/dev.eliassen.nl\/de\/wp-json\/wp\/v2\/product_brand?post=67822"},{"taxonomy":"product_cat","embeddable":true,"href":"https:\/\/dev.eliassen.nl\/de\/wp-json\/wp\/v2\/product_cat?post=67822"},{"taxonomy":"product_tag","embeddable":true,"href":"https:\/\/dev.eliassen.nl\/de\/wp-json\/wp\/v2\/product_tag?post=67822"}],"curies":[{"name":"wp","href":"https:\/\/api.w.org\/{rel}","templated":true}]}}