{"id":67870,"date":"2022-01-14T10:16:17","date_gmt":"2022-01-14T09:16:17","guid":{"rendered":"https:\/\/www.eliassen.nl\/?product=glazen-savannah-vaas-bol-33cm"},"modified":"2024-12-05T15:57:59","modified_gmt":"2024-12-05T14:57:59","slug":"glas-savannah-vase-kugel-27cm","status":"publish","type":"product","link":"https:\/\/dev.eliassen.nl\/de\/glas-savannah-vase-kugel-27cm\/","title":{"rendered":"Glas Savannah Vase Kugel 27cm"},"content":{"rendered":"<p>Diese Serie kunstvoll geformter Vasen und Schalen ist immer ein sch\u00f6ner Hingucker in Ihrem Zuhause oder B\u00fcro.<br \/>Die Glasvasen und Schalen dieser Serie sind elegant verarbeitet und jede ein Unikat.<br \/>Bei Eliassen haben wir eine gro\u00dfe Auswahl an Glaskunst im Gesch\u00e4ft und in unserem Webshop.<\/p>\n<ul>\n<li>Handgefertigt und somit immer einzigartig.<\/li>\n<li>Farbe: Sehr vielf\u00e4ltige Farben. Die Innenseite ist anders gef\u00e4rbt als die Au\u00dfenseite.<\/li>\n<li>Gr\u00f6\u00dfe: 33cm. hoch<\/li>\n<\/ul>\n","protected":false},"excerpt":{"rendered":"<p>Diese Serie kunstvoll geformter Vasen und Schalen ist immer ein sch\u00f6ner Hingucker in Ihrem Zuhause oder B\u00fcro.Die Glasvasen und Schalen dieser Serie sind elegant verarbeitet und jede ein Unikat.Bei Eliassen haben wir eine gro\u00dfe Auswahl an Glaskunst im Gesch\u00e4ft und in unserem Webshop. Handgefertigt und somit immer einzigartig. Farbe: Sehr vielf\u00e4ltige Farben. Die Innenseite ist &hellip;<\/p>\n","protected":false},"featured_media":67867,"template":"","meta":{"_acf_changed":false},"product_brand":[],"product_cat":[812,800],"product_tag":[],"class_list":{"0":"post-67870","1":"product","2":"type-product","3":"status-publish","4":"has-post-thumbnail","6":"product_cat-farbige-glasvasen","7":"product_cat-glaskunst","9":"first","10":"instock","11":"taxable","12":"shipping-taxable","13":"purchasable","14":"product-type-simple"},"acf":[],"yoast_head":"<!-- This site is optimized with the Yoast SEO plugin v23.8 - https:\/\/yoast.com\/wordpress\/plugins\/seo\/ -->\n<title>Savannah Vase aus Glas, Kugel 33cm.<\/title>\n<meta name=\"description\" content=\"Glasvase Savannah Kugel 33cm. kaufen? Eliassen bietet Ihnen eine gro\u00dfe Auswahl an Glasvasen\/Schalen in einem gro\u00dfen Ausstellungsraum und online schnelle Lief...\" \/>\n<meta name=\"robots\" content=\"noindex, follow, max-snippet:-1, max-image-preview:large, max-video-preview:-1\" \/>\n<meta property=\"og:locale\" content=\"de_DE\" \/>\n<meta property=\"og:type\" content=\"article\" \/>\n<meta property=\"og:title\" content=\"Savannah Vase aus Glas, Kugel 33cm.\" \/>\n<meta property=\"og:description\" content=\"Glasvase Savannah Kugel 33cm. kaufen? Eliassen bietet Ihnen eine gro\u00dfe Auswahl an Glasvasen\/Schalen in einem gro\u00dfen Ausstellungsraum und online schnelle Lief...\" \/>\n<meta property=\"og:url\" content=\"https:\/\/dev.eliassen.nl\/de\/glas-savannah-vase-kugel-27cm\/\" \/>\n<meta property=\"og:site_name\" content=\"Eliassen.nl\" \/>\n<meta property=\"article:publisher\" content=\"https:\/\/www.facebook.com\/TuincentrumEliassenAmmerzoden\" \/>\n<meta property=\"article:modified_time\" content=\"2024-12-05T14:57:59+00:00\" \/>\n<meta property=\"og:image\" content=\"https:\/\/dev.eliassen.nl\/wp-content\/uploads\/2024\/01\/savannahvaasbol33cmeliassennl.jpg\" \/>\n\t<meta property=\"og:image:width\" content=\"2000\" \/>\n\t<meta property=\"og:image:height\" content=\"1334\" \/>\n\t<meta property=\"og:image:type\" content=\"image\/jpeg\" \/>\n<meta name=\"twitter:card\" content=\"summary_large_image\" \/>\n<script type=\"application\/ld+json\" class=\"yoast-schema-graph\">{\"@context\":\"https:\/\/schema.org\",\"@graph\":[{\"@type\":\"WebPage\",\"@id\":\"https:\/\/dev.eliassen.nl\/de\/glas-savannah-vase-kugel-27cm\/\",\"url\":\"https:\/\/dev.eliassen.nl\/de\/glas-savannah-vase-kugel-27cm\/\",\"name\":\"Savannah Vase aus Glas, Kugel 33cm.\",\"isPartOf\":{\"@id\":\"https:\/\/dev.eliassen.nl\/de\/#website\"},\"primaryImageOfPage\":{\"@id\":\"https:\/\/dev.eliassen.nl\/de\/glas-savannah-vase-kugel-27cm\/#primaryimage\"},\"image\":{\"@id\":\"https:\/\/dev.eliassen.nl\/de\/glas-savannah-vase-kugel-27cm\/#primaryimage\"},\"thumbnailUrl\":\"https:\/\/dev.eliassen.nl\/wp-content\/uploads\/2024\/01\/savannahvaasbol33cmeliassennl.jpg\",\"datePublished\":\"2022-01-14T09:16:17+00:00\",\"dateModified\":\"2024-12-05T14:57:59+00:00\",\"description\":\"Glasvase Savannah Kugel 33cm. kaufen? Eliassen bietet Ihnen eine gro\u00dfe Auswahl an Glasvasen\/Schalen in einem gro\u00dfen Ausstellungsraum und online schnelle Lief...\",\"breadcrumb\":{\"@id\":\"https:\/\/dev.eliassen.nl\/de\/glas-savannah-vase-kugel-27cm\/#breadcrumb\"},\"inLanguage\":\"de\",\"potentialAction\":[{\"@type\":\"ReadAction\",\"target\":[\"https:\/\/dev.eliassen.nl\/de\/glas-savannah-vase-kugel-27cm\/\"]}]},{\"@type\":\"ImageObject\",\"inLanguage\":\"de\",\"@id\":\"https:\/\/dev.eliassen.nl\/de\/glas-savannah-vase-kugel-27cm\/#primaryimage\",\"url\":\"https:\/\/dev.eliassen.nl\/wp-content\/uploads\/2024\/01\/savannahvaasbol33cmeliassennl.jpg\",\"contentUrl\":\"https:\/\/dev.eliassen.nl\/wp-content\/uploads\/2024\/01\/savannahvaasbol33cmeliassennl.jpg\",\"width\":2000,\"height\":1334,\"caption\":\"Savannah vaas bol 33cm. - Eliassen.nl\"},{\"@type\":\"BreadcrumbList\",\"@id\":\"https:\/\/dev.eliassen.nl\/de\/glas-savannah-vase-kugel-27cm\/#breadcrumb\",\"itemListElement\":[{\"@type\":\"ListItem\",\"position\":1,\"name\":\"Home\",\"item\":\"https:\/\/dev.eliassen.nl\/de\/\"},{\"@type\":\"ListItem\",\"position\":2,\"name\":\"Shop\",\"item\":\"https:\/\/dev.eliassen.nl\/nl\/winkel\/\"},{\"@type\":\"ListItem\",\"position\":3,\"name\":\"Glaskunst\",\"item\":\"https:\/\/dev.eliassen.nl\/de\/glaskunst\/\"},{\"@type\":\"ListItem\",\"position\":4,\"name\":\"Farbige Glasvasen\",\"item\":\"https:\/\/dev.eliassen.nl\/de\/glaskunst\/farbige-glasvasen\/\"},{\"@type\":\"ListItem\",\"position\":5,\"name\":\"Glas Savannah Vase Kugel 27cm\"}]},{\"@type\":\"WebSite\",\"@id\":\"https:\/\/dev.eliassen.nl\/de\/#website\",\"url\":\"https:\/\/dev.eliassen.nl\/de\/\",\"name\":\"Eliassen Home & Garden Pleasure\",\"description\":\"\",\"publisher\":{\"@id\":\"https:\/\/dev.eliassen.nl\/de\/#organization\"},\"alternateName\":\"Eliassen.nl\",\"potentialAction\":[{\"@type\":\"SearchAction\",\"target\":{\"@type\":\"EntryPoint\",\"urlTemplate\":\"https:\/\/dev.eliassen.nl\/de\/?s={search_term_string}\"},\"query-input\":{\"@type\":\"PropertyValueSpecification\",\"valueRequired\":true,\"valueName\":\"search_term_string\"}}],\"inLanguage\":\"de\"},{\"@type\":\"Organization\",\"@id\":\"https:\/\/dev.eliassen.nl\/de\/#organization\",\"name\":\"Eliassen Home & Garden Pleasure\",\"url\":\"https:\/\/dev.eliassen.nl\/de\/\",\"logo\":{\"@type\":\"ImageObject\",\"inLanguage\":\"de\",\"@id\":\"https:\/\/dev.eliassen.nl\/de\/#\/schema\/logo\/image\/\",\"url\":\"https:\/\/www.eliassen.nl\/wp-content\/uploads\/2024\/01\/logo_4nd.jpg\",\"contentUrl\":\"https:\/\/www.eliassen.nl\/wp-content\/uploads\/2024\/01\/logo_4nd.jpg\",\"width\":500,\"height\":500,\"caption\":\"Eliassen Home & Garden Pleasure\"},\"image\":{\"@id\":\"https:\/\/dev.eliassen.nl\/de\/#\/schema\/logo\/image\/\"},\"sameAs\":[\"https:\/\/www.facebook.com\/TuincentrumEliassenAmmerzoden\",\"https:\/\/www.instagram.com\/eliassenhomeandgarden\/\",\"https:\/\/nl.pinterest.com\/eliassenhomeandgarden\/\",\"https:\/\/www.youtube.com\/@eliassenhomegardenpleasure4558\"]}]}<\/script>\n<!-- \/ Yoast SEO plugin. -->","yoast_head_json":{"title":"Savannah Vase aus Glas, Kugel 33cm.","description":"Glasvase Savannah Kugel 33cm. kaufen? Eliassen bietet Ihnen eine gro\u00dfe Auswahl an Glasvasen\/Schalen in einem gro\u00dfen Ausstellungsraum und online schnelle Lief...","robots":{"index":"noindex","follow":"follow","max-snippet":"max-snippet:-1","max-image-preview":"max-image-preview:large","max-video-preview":"max-video-preview:-1"},"og_locale":"de_DE","og_type":"article","og_title":"Savannah Vase aus Glas, Kugel 33cm.","og_description":"Glasvase Savannah Kugel 33cm. kaufen? Eliassen bietet Ihnen eine gro\u00dfe Auswahl an Glasvasen\/Schalen in einem gro\u00dfen Ausstellungsraum und online schnelle Lief...","og_url":"https:\/\/dev.eliassen.nl\/de\/glas-savannah-vase-kugel-27cm\/","og_site_name":"Eliassen.nl","article_publisher":"https:\/\/www.facebook.com\/TuincentrumEliassenAmmerzoden","article_modified_time":"2024-12-05T14:57:59+00:00","og_image":[{"width":2000,"height":1334,"url":"https:\/\/dev.eliassen.nl\/wp-content\/uploads\/2024\/01\/savannahvaasbol33cmeliassennl.jpg","type":"image\/jpeg"}],"twitter_card":"summary_large_image","schema":{"@context":"https:\/\/schema.org","@graph":[{"@type":"WebPage","@id":"https:\/\/dev.eliassen.nl\/de\/glas-savannah-vase-kugel-27cm\/","url":"https:\/\/dev.eliassen.nl\/de\/glas-savannah-vase-kugel-27cm\/","name":"Savannah Vase aus Glas, Kugel 33cm.","isPartOf":{"@id":"https:\/\/dev.eliassen.nl\/de\/#website"},"primaryImageOfPage":{"@id":"https:\/\/dev.eliassen.nl\/de\/glas-savannah-vase-kugel-27cm\/#primaryimage"},"image":{"@id":"https:\/\/dev.eliassen.nl\/de\/glas-savannah-vase-kugel-27cm\/#primaryimage"},"thumbnailUrl":"https:\/\/dev.eliassen.nl\/wp-content\/uploads\/2024\/01\/savannahvaasbol33cmeliassennl.jpg","datePublished":"2022-01-14T09:16:17+00:00","dateModified":"2024-12-05T14:57:59+00:00","description":"Glasvase Savannah Kugel 33cm. kaufen? Eliassen bietet Ihnen eine gro\u00dfe Auswahl an Glasvasen\/Schalen in einem gro\u00dfen Ausstellungsraum und online schnelle Lief...","breadcrumb":{"@id":"https:\/\/dev.eliassen.nl\/de\/glas-savannah-vase-kugel-27cm\/#breadcrumb"},"inLanguage":"de","potentialAction":[{"@type":"ReadAction","target":["https:\/\/dev.eliassen.nl\/de\/glas-savannah-vase-kugel-27cm\/"]}]},{"@type":"ImageObject","inLanguage":"de","@id":"https:\/\/dev.eliassen.nl\/de\/glas-savannah-vase-kugel-27cm\/#primaryimage","url":"https:\/\/dev.eliassen.nl\/wp-content\/uploads\/2024\/01\/savannahvaasbol33cmeliassennl.jpg","contentUrl":"https:\/\/dev.eliassen.nl\/wp-content\/uploads\/2024\/01\/savannahvaasbol33cmeliassennl.jpg","width":2000,"height":1334,"caption":"Savannah vaas bol 33cm. - Eliassen.nl"},{"@type":"BreadcrumbList","@id":"https:\/\/dev.eliassen.nl\/de\/glas-savannah-vase-kugel-27cm\/#breadcrumb","itemListElement":[{"@type":"ListItem","position":1,"name":"Home","item":"https:\/\/dev.eliassen.nl\/de\/"},{"@type":"ListItem","position":2,"name":"Shop","item":"https:\/\/dev.eliassen.nl\/nl\/winkel\/"},{"@type":"ListItem","position":3,"name":"Glaskunst","item":"https:\/\/dev.eliassen.nl\/de\/glaskunst\/"},{"@type":"ListItem","position":4,"name":"Farbige Glasvasen","item":"https:\/\/dev.eliassen.nl\/de\/glaskunst\/farbige-glasvasen\/"},{"@type":"ListItem","position":5,"name":"Glas Savannah Vase Kugel 27cm"}]},{"@type":"WebSite","@id":"https:\/\/dev.eliassen.nl\/de\/#website","url":"https:\/\/dev.eliassen.nl\/de\/","name":"Eliassen Home & Garden Pleasure","description":"","publisher":{"@id":"https:\/\/dev.eliassen.nl\/de\/#organization"},"alternateName":"Eliassen.nl","potentialAction":[{"@type":"SearchAction","target":{"@type":"EntryPoint","urlTemplate":"https:\/\/dev.eliassen.nl\/de\/?s={search_term_string}"},"query-input":{"@type":"PropertyValueSpecification","valueRequired":true,"valueName":"search_term_string"}}],"inLanguage":"de"},{"@type":"Organization","@id":"https:\/\/dev.eliassen.nl\/de\/#organization","name":"Eliassen Home & Garden Pleasure","url":"https:\/\/dev.eliassen.nl\/de\/","logo":{"@type":"ImageObject","inLanguage":"de","@id":"https:\/\/dev.eliassen.nl\/de\/#\/schema\/logo\/image\/","url":"https:\/\/www.eliassen.nl\/wp-content\/uploads\/2024\/01\/logo_4nd.jpg","contentUrl":"https:\/\/www.eliassen.nl\/wp-content\/uploads\/2024\/01\/logo_4nd.jpg","width":500,"height":500,"caption":"Eliassen Home & Garden Pleasure"},"image":{"@id":"https:\/\/dev.eliassen.nl\/de\/#\/schema\/logo\/image\/"},"sameAs":["https:\/\/www.facebook.com\/TuincentrumEliassenAmmerzoden","https:\/\/www.instagram.com\/eliassenhomeandgarden\/","https:\/\/nl.pinterest.com\/eliassenhomeandgarden\/","https:\/\/www.youtube.com\/@eliassenhomegardenpleasure4558"]}]}},"df_price":87.5,"df_sale_price":"","df_regular_price":87.5,"df_image_link":"https:\/\/dev.eliassen.nl\/wp-content\/uploads\/2024\/01\/savannahvaasbol33cmeliassennl.jpg","image":"https:\/\/dev.eliassen.nl\/wp-content\/uploads\/2024\/01\/savannahvaasbol33cmeliassennl.jpg","price_search":"<span class=\"woocommerce-Price-amount amount\"><bdi><span class=\"woocommerce-Price-currencySymbol\">&euro;<\/span>&nbsp;87,50<\/bdi><\/span>","category":"Farbige Glasvasen","_links":{"self":[{"href":"https:\/\/dev.eliassen.nl\/de\/wp-json\/wp\/v2\/product\/67870","targetHints":{"allow":["GET"]}}],"collection":[{"href":"https:\/\/dev.eliassen.nl\/de\/wp-json\/wp\/v2\/product"}],"about":[{"href":"https:\/\/dev.eliassen.nl\/de\/wp-json\/wp\/v2\/types\/product"}],"wp:featuredmedia":[{"embeddable":true,"href":"https:\/\/dev.eliassen.nl\/de\/wp-json\/wp\/v2\/media\/67867"}],"wp:attachment":[{"href":"https:\/\/dev.eliassen.nl\/de\/wp-json\/wp\/v2\/media?parent=67870"}],"wp:term":[{"taxonomy":"product_brand","embeddable":true,"href":"https:\/\/dev.eliassen.nl\/de\/wp-json\/wp\/v2\/product_brand?post=67870"},{"taxonomy":"product_cat","embeddable":true,"href":"https:\/\/dev.eliassen.nl\/de\/wp-json\/wp\/v2\/product_cat?post=67870"},{"taxonomy":"product_tag","embeddable":true,"href":"https:\/\/dev.eliassen.nl\/de\/wp-json\/wp\/v2\/product_tag?post=67870"}],"curies":[{"name":"wp","href":"https:\/\/api.w.org\/{rel}","templated":true}]}}