{"id":68011,"date":"2022-01-15T09:36:53","date_gmt":"2022-01-15T08:36:53","guid":{"rendered":"https:\/\/www.eliassen.nl\/?product=bronzen-kat-omlaag"},"modified":"2024-12-05T15:58:27","modified_gmt":"2024-12-05T14:58:27","slug":"bronzene-katze-unten","status":"publish","type":"product","link":"https:\/\/dev.eliassen.nl\/de\/bronzene-katze-unten\/","title":{"rendered":"Bronzene Katze unten"},"content":{"rendered":"<p>Dieses Bronzemodell einer nach unten schauenden Katze ist ein sch\u00f6nes St\u00fcck f\u00fcr sich selbst oder als Geschenk f\u00fcr eine Party oder ein Jubil\u00e4um.<br \/>Handgefertigt aus Bronze mit einem Kupfergehalt von mindestens 75 %, damit dieses Modell garantiert sch\u00f6n bleibt, drinnen oder drau\u00dfen.<\/p>\n<ul>\n<li>Gr\u00f6\u00dfe: 14 x 6 x 10 cm.<\/li>\n<li>Kommt mit Zertifikat.<\/li>\n<li>Schnell geliefert <strong>.<\/strong><\/li>\n<li>30 Jahre Garantie.<\/li>\n<li><strong>Viele aus dieser Serie von Bronzestatuen k\u00f6nnen auch live in unserem Gesch\u00e4ft besichtigt werden.<\/strong><\/li>\n<\/ul>\n","protected":false},"excerpt":{"rendered":"<p>Dieses Bronzemodell einer nach unten schauenden Katze ist ein sch\u00f6nes St\u00fcck f\u00fcr sich selbst oder als Geschenk f\u00fcr eine Party oder ein Jubil\u00e4um.Handgefertigt aus Bronze mit einem Kupfergehalt von mindestens 75 %, damit dieses Modell garantiert sch\u00f6n bleibt, drinnen oder drau\u00dfen. Gr\u00f6\u00dfe: 14 x 6 x 10 cm. Kommt mit Zertifikat. Schnell geliefert . 30 &hellip;<\/p>\n","protected":false},"featured_media":68008,"template":"","meta":{"_acf_changed":false},"product_brand":[],"product_cat":[613,635,7239],"product_tag":[],"class_list":{"0":"post-68011","1":"product","2":"type-product","3":"status-publish","4":"has-post-thumbnail","6":"product_cat-bronzestatuen","7":"product_cat-tierstatuen-aus-bronze","8":"product_cat-statuen-skulpturen","10":"first","11":"instock","12":"taxable","13":"shipping-taxable","14":"purchasable","15":"product-type-simple"},"acf":[],"yoast_head":"<!-- This site is optimized with the Yoast SEO plugin v23.8 - https:\/\/yoast.com\/wordpress\/plugins\/seo\/ -->\n<title>Bronzene Katze unten<\/title>\n<meta name=\"description\" content=\"M\u00f6chten Sie ein Bronzek\u00e4tzchen kaufen? Eliassen bietet Ihnen eine gro\u00dfe Auswahl an Bronzestatuen in einem gro\u00dfen Ausstellungsraum und online schnelle Lieferz...\" \/>\n<meta name=\"robots\" content=\"noindex, follow, max-snippet:-1, max-image-preview:large, max-video-preview:-1\" \/>\n<meta property=\"og:locale\" content=\"de_DE\" \/>\n<meta property=\"og:type\" content=\"article\" \/>\n<meta property=\"og:title\" content=\"Bronzene Katze unten\" \/>\n<meta property=\"og:description\" content=\"M\u00f6chten Sie ein Bronzek\u00e4tzchen kaufen? Eliassen bietet Ihnen eine gro\u00dfe Auswahl an Bronzestatuen in einem gro\u00dfen Ausstellungsraum und online schnelle Lieferz...\" \/>\n<meta property=\"og:url\" content=\"https:\/\/dev.eliassen.nl\/de\/bronzene-katze-unten\/\" \/>\n<meta property=\"og:site_name\" content=\"Eliassen.nl\" \/>\n<meta property=\"article:publisher\" content=\"https:\/\/www.facebook.com\/TuincentrumEliassenAmmerzoden\" \/>\n<meta property=\"article:modified_time\" content=\"2024-12-05T14:58:27+00:00\" \/>\n<meta property=\"og:image\" content=\"https:\/\/dev.eliassen.nl\/wp-content\/uploads\/2024\/01\/bronzenkatomlaageliassennl.jpg\" \/>\n\t<meta property=\"og:image:width\" content=\"1000\" \/>\n\t<meta property=\"og:image:height\" content=\"750\" \/>\n\t<meta property=\"og:image:type\" content=\"image\/jpeg\" \/>\n<meta name=\"twitter:card\" content=\"summary_large_image\" \/>\n<script type=\"application\/ld+json\" class=\"yoast-schema-graph\">{\"@context\":\"https:\/\/schema.org\",\"@graph\":[{\"@type\":\"WebPage\",\"@id\":\"https:\/\/dev.eliassen.nl\/de\/bronzene-katze-unten\/\",\"url\":\"https:\/\/dev.eliassen.nl\/de\/bronzene-katze-unten\/\",\"name\":\"Bronzene Katze unten\",\"isPartOf\":{\"@id\":\"https:\/\/dev.eliassen.nl\/de\/#website\"},\"primaryImageOfPage\":{\"@id\":\"https:\/\/dev.eliassen.nl\/de\/bronzene-katze-unten\/#primaryimage\"},\"image\":{\"@id\":\"https:\/\/dev.eliassen.nl\/de\/bronzene-katze-unten\/#primaryimage\"},\"thumbnailUrl\":\"https:\/\/dev.eliassen.nl\/wp-content\/uploads\/2024\/01\/bronzenkatomlaageliassennl.jpg\",\"datePublished\":\"2022-01-15T08:36:53+00:00\",\"dateModified\":\"2024-12-05T14:58:27+00:00\",\"description\":\"M\u00f6chten Sie ein Bronzek\u00e4tzchen kaufen? Eliassen bietet Ihnen eine gro\u00dfe Auswahl an Bronzestatuen in einem gro\u00dfen Ausstellungsraum und online schnelle Lieferz...\",\"breadcrumb\":{\"@id\":\"https:\/\/dev.eliassen.nl\/de\/bronzene-katze-unten\/#breadcrumb\"},\"inLanguage\":\"de\",\"potentialAction\":[{\"@type\":\"ReadAction\",\"target\":[\"https:\/\/dev.eliassen.nl\/de\/bronzene-katze-unten\/\"]}]},{\"@type\":\"ImageObject\",\"inLanguage\":\"de\",\"@id\":\"https:\/\/dev.eliassen.nl\/de\/bronzene-katze-unten\/#primaryimage\",\"url\":\"https:\/\/dev.eliassen.nl\/wp-content\/uploads\/2024\/01\/bronzenkatomlaageliassennl.jpg\",\"contentUrl\":\"https:\/\/dev.eliassen.nl\/wp-content\/uploads\/2024\/01\/bronzenkatomlaageliassennl.jpg\",\"width\":1000,\"height\":750,\"caption\":\"Bronzen kat omlaag-Eliassen.nl\"},{\"@type\":\"BreadcrumbList\",\"@id\":\"https:\/\/dev.eliassen.nl\/de\/bronzene-katze-unten\/#breadcrumb\",\"itemListElement\":[{\"@type\":\"ListItem\",\"position\":1,\"name\":\"Home\",\"item\":\"https:\/\/dev.eliassen.nl\/de\/\"},{\"@type\":\"ListItem\",\"position\":2,\"name\":\"Shop\",\"item\":\"https:\/\/dev.eliassen.nl\/nl\/winkel\/\"},{\"@type\":\"ListItem\",\"position\":3,\"name\":\"Bronzestatuen\",\"item\":\"https:\/\/dev.eliassen.nl\/de\/bilder\/bronzestatuen\/\"},{\"@type\":\"ListItem\",\"position\":4,\"name\":\"Tierstatuen aus Bronze\",\"item\":\"https:\/\/dev.eliassen.nl\/de\/bilder\/bronzestatuen\/tierstatuen-aus-bronze\/\"},{\"@type\":\"ListItem\",\"position\":5,\"name\":\"Bronzene Katze unten\"}]},{\"@type\":\"WebSite\",\"@id\":\"https:\/\/dev.eliassen.nl\/de\/#website\",\"url\":\"https:\/\/dev.eliassen.nl\/de\/\",\"name\":\"Eliassen Home & Garden Pleasure\",\"description\":\"\",\"publisher\":{\"@id\":\"https:\/\/dev.eliassen.nl\/de\/#organization\"},\"alternateName\":\"Eliassen.nl\",\"potentialAction\":[{\"@type\":\"SearchAction\",\"target\":{\"@type\":\"EntryPoint\",\"urlTemplate\":\"https:\/\/dev.eliassen.nl\/de\/?s={search_term_string}\"},\"query-input\":{\"@type\":\"PropertyValueSpecification\",\"valueRequired\":true,\"valueName\":\"search_term_string\"}}],\"inLanguage\":\"de\"},{\"@type\":\"Organization\",\"@id\":\"https:\/\/dev.eliassen.nl\/de\/#organization\",\"name\":\"Eliassen Home & Garden Pleasure\",\"url\":\"https:\/\/dev.eliassen.nl\/de\/\",\"logo\":{\"@type\":\"ImageObject\",\"inLanguage\":\"de\",\"@id\":\"https:\/\/dev.eliassen.nl\/de\/#\/schema\/logo\/image\/\",\"url\":\"https:\/\/www.eliassen.nl\/wp-content\/uploads\/2024\/01\/logo_4nd.jpg\",\"contentUrl\":\"https:\/\/www.eliassen.nl\/wp-content\/uploads\/2024\/01\/logo_4nd.jpg\",\"width\":500,\"height\":500,\"caption\":\"Eliassen Home & Garden Pleasure\"},\"image\":{\"@id\":\"https:\/\/dev.eliassen.nl\/de\/#\/schema\/logo\/image\/\"},\"sameAs\":[\"https:\/\/www.facebook.com\/TuincentrumEliassenAmmerzoden\",\"https:\/\/www.instagram.com\/eliassenhomeandgarden\/\",\"https:\/\/nl.pinterest.com\/eliassenhomeandgarden\/\",\"https:\/\/www.youtube.com\/@eliassenhomegardenpleasure4558\"]}]}<\/script>\n<!-- \/ Yoast SEO plugin. -->","yoast_head_json":{"title":"Bronzene Katze unten","description":"M\u00f6chten Sie ein Bronzek\u00e4tzchen kaufen? Eliassen bietet Ihnen eine gro\u00dfe Auswahl an Bronzestatuen in einem gro\u00dfen Ausstellungsraum und online schnelle Lieferz...","robots":{"index":"noindex","follow":"follow","max-snippet":"max-snippet:-1","max-image-preview":"max-image-preview:large","max-video-preview":"max-video-preview:-1"},"og_locale":"de_DE","og_type":"article","og_title":"Bronzene Katze unten","og_description":"M\u00f6chten Sie ein Bronzek\u00e4tzchen kaufen? Eliassen bietet Ihnen eine gro\u00dfe Auswahl an Bronzestatuen in einem gro\u00dfen Ausstellungsraum und online schnelle Lieferz...","og_url":"https:\/\/dev.eliassen.nl\/de\/bronzene-katze-unten\/","og_site_name":"Eliassen.nl","article_publisher":"https:\/\/www.facebook.com\/TuincentrumEliassenAmmerzoden","article_modified_time":"2024-12-05T14:58:27+00:00","og_image":[{"width":1000,"height":750,"url":"https:\/\/dev.eliassen.nl\/wp-content\/uploads\/2024\/01\/bronzenkatomlaageliassennl.jpg","type":"image\/jpeg"}],"twitter_card":"summary_large_image","schema":{"@context":"https:\/\/schema.org","@graph":[{"@type":"WebPage","@id":"https:\/\/dev.eliassen.nl\/de\/bronzene-katze-unten\/","url":"https:\/\/dev.eliassen.nl\/de\/bronzene-katze-unten\/","name":"Bronzene Katze unten","isPartOf":{"@id":"https:\/\/dev.eliassen.nl\/de\/#website"},"primaryImageOfPage":{"@id":"https:\/\/dev.eliassen.nl\/de\/bronzene-katze-unten\/#primaryimage"},"image":{"@id":"https:\/\/dev.eliassen.nl\/de\/bronzene-katze-unten\/#primaryimage"},"thumbnailUrl":"https:\/\/dev.eliassen.nl\/wp-content\/uploads\/2024\/01\/bronzenkatomlaageliassennl.jpg","datePublished":"2022-01-15T08:36:53+00:00","dateModified":"2024-12-05T14:58:27+00:00","description":"M\u00f6chten Sie ein Bronzek\u00e4tzchen kaufen? Eliassen bietet Ihnen eine gro\u00dfe Auswahl an Bronzestatuen in einem gro\u00dfen Ausstellungsraum und online schnelle Lieferz...","breadcrumb":{"@id":"https:\/\/dev.eliassen.nl\/de\/bronzene-katze-unten\/#breadcrumb"},"inLanguage":"de","potentialAction":[{"@type":"ReadAction","target":["https:\/\/dev.eliassen.nl\/de\/bronzene-katze-unten\/"]}]},{"@type":"ImageObject","inLanguage":"de","@id":"https:\/\/dev.eliassen.nl\/de\/bronzene-katze-unten\/#primaryimage","url":"https:\/\/dev.eliassen.nl\/wp-content\/uploads\/2024\/01\/bronzenkatomlaageliassennl.jpg","contentUrl":"https:\/\/dev.eliassen.nl\/wp-content\/uploads\/2024\/01\/bronzenkatomlaageliassennl.jpg","width":1000,"height":750,"caption":"Bronzen kat omlaag-Eliassen.nl"},{"@type":"BreadcrumbList","@id":"https:\/\/dev.eliassen.nl\/de\/bronzene-katze-unten\/#breadcrumb","itemListElement":[{"@type":"ListItem","position":1,"name":"Home","item":"https:\/\/dev.eliassen.nl\/de\/"},{"@type":"ListItem","position":2,"name":"Shop","item":"https:\/\/dev.eliassen.nl\/nl\/winkel\/"},{"@type":"ListItem","position":3,"name":"Bronzestatuen","item":"https:\/\/dev.eliassen.nl\/de\/bilder\/bronzestatuen\/"},{"@type":"ListItem","position":4,"name":"Tierstatuen aus Bronze","item":"https:\/\/dev.eliassen.nl\/de\/bilder\/bronzestatuen\/tierstatuen-aus-bronze\/"},{"@type":"ListItem","position":5,"name":"Bronzene Katze unten"}]},{"@type":"WebSite","@id":"https:\/\/dev.eliassen.nl\/de\/#website","url":"https:\/\/dev.eliassen.nl\/de\/","name":"Eliassen Home & Garden Pleasure","description":"","publisher":{"@id":"https:\/\/dev.eliassen.nl\/de\/#organization"},"alternateName":"Eliassen.nl","potentialAction":[{"@type":"SearchAction","target":{"@type":"EntryPoint","urlTemplate":"https:\/\/dev.eliassen.nl\/de\/?s={search_term_string}"},"query-input":{"@type":"PropertyValueSpecification","valueRequired":true,"valueName":"search_term_string"}}],"inLanguage":"de"},{"@type":"Organization","@id":"https:\/\/dev.eliassen.nl\/de\/#organization","name":"Eliassen Home & Garden Pleasure","url":"https:\/\/dev.eliassen.nl\/de\/","logo":{"@type":"ImageObject","inLanguage":"de","@id":"https:\/\/dev.eliassen.nl\/de\/#\/schema\/logo\/image\/","url":"https:\/\/www.eliassen.nl\/wp-content\/uploads\/2024\/01\/logo_4nd.jpg","contentUrl":"https:\/\/www.eliassen.nl\/wp-content\/uploads\/2024\/01\/logo_4nd.jpg","width":500,"height":500,"caption":"Eliassen Home & Garden Pleasure"},"image":{"@id":"https:\/\/dev.eliassen.nl\/de\/#\/schema\/logo\/image\/"},"sameAs":["https:\/\/www.facebook.com\/TuincentrumEliassenAmmerzoden","https:\/\/www.instagram.com\/eliassenhomeandgarden\/","https:\/\/nl.pinterest.com\/eliassenhomeandgarden\/","https:\/\/www.youtube.com\/@eliassenhomegardenpleasure4558"]}]}},"df_price":59.5,"df_sale_price":"","df_regular_price":59.5,"df_image_link":"https:\/\/dev.eliassen.nl\/wp-content\/uploads\/2024\/01\/bronzenkatomlaageliassennl.jpg","image":"https:\/\/dev.eliassen.nl\/wp-content\/uploads\/2024\/01\/bronzenkatomlaageliassennl.jpg","price_search":"<span class=\"woocommerce-Price-amount amount\"><bdi><span class=\"woocommerce-Price-currencySymbol\">&euro;<\/span>&nbsp;59,50<\/bdi><\/span>","category":"Bronzestatuen","_links":{"self":[{"href":"https:\/\/dev.eliassen.nl\/de\/wp-json\/wp\/v2\/product\/68011","targetHints":{"allow":["GET"]}}],"collection":[{"href":"https:\/\/dev.eliassen.nl\/de\/wp-json\/wp\/v2\/product"}],"about":[{"href":"https:\/\/dev.eliassen.nl\/de\/wp-json\/wp\/v2\/types\/product"}],"wp:featuredmedia":[{"embeddable":true,"href":"https:\/\/dev.eliassen.nl\/de\/wp-json\/wp\/v2\/media\/68008"}],"wp:attachment":[{"href":"https:\/\/dev.eliassen.nl\/de\/wp-json\/wp\/v2\/media?parent=68011"}],"wp:term":[{"taxonomy":"product_brand","embeddable":true,"href":"https:\/\/dev.eliassen.nl\/de\/wp-json\/wp\/v2\/product_brand?post=68011"},{"taxonomy":"product_cat","embeddable":true,"href":"https:\/\/dev.eliassen.nl\/de\/wp-json\/wp\/v2\/product_cat?post=68011"},{"taxonomy":"product_tag","embeddable":true,"href":"https:\/\/dev.eliassen.nl\/de\/wp-json\/wp\/v2\/product_tag?post=68011"}],"curies":[{"name":"wp","href":"https:\/\/api.w.org\/{rel}","templated":true}]}}