{"id":68203,"date":"2022-01-15T10:51:14","date_gmt":"2022-01-15T09:51:14","guid":{"rendered":"https:\/\/www.eliassen.nl\/?product=bronzen-naaktkat-hoge-rug"},"modified":"2024-12-05T15:59:03","modified_gmt":"2024-12-05T14:59:03","slug":"bronzene-nackte-katze-mit-hohem-rucken","status":"publish","type":"product","link":"https:\/\/dev.eliassen.nl\/de\/bronzene-nackte-katze-mit-hohem-rucken\/","title":{"rendered":"Bronzene nackte Katze mit hohem R\u00fccken"},"content":{"rendered":"<p>Dieses Bronzemodell einer stehenden nackten Katze mit hohem R\u00fccken ist ein sch\u00f6nes St\u00fcck f\u00fcr sich selbst oder als Geschenk f\u00fcr eine Party oder ein Jubil\u00e4um.<br \/>Handgefertigt aus Bronze mit einem Kupfergehalt von mindestens 75 %, damit dieses Modell garantiert sch\u00f6n bleibt, drinnen oder drau\u00dfen.<\/p>\n<ul>\n<li>Gr\u00f6\u00dfe: 22 x 12 x 15 cm.<\/li>\n<li>Kommt mit Zertifikat.<\/li>\n<li>Schnell geliefert <strong>.<\/strong><\/li>\n<li>30 Jahre Garantie.<\/li>\n<li><strong>Viele aus dieser Serie von Bronzestatuen k\u00f6nnen auch live in unserem Gesch\u00e4ft besichtigt werden.<\/strong><\/li>\n<\/ul>\n","protected":false},"excerpt":{"rendered":"<p>Dieses Bronzemodell einer stehenden nackten Katze mit hohem R\u00fccken ist ein sch\u00f6nes St\u00fcck f\u00fcr sich selbst oder als Geschenk f\u00fcr eine Party oder ein Jubil\u00e4um.Handgefertigt aus Bronze mit einem Kupfergehalt von mindestens 75 %, damit dieses Modell garantiert sch\u00f6n bleibt, drinnen oder drau\u00dfen. Gr\u00f6\u00dfe: 22 x 12 x 15 cm. Kommt mit Zertifikat. Schnell geliefert &hellip;<\/p>\n","protected":false},"featured_media":68200,"template":"","meta":{"_acf_changed":false},"product_brand":[],"product_cat":[613,635,7239],"product_tag":[],"class_list":{"0":"post-68203","1":"product","2":"type-product","3":"status-publish","4":"has-post-thumbnail","6":"product_cat-bronzestatuen","7":"product_cat-tierstatuen-aus-bronze","8":"product_cat-statuen-skulpturen","10":"first","11":"instock","12":"taxable","13":"shipping-taxable","14":"purchasable","15":"product-type-simple"},"acf":[],"yoast_head":"<!-- This site is optimized with the Yoast SEO plugin v23.8 - https:\/\/yoast.com\/wordpress\/plugins\/seo\/ -->\n<title>Bronzene nackte Katze mit hohem R\u00fccken<\/title>\n<meta name=\"description\" content=\"M\u00f6chten Sie eine bronzefarbene nackte Katze mit hohem R\u00fccken kaufen? Eliassen bietet Ihnen eine gro\u00dfe Auswahl an Bronzestatuen in einem gro\u00dfen Ausstellungsra...\" \/>\n<meta name=\"robots\" content=\"noindex, follow, max-snippet:-1, max-image-preview:large, max-video-preview:-1\" \/>\n<meta property=\"og:locale\" content=\"de_DE\" \/>\n<meta property=\"og:type\" content=\"article\" \/>\n<meta property=\"og:title\" content=\"Bronzene nackte Katze mit hohem R\u00fccken\" \/>\n<meta property=\"og:description\" content=\"M\u00f6chten Sie eine bronzefarbene nackte Katze mit hohem R\u00fccken kaufen? Eliassen bietet Ihnen eine gro\u00dfe Auswahl an Bronzestatuen in einem gro\u00dfen Ausstellungsra...\" \/>\n<meta property=\"og:url\" content=\"https:\/\/dev.eliassen.nl\/de\/bronzene-nackte-katze-mit-hohem-rucken\/\" \/>\n<meta property=\"og:site_name\" content=\"Eliassen.nl\" \/>\n<meta property=\"article:publisher\" content=\"https:\/\/www.facebook.com\/TuincentrumEliassenAmmerzoden\" \/>\n<meta property=\"article:modified_time\" content=\"2024-12-05T14:59:03+00:00\" \/>\n<meta property=\"og:image\" content=\"https:\/\/dev.eliassen.nl\/wp-content\/uploads\/2024\/01\/bronzennaaktkathogerugeliassennl.jpg\" \/>\n\t<meta property=\"og:image:width\" content=\"1000\" \/>\n\t<meta property=\"og:image:height\" content=\"750\" \/>\n\t<meta property=\"og:image:type\" content=\"image\/jpeg\" \/>\n<meta name=\"twitter:card\" content=\"summary_large_image\" \/>\n<script type=\"application\/ld+json\" class=\"yoast-schema-graph\">{\"@context\":\"https:\/\/schema.org\",\"@graph\":[{\"@type\":\"WebPage\",\"@id\":\"https:\/\/dev.eliassen.nl\/de\/bronzene-nackte-katze-mit-hohem-rucken\/\",\"url\":\"https:\/\/dev.eliassen.nl\/de\/bronzene-nackte-katze-mit-hohem-rucken\/\",\"name\":\"Bronzene nackte Katze mit hohem R\u00fccken\",\"isPartOf\":{\"@id\":\"https:\/\/dev.eliassen.nl\/de\/#website\"},\"primaryImageOfPage\":{\"@id\":\"https:\/\/dev.eliassen.nl\/de\/bronzene-nackte-katze-mit-hohem-rucken\/#primaryimage\"},\"image\":{\"@id\":\"https:\/\/dev.eliassen.nl\/de\/bronzene-nackte-katze-mit-hohem-rucken\/#primaryimage\"},\"thumbnailUrl\":\"https:\/\/dev.eliassen.nl\/wp-content\/uploads\/2024\/01\/bronzennaaktkathogerugeliassennl.jpg\",\"datePublished\":\"2022-01-15T09:51:14+00:00\",\"dateModified\":\"2024-12-05T14:59:03+00:00\",\"description\":\"M\u00f6chten Sie eine bronzefarbene nackte Katze mit hohem R\u00fccken kaufen? Eliassen bietet Ihnen eine gro\u00dfe Auswahl an Bronzestatuen in einem gro\u00dfen Ausstellungsra...\",\"breadcrumb\":{\"@id\":\"https:\/\/dev.eliassen.nl\/de\/bronzene-nackte-katze-mit-hohem-rucken\/#breadcrumb\"},\"inLanguage\":\"de\",\"potentialAction\":[{\"@type\":\"ReadAction\",\"target\":[\"https:\/\/dev.eliassen.nl\/de\/bronzene-nackte-katze-mit-hohem-rucken\/\"]}]},{\"@type\":\"ImageObject\",\"inLanguage\":\"de\",\"@id\":\"https:\/\/dev.eliassen.nl\/de\/bronzene-nackte-katze-mit-hohem-rucken\/#primaryimage\",\"url\":\"https:\/\/dev.eliassen.nl\/wp-content\/uploads\/2024\/01\/bronzennaaktkathogerugeliassennl.jpg\",\"contentUrl\":\"https:\/\/dev.eliassen.nl\/wp-content\/uploads\/2024\/01\/bronzennaaktkathogerugeliassennl.jpg\",\"width\":1000,\"height\":750,\"caption\":\"Bronzen naaktkat hoge rug-Eliassen.nl\"},{\"@type\":\"BreadcrumbList\",\"@id\":\"https:\/\/dev.eliassen.nl\/de\/bronzene-nackte-katze-mit-hohem-rucken\/#breadcrumb\",\"itemListElement\":[{\"@type\":\"ListItem\",\"position\":1,\"name\":\"Home\",\"item\":\"https:\/\/dev.eliassen.nl\/de\/\"},{\"@type\":\"ListItem\",\"position\":2,\"name\":\"Shop\",\"item\":\"https:\/\/dev.eliassen.nl\/nl\/winkel\/\"},{\"@type\":\"ListItem\",\"position\":3,\"name\":\"Bronzestatuen\",\"item\":\"https:\/\/dev.eliassen.nl\/de\/bilder\/bronzestatuen\/\"},{\"@type\":\"ListItem\",\"position\":4,\"name\":\"Tierstatuen aus Bronze\",\"item\":\"https:\/\/dev.eliassen.nl\/de\/bilder\/bronzestatuen\/tierstatuen-aus-bronze\/\"},{\"@type\":\"ListItem\",\"position\":5,\"name\":\"Bronzene nackte Katze mit hohem R\u00fccken\"}]},{\"@type\":\"WebSite\",\"@id\":\"https:\/\/dev.eliassen.nl\/de\/#website\",\"url\":\"https:\/\/dev.eliassen.nl\/de\/\",\"name\":\"Eliassen Home & Garden Pleasure\",\"description\":\"\",\"publisher\":{\"@id\":\"https:\/\/dev.eliassen.nl\/de\/#organization\"},\"alternateName\":\"Eliassen.nl\",\"potentialAction\":[{\"@type\":\"SearchAction\",\"target\":{\"@type\":\"EntryPoint\",\"urlTemplate\":\"https:\/\/dev.eliassen.nl\/de\/?s={search_term_string}\"},\"query-input\":{\"@type\":\"PropertyValueSpecification\",\"valueRequired\":true,\"valueName\":\"search_term_string\"}}],\"inLanguage\":\"de\"},{\"@type\":\"Organization\",\"@id\":\"https:\/\/dev.eliassen.nl\/de\/#organization\",\"name\":\"Eliassen Home & Garden Pleasure\",\"url\":\"https:\/\/dev.eliassen.nl\/de\/\",\"logo\":{\"@type\":\"ImageObject\",\"inLanguage\":\"de\",\"@id\":\"https:\/\/dev.eliassen.nl\/de\/#\/schema\/logo\/image\/\",\"url\":\"https:\/\/www.eliassen.nl\/wp-content\/uploads\/2024\/01\/logo_4nd.jpg\",\"contentUrl\":\"https:\/\/www.eliassen.nl\/wp-content\/uploads\/2024\/01\/logo_4nd.jpg\",\"width\":500,\"height\":500,\"caption\":\"Eliassen Home & Garden Pleasure\"},\"image\":{\"@id\":\"https:\/\/dev.eliassen.nl\/de\/#\/schema\/logo\/image\/\"},\"sameAs\":[\"https:\/\/www.facebook.com\/TuincentrumEliassenAmmerzoden\",\"https:\/\/www.instagram.com\/eliassenhomeandgarden\/\",\"https:\/\/nl.pinterest.com\/eliassenhomeandgarden\/\",\"https:\/\/www.youtube.com\/@eliassenhomegardenpleasure4558\"]}]}<\/script>\n<!-- \/ Yoast SEO plugin. -->","yoast_head_json":{"title":"Bronzene nackte Katze mit hohem R\u00fccken","description":"M\u00f6chten Sie eine bronzefarbene nackte Katze mit hohem R\u00fccken kaufen? Eliassen bietet Ihnen eine gro\u00dfe Auswahl an Bronzestatuen in einem gro\u00dfen Ausstellungsra...","robots":{"index":"noindex","follow":"follow","max-snippet":"max-snippet:-1","max-image-preview":"max-image-preview:large","max-video-preview":"max-video-preview:-1"},"og_locale":"de_DE","og_type":"article","og_title":"Bronzene nackte Katze mit hohem R\u00fccken","og_description":"M\u00f6chten Sie eine bronzefarbene nackte Katze mit hohem R\u00fccken kaufen? Eliassen bietet Ihnen eine gro\u00dfe Auswahl an Bronzestatuen in einem gro\u00dfen Ausstellungsra...","og_url":"https:\/\/dev.eliassen.nl\/de\/bronzene-nackte-katze-mit-hohem-rucken\/","og_site_name":"Eliassen.nl","article_publisher":"https:\/\/www.facebook.com\/TuincentrumEliassenAmmerzoden","article_modified_time":"2024-12-05T14:59:03+00:00","og_image":[{"width":1000,"height":750,"url":"https:\/\/dev.eliassen.nl\/wp-content\/uploads\/2024\/01\/bronzennaaktkathogerugeliassennl.jpg","type":"image\/jpeg"}],"twitter_card":"summary_large_image","schema":{"@context":"https:\/\/schema.org","@graph":[{"@type":"WebPage","@id":"https:\/\/dev.eliassen.nl\/de\/bronzene-nackte-katze-mit-hohem-rucken\/","url":"https:\/\/dev.eliassen.nl\/de\/bronzene-nackte-katze-mit-hohem-rucken\/","name":"Bronzene nackte Katze mit hohem R\u00fccken","isPartOf":{"@id":"https:\/\/dev.eliassen.nl\/de\/#website"},"primaryImageOfPage":{"@id":"https:\/\/dev.eliassen.nl\/de\/bronzene-nackte-katze-mit-hohem-rucken\/#primaryimage"},"image":{"@id":"https:\/\/dev.eliassen.nl\/de\/bronzene-nackte-katze-mit-hohem-rucken\/#primaryimage"},"thumbnailUrl":"https:\/\/dev.eliassen.nl\/wp-content\/uploads\/2024\/01\/bronzennaaktkathogerugeliassennl.jpg","datePublished":"2022-01-15T09:51:14+00:00","dateModified":"2024-12-05T14:59:03+00:00","description":"M\u00f6chten Sie eine bronzefarbene nackte Katze mit hohem R\u00fccken kaufen? Eliassen bietet Ihnen eine gro\u00dfe Auswahl an Bronzestatuen in einem gro\u00dfen Ausstellungsra...","breadcrumb":{"@id":"https:\/\/dev.eliassen.nl\/de\/bronzene-nackte-katze-mit-hohem-rucken\/#breadcrumb"},"inLanguage":"de","potentialAction":[{"@type":"ReadAction","target":["https:\/\/dev.eliassen.nl\/de\/bronzene-nackte-katze-mit-hohem-rucken\/"]}]},{"@type":"ImageObject","inLanguage":"de","@id":"https:\/\/dev.eliassen.nl\/de\/bronzene-nackte-katze-mit-hohem-rucken\/#primaryimage","url":"https:\/\/dev.eliassen.nl\/wp-content\/uploads\/2024\/01\/bronzennaaktkathogerugeliassennl.jpg","contentUrl":"https:\/\/dev.eliassen.nl\/wp-content\/uploads\/2024\/01\/bronzennaaktkathogerugeliassennl.jpg","width":1000,"height":750,"caption":"Bronzen naaktkat hoge rug-Eliassen.nl"},{"@type":"BreadcrumbList","@id":"https:\/\/dev.eliassen.nl\/de\/bronzene-nackte-katze-mit-hohem-rucken\/#breadcrumb","itemListElement":[{"@type":"ListItem","position":1,"name":"Home","item":"https:\/\/dev.eliassen.nl\/de\/"},{"@type":"ListItem","position":2,"name":"Shop","item":"https:\/\/dev.eliassen.nl\/nl\/winkel\/"},{"@type":"ListItem","position":3,"name":"Bronzestatuen","item":"https:\/\/dev.eliassen.nl\/de\/bilder\/bronzestatuen\/"},{"@type":"ListItem","position":4,"name":"Tierstatuen aus Bronze","item":"https:\/\/dev.eliassen.nl\/de\/bilder\/bronzestatuen\/tierstatuen-aus-bronze\/"},{"@type":"ListItem","position":5,"name":"Bronzene nackte Katze mit hohem R\u00fccken"}]},{"@type":"WebSite","@id":"https:\/\/dev.eliassen.nl\/de\/#website","url":"https:\/\/dev.eliassen.nl\/de\/","name":"Eliassen Home & Garden Pleasure","description":"","publisher":{"@id":"https:\/\/dev.eliassen.nl\/de\/#organization"},"alternateName":"Eliassen.nl","potentialAction":[{"@type":"SearchAction","target":{"@type":"EntryPoint","urlTemplate":"https:\/\/dev.eliassen.nl\/de\/?s={search_term_string}"},"query-input":{"@type":"PropertyValueSpecification","valueRequired":true,"valueName":"search_term_string"}}],"inLanguage":"de"},{"@type":"Organization","@id":"https:\/\/dev.eliassen.nl\/de\/#organization","name":"Eliassen Home & Garden Pleasure","url":"https:\/\/dev.eliassen.nl\/de\/","logo":{"@type":"ImageObject","inLanguage":"de","@id":"https:\/\/dev.eliassen.nl\/de\/#\/schema\/logo\/image\/","url":"https:\/\/www.eliassen.nl\/wp-content\/uploads\/2024\/01\/logo_4nd.jpg","contentUrl":"https:\/\/www.eliassen.nl\/wp-content\/uploads\/2024\/01\/logo_4nd.jpg","width":500,"height":500,"caption":"Eliassen Home & Garden Pleasure"},"image":{"@id":"https:\/\/dev.eliassen.nl\/de\/#\/schema\/logo\/image\/"},"sameAs":["https:\/\/www.facebook.com\/TuincentrumEliassenAmmerzoden","https:\/\/www.instagram.com\/eliassenhomeandgarden\/","https:\/\/nl.pinterest.com\/eliassenhomeandgarden\/","https:\/\/www.youtube.com\/@eliassenhomegardenpleasure4558"]}]}},"df_price":186,"df_sale_price":"","df_regular_price":186,"df_image_link":"https:\/\/dev.eliassen.nl\/wp-content\/uploads\/2024\/01\/bronzennaaktkathogerugeliassennl.jpg","image":"https:\/\/dev.eliassen.nl\/wp-content\/uploads\/2024\/01\/bronzennaaktkathogerugeliassennl.jpg","price_search":"<span class=\"woocommerce-Price-amount amount\"><bdi><span class=\"woocommerce-Price-currencySymbol\">&euro;<\/span>&nbsp;186,00<\/bdi><\/span>","category":"Bronzestatuen","_links":{"self":[{"href":"https:\/\/dev.eliassen.nl\/de\/wp-json\/wp\/v2\/product\/68203","targetHints":{"allow":["GET"]}}],"collection":[{"href":"https:\/\/dev.eliassen.nl\/de\/wp-json\/wp\/v2\/product"}],"about":[{"href":"https:\/\/dev.eliassen.nl\/de\/wp-json\/wp\/v2\/types\/product"}],"wp:featuredmedia":[{"embeddable":true,"href":"https:\/\/dev.eliassen.nl\/de\/wp-json\/wp\/v2\/media\/68200"}],"wp:attachment":[{"href":"https:\/\/dev.eliassen.nl\/de\/wp-json\/wp\/v2\/media?parent=68203"}],"wp:term":[{"taxonomy":"product_brand","embeddable":true,"href":"https:\/\/dev.eliassen.nl\/de\/wp-json\/wp\/v2\/product_brand?post=68203"},{"taxonomy":"product_cat","embeddable":true,"href":"https:\/\/dev.eliassen.nl\/de\/wp-json\/wp\/v2\/product_cat?post=68203"},{"taxonomy":"product_tag","embeddable":true,"href":"https:\/\/dev.eliassen.nl\/de\/wp-json\/wp\/v2\/product_tag?post=68203"}],"curies":[{"name":"wp","href":"https:\/\/api.w.org\/{rel}","templated":true}]}}