{"id":68290,"date":"2022-01-19T22:45:36","date_gmt":"2022-01-19T21:45:36","guid":{"rendered":"https:\/\/www.eliassen.nl\/?product=forno-houtopslag-cortenstaal-100x40x100cm"},"modified":"2023-09-04T16:39:12","modified_gmt":"2023-09-04T16:39:12","slug":"forno-holzaufbewahrung-cortenstahl-100x40x100cm","status":"publish","type":"product","link":"https:\/\/dev.eliassen.nl\/de\/forno-holzaufbewahrung-cortenstahl-100x40x100cm\/","title":{"rendered":"Forno Holzaufbewahrung Cortenstahl 100x40x100cm"},"content":{"rendered":"<p><strong><a href=\"https:\/\/cdn.adezz.com\/production\/ERP_handleidingen\/Productmodellen\/190\/1411\/FORNO%20Houtopslag_NL.pdf\">Handbuch<\/a> <u>|<\/u> <a href=\"https:\/\/cdn.adezz.com\/production\/ERP_handleidingen\/Producten\/6275\/6620\/BHSS1_Sheet%201.PDF\">Skizzieren<\/a><\/strong><\/p>\n<p><strong><a href=\"https:\/\/www.youtube.com\/watch?v=zdflGbngZCM\" target=\"_blank\" rel=\"noopener\"><img decoding=\"async\" src=\"https:\/\/www.eliassen.nl\/wp-content\/uploads\/content\/youtube-play.png\" alt=\"\" width=\"27\" height=\"27\" \/><\/a><\/strong> <strong><a href=\"https:\/\/www.youtube.com\/watch?v=zdflGbngZCM\" target=\"_blank\" rel=\"noopener\">Video<\/a><\/strong> <strong><a href=\"https:\/\/www.youtube.com\/watch?v=zdflGbngZCM\" target=\"_blank\" rel=\"noopener\">ansehen<\/a><\/strong><\/p>\n<p>Dieses praktische Holzlager von Forno ist ideal f\u00fcr die Aufbewahrung Ihres Holzes. Die Holzaufbewahrung ist aus witterungsbest\u00e4ndigem und strapazierf\u00e4higem Material gefertigt und verleiht zudem ein warmes und nat\u00fcrliches Aussehen.<\/p>\n<p>Cortenstahl hat die Eigenschaft, dass sich nach 4-6 Wochen eine Rostschicht bildet, die gleichzeitig die Schutzschicht f\u00fcr weiteres Rosten ist. Durchrosten ist bei Cortenstahl ausgeschlossen, was dieses Holzlager nahezu unverw\u00fcstlich macht. Die Rostschicht von Cortenstahl gibt im Gegensatz zu normalem Rost keinen oder kaum Rost ab.<\/p>\n<ul>\n<li>Material: 3 mm Cortenstahl<\/li>\n<li>Garantie 5 Jahre<\/li>\n<li>Kostenloser Versand innerhalb der Niederlande<\/li>\n<\/ul>\n<p>Kommen Sie vorbei und sehen Sie sich einen Gro\u00dfteil unserer Kollektion live in unserem Showroom an!<\/p>\n<p>Haben Sie eine Frage zu diesem Produkt? <a href=\"mailto:info@eliassen.nl\">Mailen<\/a> Sie uns und stellen Sie Ihre Frage.<\/p>\n","protected":false},"excerpt":{"rendered":"<p>Rufen Sie uns an oder mailen Sie uns f\u00fcr den besten Preis!<\/p>\n","protected":false},"featured_media":68284,"template":"","meta":{"_acf_changed":false},"product_brand":[6920],"product_cat":[7262],"product_tag":[],"class_list":{"0":"post-68290","1":"product","2":"type-product","3":"status-publish","4":"has-post-thumbnail","6":"product_brand-adezz-de","7":"product_cat-forno-feuerschalen-und-holzlagerung","9":"first","10":"onbackorder","11":"taxable","12":"shipping-taxable","13":"purchasable","14":"product-type-simple"},"acf":[],"yoast_head":"<!-- This site is optimized with the Yoast SEO plugin v23.8 - https:\/\/yoast.com\/wordpress\/plugins\/seo\/ -->\n<title>Forno Holzaufbewahrung Cortenstahl 100x40x100cm<\/title>\n<meta name=\"robots\" content=\"noindex, follow, max-snippet:-1, max-image-preview:large, max-video-preview:-1\" \/>\n<meta property=\"og:locale\" content=\"de_DE\" \/>\n<meta property=\"og:type\" content=\"article\" \/>\n<meta property=\"og:title\" content=\"Forno Holzaufbewahrung Cortenstahl 100x40x100cm\" \/>\n<meta property=\"og:description\" content=\"Rufen Sie uns an oder mailen Sie uns f\u00fcr den besten Preis!\" \/>\n<meta property=\"og:url\" content=\"https:\/\/dev.eliassen.nl\/de\/forno-holzaufbewahrung-cortenstahl-100x40x100cm\/\" \/>\n<meta property=\"og:site_name\" content=\"Eliassen.nl\" \/>\n<meta property=\"article:publisher\" content=\"https:\/\/www.facebook.com\/TuincentrumEliassenAmmerzoden\" \/>\n<meta property=\"article:modified_time\" content=\"2023-09-04T16:39:12+00:00\" \/>\n<meta property=\"og:image\" content=\"https:\/\/dev.eliassen.nl\/wp-content\/uploads\/2024\/01\/fornohoutopslagvierkanteliassennl.png\" \/>\n\t<meta property=\"og:image:width\" content=\"699\" \/>\n\t<meta property=\"og:image:height\" content=\"699\" \/>\n\t<meta property=\"og:image:type\" content=\"image\/png\" \/>\n<meta name=\"twitter:card\" content=\"summary_large_image\" \/>\n<script type=\"application\/ld+json\" class=\"yoast-schema-graph\">{\"@context\":\"https:\/\/schema.org\",\"@graph\":[{\"@type\":\"WebPage\",\"@id\":\"https:\/\/dev.eliassen.nl\/de\/forno-holzaufbewahrung-cortenstahl-100x40x100cm\/\",\"url\":\"https:\/\/dev.eliassen.nl\/de\/forno-holzaufbewahrung-cortenstahl-100x40x100cm\/\",\"name\":\"Forno Holzaufbewahrung Cortenstahl 100x40x100cm\",\"isPartOf\":{\"@id\":\"https:\/\/dev.eliassen.nl\/de\/#website\"},\"primaryImageOfPage\":{\"@id\":\"https:\/\/dev.eliassen.nl\/de\/forno-holzaufbewahrung-cortenstahl-100x40x100cm\/#primaryimage\"},\"image\":{\"@id\":\"https:\/\/dev.eliassen.nl\/de\/forno-holzaufbewahrung-cortenstahl-100x40x100cm\/#primaryimage\"},\"thumbnailUrl\":\"https:\/\/dev.eliassen.nl\/wp-content\/uploads\/2024\/01\/fornohoutopslagvierkanteliassennl.png\",\"datePublished\":\"2022-01-19T21:45:36+00:00\",\"dateModified\":\"2023-09-04T16:39:12+00:00\",\"breadcrumb\":{\"@id\":\"https:\/\/dev.eliassen.nl\/de\/forno-holzaufbewahrung-cortenstahl-100x40x100cm\/#breadcrumb\"},\"inLanguage\":\"de\",\"potentialAction\":[{\"@type\":\"ReadAction\",\"target\":[\"https:\/\/dev.eliassen.nl\/de\/forno-holzaufbewahrung-cortenstahl-100x40x100cm\/\"]}]},{\"@type\":\"ImageObject\",\"inLanguage\":\"de\",\"@id\":\"https:\/\/dev.eliassen.nl\/de\/forno-holzaufbewahrung-cortenstahl-100x40x100cm\/#primaryimage\",\"url\":\"https:\/\/dev.eliassen.nl\/wp-content\/uploads\/2024\/01\/fornohoutopslagvierkanteliassennl.png\",\"contentUrl\":\"https:\/\/dev.eliassen.nl\/wp-content\/uploads\/2024\/01\/fornohoutopslagvierkanteliassennl.png\",\"width\":699,\"height\":699,\"caption\":\"Forno Houtopslag Vierkant Eliassen.nl\"},{\"@type\":\"BreadcrumbList\",\"@id\":\"https:\/\/dev.eliassen.nl\/de\/forno-holzaufbewahrung-cortenstahl-100x40x100cm\/#breadcrumb\",\"itemListElement\":[{\"@type\":\"ListItem\",\"position\":1,\"name\":\"Home\",\"item\":\"https:\/\/dev.eliassen.nl\/de\/\"},{\"@type\":\"ListItem\",\"position\":2,\"name\":\"Shop\",\"item\":\"https:\/\/dev.eliassen.nl\/nl\/winkel\/\"},{\"@type\":\"ListItem\",\"position\":3,\"name\":\"Adezz-Produkte\",\"item\":\"https:\/\/dev.eliassen.nl\/de\/adezz-produkte\/\"},{\"@type\":\"ListItem\",\"position\":4,\"name\":\"Forno Feuerschalen und Holzlagerung\",\"item\":\"https:\/\/dev.eliassen.nl\/de\/adezz-produkte\/forno-feuerschalen-und-holzlagerung\/\"},{\"@type\":\"ListItem\",\"position\":5,\"name\":\"Forno Holzaufbewahrung Cortenstahl 100x40x100cm\"}]},{\"@type\":\"WebSite\",\"@id\":\"https:\/\/dev.eliassen.nl\/de\/#website\",\"url\":\"https:\/\/dev.eliassen.nl\/de\/\",\"name\":\"Eliassen Home & Garden Pleasure\",\"description\":\"\",\"publisher\":{\"@id\":\"https:\/\/dev.eliassen.nl\/de\/#organization\"},\"alternateName\":\"Eliassen.nl\",\"potentialAction\":[{\"@type\":\"SearchAction\",\"target\":{\"@type\":\"EntryPoint\",\"urlTemplate\":\"https:\/\/dev.eliassen.nl\/de\/?s={search_term_string}\"},\"query-input\":{\"@type\":\"PropertyValueSpecification\",\"valueRequired\":true,\"valueName\":\"search_term_string\"}}],\"inLanguage\":\"de\"},{\"@type\":\"Organization\",\"@id\":\"https:\/\/dev.eliassen.nl\/de\/#organization\",\"name\":\"Eliassen Home & Garden Pleasure\",\"url\":\"https:\/\/dev.eliassen.nl\/de\/\",\"logo\":{\"@type\":\"ImageObject\",\"inLanguage\":\"de\",\"@id\":\"https:\/\/dev.eliassen.nl\/de\/#\/schema\/logo\/image\/\",\"url\":\"https:\/\/www.eliassen.nl\/wp-content\/uploads\/2024\/01\/logo_4nd.jpg\",\"contentUrl\":\"https:\/\/www.eliassen.nl\/wp-content\/uploads\/2024\/01\/logo_4nd.jpg\",\"width\":500,\"height\":500,\"caption\":\"Eliassen Home & Garden Pleasure\"},\"image\":{\"@id\":\"https:\/\/dev.eliassen.nl\/de\/#\/schema\/logo\/image\/\"},\"sameAs\":[\"https:\/\/www.facebook.com\/TuincentrumEliassenAmmerzoden\",\"https:\/\/www.instagram.com\/eliassenhomeandgarden\/\",\"https:\/\/nl.pinterest.com\/eliassenhomeandgarden\/\",\"https:\/\/www.youtube.com\/@eliassenhomegardenpleasure4558\"]}]}<\/script>\n<!-- \/ Yoast SEO plugin. -->","yoast_head_json":{"title":"Forno Holzaufbewahrung Cortenstahl 100x40x100cm","robots":{"index":"noindex","follow":"follow","max-snippet":"max-snippet:-1","max-image-preview":"max-image-preview:large","max-video-preview":"max-video-preview:-1"},"og_locale":"de_DE","og_type":"article","og_title":"Forno Holzaufbewahrung Cortenstahl 100x40x100cm","og_description":"Rufen Sie uns an oder mailen Sie uns f\u00fcr den besten Preis!","og_url":"https:\/\/dev.eliassen.nl\/de\/forno-holzaufbewahrung-cortenstahl-100x40x100cm\/","og_site_name":"Eliassen.nl","article_publisher":"https:\/\/www.facebook.com\/TuincentrumEliassenAmmerzoden","article_modified_time":"2023-09-04T16:39:12+00:00","og_image":[{"width":699,"height":699,"url":"https:\/\/dev.eliassen.nl\/wp-content\/uploads\/2024\/01\/fornohoutopslagvierkanteliassennl.png","type":"image\/png"}],"twitter_card":"summary_large_image","schema":{"@context":"https:\/\/schema.org","@graph":[{"@type":"WebPage","@id":"https:\/\/dev.eliassen.nl\/de\/forno-holzaufbewahrung-cortenstahl-100x40x100cm\/","url":"https:\/\/dev.eliassen.nl\/de\/forno-holzaufbewahrung-cortenstahl-100x40x100cm\/","name":"Forno Holzaufbewahrung Cortenstahl 100x40x100cm","isPartOf":{"@id":"https:\/\/dev.eliassen.nl\/de\/#website"},"primaryImageOfPage":{"@id":"https:\/\/dev.eliassen.nl\/de\/forno-holzaufbewahrung-cortenstahl-100x40x100cm\/#primaryimage"},"image":{"@id":"https:\/\/dev.eliassen.nl\/de\/forno-holzaufbewahrung-cortenstahl-100x40x100cm\/#primaryimage"},"thumbnailUrl":"https:\/\/dev.eliassen.nl\/wp-content\/uploads\/2024\/01\/fornohoutopslagvierkanteliassennl.png","datePublished":"2022-01-19T21:45:36+00:00","dateModified":"2023-09-04T16:39:12+00:00","breadcrumb":{"@id":"https:\/\/dev.eliassen.nl\/de\/forno-holzaufbewahrung-cortenstahl-100x40x100cm\/#breadcrumb"},"inLanguage":"de","potentialAction":[{"@type":"ReadAction","target":["https:\/\/dev.eliassen.nl\/de\/forno-holzaufbewahrung-cortenstahl-100x40x100cm\/"]}]},{"@type":"ImageObject","inLanguage":"de","@id":"https:\/\/dev.eliassen.nl\/de\/forno-holzaufbewahrung-cortenstahl-100x40x100cm\/#primaryimage","url":"https:\/\/dev.eliassen.nl\/wp-content\/uploads\/2024\/01\/fornohoutopslagvierkanteliassennl.png","contentUrl":"https:\/\/dev.eliassen.nl\/wp-content\/uploads\/2024\/01\/fornohoutopslagvierkanteliassennl.png","width":699,"height":699,"caption":"Forno Houtopslag Vierkant Eliassen.nl"},{"@type":"BreadcrumbList","@id":"https:\/\/dev.eliassen.nl\/de\/forno-holzaufbewahrung-cortenstahl-100x40x100cm\/#breadcrumb","itemListElement":[{"@type":"ListItem","position":1,"name":"Home","item":"https:\/\/dev.eliassen.nl\/de\/"},{"@type":"ListItem","position":2,"name":"Shop","item":"https:\/\/dev.eliassen.nl\/nl\/winkel\/"},{"@type":"ListItem","position":3,"name":"Adezz-Produkte","item":"https:\/\/dev.eliassen.nl\/de\/adezz-produkte\/"},{"@type":"ListItem","position":4,"name":"Forno Feuerschalen und Holzlagerung","item":"https:\/\/dev.eliassen.nl\/de\/adezz-produkte\/forno-feuerschalen-und-holzlagerung\/"},{"@type":"ListItem","position":5,"name":"Forno Holzaufbewahrung Cortenstahl 100x40x100cm"}]},{"@type":"WebSite","@id":"https:\/\/dev.eliassen.nl\/de\/#website","url":"https:\/\/dev.eliassen.nl\/de\/","name":"Eliassen Home & Garden Pleasure","description":"","publisher":{"@id":"https:\/\/dev.eliassen.nl\/de\/#organization"},"alternateName":"Eliassen.nl","potentialAction":[{"@type":"SearchAction","target":{"@type":"EntryPoint","urlTemplate":"https:\/\/dev.eliassen.nl\/de\/?s={search_term_string}"},"query-input":{"@type":"PropertyValueSpecification","valueRequired":true,"valueName":"search_term_string"}}],"inLanguage":"de"},{"@type":"Organization","@id":"https:\/\/dev.eliassen.nl\/de\/#organization","name":"Eliassen Home & Garden Pleasure","url":"https:\/\/dev.eliassen.nl\/de\/","logo":{"@type":"ImageObject","inLanguage":"de","@id":"https:\/\/dev.eliassen.nl\/de\/#\/schema\/logo\/image\/","url":"https:\/\/www.eliassen.nl\/wp-content\/uploads\/2024\/01\/logo_4nd.jpg","contentUrl":"https:\/\/www.eliassen.nl\/wp-content\/uploads\/2024\/01\/logo_4nd.jpg","width":500,"height":500,"caption":"Eliassen Home & Garden Pleasure"},"image":{"@id":"https:\/\/dev.eliassen.nl\/de\/#\/schema\/logo\/image\/"},"sameAs":["https:\/\/www.facebook.com\/TuincentrumEliassenAmmerzoden","https:\/\/www.instagram.com\/eliassenhomeandgarden\/","https:\/\/nl.pinterest.com\/eliassenhomeandgarden\/","https:\/\/www.youtube.com\/@eliassenhomegardenpleasure4558"]}]}},"df_price":434,"df_sale_price":"","df_regular_price":434,"df_image_link":"https:\/\/dev.eliassen.nl\/wp-content\/uploads\/2024\/01\/fornohoutopslagvierkanteliassennl.png","image":"https:\/\/dev.eliassen.nl\/wp-content\/uploads\/2024\/01\/fornohoutopslagvierkanteliassennl.png","price_search":"<span class=\"woocommerce-Price-amount amount\"><bdi><span class=\"woocommerce-Price-currencySymbol\">&euro;<\/span>&nbsp;434,00<\/bdi><\/span>","category":"Forno Feuerschalen und Holzlagerung","_links":{"self":[{"href":"https:\/\/dev.eliassen.nl\/de\/wp-json\/wp\/v2\/product\/68290","targetHints":{"allow":["GET"]}}],"collection":[{"href":"https:\/\/dev.eliassen.nl\/de\/wp-json\/wp\/v2\/product"}],"about":[{"href":"https:\/\/dev.eliassen.nl\/de\/wp-json\/wp\/v2\/types\/product"}],"wp:featuredmedia":[{"embeddable":true,"href":"https:\/\/dev.eliassen.nl\/de\/wp-json\/wp\/v2\/media\/68284"}],"wp:attachment":[{"href":"https:\/\/dev.eliassen.nl\/de\/wp-json\/wp\/v2\/media?parent=68290"}],"wp:term":[{"taxonomy":"product_brand","embeddable":true,"href":"https:\/\/dev.eliassen.nl\/de\/wp-json\/wp\/v2\/product_brand?post=68290"},{"taxonomy":"product_cat","embeddable":true,"href":"https:\/\/dev.eliassen.nl\/de\/wp-json\/wp\/v2\/product_cat?post=68290"},{"taxonomy":"product_tag","embeddable":true,"href":"https:\/\/dev.eliassen.nl\/de\/wp-json\/wp\/v2\/product_tag?post=68290"}],"curies":[{"name":"wp","href":"https:\/\/api.w.org\/{rel}","templated":true}]}}