{"id":68341,"date":"2022-01-20T15:58:24","date_gmt":"2022-01-20T14:58:24","guid":{"rendered":"https:\/\/www.eliassen.nl\/?product=waterornament-set-adria-compleet"},"modified":"2024-12-05T15:59:20","modified_gmt":"2024-12-05T14:59:20","slug":"wasserschmuckset-adria-komplett","status":"publish","type":"product","link":"https:\/\/dev.eliassen.nl\/de\/wasserschmuckset-adria-komplett\/","title":{"rendered":"Komplettes Set Adria-Granit-Wasserspiel"},"content":{"rendered":"<p>Dieses Adria-Wasserset wird komplett geliefert. Der gr\u00f6\u00dfte Stein dieses Wasserspiel-Sets besteht aus grauem, gemei\u00dfeltem Granit, die kleinste S\u00e4ule besteht aus dunkelgrauem, poliertem Granit. Diese Kombination ist ein wundersch\u00f6ner Farbkontrast. Die kleinste S\u00e4ule enth\u00e4lt einen Gelbrenner mit Edelstahl, sodass der magische Wasser-Feuer-Aspekt auch im Dunkeln sichtbar wird. Dieses Set enth\u00e4lt alle notwendigen Materialien, einschlie\u00dflich der sehr exklusiven Mosaikscheiben in zwei Farben, um dem Wassernapf ein dezentes und stilvolles Finish zu verleihen und das Wasser klar zu halten!<\/p>\n<ul>\n<li>Ornamentgr\u00f6\u00dfe: 30 x 40 cm hoch<\/li>\n<li>Material: Granit<\/li>\n<li>Gr\u00f6\u00dfe der Wasserschale und des Deckels: 54 x 72 cm<\/li>\n<li>Eigener Bestand<\/li>\n<li>Nirgendwo anders zu verkaufen<\/li>\n<li>Einschlie\u00dflich exklusiver Discs<\/li>\n<li>Ideales Modell zur Schaffung einer Ruhe- oder Gedenkecke.<\/li>\n<\/ul>\n<p>\u00a0<\/p>\n","protected":false},"excerpt":{"rendered":"<p>Aus Granit<\/p>\n","protected":false},"featured_media":68332,"template":"","meta":{"_acf_changed":false},"product_brand":[],"product_cat":[539,554,536],"product_tag":[],"class_list":{"0":"post-68341","1":"product","2":"type-product","3":"status-publish","4":"has-post-thumbnail","6":"product_cat-einzigartige-eigene-modelle-von-losen-wasserspiele","7":"product_cat-wasserspiel-mit-grabbecken","8":"product_cat-wassereigenschaften","10":"first","11":"instock","12":"taxable","13":"shipping-taxable","14":"purchasable","15":"product-type-simple"},"acf":[],"yoast_head":"<!-- This site is optimized with the Yoast SEO plugin v23.8 - https:\/\/yoast.com\/wordpress\/plugins\/seo\/ -->\n<title>Complete set Waterornament Adria | Graniet | Eliassen.nl<\/title>\n<meta name=\"description\" content=\"Complete set Waterornament voor in de tuin. Nergens anders te koop! Bezoek daarom eens onze showroom. \u221a +300 waterornamenten \u221a Waterornamenten specialist\" \/>\n<meta name=\"robots\" content=\"noindex, follow, max-snippet:-1, max-image-preview:large, max-video-preview:-1\" \/>\n<meta property=\"og:locale\" content=\"de_DE\" \/>\n<meta property=\"og:type\" content=\"article\" \/>\n<meta property=\"og:title\" content=\"Complete set Waterornament Adria | Graniet | Eliassen.nl\" \/>\n<meta property=\"og:description\" content=\"Complete set Waterornament voor in de tuin. Nergens anders te koop! Bezoek daarom eens onze showroom. \u221a +300 waterornamenten \u221a Waterornamenten specialist\" \/>\n<meta property=\"og:url\" content=\"https:\/\/dev.eliassen.nl\/de\/wasserschmuckset-adria-komplett\/\" \/>\n<meta property=\"og:site_name\" content=\"Eliassen.nl\" \/>\n<meta property=\"article:publisher\" content=\"https:\/\/www.facebook.com\/TuincentrumEliassenAmmerzoden\" \/>\n<meta property=\"article:modified_time\" content=\"2024-12-05T14:59:20+00:00\" \/>\n<meta property=\"og:image\" content=\"https:\/\/dev.eliassen.nl\/wp-content\/uploads\/2024\/01\/completesetwaterornamentadriaeliassennl.jpg\" \/>\n\t<meta property=\"og:image:width\" content=\"1299\" \/>\n\t<meta property=\"og:image:height\" content=\"2048\" \/>\n\t<meta property=\"og:image:type\" content=\"image\/jpeg\" \/>\n<meta name=\"twitter:card\" content=\"summary_large_image\" \/>\n<script type=\"application\/ld+json\" class=\"yoast-schema-graph\">{\"@context\":\"https:\/\/schema.org\",\"@graph\":[{\"@type\":\"WebPage\",\"@id\":\"https:\/\/dev.eliassen.nl\/de\/wasserschmuckset-adria-komplett\/\",\"url\":\"https:\/\/dev.eliassen.nl\/de\/wasserschmuckset-adria-komplett\/\",\"name\":\"Complete set Waterornament Adria | Graniet | Eliassen.nl\",\"isPartOf\":{\"@id\":\"https:\/\/dev.eliassen.nl\/de\/#website\"},\"primaryImageOfPage\":{\"@id\":\"https:\/\/dev.eliassen.nl\/de\/wasserschmuckset-adria-komplett\/#primaryimage\"},\"image\":{\"@id\":\"https:\/\/dev.eliassen.nl\/de\/wasserschmuckset-adria-komplett\/#primaryimage\"},\"thumbnailUrl\":\"https:\/\/dev.eliassen.nl\/wp-content\/uploads\/2024\/01\/completesetwaterornamentadriaeliassennl.jpg\",\"datePublished\":\"2022-01-20T14:58:24+00:00\",\"dateModified\":\"2024-12-05T14:59:20+00:00\",\"description\":\"Complete set Waterornament voor in de tuin. Nergens anders te koop! Bezoek daarom eens onze showroom. \u221a +300 waterornamenten \u221a Waterornamenten specialist\",\"breadcrumb\":{\"@id\":\"https:\/\/dev.eliassen.nl\/de\/wasserschmuckset-adria-komplett\/#breadcrumb\"},\"inLanguage\":\"de\",\"potentialAction\":[{\"@type\":\"ReadAction\",\"target\":[\"https:\/\/dev.eliassen.nl\/de\/wasserschmuckset-adria-komplett\/\"]}]},{\"@type\":\"ImageObject\",\"inLanguage\":\"de\",\"@id\":\"https:\/\/dev.eliassen.nl\/de\/wasserschmuckset-adria-komplett\/#primaryimage\",\"url\":\"https:\/\/dev.eliassen.nl\/wp-content\/uploads\/2024\/01\/completesetwaterornamentadriaeliassennl.jpg\",\"contentUrl\":\"https:\/\/dev.eliassen.nl\/wp-content\/uploads\/2024\/01\/completesetwaterornamentadriaeliassennl.jpg\",\"width\":1299,\"height\":2048,\"caption\":\"Complete set Waterornament Adria - Eliassen.nl\"},{\"@type\":\"BreadcrumbList\",\"@id\":\"https:\/\/dev.eliassen.nl\/de\/wasserschmuckset-adria-komplett\/#breadcrumb\",\"itemListElement\":[{\"@type\":\"ListItem\",\"position\":1,\"name\":\"Home\",\"item\":\"https:\/\/dev.eliassen.nl\/de\/\"},{\"@type\":\"ListItem\",\"position\":2,\"name\":\"Shop\",\"item\":\"https:\/\/dev.eliassen.nl\/nl\/winkel\/\"},{\"@type\":\"ListItem\",\"position\":3,\"name\":\"Wasserspiele\",\"item\":\"https:\/\/dev.eliassen.nl\/de\/wassereigenschaften\/\"},{\"@type\":\"ListItem\",\"position\":4,\"name\":\"Einzigartige eigene Modelle von losen Wasserspielen\",\"item\":\"https:\/\/dev.eliassen.nl\/de\/wassereigenschaften\/einzigartige-eigene-modelle-von-losen-wasserspiele\/\"},{\"@type\":\"ListItem\",\"position\":5,\"name\":\"Komplettes Set Adria-Granit-Wasserspiel\"}]},{\"@type\":\"WebSite\",\"@id\":\"https:\/\/dev.eliassen.nl\/de\/#website\",\"url\":\"https:\/\/dev.eliassen.nl\/de\/\",\"name\":\"Eliassen Home & Garden Pleasure\",\"description\":\"\",\"publisher\":{\"@id\":\"https:\/\/dev.eliassen.nl\/de\/#organization\"},\"alternateName\":\"Eliassen.nl\",\"potentialAction\":[{\"@type\":\"SearchAction\",\"target\":{\"@type\":\"EntryPoint\",\"urlTemplate\":\"https:\/\/dev.eliassen.nl\/de\/?s={search_term_string}\"},\"query-input\":{\"@type\":\"PropertyValueSpecification\",\"valueRequired\":true,\"valueName\":\"search_term_string\"}}],\"inLanguage\":\"de\"},{\"@type\":\"Organization\",\"@id\":\"https:\/\/dev.eliassen.nl\/de\/#organization\",\"name\":\"Eliassen Home & Garden Pleasure\",\"url\":\"https:\/\/dev.eliassen.nl\/de\/\",\"logo\":{\"@type\":\"ImageObject\",\"inLanguage\":\"de\",\"@id\":\"https:\/\/dev.eliassen.nl\/de\/#\/schema\/logo\/image\/\",\"url\":\"https:\/\/www.eliassen.nl\/wp-content\/uploads\/2024\/01\/logo_4nd.jpg\",\"contentUrl\":\"https:\/\/www.eliassen.nl\/wp-content\/uploads\/2024\/01\/logo_4nd.jpg\",\"width\":500,\"height\":500,\"caption\":\"Eliassen Home & Garden Pleasure\"},\"image\":{\"@id\":\"https:\/\/dev.eliassen.nl\/de\/#\/schema\/logo\/image\/\"},\"sameAs\":[\"https:\/\/www.facebook.com\/TuincentrumEliassenAmmerzoden\",\"https:\/\/www.instagram.com\/eliassenhomeandgarden\/\",\"https:\/\/nl.pinterest.com\/eliassenhomeandgarden\/\",\"https:\/\/www.youtube.com\/@eliassenhomegardenpleasure4558\"]}]}<\/script>\n<!-- \/ Yoast SEO plugin. -->","yoast_head_json":{"title":"Complete set Waterornament Adria | Graniet | Eliassen.nl","description":"Complete set Waterornament voor in de tuin. Nergens anders te koop! Bezoek daarom eens onze showroom. \u221a +300 waterornamenten \u221a Waterornamenten specialist","robots":{"index":"noindex","follow":"follow","max-snippet":"max-snippet:-1","max-image-preview":"max-image-preview:large","max-video-preview":"max-video-preview:-1"},"og_locale":"de_DE","og_type":"article","og_title":"Complete set Waterornament Adria | Graniet | Eliassen.nl","og_description":"Complete set Waterornament voor in de tuin. Nergens anders te koop! Bezoek daarom eens onze showroom. \u221a +300 waterornamenten \u221a Waterornamenten specialist","og_url":"https:\/\/dev.eliassen.nl\/de\/wasserschmuckset-adria-komplett\/","og_site_name":"Eliassen.nl","article_publisher":"https:\/\/www.facebook.com\/TuincentrumEliassenAmmerzoden","article_modified_time":"2024-12-05T14:59:20+00:00","og_image":[{"width":1299,"height":2048,"url":"https:\/\/dev.eliassen.nl\/wp-content\/uploads\/2024\/01\/completesetwaterornamentadriaeliassennl.jpg","type":"image\/jpeg"}],"twitter_card":"summary_large_image","schema":{"@context":"https:\/\/schema.org","@graph":[{"@type":"WebPage","@id":"https:\/\/dev.eliassen.nl\/de\/wasserschmuckset-adria-komplett\/","url":"https:\/\/dev.eliassen.nl\/de\/wasserschmuckset-adria-komplett\/","name":"Complete set Waterornament Adria | Graniet | Eliassen.nl","isPartOf":{"@id":"https:\/\/dev.eliassen.nl\/de\/#website"},"primaryImageOfPage":{"@id":"https:\/\/dev.eliassen.nl\/de\/wasserschmuckset-adria-komplett\/#primaryimage"},"image":{"@id":"https:\/\/dev.eliassen.nl\/de\/wasserschmuckset-adria-komplett\/#primaryimage"},"thumbnailUrl":"https:\/\/dev.eliassen.nl\/wp-content\/uploads\/2024\/01\/completesetwaterornamentadriaeliassennl.jpg","datePublished":"2022-01-20T14:58:24+00:00","dateModified":"2024-12-05T14:59:20+00:00","description":"Complete set Waterornament voor in de tuin. Nergens anders te koop! Bezoek daarom eens onze showroom. \u221a +300 waterornamenten \u221a Waterornamenten specialist","breadcrumb":{"@id":"https:\/\/dev.eliassen.nl\/de\/wasserschmuckset-adria-komplett\/#breadcrumb"},"inLanguage":"de","potentialAction":[{"@type":"ReadAction","target":["https:\/\/dev.eliassen.nl\/de\/wasserschmuckset-adria-komplett\/"]}]},{"@type":"ImageObject","inLanguage":"de","@id":"https:\/\/dev.eliassen.nl\/de\/wasserschmuckset-adria-komplett\/#primaryimage","url":"https:\/\/dev.eliassen.nl\/wp-content\/uploads\/2024\/01\/completesetwaterornamentadriaeliassennl.jpg","contentUrl":"https:\/\/dev.eliassen.nl\/wp-content\/uploads\/2024\/01\/completesetwaterornamentadriaeliassennl.jpg","width":1299,"height":2048,"caption":"Complete set Waterornament Adria - Eliassen.nl"},{"@type":"BreadcrumbList","@id":"https:\/\/dev.eliassen.nl\/de\/wasserschmuckset-adria-komplett\/#breadcrumb","itemListElement":[{"@type":"ListItem","position":1,"name":"Home","item":"https:\/\/dev.eliassen.nl\/de\/"},{"@type":"ListItem","position":2,"name":"Shop","item":"https:\/\/dev.eliassen.nl\/nl\/winkel\/"},{"@type":"ListItem","position":3,"name":"Wasserspiele","item":"https:\/\/dev.eliassen.nl\/de\/wassereigenschaften\/"},{"@type":"ListItem","position":4,"name":"Einzigartige eigene Modelle von losen Wasserspielen","item":"https:\/\/dev.eliassen.nl\/de\/wassereigenschaften\/einzigartige-eigene-modelle-von-losen-wasserspiele\/"},{"@type":"ListItem","position":5,"name":"Komplettes Set Adria-Granit-Wasserspiel"}]},{"@type":"WebSite","@id":"https:\/\/dev.eliassen.nl\/de\/#website","url":"https:\/\/dev.eliassen.nl\/de\/","name":"Eliassen Home & Garden Pleasure","description":"","publisher":{"@id":"https:\/\/dev.eliassen.nl\/de\/#organization"},"alternateName":"Eliassen.nl","potentialAction":[{"@type":"SearchAction","target":{"@type":"EntryPoint","urlTemplate":"https:\/\/dev.eliassen.nl\/de\/?s={search_term_string}"},"query-input":{"@type":"PropertyValueSpecification","valueRequired":true,"valueName":"search_term_string"}}],"inLanguage":"de"},{"@type":"Organization","@id":"https:\/\/dev.eliassen.nl\/de\/#organization","name":"Eliassen Home & Garden Pleasure","url":"https:\/\/dev.eliassen.nl\/de\/","logo":{"@type":"ImageObject","inLanguage":"de","@id":"https:\/\/dev.eliassen.nl\/de\/#\/schema\/logo\/image\/","url":"https:\/\/www.eliassen.nl\/wp-content\/uploads\/2024\/01\/logo_4nd.jpg","contentUrl":"https:\/\/www.eliassen.nl\/wp-content\/uploads\/2024\/01\/logo_4nd.jpg","width":500,"height":500,"caption":"Eliassen Home & Garden Pleasure"},"image":{"@id":"https:\/\/dev.eliassen.nl\/de\/#\/schema\/logo\/image\/"},"sameAs":["https:\/\/www.facebook.com\/TuincentrumEliassenAmmerzoden","https:\/\/www.instagram.com\/eliassenhomeandgarden\/","https:\/\/nl.pinterest.com\/eliassenhomeandgarden\/","https:\/\/www.youtube.com\/@eliassenhomegardenpleasure4558"]}]}},"df_price":225,"df_sale_price":"","df_regular_price":225,"df_image_link":"https:\/\/dev.eliassen.nl\/wp-content\/uploads\/2024\/01\/completesetwaterornamentadriaeliassennl.jpg","image":"https:\/\/dev.eliassen.nl\/wp-content\/uploads\/2024\/01\/completesetwaterornamentadriaeliassennl.jpg","price_search":"<span class=\"woocommerce-Price-amount amount\"><bdi><span class=\"woocommerce-Price-currencySymbol\">&euro;<\/span>&nbsp;225,00<\/bdi><\/span>","category":"Einzigartige eigene Modelle von losen Wasserspielen","_links":{"self":[{"href":"https:\/\/dev.eliassen.nl\/de\/wp-json\/wp\/v2\/product\/68341","targetHints":{"allow":["GET"]}}],"collection":[{"href":"https:\/\/dev.eliassen.nl\/de\/wp-json\/wp\/v2\/product"}],"about":[{"href":"https:\/\/dev.eliassen.nl\/de\/wp-json\/wp\/v2\/types\/product"}],"wp:featuredmedia":[{"embeddable":true,"href":"https:\/\/dev.eliassen.nl\/de\/wp-json\/wp\/v2\/media\/68332"}],"wp:attachment":[{"href":"https:\/\/dev.eliassen.nl\/de\/wp-json\/wp\/v2\/media?parent=68341"}],"wp:term":[{"taxonomy":"product_brand","embeddable":true,"href":"https:\/\/dev.eliassen.nl\/de\/wp-json\/wp\/v2\/product_brand?post=68341"},{"taxonomy":"product_cat","embeddable":true,"href":"https:\/\/dev.eliassen.nl\/de\/wp-json\/wp\/v2\/product_cat?post=68341"},{"taxonomy":"product_tag","embeddable":true,"href":"https:\/\/dev.eliassen.nl\/de\/wp-json\/wp\/v2\/product_tag?post=68341"}],"curies":[{"name":"wp","href":"https:\/\/api.w.org\/{rel}","templated":true}]}}