{"id":68347,"date":"2022-01-21T09:34:24","date_gmt":"2022-01-21T08:34:24","guid":{"rendered":"https:\/\/www.eliassen.nl\/?product=schilderij-3d-man-met-trompet-100x100cm"},"modified":"2024-12-05T15:59:21","modified_gmt":"2024-12-05T14:59:21","slug":"gemalde-3d-mann-mit-trompete-100x100cm","status":"publish","type":"product","link":"https:\/\/dev.eliassen.nl\/de\/gemalde-3d-mann-mit-trompete-100x100cm\/","title":{"rendered":"Gem\u00e4lde 3D-Mann mit Trompete 100x100cm"},"content":{"rendered":"<p>Vervollst\u00e4ndigen Sie Ihr Interieur mit diesem 3D-Gem\u00e4lde. Sie k\u00f6nnen dieses 3D-Gem\u00e4lde aus Metall mit einem Bild eines Mannes mit einer Trompete in Ihrem Wohnzimmer, Wohn- oder Schlafzimmer aufh\u00e4ngen, um die Umgebung weiter zu versch\u00f6nern.<\/p>\n<p>Dieses Metallbild hat einen 3D-Effekt. Dieser Effekt wurde mit der auf dem Gem\u00e4lde abgebildeten Figur erzeugt. Dieser ist weiter vom Hintergrund entfernt platziert. Dadurch ragen die Bildelemente weiter hervor, was den Ort lebendiger macht und einen 3D-Effekt erzeugt.<\/p>\n<p>Unsere gesamte Sammlung von 3D-Gem\u00e4lden ist handgefertigt! Aus diesem Grund k\u00f6nnen die Gem\u00e4lde immer etwas anders aussehen.<\/p>\n<p><strong>Wir haben eine gro\u00dfe Sammlung von 3D-Gem\u00e4lden! Sie k\u00f6nnen diese gesamte Serie vollst\u00e4ndig in unserem Shop anzeigen. Wir haben fast unsere gesamte Kollektion auf Lager. Das ist einzigartig in den Niederlanden!<\/strong><\/p>\n<ul>\n<li>Gr\u00f6\u00dfe: 100 x 100 cm<\/li>\n<li>Einfach mit 2 Schrauben aufzuh\u00e4ngen<\/li>\n<li>Schnelle Lieferung<\/li>\n<li>Gr\u00f6\u00dfte Sammlung in den Benelux-L\u00e4ndern, auch live zu sehen<\/li>\n<\/ul>\n","protected":false},"excerpt":{"rendered":"<p>3D-Malerei<\/p>\n","protected":false},"featured_media":68344,"template":"","meta":{"_acf_changed":false},"product_brand":[],"product_cat":[419,428,410],"product_tag":[],"class_list":{"0":"post-68347","1":"product","2":"type-product","3":"status-publish","4":"has-post-thumbnail","6":"product_cat-3d-gemaelde-aus-metall","7":"product_cat-3d-gemaelde-aus-metall-im-format-100x100cm","8":"product_cat-gemaelde","10":"first","11":"instock","12":"sale","13":"taxable","14":"shipping-taxable","15":"purchasable","16":"product-type-simple"},"acf":[],"yoast_head":"<!-- This site is optimized with the Yoast SEO plugin v23.8 - https:\/\/yoast.com\/wordpress\/plugins\/seo\/ -->\n<title>Gem\u00e4lde 3D Mann mit Trompete 100x100cm | Eliassen.nl<\/title>\n<meta name=\"description\" content=\"Sehen Sie sich hier unsere 3D-Gem\u00e4lde an! Dieses 3D-Gem\u00e4lde mit einem Mann mit einer Trompete ist eine sch\u00f6ne Option! \u2713 Gro\u00dfe Sammlung \u2713 Handgefertigt \u2713 Schn...\" \/>\n<meta name=\"robots\" content=\"noindex, follow, max-snippet:-1, max-image-preview:large, max-video-preview:-1\" \/>\n<meta property=\"og:locale\" content=\"de_DE\" \/>\n<meta property=\"og:type\" content=\"article\" \/>\n<meta property=\"og:title\" content=\"Gem\u00e4lde 3D Mann mit Trompete 100x100cm | Eliassen.nl\" \/>\n<meta property=\"og:description\" content=\"Sehen Sie sich hier unsere 3D-Gem\u00e4lde an! Dieses 3D-Gem\u00e4lde mit einem Mann mit einer Trompete ist eine sch\u00f6ne Option! \u2713 Gro\u00dfe Sammlung \u2713 Handgefertigt \u2713 Schn...\" \/>\n<meta property=\"og:url\" content=\"https:\/\/dev.eliassen.nl\/de\/gemalde-3d-mann-mit-trompete-100x100cm\/\" \/>\n<meta property=\"og:site_name\" content=\"Eliassen.nl\" \/>\n<meta property=\"article:publisher\" content=\"https:\/\/www.facebook.com\/TuincentrumEliassenAmmerzoden\" \/>\n<meta property=\"article:modified_time\" content=\"2024-12-05T14:59:21+00:00\" \/>\n<meta property=\"og:image\" content=\"https:\/\/dev.eliassen.nl\/wp-content\/uploads\/2024\/01\/schilderijtrompettisteliassennl0184.jpg\" \/>\n\t<meta property=\"og:image:width\" content=\"300\" \/>\n\t<meta property=\"og:image:height\" content=\"300\" \/>\n\t<meta property=\"og:image:type\" content=\"image\/jpeg\" \/>\n<meta name=\"twitter:card\" content=\"summary_large_image\" \/>\n<script type=\"application\/ld+json\" class=\"yoast-schema-graph\">{\"@context\":\"https:\/\/schema.org\",\"@graph\":[{\"@type\":\"WebPage\",\"@id\":\"https:\/\/dev.eliassen.nl\/de\/gemalde-3d-mann-mit-trompete-100x100cm\/\",\"url\":\"https:\/\/dev.eliassen.nl\/de\/gemalde-3d-mann-mit-trompete-100x100cm\/\",\"name\":\"Gem\u00e4lde 3D Mann mit Trompete 100x100cm | Eliassen.nl\",\"isPartOf\":{\"@id\":\"https:\/\/dev.eliassen.nl\/de\/#website\"},\"primaryImageOfPage\":{\"@id\":\"https:\/\/dev.eliassen.nl\/de\/gemalde-3d-mann-mit-trompete-100x100cm\/#primaryimage\"},\"image\":{\"@id\":\"https:\/\/dev.eliassen.nl\/de\/gemalde-3d-mann-mit-trompete-100x100cm\/#primaryimage\"},\"thumbnailUrl\":\"https:\/\/dev.eliassen.nl\/wp-content\/uploads\/2024\/01\/schilderijtrompettisteliassennl0184.jpg\",\"datePublished\":\"2022-01-21T08:34:24+00:00\",\"dateModified\":\"2024-12-05T14:59:21+00:00\",\"description\":\"Sehen Sie sich hier unsere 3D-Gem\u00e4lde an! Dieses 3D-Gem\u00e4lde mit einem Mann mit einer Trompete ist eine sch\u00f6ne Option! \u2713 Gro\u00dfe Sammlung \u2713 Handgefertigt \u2713 Schn...\",\"breadcrumb\":{\"@id\":\"https:\/\/dev.eliassen.nl\/de\/gemalde-3d-mann-mit-trompete-100x100cm\/#breadcrumb\"},\"inLanguage\":\"de\",\"potentialAction\":[{\"@type\":\"ReadAction\",\"target\":[\"https:\/\/dev.eliassen.nl\/de\/gemalde-3d-mann-mit-trompete-100x100cm\/\"]}]},{\"@type\":\"ImageObject\",\"inLanguage\":\"de\",\"@id\":\"https:\/\/dev.eliassen.nl\/de\/gemalde-3d-mann-mit-trompete-100x100cm\/#primaryimage\",\"url\":\"https:\/\/dev.eliassen.nl\/wp-content\/uploads\/2024\/01\/schilderijtrompettisteliassennl0184.jpg\",\"contentUrl\":\"https:\/\/dev.eliassen.nl\/wp-content\/uploads\/2024\/01\/schilderijtrompettisteliassennl0184.jpg\",\"width\":300,\"height\":300,\"caption\":\"schilderij trompettist eliassen.nl 0184\"},{\"@type\":\"BreadcrumbList\",\"@id\":\"https:\/\/dev.eliassen.nl\/de\/gemalde-3d-mann-mit-trompete-100x100cm\/#breadcrumb\",\"itemListElement\":[{\"@type\":\"ListItem\",\"position\":1,\"name\":\"Home\",\"item\":\"https:\/\/dev.eliassen.nl\/de\/\"},{\"@type\":\"ListItem\",\"position\":2,\"name\":\"Shop\",\"item\":\"https:\/\/dev.eliassen.nl\/nl\/winkel\/\"},{\"@type\":\"ListItem\",\"position\":3,\"name\":\"Gem\u00e4lde\",\"item\":\"https:\/\/dev.eliassen.nl\/de\/gemaelde\/\"},{\"@type\":\"ListItem\",\"position\":4,\"name\":\"3D-Gem\u00e4lde aus Metall\",\"item\":\"https:\/\/dev.eliassen.nl\/de\/gemaelde\/3d-gemaelde-aus-metall\/\"},{\"@type\":\"ListItem\",\"position\":5,\"name\":\"3D-Gem\u00e4lde aus Metall im Format 100x100cm\",\"item\":\"https:\/\/dev.eliassen.nl\/de\/gemaelde\/3d-gemaelde-aus-metall\/3d-gemaelde-aus-metall-im-format-100x100cm\/\"},{\"@type\":\"ListItem\",\"position\":6,\"name\":\"Gem\u00e4lde 3D-Mann mit Trompete 100x100cm\"}]},{\"@type\":\"WebSite\",\"@id\":\"https:\/\/dev.eliassen.nl\/de\/#website\",\"url\":\"https:\/\/dev.eliassen.nl\/de\/\",\"name\":\"Eliassen Home & Garden Pleasure\",\"description\":\"\",\"publisher\":{\"@id\":\"https:\/\/dev.eliassen.nl\/de\/#organization\"},\"alternateName\":\"Eliassen.nl\",\"potentialAction\":[{\"@type\":\"SearchAction\",\"target\":{\"@type\":\"EntryPoint\",\"urlTemplate\":\"https:\/\/dev.eliassen.nl\/de\/?s={search_term_string}\"},\"query-input\":{\"@type\":\"PropertyValueSpecification\",\"valueRequired\":true,\"valueName\":\"search_term_string\"}}],\"inLanguage\":\"de\"},{\"@type\":\"Organization\",\"@id\":\"https:\/\/dev.eliassen.nl\/de\/#organization\",\"name\":\"Eliassen Home & Garden Pleasure\",\"url\":\"https:\/\/dev.eliassen.nl\/de\/\",\"logo\":{\"@type\":\"ImageObject\",\"inLanguage\":\"de\",\"@id\":\"https:\/\/dev.eliassen.nl\/de\/#\/schema\/logo\/image\/\",\"url\":\"https:\/\/www.eliassen.nl\/wp-content\/uploads\/2024\/01\/logo_4nd.jpg\",\"contentUrl\":\"https:\/\/www.eliassen.nl\/wp-content\/uploads\/2024\/01\/logo_4nd.jpg\",\"width\":500,\"height\":500,\"caption\":\"Eliassen Home & Garden Pleasure\"},\"image\":{\"@id\":\"https:\/\/dev.eliassen.nl\/de\/#\/schema\/logo\/image\/\"},\"sameAs\":[\"https:\/\/www.facebook.com\/TuincentrumEliassenAmmerzoden\",\"https:\/\/www.instagram.com\/eliassenhomeandgarden\/\",\"https:\/\/nl.pinterest.com\/eliassenhomeandgarden\/\",\"https:\/\/www.youtube.com\/@eliassenhomegardenpleasure4558\"]}]}<\/script>\n<!-- \/ Yoast SEO plugin. -->","yoast_head_json":{"title":"Gem\u00e4lde 3D Mann mit Trompete 100x100cm | Eliassen.nl","description":"Sehen Sie sich hier unsere 3D-Gem\u00e4lde an! Dieses 3D-Gem\u00e4lde mit einem Mann mit einer Trompete ist eine sch\u00f6ne Option! \u2713 Gro\u00dfe Sammlung \u2713 Handgefertigt \u2713 Schn...","robots":{"index":"noindex","follow":"follow","max-snippet":"max-snippet:-1","max-image-preview":"max-image-preview:large","max-video-preview":"max-video-preview:-1"},"og_locale":"de_DE","og_type":"article","og_title":"Gem\u00e4lde 3D Mann mit Trompete 100x100cm | Eliassen.nl","og_description":"Sehen Sie sich hier unsere 3D-Gem\u00e4lde an! Dieses 3D-Gem\u00e4lde mit einem Mann mit einer Trompete ist eine sch\u00f6ne Option! \u2713 Gro\u00dfe Sammlung \u2713 Handgefertigt \u2713 Schn...","og_url":"https:\/\/dev.eliassen.nl\/de\/gemalde-3d-mann-mit-trompete-100x100cm\/","og_site_name":"Eliassen.nl","article_publisher":"https:\/\/www.facebook.com\/TuincentrumEliassenAmmerzoden","article_modified_time":"2024-12-05T14:59:21+00:00","og_image":[{"width":300,"height":300,"url":"https:\/\/dev.eliassen.nl\/wp-content\/uploads\/2024\/01\/schilderijtrompettisteliassennl0184.jpg","type":"image\/jpeg"}],"twitter_card":"summary_large_image","schema":{"@context":"https:\/\/schema.org","@graph":[{"@type":"WebPage","@id":"https:\/\/dev.eliassen.nl\/de\/gemalde-3d-mann-mit-trompete-100x100cm\/","url":"https:\/\/dev.eliassen.nl\/de\/gemalde-3d-mann-mit-trompete-100x100cm\/","name":"Gem\u00e4lde 3D Mann mit Trompete 100x100cm | Eliassen.nl","isPartOf":{"@id":"https:\/\/dev.eliassen.nl\/de\/#website"},"primaryImageOfPage":{"@id":"https:\/\/dev.eliassen.nl\/de\/gemalde-3d-mann-mit-trompete-100x100cm\/#primaryimage"},"image":{"@id":"https:\/\/dev.eliassen.nl\/de\/gemalde-3d-mann-mit-trompete-100x100cm\/#primaryimage"},"thumbnailUrl":"https:\/\/dev.eliassen.nl\/wp-content\/uploads\/2024\/01\/schilderijtrompettisteliassennl0184.jpg","datePublished":"2022-01-21T08:34:24+00:00","dateModified":"2024-12-05T14:59:21+00:00","description":"Sehen Sie sich hier unsere 3D-Gem\u00e4lde an! Dieses 3D-Gem\u00e4lde mit einem Mann mit einer Trompete ist eine sch\u00f6ne Option! \u2713 Gro\u00dfe Sammlung \u2713 Handgefertigt \u2713 Schn...","breadcrumb":{"@id":"https:\/\/dev.eliassen.nl\/de\/gemalde-3d-mann-mit-trompete-100x100cm\/#breadcrumb"},"inLanguage":"de","potentialAction":[{"@type":"ReadAction","target":["https:\/\/dev.eliassen.nl\/de\/gemalde-3d-mann-mit-trompete-100x100cm\/"]}]},{"@type":"ImageObject","inLanguage":"de","@id":"https:\/\/dev.eliassen.nl\/de\/gemalde-3d-mann-mit-trompete-100x100cm\/#primaryimage","url":"https:\/\/dev.eliassen.nl\/wp-content\/uploads\/2024\/01\/schilderijtrompettisteliassennl0184.jpg","contentUrl":"https:\/\/dev.eliassen.nl\/wp-content\/uploads\/2024\/01\/schilderijtrompettisteliassennl0184.jpg","width":300,"height":300,"caption":"schilderij trompettist eliassen.nl 0184"},{"@type":"BreadcrumbList","@id":"https:\/\/dev.eliassen.nl\/de\/gemalde-3d-mann-mit-trompete-100x100cm\/#breadcrumb","itemListElement":[{"@type":"ListItem","position":1,"name":"Home","item":"https:\/\/dev.eliassen.nl\/de\/"},{"@type":"ListItem","position":2,"name":"Shop","item":"https:\/\/dev.eliassen.nl\/nl\/winkel\/"},{"@type":"ListItem","position":3,"name":"Gem\u00e4lde","item":"https:\/\/dev.eliassen.nl\/de\/gemaelde\/"},{"@type":"ListItem","position":4,"name":"3D-Gem\u00e4lde aus Metall","item":"https:\/\/dev.eliassen.nl\/de\/gemaelde\/3d-gemaelde-aus-metall\/"},{"@type":"ListItem","position":5,"name":"3D-Gem\u00e4lde aus Metall im Format 100x100cm","item":"https:\/\/dev.eliassen.nl\/de\/gemaelde\/3d-gemaelde-aus-metall\/3d-gemaelde-aus-metall-im-format-100x100cm\/"},{"@type":"ListItem","position":6,"name":"Gem\u00e4lde 3D-Mann mit Trompete 100x100cm"}]},{"@type":"WebSite","@id":"https:\/\/dev.eliassen.nl\/de\/#website","url":"https:\/\/dev.eliassen.nl\/de\/","name":"Eliassen Home & Garden Pleasure","description":"","publisher":{"@id":"https:\/\/dev.eliassen.nl\/de\/#organization"},"alternateName":"Eliassen.nl","potentialAction":[{"@type":"SearchAction","target":{"@type":"EntryPoint","urlTemplate":"https:\/\/dev.eliassen.nl\/de\/?s={search_term_string}"},"query-input":{"@type":"PropertyValueSpecification","valueRequired":true,"valueName":"search_term_string"}}],"inLanguage":"de"},{"@type":"Organization","@id":"https:\/\/dev.eliassen.nl\/de\/#organization","name":"Eliassen Home & Garden Pleasure","url":"https:\/\/dev.eliassen.nl\/de\/","logo":{"@type":"ImageObject","inLanguage":"de","@id":"https:\/\/dev.eliassen.nl\/de\/#\/schema\/logo\/image\/","url":"https:\/\/www.eliassen.nl\/wp-content\/uploads\/2024\/01\/logo_4nd.jpg","contentUrl":"https:\/\/www.eliassen.nl\/wp-content\/uploads\/2024\/01\/logo_4nd.jpg","width":500,"height":500,"caption":"Eliassen Home & Garden Pleasure"},"image":{"@id":"https:\/\/dev.eliassen.nl\/de\/#\/schema\/logo\/image\/"},"sameAs":["https:\/\/www.facebook.com\/TuincentrumEliassenAmmerzoden","https:\/\/www.instagram.com\/eliassenhomeandgarden\/","https:\/\/nl.pinterest.com\/eliassenhomeandgarden\/","https:\/\/www.youtube.com\/@eliassenhomegardenpleasure4558"]}]}},"df_price":149,"df_sale_price":149,"df_regular_price":219,"df_image_link":"https:\/\/dev.eliassen.nl\/wp-content\/uploads\/2024\/01\/schilderijtrompettisteliassennl0184.jpg","image":"https:\/\/dev.eliassen.nl\/wp-content\/uploads\/2024\/01\/schilderijtrompettisteliassennl0184.jpg","price_search":"<span class=\"woocommerce-Price-amount amount\"><bdi><span class=\"woocommerce-Price-currencySymbol\">&euro;<\/span>&nbsp;149,00<\/bdi><\/span>","category":"3D-Gem\u00e4lde aus Metall","_links":{"self":[{"href":"https:\/\/dev.eliassen.nl\/de\/wp-json\/wp\/v2\/product\/68347","targetHints":{"allow":["GET"]}}],"collection":[{"href":"https:\/\/dev.eliassen.nl\/de\/wp-json\/wp\/v2\/product"}],"about":[{"href":"https:\/\/dev.eliassen.nl\/de\/wp-json\/wp\/v2\/types\/product"}],"wp:featuredmedia":[{"embeddable":true,"href":"https:\/\/dev.eliassen.nl\/de\/wp-json\/wp\/v2\/media\/68344"}],"wp:attachment":[{"href":"https:\/\/dev.eliassen.nl\/de\/wp-json\/wp\/v2\/media?parent=68347"}],"wp:term":[{"taxonomy":"product_brand","embeddable":true,"href":"https:\/\/dev.eliassen.nl\/de\/wp-json\/wp\/v2\/product_brand?post=68347"},{"taxonomy":"product_cat","embeddable":true,"href":"https:\/\/dev.eliassen.nl\/de\/wp-json\/wp\/v2\/product_cat?post=68347"},{"taxonomy":"product_tag","embeddable":true,"href":"https:\/\/dev.eliassen.nl\/de\/wp-json\/wp\/v2\/product_tag?post=68347"}],"curies":[{"name":"wp","href":"https:\/\/api.w.org\/{rel}","templated":true}]}}