{"id":68479,"date":"2022-01-26T14:13:02","date_gmt":"2022-01-26T13:13:02","guid":{"rendered":"https:\/\/www.eliassen.nl\/?product=copy-of-3d-schilderij-metaal-80x120cm-olifant-in-g"},"modified":"2025-02-27T22:24:54","modified_gmt":"2025-02-27T21:24:54","slug":"3d-gemalde-aus-metall-80-x-120-cm-terrassenkaffee-in-der-stadt","status":"publish","type":"product","link":"https:\/\/dev.eliassen.nl\/de\/3d-gemalde-aus-metall-80-x-120-cm-terrassenkaffee-in-der-stadt\/","title":{"rendered":"3D-Gem\u00e4lde aus Metall, 80 x 120 cm, Terrassenkaffee in der Stadt"},"content":{"rendered":"<p>Mit dieser vollst\u00e4ndig von Hand gefertigten Wanddekoration wird Ihr Zuhause oder Ihr Unternehmen wundersch\u00f6n aussehen. Ein sehr arbeitsintensives St\u00fcck Wanddekoration, jedes mit einem einzigartigen Charakter. Dieses Modell-Metallgem\u00e4lde mit einer gem\u00fctlichen Terrasse mit Kaffee in einer Stadt ist komplett handgefertigt. Alles an diesem Wandobjekt ist aus Metall, sowohl der Hintergrund als auch die Figur. Da es handbemalt und gefertigt ist, kann die Farbe leicht vom Foto abweichen, 3D-Gem\u00e4lde sind nie genau gleich. Bei diesen etwas groben Gem\u00e4lden kann es immer wieder zu weiteren geringf\u00fcgigen Abweichungen kommen. Manchmal geschieht dies sogar bewusst, um die handgemalte Atmosph\u00e4re zu schaffen.<br \/><strong>Wir haben auch fast die gesamte Kollektion dieser Serie im Gesch\u00e4ft, was in den Niederlanden einzigartig ist<\/strong> . <strong>Eine so gro\u00dfe Sammlung finden Sie nirgendwo anders und Sie sind in unserem Ausstellungsraum herzlich willkommen.<\/strong><\/p>\n<p>Dieses 3D-Gem\u00e4lde aus Metall mit einem belebten Caf\u00e9 in einer Stadt ist eine gute Erg\u00e4nzung f\u00fcr Ihr Interieur, wenn Sie Ihr Interieur aufhellen und ihm Gem\u00fctlichkeit verleihen m\u00f6chten. Auf dem 3D-Wandobjekt sind verschiedene warme Farben zu sehen. Diese 3D-Wanddekoration sieht in einem Wohnzimmer, Wohnzimmer oder beispielsweise in der K\u00fcche gro\u00dfartig aus. Dieses 3D-Metallgem\u00e4lde eignet sich auch f\u00fcr Gastronomiebetriebe.<\/p>\n<ul>\n<li>Gr\u00f6\u00dfe 80x120cm<\/li>\n<li>Einfache Aufh\u00e4ngung mit 2 Schrauben<\/li>\n<li>Schnell geliefert<\/li>\n<li>Handgemalt<\/li>\n<li>Gr\u00f6\u00dfte Sammlung in den Benelux-L\u00e4ndern, die auch live besichtigt werden kann<\/li>\n<\/ul>\n","protected":false},"excerpt":{"rendered":"<p>Handgefertigt in einem Caf\u00e9 in einer Stadt.<\/p>\n","protected":false},"featured_media":68476,"template":"","meta":{"_acf_changed":false},"product_brand":[6916],"product_cat":[419,434,410],"product_tag":[],"class_list":{"0":"post-68479","1":"product","2":"type-product","3":"status-publish","4":"has-post-thumbnail","6":"product_brand-eliassen-de","7":"product_cat-3d-gemaelde-aus-metall","8":"product_cat-3d-gemaelde-aus-metall-im-format-80x120cm","9":"product_cat-gemaelde","11":"first","12":"instock","13":"taxable","14":"shipping-taxable","15":"purchasable","16":"product-type-simple"},"acf":[],"yoast_head":"<!-- This site is optimized with the Yoast SEO plugin v23.8 - https:\/\/yoast.com\/wordpress\/plugins\/seo\/ -->\n<title>3D-Gem\u00e4lde Metall 80x120cm Terrasse Kaffee in der Stadt | Eliassen.nl<\/title>\n<meta name=\"description\" content=\"Gem\u00e4lde Terrassenkaffee aus Stadt-3D-Metall mit den Ma\u00dfen 80x120cm. Dieses Gem\u00e4lde ist eine sch\u00f6ne Dekoration f\u00fcr jede Art von Inneneinrichtung. Auch LIVE zu...\" \/>\n<meta name=\"robots\" content=\"noindex, follow, max-snippet:-1, max-image-preview:large, max-video-preview:-1\" \/>\n<meta property=\"og:locale\" content=\"de_DE\" \/>\n<meta property=\"og:type\" content=\"article\" \/>\n<meta property=\"og:title\" content=\"3D-Gem\u00e4lde Metall 80x120cm Terrasse Kaffee in der Stadt | Eliassen.nl\" \/>\n<meta property=\"og:description\" content=\"Gem\u00e4lde Terrassenkaffee aus Stadt-3D-Metall mit den Ma\u00dfen 80x120cm. Dieses Gem\u00e4lde ist eine sch\u00f6ne Dekoration f\u00fcr jede Art von Inneneinrichtung. Auch LIVE zu...\" \/>\n<meta property=\"og:url\" content=\"https:\/\/dev.eliassen.nl\/de\/3d-gemalde-aus-metall-80-x-120-cm-terrassenkaffee-in-der-stadt\/\" \/>\n<meta property=\"og:site_name\" content=\"Eliassen.nl\" \/>\n<meta property=\"article:publisher\" content=\"https:\/\/www.facebook.com\/TuincentrumEliassenAmmerzoden\" \/>\n<meta property=\"article:modified_time\" content=\"2025-02-27T21:24:54+00:00\" \/>\n<meta property=\"og:image\" content=\"https:\/\/dev.eliassen.nl\/wp-content\/uploads\/2024\/01\/md0020183dschilderijmetaal80x120cmterraskoff.jpg\" \/>\n\t<meta property=\"og:image:width\" content=\"2048\" \/>\n\t<meta property=\"og:image:height\" content=\"1380\" \/>\n\t<meta property=\"og:image:type\" content=\"image\/jpeg\" \/>\n<meta name=\"twitter:card\" content=\"summary_large_image\" \/>\n<script type=\"application\/ld+json\" class=\"yoast-schema-graph\">{\"@context\":\"https:\/\/schema.org\",\"@graph\":[{\"@type\":\"WebPage\",\"@id\":\"https:\/\/dev.eliassen.nl\/de\/3d-gemalde-aus-metall-80-x-120-cm-terrassenkaffee-in-der-stadt\/\",\"url\":\"https:\/\/dev.eliassen.nl\/de\/3d-gemalde-aus-metall-80-x-120-cm-terrassenkaffee-in-der-stadt\/\",\"name\":\"3D-Gem\u00e4lde Metall 80x120cm Terrasse Kaffee in der Stadt | Eliassen.nl\",\"isPartOf\":{\"@id\":\"https:\/\/dev.eliassen.nl\/de\/#website\"},\"primaryImageOfPage\":{\"@id\":\"https:\/\/dev.eliassen.nl\/de\/3d-gemalde-aus-metall-80-x-120-cm-terrassenkaffee-in-der-stadt\/#primaryimage\"},\"image\":{\"@id\":\"https:\/\/dev.eliassen.nl\/de\/3d-gemalde-aus-metall-80-x-120-cm-terrassenkaffee-in-der-stadt\/#primaryimage\"},\"thumbnailUrl\":\"https:\/\/dev.eliassen.nl\/wp-content\/uploads\/2024\/01\/md0020183dschilderijmetaal80x120cmterraskoff.jpg\",\"datePublished\":\"2022-01-26T13:13:02+00:00\",\"dateModified\":\"2025-02-27T21:24:54+00:00\",\"description\":\"Gem\u00e4lde Terrassenkaffee aus Stadt-3D-Metall mit den Ma\u00dfen 80x120cm. Dieses Gem\u00e4lde ist eine sch\u00f6ne Dekoration f\u00fcr jede Art von Inneneinrichtung. Auch LIVE zu...\",\"breadcrumb\":{\"@id\":\"https:\/\/dev.eliassen.nl\/de\/3d-gemalde-aus-metall-80-x-120-cm-terrassenkaffee-in-der-stadt\/#breadcrumb\"},\"inLanguage\":\"de\",\"potentialAction\":[{\"@type\":\"ReadAction\",\"target\":[\"https:\/\/dev.eliassen.nl\/de\/3d-gemalde-aus-metall-80-x-120-cm-terrassenkaffee-in-der-stadt\/\"]}]},{\"@type\":\"ImageObject\",\"inLanguage\":\"de\",\"@id\":\"https:\/\/dev.eliassen.nl\/de\/3d-gemalde-aus-metall-80-x-120-cm-terrassenkaffee-in-der-stadt\/#primaryimage\",\"url\":\"https:\/\/dev.eliassen.nl\/wp-content\/uploads\/2024\/01\/md0020183dschilderijmetaal80x120cmterraskoff.jpg\",\"contentUrl\":\"https:\/\/dev.eliassen.nl\/wp-content\/uploads\/2024\/01\/md0020183dschilderijmetaal80x120cmterraskoff.jpg\",\"width\":2048,\"height\":1380,\"caption\":\"MD002018 3D schilderij metaal 80x120cm terras Koffie In Stad - Eliassen.nl\"},{\"@type\":\"BreadcrumbList\",\"@id\":\"https:\/\/dev.eliassen.nl\/de\/3d-gemalde-aus-metall-80-x-120-cm-terrassenkaffee-in-der-stadt\/#breadcrumb\",\"itemListElement\":[{\"@type\":\"ListItem\",\"position\":1,\"name\":\"Home\",\"item\":\"https:\/\/dev.eliassen.nl\/de\/\"},{\"@type\":\"ListItem\",\"position\":2,\"name\":\"Shop\",\"item\":\"https:\/\/dev.eliassen.nl\/nl\/winkel\/\"},{\"@type\":\"ListItem\",\"position\":3,\"name\":\"Gem\u00e4lde\",\"item\":\"https:\/\/dev.eliassen.nl\/de\/gemaelde\/\"},{\"@type\":\"ListItem\",\"position\":4,\"name\":\"3D-Gem\u00e4lde aus Metall\",\"item\":\"https:\/\/dev.eliassen.nl\/de\/gemaelde\/3d-gemaelde-aus-metall\/\"},{\"@type\":\"ListItem\",\"position\":5,\"name\":\"3D-Gem\u00e4lde aus Metall im Format 80x120cm\",\"item\":\"https:\/\/dev.eliassen.nl\/de\/gemaelde\/3d-gemaelde-aus-metall\/3d-gemaelde-aus-metall-im-format-80x120cm\/\"},{\"@type\":\"ListItem\",\"position\":6,\"name\":\"3D-Gem\u00e4lde aus Metall, 80 x 120 cm, Terrassenkaffee in der Stadt\"}]},{\"@type\":\"WebSite\",\"@id\":\"https:\/\/dev.eliassen.nl\/de\/#website\",\"url\":\"https:\/\/dev.eliassen.nl\/de\/\",\"name\":\"Eliassen Home & Garden Pleasure\",\"description\":\"\",\"publisher\":{\"@id\":\"https:\/\/dev.eliassen.nl\/de\/#organization\"},\"alternateName\":\"Eliassen.nl\",\"potentialAction\":[{\"@type\":\"SearchAction\",\"target\":{\"@type\":\"EntryPoint\",\"urlTemplate\":\"https:\/\/dev.eliassen.nl\/de\/?s={search_term_string}\"},\"query-input\":{\"@type\":\"PropertyValueSpecification\",\"valueRequired\":true,\"valueName\":\"search_term_string\"}}],\"inLanguage\":\"de\"},{\"@type\":\"Organization\",\"@id\":\"https:\/\/dev.eliassen.nl\/de\/#organization\",\"name\":\"Eliassen Home & Garden Pleasure\",\"url\":\"https:\/\/dev.eliassen.nl\/de\/\",\"logo\":{\"@type\":\"ImageObject\",\"inLanguage\":\"de\",\"@id\":\"https:\/\/dev.eliassen.nl\/de\/#\/schema\/logo\/image\/\",\"url\":\"https:\/\/www.eliassen.nl\/wp-content\/uploads\/2024\/01\/logo_4nd.jpg\",\"contentUrl\":\"https:\/\/www.eliassen.nl\/wp-content\/uploads\/2024\/01\/logo_4nd.jpg\",\"width\":500,\"height\":500,\"caption\":\"Eliassen Home & Garden Pleasure\"},\"image\":{\"@id\":\"https:\/\/dev.eliassen.nl\/de\/#\/schema\/logo\/image\/\"},\"sameAs\":[\"https:\/\/www.facebook.com\/TuincentrumEliassenAmmerzoden\",\"https:\/\/www.instagram.com\/eliassenhomeandgarden\/\",\"https:\/\/nl.pinterest.com\/eliassenhomeandgarden\/\",\"https:\/\/www.youtube.com\/@eliassenhomegardenpleasure4558\"]}]}<\/script>\n<!-- \/ Yoast SEO plugin. -->","yoast_head_json":{"title":"3D-Gem\u00e4lde Metall 80x120cm Terrasse Kaffee in der Stadt | Eliassen.nl","description":"Gem\u00e4lde Terrassenkaffee aus Stadt-3D-Metall mit den Ma\u00dfen 80x120cm. Dieses Gem\u00e4lde ist eine sch\u00f6ne Dekoration f\u00fcr jede Art von Inneneinrichtung. Auch LIVE zu...","robots":{"index":"noindex","follow":"follow","max-snippet":"max-snippet:-1","max-image-preview":"max-image-preview:large","max-video-preview":"max-video-preview:-1"},"og_locale":"de_DE","og_type":"article","og_title":"3D-Gem\u00e4lde Metall 80x120cm Terrasse Kaffee in der Stadt | Eliassen.nl","og_description":"Gem\u00e4lde Terrassenkaffee aus Stadt-3D-Metall mit den Ma\u00dfen 80x120cm. Dieses Gem\u00e4lde ist eine sch\u00f6ne Dekoration f\u00fcr jede Art von Inneneinrichtung. Auch LIVE zu...","og_url":"https:\/\/dev.eliassen.nl\/de\/3d-gemalde-aus-metall-80-x-120-cm-terrassenkaffee-in-der-stadt\/","og_site_name":"Eliassen.nl","article_publisher":"https:\/\/www.facebook.com\/TuincentrumEliassenAmmerzoden","article_modified_time":"2025-02-27T21:24:54+00:00","og_image":[{"width":2048,"height":1380,"url":"https:\/\/dev.eliassen.nl\/wp-content\/uploads\/2024\/01\/md0020183dschilderijmetaal80x120cmterraskoff.jpg","type":"image\/jpeg"}],"twitter_card":"summary_large_image","schema":{"@context":"https:\/\/schema.org","@graph":[{"@type":"WebPage","@id":"https:\/\/dev.eliassen.nl\/de\/3d-gemalde-aus-metall-80-x-120-cm-terrassenkaffee-in-der-stadt\/","url":"https:\/\/dev.eliassen.nl\/de\/3d-gemalde-aus-metall-80-x-120-cm-terrassenkaffee-in-der-stadt\/","name":"3D-Gem\u00e4lde Metall 80x120cm Terrasse Kaffee in der Stadt | Eliassen.nl","isPartOf":{"@id":"https:\/\/dev.eliassen.nl\/de\/#website"},"primaryImageOfPage":{"@id":"https:\/\/dev.eliassen.nl\/de\/3d-gemalde-aus-metall-80-x-120-cm-terrassenkaffee-in-der-stadt\/#primaryimage"},"image":{"@id":"https:\/\/dev.eliassen.nl\/de\/3d-gemalde-aus-metall-80-x-120-cm-terrassenkaffee-in-der-stadt\/#primaryimage"},"thumbnailUrl":"https:\/\/dev.eliassen.nl\/wp-content\/uploads\/2024\/01\/md0020183dschilderijmetaal80x120cmterraskoff.jpg","datePublished":"2022-01-26T13:13:02+00:00","dateModified":"2025-02-27T21:24:54+00:00","description":"Gem\u00e4lde Terrassenkaffee aus Stadt-3D-Metall mit den Ma\u00dfen 80x120cm. Dieses Gem\u00e4lde ist eine sch\u00f6ne Dekoration f\u00fcr jede Art von Inneneinrichtung. Auch LIVE zu...","breadcrumb":{"@id":"https:\/\/dev.eliassen.nl\/de\/3d-gemalde-aus-metall-80-x-120-cm-terrassenkaffee-in-der-stadt\/#breadcrumb"},"inLanguage":"de","potentialAction":[{"@type":"ReadAction","target":["https:\/\/dev.eliassen.nl\/de\/3d-gemalde-aus-metall-80-x-120-cm-terrassenkaffee-in-der-stadt\/"]}]},{"@type":"ImageObject","inLanguage":"de","@id":"https:\/\/dev.eliassen.nl\/de\/3d-gemalde-aus-metall-80-x-120-cm-terrassenkaffee-in-der-stadt\/#primaryimage","url":"https:\/\/dev.eliassen.nl\/wp-content\/uploads\/2024\/01\/md0020183dschilderijmetaal80x120cmterraskoff.jpg","contentUrl":"https:\/\/dev.eliassen.nl\/wp-content\/uploads\/2024\/01\/md0020183dschilderijmetaal80x120cmterraskoff.jpg","width":2048,"height":1380,"caption":"MD002018 3D schilderij metaal 80x120cm terras Koffie In Stad - Eliassen.nl"},{"@type":"BreadcrumbList","@id":"https:\/\/dev.eliassen.nl\/de\/3d-gemalde-aus-metall-80-x-120-cm-terrassenkaffee-in-der-stadt\/#breadcrumb","itemListElement":[{"@type":"ListItem","position":1,"name":"Home","item":"https:\/\/dev.eliassen.nl\/de\/"},{"@type":"ListItem","position":2,"name":"Shop","item":"https:\/\/dev.eliassen.nl\/nl\/winkel\/"},{"@type":"ListItem","position":3,"name":"Gem\u00e4lde","item":"https:\/\/dev.eliassen.nl\/de\/gemaelde\/"},{"@type":"ListItem","position":4,"name":"3D-Gem\u00e4lde aus Metall","item":"https:\/\/dev.eliassen.nl\/de\/gemaelde\/3d-gemaelde-aus-metall\/"},{"@type":"ListItem","position":5,"name":"3D-Gem\u00e4lde aus Metall im Format 80x120cm","item":"https:\/\/dev.eliassen.nl\/de\/gemaelde\/3d-gemaelde-aus-metall\/3d-gemaelde-aus-metall-im-format-80x120cm\/"},{"@type":"ListItem","position":6,"name":"3D-Gem\u00e4lde aus Metall, 80 x 120 cm, Terrassenkaffee in der Stadt"}]},{"@type":"WebSite","@id":"https:\/\/dev.eliassen.nl\/de\/#website","url":"https:\/\/dev.eliassen.nl\/de\/","name":"Eliassen Home & Garden Pleasure","description":"","publisher":{"@id":"https:\/\/dev.eliassen.nl\/de\/#organization"},"alternateName":"Eliassen.nl","potentialAction":[{"@type":"SearchAction","target":{"@type":"EntryPoint","urlTemplate":"https:\/\/dev.eliassen.nl\/de\/?s={search_term_string}"},"query-input":{"@type":"PropertyValueSpecification","valueRequired":true,"valueName":"search_term_string"}}],"inLanguage":"de"},{"@type":"Organization","@id":"https:\/\/dev.eliassen.nl\/de\/#organization","name":"Eliassen Home & Garden Pleasure","url":"https:\/\/dev.eliassen.nl\/de\/","logo":{"@type":"ImageObject","inLanguage":"de","@id":"https:\/\/dev.eliassen.nl\/de\/#\/schema\/logo\/image\/","url":"https:\/\/www.eliassen.nl\/wp-content\/uploads\/2024\/01\/logo_4nd.jpg","contentUrl":"https:\/\/www.eliassen.nl\/wp-content\/uploads\/2024\/01\/logo_4nd.jpg","width":500,"height":500,"caption":"Eliassen Home & Garden Pleasure"},"image":{"@id":"https:\/\/dev.eliassen.nl\/de\/#\/schema\/logo\/image\/"},"sameAs":["https:\/\/www.facebook.com\/TuincentrumEliassenAmmerzoden","https:\/\/www.instagram.com\/eliassenhomeandgarden\/","https:\/\/nl.pinterest.com\/eliassenhomeandgarden\/","https:\/\/www.youtube.com\/@eliassenhomegardenpleasure4558"]}]}},"df_price":209,"df_sale_price":"","df_regular_price":209,"df_image_link":"https:\/\/dev.eliassen.nl\/wp-content\/uploads\/2024\/01\/md0020183dschilderijmetaal80x120cmterraskoff.jpg","image":"https:\/\/dev.eliassen.nl\/wp-content\/uploads\/2024\/01\/md0020183dschilderijmetaal80x120cmterraskoff.jpg","price_search":"<span class=\"woocommerce-Price-amount amount\"><bdi><span class=\"woocommerce-Price-currencySymbol\">&euro;<\/span>&nbsp;209,00<\/bdi><\/span>","category":"3D-Gem\u00e4lde aus Metall","_links":{"self":[{"href":"https:\/\/dev.eliassen.nl\/de\/wp-json\/wp\/v2\/product\/68479","targetHints":{"allow":["GET"]}}],"collection":[{"href":"https:\/\/dev.eliassen.nl\/de\/wp-json\/wp\/v2\/product"}],"about":[{"href":"https:\/\/dev.eliassen.nl\/de\/wp-json\/wp\/v2\/types\/product"}],"wp:featuredmedia":[{"embeddable":true,"href":"https:\/\/dev.eliassen.nl\/de\/wp-json\/wp\/v2\/media\/68476"}],"wp:attachment":[{"href":"https:\/\/dev.eliassen.nl\/de\/wp-json\/wp\/v2\/media?parent=68479"}],"wp:term":[{"taxonomy":"product_brand","embeddable":true,"href":"https:\/\/dev.eliassen.nl\/de\/wp-json\/wp\/v2\/product_brand?post=68479"},{"taxonomy":"product_cat","embeddable":true,"href":"https:\/\/dev.eliassen.nl\/de\/wp-json\/wp\/v2\/product_cat?post=68479"},{"taxonomy":"product_tag","embeddable":true,"href":"https:\/\/dev.eliassen.nl\/de\/wp-json\/wp\/v2\/product_tag?post=68479"}],"curies":[{"name":"wp","href":"https:\/\/api.w.org\/{rel}","templated":true}]}}