{"id":68515,"date":"2022-01-31T11:28:22","date_gmt":"2022-01-31T10:28:22","guid":{"rendered":"https:\/\/www.eliassen.nl\/?product=tafelset-kato-3-delig-zwarten-top"},"modified":"2024-12-05T15:59:41","modified_gmt":"2024-12-05T14:59:41","slug":"tischset-kato-3-teilig-schwarze-platte-45cm","status":"publish","type":"product","link":"https:\/\/dev.eliassen.nl\/de\/tischset-kato-3-teilig-schwarze-platte-45cm\/","title":{"rendered":"Tischset Kato 3-teilig schwarze Platte 45cm"},"content":{"rendered":"<p>Dieses Tischset wird eine sch\u00f6ne Erg\u00e4nzung f\u00fcr Ihr modernes Interieur sein.<\/p>\n<p>Dieses Tischset im modernen Industriestil ist ein zeitloses und praktisches Modell und weist klare Verbindungen zu eleganten Innenr\u00e4umen auf.<\/p>\n<p>Diese M\u00f6bel werden auch oft f\u00fcr Podestfunktionen verwendet; Dieses S\u00e4ulenmodell kann problemlos einen schweren Gegenstand tragen.<\/p>\n<p>Dieses Tischset ist robust aus den besten Materialien gefertigt. Die Platten bestehen aus hochwertigem 18 mm starkem MDF in schwarzer Lackierung in Seidenglanz und sind vielseitig einsetzbar; Eine Pflanze, eine Statue, eine Vase, alles sieht wundersch\u00f6n aus, aber dieses dreiteilige Tischset ist auch einfach zu haben und wird oft f\u00fcr viele Zwecke verwendet. Alles wird sauber zusammengeschwei\u00dft und dann zu einem sehr dichten Ganzen verschliffen.<\/p>\n<ul>\n<li>Material: 15 mm dicke Vierkantrohre aus Stahl, 18 mm dicke MDF-Platte<\/li>\n<li>Farbe schwarz<\/li>\n<li>Tragf\u00e4higkeit: 75 kg<\/li>\n<li>Gr\u00f6\u00dfe: 30x30x35cm hoch, 35x35x40cm hoch, 40x40x45cm hoch<\/li>\n<li>1 Jahr Garantie<\/li>\n<\/ul>\n","protected":false},"excerpt":{"rendered":"<p>Gr\u00f6\u00dfe: 30x30x35cm hoch, 35x35x40cm hoch, 40x40x45cm hoch<\/p>\n","protected":false},"featured_media":68509,"template":"","meta":{"_acf_changed":false},"product_brand":[],"product_cat":[797,1244,782,7064],"product_tag":[],"class_list":{"0":"post-68515","1":"product","2":"type-product","3":"status-publish","4":"has-post-thumbnail","6":"product_cat-metallsockel","7":"product_cat-pflanzentische-11304174","8":"product_cat-sockel","9":"product_cat-werbeartikel","11":"first","12":"instock","13":"sale","14":"taxable","15":"shipping-taxable","16":"purchasable","17":"product-type-simple"},"acf":[],"yoast_head":"<!-- This site is optimized with the Yoast SEO plugin v23.8 - https:\/\/yoast.com\/wordpress\/plugins\/seo\/ -->\n<title>Tischset Kato, 3-teilig, schwarze Platte<\/title>\n<meta name=\"description\" content=\"S\u00e4ulen, Pflanzentische, Podeste in allen m\u00f6glichen Materialien: mindestens 120 Modelle, und alle k\u00f6nnen live besichtigt werden. Kommen Sie gerne vorbei!!\" \/>\n<meta name=\"robots\" content=\"noindex, follow, max-snippet:-1, max-image-preview:large, max-video-preview:-1\" \/>\n<meta property=\"og:locale\" content=\"de_DE\" \/>\n<meta property=\"og:type\" content=\"article\" \/>\n<meta property=\"og:title\" content=\"Tischset Kato, 3-teilig, schwarze Platte\" \/>\n<meta property=\"og:description\" content=\"S\u00e4ulen, Pflanzentische, Podeste in allen m\u00f6glichen Materialien: mindestens 120 Modelle, und alle k\u00f6nnen live besichtigt werden. Kommen Sie gerne vorbei!!\" \/>\n<meta property=\"og:url\" content=\"https:\/\/dev.eliassen.nl\/de\/tischset-kato-3-teilig-schwarze-platte-45cm\/\" \/>\n<meta property=\"og:site_name\" content=\"Eliassen.nl\" \/>\n<meta property=\"article:publisher\" content=\"https:\/\/www.facebook.com\/TuincentrumEliassenAmmerzoden\" \/>\n<meta property=\"article:modified_time\" content=\"2024-12-05T14:59:41+00:00\" \/>\n<meta property=\"og:image\" content=\"https:\/\/dev.eliassen.nl\/wp-content\/uploads\/2024\/01\/tafelsetkatozwarteliassennl.jpg\" \/>\n\t<meta property=\"og:image:width\" content=\"1340\" \/>\n\t<meta property=\"og:image:height\" content=\"2048\" \/>\n\t<meta property=\"og:image:type\" content=\"image\/jpeg\" \/>\n<meta name=\"twitter:card\" content=\"summary_large_image\" \/>\n<script type=\"application\/ld+json\" class=\"yoast-schema-graph\">{\"@context\":\"https:\/\/schema.org\",\"@graph\":[{\"@type\":\"WebPage\",\"@id\":\"https:\/\/dev.eliassen.nl\/de\/tischset-kato-3-teilig-schwarze-platte-45cm\/\",\"url\":\"https:\/\/dev.eliassen.nl\/de\/tischset-kato-3-teilig-schwarze-platte-45cm\/\",\"name\":\"Tischset Kato, 3-teilig, schwarze Platte\",\"isPartOf\":{\"@id\":\"https:\/\/dev.eliassen.nl\/de\/#website\"},\"primaryImageOfPage\":{\"@id\":\"https:\/\/dev.eliassen.nl\/de\/tischset-kato-3-teilig-schwarze-platte-45cm\/#primaryimage\"},\"image\":{\"@id\":\"https:\/\/dev.eliassen.nl\/de\/tischset-kato-3-teilig-schwarze-platte-45cm\/#primaryimage\"},\"thumbnailUrl\":\"https:\/\/dev.eliassen.nl\/wp-content\/uploads\/2024\/01\/tafelsetkatozwarteliassennl.jpg\",\"datePublished\":\"2022-01-31T10:28:22+00:00\",\"dateModified\":\"2024-12-05T14:59:41+00:00\",\"description\":\"S\u00e4ulen, Pflanzentische, Podeste in allen m\u00f6glichen Materialien: mindestens 120 Modelle, und alle k\u00f6nnen live besichtigt werden. Kommen Sie gerne vorbei!!\",\"breadcrumb\":{\"@id\":\"https:\/\/dev.eliassen.nl\/de\/tischset-kato-3-teilig-schwarze-platte-45cm\/#breadcrumb\"},\"inLanguage\":\"de\",\"potentialAction\":[{\"@type\":\"ReadAction\",\"target\":[\"https:\/\/dev.eliassen.nl\/de\/tischset-kato-3-teilig-schwarze-platte-45cm\/\"]}]},{\"@type\":\"ImageObject\",\"inLanguage\":\"de\",\"@id\":\"https:\/\/dev.eliassen.nl\/de\/tischset-kato-3-teilig-schwarze-platte-45cm\/#primaryimage\",\"url\":\"https:\/\/dev.eliassen.nl\/wp-content\/uploads\/2024\/01\/tafelsetkatozwarteliassennl.jpg\",\"contentUrl\":\"https:\/\/dev.eliassen.nl\/wp-content\/uploads\/2024\/01\/tafelsetkatozwarteliassennl.jpg\",\"width\":1340,\"height\":2048,\"caption\":\"tafelset kato zwart eliassen.nl\"},{\"@type\":\"BreadcrumbList\",\"@id\":\"https:\/\/dev.eliassen.nl\/de\/tischset-kato-3-teilig-schwarze-platte-45cm\/#breadcrumb\",\"itemListElement\":[{\"@type\":\"ListItem\",\"position\":1,\"name\":\"Home\",\"item\":\"https:\/\/dev.eliassen.nl\/de\/\"},{\"@type\":\"ListItem\",\"position\":2,\"name\":\"Shop\",\"item\":\"https:\/\/dev.eliassen.nl\/nl\/winkel\/\"},{\"@type\":\"ListItem\",\"position\":3,\"name\":\"Sockel\",\"item\":\"https:\/\/dev.eliassen.nl\/de\/sockel\/\"},{\"@type\":\"ListItem\",\"position\":4,\"name\":\"Metallsockel\",\"item\":\"https:\/\/dev.eliassen.nl\/de\/sockel\/metallsockel\/\"},{\"@type\":\"ListItem\",\"position\":5,\"name\":\"Tischset Kato 3-teilig schwarze Platte 45cm\"}]},{\"@type\":\"WebSite\",\"@id\":\"https:\/\/dev.eliassen.nl\/de\/#website\",\"url\":\"https:\/\/dev.eliassen.nl\/de\/\",\"name\":\"Eliassen Home & Garden Pleasure\",\"description\":\"\",\"publisher\":{\"@id\":\"https:\/\/dev.eliassen.nl\/de\/#organization\"},\"alternateName\":\"Eliassen.nl\",\"potentialAction\":[{\"@type\":\"SearchAction\",\"target\":{\"@type\":\"EntryPoint\",\"urlTemplate\":\"https:\/\/dev.eliassen.nl\/de\/?s={search_term_string}\"},\"query-input\":{\"@type\":\"PropertyValueSpecification\",\"valueRequired\":true,\"valueName\":\"search_term_string\"}}],\"inLanguage\":\"de\"},{\"@type\":\"Organization\",\"@id\":\"https:\/\/dev.eliassen.nl\/de\/#organization\",\"name\":\"Eliassen Home & Garden Pleasure\",\"url\":\"https:\/\/dev.eliassen.nl\/de\/\",\"logo\":{\"@type\":\"ImageObject\",\"inLanguage\":\"de\",\"@id\":\"https:\/\/dev.eliassen.nl\/de\/#\/schema\/logo\/image\/\",\"url\":\"https:\/\/www.eliassen.nl\/wp-content\/uploads\/2024\/01\/logo_4nd.jpg\",\"contentUrl\":\"https:\/\/www.eliassen.nl\/wp-content\/uploads\/2024\/01\/logo_4nd.jpg\",\"width\":500,\"height\":500,\"caption\":\"Eliassen Home & Garden Pleasure\"},\"image\":{\"@id\":\"https:\/\/dev.eliassen.nl\/de\/#\/schema\/logo\/image\/\"},\"sameAs\":[\"https:\/\/www.facebook.com\/TuincentrumEliassenAmmerzoden\",\"https:\/\/www.instagram.com\/eliassenhomeandgarden\/\",\"https:\/\/nl.pinterest.com\/eliassenhomeandgarden\/\",\"https:\/\/www.youtube.com\/@eliassenhomegardenpleasure4558\"]}]}<\/script>\n<!-- \/ Yoast SEO plugin. -->","yoast_head_json":{"title":"Tischset Kato, 3-teilig, schwarze Platte","description":"S\u00e4ulen, Pflanzentische, Podeste in allen m\u00f6glichen Materialien: mindestens 120 Modelle, und alle k\u00f6nnen live besichtigt werden. Kommen Sie gerne vorbei!!","robots":{"index":"noindex","follow":"follow","max-snippet":"max-snippet:-1","max-image-preview":"max-image-preview:large","max-video-preview":"max-video-preview:-1"},"og_locale":"de_DE","og_type":"article","og_title":"Tischset Kato, 3-teilig, schwarze Platte","og_description":"S\u00e4ulen, Pflanzentische, Podeste in allen m\u00f6glichen Materialien: mindestens 120 Modelle, und alle k\u00f6nnen live besichtigt werden. Kommen Sie gerne vorbei!!","og_url":"https:\/\/dev.eliassen.nl\/de\/tischset-kato-3-teilig-schwarze-platte-45cm\/","og_site_name":"Eliassen.nl","article_publisher":"https:\/\/www.facebook.com\/TuincentrumEliassenAmmerzoden","article_modified_time":"2024-12-05T14:59:41+00:00","og_image":[{"width":1340,"height":2048,"url":"https:\/\/dev.eliassen.nl\/wp-content\/uploads\/2024\/01\/tafelsetkatozwarteliassennl.jpg","type":"image\/jpeg"}],"twitter_card":"summary_large_image","schema":{"@context":"https:\/\/schema.org","@graph":[{"@type":"WebPage","@id":"https:\/\/dev.eliassen.nl\/de\/tischset-kato-3-teilig-schwarze-platte-45cm\/","url":"https:\/\/dev.eliassen.nl\/de\/tischset-kato-3-teilig-schwarze-platte-45cm\/","name":"Tischset Kato, 3-teilig, schwarze Platte","isPartOf":{"@id":"https:\/\/dev.eliassen.nl\/de\/#website"},"primaryImageOfPage":{"@id":"https:\/\/dev.eliassen.nl\/de\/tischset-kato-3-teilig-schwarze-platte-45cm\/#primaryimage"},"image":{"@id":"https:\/\/dev.eliassen.nl\/de\/tischset-kato-3-teilig-schwarze-platte-45cm\/#primaryimage"},"thumbnailUrl":"https:\/\/dev.eliassen.nl\/wp-content\/uploads\/2024\/01\/tafelsetkatozwarteliassennl.jpg","datePublished":"2022-01-31T10:28:22+00:00","dateModified":"2024-12-05T14:59:41+00:00","description":"S\u00e4ulen, Pflanzentische, Podeste in allen m\u00f6glichen Materialien: mindestens 120 Modelle, und alle k\u00f6nnen live besichtigt werden. Kommen Sie gerne vorbei!!","breadcrumb":{"@id":"https:\/\/dev.eliassen.nl\/de\/tischset-kato-3-teilig-schwarze-platte-45cm\/#breadcrumb"},"inLanguage":"de","potentialAction":[{"@type":"ReadAction","target":["https:\/\/dev.eliassen.nl\/de\/tischset-kato-3-teilig-schwarze-platte-45cm\/"]}]},{"@type":"ImageObject","inLanguage":"de","@id":"https:\/\/dev.eliassen.nl\/de\/tischset-kato-3-teilig-schwarze-platte-45cm\/#primaryimage","url":"https:\/\/dev.eliassen.nl\/wp-content\/uploads\/2024\/01\/tafelsetkatozwarteliassennl.jpg","contentUrl":"https:\/\/dev.eliassen.nl\/wp-content\/uploads\/2024\/01\/tafelsetkatozwarteliassennl.jpg","width":1340,"height":2048,"caption":"tafelset kato zwart eliassen.nl"},{"@type":"BreadcrumbList","@id":"https:\/\/dev.eliassen.nl\/de\/tischset-kato-3-teilig-schwarze-platte-45cm\/#breadcrumb","itemListElement":[{"@type":"ListItem","position":1,"name":"Home","item":"https:\/\/dev.eliassen.nl\/de\/"},{"@type":"ListItem","position":2,"name":"Shop","item":"https:\/\/dev.eliassen.nl\/nl\/winkel\/"},{"@type":"ListItem","position":3,"name":"Sockel","item":"https:\/\/dev.eliassen.nl\/de\/sockel\/"},{"@type":"ListItem","position":4,"name":"Metallsockel","item":"https:\/\/dev.eliassen.nl\/de\/sockel\/metallsockel\/"},{"@type":"ListItem","position":5,"name":"Tischset Kato 3-teilig schwarze Platte 45cm"}]},{"@type":"WebSite","@id":"https:\/\/dev.eliassen.nl\/de\/#website","url":"https:\/\/dev.eliassen.nl\/de\/","name":"Eliassen Home & Garden Pleasure","description":"","publisher":{"@id":"https:\/\/dev.eliassen.nl\/de\/#organization"},"alternateName":"Eliassen.nl","potentialAction":[{"@type":"SearchAction","target":{"@type":"EntryPoint","urlTemplate":"https:\/\/dev.eliassen.nl\/de\/?s={search_term_string}"},"query-input":{"@type":"PropertyValueSpecification","valueRequired":true,"valueName":"search_term_string"}}],"inLanguage":"de"},{"@type":"Organization","@id":"https:\/\/dev.eliassen.nl\/de\/#organization","name":"Eliassen Home & Garden Pleasure","url":"https:\/\/dev.eliassen.nl\/de\/","logo":{"@type":"ImageObject","inLanguage":"de","@id":"https:\/\/dev.eliassen.nl\/de\/#\/schema\/logo\/image\/","url":"https:\/\/www.eliassen.nl\/wp-content\/uploads\/2024\/01\/logo_4nd.jpg","contentUrl":"https:\/\/www.eliassen.nl\/wp-content\/uploads\/2024\/01\/logo_4nd.jpg","width":500,"height":500,"caption":"Eliassen Home & Garden Pleasure"},"image":{"@id":"https:\/\/dev.eliassen.nl\/de\/#\/schema\/logo\/image\/"},"sameAs":["https:\/\/www.facebook.com\/TuincentrumEliassenAmmerzoden","https:\/\/www.instagram.com\/eliassenhomeandgarden\/","https:\/\/nl.pinterest.com\/eliassenhomeandgarden\/","https:\/\/www.youtube.com\/@eliassenhomegardenpleasure4558"]}]}},"df_price":119,"df_sale_price":119,"df_regular_price":129,"df_image_link":"https:\/\/dev.eliassen.nl\/wp-content\/uploads\/2024\/01\/tafelsetkatozwarteliassennl.jpg","image":"https:\/\/dev.eliassen.nl\/wp-content\/uploads\/2024\/01\/tafelsetkatozwarteliassennl.jpg","price_search":"<span class=\"woocommerce-Price-amount amount\"><bdi><span class=\"woocommerce-Price-currencySymbol\">&euro;<\/span>&nbsp;119,00<\/bdi><\/span>","category":"Metallsockel","_links":{"self":[{"href":"https:\/\/dev.eliassen.nl\/de\/wp-json\/wp\/v2\/product\/68515","targetHints":{"allow":["GET"]}}],"collection":[{"href":"https:\/\/dev.eliassen.nl\/de\/wp-json\/wp\/v2\/product"}],"about":[{"href":"https:\/\/dev.eliassen.nl\/de\/wp-json\/wp\/v2\/types\/product"}],"wp:featuredmedia":[{"embeddable":true,"href":"https:\/\/dev.eliassen.nl\/de\/wp-json\/wp\/v2\/media\/68509"}],"wp:attachment":[{"href":"https:\/\/dev.eliassen.nl\/de\/wp-json\/wp\/v2\/media?parent=68515"}],"wp:term":[{"taxonomy":"product_brand","embeddable":true,"href":"https:\/\/dev.eliassen.nl\/de\/wp-json\/wp\/v2\/product_brand?post=68515"},{"taxonomy":"product_cat","embeddable":true,"href":"https:\/\/dev.eliassen.nl\/de\/wp-json\/wp\/v2\/product_cat?post=68515"},{"taxonomy":"product_tag","embeddable":true,"href":"https:\/\/dev.eliassen.nl\/de\/wp-json\/wp\/v2\/product_tag?post=68515"}],"curies":[{"name":"wp","href":"https:\/\/api.w.org\/{rel}","templated":true}]}}