{"id":69100,"date":"2022-02-11T16:30:38","date_gmt":"2022-02-11T15:30:38","guid":{"rendered":"https:\/\/www.eliassen.nl\/?product=metalen-tuinsteker-eend-xxl"},"modified":"2024-12-05T16:00:06","modified_gmt":"2024-12-05T15:00:06","slug":"metall-gartenstecker-ente-xxl","status":"publish","type":"product","link":"https:\/\/dev.eliassen.nl\/de\/metall-gartenstecker-ente-xxl\/","title":{"rendered":"Metall Gartenstecker Ente XXL"},"content":{"rendered":"<p>Dieses St\u00fcck Gartendekoration ist super gro\u00df. Diese gro\u00dfe Ente macht Flugbewegungen mit den Fl\u00fcgeln durch den Wind und Ausgleichsgewichte an Fl\u00fcgeln und Schwanz. Bei starkem Wind fliegt diese Modellente endlos auf einer Seite. Gegengewichte in Form von Metallkugeln. Vollst\u00e4ndig von Hand aus Eisen gefertigt.<br \/>Da es sich um Handarbeit handelt, kann jedes Modell leicht vom Foto abweichen.<\/p>\n<p><strong>Wir haben fast alles aus dieser Serie im Showroom, schauen Sie vorbei.<\/strong><\/p>\n<ul>\n<li>Gr\u00f6\u00dfe 135 x 50 x 100 cm.<\/li>\n<li>Schnell geliefert.<\/li>\n<li>100 % Handarbeit.<\/li>\n<li>1 Jahr Garantie.<\/li>\n<\/ul>\n","protected":false},"excerpt":{"rendered":"<p>Dieses St\u00fcck Gartendekoration ist super gro\u00df. Diese gro\u00dfe Ente macht Flugbewegungen mit den Fl\u00fcgeln durch den Wind und Ausgleichsgewichte an Fl\u00fcgeln und Schwanz. Bei starkem Wind fliegt diese Modellente endlos auf einer Seite. Gegengewichte in Form von Metallkugeln. Vollst\u00e4ndig von Hand aus Eisen gefertigt.Da es sich um Handarbeit handelt, kann jedes Modell leicht vom Foto &hellip;<\/p>\n","protected":false},"featured_media":69097,"template":"","meta":{"_acf_changed":false},"product_brand":[],"product_cat":[659],"product_tag":[],"class_list":{"0":"post-69100","1":"product","2":"type-product","3":"status-publish","4":"has-post-thumbnail","6":"product_cat-dekoration-aus-metall","8":"first","9":"instock","10":"taxable","11":"shipping-taxable","12":"purchasable","13":"product-type-simple"},"acf":[],"yoast_head":"<!-- This site is optimized with the Yoast SEO plugin v23.8 - https:\/\/yoast.com\/wordpress\/plugins\/seo\/ -->\n<title>Metall Gartenstecker Ente XXL<\/title>\n<meta name=\"description\" content=\"M\u00f6chten Sie Metall Gartenstecker Ente XXL kaufen? Eliassen bietet Ihnen eine gro\u00dfe Auswahl an Metallfiguren und Gartenpf\u00e4hlen in einem gro\u00dfen Showroom, onlin...\" \/>\n<meta name=\"robots\" content=\"noindex, follow, max-snippet:-1, max-image-preview:large, max-video-preview:-1\" \/>\n<meta property=\"og:locale\" content=\"de_DE\" \/>\n<meta property=\"og:type\" content=\"article\" \/>\n<meta property=\"og:title\" content=\"Metall Gartenstecker Ente XXL\" \/>\n<meta property=\"og:description\" content=\"M\u00f6chten Sie Metall Gartenstecker Ente XXL kaufen? Eliassen bietet Ihnen eine gro\u00dfe Auswahl an Metallfiguren und Gartenpf\u00e4hlen in einem gro\u00dfen Showroom, onlin...\" \/>\n<meta property=\"og:url\" content=\"https:\/\/dev.eliassen.nl\/de\/metall-gartenstecker-ente-xxl\/\" \/>\n<meta property=\"og:site_name\" content=\"Eliassen.nl\" \/>\n<meta property=\"article:publisher\" content=\"https:\/\/www.facebook.com\/TuincentrumEliassenAmmerzoden\" \/>\n<meta property=\"article:modified_time\" content=\"2024-12-05T15:00:06+00:00\" \/>\n<meta property=\"og:image\" content=\"https:\/\/dev.eliassen.nl\/wp-content\/uploads\/2024\/01\/metalentuinstekereendxxleliassennl.jpg\" \/>\n\t<meta property=\"og:image:width\" content=\"1000\" \/>\n\t<meta property=\"og:image:height\" content=\"750\" \/>\n\t<meta property=\"og:image:type\" content=\"image\/jpeg\" \/>\n<meta name=\"twitter:card\" content=\"summary_large_image\" \/>\n<script type=\"application\/ld+json\" class=\"yoast-schema-graph\">{\"@context\":\"https:\/\/schema.org\",\"@graph\":[{\"@type\":\"WebPage\",\"@id\":\"https:\/\/dev.eliassen.nl\/de\/metall-gartenstecker-ente-xxl\/\",\"url\":\"https:\/\/dev.eliassen.nl\/de\/metall-gartenstecker-ente-xxl\/\",\"name\":\"Metall Gartenstecker Ente XXL\",\"isPartOf\":{\"@id\":\"https:\/\/dev.eliassen.nl\/de\/#website\"},\"primaryImageOfPage\":{\"@id\":\"https:\/\/dev.eliassen.nl\/de\/metall-gartenstecker-ente-xxl\/#primaryimage\"},\"image\":{\"@id\":\"https:\/\/dev.eliassen.nl\/de\/metall-gartenstecker-ente-xxl\/#primaryimage\"},\"thumbnailUrl\":\"https:\/\/dev.eliassen.nl\/wp-content\/uploads\/2024\/01\/metalentuinstekereendxxleliassennl.jpg\",\"datePublished\":\"2022-02-11T15:30:38+00:00\",\"dateModified\":\"2024-12-05T15:00:06+00:00\",\"description\":\"M\u00f6chten Sie Metall Gartenstecker Ente XXL kaufen? Eliassen bietet Ihnen eine gro\u00dfe Auswahl an Metallfiguren und Gartenpf\u00e4hlen in einem gro\u00dfen Showroom, onlin...\",\"breadcrumb\":{\"@id\":\"https:\/\/dev.eliassen.nl\/de\/metall-gartenstecker-ente-xxl\/#breadcrumb\"},\"inLanguage\":\"de\",\"potentialAction\":[{\"@type\":\"ReadAction\",\"target\":[\"https:\/\/dev.eliassen.nl\/de\/metall-gartenstecker-ente-xxl\/\"]}]},{\"@type\":\"ImageObject\",\"inLanguage\":\"de\",\"@id\":\"https:\/\/dev.eliassen.nl\/de\/metall-gartenstecker-ente-xxl\/#primaryimage\",\"url\":\"https:\/\/dev.eliassen.nl\/wp-content\/uploads\/2024\/01\/metalentuinstekereendxxleliassennl.jpg\",\"contentUrl\":\"https:\/\/dev.eliassen.nl\/wp-content\/uploads\/2024\/01\/metalentuinstekereendxxleliassennl.jpg\",\"width\":1000,\"height\":750,\"caption\":\"Metalen tuinsteker eend XXL - Eliassen.nl\"},{\"@type\":\"BreadcrumbList\",\"@id\":\"https:\/\/dev.eliassen.nl\/de\/metall-gartenstecker-ente-xxl\/#breadcrumb\",\"itemListElement\":[{\"@type\":\"ListItem\",\"position\":1,\"name\":\"Home\",\"item\":\"https:\/\/dev.eliassen.nl\/de\/\"},{\"@type\":\"ListItem\",\"position\":2,\"name\":\"Shop\",\"item\":\"https:\/\/dev.eliassen.nl\/nl\/winkel\/\"},{\"@type\":\"ListItem\",\"position\":3,\"name\":\"Dekoration aus Metall\",\"item\":\"https:\/\/dev.eliassen.nl\/de\/dekoration-aus-metall\/\"},{\"@type\":\"ListItem\",\"position\":4,\"name\":\"Metall Gartenstecker Ente XXL\"}]},{\"@type\":\"WebSite\",\"@id\":\"https:\/\/dev.eliassen.nl\/de\/#website\",\"url\":\"https:\/\/dev.eliassen.nl\/de\/\",\"name\":\"Eliassen Home & Garden Pleasure\",\"description\":\"\",\"publisher\":{\"@id\":\"https:\/\/dev.eliassen.nl\/de\/#organization\"},\"alternateName\":\"Eliassen.nl\",\"potentialAction\":[{\"@type\":\"SearchAction\",\"target\":{\"@type\":\"EntryPoint\",\"urlTemplate\":\"https:\/\/dev.eliassen.nl\/de\/?s={search_term_string}\"},\"query-input\":{\"@type\":\"PropertyValueSpecification\",\"valueRequired\":true,\"valueName\":\"search_term_string\"}}],\"inLanguage\":\"de\"},{\"@type\":\"Organization\",\"@id\":\"https:\/\/dev.eliassen.nl\/de\/#organization\",\"name\":\"Eliassen Home & Garden Pleasure\",\"url\":\"https:\/\/dev.eliassen.nl\/de\/\",\"logo\":{\"@type\":\"ImageObject\",\"inLanguage\":\"de\",\"@id\":\"https:\/\/dev.eliassen.nl\/de\/#\/schema\/logo\/image\/\",\"url\":\"https:\/\/www.eliassen.nl\/wp-content\/uploads\/2024\/01\/logo_4nd.jpg\",\"contentUrl\":\"https:\/\/www.eliassen.nl\/wp-content\/uploads\/2024\/01\/logo_4nd.jpg\",\"width\":500,\"height\":500,\"caption\":\"Eliassen Home & Garden Pleasure\"},\"image\":{\"@id\":\"https:\/\/dev.eliassen.nl\/de\/#\/schema\/logo\/image\/\"},\"sameAs\":[\"https:\/\/www.facebook.com\/TuincentrumEliassenAmmerzoden\",\"https:\/\/www.instagram.com\/eliassenhomeandgarden\/\",\"https:\/\/nl.pinterest.com\/eliassenhomeandgarden\/\",\"https:\/\/www.youtube.com\/@eliassenhomegardenpleasure4558\"]}]}<\/script>\n<!-- \/ Yoast SEO plugin. -->","yoast_head_json":{"title":"Metall Gartenstecker Ente XXL","description":"M\u00f6chten Sie Metall Gartenstecker Ente XXL kaufen? Eliassen bietet Ihnen eine gro\u00dfe Auswahl an Metallfiguren und Gartenpf\u00e4hlen in einem gro\u00dfen Showroom, onlin...","robots":{"index":"noindex","follow":"follow","max-snippet":"max-snippet:-1","max-image-preview":"max-image-preview:large","max-video-preview":"max-video-preview:-1"},"og_locale":"de_DE","og_type":"article","og_title":"Metall Gartenstecker Ente XXL","og_description":"M\u00f6chten Sie Metall Gartenstecker Ente XXL kaufen? Eliassen bietet Ihnen eine gro\u00dfe Auswahl an Metallfiguren und Gartenpf\u00e4hlen in einem gro\u00dfen Showroom, onlin...","og_url":"https:\/\/dev.eliassen.nl\/de\/metall-gartenstecker-ente-xxl\/","og_site_name":"Eliassen.nl","article_publisher":"https:\/\/www.facebook.com\/TuincentrumEliassenAmmerzoden","article_modified_time":"2024-12-05T15:00:06+00:00","og_image":[{"width":1000,"height":750,"url":"https:\/\/dev.eliassen.nl\/wp-content\/uploads\/2024\/01\/metalentuinstekereendxxleliassennl.jpg","type":"image\/jpeg"}],"twitter_card":"summary_large_image","schema":{"@context":"https:\/\/schema.org","@graph":[{"@type":"WebPage","@id":"https:\/\/dev.eliassen.nl\/de\/metall-gartenstecker-ente-xxl\/","url":"https:\/\/dev.eliassen.nl\/de\/metall-gartenstecker-ente-xxl\/","name":"Metall Gartenstecker Ente XXL","isPartOf":{"@id":"https:\/\/dev.eliassen.nl\/de\/#website"},"primaryImageOfPage":{"@id":"https:\/\/dev.eliassen.nl\/de\/metall-gartenstecker-ente-xxl\/#primaryimage"},"image":{"@id":"https:\/\/dev.eliassen.nl\/de\/metall-gartenstecker-ente-xxl\/#primaryimage"},"thumbnailUrl":"https:\/\/dev.eliassen.nl\/wp-content\/uploads\/2024\/01\/metalentuinstekereendxxleliassennl.jpg","datePublished":"2022-02-11T15:30:38+00:00","dateModified":"2024-12-05T15:00:06+00:00","description":"M\u00f6chten Sie Metall Gartenstecker Ente XXL kaufen? Eliassen bietet Ihnen eine gro\u00dfe Auswahl an Metallfiguren und Gartenpf\u00e4hlen in einem gro\u00dfen Showroom, onlin...","breadcrumb":{"@id":"https:\/\/dev.eliassen.nl\/de\/metall-gartenstecker-ente-xxl\/#breadcrumb"},"inLanguage":"de","potentialAction":[{"@type":"ReadAction","target":["https:\/\/dev.eliassen.nl\/de\/metall-gartenstecker-ente-xxl\/"]}]},{"@type":"ImageObject","inLanguage":"de","@id":"https:\/\/dev.eliassen.nl\/de\/metall-gartenstecker-ente-xxl\/#primaryimage","url":"https:\/\/dev.eliassen.nl\/wp-content\/uploads\/2024\/01\/metalentuinstekereendxxleliassennl.jpg","contentUrl":"https:\/\/dev.eliassen.nl\/wp-content\/uploads\/2024\/01\/metalentuinstekereendxxleliassennl.jpg","width":1000,"height":750,"caption":"Metalen tuinsteker eend XXL - Eliassen.nl"},{"@type":"BreadcrumbList","@id":"https:\/\/dev.eliassen.nl\/de\/metall-gartenstecker-ente-xxl\/#breadcrumb","itemListElement":[{"@type":"ListItem","position":1,"name":"Home","item":"https:\/\/dev.eliassen.nl\/de\/"},{"@type":"ListItem","position":2,"name":"Shop","item":"https:\/\/dev.eliassen.nl\/nl\/winkel\/"},{"@type":"ListItem","position":3,"name":"Dekoration aus Metall","item":"https:\/\/dev.eliassen.nl\/de\/dekoration-aus-metall\/"},{"@type":"ListItem","position":4,"name":"Metall Gartenstecker Ente XXL"}]},{"@type":"WebSite","@id":"https:\/\/dev.eliassen.nl\/de\/#website","url":"https:\/\/dev.eliassen.nl\/de\/","name":"Eliassen Home & Garden Pleasure","description":"","publisher":{"@id":"https:\/\/dev.eliassen.nl\/de\/#organization"},"alternateName":"Eliassen.nl","potentialAction":[{"@type":"SearchAction","target":{"@type":"EntryPoint","urlTemplate":"https:\/\/dev.eliassen.nl\/de\/?s={search_term_string}"},"query-input":{"@type":"PropertyValueSpecification","valueRequired":true,"valueName":"search_term_string"}}],"inLanguage":"de"},{"@type":"Organization","@id":"https:\/\/dev.eliassen.nl\/de\/#organization","name":"Eliassen Home & Garden Pleasure","url":"https:\/\/dev.eliassen.nl\/de\/","logo":{"@type":"ImageObject","inLanguage":"de","@id":"https:\/\/dev.eliassen.nl\/de\/#\/schema\/logo\/image\/","url":"https:\/\/www.eliassen.nl\/wp-content\/uploads\/2024\/01\/logo_4nd.jpg","contentUrl":"https:\/\/www.eliassen.nl\/wp-content\/uploads\/2024\/01\/logo_4nd.jpg","width":500,"height":500,"caption":"Eliassen Home & Garden Pleasure"},"image":{"@id":"https:\/\/dev.eliassen.nl\/de\/#\/schema\/logo\/image\/"},"sameAs":["https:\/\/www.facebook.com\/TuincentrumEliassenAmmerzoden","https:\/\/www.instagram.com\/eliassenhomeandgarden\/","https:\/\/nl.pinterest.com\/eliassenhomeandgarden\/","https:\/\/www.youtube.com\/@eliassenhomegardenpleasure4558"]}]}},"df_price":149,"df_sale_price":"","df_regular_price":149,"df_image_link":"https:\/\/dev.eliassen.nl\/wp-content\/uploads\/2024\/01\/metalentuinstekereendxxleliassennl.jpg","image":"https:\/\/dev.eliassen.nl\/wp-content\/uploads\/2024\/01\/metalentuinstekereendxxleliassennl.jpg","price_search":"<span class=\"woocommerce-Price-amount amount\"><bdi><span class=\"woocommerce-Price-currencySymbol\">&euro;<\/span>&nbsp;149,00<\/bdi><\/span>","category":"Dekoration aus Metall","_links":{"self":[{"href":"https:\/\/dev.eliassen.nl\/de\/wp-json\/wp\/v2\/product\/69100","targetHints":{"allow":["GET"]}}],"collection":[{"href":"https:\/\/dev.eliassen.nl\/de\/wp-json\/wp\/v2\/product"}],"about":[{"href":"https:\/\/dev.eliassen.nl\/de\/wp-json\/wp\/v2\/types\/product"}],"wp:featuredmedia":[{"embeddable":true,"href":"https:\/\/dev.eliassen.nl\/de\/wp-json\/wp\/v2\/media\/69097"}],"wp:attachment":[{"href":"https:\/\/dev.eliassen.nl\/de\/wp-json\/wp\/v2\/media?parent=69100"}],"wp:term":[{"taxonomy":"product_brand","embeddable":true,"href":"https:\/\/dev.eliassen.nl\/de\/wp-json\/wp\/v2\/product_brand?post=69100"},{"taxonomy":"product_cat","embeddable":true,"href":"https:\/\/dev.eliassen.nl\/de\/wp-json\/wp\/v2\/product_cat?post=69100"},{"taxonomy":"product_tag","embeddable":true,"href":"https:\/\/dev.eliassen.nl\/de\/wp-json\/wp\/v2\/product_tag?post=69100"}],"curies":[{"name":"wp","href":"https:\/\/api.w.org\/{rel}","templated":true}]}}