{"id":69970,"date":"2022-02-17T09:48:39","date_gmt":"2022-02-17T08:48:39","guid":{"rendered":"https:\/\/www.eliassen.nl\/?product=fontein-radia-creme-50cm"},"modified":"2024-12-05T16:00:13","modified_gmt":"2024-12-05T15:00:13","slug":"brunnen-radia-creme-50cm","status":"publish","type":"product","link":"https:\/\/dev.eliassen.nl\/de\/brunnen-radia-creme-50cm\/","title":{"rendered":"Brunnen aus Keramik in Muschelform Radia Creme 50cm"},"content":{"rendered":"<p>Dekorativer Terrassenbrunnen aus Keramik. Keramik ist Ton, der sehr hei\u00df gebrannt wird. Dadurch entsteht ein steinharter und wasserfester \u201eKunststein\u201c, der f\u00fcr verschiedene Zwecke geeignet ist. Die Au\u00dfenseite ist verglast, sodass es immer sch\u00f6n bleibt.<\/p>\n<p>Dieser abstrakte Modellbrunnen hat ein sehr nat\u00fcrliches Design. Mit eigenem Wasserreservoir, kein Graben erforderlich. Lieferung mit Pumpe. Erzeugt dezent einen pl\u00e4tschernden Klang.<\/p>\n<p>Bei Frost Wasser entfernen.<\/p>\n<p><strong>Vergessen Sie nicht, unser Ausstellungsgel\u00e4nde mit 300 Models zu besuchen!<\/strong><\/p>\n<ul>\n<li>Material: Keramik<\/li>\n<li>Farbe: antikes Beige-Creme<\/li>\n<li>Ornamentgr\u00f6\u00dfe: 22 x 42 x 50 cm hoch<\/li>\n<li>Kann ohne Erdarbeiten im Innen- und Au\u00dfenbereich installiert werden<\/li>\n<li>Mit Licht: ja, warmwei\u00dfe LEDs<\/li>\n<li>Pumpe: 250 Liter, Kabell\u00e4nge 10 Meter. Bei Trockenlauf schaltet die Pumpe automatisch ab<\/li>\n<li>1 Jahr Garantie<\/li>\n<li>Schnell geliefert<\/li>\n<li>Kommen Sie gerne vorbei und schauen Sie sich unser Show-Setup mit mindestens 300 Arbeitsmodellen und guter Beratung an.<\/li>\n<\/ul>\n","protected":false},"excerpt":{"rendered":"<p>Ornamentgr\u00f6\u00dfe: 22 x 42 x 50 cm hoch<\/p>\n","protected":false},"featured_media":69958,"template":"","meta":{"_acf_changed":false},"product_brand":[],"product_cat":[596,548,536],"product_tag":[],"class_list":{"0":"post-69970","1":"product","2":"type-product","3":"status-publish","4":"has-post-thumbnail","6":"product_cat-auslass-fuer-wasserspiele","7":"product_cat-terrassenbrunnen","8":"product_cat-wassereigenschaften","10":"first","11":"instock","12":"sale","13":"taxable","14":"shipping-taxable","15":"purchasable","16":"product-type-simple"},"acf":[],"yoast_head":"<!-- This site is optimized with the Yoast SEO plugin v23.8 - https:\/\/yoast.com\/wordpress\/plugins\/seo\/ -->\n<title>Fontein Radia Creme 50cm<\/title>\n<meta name=\"description\" content=\"Een prachtige decoratieve terrasfontein, geschikt voor binnen en buiten. Kleur: beige-creme. Garantie: 1 jaar. Ook LIVE te bekijken in onze showroom!\" \/>\n<meta name=\"robots\" content=\"noindex, follow, max-snippet:-1, max-image-preview:large, max-video-preview:-1\" \/>\n<meta property=\"og:locale\" content=\"de_DE\" \/>\n<meta property=\"og:type\" content=\"article\" \/>\n<meta property=\"og:title\" content=\"Fontein Radia Creme 50cm\" \/>\n<meta property=\"og:description\" content=\"Een prachtige decoratieve terrasfontein, geschikt voor binnen en buiten. Kleur: beige-creme. Garantie: 1 jaar. Ook LIVE te bekijken in onze showroom!\" \/>\n<meta property=\"og:url\" content=\"https:\/\/dev.eliassen.nl\/de\/brunnen-radia-creme-50cm\/\" \/>\n<meta property=\"og:site_name\" content=\"Eliassen.nl\" \/>\n<meta property=\"article:publisher\" content=\"https:\/\/www.facebook.com\/TuincentrumEliassenAmmerzoden\" \/>\n<meta property=\"article:modified_time\" content=\"2024-12-05T15:00:13+00:00\" \/>\n<meta property=\"og:image\" content=\"https:\/\/dev.eliassen.nl\/wp-content\/uploads\/2024\/01\/8929911.jpg\" \/>\n\t<meta property=\"og:image:width\" content=\"900\" \/>\n\t<meta property=\"og:image:height\" content=\"675\" \/>\n\t<meta property=\"og:image:type\" content=\"image\/jpeg\" \/>\n<meta name=\"twitter:card\" content=\"summary_large_image\" \/>\n<script type=\"application\/ld+json\" class=\"yoast-schema-graph\">{\"@context\":\"https:\/\/schema.org\",\"@graph\":[{\"@type\":\"WebPage\",\"@id\":\"https:\/\/dev.eliassen.nl\/de\/brunnen-radia-creme-50cm\/\",\"url\":\"https:\/\/dev.eliassen.nl\/de\/brunnen-radia-creme-50cm\/\",\"name\":\"Fontein Radia Creme 50cm\",\"isPartOf\":{\"@id\":\"https:\/\/dev.eliassen.nl\/de\/#website\"},\"primaryImageOfPage\":{\"@id\":\"https:\/\/dev.eliassen.nl\/de\/brunnen-radia-creme-50cm\/#primaryimage\"},\"image\":{\"@id\":\"https:\/\/dev.eliassen.nl\/de\/brunnen-radia-creme-50cm\/#primaryimage\"},\"thumbnailUrl\":\"https:\/\/dev.eliassen.nl\/wp-content\/uploads\/2024\/01\/8929911.jpg\",\"datePublished\":\"2022-02-17T08:48:39+00:00\",\"dateModified\":\"2024-12-05T15:00:13+00:00\",\"description\":\"Een prachtige decoratieve terrasfontein, geschikt voor binnen en buiten. Kleur: beige-creme. Garantie: 1 jaar. Ook LIVE te bekijken in onze showroom!\",\"breadcrumb\":{\"@id\":\"https:\/\/dev.eliassen.nl\/de\/brunnen-radia-creme-50cm\/#breadcrumb\"},\"inLanguage\":\"de\",\"potentialAction\":[{\"@type\":\"ReadAction\",\"target\":[\"https:\/\/dev.eliassen.nl\/de\/brunnen-radia-creme-50cm\/\"]}]},{\"@type\":\"ImageObject\",\"inLanguage\":\"de\",\"@id\":\"https:\/\/dev.eliassen.nl\/de\/brunnen-radia-creme-50cm\/#primaryimage\",\"url\":\"https:\/\/dev.eliassen.nl\/wp-content\/uploads\/2024\/01\/8929911.jpg\",\"contentUrl\":\"https:\/\/dev.eliassen.nl\/wp-content\/uploads\/2024\/01\/8929911.jpg\",\"width\":900,\"height\":675,\"caption\":\"892991 (1)\"},{\"@type\":\"BreadcrumbList\",\"@id\":\"https:\/\/dev.eliassen.nl\/de\/brunnen-radia-creme-50cm\/#breadcrumb\",\"itemListElement\":[{\"@type\":\"ListItem\",\"position\":1,\"name\":\"Home\",\"item\":\"https:\/\/dev.eliassen.nl\/de\/\"},{\"@type\":\"ListItem\",\"position\":2,\"name\":\"Shop\",\"item\":\"https:\/\/dev.eliassen.nl\/nl\/winkel\/\"},{\"@type\":\"ListItem\",\"position\":3,\"name\":\"Wasserspiele\",\"item\":\"https:\/\/dev.eliassen.nl\/de\/wassereigenschaften\/\"},{\"@type\":\"ListItem\",\"position\":4,\"name\":\"Auslass f\u00fcr Wasserspiele\",\"item\":\"https:\/\/dev.eliassen.nl\/de\/wassereigenschaften\/auslass-fuer-wasserspiele\/\"},{\"@type\":\"ListItem\",\"position\":5,\"name\":\"Brunnen aus Keramik in Muschelform Radia Creme 50cm\"}]},{\"@type\":\"WebSite\",\"@id\":\"https:\/\/dev.eliassen.nl\/de\/#website\",\"url\":\"https:\/\/dev.eliassen.nl\/de\/\",\"name\":\"Eliassen Home & Garden Pleasure\",\"description\":\"\",\"publisher\":{\"@id\":\"https:\/\/dev.eliassen.nl\/de\/#organization\"},\"alternateName\":\"Eliassen.nl\",\"potentialAction\":[{\"@type\":\"SearchAction\",\"target\":{\"@type\":\"EntryPoint\",\"urlTemplate\":\"https:\/\/dev.eliassen.nl\/de\/?s={search_term_string}\"},\"query-input\":{\"@type\":\"PropertyValueSpecification\",\"valueRequired\":true,\"valueName\":\"search_term_string\"}}],\"inLanguage\":\"de\"},{\"@type\":\"Organization\",\"@id\":\"https:\/\/dev.eliassen.nl\/de\/#organization\",\"name\":\"Eliassen Home & Garden Pleasure\",\"url\":\"https:\/\/dev.eliassen.nl\/de\/\",\"logo\":{\"@type\":\"ImageObject\",\"inLanguage\":\"de\",\"@id\":\"https:\/\/dev.eliassen.nl\/de\/#\/schema\/logo\/image\/\",\"url\":\"https:\/\/www.eliassen.nl\/wp-content\/uploads\/2024\/01\/logo_4nd.jpg\",\"contentUrl\":\"https:\/\/www.eliassen.nl\/wp-content\/uploads\/2024\/01\/logo_4nd.jpg\",\"width\":500,\"height\":500,\"caption\":\"Eliassen Home & Garden Pleasure\"},\"image\":{\"@id\":\"https:\/\/dev.eliassen.nl\/de\/#\/schema\/logo\/image\/\"},\"sameAs\":[\"https:\/\/www.facebook.com\/TuincentrumEliassenAmmerzoden\",\"https:\/\/www.instagram.com\/eliassenhomeandgarden\/\",\"https:\/\/nl.pinterest.com\/eliassenhomeandgarden\/\",\"https:\/\/www.youtube.com\/@eliassenhomegardenpleasure4558\"]}]}<\/script>\n<!-- \/ Yoast SEO plugin. -->","yoast_head_json":{"title":"Fontein Radia Creme 50cm","description":"Een prachtige decoratieve terrasfontein, geschikt voor binnen en buiten. Kleur: beige-creme. Garantie: 1 jaar. Ook LIVE te bekijken in onze showroom!","robots":{"index":"noindex","follow":"follow","max-snippet":"max-snippet:-1","max-image-preview":"max-image-preview:large","max-video-preview":"max-video-preview:-1"},"og_locale":"de_DE","og_type":"article","og_title":"Fontein Radia Creme 50cm","og_description":"Een prachtige decoratieve terrasfontein, geschikt voor binnen en buiten. Kleur: beige-creme. Garantie: 1 jaar. Ook LIVE te bekijken in onze showroom!","og_url":"https:\/\/dev.eliassen.nl\/de\/brunnen-radia-creme-50cm\/","og_site_name":"Eliassen.nl","article_publisher":"https:\/\/www.facebook.com\/TuincentrumEliassenAmmerzoden","article_modified_time":"2024-12-05T15:00:13+00:00","og_image":[{"width":900,"height":675,"url":"https:\/\/dev.eliassen.nl\/wp-content\/uploads\/2024\/01\/8929911.jpg","type":"image\/jpeg"}],"twitter_card":"summary_large_image","schema":{"@context":"https:\/\/schema.org","@graph":[{"@type":"WebPage","@id":"https:\/\/dev.eliassen.nl\/de\/brunnen-radia-creme-50cm\/","url":"https:\/\/dev.eliassen.nl\/de\/brunnen-radia-creme-50cm\/","name":"Fontein Radia Creme 50cm","isPartOf":{"@id":"https:\/\/dev.eliassen.nl\/de\/#website"},"primaryImageOfPage":{"@id":"https:\/\/dev.eliassen.nl\/de\/brunnen-radia-creme-50cm\/#primaryimage"},"image":{"@id":"https:\/\/dev.eliassen.nl\/de\/brunnen-radia-creme-50cm\/#primaryimage"},"thumbnailUrl":"https:\/\/dev.eliassen.nl\/wp-content\/uploads\/2024\/01\/8929911.jpg","datePublished":"2022-02-17T08:48:39+00:00","dateModified":"2024-12-05T15:00:13+00:00","description":"Een prachtige decoratieve terrasfontein, geschikt voor binnen en buiten. Kleur: beige-creme. Garantie: 1 jaar. Ook LIVE te bekijken in onze showroom!","breadcrumb":{"@id":"https:\/\/dev.eliassen.nl\/de\/brunnen-radia-creme-50cm\/#breadcrumb"},"inLanguage":"de","potentialAction":[{"@type":"ReadAction","target":["https:\/\/dev.eliassen.nl\/de\/brunnen-radia-creme-50cm\/"]}]},{"@type":"ImageObject","inLanguage":"de","@id":"https:\/\/dev.eliassen.nl\/de\/brunnen-radia-creme-50cm\/#primaryimage","url":"https:\/\/dev.eliassen.nl\/wp-content\/uploads\/2024\/01\/8929911.jpg","contentUrl":"https:\/\/dev.eliassen.nl\/wp-content\/uploads\/2024\/01\/8929911.jpg","width":900,"height":675,"caption":"892991 (1)"},{"@type":"BreadcrumbList","@id":"https:\/\/dev.eliassen.nl\/de\/brunnen-radia-creme-50cm\/#breadcrumb","itemListElement":[{"@type":"ListItem","position":1,"name":"Home","item":"https:\/\/dev.eliassen.nl\/de\/"},{"@type":"ListItem","position":2,"name":"Shop","item":"https:\/\/dev.eliassen.nl\/nl\/winkel\/"},{"@type":"ListItem","position":3,"name":"Wasserspiele","item":"https:\/\/dev.eliassen.nl\/de\/wassereigenschaften\/"},{"@type":"ListItem","position":4,"name":"Auslass f\u00fcr Wasserspiele","item":"https:\/\/dev.eliassen.nl\/de\/wassereigenschaften\/auslass-fuer-wasserspiele\/"},{"@type":"ListItem","position":5,"name":"Brunnen aus Keramik in Muschelform Radia Creme 50cm"}]},{"@type":"WebSite","@id":"https:\/\/dev.eliassen.nl\/de\/#website","url":"https:\/\/dev.eliassen.nl\/de\/","name":"Eliassen Home & Garden Pleasure","description":"","publisher":{"@id":"https:\/\/dev.eliassen.nl\/de\/#organization"},"alternateName":"Eliassen.nl","potentialAction":[{"@type":"SearchAction","target":{"@type":"EntryPoint","urlTemplate":"https:\/\/dev.eliassen.nl\/de\/?s={search_term_string}"},"query-input":{"@type":"PropertyValueSpecification","valueRequired":true,"valueName":"search_term_string"}}],"inLanguage":"de"},{"@type":"Organization","@id":"https:\/\/dev.eliassen.nl\/de\/#organization","name":"Eliassen Home & Garden Pleasure","url":"https:\/\/dev.eliassen.nl\/de\/","logo":{"@type":"ImageObject","inLanguage":"de","@id":"https:\/\/dev.eliassen.nl\/de\/#\/schema\/logo\/image\/","url":"https:\/\/www.eliassen.nl\/wp-content\/uploads\/2024\/01\/logo_4nd.jpg","contentUrl":"https:\/\/www.eliassen.nl\/wp-content\/uploads\/2024\/01\/logo_4nd.jpg","width":500,"height":500,"caption":"Eliassen Home & Garden Pleasure"},"image":{"@id":"https:\/\/dev.eliassen.nl\/de\/#\/schema\/logo\/image\/"},"sameAs":["https:\/\/www.facebook.com\/TuincentrumEliassenAmmerzoden","https:\/\/www.instagram.com\/eliassenhomeandgarden\/","https:\/\/nl.pinterest.com\/eliassenhomeandgarden\/","https:\/\/www.youtube.com\/@eliassenhomegardenpleasure4558"]}]}},"df_price":89,"df_sale_price":89,"df_regular_price":159,"df_image_link":"https:\/\/dev.eliassen.nl\/wp-content\/uploads\/2024\/01\/8929911.jpg","image":"https:\/\/dev.eliassen.nl\/wp-content\/uploads\/2024\/01\/8929911.jpg","price_search":"<span class=\"woocommerce-Price-amount amount\"><bdi><span class=\"woocommerce-Price-currencySymbol\">&euro;<\/span>&nbsp;89,00<\/bdi><\/span>","category":"Auslass f\u00fcr Wasserspiele","_links":{"self":[{"href":"https:\/\/dev.eliassen.nl\/de\/wp-json\/wp\/v2\/product\/69970","targetHints":{"allow":["GET"]}}],"collection":[{"href":"https:\/\/dev.eliassen.nl\/de\/wp-json\/wp\/v2\/product"}],"about":[{"href":"https:\/\/dev.eliassen.nl\/de\/wp-json\/wp\/v2\/types\/product"}],"wp:featuredmedia":[{"embeddable":true,"href":"https:\/\/dev.eliassen.nl\/de\/wp-json\/wp\/v2\/media\/69958"}],"wp:attachment":[{"href":"https:\/\/dev.eliassen.nl\/de\/wp-json\/wp\/v2\/media?parent=69970"}],"wp:term":[{"taxonomy":"product_brand","embeddable":true,"href":"https:\/\/dev.eliassen.nl\/de\/wp-json\/wp\/v2\/product_brand?post=69970"},{"taxonomy":"product_cat","embeddable":true,"href":"https:\/\/dev.eliassen.nl\/de\/wp-json\/wp\/v2\/product_cat?post=69970"},{"taxonomy":"product_tag","embeddable":true,"href":"https:\/\/dev.eliassen.nl\/de\/wp-json\/wp\/v2\/product_tag?post=69970"}],"curies":[{"name":"wp","href":"https:\/\/api.w.org\/{rel}","templated":true}]}}